{"id":4719,"date":"2019-03-15T17:08:58","date_gmt":"2019-03-15T15:08:58","guid":{"rendered":"https:\/\/teamdeck.io\/?page_id=4719"},"modified":"2022-04-25T15:00:40","modified_gmt":"2022-04-25T13:00:40","slug":"utilization-report-template","status":"publish","type":"page","link":"https:\/\/teamdeck.io\/lt\/funkcijos\/ataskaitu-teikimas\/panaudojimo-ataskaitos-sablonas\/","title":{"rendered":"M\u0117nesio panaudojimo ataskaitos \u0161ablonas"},"content":{"rendered":"<div data-vc-full-width=\"true\" data-vc-full-width-init=\"false\" class=\"vc_row wpb_row vc_row-fluid redl-row-section vc_custom_1551262861481 vc_row-has-fill vc_row-o-content-middle vc_row-flex padding-default bgv-default bgh-default halign-center\"><div class=\"wpb_column vc_column_container text-left vc_col-sm-12 padding-default bgv-default bgh-default halign-center\"><div class=\"vc_column-inner\"><div class=\"wpb_wrapper\">\n\t<div class=\"wpb_text_column wpb_content_element\" >\n\t\t<div class=\"wpb_wrapper\">\n\t\t\t<h1 style=\"text-align: center;\">M\u0117nesio panaudojimo ataskaitos \u0161ablonas<\/h1>\n\n\t\t<\/div>\n\t<\/div>\n<\/div><\/div><\/div><\/div><div class=\"vc_row-full-width vc_clearfix\"><\/div><div class=\"vc_row wpb_row vc_row-fluid redl-row-section padding-default bgv-default bgh-default halign-default\"><div class=\"wpb_column vc_column_container text-center vc_col-sm-12 padding-default bgv-default bgh-default halign-default\"><div class=\"vc_column-inner\"><div class=\"wpb_wrapper\">\n\t<div  class=\"wpb_single_image wpb_content_element vc_align_center\">\n\t\t\n\t\t<figure class=\"wpb_wrapper vc_figure\">\n\t\t\t<div class=\"vc_single_image-wrapper   vc_box_border_grey\"><img loading=\"lazy\" decoding=\"async\" width=\"2400\" height=\"874\" src=\"https:\/\/cdn.teamdeck.io\/uploads\/website\/2022\/03\/02200010\/Utilization-report.jpeg\" class=\"vc_single_image-img attachment-full\" alt=\"Internetin\u0117 darbo laiko apskaitos \u017einiara\u0161\u010dio programin\u0117 \u012franga su panaudojimo ataskaitos \u0161ablonu\" \/><\/div>\n\t\t<\/figure>\n\t<\/div>\n<\/div><\/div><\/div><\/div><div class=\"vc_row wpb_row vc_row-fluid redl-row-section padding-medium bgv-default bgh-default halign-default\"><div class=\"wpb_column vc_column_container text-center vc_col-sm-12 padding-default bgv-default bgh-default halign-default\"><div class=\"vc_column-inner\"><div class=\"wpb_wrapper\">\n\t<div class=\"wpb_text_column wpb_content_element\" >\n\t\t<div class=\"wpb_wrapper\">\n\t\t\t<p><span style=\"font-size: 18px;\">Komandos panaudojimo ataskaita - tai paprastas b\u016bdas vizualizuoti komandos darbo kr\u016bv\u012f per tam tikr\u0105 laikotarp\u012f.\u00a0<\/span><\/p>\n<p><span style=\"font-size: 18px;\">\"Teamdeck\" komandos panaudojimo ataskaitos \u0161ablon\u0105 sudaro 3 skyriai:<\/span><\/p>\n\n\t\t<\/div>\n\t<\/div>\n<\/div><\/div><\/div><\/div><div class=\"vc_row wpb_row vc_row-fluid redl-row-section padding-default bgv-default bgh-default halign-default\"><div class=\"wpb_column vc_column_container text-left vc_col-sm-12 padding-default bgv-default bgh-default halign-default\"><div class=\"vc_column-inner\"><div class=\"wpb_wrapper\">\n\t<div class=\"wpb_text_column wpb_content_element\" >\n\t\t<div class=\"wpb_wrapper\">\n\t\t\t\n\t\t<\/div>\n\t<\/div>\n<\/div><\/div><\/div><\/div><div data-vc-full-width=\"true\" data-vc-full-width-init=\"false\" class=\"vc_row wpb_row vc_row-fluid redl-row-section feature-row vc_custom_1504100630814 vc_row-o-equal-height vc_row-o-content-middle vc_row-flex padding-medium bgv-default bgh-default halign-center\"><div class=\"feature-image wpb_column vc_column_container text-left vc_col-sm-7 vc_col-lg-6 vc_col-md-7 padding-default bgv-default bgh-default halign-default\"><div class=\"vc_column-inner\"><div class=\"wpb_wrapper\">\n\t<div class=\"wpb_text_column wpb_content_element\" >\n\t\t<div class=\"wpb_wrapper\">\n\t\t\t<p><img loading=\"lazy\" decoding=\"async\" class=\"alignnone wp-image-4806\" src=\"https:\/\/cdn.teamdeck.io\/uploads\/website\/2019\/03\/15114123\/Screen-Shot-2019-03-15-at-10.34.47-e1555411621610.png\" alt=\"Komandos nari\u0173 vir\u0161valand\u017eiai\" width=\"500\" height=\"359\" srcset=\"https:\/\/cdn.teamdeck.io\/uploads\/website\/2019\/03\/15114123\/Screen-Shot-2019-03-15-at-10.34.47-e1555411621610.png 990w, https:\/\/cdn.teamdeck.io\/uploads\/website\/2019\/03\/15114123\/Screen-Shot-2019-03-15-at-10.34.47-e1555411621610-300x215.png 300w, https:\/\/cdn.teamdeck.io\/uploads\/website\/2019\/03\/15114123\/Screen-Shot-2019-03-15-at-10.34.47-e1555411621610-768x551.png 768w, https:\/\/cdn.teamdeck.io\/uploads\/website\/2019\/03\/15114123\/Screen-Shot-2019-03-15-at-10.34.47-e1555411621610-960x688.png 960w\" sizes=\"auto, (max-width: 500px) 100vw, 500px\" \/><\/p>\n\n\t\t<\/div>\n\t<\/div>\n<\/div><\/div><\/div><div class=\"feature-info wpb_column vc_column_container text-left vc_col-sm-5 vc_col-lg-4 padding-small bgv-default bgh-default halign-default\"><div class=\"vc_column-inner\"><div class=\"wpb_wrapper\">\n\t<div class=\"wpb_text_column wpb_content_element\" >\n\t\t<div class=\"wpb_wrapper\">\n\t\t\t<p><strong><span class=\"text-title\">Vir\u0161valand\u017eiai<\/span><\/strong><\/p>\n<p>Stulpelin\u0117 diagrama, kurioje vizualizuojami komandos nari\u0173 vir\u0161valand\u017eiai. Jis apskai\u010diuojamas pagal j\u016bs\u0173 komandos nari\u0173 u\u017eimtum\u0105, u\u017esakymus ir darbo laiko apskaitos \u017einiara\u0161\u010dius. Labiausiai pervarg\u0119 darbuotojai pateikiami diagramos vir\u0161uje.<\/p>\n\n\t\t<\/div>\n\t<\/div>\n<\/div><\/div><\/div><\/div><div class=\"vc_row-full-width vc_clearfix\"><\/div><div data-vc-full-width=\"true\" data-vc-full-width-init=\"false\" class=\"vc_row wpb_row vc_row-fluid redl-row-section feature-row vc_custom_1504100661321 vc_row-o-equal-height vc_row-o-content-middle vc_row-flex padding-medium bgv-default bgh-default halign-center\"><div class=\"feature-info wpb_column vc_column_container text-left vc_col-sm-5 vc_col-lg-4 padding-small bgv-default bgh-default halign-default\"><div class=\"vc_column-inner\"><div class=\"wpb_wrapper\">\n\t<div class=\"wpb_text_column wpb_content_element\" >\n\t\t<div class=\"wpb_wrapper\">\n\t\t\t<h2><span class=\"text-title\">Komand\u0173 panaudojimo lentel\u0117<\/span><\/h2>\n<p>\u010cia gilinasi \u012f j\u016bs\u0173 komandos darbo kr\u016bvio duomenis. Galite matyti kiekvieno komandos nario planuotas ir faktines valandas, j\u0173 u\u017eimtum\u0105 (u\u017eimtumas ir planuotas darbas) ir vir\u0161valand\u017eius.<\/p>\n\n\t\t<\/div>\n\t<\/div>\n<\/div><\/div><\/div><div class=\"feature-image wpb_column vc_column_container text-left vc_col-sm-7 vc_col-lg-6 padding-default bgv-default bgh-default halign-default\"><div class=\"vc_column-inner\"><div class=\"wpb_wrapper\">\n\t<div class=\"wpb_text_column wpb_content_element\" >\n\t\t<div class=\"wpb_wrapper\">\n\t\t\t<p><img loading=\"lazy\" decoding=\"async\" class=\"alignnone wp-image-4805\" src=\"https:\/\/cdn.teamdeck.io\/uploads\/website\/2019\/03\/15114121\/Screen-Shot-2019-03-15-at-10.37.50-e1555411641612.png\" alt=\"Komandos panaudojimo ataskaita\" width=\"500\" height=\"318\" srcset=\"https:\/\/cdn.teamdeck.io\/uploads\/website\/2019\/03\/15114121\/Screen-Shot-2019-03-15-at-10.37.50-e1555411641612.png 1140w, https:\/\/cdn.teamdeck.io\/uploads\/website\/2019\/03\/15114121\/Screen-Shot-2019-03-15-at-10.37.50-e1555411641612-300x191.png 300w, https:\/\/cdn.teamdeck.io\/uploads\/website\/2019\/03\/15114121\/Screen-Shot-2019-03-15-at-10.37.50-e1555411641612-768x489.png 768w, https:\/\/cdn.teamdeck.io\/uploads\/website\/2019\/03\/15114121\/Screen-Shot-2019-03-15-at-10.37.50-e1555411641612-960x611.png 960w\" sizes=\"auto, (max-width: 500px) 100vw, 500px\" \/><\/p>\n\n\t\t<\/div>\n\t<\/div>\n<\/div><\/div><\/div><\/div><div class=\"vc_row-full-width vc_clearfix\"><\/div><div data-vc-full-width=\"true\" data-vc-full-width-init=\"false\" class=\"vc_row wpb_row vc_row-fluid redl-row-section feature-row vc_custom_1504100640393 vc_row-o-equal-height vc_row-o-content-middle vc_row-flex padding-medium bgv-default bgh-default halign-center\"><div class=\"feature-image wpb_column vc_column_container text-left vc_col-sm-7 vc_col-lg-6 padding-default bgv-default bgh-default halign-default\"><div class=\"vc_column-inner\"><div class=\"wpb_wrapper\">\n\t<div class=\"wpb_text_column wpb_content_element\" >\n\t\t<div class=\"wpb_wrapper\">\n\t\t\t<p><img loading=\"lazy\" decoding=\"async\" class=\"alignnone wp-image-4808\" src=\"https:\/\/cdn.teamdeck.io\/uploads\/website\/2019\/03\/15114901\/Screen-Shot-2019-03-15-at-10.48.20-e1555411593950.png\" alt=\"Darbo kr\u016bvio grafikas\" width=\"500\" height=\"323\" srcset=\"https:\/\/cdn.teamdeck.io\/uploads\/website\/2019\/03\/15114901\/Screen-Shot-2019-03-15-at-10.48.20-e1555411593950.png 1296w, https:\/\/cdn.teamdeck.io\/uploads\/website\/2019\/03\/15114901\/Screen-Shot-2019-03-15-at-10.48.20-e1555411593950-300x194.png 300w, https:\/\/cdn.teamdeck.io\/uploads\/website\/2019\/03\/15114901\/Screen-Shot-2019-03-15-at-10.48.20-e1555411593950-768x495.png 768w, https:\/\/cdn.teamdeck.io\/uploads\/website\/2019\/03\/15114901\/Screen-Shot-2019-03-15-at-10.48.20-e1555411593950-960x619.png 960w\" sizes=\"auto, (max-width: 500px) 100vw, 500px\" \/><\/p>\n\n\t\t<\/div>\n\t<\/div>\n<\/div><\/div><\/div><div class=\"feature-info wpb_column vc_column_container text-left vc_col-sm-5 vc_col-lg-4 padding-small bgv-default bgh-default halign-default\"><div class=\"vc_column-inner\"><div class=\"wpb_wrapper\">\n\t<div class=\"wpb_text_column wpb_content_element\" >\n\t\t<div class=\"wpb_wrapper\">\n\t\t\t<p><span class=\"text-title\">Darbo kr\u016bvio grafikas<\/span><\/p>\n<p>\u0160i laiko juosta praver\u010dia tokiomis kebliomis aplinkyb\u0117mis, kai reikia i\u0161analizuoti, kada ir kaip sutriko planai. Diagramoje pavaizduotas bendras planuot\u0173 ir faktini\u0173 valand\u0173 kiekis, tod\u0117l galite tiksliai nustatyti moment\u0105, kai u\u017efiksuotas dirbtas laikas vir\u0161ijo s\u0105matas.<\/p>\n\n\t\t<\/div>\n\t<\/div>\n<\/div><\/div><\/div><\/div><div class=\"vc_row-full-width vc_clearfix\"><\/div><div class=\"vc_row wpb_row vc_row-fluid redl-row-section padding-default bgv-default bgh-default halign-default\"><div class=\"wpb_column vc_column_container text-left vc_col-sm-12 padding-default bgv-default bgh-default halign-default\"><div class=\"vc_column-inner\"><div class=\"wpb_wrapper\">\n\t<div class=\"wpb_text_column wpb_content_element\" >\n\t\t<div class=\"wpb_wrapper\">\n\t\t\t\n\t\t<\/div>\n\t<\/div>\n<\/div><\/div><\/div><\/div><div class=\"vc_row wpb_row vc_row-fluid redl-row-section vc_custom_1551186799735 padding-small bgv-default bgh-default halign-center\"><div class=\"wpb_column vc_column_container text-left vc_col-sm-12 padding-default bgv-default bgh-default halign-default\"><div class=\"vc_column-inner\"><div class=\"wpb_wrapper\">\n\t<div class=\"wpb_text_column wpb_content_element\" >\n\t\t<div class=\"wpb_wrapper\">\n\t\t\t<p><span style=\"font-size: 18px;\"><strong>Kiekvien\u0105 \"Teamdeck\" ataskaitos \u0161ablon\u0105 galima pritaikyti.<\/strong> Tai rei\u0161kia, kad galite ne tik keisti esam\u0173 element\u0173 etiketes ir formules, bet ir prid\u0117ti nauj\u0173 lenteli\u0173 ar diagram\u0173, k\u0105 tik rasite naudingo. \u017di\u016br\u0117kite m\u0117nesio i\u0161tekli\u0173 naudojimo ataskaitos pavyzd\u012f <a href=\"https:\/\/app.teamdeck.io\/reports\/0914b91ffbf1444c1e03a8a713e166e75c87ac4fe15485c87ac4fe15f3\">\u010dia<\/a>.<\/span><\/p>\n\n\t\t<\/div>\n\t<\/div>\n<div class=\"vc_empty_space\"   style=\"height: 32px\" ><span class=\"vc_empty_space_inner\"><\/span><\/div>\n<\/div><\/div><\/div><\/div><div data-vc-full-width=\"true\" data-vc-full-width-init=\"false\" class=\"vc_row wpb_row vc_row-fluid redl-row-section footer-message-row vc_custom_1502964176474 vc_row-has-fill vc_row-o-equal-height vc_row-flex padding-medium bgv-default bgh-default halign-default\"><div class=\"wpb_column vc_column_container text-center vc_col-sm-12 vc_col-lg-8 vc_col-md-9 padding-default bgv-default bgh-default halign-center\"><div class=\"vc_column-inner\"><div class=\"wpb_wrapper\">\n\t<div class=\"wpb_text_column wpb_content_element\" >\n\t\t<div class=\"wpb_wrapper\">\n\t\t\t<p style=\"text-align: center;\"><span class=\"message\">Ar esate pasiruo\u0161\u0119 labiau vadovautis duomenimis? Gaukite i\u0161sami\u0105 i\u0161tekli\u0173 planavimo programin\u0119 \u012frang\u0105<\/span><\/p>\n\n\t\t<\/div>\n\t<\/div>\n<a class=\"redl-btn  redl-btn-border redl-btn-two  redl-btn-medium redl-btn-69dbe529c5f07 btn-hover-one btn-icon-left signup-bottom\" href=\"https:\/\/app.teamdeck.io\/register?utm_source=reports\" target=\"_blank\">Gaukite 30 dien\u0173 NEMOKAM\u0104 bandom\u0105j\u0105 versij\u0105<\/a><div class=\"vc_empty_space\"   style=\"height: 32px\" ><span class=\"vc_empty_space_inner\"><\/span><\/div>\n\n\t<div class=\"wpb_text_column wpb_content_element\" >\n\t\t<div class=\"wpb_wrapper\">\n\t\t\t<p><span style=\"font-size: 18px;\">Eikite \u012f \"Teamdeck\" skyri\u0173 \"Ataskaitos\" ir pasirinkite <strong>Komandos panaudojimo ataskaita<\/strong> i\u0161 galim\u0173 nauj\u0173 ataskait\u0173 \u0161ablon\u0173 s\u0105ra\u0161o.<\/span><\/p>\n\n\t\t<\/div>\n\t<\/div>\n<\/div><\/div><\/div><\/div><div class=\"vc_row-full-width vc_clearfix\"><\/div>","protected":false},"excerpt":{"rendered":"M\u0117nesio panaudojimo ataskaitos \u0161ablonas Komandos panaudojimo ataskaita - tai paprastas b\u016bdas vizualizuoti komandos darbo kr\u016bv\u012f per tam tikr\u0105 laikotarp\u012f.  \"Teamdeck\" komandos panaudojimo ataskaitos \u0161ablon\u0105 sudaro 3 skyriai: Vir\u0161valand\u017eiai Stulpelin\u0117 diagrama, vizualizuojanti...","protected":false},"author":6,"featured_media":0,"parent":4695,"menu_order":0,"comment_status":"closed","ping_status":"closed","template":"","meta":{"footnotes":""},"class_list":["post-4719","page","type-page","status-publish","hentry"],"yoast_head":"<!-- This site is optimized with the Yoast SEO Premium plugin v23.8 (Yoast SEO v24.3) - https:\/\/yoast.com\/wordpress\/plugins\/seo\/ -->\n<title>Utilization Report Template | Teamdeck<\/title>\n<meta name=\"description\" content=\"Team utilization report is a simple way to visualize your team workload in a specific period of time. Learn more about reports in Teamdeck\" \/>\n<meta name=\"robots\" content=\"index, follow, max-snippet:-1, max-image-preview:large, max-video-preview:-1\" \/>\n<link rel=\"canonical\" href=\"https:\/\/teamdeck.io\/lt\/funkcijos\/ataskaitu-teikimas\/panaudojimo-ataskaitos-sablonas\/\" \/>\n<meta property=\"og:locale\" content=\"lt_LT\" \/>\n<meta property=\"og:type\" content=\"article\" \/>\n<meta property=\"og:title\" content=\"Monthly Utilization Report Template\" \/>\n<meta property=\"og:description\" content=\"Team utilization report is a simple way to visualize your team workload in a specific period of time. Learn more about reports in Teamdeck\" \/>\n<meta property=\"og:url\" content=\"https:\/\/teamdeck.io\/lt\/funkcijos\/ataskaitu-teikimas\/panaudojimo-ataskaitos-sablonas\/\" \/>\n<meta property=\"og:site_name\" content=\"Teamdeck\" \/>\n<meta property=\"article:publisher\" content=\"https:\/\/www.facebook.com\/helloteamdeck\" \/>\n<meta property=\"article:modified_time\" content=\"2022-04-25T13:00:40+00:00\" \/>\n<meta property=\"og:image\" content=\"https:\/\/teamdeck.io\/wp-content\/uploads\/2019\/03\/Screen-Shot-2019-03-15-at-10.34.47-e1555411621610.png\" \/>\n<meta name=\"twitter:card\" content=\"summary_large_image\" \/>\n<meta name=\"twitter:site\" content=\"@helloteamdeck\" \/>\n<meta name=\"twitter:label1\" content=\"Est. reading time\" \/>\n\t<meta name=\"twitter:data1\" content=\"3 minutes\" \/>\n<script type=\"application\/ld+json\" class=\"yoast-schema-graph\">{\"@context\":\"https:\/\/schema.org\",\"@graph\":[{\"@type\":\"WebPage\",\"@id\":\"https:\/\/teamdeck.io\/features\/reporting\/utilization-report-template\/\",\"url\":\"https:\/\/teamdeck.io\/features\/reporting\/utilization-report-template\/\",\"name\":\"Utilization Report Template | Teamdeck\",\"isPartOf\":{\"@id\":\"https:\/\/teamdeck.io\/#website\"},\"primaryImageOfPage\":{\"@id\":\"https:\/\/teamdeck.io\/features\/reporting\/utilization-report-template\/#primaryimage\"},\"image\":{\"@id\":\"https:\/\/teamdeck.io\/features\/reporting\/utilization-report-template\/#primaryimage\"},\"thumbnailUrl\":\"https:\/\/teamdeck.io\/wp-content\/uploads\/2019\/03\/Screen-Shot-2019-03-15-at-10.34.47-e1555411621610.png\",\"datePublished\":\"2019-03-15T15:08:58+00:00\",\"dateModified\":\"2022-04-25T13:00:40+00:00\",\"description\":\"Team utilization report is a simple way to visualize your team workload in a specific period of time. Learn more about reports in Teamdeck\",\"breadcrumb\":{\"@id\":\"https:\/\/teamdeck.io\/features\/reporting\/utilization-report-template\/#breadcrumb\"},\"inLanguage\":\"lt-LT\",\"potentialAction\":[{\"@type\":\"ReadAction\",\"target\":[\"https:\/\/teamdeck.io\/features\/reporting\/utilization-report-template\/\"]}]},{\"@type\":\"ImageObject\",\"inLanguage\":\"lt-LT\",\"@id\":\"https:\/\/teamdeck.io\/features\/reporting\/utilization-report-template\/#primaryimage\",\"url\":\"https:\/\/teamdeck.io\/wp-content\/uploads\/2019\/03\/Screen-Shot-2019-03-15-at-10.34.47-e1555411621610.png\",\"contentUrl\":\"https:\/\/teamdeck.io\/wp-content\/uploads\/2019\/03\/Screen-Shot-2019-03-15-at-10.34.47-e1555411621610.png\"},{\"@type\":\"BreadcrumbList\",\"@id\":\"https:\/\/teamdeck.io\/features\/reporting\/utilization-report-template\/#breadcrumb\",\"itemListElement\":[{\"@type\":\"ListItem\",\"position\":1,\"name\":\"Home\",\"item\":\"https:\/\/teamdeck.io\/\"},{\"@type\":\"ListItem\",\"position\":2,\"name\":\"Features\",\"item\":\"https:\/\/teamdeck.io\/features\/\"},{\"@type\":\"ListItem\",\"position\":3,\"name\":\"Custom reporting\",\"item\":\"https:\/\/teamdeck.io\/features\/reporting\/\"},{\"@type\":\"ListItem\",\"position\":4,\"name\":\"Monthly Utilization Report Template\"}]},{\"@type\":\"WebSite\",\"@id\":\"https:\/\/teamdeck.io\/#website\",\"url\":\"https:\/\/teamdeck.io\/\",\"name\":\"Teamdeck\",\"description\":\"resource scheduling + time tracking + leave management\",\"potentialAction\":[{\"@type\":\"SearchAction\",\"target\":{\"@type\":\"EntryPoint\",\"urlTemplate\":\"https:\/\/teamdeck.io\/?s={search_term_string}\"},\"query-input\":{\"@type\":\"PropertyValueSpecification\",\"valueRequired\":true,\"valueName\":\"search_term_string\"}}],\"inLanguage\":\"lt-LT\"}]}<\/script>\n<!-- \/ Yoast SEO Premium plugin. -->","yoast_head_json":{"title":"Utilization Report Template | Teamdeck","description":"Team utilization report is a simple way to visualize your team workload in a specific period of time. Learn more about reports in Teamdeck","robots":{"index":"index","follow":"follow","max-snippet":"max-snippet:-1","max-image-preview":"max-image-preview:large","max-video-preview":"max-video-preview:-1"},"canonical":"https:\/\/teamdeck.io\/lt\/funkcijos\/ataskaitu-teikimas\/panaudojimo-ataskaitos-sablonas\/","og_locale":"lt_LT","og_type":"article","og_title":"Monthly Utilization Report Template","og_description":"Team utilization report is a simple way to visualize your team workload in a specific period of time. Learn more about reports in Teamdeck","og_url":"https:\/\/teamdeck.io\/lt\/funkcijos\/ataskaitu-teikimas\/panaudojimo-ataskaitos-sablonas\/","og_site_name":"Teamdeck","article_publisher":"https:\/\/www.facebook.com\/helloteamdeck","article_modified_time":"2022-04-25T13:00:40+00:00","og_image":[{"url":"https:\/\/teamdeck.io\/wp-content\/uploads\/2019\/03\/Screen-Shot-2019-03-15-at-10.34.47-e1555411621610.png","type":"","width":"","height":""}],"twitter_card":"summary_large_image","twitter_site":"@helloteamdeck","twitter_misc":{"Est. reading time":"3 minutes"},"schema":{"@context":"https:\/\/schema.org","@graph":[{"@type":"WebPage","@id":"https:\/\/teamdeck.io\/features\/reporting\/utilization-report-template\/","url":"https:\/\/teamdeck.io\/features\/reporting\/utilization-report-template\/","name":"Utilization Report Template | Teamdeck","isPartOf":{"@id":"https:\/\/teamdeck.io\/#website"},"primaryImageOfPage":{"@id":"https:\/\/teamdeck.io\/features\/reporting\/utilization-report-template\/#primaryimage"},"image":{"@id":"https:\/\/teamdeck.io\/features\/reporting\/utilization-report-template\/#primaryimage"},"thumbnailUrl":"https:\/\/teamdeck.io\/wp-content\/uploads\/2019\/03\/Screen-Shot-2019-03-15-at-10.34.47-e1555411621610.png","datePublished":"2019-03-15T15:08:58+00:00","dateModified":"2022-04-25T13:00:40+00:00","description":"Team utilization report is a simple way to visualize your team workload in a specific period of time. Learn more about reports in Teamdeck","breadcrumb":{"@id":"https:\/\/teamdeck.io\/features\/reporting\/utilization-report-template\/#breadcrumb"},"inLanguage":"lt-LT","potentialAction":[{"@type":"ReadAction","target":["https:\/\/teamdeck.io\/features\/reporting\/utilization-report-template\/"]}]},{"@type":"ImageObject","inLanguage":"lt-LT","@id":"https:\/\/teamdeck.io\/features\/reporting\/utilization-report-template\/#primaryimage","url":"https:\/\/teamdeck.io\/wp-content\/uploads\/2019\/03\/Screen-Shot-2019-03-15-at-10.34.47-e1555411621610.png","contentUrl":"https:\/\/teamdeck.io\/wp-content\/uploads\/2019\/03\/Screen-Shot-2019-03-15-at-10.34.47-e1555411621610.png"},{"@type":"BreadcrumbList","@id":"https:\/\/teamdeck.io\/features\/reporting\/utilization-report-template\/#breadcrumb","itemListElement":[{"@type":"ListItem","position":1,"name":"Home","item":"https:\/\/teamdeck.io\/"},{"@type":"ListItem","position":2,"name":"Features","item":"https:\/\/teamdeck.io\/features\/"},{"@type":"ListItem","position":3,"name":"Custom reporting","item":"https:\/\/teamdeck.io\/features\/reporting\/"},{"@type":"ListItem","position":4,"name":"Monthly Utilization Report Template"}]},{"@type":"WebSite","@id":"https:\/\/teamdeck.io\/#website","url":"https:\/\/teamdeck.io\/","name":"Teamdeck","description":"resource scheduling + time tracking + leave management","potentialAction":[{"@type":"SearchAction","target":{"@type":"EntryPoint","urlTemplate":"https:\/\/teamdeck.io\/?s={search_term_string}"},"query-input":{"@type":"PropertyValueSpecification","valueRequired":true,"valueName":"search_term_string"}}],"inLanguage":"lt-LT"}]}},"_links":{"self":[{"href":"https:\/\/teamdeck.io\/lt\/wp-json\/wp\/v2\/pages\/4719","targetHints":{"allow":["GET"]}}],"collection":[{"href":"https:\/\/teamdeck.io\/lt\/wp-json\/wp\/v2\/pages"}],"about":[{"href":"https:\/\/teamdeck.io\/lt\/wp-json\/wp\/v2\/types\/page"}],"author":[{"embeddable":true,"href":"https:\/\/teamdeck.io\/lt\/wp-json\/wp\/v2\/users\/6"}],"replies":[{"embeddable":true,"href":"https:\/\/teamdeck.io\/lt\/wp-json\/wp\/v2\/comments?post=4719"}],"version-history":[{"count":26,"href":"https:\/\/teamdeck.io\/lt\/wp-json\/wp\/v2\/pages\/4719\/revisions"}],"predecessor-version":[{"id":10417,"href":"https:\/\/teamdeck.io\/lt\/wp-json\/wp\/v2\/pages\/4719\/revisions\/10417"}],"up":[{"embeddable":true,"href":"https:\/\/teamdeck.io\/lt\/wp-json\/wp\/v2\/pages\/4695"}],"wp:attachment":[{"href":"https:\/\/teamdeck.io\/lt\/wp-json\/wp\/v2\/media?parent=4719"}],"curies":[{"name":"wp","href":"https:\/\/api.w.org\/{rel}","templated":true}]}}