{"id":4033,"date":"2018-07-27T14:42:45","date_gmt":"2018-07-27T12:42:45","guid":{"rendered":"https:\/\/teamdeck.io\/?page_id=4033"},"modified":"2021-12-29T16:01:19","modified_gmt":"2021-12-29T14:01:19","slug":"api-and-integrations","status":"publish","type":"page","link":"https:\/\/teamdeck.io\/lt\/api-ir-integracijos\/","title":{"rendered":"Integracijos"},"content":{"rendered":"<div data-vc-full-width=\"true\" data-vc-full-width-init=\"false\" class=\"vc_row wpb_row vc_row-fluid redl-row-section padding-default bgv-default bgh-default halign-default\"><div class=\"wpb_column vc_column_container text-center vc_col-sm-12 padding-medium bgv-default bgh-default halign-default\"><div class=\"vc_column-inner\"><div class=\"wpb_wrapper\">\n\t<div class=\"wpb_text_column wpb_content_element\" >\n\t\t<div class=\"wpb_wrapper\">\n\t\t\t<h1 style=\"text-align: center;\">Automatizuokite savo darb\u0105 naudodami API ir integracijas<br \/>\n<span class=\"h2\">Sukurti individualius i\u0161tekli\u0173 valdymo procesus<\/span><\/h1>\n\n\t\t<\/div>\n\t<\/div>\n\n\t<div  class=\"wpb_single_image wpb_content_element vc_align_center\">\n\t\t\n\t\t<figure class=\"wpb_wrapper vc_figure\">\n\t\t\t<div class=\"vc_single_image-wrapper   vc_box_border_grey\"><img loading=\"lazy\" decoding=\"async\" width=\"960\" height=\"540\" src=\"https:\/\/cdn.teamdeck.io\/uploads\/website\/2017\/11\/14172642\/teamdeck_resource_allocation-960x540.jpg\" class=\"vc_single_image-img attachment-large\" alt=\"i\u0161tekli\u0173 paskirstymas\" srcset=\"https:\/\/cdn.teamdeck.io\/uploads\/website\/2017\/11\/14172642\/teamdeck_resource_allocation-960x540.jpg 960w, https:\/\/cdn.teamdeck.io\/uploads\/website\/2017\/11\/14172642\/teamdeck_resource_allocation-300x169.jpg 300w, https:\/\/cdn.teamdeck.io\/uploads\/website\/2017\/11\/14172642\/teamdeck_resource_allocation-768x432.jpg 768w\" sizes=\"auto, (max-width: 960px) 100vw, 960px\" \/><\/div>\n\t\t<\/figure>\n\t<\/div>\n<\/div><\/div><\/div><\/div><div class=\"vc_row-full-width vc_clearfix\"><\/div><div data-vc-full-width=\"true\" data-vc-full-width-init=\"false\" class=\"vc_row wpb_row vc_row-fluid redl-row-section padding-default bgv-default bgh-default halign-default\"><div class=\"wpb_column vc_column_container text-center vc_col-sm-12 padding-medium bgv-default bgh-default halign-default\"><div class=\"vc_column-inner vc_custom_1532445559087\"><div class=\"wpb_wrapper\">\n\t<div class=\"wpb_text_column wpb_content_element\" >\n\t\t<div class=\"wpb_wrapper\">\n\t\t\t<p style=\"text-align: center;\"><span class=\"message\">Konfig\u016bruokite savo darbo eig\u0105 naudodami \"Teamdeck\" API<\/span><\/p>\n\n\t\t<\/div>\n\t<\/div>\n<a class=\"redl-btn redl-btn-two  redl-btn-medium redl-btn-69d1bf2070f6c btn-hover-one btn-icon-left Api docs\" href=\"https:\/\/teamdeck.io\/lt\/developers\/api\/\">Nar\u0161ykite API dokumentus<\/a><\/div><\/div><\/div><\/div><div class=\"vc_row-full-width vc_clearfix\"><\/div><div data-vc-full-width=\"true\" data-vc-full-width-init=\"false\" class=\"vc_row wpb_row vc_row-fluid redl-row-section padding-default bgv-default bgh-default halign-default\"><div class=\"wpb_column vc_column_container text-center vc_col-sm-12 padding-medium bgv-default bgh-default halign-default\"><div class=\"vc_column-inner vc_custom_1532444211298\"><div class=\"wpb_wrapper\"><div class=\"vc_empty_space\"   style=\"height: 50px\" ><span class=\"vc_empty_space_inner\"><\/span><\/div>\n\n\t<div class=\"wpb_text_column wpb_content_element\" >\n\t\t<div class=\"wpb_wrapper\">\n\t\t\t<p style=\"text-align: center;\"><span class=\"message\">Integruotos integracijos:<\/span><\/p>\n<p style=\"text-align: center;\">(prieinama verslo plano naudotojams)<\/p>\n\n\t\t<\/div>\n\t<\/div>\n<\/div><\/div><\/div><\/div><div class=\"vc_row-full-width vc_clearfix\"><\/div><div class=\"vc_row wpb_row vc_row-fluid redl-row-section vc_custom_1532445244815 padding-default bgv-default bgh-default halign-default\"><div class=\"wpb_column vc_column_container text-left vc_col-sm-4 padding-default bgv-default bgh-default halign-default\"><div class=\"vc_column-inner\"><div class=\"wpb_wrapper\">\n\t<div  class=\"wpb_single_image wpb_content_element vc_align_center\">\n\t\t\n\t\t<figure class=\"wpb_wrapper vc_figure\">\n\t\t\t<div class=\"vc_single_image-wrapper   vc_box_border_grey\"><img loading=\"lazy\" decoding=\"async\" width=\"75\" height=\"75\" src=\"https:\/\/cdn.teamdeck.io\/uploads\/website\/2018\/07\/25092520\/podio_logo_bw-e1532503785344.png\" class=\"vc_single_image-img attachment-large\" alt=\"\" \/><\/div>\n\t\t<\/figure>\n\t<\/div>\n\n\t<div class=\"wpb_text_column wpb_content_element\" >\n\t\t<div class=\"wpb_wrapper\">\n\t\t\t<p style=\"text-align: center;\"><strong>Podio<\/strong><\/p>\n<p style=\"text-align: center;\"><span style=\"font-weight: 400;\">Integruokite \"Podio\" ir \"Teamdeck\" projektus ir komandos narius.<\/span><\/p>\n\n\t\t<\/div>\n\t<\/div>\n<\/div><\/div><\/div><div class=\"wpb_column vc_column_container text-left vc_col-sm-4 padding-default bgv-default bgh-default halign-default\"><div class=\"vc_column-inner\"><div class=\"wpb_wrapper\">\n\t<div  class=\"wpb_single_image wpb_content_element vc_align_center\">\n\t\t\n\t\t<figure class=\"wpb_wrapper vc_figure\">\n\t\t\t<div class=\"vc_single_image-wrapper   vc_box_border_grey\"><img loading=\"lazy\" decoding=\"async\" width=\"75\" height=\"75\" src=\"https:\/\/cdn.teamdeck.io\/uploads\/website\/2018\/07\/25092519\/cake_hr_logo_mono-e1532503778408.png\" class=\"vc_single_image-img attachment-large\" alt=\"\" \/><\/div>\n\t\t<\/figure>\n\t<\/div>\n\n\t<div class=\"wpb_text_column wpb_content_element\" >\n\t\t<div class=\"wpb_wrapper\">\n\t\t\t<p style=\"text-align: center;\"><strong>\"Sage HR<\/strong><\/p>\n<p style=\"text-align: center;\"><span style=\"font-weight: 400;\">Perkelkite komandos laisvo laiko duomenis i\u0161 \"Sage HR\" \u012f \"Teamdeck\".<\/span><\/p>\n\n\t\t<\/div>\n\t<\/div>\n<\/div><\/div><\/div><div class=\"wpb_column vc_column_container text-left vc_col-sm-4 padding-default bgv-default bgh-default halign-default\"><div class=\"vc_column-inner\"><div class=\"wpb_wrapper\">\n\t<div  class=\"wpb_single_image wpb_content_element vc_align_center\">\n\t\t\n\t\t<figure class=\"wpb_wrapper vc_figure\">\n\t\t\t<div class=\"vc_single_image-wrapper   vc_box_border_grey\"><img loading=\"lazy\" decoding=\"async\" width=\"75\" height=\"75\" src=\"https:\/\/cdn.teamdeck.io\/uploads\/website\/2018\/07\/25092521\/slack_logo_mono-e1532503794194.png\" class=\"vc_single_image-img attachment-large\" alt=\"\" \/><\/div>\n\t\t<\/figure>\n\t<\/div>\n\n\t<div class=\"wpb_text_column wpb_content_element\" >\n\t\t<div class=\"wpb_wrapper\">\n\t\t\t<p style=\"text-align: center;\"><strong>\"Slack\"<\/strong><\/p>\n<p style=\"text-align: center;\">Tvarkykite savo komandos darb\u0105 naudodami m\u0117gstam\u0105 pokalbi\u0173 program\u0117l\u0119. <a href=\"https:\/\/teamdeck.io\/lt\/slack-programa\/\">Skaityti daugiau.<\/a><\/p>\n\n\t\t<\/div>\n\t<\/div>\n<\/div><\/div><\/div><\/div><div class=\"vc_row wpb_row vc_row-fluid redl-row-section footer-message-row vc_row-o-equal-height vc_row-flex padding-medium bgv-default bgh-default halign-default\"><div class=\"wpb_column vc_column_container text-left vc_col-sm-4 padding-default bgv-default bgh-default halign-default\"><div class=\"vc_column-inner\"><div class=\"wpb_wrapper\">\n\t<div  class=\"wpb_single_image wpb_content_element vc_align_center\">\n\t\t\n\t\t<figure class=\"wpb_wrapper vc_figure\">\n\t\t\t<div class=\"vc_single_image-wrapper   vc_box_border_grey\"><img loading=\"lazy\" decoding=\"async\" class=\"vc_single_image-img\" src=\"https:\/\/cdn.teamdeck.io\/uploads\/website\/2021\/12\/29153840\/google_calendar-1-75x75.png\" width=\"75\" height=\"75\" alt=\"google_calendar\" title=\"google_calendar\" \/><\/div>\n\t\t<\/figure>\n\t<\/div>\n\n\t<div class=\"wpb_text_column wpb_content_element\" >\n\t\t<div class=\"wpb_wrapper\">\n\t\t\t<p style=\"text-align: center;\"><strong>\"Google\" kalendorius<\/strong><\/p>\n<p style=\"text-align: center;\">Automati\u0161kai kurkite laiko \u012fra\u0161us pagal \"Google\" kalendoriaus \u012fvykius.<\/p>\n\n\t\t<\/div>\n\t<\/div>\n<\/div><\/div><\/div><div class=\"wpb_column vc_column_container text-center vc_col-sm-4 padding-default bgv-default bgh-default halign-default\"><div class=\"vc_column-inner\"><div class=\"wpb_wrapper\">\n\t<div class=\"wpb_text_column wpb_content_element\" >\n\t\t<div class=\"wpb_wrapper\">\n\t\t\t\n\t<div  class=\"wpb_single_image wpb_content_element vc_align_center\">\n\t\t\n\t\t<figure class=\"wpb_wrapper vc_figure\">\n\t\t\t<div class=\"vc_single_image-wrapper   vc_box_border_grey\"><img loading=\"lazy\" decoding=\"async\" width=\"75\" height=\"75\" src=\"https:\/\/cdn.teamdeck.io\/uploads\/website\/2021\/09\/27132802\/zapier-logo.png\" class=\"vc_single_image-img attachment-large\" alt=\"\" \/><\/div>\n\t\t<\/figure>\n\t<\/div>\n\n<p style=\"text-align: center;\"><strong>\"Zapier\"<\/strong><\/p>\n<p>Naudodami \"Teamdeck Zapier\" program\u0117l\u0119 integruokite \u012fvairi\u0105 programin\u0119 \u012frang\u0105, pavyzd\u017eiui, \"Asana\", \"Bamboo HR\" ir daugel\u012f kit\u0173. Galimyb\u0117 naudotis pagal kvietim\u0105. Jei susidom\u0117jote, pra\u0161ome <a href=\"mailto:contact@teamdeck.io\">susisiekite su mumis<\/a>.<\/p>\n\n\t\t<\/div>\n\t<\/div>\n<\/div><\/div><\/div><\/div><div data-vc-full-width=\"true\" data-vc-full-width-init=\"false\" class=\"vc_row wpb_row vc_row-fluid redl-row-section footer-message-row vc_custom_1502964176474 vc_row-has-fill vc_row-o-equal-height vc_row-flex padding-medium bgv-default bgh-default halign-default\"><div class=\"wpb_column vc_column_container text-center vc_col-sm-12 vc_col-lg-8 vc_col-md-9 padding-default bgv-default bgh-default halign-default\"><div class=\"vc_column-inner\"><div class=\"wpb_wrapper\">\n\t<div class=\"wpb_text_column wpb_content_element\" >\n\t\t<div class=\"wpb_wrapper\">\n\t\t\t<p><span style=\"font-size: 19px;\">Padidinkite komandos produktyvum\u0105 sujungdami \"Teamdeck\" su kitomis program\u0117l\u0117mis.<\/span><\/p>\n\n\t\t<\/div>\n\t<\/div>\n<a class=\"redl-btn  redl-btn-border redl-btn-two  redl-btn-medium redl-btn-69d1bf209aac4 btn-hover-one btn-icon-left signup-api\" href=\"https:\/\/app.teamdeck.io\/register\">Gaukite 30 dien\u0173 NEMOKAM\u0104 bandom\u0105j\u0105 versij\u0105<\/a><\/div><\/div><\/div><\/div><div class=\"vc_row-full-width vc_clearfix\"><\/div>","protected":false},"excerpt":{"rendered":"Automatizuokite savo darb\u0105 naudodami API ir integracijas Kurkite individualius i\u0161tekli\u0173 valdymo procesus Konfig\u016bruokite savo darbo eig\u0105 naudodami \"Teamdeck\" API I\u0161nagrin\u0117kite API dokumentus Integruotos integracijos: (prieinamos verslo plano naudotojams) \"Podio\" Integruokite projektus ir komandos narius tarp \"Podio\"...","protected":false},"author":6,"featured_media":0,"parent":0,"menu_order":0,"comment_status":"closed","ping_status":"closed","template":"","meta":{"footnotes":""},"class_list":["post-4033","page","type-page","status-publish","hentry"],"yoast_head":"<!-- This site is optimized with the Yoast SEO Premium plugin v23.8 (Yoast SEO v24.3) - https:\/\/yoast.com\/wordpress\/plugins\/seo\/ -->\n<title>Integrations - Teamdeck<\/title>\n<meta name=\"description\" content=\"Automate your work with API, integrations, and bots. Create bespoke resource management processes within your organization.\" \/>\n<meta name=\"robots\" content=\"index, follow, max-snippet:-1, max-image-preview:large, max-video-preview:-1\" \/>\n<link rel=\"canonical\" href=\"https:\/\/teamdeck.io\/lt\/api-ir-integracijos\/\" \/>\n<meta property=\"og:locale\" content=\"lt_LT\" \/>\n<meta property=\"og:type\" content=\"article\" \/>\n<meta property=\"og:title\" content=\"Integrations\" \/>\n<meta property=\"og:description\" content=\"Automate your work with API, integrations, and bots. Create bespoke resource management processes within your organization.\" \/>\n<meta property=\"og:url\" content=\"https:\/\/teamdeck.io\/lt\/api-ir-integracijos\/\" \/>\n<meta property=\"og:site_name\" content=\"Teamdeck\" \/>\n<meta property=\"article:publisher\" content=\"https:\/\/www.facebook.com\/helloteamdeck\" \/>\n<meta property=\"article:modified_time\" content=\"2021-12-29T14:01:19+00:00\" \/>\n<meta name=\"twitter:card\" content=\"summary_large_image\" \/>\n<meta name=\"twitter:site\" content=\"@helloteamdeck\" \/>\n<meta name=\"twitter:label1\" content=\"Est. reading time\" \/>\n\t<meta name=\"twitter:data1\" content=\"1 minute\" \/>\n<script type=\"application\/ld+json\" class=\"yoast-schema-graph\">{\"@context\":\"https:\/\/schema.org\",\"@graph\":[{\"@type\":\"WebPage\",\"@id\":\"https:\/\/teamdeck.io\/api-and-integrations\/\",\"url\":\"https:\/\/teamdeck.io\/api-and-integrations\/\",\"name\":\"Integrations - Teamdeck\",\"isPartOf\":{\"@id\":\"https:\/\/teamdeck.io\/#website\"},\"datePublished\":\"2018-07-27T12:42:45+00:00\",\"dateModified\":\"2021-12-29T14:01:19+00:00\",\"description\":\"Automate your work with API, integrations, and bots. Create bespoke resource management processes within your organization.\",\"breadcrumb\":{\"@id\":\"https:\/\/teamdeck.io\/api-and-integrations\/#breadcrumb\"},\"inLanguage\":\"lt-LT\",\"potentialAction\":[{\"@type\":\"ReadAction\",\"target\":[\"https:\/\/teamdeck.io\/api-and-integrations\/\"]}]},{\"@type\":\"BreadcrumbList\",\"@id\":\"https:\/\/teamdeck.io\/api-and-integrations\/#breadcrumb\",\"itemListElement\":[{\"@type\":\"ListItem\",\"position\":1,\"name\":\"Home\",\"item\":\"https:\/\/teamdeck.io\/\"},{\"@type\":\"ListItem\",\"position\":2,\"name\":\"Integrations\"}]},{\"@type\":\"WebSite\",\"@id\":\"https:\/\/teamdeck.io\/#website\",\"url\":\"https:\/\/teamdeck.io\/\",\"name\":\"Teamdeck\",\"description\":\"resource scheduling + time tracking + leave management\",\"potentialAction\":[{\"@type\":\"SearchAction\",\"target\":{\"@type\":\"EntryPoint\",\"urlTemplate\":\"https:\/\/teamdeck.io\/?s={search_term_string}\"},\"query-input\":{\"@type\":\"PropertyValueSpecification\",\"valueRequired\":true,\"valueName\":\"search_term_string\"}}],\"inLanguage\":\"lt-LT\"}]}<\/script>\n<!-- \/ Yoast SEO Premium plugin. -->","yoast_head_json":{"title":"Integrations - Teamdeck","description":"Automate your work with API, integrations, and bots. Create bespoke resource management processes within your organization.","robots":{"index":"index","follow":"follow","max-snippet":"max-snippet:-1","max-image-preview":"max-image-preview:large","max-video-preview":"max-video-preview:-1"},"canonical":"https:\/\/teamdeck.io\/lt\/api-ir-integracijos\/","og_locale":"lt_LT","og_type":"article","og_title":"Integrations","og_description":"Automate your work with API, integrations, and bots. Create bespoke resource management processes within your organization.","og_url":"https:\/\/teamdeck.io\/lt\/api-ir-integracijos\/","og_site_name":"Teamdeck","article_publisher":"https:\/\/www.facebook.com\/helloteamdeck","article_modified_time":"2021-12-29T14:01:19+00:00","twitter_card":"summary_large_image","twitter_site":"@helloteamdeck","twitter_misc":{"Est. reading time":"1 minute"},"schema":{"@context":"https:\/\/schema.org","@graph":[{"@type":"WebPage","@id":"https:\/\/teamdeck.io\/api-and-integrations\/","url":"https:\/\/teamdeck.io\/api-and-integrations\/","name":"Integrations - Teamdeck","isPartOf":{"@id":"https:\/\/teamdeck.io\/#website"},"datePublished":"2018-07-27T12:42:45+00:00","dateModified":"2021-12-29T14:01:19+00:00","description":"Automate your work with API, integrations, and bots. Create bespoke resource management processes within your organization.","breadcrumb":{"@id":"https:\/\/teamdeck.io\/api-and-integrations\/#breadcrumb"},"inLanguage":"lt-LT","potentialAction":[{"@type":"ReadAction","target":["https:\/\/teamdeck.io\/api-and-integrations\/"]}]},{"@type":"BreadcrumbList","@id":"https:\/\/teamdeck.io\/api-and-integrations\/#breadcrumb","itemListElement":[{"@type":"ListItem","position":1,"name":"Home","item":"https:\/\/teamdeck.io\/"},{"@type":"ListItem","position":2,"name":"Integrations"}]},{"@type":"WebSite","@id":"https:\/\/teamdeck.io\/#website","url":"https:\/\/teamdeck.io\/","name":"Teamdeck","description":"resource scheduling + time tracking + leave management","potentialAction":[{"@type":"SearchAction","target":{"@type":"EntryPoint","urlTemplate":"https:\/\/teamdeck.io\/?s={search_term_string}"},"query-input":{"@type":"PropertyValueSpecification","valueRequired":true,"valueName":"search_term_string"}}],"inLanguage":"lt-LT"}]}},"_links":{"self":[{"href":"https:\/\/teamdeck.io\/lt\/wp-json\/wp\/v2\/pages\/4033","targetHints":{"allow":["GET"]}}],"collection":[{"href":"https:\/\/teamdeck.io\/lt\/wp-json\/wp\/v2\/pages"}],"about":[{"href":"https:\/\/teamdeck.io\/lt\/wp-json\/wp\/v2\/types\/page"}],"author":[{"embeddable":true,"href":"https:\/\/teamdeck.io\/lt\/wp-json\/wp\/v2\/users\/6"}],"replies":[{"embeddable":true,"href":"https:\/\/teamdeck.io\/lt\/wp-json\/wp\/v2\/comments?post=4033"}],"version-history":[{"count":53,"href":"https:\/\/teamdeck.io\/lt\/wp-json\/wp\/v2\/pages\/4033\/revisions"}],"predecessor-version":[{"id":8846,"href":"https:\/\/teamdeck.io\/lt\/wp-json\/wp\/v2\/pages\/4033\/revisions\/8846"}],"wp:attachment":[{"href":"https:\/\/teamdeck.io\/lt\/wp-json\/wp\/v2\/media?parent=4033"}],"curies":[{"name":"wp","href":"https:\/\/api.w.org\/{rel}","templated":true}]}}