{"id":2853,"date":"2017-09-07T12:08:23","date_gmt":"2017-09-07T10:08:23","guid":{"rendered":"https:\/\/teamdeck.io\/?page_id=2853"},"modified":"2024-04-08T13:08:17","modified_gmt":"2024-04-08T11:08:17","slug":"privacy-policy","status":"publish","type":"page","link":"https:\/\/teamdeck.io\/lt\/privatumo-politika\/","title":{"rendered":"Privatumo politika"},"content":{"rendered":"<div class=\"vc_row wpb_row vc_row-fluid redl-row-section padding-default bgv-default bgh-default halign-default\"><div class=\"wpb_column vc_column_container text-left vc_col-sm-12 padding-default bgv-default bgh-default halign-default\"><div class=\"vc_column-inner\"><div class=\"wpb_wrapper\"><div class=\"vc_empty_space\"   style=\"height: 32px\" ><span class=\"vc_empty_space_inner\"><\/span><\/div>\n\n\t<div class=\"wpb_text_column wpb_content_element\" >\n\t\t<div class=\"wpb_wrapper\">\n\t\t\t<h1 class=\"ng-scope\" style=\"text-align: center;\">Privatumo politika<\/h1>\n<p class=\"ng-scope\" style=\"text-align: center;\"><small>Paskutin\u012f kart\u0105 atnaujinta: 2024 m. sausio 30 d.<\/small><\/p>\n\n\t\t<\/div>\n\t<\/div>\n<div class=\"vc_empty_space\"   style=\"height: 32px\" ><span class=\"vc_empty_space_inner\"><\/span><\/div>\n\n\t<div class=\"wpb_text_column wpb_content_element\" >\n\t\t<div class=\"wpb_wrapper\">\n\t\t\t<p class=\"ng-scope\">\"Teamdeck\" sp. z o.o. (\"mes\", \"mus\" arba \"m\u016bs\u0173\"), kurios registruota buvein\u0117 yra: Nowowiejskiego 55, 61-734 Poznan\u0117, Lenkija, NIP: 7831750055, REGON: 365865326, \u012fregistruota Poznan\u0117s apygardos teisme - Nowe Miasto I Wilda Poznan\u0117je, Nacionalinio teism\u0173 registro VIII Komercinio skyriaus, \u012fregistruota komerciniame registre (KRS) Nr. 0000646426, valdo interneto svetain\u0119 https:\/\/teamdeck.io (toliau - Paslauga).<\/p>\n<p class=\"ng-scope\">\u0160iame puslapyje informuojame jus apie m\u016bs\u0173 politik\u0105, susijusi\u0105 su Asmenin\u0117s informacijos rinkimu, naudojimu ir atskleidimu, kai naudojat\u0117s m\u016bs\u0173 Paslauga.<\/p>\n<p class=\"ng-scope\">J\u016bs\u0173 informacijos niekam nenaudosime ir ja nesidalinsime, i\u0161skyrus tai, kas apra\u0161yta \u0161ioje privatumo politikoje.<\/p>\n<p class=\"ng-scope\">J\u016bs\u0173 Asmenin\u0119 informacij\u0105 naudojame Paslaugai teikti ir tobulinti. Naudodamiesi Paslauga sutinkate, kad informacija b\u016bt\u0173 renkama ir naudojama pagal \u0161i\u0105 politik\u0105. Jei \u0161ioje privatumo politikoje neapibr\u0117\u017eta kitaip, \u0161ioje privatumo politikoje vartojamos s\u0105vokos turi t\u0105 pa\u010di\u0105 reik\u0161m\u0119 kaip ir m\u016bs\u0173 S\u0105lygose ir nuostatose, kurias galima rasti adresu https:\/\/teamdeck.io.<\/p>\n<p class=\"ng-scope\">\"Teamdeck sp. z o.o.\" yra Lenkijoje \u012fsik\u016brusi \u012fmon\u0117, tod\u0117l ji laikosi Lenkijos \u012fstatym\u0173, ypa\u010d 1997 m. rugpj\u016b\u010dio 29 d. Asmens duomen\u0173 apsaugos \u012fstatymo (\u017din., 1997, Nr. 133, poz. 883, su pakeitimais).<\/p>\n<p class=\"ng-scope\"><strong>\u00a71. Informacijos rinkimas ir naudojimas<\/strong><\/p>\n<p class=\"ng-scope\">Naudodamiesi Paslauga galime papra\u0161yti kliento pateikti mums tam tikr\u0105 asmenin\u0119 informacij\u0105, kuri gali b\u016bti naudojama susisiekti su klientu arba nustatyti jo tapatyb\u0119. Asmen\u012f identifikuojanti informacija gali b\u016bti, be kita ko, kliento el. pa\u0161to adresas, vardas, pavard\u0117, telefono numeris, pa\u0161to adresas (toliau - asmenin\u0117 informacija).<\/p>\n<p class=\"ng-scope\"><strong>\u00a72. \u017durnalo duomenys<\/strong><\/p>\n<p class=\"ng-scope\">1. Taip pat galime rinkti informacij\u0105, kuri\u0105 kliento nar\u0161ykl\u0117 siun\u010dia, kai klientas lankosi m\u016bs\u0173 Paslaugoje (\"\u017durnalo duomenys\"). \u0160ie \u017eurnalo duomenys gali apimti toki\u0105 informacij\u0105, kaip kliento kompiuterio interneto protokolo (IP) adresas, nar\u0161ykl\u0117s tipas, nar\u0161ykl\u0117s versija, kliento aplankyti m\u016bs\u0173 Paslaugos puslapiai, kliento apsilankymo laikas ir data, tuose puslapiuose praleistas laikas ir kita statistika.<\/p>\n<p class=\"ng-scope\">2. Be to, galime naudotis tre\u010di\u0173j\u0173 \u0161ali\u0173 paslaugomis, tokiomis kaip \"Google Analytics\", kurios renka, stebi ir analizuoja tokio pob\u016bd\u017eio informacij\u0105, kad pagerint\u0173 m\u016bs\u0173 Paslaugos funkcionalum\u0105. \u0160ie tre\u010di\u0173j\u0173 \u0161ali\u0173 paslaug\u0173 teik\u0117jai turi savo privatumo politik\u0105, kurioje nurodoma, kaip jie naudoja toki\u0105 informacij\u0105.<\/p>\n<p><strong class=\"ng-scope\">\u00a73. Slapukai<\/strong><\/p>\n<p class=\"ng-scope\">1. Slapukai - tai failai su nedideliu kiekiu duomen\u0173, tarp kuri\u0173 gali b\u016bti anoniminis unikalus identifikatorius. Slapukai siun\u010diami \u012f kliento nar\u0161ykl\u0119 i\u0161 interneto svetain\u0117s ir saugomi kliento kompiuterio kietajame diske.<\/p>\n<p class=\"ng-scope\">2. Informacijai rinkti naudojame slapukus. Klientas gali nurodyti savo nar\u0161yklei atsisakyti vis\u0173 slapuk\u0173 arba nurodyti, kada slapukas siun\u010diamas. Ta\u010diau jei klientas nesutinka su slapukais, jis gali negal\u0117ti naudotis kai kuriomis m\u016bs\u0173 Paslaugos dalimis.<\/p>\n<p class=\"ng-scope\"><strong>\u00a74. Elgsenos pakartotin\u0117 rinkodara<\/strong><\/p>\n<p class=\"ng-scope\">1. Teamdeck sp. z o.o. naudoja pakartotin\u0117s rinkodaros paslaugas, kad gal\u0117t\u0173 reklamuoti tre\u010di\u0173j\u0173 \u0161ali\u0173 interneto svetain\u0117se klientui po to, kai klientas apsilank\u0117 m\u016bs\u0173 Paslaugoje. Mes ir m\u016bs\u0173 tre\u010di\u0173j\u0173 \u0161ali\u0173 pardav\u0117jai naudojame slapukus, kad informuotume, optimizuotume ir rodytume skelbimus pagal ankstesnius kliento apsilankymus m\u016bs\u0173 Paslaugoje.<\/p>\n<ul>\n<li><strong>\"Google\"<\/strong><\/li>\n<\/ul>\n<p style=\"padding-left: 30px;\">\"Google AdWords\" pakartotin\u0117s rinkodaros paslaug\u0105 teikia \"Google Inc.<\/p>\n<p style=\"padding-left: 30px;\">Galite atsisakyti \"Google Analytics\" rodomosios reklamos ir pritaikyti \"Google\" rodomojo tinklo skelbimus apsilank\u0119 \"Google\" skelbim\u0173 nustatym\u0173 puslapyje: http:\/\/www.google.com\/settings\/ads.<\/p>\n<p style=\"padding-left: 30px;\">\"Google\" taip pat rekomenduoja \u012fdiegti \"Google Analytics\" atsisakymo nar\u0161ykl\u0117s pried\u0105 - https:\/\/tools.google.com\/dlpage\/gaoptout - savo \u017einiatinklio nar\u0161ykl\u0117je. \"Google Analytics\" atsisakymo nar\u0161ykl\u0117s papildinys suteikia lankytojams galimyb\u0119 neleisti, kad \"Google Analytics\" rinkt\u0173 ir naudot\u0173 j\u0173 duomenis.<\/p>\n<p style=\"padding-left: 30px;\">Daugiau informacijos apie \"Google\" privatumo praktik\u0105 rasite \"Google\" privatumo ir s\u0105lyg\u0173 tinklalapyje: http:\/\/www.google.com\/intl\/en\/policies\/privacy\/.<\/p>\n<ul>\n<li><strong><strong>\"Facebook\"<\/strong><\/strong><\/li>\n<\/ul>\n<p style=\"padding-left: 30px;\"><strong><strong><br \/>\n<\/strong><\/strong><br \/>\n\"Facebook\" pakartotin\u0117s rinkodaros paslaug\u0105 teikia \"Facebook Inc.<\/p>\n<p style=\"padding-left: 30px;\">Daugiau informacijos apie \"Facebook\" interesais pagr\u012fst\u0105 reklam\u0105 galite su\u017einoti apsilank\u0119 \u0161iame puslapyje: https:\/\/www.facebook.com\/help\/164968693837950.<\/p>\n<p style=\"padding-left: 30px;\">Jei norite atsisakyti \"Facebook\" skelbim\u0173 pagal pom\u0117gius, vadovaukit\u0117s \u0161iomis \"Facebook\" instrukcijomis: https:\/\/www.facebook.com\/about\/ads\/#568137493302217.<\/p>\n<p style=\"padding-left: 30px;\">\"Facebook\" laikosi Skaitmenin\u0117s reklamos aljanso (Digital Advertising Alliance) nustatyt\u0173 interneto elgsenos reklamos savireguliavimo princip\u0173. Taip pat galite atsisakyti \"Facebook\" ir kit\u0173 dalyvaujan\u010di\u0173 bendrovi\u0173 reklamos per Skaitmenin\u0117s reklamos aljans\u0105 JAV http:\/\/www.aboutads.info\/choices\/, Kanados skaitmenin\u0117s reklamos aljans\u0105 Kanadoje http:\/\/youradchoices.ca\/ arba Europos interaktyviosios skaitmenin\u0117s reklamos aljans\u0105 Europoje http:\/\/www.youronlinechoices.eu\/ arba atsisakyti reklamos naudodami savo mobiliojo \u012frenginio nustatymus.<\/p>\n<p style=\"padding-left: 30px;\">Daugiau informacijos apie \"Facebook\" privatumo praktik\u0105 rasite \"Facebook\" duomen\u0173 politikoje: https:\/\/www.facebook.com\/privacy\/explanation.<\/p>\n<p class=\"ng-scope\"><strong>\u00a75. Paslaug\u0173 teik\u0117jai<\/strong><\/p>\n<p class=\"ng-scope\">1. Mes galime samdyti tre\u010di\u0173j\u0173 \u0161ali\u0173 \u012fmones ir asmenis, kad jie palengvint\u0173 m\u016bs\u0173 Paslaugos teikim\u0105, teikt\u0173 Paslaug\u0105 m\u016bs\u0173 vardu, teikt\u0173 su Paslauga susijusias paslaugas arba pad\u0117t\u0173 mums analizuoti, kaip naudojama m\u016bs\u0173 Paslauga.<\/p>\n<p class=\"ng-scope\">2. \u0160ios tre\u010diosios \u0161alys turi prieig\u0105 prie klient\u0173 asmenin\u0117s informacijos tik tam, kad gal\u0117t\u0173 atlikti \u0161ias u\u017eduotis m\u016bs\u0173 vardu, ir yra \u012fpareigotos neatskleisti ir nenaudoti jos jokiais kitais tikslais.<\/p>\n<p class=\"ng-scope\"><strong>\u00a76. Ry\u0161iai<\/strong><\/p>\n<p class=\"ng-scope\">Galime naudoti kliento asmenin\u0119 informacij\u0105, kad susisiektume su klientu, si\u0173sdami jam naujienlai\u0161kius, rinkodaros ar reklamin\u0119 med\u017eiag\u0105 ir kit\u0105 informacij\u0105, kuri gali b\u016bti \u012fdomi klientui. Klientas gali atsisakyti gauti bet kokius ar visus \u0161iuos prane\u0161imus i\u0161 m\u016bs\u0173, pasinaudodamas prenumeratos atsisakymo nuoroda arba instrukcijomis, pateiktomis bet kuriame m\u016bs\u0173 siun\u010diamame el. lai\u0161ke.<\/p>\n<p class=\"ng-scope\"><strong>\u00a77. \u012estatym\u0173 laikymasis<\/strong><\/p>\n<p class=\"ng-scope\">Atskleisime kliento Asmens duomenis, jei to bus reikalaujama pagal \u012fstatym\u0105 ar teismo \u0161aukim\u0105 arba jei manysime, kad tokie veiksmai yra b\u016btini siekiant laikytis \u012fstatym\u0173 ir pagr\u012fst\u0173 teis\u0117saugos institucij\u0173 pra\u0161ym\u0173 arba apsaugoti m\u016bs\u0173 Paslaugos saugum\u0105 ar vientisum\u0105.<\/p>\n<p class=\"ng-scope\"><strong>\u00a78. Verslo sandoriai<\/strong><\/p>\n<p class=\"ng-scope\">Jei \"Teamdeck sp. z o.o.\" dalyvauja susijungime, \u012fsigijime ar turto pardavime, klient\u0173 asmenin\u0117 informacija gali b\u016bti perduota. Prie\u0161 perduodant kliento asmenin\u0119 informacij\u0105 ir pradedant taikyti kit\u0105 privatumo politik\u0105, apie tai informuosime.<\/p>\n<p class=\"ng-scope\"><strong>\u00a79. Saugumas<\/strong><\/p>\n<p class=\"ng-scope\">Mums svarbus klient\u0173 asmenin\u0117s informacijos saugumas, ta\u010diau nepamir\u0161kite, kad joks perdavimo internetu ar elektroninio saugojimo b\u016bdas n\u0117ra saugus. Nors stengiam\u0117s naudoti komerci\u0161kai priimtinas priemones, kad apsaugotume klient\u0173 Asmenin\u0119 informacij\u0105, negalime garantuoti visi\u0161ko jos saugumo.<\/p>\n<p class=\"ng-scope\"><strong>\u00a710.Tarptautinis perdavimas<\/strong><\/p>\n<p class=\"ng-scope\">1. Kliento informacija, \u012fskaitant asmenin\u0119 informacij\u0105, gali b\u016bti perduodama ir saugoma kompiuteriuose, esan\u010diuose u\u017e j\u016bs\u0173 valstyb\u0117s, provincijos, \u0161alies ar kitos valstybin\u0117s jurisdikcijos rib\u0173, kur duomen\u0173 apsaugos \u012fstatymai gali skirtis nuo j\u016bs\u0173 jurisdikcijos \u012fstatym\u0173.<\/p>\n<p class=\"ng-scope\">2. Jei klientas yra ne Lenkijoje ir nusprend\u017eia mums pateikti informacij\u0105, atkreipkite d\u0117mes\u012f, kad informacij\u0105, \u012fskaitant asmenin\u0119 informacij\u0105, perduodame \u012f Lenkij\u0105 ir ten j\u0105 apdorojame.<\/p>\n<p class=\"ng-scope\">3. Kliento sutikimas su \u0161ia privatumo politika, po kurio klientas pateikia toki\u0105 informacij\u0105, rei\u0161kia kliento sutikim\u0105 su tokiu perdavimu ir kliento sutikim\u0105.<\/p>\n<p class=\"ng-scope\"><strong>\u00a711. Nuorodos \u012f kitas svetaines<\/strong><\/p>\n<p class=\"ng-scope\">1. M\u016bs\u0173 Paslaugoje gali b\u016bti nuorod\u0173 \u012f kitas, ne m\u016bs\u0173 valdomas svetaines. Jei klientas paspaus ant tre\u010diosios \u0161alies nuorodos, jis bus nukreiptas \u012f tos tre\u010diosios \u0161alies svetain\u0119. Primygtinai rekomenduojame klientui per\u017ei\u016br\u0117ti kiekvienos svetain\u0117s, kurioje jis lankosi, privatumo politik\u0105.<\/p>\n<p class=\"ng-scope\">2. Mes nekontroliuojame ir neprisiimame jokios atsakomyb\u0117s u\u017e tre\u010di\u0173j\u0173 \u0161ali\u0173 svetaini\u0173 ar paslaug\u0173 turin\u012f, privatumo politik\u0105 ar praktik\u0105.<\/p>\n<p class=\"ng-scope\"><strong>\u00a712. Vaik\u0173 privatumas<\/strong><\/p>\n<p class=\"ng-scope\">1. M\u016bs\u0173 Paslauga n\u0117ra skirta jaunesniems nei 13 met\u0173 asmenims (toliau - vaikai).<\/p>\n<p class=\"ng-scope\">2. Mes s\u0105moningai nerenkame asmenin\u0117s informacijos i\u0161 jaunesni\u0173 nei 13 met\u0173 vaik\u0173. Jei esate vienas i\u0161 t\u0117v\u0173 ar glob\u0117j\u0173 ir \u017einote, kad j\u016bs\u0173 vaikas pateik\u0117 mums asmenin\u0119 informacij\u0105, susisiekite su mumis. Jei su\u017einome, kad surinkome Asmenin\u0119 informacij\u0105 i\u0161 jaunesni\u0173 nei 13 met\u0173 vaik\u0173, nepatikrin\u0119 t\u0117v\u0173 sutikimo, imsim\u0117s priemoni\u0173 pa\u0161alinti \u0161i\u0105 informacij\u0105 i\u0161 savo serveri\u0173.<\/p>\n<p class=\"ng-scope\"><strong>\u00a713. \u0160ios privatumo politikos pakeitimai<\/strong><\/p>\n<p class=\"ng-scope\">1. Kartais galime atnaujinti savo privatumo politik\u0105. Apie bet kokius pakeitimus informuosime klient\u0105 paskelbdami nauj\u0105 privatumo politik\u0105 \u0161iame puslapyje.<\/p>\n<p class=\"ng-scope\">2. Klientui rekomenduojama periodi\u0161kai per\u017ei\u016br\u0117ti \u0161i\u0105 privatumo politik\u0105, kad su\u017einot\u0173 apie bet kokius jos pakeitimus. \u0160ios Privatumo politikos pakeitimai \u012fsigalioja, kai jie paskelbiami \u0161iame puslapyje.<\/p>\n\n\t\t<\/div>\n\t<\/div>\n<div class=\"vc_empty_space\"   style=\"height: 32px\" ><span class=\"vc_empty_space_inner\"><\/span><\/div>\n<\/div><\/div><\/div><\/div>","protected":false},"excerpt":{"rendered":"Privatumo politika Paskutin\u012f kart\u0105 atnaujinta: z o.o. (\"mes\", \"mus\" arba \"m\u016bs\u0173\"), kurios registruota buvein\u0117 yra: Nowowiejskiego 55, 61-734 Poznan\u0117, Lenkija, NIP: 7831750055, REGON: 365865326, \u012fregistruota Poznan\u0117s apylink\u0117s teisme - Nowe...","protected":false},"author":17,"featured_media":0,"parent":0,"menu_order":0,"comment_status":"closed","ping_status":"closed","template":"","meta":{"footnotes":""},"class_list":["post-2853","page","type-page","status-publish","hentry"],"yoast_head":"<!-- This site is optimized with the Yoast SEO Premium plugin v23.8 (Yoast SEO v24.3) - https:\/\/yoast.com\/wordpress\/plugins\/seo\/ -->\n<title>Teamdeck - Privacy Policy<\/title>\n<meta name=\"description\" content=\"Teamdeck cares about your privacy and security of its service. Please, read the following privacy policy carefully.\" \/>\n<meta name=\"robots\" content=\"index, follow, max-snippet:-1, max-image-preview:large, max-video-preview:-1\" \/>\n<link rel=\"canonical\" href=\"https:\/\/teamdeck.io\/lt\/privatumo-politika\/\" \/>\n<meta property=\"og:locale\" content=\"lt_LT\" \/>\n<meta property=\"og:type\" content=\"article\" \/>\n<meta property=\"og:title\" content=\"Teamdeck - Privacy Policy\" \/>\n<meta property=\"og:description\" content=\"Teamdeck cares about your privacy and security of its service. Please, read the following privacy policy carefully.\" \/>\n<meta property=\"og:url\" content=\"https:\/\/teamdeck.io\/lt\/privatumo-politika\/\" \/>\n<meta property=\"og:site_name\" content=\"Teamdeck\" \/>\n<meta property=\"article:publisher\" content=\"https:\/\/www.facebook.com\/helloteamdeck\" \/>\n<meta property=\"article:modified_time\" content=\"2024-04-08T11:08:17+00:00\" \/>\n<meta property=\"og:image\" content=\"https:\/\/cdn.teamdeck.io\/uploads\/website\/2017\/09\/teamdeck-share.png\" \/>\n<meta name=\"twitter:card\" content=\"summary_large_image\" \/>\n<meta name=\"twitter:title\" content=\"Teamdeck - Privacy Policy\" \/>\n<meta name=\"twitter:description\" content=\"Teamdeck cares about your privacy and security of its service. Please, read the following privacy policy carefully.\" \/>\n<meta name=\"twitter:image\" content=\"https:\/\/cdn.teamdeck.io\/uploads\/website\/2017\/09\/teamdeck-share.png\" \/>\n<meta name=\"twitter:site\" content=\"@helloteamdeck\" \/>\n<meta name=\"twitter:label1\" content=\"Est. reading time\" \/>\n\t<meta name=\"twitter:data1\" content=\"6 minutes\" \/>\n<script type=\"application\/ld+json\" class=\"yoast-schema-graph\">{\"@context\":\"https:\/\/schema.org\",\"@graph\":[{\"@type\":\"WebPage\",\"@id\":\"https:\/\/teamdeck.io\/privacy-policy\/\",\"url\":\"https:\/\/teamdeck.io\/privacy-policy\/\",\"name\":\"Teamdeck - Privacy Policy\",\"isPartOf\":{\"@id\":\"https:\/\/teamdeck.io\/#website\"},\"datePublished\":\"2017-09-07T10:08:23+00:00\",\"dateModified\":\"2024-04-08T11:08:17+00:00\",\"description\":\"Teamdeck cares about your privacy and security of its service. Please, read the following privacy policy carefully.\",\"breadcrumb\":{\"@id\":\"https:\/\/teamdeck.io\/privacy-policy\/#breadcrumb\"},\"inLanguage\":\"lt-LT\",\"potentialAction\":[{\"@type\":\"ReadAction\",\"target\":[\"https:\/\/teamdeck.io\/privacy-policy\/\"]}]},{\"@type\":\"BreadcrumbList\",\"@id\":\"https:\/\/teamdeck.io\/privacy-policy\/#breadcrumb\",\"itemListElement\":[{\"@type\":\"ListItem\",\"position\":1,\"name\":\"Home\",\"item\":\"https:\/\/teamdeck.io\/\"},{\"@type\":\"ListItem\",\"position\":2,\"name\":\"Privacy Policy\"}]},{\"@type\":\"WebSite\",\"@id\":\"https:\/\/teamdeck.io\/#website\",\"url\":\"https:\/\/teamdeck.io\/\",\"name\":\"Teamdeck\",\"description\":\"resource scheduling + time tracking + leave management\",\"potentialAction\":[{\"@type\":\"SearchAction\",\"target\":{\"@type\":\"EntryPoint\",\"urlTemplate\":\"https:\/\/teamdeck.io\/?s={search_term_string}\"},\"query-input\":{\"@type\":\"PropertyValueSpecification\",\"valueRequired\":true,\"valueName\":\"search_term_string\"}}],\"inLanguage\":\"lt-LT\"}]}<\/script>\n<!-- \/ Yoast SEO Premium plugin. -->","yoast_head_json":{"title":"Teamdeck - Privacy Policy","description":"Teamdeck cares about your privacy and security of its service. Please, read the following privacy policy carefully.","robots":{"index":"index","follow":"follow","max-snippet":"max-snippet:-1","max-image-preview":"max-image-preview:large","max-video-preview":"max-video-preview:-1"},"canonical":"https:\/\/teamdeck.io\/lt\/privatumo-politika\/","og_locale":"lt_LT","og_type":"article","og_title":"Teamdeck - Privacy Policy","og_description":"Teamdeck cares about your privacy and security of its service. Please, read the following privacy policy carefully.","og_url":"https:\/\/teamdeck.io\/lt\/privatumo-politika\/","og_site_name":"Teamdeck","article_publisher":"https:\/\/www.facebook.com\/helloteamdeck","article_modified_time":"2024-04-08T11:08:17+00:00","og_image":[{"url":"https:\/\/cdn.teamdeck.io\/uploads\/website\/2017\/09\/teamdeck-share.png","type":"","width":"","height":""}],"twitter_card":"summary_large_image","twitter_title":"Teamdeck - Privacy Policy","twitter_description":"Teamdeck cares about your privacy and security of its service. Please, read the following privacy policy carefully.","twitter_image":"https:\/\/cdn.teamdeck.io\/uploads\/website\/2017\/09\/teamdeck-share.png","twitter_site":"@helloteamdeck","twitter_misc":{"Est. reading time":"6 minutes"},"schema":{"@context":"https:\/\/schema.org","@graph":[{"@type":"WebPage","@id":"https:\/\/teamdeck.io\/privacy-policy\/","url":"https:\/\/teamdeck.io\/privacy-policy\/","name":"Teamdeck - Privacy Policy","isPartOf":{"@id":"https:\/\/teamdeck.io\/#website"},"datePublished":"2017-09-07T10:08:23+00:00","dateModified":"2024-04-08T11:08:17+00:00","description":"Teamdeck cares about your privacy and security of its service. Please, read the following privacy policy carefully.","breadcrumb":{"@id":"https:\/\/teamdeck.io\/privacy-policy\/#breadcrumb"},"inLanguage":"lt-LT","potentialAction":[{"@type":"ReadAction","target":["https:\/\/teamdeck.io\/privacy-policy\/"]}]},{"@type":"BreadcrumbList","@id":"https:\/\/teamdeck.io\/privacy-policy\/#breadcrumb","itemListElement":[{"@type":"ListItem","position":1,"name":"Home","item":"https:\/\/teamdeck.io\/"},{"@type":"ListItem","position":2,"name":"Privacy Policy"}]},{"@type":"WebSite","@id":"https:\/\/teamdeck.io\/#website","url":"https:\/\/teamdeck.io\/","name":"Teamdeck","description":"resource scheduling + time tracking + leave management","potentialAction":[{"@type":"SearchAction","target":{"@type":"EntryPoint","urlTemplate":"https:\/\/teamdeck.io\/?s={search_term_string}"},"query-input":{"@type":"PropertyValueSpecification","valueRequired":true,"valueName":"search_term_string"}}],"inLanguage":"lt-LT"}]}},"_links":{"self":[{"href":"https:\/\/teamdeck.io\/lt\/wp-json\/wp\/v2\/pages\/2853","targetHints":{"allow":["GET"]}}],"collection":[{"href":"https:\/\/teamdeck.io\/lt\/wp-json\/wp\/v2\/pages"}],"about":[{"href":"https:\/\/teamdeck.io\/lt\/wp-json\/wp\/v2\/types\/page"}],"author":[{"embeddable":true,"href":"https:\/\/teamdeck.io\/lt\/wp-json\/wp\/v2\/users\/17"}],"replies":[{"embeddable":true,"href":"https:\/\/teamdeck.io\/lt\/wp-json\/wp\/v2\/comments?post=2853"}],"version-history":[{"count":15,"href":"https:\/\/teamdeck.io\/lt\/wp-json\/wp\/v2\/pages\/2853\/revisions"}],"predecessor-version":[{"id":12719,"href":"https:\/\/teamdeck.io\/lt\/wp-json\/wp\/v2\/pages\/2853\/revisions\/12719"}],"wp:attachment":[{"href":"https:\/\/teamdeck.io\/lt\/wp-json\/wp\/v2\/media?parent=2853"}],"curies":[{"name":"wp","href":"https:\/\/api.w.org\/{rel}","templated":true}]}}