{"id":12549,"date":"2023-12-06T10:47:54","date_gmt":"2023-12-06T08:47:54","guid":{"rendered":"https:\/\/teamdeck.io\/?page_id=12549"},"modified":"2023-12-06T16:09:05","modified_gmt":"2023-12-06T14:09:05","slug":"account-removal","status":"publish","type":"page","link":"https:\/\/teamdeck.io\/lt\/paskyros-pasalinimas\/","title":{"rendered":"Paskyros pa\u0161alinimas"},"content":{"rendered":"<p>\u00a0<\/p>\n<p>\u00a0<\/p>\n<p>\u00a0<\/p>\n<p>Suprantame, kad aplinkyb\u0117s kei\u010diasi, tod\u0117l kei\u010diasi ir pageidavimai. Jei nusprend\u0117te, kad at\u0117jo metas su mumis i\u0161siskirti, esame pasireng\u0119 pad\u0117ti jums atlikti paskyros pa\u0161alinimo proces\u0105. Nor\u0117dami inicijuoti paskyros pa\u0161alinimo pra\u0161ym\u0105, atlikite toliau nurodytus paprastus veiksmus:<\/p>\n<p>\u00a0<\/p>\n<h2>1 \u017eingsnis: sukurkite el. lai\u0161k\u0105<\/h2>\n<p>Atidarykite pageidaujam\u0105 el. pa\u0161to program\u0105 ir sukurkite nauj\u0105 prane\u0161im\u0105. Adresuokite j\u012f adresu contact@teamdeck.io. Naudokite temos eilut\u0119: \"Paskyros pa\u0161alinimo pra\u0161ymas - [J\u016bs\u0173 vartotojo vardas]\".<\/p>\n<p>\u00a0<\/p>\n<h2>2 \u017eingsnis: \u012ftraukite b\u016btin\u0105 informacij\u0105<\/h2>\n<p>Kad procesas vykt\u0173 skland\u017eiai, el. lai\u0161ko tekste pateikite \u0161i\u0105 informacij\u0105:<\/p>\n<p>J\u016bs\u0173 registruotas vardas ir pavard\u0117<br \/>Registruotas el. pa\u0161to adresas<br \/>Paskyros pa\u0161alinimo prie\u017eastis (neprivaloma, bet vertinama, kad gal\u0117tume nuolat tobul\u0117ti)<\/p>\n<p>\u00a0<\/p>\n<h2>3 \u017eingsnis: patvirtinkite savo tapatyb\u0119<\/h2>\n<p>Kad u\u017etikrintum\u0117te savo paskyros saugum\u0105, prid\u0117kite skenuot\u0105 vyriausyb\u0117s i\u0161duoto asmens tapatyb\u0117s dokumento arba kito tapatyb\u0119 patvirtinan\u010dio dokumento kopij\u0105. \u0160is \u017eingsnis yra labai svarbus siekiant apsaugoti j\u016bs\u0173 paskyr\u0105 nuo neteis\u0117to pa\u0161alinimo.<\/p>\n<p>\u00a0<\/p>\n<h2>4 veiksmas: si\u0173sti ir laukti patvirtinimo<\/h2>\n<p>Kai surinksite reikiam\u0105 informacij\u0105, spauskite \"Si\u0173sti\". M\u016bs\u0173 pagalbos komanda nedelsdama per\u017ei\u016br\u0117s j\u016bs\u0173 u\u017eklaus\u0105. Per [Nurodykite laikotarp\u012f] gausite patvirtinimo el. lai\u0161k\u0105, kuriame bus patvirtinta, kad prad\u0117tas paskyros pa\u0161alinimo procesas.<\/p>\n<p>\u00a0<\/p>\n<h2>5 veiksmas: patvirtinkite pa\u0161alinim\u0105<\/h2>\n<p>Gav\u0119 patvirtinimo el. lai\u0161k\u0105, vykdykite visus papildomus nurodymus, kad u\u017ebaigtum\u0117te paskyros pa\u0161alinim\u0105. \u0160is \u017eingsnis skirtas dar kart\u0105 patikrinti j\u016bs\u0173 sprendim\u0105 ir u\u017etikrinti, kad procesas atitikt\u0173 j\u016bs\u0173 ketinimus.<\/p>\n<p>\u00a0<\/p>\n<p>\u00a0<\/p>\n<p>\u00a0<\/p>","protected":false},"excerpt":{"rendered":"\u00a0 \u00a0 \u00a0 Suprantame, kad aplinkyb\u0117s kei\u010diasi, tod\u0117l kei\u010diasi ir pageidavimai. Jei nusprend\u0117te, kad at\u0117jo metas su mumis i\u0161siskirti, esame pasireng\u0119 pad\u0117ti jums atlikti paskyros pa\u0161alinimo proces\u0105. Atlikite toliau nurodytus paprastus veiksmus...","protected":false},"author":17,"featured_media":0,"parent":0,"menu_order":0,"comment_status":"closed","ping_status":"closed","template":"","meta":{"footnotes":""},"class_list":["post-12549","page","type-page","status-publish","hentry"],"yoast_head":"<!-- This site is optimized with the Yoast SEO Premium plugin v23.8 (Yoast SEO v24.3) - https:\/\/yoast.com\/wordpress\/plugins\/seo\/ -->\n<title>Account Removal - Teamdeck<\/title>\n<meta name=\"robots\" content=\"index, follow, max-snippet:-1, max-image-preview:large, max-video-preview:-1\" \/>\n<link rel=\"canonical\" href=\"https:\/\/teamdeck.io\/lt\/paskyros-pasalinimas\/\" \/>\n<meta property=\"og:locale\" content=\"lt_LT\" \/>\n<meta property=\"og:type\" content=\"article\" \/>\n<meta property=\"og:title\" content=\"Account Removal\" \/>\n<meta property=\"og:description\" content=\"\u00a0 \u00a0 \u00a0 We understand that circumstances change, and so do preferences. If you&#8217;ve decided it&#8217;s time to part ways with us, we&#8217;re here to assist you through the account removal process. Follow the simple steps below...\" \/>\n<meta property=\"og:url\" content=\"https:\/\/teamdeck.io\/lt\/paskyros-pasalinimas\/\" \/>\n<meta property=\"og:site_name\" content=\"Teamdeck\" \/>\n<meta property=\"article:publisher\" content=\"https:\/\/www.facebook.com\/helloteamdeck\" \/>\n<meta property=\"article:modified_time\" content=\"2023-12-06T14:09:05+00:00\" \/>\n<meta name=\"twitter:card\" content=\"summary_large_image\" \/>\n<meta name=\"twitter:site\" content=\"@helloteamdeck\" \/>\n<meta name=\"twitter:label1\" content=\"Est. reading time\" \/>\n\t<meta name=\"twitter:data1\" content=\"1 minute\" \/>\n<script type=\"application\/ld+json\" class=\"yoast-schema-graph\">{\"@context\":\"https:\/\/schema.org\",\"@graph\":[{\"@type\":\"WebPage\",\"@id\":\"https:\/\/teamdeck.io\/account-removal\/\",\"url\":\"https:\/\/teamdeck.io\/account-removal\/\",\"name\":\"Account Removal - Teamdeck\",\"isPartOf\":{\"@id\":\"https:\/\/teamdeck.io\/#website\"},\"datePublished\":\"2023-12-06T08:47:54+00:00\",\"dateModified\":\"2023-12-06T14:09:05+00:00\",\"breadcrumb\":{\"@id\":\"https:\/\/teamdeck.io\/account-removal\/#breadcrumb\"},\"inLanguage\":\"lt-LT\",\"potentialAction\":[{\"@type\":\"ReadAction\",\"target\":[\"https:\/\/teamdeck.io\/account-removal\/\"]}]},{\"@type\":\"BreadcrumbList\",\"@id\":\"https:\/\/teamdeck.io\/account-removal\/#breadcrumb\",\"itemListElement\":[{\"@type\":\"ListItem\",\"position\":1,\"name\":\"Home\",\"item\":\"https:\/\/teamdeck.io\/\"},{\"@type\":\"ListItem\",\"position\":2,\"name\":\"Account Removal\"}]},{\"@type\":\"WebSite\",\"@id\":\"https:\/\/teamdeck.io\/#website\",\"url\":\"https:\/\/teamdeck.io\/\",\"name\":\"Teamdeck\",\"description\":\"resource scheduling + time tracking + leave management\",\"potentialAction\":[{\"@type\":\"SearchAction\",\"target\":{\"@type\":\"EntryPoint\",\"urlTemplate\":\"https:\/\/teamdeck.io\/?s={search_term_string}\"},\"query-input\":{\"@type\":\"PropertyValueSpecification\",\"valueRequired\":true,\"valueName\":\"search_term_string\"}}],\"inLanguage\":\"lt-LT\"}]}<\/script>\n<!-- \/ Yoast SEO Premium plugin. -->","yoast_head_json":{"title":"Account Removal - Teamdeck","robots":{"index":"index","follow":"follow","max-snippet":"max-snippet:-1","max-image-preview":"max-image-preview:large","max-video-preview":"max-video-preview:-1"},"canonical":"https:\/\/teamdeck.io\/lt\/paskyros-pasalinimas\/","og_locale":"lt_LT","og_type":"article","og_title":"Account Removal","og_description":"\u00a0 \u00a0 \u00a0 We understand that circumstances change, and so do preferences. If you&#8217;ve decided it&#8217;s time to part ways with us, we&#8217;re here to assist you through the account removal process. Follow the simple steps below...","og_url":"https:\/\/teamdeck.io\/lt\/paskyros-pasalinimas\/","og_site_name":"Teamdeck","article_publisher":"https:\/\/www.facebook.com\/helloteamdeck","article_modified_time":"2023-12-06T14:09:05+00:00","twitter_card":"summary_large_image","twitter_site":"@helloteamdeck","twitter_misc":{"Est. reading time":"1 minute"},"schema":{"@context":"https:\/\/schema.org","@graph":[{"@type":"WebPage","@id":"https:\/\/teamdeck.io\/account-removal\/","url":"https:\/\/teamdeck.io\/account-removal\/","name":"Account Removal - Teamdeck","isPartOf":{"@id":"https:\/\/teamdeck.io\/#website"},"datePublished":"2023-12-06T08:47:54+00:00","dateModified":"2023-12-06T14:09:05+00:00","breadcrumb":{"@id":"https:\/\/teamdeck.io\/account-removal\/#breadcrumb"},"inLanguage":"lt-LT","potentialAction":[{"@type":"ReadAction","target":["https:\/\/teamdeck.io\/account-removal\/"]}]},{"@type":"BreadcrumbList","@id":"https:\/\/teamdeck.io\/account-removal\/#breadcrumb","itemListElement":[{"@type":"ListItem","position":1,"name":"Home","item":"https:\/\/teamdeck.io\/"},{"@type":"ListItem","position":2,"name":"Account Removal"}]},{"@type":"WebSite","@id":"https:\/\/teamdeck.io\/#website","url":"https:\/\/teamdeck.io\/","name":"Teamdeck","description":"resource scheduling + time tracking + leave management","potentialAction":[{"@type":"SearchAction","target":{"@type":"EntryPoint","urlTemplate":"https:\/\/teamdeck.io\/?s={search_term_string}"},"query-input":{"@type":"PropertyValueSpecification","valueRequired":true,"valueName":"search_term_string"}}],"inLanguage":"lt-LT"}]}},"_links":{"self":[{"href":"https:\/\/teamdeck.io\/lt\/wp-json\/wp\/v2\/pages\/12549","targetHints":{"allow":["GET"]}}],"collection":[{"href":"https:\/\/teamdeck.io\/lt\/wp-json\/wp\/v2\/pages"}],"about":[{"href":"https:\/\/teamdeck.io\/lt\/wp-json\/wp\/v2\/types\/page"}],"author":[{"embeddable":true,"href":"https:\/\/teamdeck.io\/lt\/wp-json\/wp\/v2\/users\/17"}],"replies":[{"embeddable":true,"href":"https:\/\/teamdeck.io\/lt\/wp-json\/wp\/v2\/comments?post=12549"}],"version-history":[{"count":4,"href":"https:\/\/teamdeck.io\/lt\/wp-json\/wp\/v2\/pages\/12549\/revisions"}],"predecessor-version":[{"id":12553,"href":"https:\/\/teamdeck.io\/lt\/wp-json\/wp\/v2\/pages\/12549\/revisions\/12553"}],"wp:attachment":[{"href":"https:\/\/teamdeck.io\/lt\/wp-json\/wp\/v2\/media?parent=12549"}],"curies":[{"name":"wp","href":"https:\/\/api.w.org\/{rel}","templated":true}]}}