{"id":3306,"date":"2017-09-25T13:30:56","date_gmt":"2017-09-25T11:30:56","guid":{"rendered":"https:\/\/teamdeck.io\/?page_id=3306"},"modified":"2018-05-24T09:48:30","modified_gmt":"2018-05-24T07:48:30","slug":"funding-programme","status":"publish","type":"page","link":"https:\/\/teamdeck.io\/ko\/\ud380\ub529-\ud504\ub85c\uadf8\ub7a8\/","title":{"rendered":"\uc790\uae08 \uc9c0\uc6d0 \ud504\ub85c\uadf8\ub7a8"},"content":{"rendered":"<p style=\"text-align: center;\"><strong>\ud504\ub85c\uadf8\ub7a8 \uc6b4\uc601<\/strong><\/p>\n<p style=\"text-align: center;\"><strong>\uc778\ud154\ub9ac\uc804\ud2b8 \ub85c\uc988\uc6cc\uc988<\/strong><\/p>\n<h1 style=\"text-align: center;\"><\/h1>\n<p style=\"text-align: center;\"><em><strong>\uc8fc\uc694 3 \uace0\uac1d \uc9c0\uc6d0 \uc13c\ud130\uc758 \uc8fc\uc694 \uc11c\ube44\uc2a4<\/strong><\/em><\/p>\n<p style=\"text-align: center;\"><em><strong>3.3 \ud504\ub85c\ubaa8\uc158 \ub610\ub294 \ub0b4\ubd80 \ud504\ub85c\ubaa8\uc158\uc5d0 \ub300\ud55c \uc790\uc138\ud55c \ub0b4\uc6a9\uc740 \ub2e4\uc74c\uc744 \ucc38\uc870\ud558\uc2ed\uc2dc\uc624.<\/strong><\/em><\/p>\n<p style=\"text-align: center;\"><em><strong>3.3.3 \uc81c\ud488 \ud64d\ubcf4\ub97c \uc704\ud55c 3.3.3 \uc6cc\ub4dc\ud504\ub808\uc2a4 \ub9c8\ucf00\ud305 - \ube0c\ub79c\ub4dc \ubc14\ub85c\uac00\uae30<\/strong><\/em><\/p>\n<p style=\"text-align: center;\"><em><strong>\"\ud0c4\ud0c4\ud55c \ud300\ub371\uc758 \uc81c\ud488 \ud64d\ubcf4\ub97c \ud1b5\ud574 IT\/ICT \ud64d\ubcf4 \ud504\ub85c\uadf8\ub7a8 \uc2e4\ud604\"<\/strong><\/em><\/p>\n<h1 style=\"text-align: center;\"><\/h1>\n<p><span style=\"font-weight: 400;\">\ud504\ub85c\uc81d\ud2b8\uc5d0 \ub85c\uadf8\uc778\ud558\uc138\uc694:<\/span><\/p>\n<p><span style=\"font-weight: 400;\">\uc774 \ud504\ub85c\uc81d\ud2b8\ub294 \ud504\ub85c\ubaa8\uc158 \ud504\ub85c\uadf8\ub7a8 \ud64d\ubcf4\ub97c \uc704\ud574 \ud300\ub371 \uc8fc\uc2dd\ud68c\uc0ac\uc5d0 \uc758\ud574 \uc2e4\ud604\ub418\uc5c8\uc2b5\ub2c8\ub2e4.<\/span><\/p>\n<p><span style=\"font-weight: 400;\">IT \ubc0f \uc815\ubcf4\ud1b5\uc2e0\uae30\uc220(ICT)\uc744 \uc120\ub3c4\ud558\ub294 \uae00\ub85c\ubc8c \ube0c\ub79c\ub4dc \uc81c\ud488\uc744 \ud64d\ubcf4\ud569\ub2c8\ub2e4. \ube0c\ub79c\ub529 \ud504\ub85c\uadf8\ub7a8 \uc2dc\uc791\ud558\uae30<\/span><\/p>\n<p><span style=\"font-weight: 400;\">\ud504\ub85c\ubaa8\uc158\uc740 \ubbf8\uad6d(\ubbf8\uad6d)\uc5d0\uc11c \uc9c4\ud589\ub429\ub2c8\ub2e4.<\/span><\/p>\n<p><span style=\"font-weight: 400;\">\ud504\ub85c\uc81d\ud2b8\uac00 \uc9c4\ud589 \uc911\uc77c \ub54c, \uc2e4\ud604 \uac00\ub2a5\ud55c \uacc4\ud68d\uc744 \uc138\uc6b0\uc2ed\uc2dc\uc624:<\/span><\/p>\n<ul>\n<li><span style=\"font-weight: 400;\">\uce90\ub9ad\ud130\uc758 \ud2b9\uc131\uc5d0 \ub530\ub77c \ud0c0\uac9f\ud305\ud560 \uc218 \uc788\uc2b5\ub2c8\ub2e4,<\/span><\/li>\n<li><span style=\"font-weight: 400;\">\uc5d0 \ub300\ud55c \uc790\uc138\ud55c \ub0b4\uc6a9\uc740 \ub2e4\uc74c \ub9c1\ud06c\ub97c \ucc38\uc870\ud558\uc138\uc694,<\/span><\/li>\n<li><span style=\"font-weight: 400;\">\uc5d0 \ub300\ud55c \uc790\uc138\ud55c \ub0b4\uc6a9\uc740 \ub2e4\uc74c \ub9c1\ud06c\ub97c \ucc38\uc870\ud558\uc138\uc694,<\/span><\/li>\n<li><span style=\"font-weight: 400;\">\ubbf8\uad6d \ub0b4 \ub3c5\ub9bd\uc801\uc778 \ubcf5\uc74c\uc8fc\uc758 \ub2e8\uccb4\ub97c \uc870\uc9c1\ud569\ub2c8\ub2e4,<\/span><\/li>\n<li><span style=\"font-weight: 400;\">\uc815\ubcf4 \uc81c\uacf5 \ubc0f \ud64d\ubcf4\ub97c \uc2e4\ud604\ud569\ub2c8\ub2e4.<\/span><\/li>\n<\/ul>\n<h1 style=\"text-align: center;\"><\/h1>\n<p><span style=\"font-weight: 400;\">\uc774 \ud504\ub85c\uc81d\ud2b8\ub97c \uc120\ud0dd\ud558\uc138\uc694:<\/span><\/p>\n<p><span style=\"font-weight: 400;\">\uc774 \ud504\ub85c\uc81d\ud2b8\ub294 IT \ubc0f \uc815\ubcf4\ud1b5\uc2e0\uae30\uc220(ICT)\uc758 \ubc1c\uc804\uacfc \ud568\uaed8 \ube60\ub974\uac8c \uc131\uc7a5\ud558\uace0 \uc788\ub294 \ud300\ub370\ud06c\uc758 \uc0c8\ub85c\uc6b4 \ud504\ub85c\uc81d\ud2b8\uc785\ub2c8\ub2e4. \uc774 \uae00\uc740 3.3POIR\uc5d0 \ub300\ud55c \ubaa8\ub4e0 \uac83\uc758 \uc2dc\uc791\uc774\uba70, \uc774 \uae00\uc740 M\u015aP \ub300\uc911\ud654 \uc804\ub7b5\uc758 \uac00\uc7a5 \uc911\uc694\ud55c \ubd80\ubd84\uc785\ub2c8\ub2e4. 3.3.3POIR.<\/span><\/p>\n<p><span style=\"font-weight: 400;\">\uacc4\ud68d\ub41c \uacb0\uacfc\ub97c \uc2e4\ud604\ud558\ub294 \uac83\uc740 \ub9e4\uc6b0 \uc911\uc694\ud569\ub2c8\ub2e4:<\/span><\/p>\n<ul>\n<li><span style=\"font-weight: 400;\">\uc5f0\ub77d\ucc98 - 94,<\/span><\/li>\n<li><span style=\"font-weight: 400;\">2100\ub9cc \ub2ec\ub7ec(\ud55c\ud654 \uc57d 230\uc5b5 \uc6d0)\uc5d0 \ub2ec\ud558\ub294 \uc2a4\ud3ec\uce20 \uc81c\ud488\uc785\ub2c8\ub2e4,<\/span><\/li>\n<li><span style=\"font-weight: 400;\">2\ubc31\ub9cc \ub2ec\ub7ec \uaddc\ubaa8\uc758 \ud504\ub85c\uc81d\ud2b8\uc5d0 \ub300\ud55c \uc774\uc2a4\ud3ec\uce20 \uc81c\ud488 \ucd9c\uc2dc\uc5d0 \ub300\ud55c \uc790\uc138\ud55c \ub0b4\uc6a9\uc744 \ud655\uc778\ud558\uc138\uc694.<\/span><\/li>\n<\/ul>\n<p><span style=\"font-weight: 400;\">\ud504\ub85c\uc81d\ud2b8 \uacb0\uacfc\uc5d0 \ub300\ud55c \uc790\uc138\ud55c \ub0b4\uc6a9\uc740 \ud30c\ud2b8\ub108\uc0ac\uc640\uc758 \uc5f0\ub77d\uc744 \ud1b5\ud574 \ud655\uc778\ud560 \uc218 \uc788\uc2b5\ub2c8\ub2e4. \uace0\uac1d\uc758 \uc694\uad6c \uc0ac\ud56d\uc744 \uc138\ubd84\ud654\ud558\uc5ec \uc138\ubd84\ud654\ub41c \uace0\uac1d \ub9de\ucda4\ud615 \uc11c\ube44\uc2a4\ub97c \uc81c\uacf5\ud569\ub2c8\ub2e4. \ud504\ub85c\uc81d\ud2b8\uc758 \uc7a0\uc7ac\ub825\uc744 \ucd5c\ub300\ud55c \ubc1c\ud718\ud560 \uc218 \uc788\ub294 \ud2b9\uc774\ud55c \uc624\ud37c\ud2f0\ub97c \uc81c\uacf5\ud558\ub294 \ud504\ub85c\uc81d\ud2b8\ub97c \uc2e4\ud604\ud558\uc138\uc694.<\/span><\/p>\n<p><span style=\"font-weight: 400;\">\ud504\ub85c\uc81d\ud2b8\uac00 \uc2dc\uc791\ub418\uc5c8\uc2b5\ub2c8\ub2e4: <\/span><b>712 380.00 PLN<\/b><\/p>\n<p><span style=\"font-weight: 400;\">\uc720\ub7fd \uc790\uae08 \uc9c0\uc6d0: <\/span><b>455 625.00 PLN <\/b><\/p>\n<h1 style=\"text-align: center;\"><\/h1>\n<p>&nbsp;<\/p>\n<p><img loading=\"lazy\" decoding=\"async\" class=\"aligncenter wp-image-3804\" src=\"https:\/\/cdn.teamdeck.io\/uploads\/website\/2017\/09\/24180043\/logosy2.png\" alt=\"\" width=\"1045\" height=\"160\" srcset=\"https:\/\/cdn.teamdeck.io\/uploads\/website\/2017\/09\/24180043\/logosy2.png 2090w, https:\/\/cdn.teamdeck.io\/uploads\/website\/2017\/09\/24180043\/logosy2-300x46.png 300w, https:\/\/cdn.teamdeck.io\/uploads\/website\/2017\/09\/24180043\/logosy2-768x118.png 768w, https:\/\/cdn.teamdeck.io\/uploads\/website\/2017\/09\/24180043\/logosy2-960x147.png 960w\" sizes=\"auto, (max-width: 1045px) 100vw, 1045px\" \/><\/p>","protected":false},"excerpt":{"rendered":"\ud504\ub85c\uadf8\ub7a8 \uc6b4\uc601 \uc778\ud154\ub9ac\uc804\ud2b8 \ub85c\uc988\uc640 \ud568\uaed8 \ud558\ub294 \ud504\ub85c\uadf8\ub7a8 \uc6b4\uc601 3.3 Wsparcie \ud504\ub85c\ubaa8\uc158 \ub610\ub294 \uc778\ud130\ub0b4\uc154\ub110 \ud504\ub85c\ubaa8\uc158 3.3.3 \uc81c\ud488 \ud64d\ubcf4\uc640 M\u015aP - \ube0c\ub79c\ub4dc\ub85c \uc774\ub3d9 \"\ud655\uace0\ud55c \ud300\ub371 \uc81c\ud488 \ud64d\ubcf4\"\ub85c \uc774\ub3d9\ud558\uc2ed\uc2dc\uc624....","protected":false},"author":17,"featured_media":0,"parent":0,"menu_order":0,"comment_status":"closed","ping_status":"closed","template":"","meta":{"footnotes":""},"class_list":["post-3306","page","type-page","status-publish","hentry"],"yoast_head":"<!-- This site is optimized with the Yoast SEO Premium plugin v23.8 (Yoast SEO v24.3) - https:\/\/yoast.com\/wordpress\/plugins\/seo\/ -->\n<title>Funding programme - Teamdeck<\/title>\n<meta name=\"robots\" content=\"noindex, follow\" \/>\n<meta property=\"og:locale\" content=\"ko_KR\" \/>\n<meta property=\"og:type\" content=\"article\" \/>\n<meta property=\"og:title\" content=\"Funding programme\" \/>\n<meta property=\"og:description\" content=\"PROGRAM OPERACYJNY Inteligentny Rozw\u00f3j o\u015b priorytetowa 3 Wsparcie innowacji w przedsi\u0119biorstwach dzia\u0142anie 3.3 Wsparcie promocji oraz internacjonalizacji innowacyjnych\u00a0przedsi\u0119biorstw poddzia\u0142anie 3.3.3 Wsparcie M\u015aP w promocji marek produktowych \u2013 Go to Brand \u201cPromocja marki produktowej firmy Teamdeck Sp. z...\" \/>\n<meta property=\"og:url\" content=\"https:\/\/teamdeck.io\/ko\/\ud380\ub529-\ud504\ub85c\uadf8\ub7a8\/\" \/>\n<meta property=\"og:site_name\" content=\"Teamdeck\" \/>\n<meta property=\"article:publisher\" content=\"https:\/\/www.facebook.com\/helloteamdeck\" \/>\n<meta property=\"article:modified_time\" content=\"2018-05-24T07:48:30+00:00\" \/>\n<meta property=\"og:image\" content=\"https:\/\/teamdeck.io\/wp-content\/uploads\/2017\/09\/logosy2.png\" \/>\n<meta name=\"twitter:card\" content=\"summary_large_image\" \/>\n<meta name=\"twitter:site\" content=\"@helloteamdeck\" \/>\n<meta name=\"twitter:label1\" content=\"Est. reading time\" \/>\n\t<meta name=\"twitter:data1\" content=\"2 minutes\" \/>\n<script type=\"application\/ld+json\" class=\"yoast-schema-graph\">{\"@context\":\"https:\/\/schema.org\",\"@graph\":[{\"@type\":\"WebPage\",\"@id\":\"https:\/\/teamdeck.io\/funding-programme\/\",\"url\":\"https:\/\/teamdeck.io\/funding-programme\/\",\"name\":\"Funding programme - Teamdeck\",\"isPartOf\":{\"@id\":\"https:\/\/teamdeck.io\/#website\"},\"primaryImageOfPage\":{\"@id\":\"https:\/\/teamdeck.io\/funding-programme\/#primaryimage\"},\"image\":{\"@id\":\"https:\/\/teamdeck.io\/funding-programme\/#primaryimage\"},\"thumbnailUrl\":\"https:\/\/teamdeck.io\/wp-content\/uploads\/2017\/09\/logosy2.png\",\"datePublished\":\"2017-09-25T11:30:56+00:00\",\"dateModified\":\"2018-05-24T07:48:30+00:00\",\"breadcrumb\":{\"@id\":\"https:\/\/teamdeck.io\/funding-programme\/#breadcrumb\"},\"inLanguage\":\"ko-KR\",\"potentialAction\":[{\"@type\":\"ReadAction\",\"target\":[\"https:\/\/teamdeck.io\/funding-programme\/\"]}]},{\"@type\":\"ImageObject\",\"inLanguage\":\"ko-KR\",\"@id\":\"https:\/\/teamdeck.io\/funding-programme\/#primaryimage\",\"url\":\"https:\/\/teamdeck.io\/wp-content\/uploads\/2017\/09\/logosy2.png\",\"contentUrl\":\"https:\/\/teamdeck.io\/wp-content\/uploads\/2017\/09\/logosy2.png\"},{\"@type\":\"BreadcrumbList\",\"@id\":\"https:\/\/teamdeck.io\/funding-programme\/#breadcrumb\",\"itemListElement\":[{\"@type\":\"ListItem\",\"position\":1,\"name\":\"Home\",\"item\":\"https:\/\/teamdeck.io\/\"},{\"@type\":\"ListItem\",\"position\":2,\"name\":\"Funding programme\"}]},{\"@type\":\"WebSite\",\"@id\":\"https:\/\/teamdeck.io\/#website\",\"url\":\"https:\/\/teamdeck.io\/\",\"name\":\"Teamdeck\",\"description\":\"resource scheduling + time tracking + leave management\",\"potentialAction\":[{\"@type\":\"SearchAction\",\"target\":{\"@type\":\"EntryPoint\",\"urlTemplate\":\"https:\/\/teamdeck.io\/?s={search_term_string}\"},\"query-input\":{\"@type\":\"PropertyValueSpecification\",\"valueRequired\":true,\"valueName\":\"search_term_string\"}}],\"inLanguage\":\"ko-KR\"}]}<\/script>\n<!-- \/ Yoast SEO Premium plugin. -->","yoast_head_json":{"title":"Funding programme - Teamdeck","robots":{"index":"noindex","follow":"follow"},"og_locale":"ko_KR","og_type":"article","og_title":"Funding programme","og_description":"PROGRAM OPERACYJNY Inteligentny Rozw\u00f3j o\u015b priorytetowa 3 Wsparcie innowacji w przedsi\u0119biorstwach dzia\u0142anie 3.3 Wsparcie promocji oraz internacjonalizacji innowacyjnych\u00a0przedsi\u0119biorstw poddzia\u0142anie 3.3.3 Wsparcie M\u015aP w promocji marek produktowych \u2013 Go to Brand \u201cPromocja marki produktowej firmy Teamdeck Sp. z...","og_url":"https:\/\/teamdeck.io\/ko\/\ud380\ub529-\ud504\ub85c\uadf8\ub7a8\/","og_site_name":"Teamdeck","article_publisher":"https:\/\/www.facebook.com\/helloteamdeck","article_modified_time":"2018-05-24T07:48:30+00:00","og_image":[{"url":"https:\/\/teamdeck.io\/wp-content\/uploads\/2017\/09\/logosy2.png","type":"","width":"","height":""}],"twitter_card":"summary_large_image","twitter_site":"@helloteamdeck","twitter_misc":{"Est. reading time":"2 minutes"},"schema":{"@context":"https:\/\/schema.org","@graph":[{"@type":"WebPage","@id":"https:\/\/teamdeck.io\/funding-programme\/","url":"https:\/\/teamdeck.io\/funding-programme\/","name":"Funding programme - Teamdeck","isPartOf":{"@id":"https:\/\/teamdeck.io\/#website"},"primaryImageOfPage":{"@id":"https:\/\/teamdeck.io\/funding-programme\/#primaryimage"},"image":{"@id":"https:\/\/teamdeck.io\/funding-programme\/#primaryimage"},"thumbnailUrl":"https:\/\/teamdeck.io\/wp-content\/uploads\/2017\/09\/logosy2.png","datePublished":"2017-09-25T11:30:56+00:00","dateModified":"2018-05-24T07:48:30+00:00","breadcrumb":{"@id":"https:\/\/teamdeck.io\/funding-programme\/#breadcrumb"},"inLanguage":"ko-KR","potentialAction":[{"@type":"ReadAction","target":["https:\/\/teamdeck.io\/funding-programme\/"]}]},{"@type":"ImageObject","inLanguage":"ko-KR","@id":"https:\/\/teamdeck.io\/funding-programme\/#primaryimage","url":"https:\/\/teamdeck.io\/wp-content\/uploads\/2017\/09\/logosy2.png","contentUrl":"https:\/\/teamdeck.io\/wp-content\/uploads\/2017\/09\/logosy2.png"},{"@type":"BreadcrumbList","@id":"https:\/\/teamdeck.io\/funding-programme\/#breadcrumb","itemListElement":[{"@type":"ListItem","position":1,"name":"Home","item":"https:\/\/teamdeck.io\/"},{"@type":"ListItem","position":2,"name":"Funding programme"}]},{"@type":"WebSite","@id":"https:\/\/teamdeck.io\/#website","url":"https:\/\/teamdeck.io\/","name":"Teamdeck","description":"resource scheduling + time tracking + leave management","potentialAction":[{"@type":"SearchAction","target":{"@type":"EntryPoint","urlTemplate":"https:\/\/teamdeck.io\/?s={search_term_string}"},"query-input":{"@type":"PropertyValueSpecification","valueRequired":true,"valueName":"search_term_string"}}],"inLanguage":"ko-KR"}]}},"_links":{"self":[{"href":"https:\/\/teamdeck.io\/ko\/wp-json\/wp\/v2\/pages\/3306","targetHints":{"allow":["GET"]}}],"collection":[{"href":"https:\/\/teamdeck.io\/ko\/wp-json\/wp\/v2\/pages"}],"about":[{"href":"https:\/\/teamdeck.io\/ko\/wp-json\/wp\/v2\/types\/page"}],"author":[{"embeddable":true,"href":"https:\/\/teamdeck.io\/ko\/wp-json\/wp\/v2\/users\/17"}],"replies":[{"embeddable":true,"href":"https:\/\/teamdeck.io\/ko\/wp-json\/wp\/v2\/comments?post=3306"}],"version-history":[{"count":10,"href":"https:\/\/teamdeck.io\/ko\/wp-json\/wp\/v2\/pages\/3306\/revisions"}],"predecessor-version":[{"id":3806,"href":"https:\/\/teamdeck.io\/ko\/wp-json\/wp\/v2\/pages\/3306\/revisions\/3806"}],"wp:attachment":[{"href":"https:\/\/teamdeck.io\/ko\/wp-json\/wp\/v2\/media?parent=3306"}],"curies":[{"name":"wp","href":"https:\/\/api.w.org\/{rel}","templated":true}]}}