{"id":3306,"date":"2017-09-25T13:30:56","date_gmt":"2017-09-25T11:30:56","guid":{"rendered":"https:\/\/teamdeck.io\/?page_id=3306"},"modified":"2018-05-24T09:48:30","modified_gmt":"2018-05-24T07:48:30","slug":"funding-programme","status":"publish","type":"page","link":"https:\/\/teamdeck.io\/ja\/\u8cc7\u91d1\u8abf\u9054\u30d7\u30ed\u30b0\u30e9\u30e0\/","title":{"rendered":"\u8cc7\u91d1\u8abf\u9054\u30d7\u30ed\u30b0\u30e9\u30e0"},"content":{"rendered":"<p style=\"text-align: center;\"><strong>\u30d7\u30ed\u30b0\u30e9\u30e0<\/strong><\/p>\n<p style=\"text-align: center;\"><strong>\u30ed\u30ba\u30f4\u30a9\u30a4\u30fb\u30a4\u30f3\u30c6\u30eb<\/strong><\/p>\n<h1 style=\"text-align: center;\"><\/h1>\n<p style=\"text-align: center;\"><em><strong>\u512a\u5148\u9806\u4f4d3\u4f4d\uff1a\u30ef\u30fc\u30eb\u30c9\u30ab\u30c3\u30d7\u958b\u50ac\u671f\u9593\u4e2d<\/strong><\/em><\/p>\n<p style=\"text-align: center;\"><em><strong>dzia\u0142anie 3.3 \u30d7\u30ed\u30e2\u30fc\u30b7\u30e7\u30f3\u3084\u56fd\u969b\u7684\u306a\u30d7\u30ed\u30e2\u30fc\u30b7\u30e7\u30f3\u306e\u305f\u3081\u306e\u60c5\u5831\u4ea4\u63db\u306e\u5834<\/strong><\/em><\/p>\n<p style=\"text-align: center;\"><em><strong>3.3.3\u88fd\u54c1\u30d7\u30ed\u30e2\u30fc\u30c8\u306eM\u30b7\u30e5\u30d1\u30fc\u30b9\u30af\u30a8\u30a2 - \u30d6\u30e9\u30f3\u30c9\u3078\u79fb\u52d5<\/strong><\/em><\/p>\n<p style=\"text-align: center;\"><em><strong>\"Teamdeck\u793e\u306f\u3001IT\/ICT\u5206\u91ce\u306e\u8ca9\u4fc3\u30d7\u30ed\u30b0\u30e9\u30e0\u3092\u5b9f\u65bd\u3057\u3066\u3044\u308b\u3002\"<\/strong><\/em><\/p>\n<h1 style=\"text-align: center;\"><\/h1>\n<p><span style=\"font-weight: 400;\">\u30d7\u30ed\u30b8\u30a7\u30af\u30c8\u306e\u6982\u8981\uff1a<\/span><\/p>\n<p><span style=\"font-weight: 400;\">\u3053\u306e\u30d7\u30ed\u30b8\u30a7\u30af\u30c8\u306f\u3001Teamdeck Sp.<\/span><\/p>\n<p><span style=\"font-weight: 400;\">IT\/ICT\u696d\u754c\u306f\u3001\u30b0\u30ed\u30fc\u30d0\u30eb\u306a\u5e02\u5834\u306b\u304a\u3044\u3066\u88fd\u54c1\u958b\u767a\u3092\u4fc3\u9032\u3059\u308b\u305f\u3081\u306e\u696d\u754c\u3067\u3059\u3002\u30d6\u30e9\u30f3\u30c9\u30d7\u30ed\u30b0\u30e9\u30e0<\/span><\/p>\n<p><span style=\"font-weight: 400;\">\u7c73\u56fd\u30a2\u30e1\u30ea\u30ab\u30f3\u30d5\u30c3\u30c8\u30dc\u30fc\u30eb\u5354\u4f1a\uff08USA\uff09\u3088\u308a\u3001\u4e16\u754c\u7684\u306a\u8996\u91ce\u306b\u7acb\u3063\u305f\u30d7\u30ed\u91ce\u7403\u306e\u30d7\u30ed\u30e2\u30fc\u30b7\u30e7\u30f3\u304c\u884c\u308f\u308c\u307e\u3057\u305f\u3002<\/span><\/p>\n<p><span style=\"font-weight: 400;\">Wnioskodawca\u306f\u3001\u3053\u306e\u30d7\u30ed\u30b8\u30a7\u30af\u30c8\u306b\u304a\u3044\u3066\u3001Zwi\u0105zanych\u306e\u30d7\u30ed\u30b8\u30a7\u30af\u30c8\u306e\u5b9f\u73fe\u3092\u8a08\u753b\u3057\u3066\u3044\u307e\u3059\uff1a<\/span><\/p>\n<ul>\n<li><span style=\"font-weight: 400;\">uczestnictwem\u306ew\u306ebran\u017cowych w\u306echarakterze wystawcy\u3001<\/span><\/li>\n<li><span style=\"font-weight: 400;\">(\u6ce81)\u3053\u306e\u5927\u4f1a\u306f\u3001\u65e5\u672c\u30b5\u30c3\u30ab\u30fc\u5354\u4f1a\u304c\u4e3b\u50ac\u3059\u308b\u3082\u306e\u3067\u3059\u3001<\/span><\/li>\n<li><span style=\"font-weight: 400;\">(\u6ce81)\u3053\u306e\u8a18\u4e8b\u306f\u3001\u65e5\u672c\u30b5\u30c3\u30ab\u30fc\u5354\u4f1a\u304c\u4f5c\u6210\u3057\u305f\u3082\u306e\u3067\u3059\u3001<\/span><\/li>\n<li><span style=\"font-weight: 400;\">\u30a2\u30e1\u30ea\u30ab\u306b\u304a\u3051\u308b\u500b\u4eba\u7684\u306a\u798f\u97f3\u56e3\u4f53\u3001<\/span><\/li>\n<li><span style=\"font-weight: 400;\">\u60c5\u5831\u63d0\u4f9b\u3084\u30d7\u30ed\u30e2\u30fc\u30b7\u30e7\u30f3\u3092\u884c\u3046\u3002<\/span><\/li>\n<\/ul>\n<h1 style=\"text-align: center;\"><\/h1>\n<p><span style=\"font-weight: 400;\">\u3053\u306e\u30d7\u30ed\u30b8\u30a7\u30af\u30c8\uff1a<\/span><\/p>\n<p><span style=\"font-weight: 400;\">Teamdeck\u306f\u3001IT\/ICT\u5206\u91ce\u3067\u306e\u30d7\u30ed\u30d5\u30a7\u30c3\u30b7\u30e7\u30ca\u30eb\u306a\u30d7\u30ed\u30c7\u30e5\u30fc\u30b9\u6d3b\u52d5\u3092\u884c\u3046\u4f01\u696d\u3067\u3059\u3002Teamdeck\u306f3.3.3.POIR\u306b\u6e96\u62e0\u3057\u3001M.S.P.\u30bb\u30af\u30bf\u30fc\u306e\u30dd\u30fc\u30e9\u30f3\u30c9\u306b\u304a\u3051\u308b\u56fd\u969b\u7684\u306a\u30cd\u30c3\u30c8\u30ef\u30fc\u30af\u69cb\u7bc9\u3092\u652f\u63f4\u3057\u307e\u3059\u30023.3.3POIR.<\/span><\/p>\n<p><span style=\"font-weight: 400;\">\u7d50\u679c\u5831\u544a\u66f8\u306e\u4f5c\u6210\uff1a<\/span><\/p>\n<ul>\n<li><span style=\"font-weight: 400;\">Liczba podpisanych zagr\u3001<\/span><\/li>\n<li><span style=\"font-weight: 400;\">eksport\u5411\u3051\u88fd\u54c1\u8ca9\u58f2\u984d\u306f2,100\u4e07\u30c9\u30eb\u3001<\/span><\/li>\n<li><span style=\"font-weight: 400;\">\u3053\u306e\u30d7\u30ed\u30b8\u30a7\u30af\u30c8\u306f\u3001200\u4e07\u30c9\u30eb\u306e\u30b9\u30dd\u30fc\u30c4\u30fb\u30d7\u30ed\u30c0\u30af\u30c4\u30fb\u30d7\u30ed\u30b8\u30a7\u30af \u30c8\u3067\u3042\u308b\u3002<\/span><\/li>\n<\/ul>\n<p><span style=\"font-weight: 400;\">\u30d7\u30ed\u30b8\u30a7\u30af\u30c8\u30fb\u30ea\u30b6\u30eb\u30c8\u306e\u4f5c\u6210\u306f\u3001\u30d1\u30fc\u30c8\u30ca\u30fc\u3068\u306e\u9023\u7d61\u3084\u30d0\u30a4\u30e4\u30fc\u306e\u6d3e\u9063\u3092\u542b\u3081\u3066\u884c\u3044\u307e\u3059\u3002\u307e\u305f\u3001\u30af\u30e9\u30a4\u30a2\u30f3\u30c8\u3078\u306e\u30b5\u30fc\u30d3\u30b9\u63d0\u4f9b\u3084\u30d1\u30fc\u30c8\u30ca\u30fc\u4f01\u696d\u3078\u306e\u30b5\u30fc\u30d3\u30b9\u63d0\u4f9b\u3082\u884c\u3063\u3066\u3044\u307e\u3059\u3002\u30d7\u30ed\u30b8\u30a7\u30af\u30c8\u306e\u5b9f\u73fe\u306f\u3001\u30d7\u30ed\u30b8\u30a7\u30af\u30c8\u306e\u5c02\u9580\u5bb6\u3078\u306e\u30b5\u30fc\u30d3\u30b9\u63d0\u4f9b\u3084\u3001\u30d7\u30ed\u30b8\u30a7\u30af\u30c8\u306e\u53ef\u80fd\u6027\u3092\u6700\u5927\u9650\u306b\u5f15\u304d\u51fa\u3059\u3053\u3068\u306b\u3064\u306a\u304c\u308a\u307e\u3059\u3002<\/span><\/p>\n<p><span style=\"font-weight: 400;\">\u3053\u306e\u30d7\u30ed\u30b8\u30a7\u30af\u30c8\u306b\u53c2\u52a0\u3059\u308b\uff1a <\/span><b>712 380.00 PLN<\/b><\/p>\n<p><span style=\"font-weight: 400;\">\u30e8\u30fc\u30ed\u30c3\u30d1\u57fa\u91d1\uff1a <\/span><b>455 625.00 PLN <\/b><\/p>\n<h1 style=\"text-align: center;\"><\/h1>\n<p>&nbsp;<\/p>\n<p><img loading=\"lazy\" decoding=\"async\" class=\"aligncenter wp-image-3804\" src=\"https:\/\/cdn.teamdeck.io\/uploads\/website\/2017\/09\/24180043\/logosy2.png\" alt=\"\" width=\"1045\" height=\"160\" srcset=\"https:\/\/cdn.teamdeck.io\/uploads\/website\/2017\/09\/24180043\/logosy2.png 2090w, https:\/\/cdn.teamdeck.io\/uploads\/website\/2017\/09\/24180043\/logosy2-300x46.png 300w, https:\/\/cdn.teamdeck.io\/uploads\/website\/2017\/09\/24180043\/logosy2-768x118.png 768w, https:\/\/cdn.teamdeck.io\/uploads\/website\/2017\/09\/24180043\/logosy2-960x147.png 960w\" sizes=\"auto, (max-width: 1045px) 100vw, 1045px\" \/><\/p>","protected":false},"excerpt":{"rendered":"PROGRAM OPERACYJNY Inteligentny Rozw\u00f3j o\u015b priorytowa 3 Wsparcie innowacji w przedsi\u0119biorstwach dzia\u0142anie 3.3 Wsparcie promocji orz internacjonalizacji innowacyjnych przedsi\u0119biorstw poddzia\u0142anie 3.3.3 Wsparcie M\u015aP w Promocji marek produktowych - Go to Brand \"Promocja marki produktowej firmy Teamdeck Sp. z...","protected":false},"author":17,"featured_media":0,"parent":0,"menu_order":0,"comment_status":"closed","ping_status":"closed","template":"","meta":{"footnotes":""},"class_list":["post-3306","page","type-page","status-publish","hentry"],"yoast_head":"<!-- This site is optimized with the Yoast SEO Premium plugin v23.8 (Yoast SEO v24.3) - https:\/\/yoast.com\/wordpress\/plugins\/seo\/ -->\n<title>Funding programme - Teamdeck<\/title>\n<meta name=\"robots\" content=\"noindex, follow\" \/>\n<meta property=\"og:locale\" content=\"ja_JP\" \/>\n<meta property=\"og:type\" content=\"article\" \/>\n<meta property=\"og:title\" content=\"Funding programme\" \/>\n<meta property=\"og:description\" content=\"PROGRAM OPERACYJNY Inteligentny Rozw\u00f3j o\u015b priorytetowa 3 Wsparcie innowacji w przedsi\u0119biorstwach dzia\u0142anie 3.3 Wsparcie promocji oraz internacjonalizacji innowacyjnych\u00a0przedsi\u0119biorstw poddzia\u0142anie 3.3.3 Wsparcie M\u015aP w promocji marek produktowych \u2013 Go to Brand \u201cPromocja marki produktowej firmy Teamdeck Sp. z...\" \/>\n<meta property=\"og:url\" content=\"https:\/\/teamdeck.io\/ja\/\u8cc7\u91d1\u8abf\u9054\u30d7\u30ed\u30b0\u30e9\u30e0\/\" \/>\n<meta property=\"og:site_name\" content=\"Teamdeck\" \/>\n<meta property=\"article:publisher\" content=\"https:\/\/www.facebook.com\/helloteamdeck\" \/>\n<meta property=\"article:modified_time\" content=\"2018-05-24T07:48:30+00:00\" \/>\n<meta property=\"og:image\" content=\"https:\/\/teamdeck.io\/wp-content\/uploads\/2017\/09\/logosy2.png\" \/>\n<meta name=\"twitter:card\" content=\"summary_large_image\" \/>\n<meta name=\"twitter:site\" content=\"@helloteamdeck\" \/>\n<meta name=\"twitter:label1\" content=\"Est. reading time\" \/>\n\t<meta name=\"twitter:data1\" content=\"2 minutes\" \/>\n<script type=\"application\/ld+json\" class=\"yoast-schema-graph\">{\"@context\":\"https:\/\/schema.org\",\"@graph\":[{\"@type\":\"WebPage\",\"@id\":\"https:\/\/teamdeck.io\/funding-programme\/\",\"url\":\"https:\/\/teamdeck.io\/funding-programme\/\",\"name\":\"Funding programme - Teamdeck\",\"isPartOf\":{\"@id\":\"https:\/\/teamdeck.io\/#website\"},\"primaryImageOfPage\":{\"@id\":\"https:\/\/teamdeck.io\/funding-programme\/#primaryimage\"},\"image\":{\"@id\":\"https:\/\/teamdeck.io\/funding-programme\/#primaryimage\"},\"thumbnailUrl\":\"https:\/\/teamdeck.io\/wp-content\/uploads\/2017\/09\/logosy2.png\",\"datePublished\":\"2017-09-25T11:30:56+00:00\",\"dateModified\":\"2018-05-24T07:48:30+00:00\",\"breadcrumb\":{\"@id\":\"https:\/\/teamdeck.io\/funding-programme\/#breadcrumb\"},\"inLanguage\":\"ja\",\"potentialAction\":[{\"@type\":\"ReadAction\",\"target\":[\"https:\/\/teamdeck.io\/funding-programme\/\"]}]},{\"@type\":\"ImageObject\",\"inLanguage\":\"ja\",\"@id\":\"https:\/\/teamdeck.io\/funding-programme\/#primaryimage\",\"url\":\"https:\/\/teamdeck.io\/wp-content\/uploads\/2017\/09\/logosy2.png\",\"contentUrl\":\"https:\/\/teamdeck.io\/wp-content\/uploads\/2017\/09\/logosy2.png\"},{\"@type\":\"BreadcrumbList\",\"@id\":\"https:\/\/teamdeck.io\/funding-programme\/#breadcrumb\",\"itemListElement\":[{\"@type\":\"ListItem\",\"position\":1,\"name\":\"Home\",\"item\":\"https:\/\/teamdeck.io\/\"},{\"@type\":\"ListItem\",\"position\":2,\"name\":\"Funding programme\"}]},{\"@type\":\"WebSite\",\"@id\":\"https:\/\/teamdeck.io\/#website\",\"url\":\"https:\/\/teamdeck.io\/\",\"name\":\"Teamdeck\",\"description\":\"resource scheduling + time tracking + leave management\",\"potentialAction\":[{\"@type\":\"SearchAction\",\"target\":{\"@type\":\"EntryPoint\",\"urlTemplate\":\"https:\/\/teamdeck.io\/?s={search_term_string}\"},\"query-input\":{\"@type\":\"PropertyValueSpecification\",\"valueRequired\":true,\"valueName\":\"search_term_string\"}}],\"inLanguage\":\"ja\"}]}<\/script>\n<!-- \/ Yoast SEO Premium plugin. -->","yoast_head_json":{"title":"Funding programme - Teamdeck","robots":{"index":"noindex","follow":"follow"},"og_locale":"ja_JP","og_type":"article","og_title":"Funding programme","og_description":"PROGRAM OPERACYJNY Inteligentny Rozw\u00f3j o\u015b priorytetowa 3 Wsparcie innowacji w przedsi\u0119biorstwach dzia\u0142anie 3.3 Wsparcie promocji oraz internacjonalizacji innowacyjnych\u00a0przedsi\u0119biorstw poddzia\u0142anie 3.3.3 Wsparcie M\u015aP w promocji marek produktowych \u2013 Go to Brand \u201cPromocja marki produktowej firmy Teamdeck Sp. z...","og_url":"https:\/\/teamdeck.io\/ja\/\u8cc7\u91d1\u8abf\u9054\u30d7\u30ed\u30b0\u30e9\u30e0\/","og_site_name":"Teamdeck","article_publisher":"https:\/\/www.facebook.com\/helloteamdeck","article_modified_time":"2018-05-24T07:48:30+00:00","og_image":[{"url":"https:\/\/teamdeck.io\/wp-content\/uploads\/2017\/09\/logosy2.png","type":"","width":"","height":""}],"twitter_card":"summary_large_image","twitter_site":"@helloteamdeck","twitter_misc":{"Est. reading time":"2 minutes"},"schema":{"@context":"https:\/\/schema.org","@graph":[{"@type":"WebPage","@id":"https:\/\/teamdeck.io\/funding-programme\/","url":"https:\/\/teamdeck.io\/funding-programme\/","name":"Funding programme - Teamdeck","isPartOf":{"@id":"https:\/\/teamdeck.io\/#website"},"primaryImageOfPage":{"@id":"https:\/\/teamdeck.io\/funding-programme\/#primaryimage"},"image":{"@id":"https:\/\/teamdeck.io\/funding-programme\/#primaryimage"},"thumbnailUrl":"https:\/\/teamdeck.io\/wp-content\/uploads\/2017\/09\/logosy2.png","datePublished":"2017-09-25T11:30:56+00:00","dateModified":"2018-05-24T07:48:30+00:00","breadcrumb":{"@id":"https:\/\/teamdeck.io\/funding-programme\/#breadcrumb"},"inLanguage":"ja","potentialAction":[{"@type":"ReadAction","target":["https:\/\/teamdeck.io\/funding-programme\/"]}]},{"@type":"ImageObject","inLanguage":"ja","@id":"https:\/\/teamdeck.io\/funding-programme\/#primaryimage","url":"https:\/\/teamdeck.io\/wp-content\/uploads\/2017\/09\/logosy2.png","contentUrl":"https:\/\/teamdeck.io\/wp-content\/uploads\/2017\/09\/logosy2.png"},{"@type":"BreadcrumbList","@id":"https:\/\/teamdeck.io\/funding-programme\/#breadcrumb","itemListElement":[{"@type":"ListItem","position":1,"name":"Home","item":"https:\/\/teamdeck.io\/"},{"@type":"ListItem","position":2,"name":"Funding programme"}]},{"@type":"WebSite","@id":"https:\/\/teamdeck.io\/#website","url":"https:\/\/teamdeck.io\/","name":"Teamdeck","description":"resource scheduling + time tracking + leave management","potentialAction":[{"@type":"SearchAction","target":{"@type":"EntryPoint","urlTemplate":"https:\/\/teamdeck.io\/?s={search_term_string}"},"query-input":{"@type":"PropertyValueSpecification","valueRequired":true,"valueName":"search_term_string"}}],"inLanguage":"ja"}]}},"_links":{"self":[{"href":"https:\/\/teamdeck.io\/ja\/wp-json\/wp\/v2\/pages\/3306","targetHints":{"allow":["GET"]}}],"collection":[{"href":"https:\/\/teamdeck.io\/ja\/wp-json\/wp\/v2\/pages"}],"about":[{"href":"https:\/\/teamdeck.io\/ja\/wp-json\/wp\/v2\/types\/page"}],"author":[{"embeddable":true,"href":"https:\/\/teamdeck.io\/ja\/wp-json\/wp\/v2\/users\/17"}],"replies":[{"embeddable":true,"href":"https:\/\/teamdeck.io\/ja\/wp-json\/wp\/v2\/comments?post=3306"}],"version-history":[{"count":10,"href":"https:\/\/teamdeck.io\/ja\/wp-json\/wp\/v2\/pages\/3306\/revisions"}],"predecessor-version":[{"id":3806,"href":"https:\/\/teamdeck.io\/ja\/wp-json\/wp\/v2\/pages\/3306\/revisions\/3806"}],"wp:attachment":[{"href":"https:\/\/teamdeck.io\/ja\/wp-json\/wp\/v2\/media?parent=3306"}],"curies":[{"name":"wp","href":"https:\/\/api.w.org\/{rel}","templated":true}]}}