{"id":7198,"date":"2021-08-24T21:41:30","date_gmt":"2021-08-24T19:41:30","guid":{"rendered":"https:\/\/teamdeck.io\/?page_id=7198"},"modified":"2024-02-08T11:04:18","modified_gmt":"2024-02-08T09:04:18","slug":"teamdeck-vs-float","status":"publish","type":"page","link":"https:\/\/teamdeck.io\/it\/teamdeck-vs-float\/","title":{"rendered":"Teamdeck vs Float"},"content":{"rendered":"<div class=\"vc_row wpb_row vc_row-fluid redl-row-section padding-default bgv-default bgh-default halign-default\"><div class=\"wpb_column vc_column_container text-left vc_col-sm-12 padding-default bgv-default bgh-default halign-default\"><div class=\"vc_column-inner\"><div class=\"wpb_wrapper\">\n\t<div class=\"wpb_text_column wpb_content_element\" >\n\t\t<div class=\"wpb_wrapper\">\n\t\t\t\n\t\t<\/div>\n\t<\/div>\n<\/div><\/div><\/div><\/div><div data-vc-full-width=\"true\" data-vc-full-width-init=\"false\" class=\"vc_row wpb_row vc_row-fluid redl-row-section vc_custom_1547727116563 vc_row-has-fill vc_row-o-content-middle vc_row-flex padding-default bgv-default bgh-default halign-center\"><div class=\"wpb_column vc_column_container text-left vc_col-sm-4 padding-default bgv-default bgh-default halign-center\"><div class=\"vc_column-inner\"><div class=\"wpb_wrapper\">\n\t<div class=\"wpb_text_column wpb_content_element\" >\n\t\t<div class=\"wpb_wrapper\">\n\t\t\t<h1>Teamdeck vs Float<br \/><span class=\"h2\"><br \/><\/span><\/h1>\n<p style=\"text-align: justify;\">Scoprite come Teamdeck vi offre un maggiore controllo sull'intero processo di gestione delle risorse, dalla programmazione dei team e delle risorse al monitoraggio delle ore, fino alla gestione delle ferie. <strong>Di seguito \u00e8 riportato un confronto tra i due software di pianificazione delle risorse. <\/strong><\/p>\n\n\t\t<\/div>\n\t<\/div>\n\n\t<div class=\"wpb_text_column wpb_content_element\" >\n\t\t<div class=\"wpb_wrapper\">\n\t\t\t<p>\u00a0<\/p>\n\n\t\t<\/div>\n\t<\/div>\n<\/div><\/div><\/div><div class=\"wpb_column vc_column_container text-center vc_col-sm-8 vc_col-has-fill padding-default bgv-default bgh-default halign-center\"><div class=\"vc_column-inner vc_custom_1583827482870\"><div class=\"wpb_wrapper\">\n\t<div class=\"wpb_text_column wpb_content_element  vc_custom_1638199917193 video-nocontrols\" >\n\t\t<div class=\"wpb_wrapper\">\n\t\t\t<p><img loading=\"lazy\" decoding=\"async\" class=\"alignnone wp-image-7278 size-full\" src=\"https:\/\/cdn.teamdeck.io\/uploads\/website\/2021\/08\/17161910\/teamdeck-vs-float-2-1.jpg\" alt=\"Il software di gestione delle risorse Teamdeck appartiene alla piccola famiglia delle alternative Float scelte da molti project manager.\" width=\"1596\" height=\"1148\" \/><\/p>\n\n\t\t<\/div>\n\t<\/div>\n<\/div><\/div><\/div><\/div><div class=\"vc_row-full-width vc_clearfix\"><\/div><div class=\"vc_row wpb_row vc_row-fluid redl-row-section padding-default bgv-default bgh-default halign-default\"><div class=\"wpb_column vc_column_container text-left vc_col-sm-12 padding-default bgv-default bgh-default halign-default\"><div class=\"vc_column-inner\"><div class=\"wpb_wrapper\">\n\t<div class=\"wpb_text_column wpb_content_element\" >\n\t\t<div class=\"wpb_wrapper\">\n\t\t\t<h2>Cercate alternative a Float?<\/h2>\n<p style=\"text-align: justify;\">I nostri clienti hanno sostituito Float, Resource Guru, Harvest e Kantata con Teamdeck.<\/p>\n<p style=\"text-align: justify;\">Float e Teamdeck si concentrano sulla pianificazione delle capacit\u00e0, sulla gestione delle attivit\u00e0, sulla collaborazione tra team e sull'ottimizzazione delle risorse. L'attenzione alla gestione delle risorse \u00e8 il motivo per cui i team scelgono questi strumenti rispetto ad applicazioni con un approccio pi\u00f9 generale alla gestione dei processi interni.<\/p>\n<p>Teamdeck e Float differiscono per quanto riguarda la portata delle funzioni e i prezzi. Entrambi gli strumenti offrono abbonamenti in un modello SaaS. Vedere i dettagli di seguito.<\/p>\n\n\t\t<\/div>\n\t<\/div>\n<\/div><\/div><\/div><\/div><div class=\"vc_row wpb_row vc_row-fluid redl-row-section padding-small bgv-default bgh-default halign-default\"><div class=\"wpb_column vc_column_container text-left vc_col-sm-12 padding-small bgv-default bgh-default halign-default\"><div class=\"vc_column-inner\"><div class=\"wpb_wrapper\">\n\t<div class=\"wpb_text_column wpb_content_element\" >\n\t\t<div class=\"wpb_wrapper\">\n\t\t\t<div class=\"ft-table\">\n<div class=\"rsfp\">\n<div class=\"abs\">$7,5 per persona<br \/>al mese<\/div>\n<\/div>\n<div class=\"tdp\">\n<div class=\"abs\">$3,99 a persona<br \/>al mese<\/div>\n<\/div>\n<div class=\"rsttf\">\n<div class=\"abs\">$10 per persona<br \/>al mese<\/div>\n<\/div>\n<div class=\"features ft-table-header\">Caratteristiche<\/div>\n<div class=\"Teamdeck ft-table-header\">Teamdeck<\/div>\n<div class=\"Float ft-table-header\">Galleggiante<\/div>\n<div class=\"Notes ft-table-header\">Differenze<\/div>\n<div class=\"f1\">Programmazione delle risorse e gestione dei congedi<\/div>\n<div class=\"f2\">Reporting sulla capacit\u00e0<\/div>\n<div class=\"f3\">Progetti illimitati<\/div>\n<div class=\"f4\">Tracciamento del tempo facile e veloce<\/div>\n<div class=\"f5\">Confronto tra stime e dati effettivi<\/div>\n<div class=\"f6\">App mobile<\/div>\n<div class=\"n1\">\n<div class=\"abs-2\">Il nostro software di gestione delle risorse consente di personalizzare il calendario e di creare viste per organizzare meglio i dati.<\/div>\n<\/div>\n<div class=\"n2\">\n<div class=\"abs-2\">In Teamdeck \u00e8 possibile creare rapporti personalizzati con formule simili a quelle di Excel, oppure utilizzare i nostri modelli predefiniti.<\/div>\n<\/div>\n<\/div>\n<h1>\u00a0<\/h1>\n<p>\u00a0<\/p>\n<h2 style=\"text-align: center;\"><strong>3 motivi per cui le aziende scelgono Teamdeck come alternativa a Float<\/strong><\/h2>\n\n\t\t<\/div>\n\t<\/div>\n<\/div><\/div><\/div><\/div><div class=\"vc_row wpb_row vc_row-fluid redl-row-section use-cases-title vc_custom_1582120251302 padding-default bgv-default bgh-default halign-default\"><div class=\"wpb_column vc_column_container text-left vc_col-sm-4 padding-default bgv-default bgh-default halign-default\"><div class=\"vc_column-inner\"><div class=\"wpb_wrapper\">\n\t<div class=\"wpb_text_column wpb_content_element\" >\n\t\t<div class=\"wpb_wrapper\">\n\t\t\t<p>\u00a0<\/p>\n<h3 style=\"text-align: center;\"><strong><span class=\"text-title column-title\">Importazione dei dati<\/span><\/strong><\/h3>\n<p>\u00a0<\/p>\n<p style=\"text-align: center;\">La migrazione dei dati \u00e8 un gioco da ragazzi. La nostra procedura guidata di importazione consente di importare da altri sistemi i dati relativi a persone, progetti, prenotazioni, fogli di presenza e ferie utilizzando file CSV.<\/p>\n\n\t\t<\/div>\n\t<\/div>\n<\/div><\/div><\/div><div class=\"wpb_column vc_column_container text-left vc_col-sm-4 padding-default bgv-default bgh-default halign-default\"><div class=\"vc_column-inner\"><div class=\"wpb_wrapper\">\n\t<div class=\"wpb_text_column wpb_content_element\" >\n\t\t<div class=\"wpb_wrapper\">\n\t\t\t<h3 style=\"text-align: center;\"><span class=\"text-title column-title\">Reportistica avanzata e personalizzata<\/span><\/h3>\n<p>\u00a0<\/p>\n<p style=\"text-align: center;\">Teamdeck consente di creare report personalizzati in base alle esigenze dell'azienda utilizzando formule simili a quelle di Excel. \u00c8 inoltre possibile utilizzare i nostri modelli predefiniti per ottenere informazioni sull'utilizzo del team, sul bilancio, sulle retribuzioni e molto altro ancora.<\/p>\n\n\t\t<\/div>\n\t<\/div>\n<\/div><\/div><\/div><div class=\"wpb_column vc_column_container text-left vc_col-sm-4 padding-default bgv-default bgh-default halign-default\"><div class=\"vc_column-inner\"><div class=\"wpb_wrapper\">\n\t<div class=\"wpb_text_column wpb_content_element\" >\n\t\t<div class=\"wpb_wrapper\">\n\t\t\t<h3 style=\"text-align: center;\"><span class=\"text-title column-title\">Campi personalizzati e sistema di tagging<\/span><\/h3>\n<p>\u00a0<\/p>\n<p style=\"text-align: center;\">Gli attributi personalizzati alle persone e ai progetti, combinati con i tag personalizzati assegnati alle prenotazioni, ai timesheet e ai progetti, consentono di creare un processo di gestione delle risorse unico e flessibile per la vostra azienda.<\/p>\n\n\t\t<\/div>\n\t<\/div>\n<\/div><\/div><\/div><\/div><div class=\"vc_row wpb_row vc_row-fluid redl-row-section padding-default bgv-default bgh-default halign-default\"><div class=\"wpb_column vc_column_container text-left vc_col-sm-12 padding-default bgv-default bgh-default halign-default\"><div class=\"vc_column-inner\"><div class=\"wpb_wrapper\">\n\t<div class=\"wpb_text_column wpb_content_element\" >\n\t\t<div class=\"wpb_wrapper\">\n\t\t\t\n\t\t<\/div>\n\t<\/div>\n<\/div><\/div><\/div><\/div><div class=\"vc_row wpb_row vc_row-fluid redl-row-section padding-default bgv-default bgh-default halign-default\"><div class=\"wpb_column vc_column_container text-left vc_col-sm-12 padding-default bgv-default bgh-default halign-default\"><div class=\"vc_column-inner\"><div class=\"wpb_wrapper\">\n\t<div class=\"wpb_text_column wpb_content_element\" >\n\t\t<div class=\"wpb_wrapper\">\n\t\t\t<h2 style=\"text-align: center;\"><strong>Scoprite perch\u00e9 siamo stati scelti da aziende come Siemens Energy, Human8, Oliver Agency, Hill-Knowlton o Unit9.<\/strong><\/h2>\n\n\t\t<\/div>\n\t<\/div>\n<\/div><\/div><\/div><\/div><div class=\"vc_row wpb_row vc_row-fluid redl-row-section padding-default bgv-default bgh-default halign-default\"><div class=\"wpb_column vc_column_container text-left vc_col-sm-12 padding-default bgv-default bgh-default halign-default\"><div class=\"vc_column-inner vc_custom_1583774752686\"><div class=\"wpb_wrapper\"><form class=\"get-started-form\" action=\"\">\n  <div class=\"get-started-form__input-wrapper\">\n    <input class=\"get-started-form__input\" placeholder=\"Inserire l&#039;e-mail aziendale\" \/>\n  <\/div>\n  <button type=\"submit\" class=\"get-started-form__button\">\n    <span class=\"get-started-form__button-text\">Prova gratuita per 14 giorni<\/>\n  <\/button>\n  <button class=\"get-started-form__button\">\n    <span class=\"get-started-form__button-text\">Email non valida<\/>\n  <\/button>\n<input type=\"hidden\" name=\"trp-form-language\" value=\"it\"\/><\/form>\n<\/div><\/div><\/div><\/div><div class=\"vc_row wpb_row vc_row-fluid redl-row-section padding-default bgv-default bgh-default halign-default\"><div class=\"wpb_column vc_column_container text-left vc_col-sm-12 padding-default bgv-default bgh-default halign-default\"><div class=\"vc_column-inner\"><div class=\"wpb_wrapper\"><\/div><\/div><\/div><\/div>","protected":false},"excerpt":{"rendered":"Teamdeck vs Float See how Teamdeck gives you more control over the whole resource management process, from team and resource scheduling through time tracking to leave management. Below is a comparison of both resource planning software. \u00a0...","protected":false},"author":17,"featured_media":0,"parent":0,"menu_order":0,"comment_status":"closed","ping_status":"closed","template":"","meta":{"footnotes":""},"class_list":["post-7198","page","type-page","status-publish","hentry"],"yoast_head":"<!-- This site is optimized with the Yoast SEO Premium plugin v23.8 (Yoast SEO v24.3) - https:\/\/yoast.com\/wordpress\/plugins\/seo\/ -->\n<title>Float Alternatives - Teamdeck - Resource Management Software<\/title>\n<meta name=\"description\" content=\"Teamdeck.io resource management software is in use by Stormind Games, Circus Maximus, Hill-Knowlton, etc. We replaced Float many times.\" \/>\n<meta name=\"robots\" content=\"index, follow, max-snippet:-1, max-image-preview:large, max-video-preview:-1\" \/>\n<link rel=\"canonical\" href=\"https:\/\/teamdeck.io\/it\/teamdeck-vs-float\/\" \/>\n<meta property=\"og:locale\" content=\"it_IT\" \/>\n<meta property=\"og:type\" content=\"article\" \/>\n<meta property=\"og:title\" content=\"Teamdeck vs Float\" \/>\n<meta property=\"og:description\" content=\"Teamdeck.io resource management software is in use by Stormind Games, Circus Maximus, Hill-Knowlton, etc. We replaced Float many times.\" \/>\n<meta property=\"og:url\" content=\"https:\/\/teamdeck.io\/it\/teamdeck-vs-float\/\" \/>\n<meta property=\"og:site_name\" content=\"Teamdeck\" \/>\n<meta property=\"article:publisher\" content=\"https:\/\/www.facebook.com\/helloteamdeck\" \/>\n<meta property=\"article:modified_time\" content=\"2024-02-08T09:04:18+00:00\" \/>\n<meta property=\"og:image\" content=\"https:\/\/teamdeck.io\/wp-content\/uploads\/2021\/08\/teamdeck-vs-float-2-1.jpg\" \/>\n<meta name=\"twitter:card\" content=\"summary_large_image\" \/>\n<meta name=\"twitter:site\" content=\"@helloteamdeck\" \/>\n<meta name=\"twitter:label1\" content=\"Est. reading time\" \/>\n\t<meta name=\"twitter:data1\" content=\"2 minutes\" \/>\n<script type=\"application\/ld+json\" class=\"yoast-schema-graph\">{\"@context\":\"https:\/\/schema.org\",\"@graph\":[{\"@type\":\"WebPage\",\"@id\":\"https:\/\/teamdeck.io\/teamdeck-vs-float\/\",\"url\":\"https:\/\/teamdeck.io\/teamdeck-vs-float\/\",\"name\":\"Float Alternatives - Teamdeck - Resource Management Software\",\"isPartOf\":{\"@id\":\"https:\/\/teamdeck.io\/#website\"},\"primaryImageOfPage\":{\"@id\":\"https:\/\/teamdeck.io\/teamdeck-vs-float\/#primaryimage\"},\"image\":{\"@id\":\"https:\/\/teamdeck.io\/teamdeck-vs-float\/#primaryimage\"},\"thumbnailUrl\":\"https:\/\/teamdeck.io\/wp-content\/uploads\/2021\/08\/teamdeck-vs-float-2-1.jpg\",\"datePublished\":\"2021-08-24T19:41:30+00:00\",\"dateModified\":\"2024-02-08T09:04:18+00:00\",\"description\":\"Teamdeck.io resource management software is in use by Stormind Games, Circus Maximus, Hill-Knowlton, etc. We replaced Float many times.\",\"breadcrumb\":{\"@id\":\"https:\/\/teamdeck.io\/teamdeck-vs-float\/#breadcrumb\"},\"inLanguage\":\"it-IT\",\"potentialAction\":[{\"@type\":\"ReadAction\",\"target\":[\"https:\/\/teamdeck.io\/teamdeck-vs-float\/\"]}]},{\"@type\":\"ImageObject\",\"inLanguage\":\"it-IT\",\"@id\":\"https:\/\/teamdeck.io\/teamdeck-vs-float\/#primaryimage\",\"url\":\"https:\/\/teamdeck.io\/wp-content\/uploads\/2021\/08\/teamdeck-vs-float-2-1.jpg\",\"contentUrl\":\"https:\/\/teamdeck.io\/wp-content\/uploads\/2021\/08\/teamdeck-vs-float-2-1.jpg\"},{\"@type\":\"BreadcrumbList\",\"@id\":\"https:\/\/teamdeck.io\/teamdeck-vs-float\/#breadcrumb\",\"itemListElement\":[{\"@type\":\"ListItem\",\"position\":1,\"name\":\"Home\",\"item\":\"https:\/\/teamdeck.io\/\"},{\"@type\":\"ListItem\",\"position\":2,\"name\":\"Teamdeck vs Float\"}]},{\"@type\":\"WebSite\",\"@id\":\"https:\/\/teamdeck.io\/#website\",\"url\":\"https:\/\/teamdeck.io\/\",\"name\":\"Teamdeck\",\"description\":\"resource scheduling + time tracking + leave management\",\"potentialAction\":[{\"@type\":\"SearchAction\",\"target\":{\"@type\":\"EntryPoint\",\"urlTemplate\":\"https:\/\/teamdeck.io\/?s={search_term_string}\"},\"query-input\":{\"@type\":\"PropertyValueSpecification\",\"valueRequired\":true,\"valueName\":\"search_term_string\"}}],\"inLanguage\":\"it-IT\"}]}<\/script>\n<!-- \/ Yoast SEO Premium plugin. -->","yoast_head_json":{"title":"Float Alternatives - Teamdeck - Resource Management Software","description":"Teamdeck.io resource management software is in use by Stormind Games, Circus Maximus, Hill-Knowlton, etc. We replaced Float many times.","robots":{"index":"index","follow":"follow","max-snippet":"max-snippet:-1","max-image-preview":"max-image-preview:large","max-video-preview":"max-video-preview:-1"},"canonical":"https:\/\/teamdeck.io\/it\/teamdeck-vs-float\/","og_locale":"it_IT","og_type":"article","og_title":"Teamdeck vs Float","og_description":"Teamdeck.io resource management software is in use by Stormind Games, Circus Maximus, Hill-Knowlton, etc. We replaced Float many times.","og_url":"https:\/\/teamdeck.io\/it\/teamdeck-vs-float\/","og_site_name":"Teamdeck","article_publisher":"https:\/\/www.facebook.com\/helloteamdeck","article_modified_time":"2024-02-08T09:04:18+00:00","og_image":[{"url":"https:\/\/teamdeck.io\/wp-content\/uploads\/2021\/08\/teamdeck-vs-float-2-1.jpg","type":"","width":"","height":""}],"twitter_card":"summary_large_image","twitter_site":"@helloteamdeck","twitter_misc":{"Est. reading time":"2 minutes"},"schema":{"@context":"https:\/\/schema.org","@graph":[{"@type":"WebPage","@id":"https:\/\/teamdeck.io\/teamdeck-vs-float\/","url":"https:\/\/teamdeck.io\/teamdeck-vs-float\/","name":"Float Alternatives - Teamdeck - Resource Management Software","isPartOf":{"@id":"https:\/\/teamdeck.io\/#website"},"primaryImageOfPage":{"@id":"https:\/\/teamdeck.io\/teamdeck-vs-float\/#primaryimage"},"image":{"@id":"https:\/\/teamdeck.io\/teamdeck-vs-float\/#primaryimage"},"thumbnailUrl":"https:\/\/teamdeck.io\/wp-content\/uploads\/2021\/08\/teamdeck-vs-float-2-1.jpg","datePublished":"2021-08-24T19:41:30+00:00","dateModified":"2024-02-08T09:04:18+00:00","description":"Teamdeck.io resource management software is in use by Stormind Games, Circus Maximus, Hill-Knowlton, etc. We replaced Float many times.","breadcrumb":{"@id":"https:\/\/teamdeck.io\/teamdeck-vs-float\/#breadcrumb"},"inLanguage":"it-IT","potentialAction":[{"@type":"ReadAction","target":["https:\/\/teamdeck.io\/teamdeck-vs-float\/"]}]},{"@type":"ImageObject","inLanguage":"it-IT","@id":"https:\/\/teamdeck.io\/teamdeck-vs-float\/#primaryimage","url":"https:\/\/teamdeck.io\/wp-content\/uploads\/2021\/08\/teamdeck-vs-float-2-1.jpg","contentUrl":"https:\/\/teamdeck.io\/wp-content\/uploads\/2021\/08\/teamdeck-vs-float-2-1.jpg"},{"@type":"BreadcrumbList","@id":"https:\/\/teamdeck.io\/teamdeck-vs-float\/#breadcrumb","itemListElement":[{"@type":"ListItem","position":1,"name":"Home","item":"https:\/\/teamdeck.io\/"},{"@type":"ListItem","position":2,"name":"Teamdeck vs Float"}]},{"@type":"WebSite","@id":"https:\/\/teamdeck.io\/#website","url":"https:\/\/teamdeck.io\/","name":"Teamdeck","description":"resource scheduling + time tracking + leave management","potentialAction":[{"@type":"SearchAction","target":{"@type":"EntryPoint","urlTemplate":"https:\/\/teamdeck.io\/?s={search_term_string}"},"query-input":{"@type":"PropertyValueSpecification","valueRequired":true,"valueName":"search_term_string"}}],"inLanguage":"it-IT"}]}},"_links":{"self":[{"href":"https:\/\/teamdeck.io\/it\/wp-json\/wp\/v2\/pages\/7198","targetHints":{"allow":["GET"]}}],"collection":[{"href":"https:\/\/teamdeck.io\/it\/wp-json\/wp\/v2\/pages"}],"about":[{"href":"https:\/\/teamdeck.io\/it\/wp-json\/wp\/v2\/types\/page"}],"author":[{"embeddable":true,"href":"https:\/\/teamdeck.io\/it\/wp-json\/wp\/v2\/users\/17"}],"replies":[{"embeddable":true,"href":"https:\/\/teamdeck.io\/it\/wp-json\/wp\/v2\/comments?post=7198"}],"version-history":[{"count":33,"href":"https:\/\/teamdeck.io\/it\/wp-json\/wp\/v2\/pages\/7198\/revisions"}],"predecessor-version":[{"id":12622,"href":"https:\/\/teamdeck.io\/it\/wp-json\/wp\/v2\/pages\/7198\/revisions\/12622"}],"wp:attachment":[{"href":"https:\/\/teamdeck.io\/it\/wp-json\/wp\/v2\/media?parent=7198"}],"curies":[{"name":"wp","href":"https:\/\/api.w.org\/{rel}","templated":true}]}}