{"id":2849,"date":"2017-09-07T11:34:10","date_gmt":"2017-09-07T09:34:10","guid":{"rendered":"https:\/\/teamdeck.io\/?page_id=2849"},"modified":"2024-10-17T10:30:32","modified_gmt":"2024-10-17T08:30:32","slug":"terms-and-conditions","status":"publish","type":"page","link":"https:\/\/teamdeck.io\/it\/termini-e-condizioni\/","title":{"rendered":"Termini e condizioni"},"content":{"rendered":"<div class=\"vc_row wpb_row vc_row-fluid redl-row-section padding-default bgv-default bgh-default halign-default\"><div class=\"wpb_column vc_column_container text-left vc_col-sm-12 padding-default bgv-default bgh-default halign-default\"><div class=\"vc_column-inner\"><div class=\"wpb_wrapper\"><div class=\"vc_empty_space\"   style=\"height: 32px\" ><span class=\"vc_empty_space_inner\"><\/span><\/div>\n\n\t<div class=\"wpb_text_column wpb_content_element\" >\n\t\t<div class=\"wpb_wrapper\">\n\t\t\t<h1 class=\"ng-scope\" style=\"text-align: center;\">Termini e condizioni (\"Termini\")<\/h1>\n\n\t\t<\/div>\n\t<\/div>\n<div class=\"vc_empty_space\"   style=\"height: 32px\" ><span class=\"vc_empty_space_inner\"><\/span><\/div>\n<\/div><\/div><\/div><\/div><div class=\"vc_row wpb_row vc_row-fluid redl-row-section padding-default bgv-default bgh-default halign-default\"><div class=\"wpb_column vc_column_container text-left vc_col-sm-12 padding-default bgv-default bgh-default halign-default\"><div class=\"vc_column-inner\"><div class=\"wpb_wrapper\">\n\t<div class=\"wpb_text_column wpb_content_element\" >\n\t\t<div class=\"wpb_wrapper\">\n\t\t\t<p><span style=\"font-weight: 400;\">Si prega di leggere attentamente i presenti Termini e Condizioni (\"Termini\", \"Termini e Condizioni\") prima di utilizzare il sito web https:\/\/teamdeck.io (il \"Servizio\") gestito da Teamdeck sp. z o.o. (\"noi\", \"ci\", \"Teamdeck\" o \"nostro\") con sede legale in: G\u00f3recka 1, 60-201 Pozna\u0144, Polonia, NIP: 7831750055, REGON: 365865326, iscritta nel registro degli imprenditori del Registro Nazionale dei Tribunali tenuto dal Tribunale Distrettuale di Pozna\u0144-Nowe Miasto i Wilda a Pozna\u0144, VIII Divisione Commerciale del Registro Nazionale dei Tribunali, sotto KRS. 0000646426.<\/span><\/p>\n<p><span style=\"font-weight: 400;\">L'accesso e l'utilizzo del Servizio da parte del cliente sono subordinati all'accettazione e al rispetto delle presenti Condizioni. Le presenti Condizioni si applicano a tutti i visitatori, utenti e altri soggetti che accedono o utilizzano il Servizio.<\/span><\/p>\n<p><span style=\"font-weight: 400;\">Accedendo o utilizzando il Servizio il cliente accetta di essere vincolato dai presenti Termini. Se il cliente non \u00e8 d'accordo con qualsiasi parte dei termini, non pu\u00f2 accedere al Servizio.<\/span><\/p>\n<p class=\"ng-scope\"><strong>\u00a71. Requisiti tecnici<\/strong><\/p>\n<p class=\"ng-scope\">1. Nell'ambito dell'utilizzo delle funzionalit\u00e0 di Teamdeck da parte dei clienti, i Termini e le Condizioni saranno considerati come i \"regolamenti\" di cui all'articolo 8 della legge del 18 luglio 2002 sulla fornitura di servizi tramite mezzi elettronici (Gazzetta ufficiale del 2002, n. 144, voce 1204, e successive modifiche).<\/p>\n<p class=\"ng-scope\">2. I requisiti tecnici riguardano gli aspetti tecnici che il cliente deve soddisfare per poter utilizzare il Servizio. Il cliente deve utilizzare:<\/p>\n<ul class=\"ng-scope\">\n<li>Chrome (versione attuale)<\/li>\n<li>Mac \/ Windows<\/li>\n<li>8 GB DI RAM<\/li>\n<li>CPU Intel Core i3 Gen 2 o successiva<\/li>\n<\/ul>\n<p>3.\u00a0<span style=\"font-weight: 400;\">Per creare un nuovo account il cliente deve compilare il modulo e leggere e accettare le nostre Condizioni. Il cliente accetta le nostre Condizioni contrassegnando la casella \"Ho letto e accetto Termini e Condizioni\". Il cliente pu\u00f2 anche cantare utilizzando l'account Podio o le applicazioni Google. Cantare utilizzando i servizi citati significa accettare i presenti Termini. \u00a0<\/span><\/p>\n<p class=\"ng-scope\"><strong>\u00a72. Abbonamenti<\/strong><\/p>\n<p class=\"ng-scope\"><span style=\"font-weight: 400;\">1. Alcune parti del Servizio sono fatturate in abbonamento (\"Abbonamento\/i\"). La fatturazione avverr\u00e0 in anticipo su base ricorrente e periodica (\"Ciclo di fatturazione\"). I cicli di fatturazione sono impostati su base mensile o annuale, a seconda del tipo di piano di abbonamento selezionato dall'utente al momento dell'acquisto di un Abbonamento.<\/span><\/p>\n<p class=\"ng-scope\"><span style=\"font-weight: 400;\">2. Alla fine di ogni ciclo di fatturazione, l'abbonamento del cliente si rinnover\u00e0 automaticamente alle stesse condizioni, a meno che il cliente non lo cancelli o Teamdeck non lo cancelli. Il cliente pu\u00f2 annullare il rinnovo dell'abbonamento attraverso la pagina di gestione dell'account online o contattando il team di assistenza clienti di Teamdeck.<\/span><\/p>\n<p><span style=\"font-weight: 400;\">Un metodo di pagamento valido, inclusa la carta di credito, \u00e8 necessario per elaborare il pagamento dell'Abbonamento del cliente. Il Cliente dovr\u00e0 fornire a Teamdeck informazioni di fatturazione accurate e complete, tra cui nome e cognome, indirizzo, stato, codice postale, numero di telefono e un metodo di pagamento valido. Con l'invio di tali informazioni di pagamento, il cliente autorizza automaticamente Teamdeck ad addebitare tutte le tariffe dell'Abbonamento sostenute attraverso l'account del cliente su tali strumenti di pagamento.<\/span><\/p>\n<p><span style=\"font-weight: 400;\">3. Nel caso in cui la fatturazione automatica non avvenga per qualsiasi motivo, Teamdeck emetter\u00e0 una fattura elettronica indicando che il cliente dovr\u00e0 procedere manualmente, entro una certa data di scadenza, al pagamento completo corrispondente al periodo di fatturazione come indicato nella fattura.<\/span><\/p>\n<p class=\"ng-scope\"><strong>\u00a73. Prova gratuita<\/strong><\/p>\n<p class=\"ng-scope\"><span style=\"font-weight: 400;\">1. Teamdeck. pu\u00f2, a sua esclusiva discrezione, offrire un abbonamento con una prova gratuita per un periodo di tempo limitato (\"Prova Gratuita\").<\/span><\/p>\n<p class=\"ng-scope\"><span style=\"font-weight: 400;\">2. Al Cliente potrebbe essere richiesto di inserire i propri dati di fatturazione e di fornire un numero di cellulare valido per iscriversi alla Prova Gratuita.<\/p>\n<p>Il numero di cellulare fornito sar\u00e0 utilizzato per la verifica dell'account e per le comunicazioni relative alla Prova gratuita e al successivo Abbonamento.<\/p>\n<p>Se il cliente inserisce i suoi dati di fatturazione quando si iscrive alla Prova Gratuita, Teamdeck non gli addebiter\u00e0 nulla fino alla scadenza della Prova Gratuita. L'ultimo giorno del periodo di Prova Gratuita, a meno che il cliente non cancelli il suo Abbonamento, gli verranno automaticamente addebitate le tariffe applicabili per il tipo di Abbonamento selezionato.<\/span><\/p>\n<p><span style=\"font-weight: 400;\">3. In qualsiasi momento e senza preavviso, Teamdeck si riserva il diritto di (i) modificare i termini e le condizioni dell'offerta di Prova Gratuita, o (ii) cancellare tale offerta di Prova Gratuita.<\/span><\/p>\n<p class=\"ng-scope\"><strong>\u00a74. Modifiche alle tariffe<\/strong><\/p>\n<p class=\"ng-scope\"><span style=\"font-weight: 400;\">1. Teamdeck, a sua esclusiva discrezione e in qualsiasi momento, pu\u00f2 modificare le tariffe degli Abbonamenti. Qualsiasi modifica del canone di abbonamento diventer\u00e0 effettiva alla fine del Ciclo di Fatturazione in corso.<\/span><\/p>\n<p class=\"ng-scope\"><span style=\"font-weight: 400;\">2. Teamdeck fornir\u00e0 al cliente un ragionevole preavviso di qualsiasi modifica delle tariffe dell'Abbonamento per dargli l'opportunit\u00e0 di terminare l'Abbonamento del cliente prima che tale modifica diventi effettiva.<\/span><\/p>\n<p class=\"ng-scope\"><span style=\"font-weight: 400;\">3. L'uso continuato del Servizio da parte del Cliente dopo l'entrata in vigore della modifica del canone di abbonamento costituisce l'accordo del Cliente a pagare l'importo del canone di abbonamento modificato.<\/span><\/p>\n<p class=\"ng-scope\"><strong>\u00a75. Rimborsi<\/strong><\/p>\n<p><span style=\"font-weight: 400;\">Alcune richieste di rimborso per gli Abbonamenti possono essere prese in considerazione da Teamdeck caso per caso e concesse a esclusiva discrezione di Teamdeck.<\/span><\/p>\n<p class=\"ng-scope\"><strong>\u00a76. Conti<\/strong><\/p>\n<p class=\"ng-scope\"><span style=\"font-weight: 400;\">1. Quando il cliente crea un account con noi, deve fornirci informazioni accurate, complete e aggiornate in ogni momento. In caso contrario, si configura una violazione dei Termini, che pu\u00f2 comportare l'immediata chiusura dell'account del cliente sul nostro Servizio.<\/span><\/p>\n<p class=\"ng-scope\"><span style=\"font-weight: 400;\">2. Il cliente \u00e8 responsabile della salvaguardia della password che utilizza per accedere al Servizio e di qualsiasi attivit\u00e0 o azione effettuata con la sua password, sia che si tratti del nostro Servizio che di un servizio di terzi.<\/span><\/p>\n<p class=\"ng-scope\"><span style=\"font-weight: 400;\">3. Il cliente si impegna a non divulgare la propria password a terzi. L'utente \u00e8 tenuto a notificare immediatamente la violazione della sicurezza o l'uso non autorizzato del proprio account.<\/span><\/p>\n<p class=\"ng-scope\"><span style=\"font-weight: 400;\">4. Il cliente non pu\u00f2 utilizzare come nome utente il nome di un'altra persona o entit\u00e0 o che non sia legalmente disponibile per l'uso, un nome o un marchio che sia soggetto a diritti di un'altra persona o entit\u00e0 diversa dai clienti senza un'autorizzazione appropriata, o un nome che sia altrimenti offensivo, volgare o osceno.<\/span><\/p>\n<p class=\"ng-scope\"><strong>\u00a77. Propriet\u00e0 intellettuale<\/strong><\/p>\n<p><span style=\"font-weight: 400;\">Il Servizio e il suo contenuto originale, le caratteristiche e le funzionalit\u00e0 sono e rimarranno di propriet\u00e0 esclusiva di Teamdeck e dei suoi licenziatari. Il Servizio \u00e8 protetto da copyright, marchi e altre leggi sia della Polonia che di altri paesi. I nostri marchi e la nostra immagine commerciale non possono essere utilizzati in relazione a qualsiasi prodotto o servizio senza il preventivo consenso scritto di Teamdeck.<\/span><\/p>\n<p class=\"ng-scope\"><strong>\u00a78. Collegamenti ad altri siti web<\/strong><\/p>\n<p class=\"ng-scope\"><span style=\"font-weight: 400;\">1. Il nostro Servizio pu\u00f2 contenere link a siti web o servizi di terzi che non sono posseduti o controllati da Teamdeck.<\/span><\/p>\n<p class=\"ng-scope\"><span style=\"font-weight: 400;\">2. Teamdeck non ha alcun controllo e non si assume alcuna responsabilit\u00e0 per il contenuto, le politiche sulla privacy o le pratiche di qualsiasi sito web o servizio di terzi. Il Cliente riconosce e accetta inoltre che Teamdeck non sar\u00e0 responsabile, direttamente o indirettamente, per qualsiasi danno o perdita causata o che si presume possa essere causata da o in connessione con l'uso o l'affidamento su tali contenuti, beni o servizi disponibili su o attraverso tali siti web o servizi.<\/span><\/p>\n<p class=\"ng-scope\"><span style=\"font-weight: 400;\">3. Si consiglia vivamente al cliente di leggere i termini e le condizioni e le politiche sulla privacy di qualsiasi sito o servizio web di terzi che il cliente visita.<\/span><\/p>\n<p class=\"ng-scope\"><strong>\u00a79. Terminazione<\/strong><\/p>\n<p class=\"ng-scope\"><span style=\"font-weight: 400;\">1. Possiamo chiudere o sospendere l'account del cliente immediatamente, senza preavviso o responsabilit\u00e0, per qualsiasi motivo, incluso, senza limitazione, se il cliente viola i Termini.<\/span><\/p>\n<p class=\"ng-scope\"><span style=\"font-weight: 400;\">2. In caso di risoluzione, il diritto del Cliente di utilizzare il Servizio cesser\u00e0 immediatamente. Se il cliente desidera terminare il proprio account, pu\u00f2 semplicemente interrompere l'utilizzo del Servizio.<\/span><\/p>\n<p class=\"ng-scope\"><strong>\u00a710. Limitazione di responsabilit\u00e0<\/strong><\/p>\n<p><span style=\"font-weight: 400;\">In nessun caso Teamdeck, n\u00e9 i suoi direttori, dipendenti, partner, agenti, fornitori o affiliati, saranno responsabili per qualsiasi danno indiretto, incidentale, speciale, consequenziale o punitivo, compresi, senza limitazioni, la perdita di profitti, dati, uso, avviamento o altre perdite intangibili, derivanti da (i) l'accesso o l'uso o l'impossibilit\u00e0 di accedere o utilizzare il Servizio; (ii) qualsiasi condotta o contenuto di terzi sul Servizio; (iii) qualsiasi contenuto ottenuto dal Servizio; e (iv) accesso non autorizzato, uso o alterazione delle trasmissioni o dei contenuti dell'utente, sia in base alla garanzia, al contratto, al torto (inclusa la negligenza) o a qualsiasi altra teoria legale, indipendentemente dal fatto che siamo stati informati o meno della possibilit\u00e0 di tali danni, e anche nel caso in cui un rimedio stabilito nel presente documento risulti essere venuto meno al suo scopo essenziale.<\/span><\/p>\n<p class=\"ng-scope\"><strong>\u00a711. Esonero di responsabilit\u00e0<\/strong><\/p>\n<p class=\"ng-scope\"><span style=\"font-weight: 400;\">1. L'utilizzo del Servizio da parte dell'utente \u00e8 a suo esclusivo rischio. Il Servizio \u00e8 fornito \"COS\u00cc COM'\u00c8\" e \"COME DISPONIBILE\". Il Servizio viene fornito senza garanzie di alcun tipo, espresse o implicite, incluse, a titolo esemplificativo e non esaustivo, garanzie implicite di commerciabilit\u00e0, idoneit\u00e0 per uno scopo particolare, non violazione o corso delle prestazioni.<\/span><\/p>\n<p class=\"ng-scope\"><span style=\"font-weight: 400;\">2. Teamdeck, le sue filiali, i suoi affiliati e i suoi licenziatari non garantiscono che a) il Servizio funzioner\u00e0 senza interruzioni, sar\u00e0 sicuro o disponibile in qualsiasi momento o luogo particolare; b) qualsiasi errore o difetto sar\u00e0 corretto; c) il Servizio \u00e8 privo di virus o altri componenti dannosi; o d) i risultati dell'utilizzo del Servizio soddisferanno i requisiti dell'utente.<\/span><\/p>\n<p class=\"ng-scope\"><strong>\u00a712. Legge applicabile<\/strong><\/p>\n<p class=\"ng-scope\"><span style=\"font-weight: 400;\">1. Le presenti Condizioni saranno disciplinate e interpretate in conformit\u00e0 alle leggi della Polonia, senza tener conto delle disposizioni in materia di conflitto di leggi.<\/span><\/p>\n<p class=\"ng-scope\"><span style=\"font-weight: 400;\">2. La mancata applicazione da parte nostra di qualsiasi diritto o disposizione dei presenti Termini non sar\u00e0 considerata una rinuncia a tali diritti. Se una disposizione dei presenti Termini \u00e8 ritenuta non valida o non applicabile da un tribunale, le restanti disposizioni dei Termini rimarranno in vigore. I presenti Termini costituiscono l'intero accordo tra noi in merito al nostro Servizio e sostituiscono qualsiasi accordo precedente tra noi in merito al Servizio.<\/span><\/p>\n<p class=\"ng-scope\"><strong>\u00a713. Modifiche<\/strong><\/p>\n<p class=\"ng-scope\"><span style=\"font-weight: 400;\">1. Ci riserviamo il diritto, a nostra esclusiva discrezione, di modificare o sostituire i presenti Termini in qualsiasi momento. Se la revisione \u00e8 sostanziale, cercheremo di fornire un preavviso di almeno 30 giorni prima dell'entrata in vigore dei nuovi termini. Ci\u00f2 che costituisce una modifica sostanziale sar\u00e0 determinato a nostra esclusiva discrezione.<\/span><\/p>\n<p class=\"ng-scope\"><span style=\"font-weight: 400;\">2. Continuando ad accedere o a utilizzare il nostro Servizio dopo l'entrata in vigore di tali revisioni, l'utente accetta di essere vincolato dai termini rivisti. Se non si accettano i nuovi termini, si prega di interrompere l'utilizzo del Servizio.<\/span><\/p>\n<p class=\"ng-scope\"><strong>\u00a714. Dati personali<\/strong><\/p>\n<p class=\"ng-scope\"><span style=\"font-weight: 400;\">1. Il Cliente, con la registrazione e l'utilizzo del Servizio, fornisce volontariamente i propri dati personali, il cui conferimento \u00e8 necessario per l'utilizzo del Servizio e per la creazione dell'account del Cliente. L'elaborazione dei dati di cui sopra avviene su richiesta del cliente e con il suo consenso.<\/span><\/p>\n<p class=\"ng-scope\"><span style=\"font-weight: 400;\">2. Il trattamento dei dati personali da parte di Teamdeck avverr\u00e0 solo nella misura necessaria per consentire il corretto accesso ai servizi forniti da Teamdeck e per le finalit\u00e0 di marketing nel caso in cui il Cliente voglia ricevere il servizio di newsletter. I dati personali sono trattati in conformit\u00e0 alla legge applicabile, incluso il Regolamento (UE) 2016\/679 del Parlamento Europeo e del Consiglio del 27 aprile 2016 relativo alla protezione delle persone fisiche con riguardo al trattamento dei dati personali, nonch\u00e9 alla libera circolazione di tali dati e all'abrogazione della direttiva 95 \/ 46 \/ CE (regolamento generale sulla protezione dei dati).<\/span><\/p>\n<p class=\"ng-scope\"><span style=\"font-weight: 400;\">3. I dettagli relativi all'ambito e alle finalit\u00e0 del trattamento dei dati personali e ai diritti dell'Utente sono riportati nell'Informativa sulla protezione dei dati (ai sensi dell'art. 13 par. 1,2,4 del GDPR), che \u00e8 un documento separato disponibile all'indirizzo\u00a0<a href=\"https:\/\/teamdeck.io\/it\/informazioni-sulla-protezione-dei-dati\/\">https:\/\/teamdeck.io\/data-protection-information\/<\/a> e nella nostra Informativa sulla protezione dei dati che costituisce un documento separato disponibile all'indirizzo\u00a0<a href=\"https:\/\/teamdeck.io\/it\/politica-di-protezione-dei-dati\/\">https:\/\/teamdeck.io\/data-protection-policy\/<\/a> .<\/span><\/p>\n<p>4. Durante la PROVA GRATUITA, i dati dell'utente, compreso il numero di telefono fornito, vengono utilizzati per supportare gli utenti nell'utilizzo di Teamdeck, nell'onboarding, nel fornire informazioni sulle (nuove) funzionalit\u00e0 e sugli aggiornamenti\/miglioramenti di Teamdeck, sui prodotti e, ove applicabile, sulle informazioni relative allo stato dell'account e alla fatturazione, e per condurre sondaggi sui clienti al fine di migliorare la qualit\u00e0 del servizio. A tal fine, Teamdeck pu\u00f2 contattare gli utenti via e-mail o tramite il numero di telefono fornito.<\/p>\n\n\t\t<\/div>\n\t<\/div>\n<div class=\"vc_empty_space\"   style=\"height: 32px\" ><span class=\"vc_empty_space_inner\"><\/span><\/div>\n<\/div><\/div><\/div><\/div>","protected":false},"excerpt":{"rendered":"Terms and Conditions (\"Terms\") Please read these Terms and Conditions (\"Terms\", \"Terms and Conditions\") carefully before using the https:\/\/teamdeck.io website (the \"Service\") operated by Teamdeck sp. z o.o. (\"us\", \"we\", \u201eTeamdeck\u201d or \"our\") with its registered office...","protected":false},"author":17,"featured_media":0,"parent":0,"menu_order":0,"comment_status":"closed","ping_status":"closed","template":"","meta":{"footnotes":""},"class_list":["post-2849","page","type-page","status-publish","hentry"],"yoast_head":"<!-- This site is optimized with the Yoast SEO Premium plugin v23.8 (Yoast SEO v24.3) - https:\/\/yoast.com\/wordpress\/plugins\/seo\/ -->\n<title>Teamdeck - Terms and Conditions<\/title>\n<meta name=\"description\" content=\"If you are Teamdeck\u2019s new user, please read the following Terms and Conditions carefully. By accessing or using the Service you agree to these Terms.\" \/>\n<meta name=\"robots\" content=\"index, follow, max-snippet:-1, max-image-preview:large, max-video-preview:-1\" \/>\n<link rel=\"canonical\" href=\"https:\/\/teamdeck.io\/it\/termini-e-condizioni\/\" \/>\n<meta property=\"og:locale\" content=\"it_IT\" \/>\n<meta property=\"og:type\" content=\"article\" \/>\n<meta property=\"og:title\" content=\"Teamdeck - Terms and Conditions\" \/>\n<meta property=\"og:description\" content=\"If you are Teamdeck\u2019s new user, please read the following Terms and Conditions carefully. By accessing or using the Service you agree to these Terms.\" \/>\n<meta property=\"og:url\" content=\"https:\/\/teamdeck.io\/it\/termini-e-condizioni\/\" \/>\n<meta property=\"og:site_name\" content=\"Teamdeck\" \/>\n<meta property=\"article:publisher\" content=\"https:\/\/www.facebook.com\/helloteamdeck\" \/>\n<meta property=\"article:modified_time\" content=\"2024-10-17T08:30:32+00:00\" \/>\n<meta property=\"og:image\" content=\"https:\/\/cdn.teamdeck.io\/uploads\/website\/2017\/09\/teamdeck-share.png\" \/>\n<meta name=\"twitter:card\" content=\"summary_large_image\" \/>\n<meta name=\"twitter:title\" content=\"Teamdeck - Terms and Conditions\" \/>\n<meta name=\"twitter:description\" content=\"If you are Teamdeck\u2019s new user, please read the following Terms and Conditions carefully. By accessing or using the Service you agree to these Terms.\" \/>\n<meta name=\"twitter:image\" content=\"https:\/\/cdn.teamdeck.io\/uploads\/website\/2017\/09\/teamdeck-share.png\" \/>\n<meta name=\"twitter:site\" content=\"@helloteamdeck\" \/>\n<meta name=\"twitter:label1\" content=\"Est. reading time\" \/>\n\t<meta name=\"twitter:data1\" content=\"9 minutes\" \/>\n<script type=\"application\/ld+json\" class=\"yoast-schema-graph\">{\"@context\":\"https:\/\/schema.org\",\"@graph\":[{\"@type\":\"WebPage\",\"@id\":\"https:\/\/teamdeck.io\/terms-and-conditions\/\",\"url\":\"https:\/\/teamdeck.io\/terms-and-conditions\/\",\"name\":\"Teamdeck - Terms and Conditions\",\"isPartOf\":{\"@id\":\"https:\/\/teamdeck.io\/#website\"},\"datePublished\":\"2017-09-07T09:34:10+00:00\",\"dateModified\":\"2024-10-17T08:30:32+00:00\",\"description\":\"If you are Teamdeck\u2019s new user, please read the following Terms and Conditions carefully. By accessing or using the Service you agree to these Terms.\",\"breadcrumb\":{\"@id\":\"https:\/\/teamdeck.io\/terms-and-conditions\/#breadcrumb\"},\"inLanguage\":\"it-IT\",\"potentialAction\":[{\"@type\":\"ReadAction\",\"target\":[\"https:\/\/teamdeck.io\/terms-and-conditions\/\"]}]},{\"@type\":\"BreadcrumbList\",\"@id\":\"https:\/\/teamdeck.io\/terms-and-conditions\/#breadcrumb\",\"itemListElement\":[{\"@type\":\"ListItem\",\"position\":1,\"name\":\"Home\",\"item\":\"https:\/\/teamdeck.io\/\"},{\"@type\":\"ListItem\",\"position\":2,\"name\":\"Terms and Conditions\"}]},{\"@type\":\"WebSite\",\"@id\":\"https:\/\/teamdeck.io\/#website\",\"url\":\"https:\/\/teamdeck.io\/\",\"name\":\"Teamdeck\",\"description\":\"resource scheduling + time tracking + leave management\",\"potentialAction\":[{\"@type\":\"SearchAction\",\"target\":{\"@type\":\"EntryPoint\",\"urlTemplate\":\"https:\/\/teamdeck.io\/?s={search_term_string}\"},\"query-input\":{\"@type\":\"PropertyValueSpecification\",\"valueRequired\":true,\"valueName\":\"search_term_string\"}}],\"inLanguage\":\"it-IT\"}]}<\/script>\n<!-- \/ Yoast SEO Premium plugin. -->","yoast_head_json":{"title":"Teamdeck - Terms and Conditions","description":"If you are Teamdeck\u2019s new user, please read the following Terms and Conditions carefully. By accessing or using the Service you agree to these Terms.","robots":{"index":"index","follow":"follow","max-snippet":"max-snippet:-1","max-image-preview":"max-image-preview:large","max-video-preview":"max-video-preview:-1"},"canonical":"https:\/\/teamdeck.io\/it\/termini-e-condizioni\/","og_locale":"it_IT","og_type":"article","og_title":"Teamdeck - Terms and Conditions","og_description":"If you are Teamdeck\u2019s new user, please read the following Terms and Conditions carefully. By accessing or using the Service you agree to these Terms.","og_url":"https:\/\/teamdeck.io\/it\/termini-e-condizioni\/","og_site_name":"Teamdeck","article_publisher":"https:\/\/www.facebook.com\/helloteamdeck","article_modified_time":"2024-10-17T08:30:32+00:00","og_image":[{"url":"https:\/\/cdn.teamdeck.io\/uploads\/website\/2017\/09\/teamdeck-share.png","type":"","width":"","height":""}],"twitter_card":"summary_large_image","twitter_title":"Teamdeck - Terms and Conditions","twitter_description":"If you are Teamdeck\u2019s new user, please read the following Terms and Conditions carefully. By accessing or using the Service you agree to these Terms.","twitter_image":"https:\/\/cdn.teamdeck.io\/uploads\/website\/2017\/09\/teamdeck-share.png","twitter_site":"@helloteamdeck","twitter_misc":{"Est. reading time":"9 minutes"},"schema":{"@context":"https:\/\/schema.org","@graph":[{"@type":"WebPage","@id":"https:\/\/teamdeck.io\/terms-and-conditions\/","url":"https:\/\/teamdeck.io\/terms-and-conditions\/","name":"Teamdeck - Terms and Conditions","isPartOf":{"@id":"https:\/\/teamdeck.io\/#website"},"datePublished":"2017-09-07T09:34:10+00:00","dateModified":"2024-10-17T08:30:32+00:00","description":"If you are Teamdeck\u2019s new user, please read the following Terms and Conditions carefully. By accessing or using the Service you agree to these Terms.","breadcrumb":{"@id":"https:\/\/teamdeck.io\/terms-and-conditions\/#breadcrumb"},"inLanguage":"it-IT","potentialAction":[{"@type":"ReadAction","target":["https:\/\/teamdeck.io\/terms-and-conditions\/"]}]},{"@type":"BreadcrumbList","@id":"https:\/\/teamdeck.io\/terms-and-conditions\/#breadcrumb","itemListElement":[{"@type":"ListItem","position":1,"name":"Home","item":"https:\/\/teamdeck.io\/"},{"@type":"ListItem","position":2,"name":"Terms and Conditions"}]},{"@type":"WebSite","@id":"https:\/\/teamdeck.io\/#website","url":"https:\/\/teamdeck.io\/","name":"Teamdeck","description":"resource scheduling + time tracking + leave management","potentialAction":[{"@type":"SearchAction","target":{"@type":"EntryPoint","urlTemplate":"https:\/\/teamdeck.io\/?s={search_term_string}"},"query-input":{"@type":"PropertyValueSpecification","valueRequired":true,"valueName":"search_term_string"}}],"inLanguage":"it-IT"}]}},"_links":{"self":[{"href":"https:\/\/teamdeck.io\/it\/wp-json\/wp\/v2\/pages\/2849","targetHints":{"allow":["GET"]}}],"collection":[{"href":"https:\/\/teamdeck.io\/it\/wp-json\/wp\/v2\/pages"}],"about":[{"href":"https:\/\/teamdeck.io\/it\/wp-json\/wp\/v2\/types\/page"}],"author":[{"embeddable":true,"href":"https:\/\/teamdeck.io\/it\/wp-json\/wp\/v2\/users\/17"}],"replies":[{"embeddable":true,"href":"https:\/\/teamdeck.io\/it\/wp-json\/wp\/v2\/comments?post=2849"}],"version-history":[{"count":7,"href":"https:\/\/teamdeck.io\/it\/wp-json\/wp\/v2\/pages\/2849\/revisions"}],"predecessor-version":[{"id":13398,"href":"https:\/\/teamdeck.io\/it\/wp-json\/wp\/v2\/pages\/2849\/revisions\/13398"}],"wp:attachment":[{"href":"https:\/\/teamdeck.io\/it\/wp-json\/wp\/v2\/media?parent=2849"}],"curies":[{"name":"wp","href":"https:\/\/api.w.org\/{rel}","templated":true}]}}