{"id":3306,"date":"2017-09-25T13:30:56","date_gmt":"2017-09-25T11:30:56","guid":{"rendered":"https:\/\/teamdeck.io\/?page_id=3306"},"modified":"2018-05-24T09:48:30","modified_gmt":"2018-05-24T07:48:30","slug":"funding-programme","status":"publish","type":"page","link":"https:\/\/teamdeck.io\/id\/program-pendanaan\/","title":{"rendered":"Program pendanaan"},"content":{"rendered":"<p style=\"text-align: center;\"><strong>OPERASI PROGRAMJNY<\/strong><\/p>\n<p style=\"text-align: center;\"><strong>Inteligentny Rozw\u00f3j<\/strong><\/p>\n<h1 style=\"text-align: center;\"><\/h1>\n<p style=\"text-align: center;\"><em><strong>untuk 3 orang yang sedang dalam perjalanan dengan harga terjangkau<\/strong><\/em><\/p>\n<p style=\"text-align: center;\"><em><strong>dzia\u0142anie 3.3 Promosi dan promosi internal atau internalisasi dalam proses pembuatan keputusan<\/strong><\/em><\/p>\n<p style=\"text-align: center;\"><em><strong>poddzia\u0142anie 3.3.3 Wsparcie M\u015aP dan promosi produk - Pergi ke Merek<\/strong><\/em><\/p>\n<p style=\"text-align: center;\"><em><strong>\"Tanda promosi produk perusahaan Teamdeck Sp. dan perusahaan kami telah merealisasikan program promosi IT\/ICT\"<\/strong><\/em><\/p>\n<h1 style=\"text-align: center;\"><\/h1>\n<p><span style=\"font-weight: 400;\">Kr\u00f3tki opis projektu:<\/span><\/p>\n<p><span style=\"font-weight: 400;\">Proyek ini merupakan realisasi dari perusahaan Teamdeck Sp. yang telah melakukan promosi besar-besaran untuk program promosi<\/span><\/p>\n<p><span style=\"font-weight: 400;\">bran\u017cy IT\/ICT dengan program yang tepat untuk meningkatkan nilai produk di pasar. Informasi tentang program pelatihan<\/span><\/p>\n<p><span style=\"font-weight: 400;\">mempromosikan proyek dalam perspektif perspektif saya - dengan Stanach Zjednoczonych Ameryki P\u00f3\u0142nocnej (AS).<\/span><\/p>\n<p><span style=\"font-weight: 400;\">Untuk proyek ini, kami berencana untuk merealisasikannya dalam waktu dekat:<\/span><\/p>\n<ul>\n<li><span style=\"font-weight: 400;\">uczestnictwomen yang memiliki ciri khas yang berbeda,<\/span><\/li>\n<li><span style=\"font-weight: 400;\">untuk membantu Anda menemukan dan mengembangkan teknologi yang sesuai dengan kebutuhan Anda,<\/span><\/li>\n<li><span style=\"font-weight: 400;\">dan juga untuk membantu kami dalam mengembangkan dan meningkatkan kualitas produk kami,<\/span><\/li>\n<li><span style=\"font-weight: 400;\">perusahaan yang bergerak di bidang jasa keuangan di Amerika Serikat,<\/span><\/li>\n<li><span style=\"font-weight: 400;\">merealisasikan promosi informasi yang efektif.<\/span><\/li>\n<\/ul>\n<h1 style=\"text-align: center;\"><\/h1>\n<p><span style=\"font-weight: 400;\">Cele projektu:<\/span><\/p>\n<p><span style=\"font-weight: 400;\">Proyek ini direalisasikan dengan menggunakan sistem operasi yang kuat atau sistem operasi yang kuat dari Teamdeck dalam program yang sangat populer di bidang teknologi informasi dan komunikasi. Saat ini, kami telah mengembangkan versi 3.3POIR, yang merupakan versi terbaru dari platform MSIP untuk pengembangan aplikasi internalisasi MSIP yang telah ada sebelumnya, dan kami akan terus mengembangkannya. 3.3.3PENDAHULUAN.<\/span><\/p>\n<p><span style=\"font-weight: 400;\">Realisasi hasil yang diharapkan dapat dicapai:<\/span><\/p>\n<ul>\n<li><span style=\"font-weight: 400;\">Liczba podpisanych zagr. kontrakt\u00f3w handlowych - 94,<\/span><\/li>\n<li><span style=\"font-weight: 400;\">Przychody produksi produk dalam ekspor - 21 juta dolar AS,<\/span><\/li>\n<li><span style=\"font-weight: 400;\">Nilai investasi dalam proyek produksi ekspor - 2 juta dolar AS.<\/span><\/li>\n<\/ul>\n<p><span style=\"font-weight: 400;\">Hasil proyek yang akurat akan memberikan informasi yang lebih cepat dan kontak yang lebih baik dengan mitra. Kami akan memberikan layanan yang sesuai dengan kebutuhan klien kami di seluruh dunia. Realisasi proyek akan memberikan peluang untuk mendapatkan keuntungan yang lebih besar dari sumber daya yang tersedia untuk setiap proyek.<\/span><\/p>\n<p><span style=\"font-weight: 400;\">Proyek Warto\u015b\u0107: <\/span><b>712.380,00 PLN<\/b><\/p>\n<p><span style=\"font-weight: 400;\">Wk\u0142ad funduszy europejskich: <\/span><b>455.625,00 PLN <\/b><\/p>\n<h1 style=\"text-align: center;\"><\/h1>\n<p>&nbsp;<\/p>\n<p><img loading=\"lazy\" decoding=\"async\" class=\"aligncenter wp-image-3804\" src=\"https:\/\/cdn.teamdeck.io\/uploads\/website\/2017\/09\/24180043\/logosy2.png\" alt=\"\" width=\"1045\" height=\"160\" srcset=\"https:\/\/cdn.teamdeck.io\/uploads\/website\/2017\/09\/24180043\/logosy2.png 2090w, https:\/\/cdn.teamdeck.io\/uploads\/website\/2017\/09\/24180043\/logosy2-300x46.png 300w, https:\/\/cdn.teamdeck.io\/uploads\/website\/2017\/09\/24180043\/logosy2-768x118.png 768w, https:\/\/cdn.teamdeck.io\/uploads\/website\/2017\/09\/24180043\/logosy2-960x147.png 960w\" sizes=\"auto, (max-width: 1045px) 100vw, 1045px\" \/><\/p>","protected":false},"excerpt":{"rendered":"PROGRAM OPERASIONALISASI Inteligentny Rozw\u00f3j selama 3 tahun terakhir 3.3 Program promosi atau promosi internal di dalam perusahaan 3.3. Program promosi atau promosi internal di dalam perusahaan 3.3. Program promosi di dalam perusahaan3.3 Informasi tentang promosi merek produk - Pergi ke Merek \"Promosi merek produk perusahaan Teamdeck Sp. z...","protected":false},"author":17,"featured_media":0,"parent":0,"menu_order":0,"comment_status":"closed","ping_status":"closed","template":"","meta":{"footnotes":""},"class_list":["post-3306","page","type-page","status-publish","hentry"],"yoast_head":"<!-- This site is optimized with the Yoast SEO Premium plugin v23.8 (Yoast SEO v24.3) - https:\/\/yoast.com\/wordpress\/plugins\/seo\/ -->\n<title>Funding programme - Teamdeck<\/title>\n<meta name=\"robots\" content=\"noindex, follow\" \/>\n<meta property=\"og:locale\" content=\"id_ID\" \/>\n<meta property=\"og:type\" content=\"article\" \/>\n<meta property=\"og:title\" content=\"Funding programme\" \/>\n<meta property=\"og:description\" content=\"PROGRAM OPERACYJNY Inteligentny Rozw\u00f3j o\u015b priorytetowa 3 Wsparcie innowacji w przedsi\u0119biorstwach dzia\u0142anie 3.3 Wsparcie promocji oraz internacjonalizacji innowacyjnych\u00a0przedsi\u0119biorstw poddzia\u0142anie 3.3.3 Wsparcie M\u015aP w promocji marek produktowych \u2013 Go to Brand \u201cPromocja marki produktowej firmy Teamdeck Sp. z...\" \/>\n<meta property=\"og:url\" content=\"https:\/\/teamdeck.io\/id\/program-pendanaan\/\" \/>\n<meta property=\"og:site_name\" content=\"Teamdeck\" \/>\n<meta property=\"article:publisher\" content=\"https:\/\/www.facebook.com\/helloteamdeck\" \/>\n<meta property=\"article:modified_time\" content=\"2018-05-24T07:48:30+00:00\" \/>\n<meta property=\"og:image\" content=\"https:\/\/teamdeck.io\/wp-content\/uploads\/2017\/09\/logosy2.png\" \/>\n<meta name=\"twitter:card\" content=\"summary_large_image\" \/>\n<meta name=\"twitter:site\" content=\"@helloteamdeck\" \/>\n<meta name=\"twitter:label1\" content=\"Est. reading time\" \/>\n\t<meta name=\"twitter:data1\" content=\"2 minutes\" \/>\n<script type=\"application\/ld+json\" class=\"yoast-schema-graph\">{\"@context\":\"https:\/\/schema.org\",\"@graph\":[{\"@type\":\"WebPage\",\"@id\":\"https:\/\/teamdeck.io\/funding-programme\/\",\"url\":\"https:\/\/teamdeck.io\/funding-programme\/\",\"name\":\"Funding programme - Teamdeck\",\"isPartOf\":{\"@id\":\"https:\/\/teamdeck.io\/#website\"},\"primaryImageOfPage\":{\"@id\":\"https:\/\/teamdeck.io\/funding-programme\/#primaryimage\"},\"image\":{\"@id\":\"https:\/\/teamdeck.io\/funding-programme\/#primaryimage\"},\"thumbnailUrl\":\"https:\/\/teamdeck.io\/wp-content\/uploads\/2017\/09\/logosy2.png\",\"datePublished\":\"2017-09-25T11:30:56+00:00\",\"dateModified\":\"2018-05-24T07:48:30+00:00\",\"breadcrumb\":{\"@id\":\"https:\/\/teamdeck.io\/funding-programme\/#breadcrumb\"},\"inLanguage\":\"id-ID\",\"potentialAction\":[{\"@type\":\"ReadAction\",\"target\":[\"https:\/\/teamdeck.io\/funding-programme\/\"]}]},{\"@type\":\"ImageObject\",\"inLanguage\":\"id-ID\",\"@id\":\"https:\/\/teamdeck.io\/funding-programme\/#primaryimage\",\"url\":\"https:\/\/teamdeck.io\/wp-content\/uploads\/2017\/09\/logosy2.png\",\"contentUrl\":\"https:\/\/teamdeck.io\/wp-content\/uploads\/2017\/09\/logosy2.png\"},{\"@type\":\"BreadcrumbList\",\"@id\":\"https:\/\/teamdeck.io\/funding-programme\/#breadcrumb\",\"itemListElement\":[{\"@type\":\"ListItem\",\"position\":1,\"name\":\"Home\",\"item\":\"https:\/\/teamdeck.io\/\"},{\"@type\":\"ListItem\",\"position\":2,\"name\":\"Funding programme\"}]},{\"@type\":\"WebSite\",\"@id\":\"https:\/\/teamdeck.io\/#website\",\"url\":\"https:\/\/teamdeck.io\/\",\"name\":\"Teamdeck\",\"description\":\"resource scheduling + time tracking + leave management\",\"potentialAction\":[{\"@type\":\"SearchAction\",\"target\":{\"@type\":\"EntryPoint\",\"urlTemplate\":\"https:\/\/teamdeck.io\/?s={search_term_string}\"},\"query-input\":{\"@type\":\"PropertyValueSpecification\",\"valueRequired\":true,\"valueName\":\"search_term_string\"}}],\"inLanguage\":\"id-ID\"}]}<\/script>\n<!-- \/ Yoast SEO Premium plugin. -->","yoast_head_json":{"title":"Funding programme - Teamdeck","robots":{"index":"noindex","follow":"follow"},"og_locale":"id_ID","og_type":"article","og_title":"Funding programme","og_description":"PROGRAM OPERACYJNY Inteligentny Rozw\u00f3j o\u015b priorytetowa 3 Wsparcie innowacji w przedsi\u0119biorstwach dzia\u0142anie 3.3 Wsparcie promocji oraz internacjonalizacji innowacyjnych\u00a0przedsi\u0119biorstw poddzia\u0142anie 3.3.3 Wsparcie M\u015aP w promocji marek produktowych \u2013 Go to Brand \u201cPromocja marki produktowej firmy Teamdeck Sp. z...","og_url":"https:\/\/teamdeck.io\/id\/program-pendanaan\/","og_site_name":"Teamdeck","article_publisher":"https:\/\/www.facebook.com\/helloteamdeck","article_modified_time":"2018-05-24T07:48:30+00:00","og_image":[{"url":"https:\/\/teamdeck.io\/wp-content\/uploads\/2017\/09\/logosy2.png","type":"","width":"","height":""}],"twitter_card":"summary_large_image","twitter_site":"@helloteamdeck","twitter_misc":{"Est. reading time":"2 minutes"},"schema":{"@context":"https:\/\/schema.org","@graph":[{"@type":"WebPage","@id":"https:\/\/teamdeck.io\/funding-programme\/","url":"https:\/\/teamdeck.io\/funding-programme\/","name":"Funding programme - Teamdeck","isPartOf":{"@id":"https:\/\/teamdeck.io\/#website"},"primaryImageOfPage":{"@id":"https:\/\/teamdeck.io\/funding-programme\/#primaryimage"},"image":{"@id":"https:\/\/teamdeck.io\/funding-programme\/#primaryimage"},"thumbnailUrl":"https:\/\/teamdeck.io\/wp-content\/uploads\/2017\/09\/logosy2.png","datePublished":"2017-09-25T11:30:56+00:00","dateModified":"2018-05-24T07:48:30+00:00","breadcrumb":{"@id":"https:\/\/teamdeck.io\/funding-programme\/#breadcrumb"},"inLanguage":"id-ID","potentialAction":[{"@type":"ReadAction","target":["https:\/\/teamdeck.io\/funding-programme\/"]}]},{"@type":"ImageObject","inLanguage":"id-ID","@id":"https:\/\/teamdeck.io\/funding-programme\/#primaryimage","url":"https:\/\/teamdeck.io\/wp-content\/uploads\/2017\/09\/logosy2.png","contentUrl":"https:\/\/teamdeck.io\/wp-content\/uploads\/2017\/09\/logosy2.png"},{"@type":"BreadcrumbList","@id":"https:\/\/teamdeck.io\/funding-programme\/#breadcrumb","itemListElement":[{"@type":"ListItem","position":1,"name":"Home","item":"https:\/\/teamdeck.io\/"},{"@type":"ListItem","position":2,"name":"Funding programme"}]},{"@type":"WebSite","@id":"https:\/\/teamdeck.io\/#website","url":"https:\/\/teamdeck.io\/","name":"Teamdeck","description":"resource scheduling + time tracking + leave management","potentialAction":[{"@type":"SearchAction","target":{"@type":"EntryPoint","urlTemplate":"https:\/\/teamdeck.io\/?s={search_term_string}"},"query-input":{"@type":"PropertyValueSpecification","valueRequired":true,"valueName":"search_term_string"}}],"inLanguage":"id-ID"}]}},"_links":{"self":[{"href":"https:\/\/teamdeck.io\/id\/wp-json\/wp\/v2\/pages\/3306","targetHints":{"allow":["GET"]}}],"collection":[{"href":"https:\/\/teamdeck.io\/id\/wp-json\/wp\/v2\/pages"}],"about":[{"href":"https:\/\/teamdeck.io\/id\/wp-json\/wp\/v2\/types\/page"}],"author":[{"embeddable":true,"href":"https:\/\/teamdeck.io\/id\/wp-json\/wp\/v2\/users\/17"}],"replies":[{"embeddable":true,"href":"https:\/\/teamdeck.io\/id\/wp-json\/wp\/v2\/comments?post=3306"}],"version-history":[{"count":10,"href":"https:\/\/teamdeck.io\/id\/wp-json\/wp\/v2\/pages\/3306\/revisions"}],"predecessor-version":[{"id":3806,"href":"https:\/\/teamdeck.io\/id\/wp-json\/wp\/v2\/pages\/3306\/revisions\/3806"}],"wp:attachment":[{"href":"https:\/\/teamdeck.io\/id\/wp-json\/wp\/v2\/media?parent=3306"}],"curies":[{"name":"wp","href":"https:\/\/api.w.org\/{rel}","templated":true}]}}