{"id":5727,"date":"2020-03-10T13:14:26","date_gmt":"2020-03-10T11:14:26","guid":{"rendered":"https:\/\/teamdeck.io\/?page_id=5727"},"modified":"2021-08-30T11:40:59","modified_gmt":"2021-08-30T09:40:59","slug":"benefits","status":"publish","type":"page","link":"https:\/\/teamdeck.io\/fr\/avantages\/","title":{"rendered":"Avantages"},"content":{"rendered":"<div data-vc-full-width=\"true\" data-vc-full-width-init=\"false\" class=\"vc_row wpb_row vc_row-fluid redl-row-section vc_custom_1547727116563 vc_row-has-fill vc_row-o-content-middle vc_row-flex padding-default bgv-default bgh-default halign-center\"><div class=\"wpb_column vc_column_container text-left vc_col-sm-4 padding-default bgv-default bgh-default halign-center\"><div class=\"vc_column-inner\"><div class=\"wpb_wrapper\">\n\t<div class=\"wpb_text_column wpb_content_element\" >\n\t\t<div class=\"wpb_wrapper\">\n\t\t\t<h1>Tout est question d'avantages<br \/>\n<span class=\"h2\"><br \/>\n<\/span><\/h1>\n<p>Teamdeck est un outil complet de gestion des ressources.<br \/>\nD\u00e9couvrez comment le suivi du temps, l'affectation des ressources et la gestion des cong\u00e9s peuvent aider votre entreprise :<\/p>\n\n\t\t<\/div>\n\t<\/div>\n\n\t<div class=\"wpb_text_column wpb_content_element\" >\n\t\t<div class=\"wpb_wrapper\">\n\t\t\t<p style=\"text-align: left;\"><span class=\"arrow-link\"><a href=\"https:\/\/calendly.com\/adanielak\/teamdeck-demo\">R\u00e9server une r\u00e9union<\/a><\/span><\/p>\n\n\t\t<\/div>\n\t<\/div>\n<\/div><\/div><\/div><div class=\"wpb_column vc_column_container text-right vc_col-sm-8 vc_col-has-fill padding-default bgv-default bgh-default halign-end\"><div class=\"vc_column-inner vc_custom_1547727481560\"><div class=\"wpb_wrapper\">\n\t<div class=\"wpb_text_column wpb_content_element  vc_custom_1582122422073 video-nocontrols\" >\n\t\t<div class=\"wpb_wrapper\">\n\t\t\t<p><img loading=\"lazy\" decoding=\"async\" class=\"aligncenter wp-image-5694 size-full\" src=\"https:\/\/cdn.teamdeck.io\/uploads\/website\/2020\/02\/19162648\/big-team.png\" alt=\"\" width=\"2512\" height=\"1436\" srcset=\"https:\/\/cdn.teamdeck.io\/uploads\/website\/2020\/02\/19162648\/big-team.png 2512w, https:\/\/cdn.teamdeck.io\/uploads\/website\/2020\/02\/19162648\/big-team-300x171.png 300w, https:\/\/cdn.teamdeck.io\/uploads\/website\/2020\/02\/19162648\/big-team-768x439.png 768w, https:\/\/cdn.teamdeck.io\/uploads\/website\/2020\/02\/19162648\/big-team-960x549.png 960w\" sizes=\"auto, (max-width: 2512px) 100vw, 2512px\" \/><\/p>\n\n\t\t<\/div>\n\t<\/div>\n<\/div><\/div><\/div><\/div><div class=\"vc_row-full-width vc_clearfix\"><\/div><div class=\"vc_row wpb_row vc_row-fluid redl-row-section use-cases-title vc_custom_1582120251302 padding-default bgv-default bgh-default halign-default\"><div class=\"wpb_column vc_column_container text-left vc_col-sm-4 padding-default bgv-default bgh-default halign-default\"><div class=\"vc_column-inner\"><div class=\"wpb_wrapper\">\n\t<div class=\"wpb_text_column wpb_content_element\" >\n\t\t<div class=\"wpb_wrapper\">\n\t\t\t<h3 style=\"text-align: center;\"><span class=\"text-title column-title\">Suivi du temps : <\/span><\/h3>\n<p style=\"text-align: center;\"><a href=\"https:\/\/teamdeck.io\/fr\/boite-a-outils\/calculer-les-salaires-des-employes-sur-la-base-de-leurs-feuilles-de-temps\/\">calculer les salaires \u00e0 partir des feuilles de temps<\/a><br \/>\nfaire de meilleures estimations<br \/>\napprenez votre mod\u00e8le de productivit\u00e9<br \/>\n<a href=\"https:\/\/teamdeck.io\/fr\/gestion-de-projet\/comment-mesurer-lutilisation-des-ressources\/\">suivre l'utilisation<\/a><br \/>\n<a href=\"https:\/\/teamdeck.io\/fr\/teamdeck\/suivi-du-temps-de-travail-par-telephone-portable\/\">suivez votre temps en d\u00e9placement<\/a><br \/>\n<a href=\"https:\/\/teamdeck.io\/fr\/bonheur-en-equipe\/la-transparence-des-projets\/\">accro\u00eetre la transparence<\/a><\/p>\n\n\t\t<\/div>\n\t<\/div>\n<\/div><\/div><\/div><div class=\"wpb_column vc_column_container text-left vc_col-sm-4 padding-default bgv-default bgh-default halign-default\"><div class=\"vc_column-inner\"><div class=\"wpb_wrapper\">\n\t<div class=\"wpb_text_column wpb_content_element\" >\n\t\t<div class=\"wpb_wrapper\">\n\t\t\t<h3 style=\"text-align: center;\"><span class=\"text-title column-title\">Allocation des ressources :<\/span><\/h3>\n<p style=\"text-align: center;\">\u00e9liminer les risques<br \/>\nrespecter les d\u00e9lais<br \/>\nr\u00e9pondre aux besoins des clients<br \/>\nattribuer les projets en fonction de la disponibilit\u00e9<br \/>\n\u00e9conomiser de l'argent<br \/>\n<a href=\"https:\/\/teamdeck.io\/fr\/gestion-de-projet\/gestion-de-la-charge-de-travail-de-lequipe\/\">g\u00e9rer la charge de travail<\/a><br \/>\n<a href=\"https:\/\/teamdeck.io\/fr\/gestion-de-projet\/comment-eviter-lepuisement-professionnel-des-salaries\/\">\u00e9viter l'\u00e9puisement des employ\u00e9s<\/a><\/p>\n\n\t\t<\/div>\n\t<\/div>\n<\/div><\/div><\/div><div class=\"wpb_column vc_column_container text-left vc_col-sm-4 padding-default bgv-default bgh-default halign-default\"><div class=\"vc_column-inner\"><div class=\"wpb_wrapper\">\n\t<div class=\"wpb_text_column wpb_content_element\" >\n\t\t<div class=\"wpb_wrapper\">\n\t\t\t<h3 style=\"text-align: center;\"><span class=\"text-title column-title\">Gestion des cong\u00e9s :<\/span><\/h3>\n<p style=\"text-align: center;\">r\u00e9duire les co\u00fbts<br \/>\n\u00e9liminer les erreurs<br \/>\nprendre des d\u00e9cisions en connaissance de cause<br \/>\n\u00e9liminer la communication inefficace<br \/>\n<a href=\"https:\/\/teamdeck.io\/fr\/hr\/un-suivi-efficace-des-absences\/\">suivre les absences et les jours de cong\u00e9<\/a><\/p>\n\n\t\t<\/div>\n\t<\/div>\n<\/div><\/div><\/div><\/div><div data-vc-full-width=\"true\" data-vc-full-width-init=\"false\" class=\"vc_row wpb_row vc_row-fluid redl-row-section footer-message-row vc_custom_1574170946244 vc_row-has-fill vc_row-o-equal-height vc_row-o-content-middle vc_row-flex padding-medium bgv-default bgh-default halign-center\"><div class=\"wpb_column vc_column_container text-center vc_col-sm-12 vc_col-lg-8 vc_col-md-9 padding-default bgv-default bgh-default halign-default\"><div class=\"vc_column-inner vc_custom_1574338100280\"><div class=\"wpb_wrapper\">\n\t<div class=\"wpb_text_column wpb_content_element  vc_custom_1583774611383 footer-message-title\" >\n\t\t<div class=\"wpb_wrapper\">\n\t\t\t<p style=\"text-align: center;\">Vous pouvez tout avoir.<br \/>\nUn seul plan, toutes les fonctionnalit\u00e9s, un prix fixe :<br \/>\n$3.99 \/ Membre \u00e0 part enti\u00e8re \/ mois<\/p>\n\n\t\t<\/div>\n\t<\/div>\n<\/div><\/div><\/div><\/div><div class=\"vc_row-full-width vc_clearfix\"><\/div><div class=\"vc_row wpb_row vc_row-fluid redl-row-section padding-default bgv-default bgh-default halign-default\"><div class=\"wpb_column vc_column_container text-left vc_col-sm-12 padding-default bgv-default bgh-default halign-default\"><div class=\"vc_column-inner\"><div class=\"wpb_wrapper\"><div class=\"pricing__container pricing-calculator\">\n\t<div class=\"pricing\">\n\t\t<div class=\"pricing__row pricing__main clearfix\">\n\t\t\t<div class=\"pricing__image-container\">\n\t\t\t\t<img decoding=\"async\" src=\"https:\/\/teamdeck.io\/wp-content\/themes\/teamdeck\/assets\/images\/pricing-startup.png\" alt=\"\" class=\"pricing__image pricing__image--startup\">\n\t\t\t\t<img decoding=\"async\" src=\"https:\/\/teamdeck.io\/wp-content\/themes\/teamdeck\/assets\/images\/pricing-business.png\" alt=\"\" class=\"pricing__image pricing__image--business visibility-hidden\">\n\t\t\t\t<img decoding=\"async\" src=\"https:\/\/teamdeck.io\/wp-content\/themes\/teamdeck\/assets\/images\/pricing-enterprise.png\" alt=\"\" class=\"pricing__image pricing__image--enterprise visibility-hidden\">\n\t\t\t<\/div>\n\t\t\t<div class=\"pricing__content-container\">\n\t\t\t\t<div class=\"pricing__slider-container pricing__slider-container--members\">\n\t\t\t\t\t<span class=\"pricing__slider-min-label\">1<\/span>\n\t\t\t\t\t<input type=\"range\" data-type=\"members\" class=\"pricing__range input--range\" value=\"1\" step=\"1\" min=\"1\" max=\"300\">\n\t\t\t\t\t<div class=\"pricing__slider-track\">\n\t\t\t\t\t\t<div class=\"pricing__slider-track--active\" style=\"max-width: 1%\"><\/div>\n\t\t\t\t\t<\/div>\n\t\t\t\t\t<span class=\"pricing__slider-max-label\">300+<\/span>\n\t\t\t\t<\/div>\n\t\t\t\t<div class=\"pricing__text-row pricing__text-row--members\">\n\t\t\t\t\t\t\t\t\t\t<span class=\"pricing__text pricing__text--slider pricing--mobile\">J'ai <strong><span class=\"pricing__members-amount\">1<\/span> les membres de l'\u00e9quipe<\/strong> \u00e0 bord<\/span>\n\t\t\t\t\t<span class=\"pricing__text pricing__text--desktop\">Combien de personnes sont \u00e0 bord ?<\/span>\n\t\t\t\t\t<input type=\"number\" class=\"pricing__input pricing__members\" value=\"1\" min=\"1\" max=\"300\">\n\t\t\t\t\t<div class=\"pricing__text-hint-container\">\n\t\t\t\t\t\t<strong class=\"pricing__text pricing__text--desktop pricing__text--bold\">les membres de l'\u00e9quipe<\/strong>\n\t\t\t\t\t\t\t\t\t\t\t\t<div class=\"pricing__hint\"><div class=\"pricing__hint-text\">Acc\u00e8s complet \u00e0 l'application, recommand\u00e9 pour les managers et les employ\u00e9s - 3.99$<\/div>?<\/div>\n\t\t\t\t\t<\/div>\n\t\t\t\t<\/div>\n\t\t\t\t<div class=\"pricing__text-row pricing__text-row--resources\">\n\t\t\t\t\t\t\t\t\t\t<span class=\"pricing__text pricing__text--slider pricing--mobile\">...et <strong><span class=\"pricing__resources-amount\">0<\/span> ressources de base<\/strong><\/span>\n\n\t\t\t\t\t<span class=\"pricing__text pricing__text--desktop\">Vous pouvez \u00e9galement ajouter<\/span>\n\t\t\t\t\t<input type=\"number\" class=\"pricing__input pricing__resources\" value=\"0\" min=\"0\">\n\t\t\t\t\t<div class=\"pricing__text-hint-container\">\n\t\t\t\t\t\t<strong class=\"pricing__text pricing__text--desktop pricing__text--bold\">ressources de base<\/strong>\n\t\t\t\t\t\t\t\t\t\t\t\t<div class=\"pricing__hint\"><div class=\"pricing__hint-text\">Pas d'acc\u00e8s \u00e0 l'application, list\u00e9 sur les calendriers des ressources et les feuilles de temps - $1<\/div>?<\/div>\n\t\t\t\t\t<\/div>\n\t\t\t\t<\/div>\n\t\t\t\t<div class=\"pricing__slider-container pricing__slider-container--mobile pricing__slider-container--resources\">\n\t\t\t\t\t<span class=\"pricing__slider-min-label\">0<\/span>\n\t\t\t\t\t<input type=\"range\" data-type=\"resources\" class=\"pricing__range-resources input--range\" value=\"0\" step=\"1\" min=\"0\" max=\"300\">\n\t\t\t\t\t<div class=\"pricing__slider-track\">\n\t\t\t\t\t\t<div class=\"pricing__slider-track-resources--active\" style=\"max-width: 1%\"><\/div>\n\t\t\t\t\t<\/div>\n\t\t\t\t\t<span class=\"pricing__slider-max-label\">300+<\/span>\n\t\t\t\t<\/div>\n\t\t\t\t<div class=\"pricing__text-row pricing__text-row--plan\">\n\t\t\t\t\t<span class=\"pricing__text\">\n\t\t\t\t\tMon plan : <span class=\"pricing__plan\" data-startup-label=\"Startup plan\" data-business-label=\"Business plan\">Plan de d\u00e9marrage<\/span> pour <span class=\"pricing__price\">$<span class=\"pricing__price-value\">0.00<\/span><span class=\"pricing__price-time\">\/mo<\/span><\/span><br class=\"pricing__br\"> <span class=\"pricing__plan-text\" data-startup-message=\"free up to 2 team members\" data-business-message=\"7-day free trial, no credit card required\">gratuit jusqu'\u00e0 6 membres de l'\u00e9quipe<span>\t\t\t\t\t<\/span>\n\t\t\t\t<\/div>\n\t\t\t\t<div class=\"pricing__text-row pricing__text-row--enterprise hidden\">\n\t\t\t\t\t<span class=\"pricing__text\">Besoin d'un plan plus important ? Contactez-nous pour parler de <strong>options d'entreprise !<\/strong><\/span>\n\t\t\t\t<\/div>\n\t\t\t<\/div>\n\t\t<\/div>\n\t\t<div class=\"pricing__row pricing__row--center pricing__row--button clearfix\">\n\t\t\t<div class=\"pricing__individual hidden\">\n\t\t\t\t<a href=\"mailto:contact@teamdeck.io?subject=Enterprise Pricing\" class=\"pricing-mail pricing__button redl-btn redl-btn-medium redl-btn-two\">Contactez nous<\/a>\n\t\t\t\t<small class=\"pricing__individual-text\">\u00c9tablissons un plan individuel<\/small>\n\t\t\t<\/div>\n\t\t<\/div>\n\t<\/div>\n<\/div>\n<\/div><\/div><\/div><\/div><div class=\"vc_row wpb_row vc_row-fluid redl-row-section padding-default bgv-default bgh-default halign-default\"><div class=\"wpb_column vc_column_container text-left vc_col-sm-12 padding-default bgv-default bgh-default halign-default\"><div class=\"vc_column-inner vc_custom_1583774752686\"><div class=\"wpb_wrapper\"><form class=\"get-started-form\" action=\"\">\n  <div class=\"get-started-form__input-wrapper\">\n    <input class=\"get-started-form__input\" placeholder=\"Saisissez l&#039;adresse \u00e9lectronique de votre entreprise\" \/>\n  <\/div>\n  <button type=\"submit\" class=\"get-started-form__button\">\n    <span class=\"get-started-form__button-text\">Essai GRATUIT de 14 jours<\/>\n  <\/button>\n  <button class=\"get-started-form__button\">\n    <span class=\"get-started-form__button-text\">Courriel non valide<\/>\n  <\/button>\n<input type=\"hidden\" name=\"trp-form-language\" value=\"fr\"\/><\/form>\n<\/div><\/div><\/div><\/div>","protected":false},"excerpt":{"rendered":"Tout est question d'avantages Teamdeck est un outil complet de gestion des ressources. D\u00e9couvrez comment le suivi du temps, l'allocation des ressources et la gestion des cong\u00e9s aident votre entreprise : R\u00e9servez une r\u00e9union Suivi des temps : calculez les salaires \u00e0 partir des feuilles de temps faites de meilleures estimations apprenez vos...","protected":false},"author":17,"featured_media":0,"parent":0,"menu_order":0,"comment_status":"closed","ping_status":"closed","template":"","meta":{"footnotes":""},"class_list":["post-5727","page","type-page","status-publish","hentry"],"yoast_head":"<!-- This site is optimized with the Yoast SEO Premium plugin v23.8 (Yoast SEO v24.3) - https:\/\/yoast.com\/wordpress\/plugins\/seo\/ -->\n<title>Benefits - Teamdeck<\/title>\n<meta name=\"robots\" content=\"index, follow, max-snippet:-1, max-image-preview:large, max-video-preview:-1\" \/>\n<link rel=\"canonical\" href=\"https:\/\/teamdeck.io\/fr\/avantages\/\" \/>\n<meta property=\"og:locale\" content=\"fr_FR\" \/>\n<meta property=\"og:type\" content=\"article\" \/>\n<meta property=\"og:title\" content=\"Benefits\" \/>\n<meta property=\"og:url\" content=\"https:\/\/teamdeck.io\/fr\/avantages\/\" \/>\n<meta property=\"og:site_name\" content=\"Teamdeck\" \/>\n<meta property=\"article:publisher\" content=\"https:\/\/www.facebook.com\/helloteamdeck\" \/>\n<meta property=\"article:modified_time\" content=\"2021-08-30T09:40:59+00:00\" \/>\n<meta property=\"og:image\" content=\"https:\/\/teamdeck.io\/wp-content\/uploads\/2020\/02\/big-team.png\" \/>\n<meta name=\"twitter:card\" content=\"summary_large_image\" \/>\n<meta name=\"twitter:site\" content=\"@helloteamdeck\" \/>\n<meta name=\"twitter:label1\" content=\"Est. reading time\" \/>\n\t<meta name=\"twitter:data1\" content=\"1 minute\" \/>\n<script type=\"application\/ld+json\" class=\"yoast-schema-graph\">{\"@context\":\"https:\/\/schema.org\",\"@graph\":[{\"@type\":\"WebPage\",\"@id\":\"https:\/\/teamdeck.io\/benefits\/\",\"url\":\"https:\/\/teamdeck.io\/benefits\/\",\"name\":\"Benefits - Teamdeck\",\"isPartOf\":{\"@id\":\"https:\/\/teamdeck.io\/#website\"},\"primaryImageOfPage\":{\"@id\":\"https:\/\/teamdeck.io\/benefits\/#primaryimage\"},\"image\":{\"@id\":\"https:\/\/teamdeck.io\/benefits\/#primaryimage\"},\"thumbnailUrl\":\"https:\/\/teamdeck.io\/wp-content\/uploads\/2020\/02\/big-team.png\",\"datePublished\":\"2020-03-10T11:14:26+00:00\",\"dateModified\":\"2021-08-30T09:40:59+00:00\",\"breadcrumb\":{\"@id\":\"https:\/\/teamdeck.io\/benefits\/#breadcrumb\"},\"inLanguage\":\"fr-FR\",\"potentialAction\":[{\"@type\":\"ReadAction\",\"target\":[\"https:\/\/teamdeck.io\/benefits\/\"]}]},{\"@type\":\"ImageObject\",\"inLanguage\":\"fr-FR\",\"@id\":\"https:\/\/teamdeck.io\/benefits\/#primaryimage\",\"url\":\"https:\/\/teamdeck.io\/wp-content\/uploads\/2020\/02\/big-team.png\",\"contentUrl\":\"https:\/\/teamdeck.io\/wp-content\/uploads\/2020\/02\/big-team.png\"},{\"@type\":\"BreadcrumbList\",\"@id\":\"https:\/\/teamdeck.io\/benefits\/#breadcrumb\",\"itemListElement\":[{\"@type\":\"ListItem\",\"position\":1,\"name\":\"Home\",\"item\":\"https:\/\/teamdeck.io\/\"},{\"@type\":\"ListItem\",\"position\":2,\"name\":\"Benefits\"}]},{\"@type\":\"WebSite\",\"@id\":\"https:\/\/teamdeck.io\/#website\",\"url\":\"https:\/\/teamdeck.io\/\",\"name\":\"Teamdeck\",\"description\":\"resource scheduling + time tracking + leave management\",\"potentialAction\":[{\"@type\":\"SearchAction\",\"target\":{\"@type\":\"EntryPoint\",\"urlTemplate\":\"https:\/\/teamdeck.io\/?s={search_term_string}\"},\"query-input\":{\"@type\":\"PropertyValueSpecification\",\"valueRequired\":true,\"valueName\":\"search_term_string\"}}],\"inLanguage\":\"fr-FR\"}]}<\/script>\n<!-- \/ Yoast SEO Premium plugin. -->","yoast_head_json":{"title":"Benefits - Teamdeck","robots":{"index":"index","follow":"follow","max-snippet":"max-snippet:-1","max-image-preview":"max-image-preview:large","max-video-preview":"max-video-preview:-1"},"canonical":"https:\/\/teamdeck.io\/fr\/avantages\/","og_locale":"fr_FR","og_type":"article","og_title":"Benefits","og_url":"https:\/\/teamdeck.io\/fr\/avantages\/","og_site_name":"Teamdeck","article_publisher":"https:\/\/www.facebook.com\/helloteamdeck","article_modified_time":"2021-08-30T09:40:59+00:00","og_image":[{"url":"https:\/\/teamdeck.io\/wp-content\/uploads\/2020\/02\/big-team.png","type":"","width":"","height":""}],"twitter_card":"summary_large_image","twitter_site":"@helloteamdeck","twitter_misc":{"Est. reading time":"1 minute"},"schema":{"@context":"https:\/\/schema.org","@graph":[{"@type":"WebPage","@id":"https:\/\/teamdeck.io\/benefits\/","url":"https:\/\/teamdeck.io\/benefits\/","name":"Benefits - Teamdeck","isPartOf":{"@id":"https:\/\/teamdeck.io\/#website"},"primaryImageOfPage":{"@id":"https:\/\/teamdeck.io\/benefits\/#primaryimage"},"image":{"@id":"https:\/\/teamdeck.io\/benefits\/#primaryimage"},"thumbnailUrl":"https:\/\/teamdeck.io\/wp-content\/uploads\/2020\/02\/big-team.png","datePublished":"2020-03-10T11:14:26+00:00","dateModified":"2021-08-30T09:40:59+00:00","breadcrumb":{"@id":"https:\/\/teamdeck.io\/benefits\/#breadcrumb"},"inLanguage":"fr-FR","potentialAction":[{"@type":"ReadAction","target":["https:\/\/teamdeck.io\/benefits\/"]}]},{"@type":"ImageObject","inLanguage":"fr-FR","@id":"https:\/\/teamdeck.io\/benefits\/#primaryimage","url":"https:\/\/teamdeck.io\/wp-content\/uploads\/2020\/02\/big-team.png","contentUrl":"https:\/\/teamdeck.io\/wp-content\/uploads\/2020\/02\/big-team.png"},{"@type":"BreadcrumbList","@id":"https:\/\/teamdeck.io\/benefits\/#breadcrumb","itemListElement":[{"@type":"ListItem","position":1,"name":"Home","item":"https:\/\/teamdeck.io\/"},{"@type":"ListItem","position":2,"name":"Benefits"}]},{"@type":"WebSite","@id":"https:\/\/teamdeck.io\/#website","url":"https:\/\/teamdeck.io\/","name":"Teamdeck","description":"resource scheduling + time tracking + leave management","potentialAction":[{"@type":"SearchAction","target":{"@type":"EntryPoint","urlTemplate":"https:\/\/teamdeck.io\/?s={search_term_string}"},"query-input":{"@type":"PropertyValueSpecification","valueRequired":true,"valueName":"search_term_string"}}],"inLanguage":"fr-FR"}]}},"_links":{"self":[{"href":"https:\/\/teamdeck.io\/fr\/wp-json\/wp\/v2\/pages\/5727","targetHints":{"allow":["GET"]}}],"collection":[{"href":"https:\/\/teamdeck.io\/fr\/wp-json\/wp\/v2\/pages"}],"about":[{"href":"https:\/\/teamdeck.io\/fr\/wp-json\/wp\/v2\/types\/page"}],"author":[{"embeddable":true,"href":"https:\/\/teamdeck.io\/fr\/wp-json\/wp\/v2\/users\/17"}],"replies":[{"embeddable":true,"href":"https:\/\/teamdeck.io\/fr\/wp-json\/wp\/v2\/comments?post=5727"}],"version-history":[{"count":12,"href":"https:\/\/teamdeck.io\/fr\/wp-json\/wp\/v2\/pages\/5727\/revisions"}],"predecessor-version":[{"id":7722,"href":"https:\/\/teamdeck.io\/fr\/wp-json\/wp\/v2\/pages\/5727\/revisions\/7722"}],"wp:attachment":[{"href":"https:\/\/teamdeck.io\/fr\/wp-json\/wp\/v2\/media?parent=5727"}],"curies":[{"name":"wp","href":"https:\/\/api.w.org\/{rel}","templated":true}]}}