{"id":5722,"date":"2020-03-10T12:46:28","date_gmt":"2020-03-10T10:46:28","guid":{"rendered":"https:\/\/teamdeck.io\/?page_id=5722"},"modified":"2021-11-29T19:35:15","modified_gmt":"2021-11-29T17:35:15","slug":"teamdeck-vs-wrike","status":"publish","type":"page","link":"https:\/\/teamdeck.io\/fr\/teamdeck-vs-wrike\/","title":{"rendered":"Teamdeck vs Wrike"},"content":{"rendered":"<div data-vc-full-width=\"true\" data-vc-full-width-init=\"false\" class=\"vc_row wpb_row vc_row-fluid redl-row-section vc_custom_1547727116563 vc_row-has-fill vc_row-o-content-middle vc_row-flex padding-default bgv-default bgh-default halign-center\"><div class=\"wpb_column vc_column_container text-left vc_col-sm-4 padding-default bgv-default bgh-default halign-center\"><div class=\"vc_column-inner\"><div class=\"wpb_wrapper\">\n\t<div class=\"wpb_text_column wpb_content_element\" >\n\t\t<div class=\"wpb_wrapper\">\n\t\t\t<h1>Teamdeck vs Wrike<\/h1>\n<p>Besoin d'un outil puissant <a href=\"https:\/\/teamdeck.io\/fr\/\" target=\"_blank\" rel=\"noopener noreferrer\">logiciel de gestion des ressources<\/a>\u00a0pour planifier et g\u00e9rer le travail de votre \u00e9quipe, les t\u00e2ches du projet ou v\u00e9rifier la performance du projet ?<\/p>\n<p><strong>En savoir plus sur Wrike<\/strong> ou d\u00e9couvrez pourquoi Teamdeck est choisi par des marques de renomm\u00e9e internationale telles que NTT Data, Circus Maximus, ou Hill-Knowlton.<\/p>\n\n\t\t<\/div>\n\t<\/div>\n\n\t<div class=\"wpb_text_column wpb_content_element\" >\n\t\t<div class=\"wpb_wrapper\">\n\t\t\t<p style=\"text-align: left;\"><span class=\"arrow-link\"><a href=\"https:\/\/app.teamdeck.io\/register\">Essai GRATUIT de 30 jours<\/a><\/span><\/p>\n\n\t\t<\/div>\n\t<\/div>\n<\/div><\/div><\/div><div class=\"wpb_column vc_column_container text-center vc_col-sm-8 vc_col-has-fill padding-default bgv-default bgh-default halign-center\"><div class=\"vc_column-inner vc_custom_1583827482870\"><div class=\"wpb_wrapper\">\n\t<div class=\"wpb_text_column wpb_content_element  vc_custom_1638206980324 video-nocontrols\" >\n\t\t<div class=\"wpb_wrapper\">\n\t\t\t<p><img loading=\"lazy\" decoding=\"async\" class=\"alignnone wp-image-5758\" src=\"https:\/\/cdn.teamdeck.io\/uploads\/website\/2020\/03\/10100907\/Untitled-design-300x250.png\" alt=\"Teamdeck fait partie d&#039;un petit groupe d&#039;alternatives \u00e0 Wrike choisies par de nombreux chefs de projet.\" width=\"600\" height=\"500\" srcset=\"https:\/\/cdn.teamdeck.io\/uploads\/website\/2020\/03\/10100907\/Untitled-design-300x250.png 300w, https:\/\/cdn.teamdeck.io\/uploads\/website\/2020\/03\/10100907\/Untitled-design-768x640.png 768w, https:\/\/cdn.teamdeck.io\/uploads\/website\/2020\/03\/10100907\/Untitled-design-960x800.png 960w, https:\/\/cdn.teamdeck.io\/uploads\/website\/2020\/03\/10100907\/Untitled-design.png 1800w\" sizes=\"auto, (max-width: 600px) 100vw, 600px\" \/><\/p>\n\n\t\t<\/div>\n\t<\/div>\n<\/div><\/div><\/div><\/div><div class=\"vc_row-full-width vc_clearfix\"><\/div><div class=\"vc_row wpb_row vc_row-fluid redl-row-section padding-default bgv-default bgh-default halign-default\"><div class=\"wpb_column vc_column_container text-left vc_col-sm-12 padding-default bgv-default bgh-default halign-default\"><div class=\"vc_column-inner\"><div class=\"wpb_wrapper\">\n\t<div class=\"wpb_text_column wpb_content_element\" >\n\t\t<div class=\"wpb_wrapper\">\n\t\t\t<h2>Vous cherchez des alternatives \u00e0 Wrike ?<\/h2>\n<p><span style=\"font-weight: 400;\">Lorsque vous regardez les diff\u00e9rentes applications de planification des ressources pour g\u00e9rer plusieurs projets, vous remarquerez rapidement que vous avez le choix entre des applications ax\u00e9es sur la gestion des ressources et des outils qui visent \u00e0 couvrir \u00e9galement d'autres processus. C'est la principale diff\u00e9rence entre Wrike et Teamdeck.\u00a0<\/span><\/p>\n<p><span style=\"font-weight: 400;\">Wrike permet de disposer d'un centre de commande unique et puissant. Vous pouvez l'utiliser pour la gestion de projet, la collaboration d'\u00e9quipe ou le travail avec diff\u00e9rents actifs.<\/span><b> La planification de l'allocation des ressources peut \u00eatre r\u00e9alis\u00e9e \u00e0 l'aide d'un module compl\u00e9mentaire appel\u00e9 Wrike Resource. <\/b><span style=\"font-weight: 400;\">Cette option est disponible pour les plans Business, Wrike for Marketers et Enterprise.\u00a0<\/span><\/p>\n<p><span style=\"font-weight: 400;\">Teamdeck, quant \u00e0 lui, se concentre exclusivement sur la gestion des ressources. <\/span><b>Il combine des fonctions de planification des employ\u00e9s, de suivi du temps et de gestion des absences.<\/b><span style=\"font-weight: 400;\"> En outre, vous avez acc\u00e8s \u00e0 une section analytique compl\u00e8te qui vous permet d'analyser la productivit\u00e9 de votre \u00e9quipe, de contr\u00f4ler les feuilles de temps et de cr\u00e9er des rapports pour les clients.\u00a0<\/span><\/p>\n\n\t\t<\/div>\n\t<\/div>\n<\/div><\/div><\/div><\/div><div class=\"vc_row wpb_row vc_row-fluid redl-row-section padding-small bgv-default bgh-default halign-default\"><div class=\"wpb_column vc_column_container text-left vc_col-sm-12 padding-default bgv-default bgh-default halign-default\"><div class=\"vc_column-inner\"><div class=\"wpb_wrapper\">\n\t<div class=\"wpb_text_column wpb_content_element\" >\n\t\t<div class=\"wpb_wrapper\">\n\t\t\t<h2 style=\"text-align: center;\"><strong>3 raisons pour lesquelles les entreprises aiment Teamdeck comme alternative \u00e0 Wrike<\/strong><\/h2>\n\n\t\t<\/div>\n\t<\/div>\n<\/div><\/div><\/div><\/div><div class=\"vc_row wpb_row vc_row-fluid redl-row-section use-cases-title vc_custom_1582120251302 padding-default bgv-default bgh-default halign-default\"><div class=\"wpb_column vc_column_container text-left vc_col-sm-4 padding-default bgv-default bgh-default halign-default\"><div class=\"vc_column-inner\"><div class=\"wpb_wrapper\">\n\t<div class=\"wpb_text_column wpb_content_element\" >\n\t\t<div class=\"wpb_wrapper\">\n\t\t\t<h2 style=\"text-align: center;\"><span class=\"text-title column-title\">Une int\u00e9gration rapide et efficace<\/span><\/h2>\n<p style=\"text-align: center;\">Teamdeck est une solution de gestion du travail simple mais puissante - tr\u00e8s populaire parmi les alternatives \u00e0 Wrike. Inscrivez-vous, faites une visite rapide du produit, personnalisez les param\u00e8tres de votre \u00e9quipe et importez vos donn\u00e9es. Vous \u00eates pr\u00eat \u00e0 partir : <strong>Teamdeck fera la diff\u00e9rence pour votre \u00e9quipe d\u00e8s le premier jour.<\/strong><\/p>\n\n\t\t<\/div>\n\t<\/div>\n<\/div><\/div><\/div><div class=\"wpb_column vc_column_container text-left vc_col-sm-4 padding-default bgv-default bgh-default halign-default\"><div class=\"vc_column-inner\"><div class=\"wpb_wrapper\">\n\t<div class=\"wpb_text_column wpb_content_element\" >\n\t\t<div class=\"wpb_wrapper\">\n\t\t\t<h2 style=\"text-align: center;\"><span class=\"text-title column-title\">Un soutien de classe mondiale<\/span><\/h2>\n<p style=\"text-align: center;\">Notre objectif est de <strong>apporter de la valeur d\u00e8s l'inscription<\/strong>. Vous b\u00e9n\u00e9ficierez d'une visite personnalis\u00e9e du produit, d'une session d'int\u00e9gration avec votre \u00e9quipe et d'une assistance prioritaire chaque fois que vous en aurez besoin. \u00e9viter l'\u00e9puisement des employ\u00e9s.<\/p>\n\n\t\t<\/div>\n\t<\/div>\n<\/div><\/div><\/div><div class=\"wpb_column vc_column_container text-left vc_col-sm-4 padding-default bgv-default bgh-default halign-default\"><div class=\"vc_column-inner\"><div class=\"wpb_wrapper\">\n\t<div class=\"wpb_text_column wpb_content_element\" >\n\t\t<div class=\"wpb_wrapper\">\n\t\t\t<h2 style=\"text-align: center;\"><span class=\"text-title column-title\">Une entreprise centr\u00e9e sur le client<\/span><\/h2>\n<p style=\"text-align: center;\">Lorsque nous disons que nous vous entendons, nous le pensons vraiment. <strong>La feuille de route de Teamdeck est bas\u00e9e sur le feedback que nous recevons de nos clients.<\/strong> Pensez-vous \u00e0 une fonctionnalit\u00e9 qui vous faciliterait la vie au travail ? N'h\u00e9sitez pas \u00e0 nous en faire part.<\/p>\n\n\t\t<\/div>\n\t<\/div>\n<\/div><\/div><\/div><\/div><div class=\"vc_row wpb_row vc_row-fluid redl-row-section padding-default bgv-default bgh-default halign-default\"><div class=\"wpb_column vc_column_container text-left vc_col-sm-12 padding-default bgv-default bgh-default halign-default\"><div class=\"vc_column-inner\"><div class=\"wpb_wrapper\">\n\t<div class=\"wpb_text_column wpb_content_element\" >\n\t\t<div class=\"wpb_wrapper\">\n\t\t\t<h2 style=\"text-align: center;\"><strong>Teamdeck.io est un <a href=\"https:\/\/teamdeck.io\/fr\/\">logiciel de planification des ressources<\/a>. Apprenez \u00e0 nous conna\u00eetre, nous sommes choisis par Stormind Games, Hill-Knowlton, Circus Maximus.<\/strong><\/h2>\n\n\t\t<\/div>\n\t<\/div>\n<\/div><\/div><\/div><\/div><div class=\"vc_row wpb_row vc_row-fluid redl-row-section padding-default bgv-default bgh-default halign-default\"><div class=\"wpb_column vc_column_container text-left vc_col-sm-12 padding-default bgv-default bgh-default halign-default\"><div class=\"vc_column-inner vc_custom_1583774752686\"><div class=\"wpb_wrapper\"><form class=\"get-started-form\" action=\"\">\n  <div class=\"get-started-form__input-wrapper\">\n    <input class=\"get-started-form__input\" placeholder=\"Saisissez l&#039;adresse \u00e9lectronique de votre entreprise\" \/>\n  <\/div>\n  <button type=\"submit\" class=\"get-started-form__button\">\n    <span class=\"get-started-form__button-text\">Essai GRATUIT de 14 jours<\/>\n  <\/button>\n  <button class=\"get-started-form__button\">\n    <span class=\"get-started-form__button-text\">Courriel non valide<\/>\n  <\/button>\n<input type=\"hidden\" name=\"trp-form-language\" value=\"fr\"\/><\/form>\n<\/div><\/div><\/div><\/div>","protected":false},"excerpt":{"rendered":"Teamdeck vs Wrike Besoin d'un logiciel de gestion des ressources puissant pour planifier et g\u00e9rer le travail de votre \u00e9quipe, les t\u00e2ches du projet, ou v\u00e9rifier la performance du projet ? Lisez \u00e0 propos de Wrike ci-dessous ou d\u00e9couvrez pourquoi Teamdeck est choisi par des marques de renomm\u00e9e internationale telles que...","protected":false},"author":17,"featured_media":0,"parent":0,"menu_order":0,"comment_status":"closed","ping_status":"closed","template":"","meta":{"footnotes":""},"class_list":["post-5722","page","type-page","status-publish","hentry"],"yoast_head":"<!-- This site is optimized with the Yoast SEO Premium plugin v23.8 (Yoast SEO v24.3) - https:\/\/yoast.com\/wordpress\/plugins\/seo\/ -->\n<title>Wrike Alternatives - Teamdeck.io - Resource Management Software<\/title>\n<meta name=\"description\" content=\"Teamdeck.io resource management software is in use by Stormind Games, Circus Maximus, Hill-Knowlton, etc. We replaced Wrike many times.\" \/>\n<meta name=\"robots\" content=\"index, follow, max-snippet:-1, max-image-preview:large, max-video-preview:-1\" \/>\n<link rel=\"canonical\" href=\"https:\/\/teamdeck.io\/fr\/teamdeck-vs-wrike\/\" \/>\n<meta property=\"og:locale\" content=\"fr_FR\" \/>\n<meta property=\"og:type\" content=\"article\" \/>\n<meta property=\"og:title\" content=\"Teamdeck vs Wrike\" \/>\n<meta property=\"og:description\" content=\"Teamdeck.io resource management software is in use by Stormind Games, Circus Maximus, Hill-Knowlton, etc. We replaced Wrike many times.\" \/>\n<meta property=\"og:url\" content=\"https:\/\/teamdeck.io\/fr\/teamdeck-vs-wrike\/\" \/>\n<meta property=\"og:site_name\" content=\"Teamdeck\" \/>\n<meta property=\"article:publisher\" content=\"https:\/\/www.facebook.com\/helloteamdeck\" \/>\n<meta property=\"article:modified_time\" content=\"2021-11-29T17:35:15+00:00\" \/>\n<meta property=\"og:image\" content=\"https:\/\/teamdeck.io\/wp-content\/uploads\/2020\/03\/Untitled-design-300x250.png\" \/>\n<meta name=\"twitter:card\" content=\"summary_large_image\" \/>\n<meta name=\"twitter:site\" content=\"@helloteamdeck\" \/>\n<meta name=\"twitter:label1\" content=\"Est. reading time\" \/>\n\t<meta name=\"twitter:data1\" content=\"2 minutes\" \/>\n<script type=\"application\/ld+json\" class=\"yoast-schema-graph\">{\"@context\":\"https:\/\/schema.org\",\"@graph\":[{\"@type\":\"WebPage\",\"@id\":\"https:\/\/teamdeck.io\/teamdeck-vs-wrike\/\",\"url\":\"https:\/\/teamdeck.io\/teamdeck-vs-wrike\/\",\"name\":\"Wrike Alternatives - Teamdeck.io - Resource Management Software\",\"isPartOf\":{\"@id\":\"https:\/\/teamdeck.io\/#website\"},\"primaryImageOfPage\":{\"@id\":\"https:\/\/teamdeck.io\/teamdeck-vs-wrike\/#primaryimage\"},\"image\":{\"@id\":\"https:\/\/teamdeck.io\/teamdeck-vs-wrike\/#primaryimage\"},\"thumbnailUrl\":\"https:\/\/teamdeck.io\/wp-content\/uploads\/2020\/03\/Untitled-design-300x250.png\",\"datePublished\":\"2020-03-10T10:46:28+00:00\",\"dateModified\":\"2021-11-29T17:35:15+00:00\",\"description\":\"Teamdeck.io resource management software is in use by Stormind Games, Circus Maximus, Hill-Knowlton, etc. We replaced Wrike many times.\",\"breadcrumb\":{\"@id\":\"https:\/\/teamdeck.io\/teamdeck-vs-wrike\/#breadcrumb\"},\"inLanguage\":\"fr-FR\",\"potentialAction\":[{\"@type\":\"ReadAction\",\"target\":[\"https:\/\/teamdeck.io\/teamdeck-vs-wrike\/\"]}]},{\"@type\":\"ImageObject\",\"inLanguage\":\"fr-FR\",\"@id\":\"https:\/\/teamdeck.io\/teamdeck-vs-wrike\/#primaryimage\",\"url\":\"https:\/\/teamdeck.io\/wp-content\/uploads\/2020\/03\/Untitled-design-300x250.png\",\"contentUrl\":\"https:\/\/teamdeck.io\/wp-content\/uploads\/2020\/03\/Untitled-design-300x250.png\"},{\"@type\":\"BreadcrumbList\",\"@id\":\"https:\/\/teamdeck.io\/teamdeck-vs-wrike\/#breadcrumb\",\"itemListElement\":[{\"@type\":\"ListItem\",\"position\":1,\"name\":\"Home\",\"item\":\"https:\/\/teamdeck.io\/\"},{\"@type\":\"ListItem\",\"position\":2,\"name\":\"Teamdeck vs Wrike\"}]},{\"@type\":\"WebSite\",\"@id\":\"https:\/\/teamdeck.io\/#website\",\"url\":\"https:\/\/teamdeck.io\/\",\"name\":\"Teamdeck\",\"description\":\"resource scheduling + time tracking + leave management\",\"potentialAction\":[{\"@type\":\"SearchAction\",\"target\":{\"@type\":\"EntryPoint\",\"urlTemplate\":\"https:\/\/teamdeck.io\/?s={search_term_string}\"},\"query-input\":{\"@type\":\"PropertyValueSpecification\",\"valueRequired\":true,\"valueName\":\"search_term_string\"}}],\"inLanguage\":\"fr-FR\"}]}<\/script>\n<!-- \/ Yoast SEO Premium plugin. -->","yoast_head_json":{"title":"Wrike Alternatives - Teamdeck.io - Resource Management Software","description":"Teamdeck.io resource management software is in use by Stormind Games, Circus Maximus, Hill-Knowlton, etc. We replaced Wrike many times.","robots":{"index":"index","follow":"follow","max-snippet":"max-snippet:-1","max-image-preview":"max-image-preview:large","max-video-preview":"max-video-preview:-1"},"canonical":"https:\/\/teamdeck.io\/fr\/teamdeck-vs-wrike\/","og_locale":"fr_FR","og_type":"article","og_title":"Teamdeck vs Wrike","og_description":"Teamdeck.io resource management software is in use by Stormind Games, Circus Maximus, Hill-Knowlton, etc. We replaced Wrike many times.","og_url":"https:\/\/teamdeck.io\/fr\/teamdeck-vs-wrike\/","og_site_name":"Teamdeck","article_publisher":"https:\/\/www.facebook.com\/helloteamdeck","article_modified_time":"2021-11-29T17:35:15+00:00","og_image":[{"url":"https:\/\/teamdeck.io\/wp-content\/uploads\/2020\/03\/Untitled-design-300x250.png","type":"","width":"","height":""}],"twitter_card":"summary_large_image","twitter_site":"@helloteamdeck","twitter_misc":{"Est. reading time":"2 minutes"},"schema":{"@context":"https:\/\/schema.org","@graph":[{"@type":"WebPage","@id":"https:\/\/teamdeck.io\/teamdeck-vs-wrike\/","url":"https:\/\/teamdeck.io\/teamdeck-vs-wrike\/","name":"Wrike Alternatives - Teamdeck.io - Resource Management Software","isPartOf":{"@id":"https:\/\/teamdeck.io\/#website"},"primaryImageOfPage":{"@id":"https:\/\/teamdeck.io\/teamdeck-vs-wrike\/#primaryimage"},"image":{"@id":"https:\/\/teamdeck.io\/teamdeck-vs-wrike\/#primaryimage"},"thumbnailUrl":"https:\/\/teamdeck.io\/wp-content\/uploads\/2020\/03\/Untitled-design-300x250.png","datePublished":"2020-03-10T10:46:28+00:00","dateModified":"2021-11-29T17:35:15+00:00","description":"Teamdeck.io resource management software is in use by Stormind Games, Circus Maximus, Hill-Knowlton, etc. We replaced Wrike many times.","breadcrumb":{"@id":"https:\/\/teamdeck.io\/teamdeck-vs-wrike\/#breadcrumb"},"inLanguage":"fr-FR","potentialAction":[{"@type":"ReadAction","target":["https:\/\/teamdeck.io\/teamdeck-vs-wrike\/"]}]},{"@type":"ImageObject","inLanguage":"fr-FR","@id":"https:\/\/teamdeck.io\/teamdeck-vs-wrike\/#primaryimage","url":"https:\/\/teamdeck.io\/wp-content\/uploads\/2020\/03\/Untitled-design-300x250.png","contentUrl":"https:\/\/teamdeck.io\/wp-content\/uploads\/2020\/03\/Untitled-design-300x250.png"},{"@type":"BreadcrumbList","@id":"https:\/\/teamdeck.io\/teamdeck-vs-wrike\/#breadcrumb","itemListElement":[{"@type":"ListItem","position":1,"name":"Home","item":"https:\/\/teamdeck.io\/"},{"@type":"ListItem","position":2,"name":"Teamdeck vs Wrike"}]},{"@type":"WebSite","@id":"https:\/\/teamdeck.io\/#website","url":"https:\/\/teamdeck.io\/","name":"Teamdeck","description":"resource scheduling + time tracking + leave management","potentialAction":[{"@type":"SearchAction","target":{"@type":"EntryPoint","urlTemplate":"https:\/\/teamdeck.io\/?s={search_term_string}"},"query-input":{"@type":"PropertyValueSpecification","valueRequired":true,"valueName":"search_term_string"}}],"inLanguage":"fr-FR"}]}},"_links":{"self":[{"href":"https:\/\/teamdeck.io\/fr\/wp-json\/wp\/v2\/pages\/5722","targetHints":{"allow":["GET"]}}],"collection":[{"href":"https:\/\/teamdeck.io\/fr\/wp-json\/wp\/v2\/pages"}],"about":[{"href":"https:\/\/teamdeck.io\/fr\/wp-json\/wp\/v2\/types\/page"}],"author":[{"embeddable":true,"href":"https:\/\/teamdeck.io\/fr\/wp-json\/wp\/v2\/users\/17"}],"replies":[{"embeddable":true,"href":"https:\/\/teamdeck.io\/fr\/wp-json\/wp\/v2\/comments?post=5722"}],"version-history":[{"count":34,"href":"https:\/\/teamdeck.io\/fr\/wp-json\/wp\/v2\/pages\/5722\/revisions"}],"predecessor-version":[{"id":8158,"href":"https:\/\/teamdeck.io\/fr\/wp-json\/wp\/v2\/pages\/5722\/revisions\/8158"}],"wp:attachment":[{"href":"https:\/\/teamdeck.io\/fr\/wp-json\/wp\/v2\/media?parent=5722"}],"curies":[{"name":"wp","href":"https:\/\/api.w.org\/{rel}","templated":true}]}}