{"id":4915,"date":"2019-05-24T14:50:19","date_gmt":"2019-05-24T12:50:19","guid":{"rendered":"https:\/\/teamdeck.io\/?page_id=4915"},"modified":"2022-01-09T04:24:25","modified_gmt":"2022-01-09T02:24:25","slug":"why-teamdeck","status":"publish","type":"page","link":"https:\/\/teamdeck.io\/fr\/pourquoi-teamdeck\/","title":{"rendered":"Pourquoi Teamdeck ?"},"content":{"rendered":"<div class=\"vc_row wpb_row vc_row-fluid redl-row-section padding-default bgv-default bgh-default halign-default\"><div class=\"wpb_column vc_column_container text-left vc_col-sm-12 padding-default bgv-default bgh-default halign-default\"><div class=\"vc_column-inner\"><div class=\"wpb_wrapper\">\n\t<div class=\"wpb_text_column wpb_content_element  vc_custom_1557839082592\" >\n\t\t<div class=\"wpb_wrapper\">\n\t\t\t<p style=\"text-align: center;\"><img loading=\"lazy\" decoding=\"async\" class=\"aligncenter wp-image-4960\" src=\"https:\/\/cdn.teamdeck.io\/uploads\/website\/2019\/05\/14130058\/Screen-Shot-2019-05-14-at-13.00.37-960x387.png\" alt=\"\" width=\"800\" height=\"322\" srcset=\"https:\/\/cdn.teamdeck.io\/uploads\/website\/2019\/05\/14130058\/Screen-Shot-2019-05-14-at-13.00.37-960x387.png 960w, https:\/\/cdn.teamdeck.io\/uploads\/website\/2019\/05\/14130058\/Screen-Shot-2019-05-14-at-13.00.37-300x121.png 300w, https:\/\/cdn.teamdeck.io\/uploads\/website\/2019\/05\/14130058\/Screen-Shot-2019-05-14-at-13.00.37-768x309.png 768w, https:\/\/cdn.teamdeck.io\/uploads\/website\/2019\/05\/14130058\/Screen-Shot-2019-05-14-at-13.00.37.png 1500w\" sizes=\"auto, (max-width: 800px) 100vw, 800px\" \/><\/p>\n\n\t\t<\/div>\n\t<\/div>\n<\/div><\/div><\/div><\/div><div class=\"vc_row wpb_row vc_row-fluid redl-row-section padding-small bgv-default bgh-default halign-default\"><div class=\"wpb_column vc_column_container text-left vc_col-sm-12 padding-small bgv-default bgh-default halign-default\"><div class=\"vc_column-inner\"><div class=\"wpb_wrapper\">\n\t<div class=\"wpb_text_column wpb_content_element\" >\n\t\t<div class=\"wpb_wrapper\">\n\t\t\t<h3 style=\"text-align: center;\">Nous sommes convaincus que des \u00e9quipes heureuses sont plus productives.<\/h3>\n<h3 style=\"text-align: center;\">C'est pourquoi Teamdeck a \u00e9t\u00e9 con\u00e7u pour soutenir trois aspects majeurs du bonheur des employ\u00e9s :<\/h3>\n\n\t\t<\/div>\n\t<\/div>\n<\/div><\/div><\/div><\/div><div data-vc-full-width=\"true\" data-vc-full-width-init=\"false\" class=\"vc_row wpb_row vc_row-fluid redl-row-section feature-row vc_custom_1504101745248 vc_row-o-equal-height vc_row-o-content-middle vc_row-flex padding-large bgv-default bgh-default halign-center\"><div class=\"feature-info wpb_column vc_column_container text-left vc_col-sm-7 vc_col-lg-4 padding-small bgv-default bgh-default halign-default\"><div class=\"vc_column-inner\"><div class=\"wpb_wrapper\">\n\t<div class=\"wpb_text_column wpb_content_element\" >\n\t\t<div class=\"wpb_wrapper\">\n\t\t\t<p><span style=\"font-weight: 400;\"><img loading=\"lazy\" decoding=\"async\" class=\"alignnone size-medium wp-image-4949\" src=\"https:\/\/cdn.teamdeck.io\/uploads\/website\/2019\/05\/14124852\/Screen-Shot-2019-05-14-at-12.48.13-300x44.png\" alt=\"\" width=\"300\" height=\"44\" srcset=\"https:\/\/cdn.teamdeck.io\/uploads\/website\/2019\/05\/14124852\/Screen-Shot-2019-05-14-at-12.48.13-300x44.png 300w, https:\/\/cdn.teamdeck.io\/uploads\/website\/2019\/05\/14124852\/Screen-Shot-2019-05-14-at-12.48.13-768x114.png 768w, https:\/\/cdn.teamdeck.io\/uploads\/website\/2019\/05\/14124852\/Screen-Shot-2019-05-14-at-12.48.13-960x142.png 960w, https:\/\/cdn.teamdeck.io\/uploads\/website\/2019\/05\/14124852\/Screen-Shot-2019-05-14-at-12.48.13.png 1768w\" sizes=\"auto, (max-width: 300px) 100vw, 300px\" \/><\/span><\/p>\n<p><span style=\"font-weight: 400;\">Premi\u00e8re \u00e9tape : visualisez la charge de travail r\u00e9elle de votre \u00e9quipe. Qui est surcharg\u00e9 de travail et dont les talents sont gaspill\u00e9s dans des t\u00e2ches subalternes ? Ensuite, vous d\u00e9placez les choses. <\/span><\/p>\n<p><span style=\"font-weight: 400;\">Avec Teamdeck, vous pouvez non seulement cr\u00e9er un emploi du temps \u00e9quilibr\u00e9, mais aussi affecter les personnes aux t\u00e2ches qui correspondent \u00e0 leurs points forts. C'est ainsi qu'une \u00e9quipe heureuse peut produire son meilleur travail.<\/span><span style=\"font-weight: 400;\"><br \/>\n<\/span><\/p>\n\n\t\t<\/div>\n\t<\/div>\n<\/div><\/div><\/div><div class=\"feature-image wpb_column vc_column_container text-left vc_col-sm-5 vc_col-lg-6 padding-default bgv-default bgh-default halign-default\"><div class=\"vc_column-inner\"><div class=\"wpb_wrapper\">\n\t<div class=\"wpb_text_column wpb_content_element\" >\n\t\t<div class=\"wpb_wrapper\">\n\t\t\t<p><img loading=\"lazy\" decoding=\"async\" class=\"alignnone wp-image-4964\" src=\"https:\/\/cdn.teamdeck.io\/uploads\/website\/2019\/05\/14131015\/photo-1522202176988-66273c2fd55f-300x200.jpeg\" alt=\"\" width=\"800\" height=\"533\" srcset=\"https:\/\/cdn.teamdeck.io\/uploads\/website\/2019\/05\/14131015\/photo-1522202176988-66273c2fd55f-300x200.jpeg 300w, https:\/\/cdn.teamdeck.io\/uploads\/website\/2019\/05\/14131015\/photo-1522202176988-66273c2fd55f-768x512.jpeg 768w, https:\/\/cdn.teamdeck.io\/uploads\/website\/2019\/05\/14131015\/photo-1522202176988-66273c2fd55f-960x640.jpeg 960w, https:\/\/cdn.teamdeck.io\/uploads\/website\/2019\/05\/14131015\/photo-1522202176988-66273c2fd55f.jpeg 1651w\" sizes=\"auto, (max-width: 800px) 100vw, 800px\" \/><\/p>\n\n\t\t<\/div>\n\t<\/div>\n<\/div><\/div><\/div><\/div><div class=\"vc_row-full-width vc_clearfix\"><\/div><div data-vc-full-width=\"true\" data-vc-full-width-init=\"false\" class=\"vc_row wpb_row vc_row-fluid redl-row-section feature-row vc_custom_1504101745248 vc_row-o-equal-height vc_row-o-content-middle vc_row-flex padding-large bgv-default bgh-default halign-center\"><div class=\"feature-image wpb_column vc_column_container text-left vc_col-sm-7 vc_col-lg-6 padding-default bgv-default bgh-default halign-default\"><div class=\"vc_column-inner\"><div class=\"wpb_wrapper\">\n\t<div class=\"wpb_text_column wpb_content_element\" >\n\t\t<div class=\"wpb_wrapper\">\n\t\t\t<p><img loading=\"lazy\" decoding=\"async\" class=\"aligncenter wp-image-4932\" src=\"https:\/\/cdn.teamdeck.io\/uploads\/website\/2019\/05\/14122809\/adult-2449725_1280-960x640.jpg\" alt=\"\" width=\"800\" height=\"533\" srcset=\"https:\/\/cdn.teamdeck.io\/uploads\/website\/2019\/05\/14122809\/adult-2449725_1280-960x640.jpg 960w, https:\/\/cdn.teamdeck.io\/uploads\/website\/2019\/05\/14122809\/adult-2449725_1280-300x200.jpg 300w, https:\/\/cdn.teamdeck.io\/uploads\/website\/2019\/05\/14122809\/adult-2449725_1280-768x512.jpg 768w, https:\/\/cdn.teamdeck.io\/uploads\/website\/2019\/05\/14122809\/adult-2449725_1280.jpg 1280w\" sizes=\"auto, (max-width: 800px) 100vw, 800px\" \/><\/p>\n\n\t\t<\/div>\n\t<\/div>\n<\/div><\/div><\/div><div class=\"feature-info wpb_column vc_column_container text-left vc_col-sm-5 vc_col-lg-4 padding-small bgv-default bgh-default halign-default\"><div class=\"vc_column-inner\"><div class=\"wpb_wrapper\">\n\t<div class=\"wpb_text_column wpb_content_element\" >\n\t\t<div class=\"wpb_wrapper\">\n\t\t\t<p style=\"text-align: left;\"><span style=\"font-weight: 400;\"><img loading=\"lazy\" decoding=\"async\" class=\"alignnone size-medium wp-image-4948\" src=\"https:\/\/cdn.teamdeck.io\/uploads\/website\/2019\/05\/14124849\/Screen-Shot-2019-05-14-at-12.48.19-300x44.png\" alt=\"\" width=\"300\" height=\"44\" srcset=\"https:\/\/cdn.teamdeck.io\/uploads\/website\/2019\/05\/14124849\/Screen-Shot-2019-05-14-at-12.48.19-300x44.png 300w, https:\/\/cdn.teamdeck.io\/uploads\/website\/2019\/05\/14124849\/Screen-Shot-2019-05-14-at-12.48.19-768x114.png 768w, https:\/\/cdn.teamdeck.io\/uploads\/website\/2019\/05\/14124849\/Screen-Shot-2019-05-14-at-12.48.19-960x142.png 960w, https:\/\/cdn.teamdeck.io\/uploads\/website\/2019\/05\/14124849\/Screen-Shot-2019-05-14-at-12.48.19.png 1768w\" sizes=\"auto, (max-width: 300px) 100vw, 300px\" \/><\/span><\/p>\n<p style=\"text-align: left;\"><span style=\"font-weight: 400;\">Entre les entreprises qui recourent \u00e0 la microgestion ou tentent de naviguer dans le chaos de la communication, on trouve des \u00e9quipes bien rod\u00e9es qui b\u00e9n\u00e9ficient de la transparence sur le lieu de travail. <\/span><\/p>\n<p style=\"text-align: left;\"><span style=\"font-weight: 400;\">Teamdeck permet \u00e0 tout le monde d'\u00eatre sur la m\u00eame longueur d'onde : les membres de l'\u00e9quipe savent ce que l'on attend d'eux en termes d'affectation et les responsables voient comment le travail progresse. <\/span><span style=\"font-weight: 400;\"><br \/>\n<\/span><\/p>\n\n\t\t<\/div>\n\t<\/div>\n<\/div><\/div><\/div><\/div><div class=\"vc_row-full-width vc_clearfix\"><\/div><div data-vc-full-width=\"true\" data-vc-full-width-init=\"false\" class=\"vc_row wpb_row vc_row-fluid redl-row-section feature-row vc_custom_1557834878945 vc_row-o-equal-height vc_row-o-content-middle vc_row-flex padding-medium bgv-default bgh-default halign-center\"><div class=\"feature-info wpb_column vc_column_container text-left vc_col-sm-5 vc_col-lg-4 padding-small bgv-default bgh-default halign-default\"><div class=\"vc_column-inner\"><div class=\"wpb_wrapper\">\n\t<div class=\"wpb_text_column wpb_content_element\" >\n\t\t<div class=\"wpb_wrapper\">\n\t\t\t<p><img loading=\"lazy\" decoding=\"async\" class=\"alignnone size-medium wp-image-4950\" src=\"https:\/\/cdn.teamdeck.io\/uploads\/website\/2019\/05\/14124855\/Screen-Shot-2019-05-14-at-12.48.03-300x45.png\" alt=\"\" width=\"300\" height=\"45\" srcset=\"https:\/\/cdn.teamdeck.io\/uploads\/website\/2019\/05\/14124855\/Screen-Shot-2019-05-14-at-12.48.03-300x45.png 300w, https:\/\/cdn.teamdeck.io\/uploads\/website\/2019\/05\/14124855\/Screen-Shot-2019-05-14-at-12.48.03-768x115.png 768w, https:\/\/cdn.teamdeck.io\/uploads\/website\/2019\/05\/14124855\/Screen-Shot-2019-05-14-at-12.48.03-960x144.png 960w, https:\/\/cdn.teamdeck.io\/uploads\/website\/2019\/05\/14124855\/Screen-Shot-2019-05-14-at-12.48.03.png 1804w\" sizes=\"auto, (max-width: 300px) 100vw, 300px\" \/><\/p>\n<p>Les personnes qui se donnent \u00e0 fond au travail ont besoin de temps pour se ressourcer et suivre les projets qui les passionnent. La gestion des cong\u00e9s est d\u00e9licate si l'on ne dispose pas d'un calendrier de disponibilit\u00e9 en temps r\u00e9el.<\/p>\n<p>Teamdeck vous d\u00e9barrasse de ces appels g\u00eanants du type \"Vous travaillez aujourd'hui ?\": vous savez toujours qui est disponible et quand.<\/p>\n\n\t\t<\/div>\n\t<\/div>\n<\/div><\/div><\/div><div class=\"feature-image wpb_column vc_column_container text-left vc_col-sm-7 vc_col-lg-6 padding-default bgv-default bgh-default halign-default\"><div class=\"vc_column-inner\"><div class=\"wpb_wrapper\">\n\t<div class=\"wpb_text_column wpb_content_element\" >\n\t\t<div class=\"wpb_wrapper\">\n\t\t\t<p><img loading=\"lazy\" decoding=\"async\" class=\"alignnone wp-image-4970\" src=\"https:\/\/cdn.teamdeck.io\/uploads\/website\/2019\/05\/14131554\/photo-1511988617509-a57c8a288659-300x200.jpeg\" alt=\"\" width=\"800\" height=\"533\" srcset=\"https:\/\/cdn.teamdeck.io\/uploads\/website\/2019\/05\/14131554\/photo-1511988617509-a57c8a288659-300x200.jpeg 300w, https:\/\/cdn.teamdeck.io\/uploads\/website\/2019\/05\/14131554\/photo-1511988617509-a57c8a288659-768x512.jpeg 768w, https:\/\/cdn.teamdeck.io\/uploads\/website\/2019\/05\/14131554\/photo-1511988617509-a57c8a288659-960x640.jpeg 960w, https:\/\/cdn.teamdeck.io\/uploads\/website\/2019\/05\/14131554\/photo-1511988617509-a57c8a288659.jpeg 1502w\" sizes=\"auto, (max-width: 800px) 100vw, 800px\" \/><\/p>\n\n\t\t<\/div>\n\t<\/div>\n<\/div><\/div><\/div><\/div><div class=\"vc_row-full-width vc_clearfix\"><\/div><div class=\"vc_row wpb_row vc_row-fluid redl-row-section padding-medium bgv-default bgh-default halign-default\"><div class=\"wpb_column vc_column_container text-left vc_col-sm-12 padding-default bgv-default bgh-default halign-default\"><div class=\"vc_column-inner\"><div class=\"wpb_wrapper\">\n\t<div class=\"wpb_text_column wpb_content_element\" >\n\t\t<div class=\"wpb_wrapper\">\n\t\t\t<h2 style=\"text-align: center;\">Des fonctionnalit\u00e9s qui rendront votre \u00e9quipe plus heureuse :<\/h2>\n\n\t\t<\/div>\n\t<\/div>\n<\/div><\/div><\/div><\/div><div class=\"vc_row wpb_row vc_row-fluid redl-row-section padding-small bgv-default bgh-default halign-default\"><div class=\"wpb_column vc_column_container text-left vc_col-sm-3 padding-default bgv-default bgh-default halign-default\"><div class=\"vc_column-inner\"><div class=\"wpb_wrapper\">\n\t<div class=\"wpb_text_column wpb_content_element\" >\n\t\t<div class=\"wpb_wrapper\">\n\t\t\t<p><b>Calendrier \u00e9quilibr\u00e9<\/b><\/p>\n<p style=\"text-align: left;\"><span style=\"font-weight: 400;\">Un calendrier indiquant la charge de travail actuelle de chacun est l'\u00e9tape n\u00e9cessaire \u00e0 la cr\u00e9ation d'une charge de travail optimale. <\/span><span style=\"font-weight: 400;\"><br \/>\n<\/span><\/p>\n\n\t\t<\/div>\n\t<\/div>\n<\/div><\/div><\/div><div class=\"wpb_column vc_column_container text-left vc_col-sm-3 padding-default bgv-default bgh-default halign-default\"><div class=\"vc_column-inner\"><div class=\"wpb_wrapper\">\n\t<div class=\"wpb_text_column wpb_content_element\" >\n\t\t<div class=\"wpb_wrapper\">\n\t\t\t<p><b>Pas de conflits d'horaires<\/b><\/p>\n<p><span style=\"font-weight: 400;\">Le fait d'assigner plus de travail que la capacit\u00e9 d'une personne est communiqu\u00e9 par Teamdeck.<\/span><\/p>\n\n\t\t<\/div>\n\t<\/div>\n<\/div><\/div><\/div><div class=\"wpb_column vc_column_container text-left vc_col-sm-3 padding-default bgv-default bgh-default halign-default\"><div class=\"vc_column-inner\"><div class=\"wpb_wrapper\">\n\t<div class=\"wpb_text_column wpb_content_element\" >\n\t\t<div class=\"wpb_wrapper\">\n\t\t\t<p><b>Des attentes claires<\/b><\/p>\n<p><span style=\"font-weight: 400;\">Chaque membre de l'\u00e9quipe voit son horaire de travail coordonn\u00e9 avec sa disponibilit\u00e9.<\/span><\/p>\n\n\t\t<\/div>\n\t<\/div>\n<\/div><\/div><\/div><div class=\"wpb_column vc_column_container text-left vc_col-sm-3 padding-default bgv-default bgh-default halign-default\"><div class=\"vc_column-inner\"><div class=\"wpb_wrapper\">\n\t<div class=\"wpb_text_column wpb_content_element\" >\n\t\t<div class=\"wpb_wrapper\">\n\t\t\t<p><b>Une communication fluide<\/b><\/p>\n<p><span style=\"font-weight: 400;\">Les nouvelles affectations ou les demandes de cong\u00e9s sont trait\u00e9es dans l'application.<\/span><\/p>\n\n\t\t<\/div>\n\t<\/div>\n<\/div><\/div><\/div><\/div><div class=\"vc_row wpb_row vc_row-fluid redl-row-section vc_row-o-content-middle vc_row-flex padding-medium bgv-default bgh-default halign-center\"><div class=\"wpb_column vc_column_container text-center vc_col-sm-12 padding-small bgv-center bgh-center halign-center\"><div class=\"vc_column-inner\"><div class=\"wpb_wrapper\"><a class=\"redl-btn redl-btn-one  vc_custom_1557838319409 redl-btn-medium redl-btn-69debc07f142d btn-hover-one btn-icon-left\" href=\"https:\/\/calendly.com\/adanielak\/teamdeck-demo\" target=\"_blank\">R\u00e9servez une r\u00e9union !<\/a><\/div><\/div><\/div><\/div>","protected":false},"excerpt":{"rendered":"Nous croyons que des \u00e9quipes heureuses sont plus productives. C'est pourquoi Teamdeck a \u00e9t\u00e9 con\u00e7u pour soutenir trois aspects majeurs du bonheur des employ\u00e9s : Premi\u00e8re \u00e9tape : visualisez la charge de travail r\u00e9elle de votre \u00e9quipe. Qui est surcharg\u00e9 de travail et quels sont les talents...","protected":false},"author":17,"featured_media":0,"parent":0,"menu_order":0,"comment_status":"closed","ping_status":"closed","template":"","meta":{"footnotes":""},"class_list":["post-4915","page","type-page","status-publish","hentry"],"yoast_head":"<!-- This site is optimized with the Yoast SEO Premium plugin v23.8 (Yoast SEO v24.3) - https:\/\/yoast.com\/wordpress\/plugins\/seo\/ -->\n<title>Why Teamdeck? - Teamdeck<\/title>\n<meta name=\"robots\" content=\"index, follow, max-snippet:-1, max-image-preview:large, max-video-preview:-1\" \/>\n<link rel=\"canonical\" href=\"https:\/\/teamdeck.io\/fr\/pourquoi-teamdeck\/\" \/>\n<meta property=\"og:locale\" content=\"fr_FR\" \/>\n<meta property=\"og:type\" content=\"article\" \/>\n<meta property=\"og:title\" content=\"Why Teamdeck?\" \/>\n<meta property=\"og:url\" content=\"https:\/\/teamdeck.io\/fr\/pourquoi-teamdeck\/\" \/>\n<meta property=\"og:site_name\" content=\"Teamdeck\" \/>\n<meta property=\"article:publisher\" content=\"https:\/\/www.facebook.com\/helloteamdeck\" \/>\n<meta property=\"article:modified_time\" content=\"2022-01-09T02:24:25+00:00\" \/>\n<meta property=\"og:image\" content=\"https:\/\/teamdeck.io\/wp-content\/uploads\/2019\/05\/Screen-Shot-2019-05-14-at-13.00.37-960x387.png\" \/>\n<meta name=\"twitter:card\" content=\"summary_large_image\" \/>\n<meta name=\"twitter:site\" content=\"@helloteamdeck\" \/>\n<meta name=\"twitter:label1\" content=\"Est. reading time\" \/>\n\t<meta name=\"twitter:data1\" content=\"3 minutes\" \/>\n<script type=\"application\/ld+json\" class=\"yoast-schema-graph\">{\"@context\":\"https:\/\/schema.org\",\"@graph\":[{\"@type\":\"WebPage\",\"@id\":\"https:\/\/teamdeck.io\/why-teamdeck\/\",\"url\":\"https:\/\/teamdeck.io\/why-teamdeck\/\",\"name\":\"Why Teamdeck? - Teamdeck\",\"isPartOf\":{\"@id\":\"https:\/\/teamdeck.io\/#website\"},\"primaryImageOfPage\":{\"@id\":\"https:\/\/teamdeck.io\/why-teamdeck\/#primaryimage\"},\"image\":{\"@id\":\"https:\/\/teamdeck.io\/why-teamdeck\/#primaryimage\"},\"thumbnailUrl\":\"https:\/\/teamdeck.io\/wp-content\/uploads\/2019\/05\/Screen-Shot-2019-05-14-at-13.00.37-960x387.png\",\"datePublished\":\"2019-05-24T12:50:19+00:00\",\"dateModified\":\"2022-01-09T02:24:25+00:00\",\"breadcrumb\":{\"@id\":\"https:\/\/teamdeck.io\/why-teamdeck\/#breadcrumb\"},\"inLanguage\":\"fr-FR\",\"potentialAction\":[{\"@type\":\"ReadAction\",\"target\":[\"https:\/\/teamdeck.io\/why-teamdeck\/\"]}]},{\"@type\":\"ImageObject\",\"inLanguage\":\"fr-FR\",\"@id\":\"https:\/\/teamdeck.io\/why-teamdeck\/#primaryimage\",\"url\":\"https:\/\/teamdeck.io\/wp-content\/uploads\/2019\/05\/Screen-Shot-2019-05-14-at-13.00.37-960x387.png\",\"contentUrl\":\"https:\/\/teamdeck.io\/wp-content\/uploads\/2019\/05\/Screen-Shot-2019-05-14-at-13.00.37-960x387.png\"},{\"@type\":\"BreadcrumbList\",\"@id\":\"https:\/\/teamdeck.io\/why-teamdeck\/#breadcrumb\",\"itemListElement\":[{\"@type\":\"ListItem\",\"position\":1,\"name\":\"Home\",\"item\":\"https:\/\/teamdeck.io\/\"},{\"@type\":\"ListItem\",\"position\":2,\"name\":\"Why Teamdeck?\"}]},{\"@type\":\"WebSite\",\"@id\":\"https:\/\/teamdeck.io\/#website\",\"url\":\"https:\/\/teamdeck.io\/\",\"name\":\"Teamdeck\",\"description\":\"resource scheduling + time tracking + leave management\",\"potentialAction\":[{\"@type\":\"SearchAction\",\"target\":{\"@type\":\"EntryPoint\",\"urlTemplate\":\"https:\/\/teamdeck.io\/?s={search_term_string}\"},\"query-input\":{\"@type\":\"PropertyValueSpecification\",\"valueRequired\":true,\"valueName\":\"search_term_string\"}}],\"inLanguage\":\"fr-FR\"}]}<\/script>\n<!-- \/ Yoast SEO Premium plugin. -->","yoast_head_json":{"title":"Why Teamdeck? - Teamdeck","robots":{"index":"index","follow":"follow","max-snippet":"max-snippet:-1","max-image-preview":"max-image-preview:large","max-video-preview":"max-video-preview:-1"},"canonical":"https:\/\/teamdeck.io\/fr\/pourquoi-teamdeck\/","og_locale":"fr_FR","og_type":"article","og_title":"Why Teamdeck?","og_url":"https:\/\/teamdeck.io\/fr\/pourquoi-teamdeck\/","og_site_name":"Teamdeck","article_publisher":"https:\/\/www.facebook.com\/helloteamdeck","article_modified_time":"2022-01-09T02:24:25+00:00","og_image":[{"url":"https:\/\/teamdeck.io\/wp-content\/uploads\/2019\/05\/Screen-Shot-2019-05-14-at-13.00.37-960x387.png","type":"","width":"","height":""}],"twitter_card":"summary_large_image","twitter_site":"@helloteamdeck","twitter_misc":{"Est. reading time":"3 minutes"},"schema":{"@context":"https:\/\/schema.org","@graph":[{"@type":"WebPage","@id":"https:\/\/teamdeck.io\/why-teamdeck\/","url":"https:\/\/teamdeck.io\/why-teamdeck\/","name":"Why Teamdeck? - Teamdeck","isPartOf":{"@id":"https:\/\/teamdeck.io\/#website"},"primaryImageOfPage":{"@id":"https:\/\/teamdeck.io\/why-teamdeck\/#primaryimage"},"image":{"@id":"https:\/\/teamdeck.io\/why-teamdeck\/#primaryimage"},"thumbnailUrl":"https:\/\/teamdeck.io\/wp-content\/uploads\/2019\/05\/Screen-Shot-2019-05-14-at-13.00.37-960x387.png","datePublished":"2019-05-24T12:50:19+00:00","dateModified":"2022-01-09T02:24:25+00:00","breadcrumb":{"@id":"https:\/\/teamdeck.io\/why-teamdeck\/#breadcrumb"},"inLanguage":"fr-FR","potentialAction":[{"@type":"ReadAction","target":["https:\/\/teamdeck.io\/why-teamdeck\/"]}]},{"@type":"ImageObject","inLanguage":"fr-FR","@id":"https:\/\/teamdeck.io\/why-teamdeck\/#primaryimage","url":"https:\/\/teamdeck.io\/wp-content\/uploads\/2019\/05\/Screen-Shot-2019-05-14-at-13.00.37-960x387.png","contentUrl":"https:\/\/teamdeck.io\/wp-content\/uploads\/2019\/05\/Screen-Shot-2019-05-14-at-13.00.37-960x387.png"},{"@type":"BreadcrumbList","@id":"https:\/\/teamdeck.io\/why-teamdeck\/#breadcrumb","itemListElement":[{"@type":"ListItem","position":1,"name":"Home","item":"https:\/\/teamdeck.io\/"},{"@type":"ListItem","position":2,"name":"Why Teamdeck?"}]},{"@type":"WebSite","@id":"https:\/\/teamdeck.io\/#website","url":"https:\/\/teamdeck.io\/","name":"Teamdeck","description":"resource scheduling + time tracking + leave management","potentialAction":[{"@type":"SearchAction","target":{"@type":"EntryPoint","urlTemplate":"https:\/\/teamdeck.io\/?s={search_term_string}"},"query-input":{"@type":"PropertyValueSpecification","valueRequired":true,"valueName":"search_term_string"}}],"inLanguage":"fr-FR"}]}},"_links":{"self":[{"href":"https:\/\/teamdeck.io\/fr\/wp-json\/wp\/v2\/pages\/4915","targetHints":{"allow":["GET"]}}],"collection":[{"href":"https:\/\/teamdeck.io\/fr\/wp-json\/wp\/v2\/pages"}],"about":[{"href":"https:\/\/teamdeck.io\/fr\/wp-json\/wp\/v2\/types\/page"}],"author":[{"embeddable":true,"href":"https:\/\/teamdeck.io\/fr\/wp-json\/wp\/v2\/users\/17"}],"replies":[{"embeddable":true,"href":"https:\/\/teamdeck.io\/fr\/wp-json\/wp\/v2\/comments?post=4915"}],"version-history":[{"count":84,"href":"https:\/\/teamdeck.io\/fr\/wp-json\/wp\/v2\/pages\/4915\/revisions"}],"predecessor-version":[{"id":8935,"href":"https:\/\/teamdeck.io\/fr\/wp-json\/wp\/v2\/pages\/4915\/revisions\/8935"}],"wp:attachment":[{"href":"https:\/\/teamdeck.io\/fr\/wp-json\/wp\/v2\/media?parent=4915"}],"curies":[{"name":"wp","href":"https:\/\/api.w.org\/{rel}","templated":true}]}}