{"id":4695,"date":"2019-02-26T14:31:13","date_gmt":"2019-02-26T12:31:13","guid":{"rendered":"https:\/\/teamdeck.io\/?page_id=4695"},"modified":"2021-12-14T17:55:26","modified_gmt":"2021-12-14T15:55:26","slug":"reporting","status":"publish","type":"page","link":"https:\/\/teamdeck.io\/fr\/caracteristiques\/rapport\/","title":{"rendered":"Rapports personnalis\u00e9s"},"content":{"rendered":"<div data-vc-full-width=\"true\" data-vc-full-width-init=\"false\" class=\"vc_row wpb_row vc_row-fluid redl-row-section vc_custom_1547727116563 vc_row-has-fill vc_row-o-content-middle vc_row-flex padding-default bgv-default bgh-default halign-center\"><div class=\"wpb_column vc_column_container text-left vc_col-sm-4 padding-default bgv-default bgh-default halign-center\"><div class=\"vc_column-inner\"><div class=\"wpb_wrapper\">\n\t<div class=\"wpb_text_column wpb_content_element\" >\n\t\t<div class=\"wpb_wrapper\">\n\t\t\t<h1>Mod\u00e8les de rapport<br \/>\n<span class=\"h2\"><br \/>\n<\/span><\/h1>\n<h3>Prendre de meilleures d\u00e9cisions sur la base d'analyses en temps r\u00e9el<\/h3>\n\n\t\t<\/div>\n\t<\/div>\n<a class=\"redl-btn redl-btn-two  vc_custom_1551260371526 redl-btn-medium redl-btn-69eef69f51b5d btn-hover-one btn-icon-right signup-top\" href=\"https:\/\/app.teamdeck.io\/register?utm_source=reports\">Essai GRATUIT de 30 jours<\/a><\/div><\/div><\/div><div class=\"wpb_column vc_column_container text-right vc_col-sm-8 vc_col-has-fill padding-default bgv-default bgh-default halign-end\"><div class=\"vc_column-inner vc_custom_1547727481560\"><div class=\"wpb_wrapper\">\n\t<div  class=\"wpb_single_image wpb_content_element vc_align_center  vc_custom_1552037342446\">\n\t\t\n\t\t<figure class=\"wpb_wrapper vc_figure\">\n\t\t\t<div class=\"vc_single_image-wrapper   vc_box_border_grey\"><img loading=\"lazy\" decoding=\"async\" width=\"960\" height=\"549\" src=\"https:\/\/cdn.teamdeck.io\/uploads\/website\/2019\/02\/08110840\/raporty-teamdeck-1-02-960x549.png\" class=\"vc_single_image-img attachment-large\" alt=\"Rapports de gestion de projet dans Teamdeck\" srcset=\"https:\/\/cdn.teamdeck.io\/uploads\/website\/2019\/02\/08110840\/raporty-teamdeck-1-02-960x549.png 960w, https:\/\/cdn.teamdeck.io\/uploads\/website\/2019\/02\/08110840\/raporty-teamdeck-1-02-300x171.png 300w, https:\/\/cdn.teamdeck.io\/uploads\/website\/2019\/02\/08110840\/raporty-teamdeck-1-02-768x439.png 768w\" sizes=\"auto, (max-width: 960px) 100vw, 960px\" \/><\/div>\n\t\t<\/figure>\n\t<\/div>\n<\/div><\/div><\/div><\/div><div class=\"vc_row-full-width vc_clearfix\"><\/div><div class=\"vc_row wpb_row vc_row-fluid redl-row-section padding-medium bgv-default bgh-default halign-default\"><div class=\"wpb_column vc_column_container text-center vc_col-sm-12 padding-default bgv-default bgh-default halign-default\"><div class=\"vc_column-inner\"><div class=\"wpb_wrapper\">\n\t<div class=\"wpb_text_column wpb_content_element\" >\n\t\t<div class=\"wpb_wrapper\">\n\t\t\t<p><span style=\"font-size: 18px;\">Nous avons pr\u00e9par\u00e9 plusieurs <strong>des mod\u00e8les de rapports pour les \u00e9quipes de gestion du personnel, des ressources humaines, des finances et des op\u00e9rations<\/strong>. Gr\u00e2ce aux mod\u00e8les, vous ne perdez pas de temps \u00e0 \u00e9laborer des rapports et vous pouvez vous concentrer sur l'exploitation des informations qu'ils contiennent.&nbsp;<strong>Tous les mod\u00e8les sont enti\u00e8rement personnalisables<\/strong> afin que vous puissiez les adapter \u00e0 vos besoins : modifier les \u00e9tiquettes, ajouter des diagrammes, saisir des formules personnalis\u00e9es si n\u00e9cessaire. <\/span><\/p>\n\n\t\t<\/div>\n\t<\/div>\n<\/div><\/div><\/div><\/div><div data-vc-full-width=\"true\" data-vc-full-width-init=\"false\" class=\"vc_row wpb_row vc_row-fluid redl-row-section feature-row vc_custom_1551186747971 vc_row-o-equal-height vc_row-o-content-middle vc_row-flex padding-small bgv-default bgh-default halign-center\"><div class=\"feature-info wpb_column vc_column_container text-left vc_col-sm-5 vc_col-lg-4 padding-small bgv-default bgh-default halign-default\"><div class=\"vc_column-inner\"><div class=\"wpb_wrapper\">\n\t<div class=\"wpb_text_column wpb_content_element\" >\n\t\t<div class=\"wpb_wrapper\">\n\t\t\t<p><span style=\"font-size: 18px; text-transform: uppercase;\"><b>En savoir plus sur les mod\u00e8les :<\/b><\/span><\/p>\n<p><span class=\"arrow-link\"><a href=\"https:\/\/teamdeck.io\/fr\/rapports\/modele-de-rapport-dutilisation\/\">Rapport d'utilisation de l'\u00e9quipe<\/a><\/span><\/p>\n<p><span class=\"arrow-link\"><a href=\"https:\/\/teamdeck.io\/fr\/rapports\/modele-de-rapport-sur-le-budget-dun-projet\/\">Rapport sur le budget du projet<\/a><\/span><\/p>\n<p><span class=\"arrow-link\"><a href=\"https:\/\/teamdeck.io\/fr\/rapports\/modele-de-rapport-de-paie-pour-les-employes\/\">Rapport sur les salaires des employ\u00e9s<\/a><\/span><\/p>\n<p><span class=\"arrow-link\"><a href=\"https:\/\/teamdeck.io\/fr\/rapports\/modele-de-rapport-dabsence\/\">Rapport d'absence<\/a><\/span><\/p>\n\n\t\t<\/div>\n\t<\/div>\n<\/div><\/div><\/div><div class=\"feature-image wpb_column vc_column_container text-left vc_col-sm-7 vc_col-lg-6 padding-default bgv-default bgh-default halign-default\"><div class=\"vc_column-inner\"><div class=\"wpb_wrapper\">\n\t<div class=\"wpb_text_column wpb_content_element\" >\n\t\t<div class=\"wpb_wrapper\">\n\t\t\t<p><img loading=\"lazy\" decoding=\"async\" class=\"alignnone wp-image-3547 size-large\" src=\"https:\/\/cdn.teamdeck.io\/uploads\/website\/2016\/10\/27160515\/time_tracking_timesheets%402x.png\" alt=\"\" width=\"960\" height=\"256\" srcset=\"https:\/\/cdn.teamdeck.io\/uploads\/website\/2016\/10\/27160515\/time_tracking_timesheets%402x.png 1313w, https:\/\/cdn.teamdeck.io\/uploads\/website\/2016\/10\/27160515\/time_tracking_timesheets%402x-300x80.png 300w, https:\/\/cdn.teamdeck.io\/uploads\/website\/2016\/10\/27160515\/time_tracking_timesheets%402x-768x205.png 768w, https:\/\/cdn.teamdeck.io\/uploads\/website\/2016\/10\/27160515\/time_tracking_timesheets%402x-960x256.png 960w\" sizes=\"auto, (max-width: 960px) 100vw, 960px\" \/><\/p>\n\n\t\t<\/div>\n\t<\/div>\n<\/div><\/div><\/div><\/div><div class=\"vc_row-full-width vc_clearfix\"><\/div><div data-vc-full-width=\"true\" data-vc-full-width-init=\"false\" class=\"vc_row wpb_row vc_row-fluid redl-row-section vc_custom_1551186940312 vc_row-has-fill padding-medium bgv-default bgh-default halign-default\"><div class=\"wpb_column vc_column_container text-left vc_col-sm-12 padding-default bgv-default bgh-default halign-default\"><div class=\"vc_column-inner\"><div class=\"wpb_wrapper\">\n\t<div class=\"wpb_text_column wpb_content_element\" >\n\t\t<div class=\"wpb_wrapper\">\n\t\t\t<h2>Personnalisez vos rapports<\/h2>\n<p><span style=\"font-weight: 400;\"> Teamdeck vous fournit un puissant g\u00e9n\u00e9rateur de rapports pour cr\u00e9er vos propres tableaux de bord analytiques du d\u00e9but \u00e0 la fin. <\/span><\/p>\n<h2><\/h2>\n\n\t\t<\/div>\n\t<\/div>\n<div \n\tclass=\"vertical-carousel-container wpb_content_element  clearfix\"\n\tdata-autoplay=\"1\"\n\tdata-event=\"mouseenter\"\n\tdata-delay=\"7000\"\n\tdata-duration=\"1000\"\n\tdata-anim-in=\"fadeIn\"\n\tdata-anim-out=\"fadeOut\" \n\t>\n\t<div class=\"carousel-tabs vc_col-md-4 clearfix\">\n\t\t\t\t\t<div class=\"carousel-tabs__item\" data-index=\"0\">\n\t\t\t\t<h3 class=\"carousel-tabs__title\">Les \u00e9l\u00e9ments constitutifs du rapport<\/h3>\n\t\t\t\t<p class=\"carousel-tabs__description\">R\u00e9sumez et visualisez vos donn\u00e9es \u00e0 l'aide de graphiques et de tableaux afin d'identifier facilement les domaines importants.<\/p>\n\t\t\t<\/div>\n\t\t\t\t\t<div class=\"carousel-tabs__item\" data-index=\"1\">\n\t\t\t\t<h3 class=\"carousel-tabs__title\">Valeurs personnalis\u00e9es<\/h3>\n\t\t\t\t<p class=\"carousel-tabs__description\">Les rapports ne sont pas limit\u00e9s aux donn\u00e9es enregistr\u00e9es par Teamdeck. Vous pouvez saisir d'autres valeurs, par exemple les taux horaires des employ\u00e9s, pour effectuer des calculs plus souples et plus complets.<\/p>\n\t\t\t<\/div>\n\t\t\t\t\t<div class=\"carousel-tabs__item\" data-index=\"2\">\n\t\t\t\t<h3 class=\"carousel-tabs__title\">Calculs personnalis\u00e9s<\/h3>\n\t\t\t\t<p class=\"carousel-tabs__description\">Les rapports de Teamdeck sont aussi puissants que les feuilles de calcul auxquelles vous \u00eates habitu\u00e9. Entrez des formules pour r\u00e9f\u00e9rencer des donn\u00e9es, calculer des moyennes ou utiliser une logique conditionnelle.<\/p>\n\t\t\t<\/div>\n\t\t\t\t\t<div class=\"carousel-tabs__item\" data-index=\"3\">\n\t\t\t\t<h3 class=\"carousel-tabs__title\">Regroupement flexible des donn\u00e9es<\/h3>\n\t\t\t\t<p class=\"carousel-tabs__description\">Vous pouvez regrouper vos donn\u00e9es pour les analyser sous diff\u00e9rents angles. Par exemple, vous pouvez r\u00e9partir les heures suppl\u00e9mentaires de votre \u00e9quipe en fonction des projets et des titres de poste, afin de mieux comprendre la tendance. <\/p>\n\t\t\t<\/div>\n\t\t\t\t\t<div class=\"carousel-tabs__item\" data-index=\"4\">\n\t\t\t\t<h3 class=\"carousel-tabs__title\">Exportation de donn\u00e9es<\/h3>\n\t\t\t\t<p class=\"carousel-tabs__description\">Chaque \u00e9l\u00e9ment de votre rapport peut \u00eatre export\u00e9 vers un fichier CSV, au cas o\u00f9 vous souhaiteriez effectuer des analyses crois\u00e9es de bases de donn\u00e9es ou utiliser les donn\u00e9es d'une autre mani\u00e8re. <\/p>\n\t\t\t<\/div>\n\t\t\t<\/div>\n\t<div class=\"carousel-slides vc_col-md-8 clearfix\">\n\t\t<div class=\"td-carousel\">\n\t\t\t\t\t\t\t<div class=\"carousel-slides__item\" data-index=\"0\">\n\t\t\t\t\t<div class=\"carousel-slides__content\">\n\t\t\t\t\t\t<h3 class=\"carousel-slides__title\">Les \u00e9l\u00e9ments constitutifs du rapport<\/h3>\n\t\t\t\t\t\t<p class=\"carousel-slides__description\">R\u00e9sumez et visualisez vos donn\u00e9es \u00e0 l'aide de graphiques et de tableaux afin d'identifier facilement les domaines importants.<\/p>\n\t\t\t\t\t<\/div>\n\t\t\t\t\t<img loading=\"lazy\" decoding=\"async\" width=\"960\" height=\"522\" src=\"https:\/\/cdn.teamdeck.io\/uploads\/website\/2019\/02\/11155806\/Screen-Shot-2019-03-08-at-12.50.07-960x522.png\" class=\"carousel-slides__image\" alt=\"\" srcset=\"https:\/\/cdn.teamdeck.io\/uploads\/website\/2019\/02\/11155806\/Screen-Shot-2019-03-08-at-12.50.07-960x522.png 960w, https:\/\/cdn.teamdeck.io\/uploads\/website\/2019\/02\/11155806\/Screen-Shot-2019-03-08-at-12.50.07-300x163.png 300w, https:\/\/cdn.teamdeck.io\/uploads\/website\/2019\/02\/11155806\/Screen-Shot-2019-03-08-at-12.50.07-768x417.png 768w\" sizes=\"auto, (max-width: 960px) 100vw, 960px\" \/>\t\t\t\t<\/div>\n\t\t\t\t\t\t\t<div class=\"carousel-slides__item\" data-index=\"1\">\n\t\t\t\t\t<div class=\"carousel-slides__content\">\n\t\t\t\t\t\t<h3 class=\"carousel-slides__title\">Valeurs personnalis\u00e9es<\/h3>\n\t\t\t\t\t\t<p class=\"carousel-slides__description\">Les rapports ne sont pas limit\u00e9s aux donn\u00e9es enregistr\u00e9es par Teamdeck. Vous pouvez saisir d'autres valeurs, par exemple les taux horaires des employ\u00e9s, pour effectuer des calculs plus souples et plus complets.<\/p>\n\t\t\t\t\t<\/div>\n\t\t\t\t\t<img loading=\"lazy\" decoding=\"async\" width=\"960\" height=\"520\" src=\"https:\/\/cdn.teamdeck.io\/uploads\/website\/2019\/02\/11155853\/Screen-Shot-2019-03-08-at-12.49.141-960x520.png\" class=\"carousel-slides__image\" alt=\"\" srcset=\"https:\/\/cdn.teamdeck.io\/uploads\/website\/2019\/02\/11155853\/Screen-Shot-2019-03-08-at-12.49.141-960x520.png 960w, https:\/\/cdn.teamdeck.io\/uploads\/website\/2019\/02\/11155853\/Screen-Shot-2019-03-08-at-12.49.141-300x162.png 300w, https:\/\/cdn.teamdeck.io\/uploads\/website\/2019\/02\/11155853\/Screen-Shot-2019-03-08-at-12.49.141-768x416.png 768w\" sizes=\"auto, (max-width: 960px) 100vw, 960px\" \/>\t\t\t\t<\/div>\n\t\t\t\t\t\t\t<div class=\"carousel-slides__item\" data-index=\"2\">\n\t\t\t\t\t<div class=\"carousel-slides__content\">\n\t\t\t\t\t\t<h3 class=\"carousel-slides__title\">Calculs personnalis\u00e9s<\/h3>\n\t\t\t\t\t\t<p class=\"carousel-slides__description\">Les rapports de Teamdeck sont aussi puissants que les feuilles de calcul auxquelles vous \u00eates habitu\u00e9. Entrez des formules pour r\u00e9f\u00e9rencer des donn\u00e9es, calculer des moyennes ou utiliser une logique conditionnelle.<\/p>\n\t\t\t\t\t<\/div>\n\t\t\t\t\t<img loading=\"lazy\" decoding=\"async\" width=\"960\" height=\"521\" src=\"https:\/\/cdn.teamdeck.io\/uploads\/website\/2019\/02\/11160227\/custom-calc-e1555411725106-960x521.png\" class=\"carousel-slides__image\" alt=\"\" srcset=\"https:\/\/cdn.teamdeck.io\/uploads\/website\/2019\/02\/11160227\/custom-calc-e1555411725106-960x521.png 960w, https:\/\/cdn.teamdeck.io\/uploads\/website\/2019\/02\/11160227\/custom-calc-e1555411725106-300x163.png 300w, https:\/\/cdn.teamdeck.io\/uploads\/website\/2019\/02\/11160227\/custom-calc-e1555411725106-768x417.png 768w\" sizes=\"auto, (max-width: 960px) 100vw, 960px\" \/>\t\t\t\t<\/div>\n\t\t\t\t\t\t\t<div class=\"carousel-slides__item\" data-index=\"3\">\n\t\t\t\t\t<div class=\"carousel-slides__content\">\n\t\t\t\t\t\t<h3 class=\"carousel-slides__title\">Regroupement flexible des donn\u00e9es<\/h3>\n\t\t\t\t\t\t<p class=\"carousel-slides__description\">Vous pouvez regrouper vos donn\u00e9es pour les analyser sous diff\u00e9rents angles. Par exemple, vous pouvez r\u00e9partir les heures suppl\u00e9mentaires de votre \u00e9quipe en fonction des projets et des titres de poste, afin de mieux comprendre la tendance. <\/p>\n\t\t\t\t\t<\/div>\n\t\t\t\t\t<img loading=\"lazy\" decoding=\"async\" width=\"960\" height=\"520\" src=\"https:\/\/cdn.teamdeck.io\/uploads\/website\/2019\/02\/11155951\/Screen-Shot-2019-03-08-at-12.51.51-960x520.png\" class=\"carousel-slides__image\" alt=\"\" srcset=\"https:\/\/cdn.teamdeck.io\/uploads\/website\/2019\/02\/11155951\/Screen-Shot-2019-03-08-at-12.51.51-960x520.png 960w, https:\/\/cdn.teamdeck.io\/uploads\/website\/2019\/02\/11155951\/Screen-Shot-2019-03-08-at-12.51.51-300x162.png 300w, https:\/\/cdn.teamdeck.io\/uploads\/website\/2019\/02\/11155951\/Screen-Shot-2019-03-08-at-12.51.51-768x416.png 768w\" sizes=\"auto, (max-width: 960px) 100vw, 960px\" \/>\t\t\t\t<\/div>\n\t\t\t\t\t\t\t<div class=\"carousel-slides__item\" data-index=\"4\">\n\t\t\t\t\t<div class=\"carousel-slides__content\">\n\t\t\t\t\t\t<h3 class=\"carousel-slides__title\">Exportation de donn\u00e9es<\/h3>\n\t\t\t\t\t\t<p class=\"carousel-slides__description\">Chaque \u00e9l\u00e9ment de votre rapport peut \u00eatre export\u00e9 vers un fichier CSV, au cas o\u00f9 vous souhaiteriez effectuer des analyses crois\u00e9es de bases de donn\u00e9es ou utiliser les donn\u00e9es d'une autre mani\u00e8re. <\/p>\n\t\t\t\t\t<\/div>\n\t\t\t\t\t<img loading=\"lazy\" decoding=\"async\" width=\"960\" height=\"523\" src=\"https:\/\/cdn.teamdeck.io\/uploads\/website\/2019\/02\/11160018\/Screen-Shot-2019-03-11-at-11.01.17-960x523.png\" class=\"carousel-slides__image\" alt=\"\" srcset=\"https:\/\/cdn.teamdeck.io\/uploads\/website\/2019\/02\/11160018\/Screen-Shot-2019-03-11-at-11.01.17-960x523.png 960w, https:\/\/cdn.teamdeck.io\/uploads\/website\/2019\/02\/11160018\/Screen-Shot-2019-03-11-at-11.01.17-300x163.png 300w, https:\/\/cdn.teamdeck.io\/uploads\/website\/2019\/02\/11160018\/Screen-Shot-2019-03-11-at-11.01.17-768x418.png 768w\" sizes=\"auto, (max-width: 960px) 100vw, 960px\" \/>\t\t\t\t<\/div>\n\t\t\t\t\t<\/div>\n\t<\/div>\n<\/div><\/div><\/div><\/div><\/div><div class=\"vc_row-full-width vc_clearfix\"><\/div><div class=\"vc_row wpb_row vc_row-fluid redl-row-section vc_custom_1551186799735 padding-small bgv-default bgh-default halign-center\"><div class=\"wpb_column vc_column_container text-left vc_col-sm-12 padding-default bgv-default bgh-default halign-default\"><div class=\"vc_column-inner\"><div class=\"wpb_wrapper\">\n\t<div class=\"wpb_text_column wpb_content_element\" >\n\t\t<div class=\"wpb_wrapper\">\n\t\t\t<p><span style=\"font-size: 18px;\">Les rapports g\u00e9n\u00e9r\u00e9s dans Teamdeck peuvent \u00eatre <strong>partag\u00e9 avec des personnes internes et externes \u00e0 votre organisation<\/strong>.<br \/>\nL'acc\u00e8s \u00e0 l'\u00e9dition est pratique lorsque plusieurs membres de votre \u00e9quipe doivent travailler sur un m\u00eame rapport. Vous pouvez \u00e9galement <strong>g\u00e9n\u00e9rer un lien public<\/strong> et envoyez-le \u00e0 vos clients. Ils verront un magnifique tableau de bord de donn\u00e9es qui est en m\u00eame temps informatif - <a href=\"https:\/\/app.teamdeck.io\/reports\/f2b3451de276f51b814dfa1685efe6325c73c50801e265c73c50801ed1\">comme celui-ci<\/a>&nbsp;(si vous \u00eates d\u00e9j\u00e0 connect\u00e9, nous vous sugg\u00e9rons d'ouvrir ce rapport en mode incognito).&nbsp;<\/span><\/p>\n\n\t\t<\/div>\n\t<\/div>\n<div class=\"vc_empty_space\"   style=\"height: 32px\" ><span class=\"vc_empty_space_inner\"><\/span><\/div>\n<\/div><\/div><\/div><\/div><div data-vc-full-width=\"true\" data-vc-full-width-init=\"false\" class=\"vc_row wpb_row vc_row-fluid redl-row-section footer-message-row vc_custom_1502964176474 vc_row-has-fill vc_row-o-equal-height vc_row-flex padding-medium bgv-default bgh-default halign-default\"><div class=\"wpb_column vc_column_container text-center vc_col-sm-12 vc_col-lg-8 vc_col-md-9 padding-default bgv-default bgh-default halign-center\"><div class=\"vc_column-inner\"><div class=\"wpb_wrapper\">\n\t<div class=\"wpb_text_column wpb_content_element\" >\n\t\t<div class=\"wpb_wrapper\">\n\t\t\t<p><span class=\"message\">Soyez davantage ax\u00e9 sur les donn\u00e9es pour g\u00e9rer votre entreprise \u00e0 un niveau plus \u00e9lev\u00e9. <\/span><\/p>\n\n\t\t<\/div>\n\t<\/div>\n<a class=\"redl-btn  redl-btn-border redl-btn-two  redl-btn-medium redl-btn-69eef69f6202d btn-hover-one btn-icon-left signup-bottom\" href=\"https:\/\/app.teamdeck.io\/register?utm_source=reports\" target=\"_blank\">Essai GRATUIT de 30 jours<\/a><\/div><\/div><\/div><\/div><div class=\"vc_row-full-width vc_clearfix\"><\/div>","protected":false},"excerpt":{"rendered":"Mod\u00e8les de rapports Prendre de meilleures d\u00e9cisions bas\u00e9es sur des analyses en temps r\u00e9el Essai GRATUIT de 30 jours Nous avons pr\u00e9par\u00e9 plusieurs mod\u00e8les de rapports pour les \u00e9quipes de gestion des ressources humaines, des finances et des op\u00e9rations. Avec les mod\u00e8les, vous n'avez pas besoin de perdre du temps \u00e0 construire des rapports...","protected":false},"author":6,"featured_media":0,"parent":2346,"menu_order":4,"comment_status":"closed","ping_status":"closed","template":"","meta":{"footnotes":""},"class_list":["post-4695","page","type-page","status-publish","hentry"],"yoast_head":"<!-- This site is optimized with the Yoast SEO Premium plugin v23.8 (Yoast SEO v24.3) - https:\/\/yoast.com\/wordpress\/plugins\/seo\/ -->\n<title>Report templates for PM, HR, finance &amp; operations teams - Teamdeck<\/title>\n<meta name=\"description\" content=\"We\u2019ve prepared several report templates for PM, HR, finance &amp; operations teams. Start making better decisions based on real-time analytics.\" \/>\n<meta name=\"robots\" content=\"index, follow, max-snippet:-1, max-image-preview:large, max-video-preview:-1\" \/>\n<link rel=\"canonical\" href=\"https:\/\/teamdeck.io\/fr\/caracteristiques\/rapport\/\" \/>\n<meta property=\"og:locale\" content=\"fr_FR\" \/>\n<meta property=\"og:type\" content=\"article\" \/>\n<meta property=\"og:title\" content=\"Custom reporting\" \/>\n<meta property=\"og:description\" content=\"We\u2019ve prepared several report templates for PM, HR, finance &amp; operations teams. Start making better decisions based on real-time analytics.\" \/>\n<meta property=\"og:url\" content=\"https:\/\/teamdeck.io\/fr\/caracteristiques\/rapport\/\" \/>\n<meta property=\"og:site_name\" content=\"Teamdeck\" \/>\n<meta property=\"article:publisher\" content=\"https:\/\/www.facebook.com\/helloteamdeck\" \/>\n<meta property=\"article:modified_time\" content=\"2021-12-14T15:55:26+00:00\" \/>\n<meta property=\"og:image\" content=\"https:\/\/teamdeck.io\/wp-content\/uploads\/2016\/10\/time_tracking_timesheets@2x.png\" \/>\n<meta name=\"twitter:card\" content=\"summary_large_image\" \/>\n<meta name=\"twitter:site\" content=\"@helloteamdeck\" \/>\n<meta name=\"twitter:label1\" content=\"Est. reading time\" \/>\n\t<meta name=\"twitter:data1\" content=\"3 minutes\" \/>\n<script type=\"application\/ld+json\" class=\"yoast-schema-graph\">{\"@context\":\"https:\/\/schema.org\",\"@graph\":[{\"@type\":\"WebPage\",\"@id\":\"https:\/\/teamdeck.io\/features\/reporting\/\",\"url\":\"https:\/\/teamdeck.io\/features\/reporting\/\",\"name\":\"Report templates for PM, HR, finance & operations teams - Teamdeck\",\"isPartOf\":{\"@id\":\"https:\/\/teamdeck.io\/#website\"},\"primaryImageOfPage\":{\"@id\":\"https:\/\/teamdeck.io\/features\/reporting\/#primaryimage\"},\"image\":{\"@id\":\"https:\/\/teamdeck.io\/features\/reporting\/#primaryimage\"},\"thumbnailUrl\":\"https:\/\/teamdeck.io\/wp-content\/uploads\/2016\/10\/time_tracking_timesheets@2x.png\",\"datePublished\":\"2019-02-26T12:31:13+00:00\",\"dateModified\":\"2021-12-14T15:55:26+00:00\",\"description\":\"We\u2019ve prepared several report templates for PM, HR, finance & operations teams. Start making better decisions based on real-time analytics.\",\"breadcrumb\":{\"@id\":\"https:\/\/teamdeck.io\/features\/reporting\/#breadcrumb\"},\"inLanguage\":\"fr-FR\",\"potentialAction\":[{\"@type\":\"ReadAction\",\"target\":[\"https:\/\/teamdeck.io\/features\/reporting\/\"]}]},{\"@type\":\"ImageObject\",\"inLanguage\":\"fr-FR\",\"@id\":\"https:\/\/teamdeck.io\/features\/reporting\/#primaryimage\",\"url\":\"https:\/\/teamdeck.io\/wp-content\/uploads\/2016\/10\/time_tracking_timesheets@2x.png\",\"contentUrl\":\"https:\/\/teamdeck.io\/wp-content\/uploads\/2016\/10\/time_tracking_timesheets@2x.png\"},{\"@type\":\"BreadcrumbList\",\"@id\":\"https:\/\/teamdeck.io\/features\/reporting\/#breadcrumb\",\"itemListElement\":[{\"@type\":\"ListItem\",\"position\":1,\"name\":\"Home\",\"item\":\"https:\/\/teamdeck.io\/\"},{\"@type\":\"ListItem\",\"position\":2,\"name\":\"Features\",\"item\":\"https:\/\/teamdeck.io\/features\/\"},{\"@type\":\"ListItem\",\"position\":3,\"name\":\"Custom reporting\"}]},{\"@type\":\"WebSite\",\"@id\":\"https:\/\/teamdeck.io\/#website\",\"url\":\"https:\/\/teamdeck.io\/\",\"name\":\"Teamdeck\",\"description\":\"resource scheduling + time tracking + leave management\",\"potentialAction\":[{\"@type\":\"SearchAction\",\"target\":{\"@type\":\"EntryPoint\",\"urlTemplate\":\"https:\/\/teamdeck.io\/?s={search_term_string}\"},\"query-input\":{\"@type\":\"PropertyValueSpecification\",\"valueRequired\":true,\"valueName\":\"search_term_string\"}}],\"inLanguage\":\"fr-FR\"}]}<\/script>\n<!-- \/ Yoast SEO Premium plugin. -->","yoast_head_json":{"title":"Report templates for PM, HR, finance & operations teams - Teamdeck","description":"We\u2019ve prepared several report templates for PM, HR, finance & operations teams. Start making better decisions based on real-time analytics.","robots":{"index":"index","follow":"follow","max-snippet":"max-snippet:-1","max-image-preview":"max-image-preview:large","max-video-preview":"max-video-preview:-1"},"canonical":"https:\/\/teamdeck.io\/fr\/caracteristiques\/rapport\/","og_locale":"fr_FR","og_type":"article","og_title":"Custom reporting","og_description":"We\u2019ve prepared several report templates for PM, HR, finance & operations teams. Start making better decisions based on real-time analytics.","og_url":"https:\/\/teamdeck.io\/fr\/caracteristiques\/rapport\/","og_site_name":"Teamdeck","article_publisher":"https:\/\/www.facebook.com\/helloteamdeck","article_modified_time":"2021-12-14T15:55:26+00:00","og_image":[{"url":"https:\/\/teamdeck.io\/wp-content\/uploads\/2016\/10\/time_tracking_timesheets@2x.png","type":"","width":"","height":""}],"twitter_card":"summary_large_image","twitter_site":"@helloteamdeck","twitter_misc":{"Est. reading time":"3 minutes"},"schema":{"@context":"https:\/\/schema.org","@graph":[{"@type":"WebPage","@id":"https:\/\/teamdeck.io\/features\/reporting\/","url":"https:\/\/teamdeck.io\/features\/reporting\/","name":"Report templates for PM, HR, finance & operations teams - Teamdeck","isPartOf":{"@id":"https:\/\/teamdeck.io\/#website"},"primaryImageOfPage":{"@id":"https:\/\/teamdeck.io\/features\/reporting\/#primaryimage"},"image":{"@id":"https:\/\/teamdeck.io\/features\/reporting\/#primaryimage"},"thumbnailUrl":"https:\/\/teamdeck.io\/wp-content\/uploads\/2016\/10\/time_tracking_timesheets@2x.png","datePublished":"2019-02-26T12:31:13+00:00","dateModified":"2021-12-14T15:55:26+00:00","description":"We\u2019ve prepared several report templates for PM, HR, finance & operations teams. Start making better decisions based on real-time analytics.","breadcrumb":{"@id":"https:\/\/teamdeck.io\/features\/reporting\/#breadcrumb"},"inLanguage":"fr-FR","potentialAction":[{"@type":"ReadAction","target":["https:\/\/teamdeck.io\/features\/reporting\/"]}]},{"@type":"ImageObject","inLanguage":"fr-FR","@id":"https:\/\/teamdeck.io\/features\/reporting\/#primaryimage","url":"https:\/\/teamdeck.io\/wp-content\/uploads\/2016\/10\/time_tracking_timesheets@2x.png","contentUrl":"https:\/\/teamdeck.io\/wp-content\/uploads\/2016\/10\/time_tracking_timesheets@2x.png"},{"@type":"BreadcrumbList","@id":"https:\/\/teamdeck.io\/features\/reporting\/#breadcrumb","itemListElement":[{"@type":"ListItem","position":1,"name":"Home","item":"https:\/\/teamdeck.io\/"},{"@type":"ListItem","position":2,"name":"Features","item":"https:\/\/teamdeck.io\/features\/"},{"@type":"ListItem","position":3,"name":"Custom reporting"}]},{"@type":"WebSite","@id":"https:\/\/teamdeck.io\/#website","url":"https:\/\/teamdeck.io\/","name":"Teamdeck","description":"resource scheduling + time tracking + leave management","potentialAction":[{"@type":"SearchAction","target":{"@type":"EntryPoint","urlTemplate":"https:\/\/teamdeck.io\/?s={search_term_string}"},"query-input":{"@type":"PropertyValueSpecification","valueRequired":true,"valueName":"search_term_string"}}],"inLanguage":"fr-FR"}]}},"_links":{"self":[{"href":"https:\/\/teamdeck.io\/fr\/wp-json\/wp\/v2\/pages\/4695","targetHints":{"allow":["GET"]}}],"collection":[{"href":"https:\/\/teamdeck.io\/fr\/wp-json\/wp\/v2\/pages"}],"about":[{"href":"https:\/\/teamdeck.io\/fr\/wp-json\/wp\/v2\/types\/page"}],"author":[{"embeddable":true,"href":"https:\/\/teamdeck.io\/fr\/wp-json\/wp\/v2\/users\/6"}],"replies":[{"embeddable":true,"href":"https:\/\/teamdeck.io\/fr\/wp-json\/wp\/v2\/comments?post=4695"}],"version-history":[{"count":30,"href":"https:\/\/teamdeck.io\/fr\/wp-json\/wp\/v2\/pages\/4695\/revisions"}],"predecessor-version":[{"id":8325,"href":"https:\/\/teamdeck.io\/fr\/wp-json\/wp\/v2\/pages\/4695\/revisions\/8325"}],"up":[{"embeddable":true,"href":"https:\/\/teamdeck.io\/fr\/wp-json\/wp\/v2\/pages\/2346"}],"wp:attachment":[{"href":"https:\/\/teamdeck.io\/fr\/wp-json\/wp\/v2\/media?parent=4695"}],"curies":[{"name":"wp","href":"https:\/\/api.w.org\/{rel}","templated":true}]}}