{"id":4033,"date":"2018-07-27T14:42:45","date_gmt":"2018-07-27T12:42:45","guid":{"rendered":"https:\/\/teamdeck.io\/?page_id=4033"},"modified":"2021-12-29T16:01:19","modified_gmt":"2021-12-29T14:01:19","slug":"api-and-integrations","status":"publish","type":"page","link":"https:\/\/teamdeck.io\/fr\/api-et-integrations\/","title":{"rendered":"Int\u00e9grations"},"content":{"rendered":"<div data-vc-full-width=\"true\" data-vc-full-width-init=\"false\" class=\"vc_row wpb_row vc_row-fluid redl-row-section padding-default bgv-default bgh-default halign-default\"><div class=\"wpb_column vc_column_container text-center vc_col-sm-12 padding-medium bgv-default bgh-default halign-default\"><div class=\"vc_column-inner\"><div class=\"wpb_wrapper\">\n\t<div class=\"wpb_text_column wpb_content_element\" >\n\t\t<div class=\"wpb_wrapper\">\n\t\t\t<h1 style=\"text-align: center;\">Automatisez votre travail gr\u00e2ce aux API et aux int\u00e9grations<br \/>\n<span class=\"h2\">Cr\u00e9er des processus de gestion des ressources sur mesure<\/span><\/h1>\n\n\t\t<\/div>\n\t<\/div>\n\n\t<div  class=\"wpb_single_image wpb_content_element vc_align_center\">\n\t\t\n\t\t<figure class=\"wpb_wrapper vc_figure\">\n\t\t\t<div class=\"vc_single_image-wrapper   vc_box_border_grey\"><img loading=\"lazy\" decoding=\"async\" width=\"960\" height=\"540\" src=\"https:\/\/cdn.teamdeck.io\/uploads\/website\/2017\/11\/14172642\/teamdeck_resource_allocation-960x540.jpg\" class=\"vc_single_image-img attachment-large\" alt=\"l&#039;allocation des ressources\" srcset=\"https:\/\/cdn.teamdeck.io\/uploads\/website\/2017\/11\/14172642\/teamdeck_resource_allocation-960x540.jpg 960w, https:\/\/cdn.teamdeck.io\/uploads\/website\/2017\/11\/14172642\/teamdeck_resource_allocation-300x169.jpg 300w, https:\/\/cdn.teamdeck.io\/uploads\/website\/2017\/11\/14172642\/teamdeck_resource_allocation-768x432.jpg 768w\" sizes=\"auto, (max-width: 960px) 100vw, 960px\" \/><\/div>\n\t\t<\/figure>\n\t<\/div>\n<\/div><\/div><\/div><\/div><div class=\"vc_row-full-width vc_clearfix\"><\/div><div data-vc-full-width=\"true\" data-vc-full-width-init=\"false\" class=\"vc_row wpb_row vc_row-fluid redl-row-section padding-default bgv-default bgh-default halign-default\"><div class=\"wpb_column vc_column_container text-center vc_col-sm-12 padding-medium bgv-default bgh-default halign-default\"><div class=\"vc_column-inner vc_custom_1532445559087\"><div class=\"wpb_wrapper\">\n\t<div class=\"wpb_text_column wpb_content_element\" >\n\t\t<div class=\"wpb_wrapper\">\n\t\t\t<p style=\"text-align: center;\"><span class=\"message\">Configurez vos propres flux de travail \u00e0 l'aide de l'API de Teamdeck<\/span><\/p>\n\n\t\t<\/div>\n\t<\/div>\n<a class=\"redl-btn redl-btn-two  redl-btn-medium redl-btn-69e4bed21cb24 btn-hover-one btn-icon-left Api docs\" href=\"https:\/\/teamdeck.io\/fr\/developers\/api\/\">Explorer les documents de l'API<\/a><\/div><\/div><\/div><\/div><div class=\"vc_row-full-width vc_clearfix\"><\/div><div data-vc-full-width=\"true\" data-vc-full-width-init=\"false\" class=\"vc_row wpb_row vc_row-fluid redl-row-section padding-default bgv-default bgh-default halign-default\"><div class=\"wpb_column vc_column_container text-center vc_col-sm-12 padding-medium bgv-default bgh-default halign-default\"><div class=\"vc_column-inner vc_custom_1532444211298\"><div class=\"wpb_wrapper\"><div class=\"vc_empty_space\"   style=\"height: 50px\" ><span class=\"vc_empty_space_inner\"><\/span><\/div>\n\n\t<div class=\"wpb_text_column wpb_content_element\" >\n\t\t<div class=\"wpb_wrapper\">\n\t\t\t<p style=\"text-align: center;\"><span class=\"message\">Int\u00e9grations int\u00e9gr\u00e9es :<\/span><\/p>\n<p style=\"text-align: center;\">(disponible pour les utilisateurs du Business Plan)<\/p>\n\n\t\t<\/div>\n\t<\/div>\n<\/div><\/div><\/div><\/div><div class=\"vc_row-full-width vc_clearfix\"><\/div><div class=\"vc_row wpb_row vc_row-fluid redl-row-section vc_custom_1532445244815 padding-default bgv-default bgh-default halign-default\"><div class=\"wpb_column vc_column_container text-left vc_col-sm-4 padding-default bgv-default bgh-default halign-default\"><div class=\"vc_column-inner\"><div class=\"wpb_wrapper\">\n\t<div  class=\"wpb_single_image wpb_content_element vc_align_center\">\n\t\t\n\t\t<figure class=\"wpb_wrapper vc_figure\">\n\t\t\t<div class=\"vc_single_image-wrapper   vc_box_border_grey\"><img loading=\"lazy\" decoding=\"async\" width=\"75\" height=\"75\" src=\"https:\/\/cdn.teamdeck.io\/uploads\/website\/2018\/07\/25092520\/podio_logo_bw-e1532503785344.png\" class=\"vc_single_image-img attachment-large\" alt=\"\" \/><\/div>\n\t\t<\/figure>\n\t<\/div>\n\n\t<div class=\"wpb_text_column wpb_content_element\" >\n\t\t<div class=\"wpb_wrapper\">\n\t\t\t<p style=\"text-align: center;\"><strong>Podio<\/strong><\/p>\n<p style=\"text-align: center;\"><span style=\"font-weight: 400;\">Int\u00e9grer les projets et les membres de l'\u00e9quipe entre Podio et Teamdeck.<\/span><\/p>\n\n\t\t<\/div>\n\t<\/div>\n<\/div><\/div><\/div><div class=\"wpb_column vc_column_container text-left vc_col-sm-4 padding-default bgv-default bgh-default halign-default\"><div class=\"vc_column-inner\"><div class=\"wpb_wrapper\">\n\t<div  class=\"wpb_single_image wpb_content_element vc_align_center\">\n\t\t\n\t\t<figure class=\"wpb_wrapper vc_figure\">\n\t\t\t<div class=\"vc_single_image-wrapper   vc_box_border_grey\"><img loading=\"lazy\" decoding=\"async\" width=\"75\" height=\"75\" src=\"https:\/\/cdn.teamdeck.io\/uploads\/website\/2018\/07\/25092519\/cake_hr_logo_mono-e1532503778408.png\" class=\"vc_single_image-img attachment-large\" alt=\"\" \/><\/div>\n\t\t<\/figure>\n\t<\/div>\n\n\t<div class=\"wpb_text_column wpb_content_element\" >\n\t\t<div class=\"wpb_wrapper\">\n\t\t\t<p style=\"text-align: center;\"><strong>Sage HR<\/strong><\/p>\n<p style=\"text-align: center;\"><span style=\"font-weight: 400;\">Tirez les donn\u00e9es sur les cong\u00e9s de votre \u00e9quipe de Sage HR vers Teamdeck.<\/span><\/p>\n\n\t\t<\/div>\n\t<\/div>\n<\/div><\/div><\/div><div class=\"wpb_column vc_column_container text-left vc_col-sm-4 padding-default bgv-default bgh-default halign-default\"><div class=\"vc_column-inner\"><div class=\"wpb_wrapper\">\n\t<div  class=\"wpb_single_image wpb_content_element vc_align_center\">\n\t\t\n\t\t<figure class=\"wpb_wrapper vc_figure\">\n\t\t\t<div class=\"vc_single_image-wrapper   vc_box_border_grey\"><img loading=\"lazy\" decoding=\"async\" width=\"75\" height=\"75\" src=\"https:\/\/cdn.teamdeck.io\/uploads\/website\/2018\/07\/25092521\/slack_logo_mono-e1532503794194.png\" class=\"vc_single_image-img attachment-large\" alt=\"\" \/><\/div>\n\t\t<\/figure>\n\t<\/div>\n\n\t<div class=\"wpb_text_column wpb_content_element\" >\n\t\t<div class=\"wpb_wrapper\">\n\t\t\t<p style=\"text-align: center;\"><strong>Slack<\/strong><\/p>\n<p style=\"text-align: center;\">G\u00e9rez le travail de votre \u00e9quipe \u00e0 l'aide de votre application de chat pr\u00e9f\u00e9r\u00e9e. <a href=\"https:\/\/teamdeck.io\/fr\/application-slack\/\">Plus d'informations.<\/a><\/p>\n\n\t\t<\/div>\n\t<\/div>\n<\/div><\/div><\/div><\/div><div class=\"vc_row wpb_row vc_row-fluid redl-row-section footer-message-row vc_row-o-equal-height vc_row-flex padding-medium bgv-default bgh-default halign-default\"><div class=\"wpb_column vc_column_container text-left vc_col-sm-4 padding-default bgv-default bgh-default halign-default\"><div class=\"vc_column-inner\"><div class=\"wpb_wrapper\">\n\t<div  class=\"wpb_single_image wpb_content_element vc_align_center\">\n\t\t\n\t\t<figure class=\"wpb_wrapper vc_figure\">\n\t\t\t<div class=\"vc_single_image-wrapper   vc_box_border_grey\"><img loading=\"lazy\" decoding=\"async\" class=\"vc_single_image-img\" src=\"https:\/\/cdn.teamdeck.io\/uploads\/website\/2021\/12\/29153840\/google_calendar-1-75x75.png\" width=\"75\" height=\"75\" alt=\"google_calendar\" title=\"google_calendar\" \/><\/div>\n\t\t<\/figure>\n\t<\/div>\n\n\t<div class=\"wpb_text_column wpb_content_element\" >\n\t\t<div class=\"wpb_wrapper\">\n\t\t\t<p style=\"text-align: center;\"><strong>Google Agenda<\/strong><\/p>\n<p style=\"text-align: center;\">Cr\u00e9ez automatiquement des entr\u00e9es de temps bas\u00e9es sur les \u00e9v\u00e9nements de votre agenda Google.<\/p>\n\n\t\t<\/div>\n\t<\/div>\n<\/div><\/div><\/div><div class=\"wpb_column vc_column_container text-center vc_col-sm-4 padding-default bgv-default bgh-default halign-default\"><div class=\"vc_column-inner\"><div class=\"wpb_wrapper\">\n\t<div class=\"wpb_text_column wpb_content_element\" >\n\t\t<div class=\"wpb_wrapper\">\n\t\t\t\n\t<div  class=\"wpb_single_image wpb_content_element vc_align_center\">\n\t\t\n\t\t<figure class=\"wpb_wrapper vc_figure\">\n\t\t\t<div class=\"vc_single_image-wrapper   vc_box_border_grey\"><img loading=\"lazy\" decoding=\"async\" width=\"75\" height=\"75\" src=\"https:\/\/cdn.teamdeck.io\/uploads\/website\/2021\/09\/27132802\/zapier-logo.png\" class=\"vc_single_image-img attachment-large\" alt=\"\" \/><\/div>\n\t\t<\/figure>\n\t<\/div>\n\n<p style=\"text-align: center;\"><strong>Zapier<\/strong><\/p>\n<p>Int\u00e9grez toutes sortes de logiciels comme Asana, Bamboo HR et bien d'autres \u00e0 l'aide de l'application Zapier de Teamdeck. Disponible sur invitation. Si vous \u00eates int\u00e9ress\u00e9(e), veuillez <a href=\"mailto:contact@teamdeck.io\">nous contacter<\/a>.<\/p>\n\n\t\t<\/div>\n\t<\/div>\n<\/div><\/div><\/div><\/div><div data-vc-full-width=\"true\" data-vc-full-width-init=\"false\" class=\"vc_row wpb_row vc_row-fluid redl-row-section footer-message-row vc_custom_1502964176474 vc_row-has-fill vc_row-o-equal-height vc_row-flex padding-medium bgv-default bgh-default halign-default\"><div class=\"wpb_column vc_column_container text-center vc_col-sm-12 vc_col-lg-8 vc_col-md-9 padding-default bgv-default bgh-default halign-default\"><div class=\"vc_column-inner\"><div class=\"wpb_wrapper\">\n\t<div class=\"wpb_text_column wpb_content_element\" >\n\t\t<div class=\"wpb_wrapper\">\n\t\t\t<p><span style=\"font-size: 19px;\">Optimisez la productivit\u00e9 de votre \u00e9quipe en connectant Teamdeck \u00e0 d'autres applications.<\/span><\/p>\n\n\t\t<\/div>\n\t<\/div>\n<a class=\"redl-btn  redl-btn-border redl-btn-two  redl-btn-medium redl-btn-69e4bed292e26 btn-hover-one btn-icon-left signup-api\" href=\"https:\/\/app.teamdeck.io\/register\">Essai GRATUIT de 30 jours<\/a><\/div><\/div><\/div><\/div><div class=\"vc_row-full-width vc_clearfix\"><\/div>","protected":false},"excerpt":{"rendered":"Automatisez votre travail avec l'API et les int\u00e9grations Cr\u00e9ez des processus de gestion des ressources sur mesure Configurez vos propres flux de travail \u00e0 l'aide de l'API de Teamdeck Explorez les documents de l'API Int\u00e9grations int\u00e9gr\u00e9es : (disponibles pour les utilisateurs du Business Plan) Podio Int\u00e9grez les projets et les membres de l'\u00e9quipe entre Podio...","protected":false},"author":6,"featured_media":0,"parent":0,"menu_order":0,"comment_status":"closed","ping_status":"closed","template":"","meta":{"footnotes":""},"class_list":["post-4033","page","type-page","status-publish","hentry"],"yoast_head":"<!-- This site is optimized with the Yoast SEO Premium plugin v23.8 (Yoast SEO v24.3) - https:\/\/yoast.com\/wordpress\/plugins\/seo\/ -->\n<title>Integrations - Teamdeck<\/title>\n<meta name=\"description\" content=\"Automate your work with API, integrations, and bots. Create bespoke resource management processes within your organization.\" \/>\n<meta name=\"robots\" content=\"index, follow, max-snippet:-1, max-image-preview:large, max-video-preview:-1\" \/>\n<link rel=\"canonical\" href=\"https:\/\/teamdeck.io\/fr\/api-et-integrations\/\" \/>\n<meta property=\"og:locale\" content=\"fr_FR\" \/>\n<meta property=\"og:type\" content=\"article\" \/>\n<meta property=\"og:title\" content=\"Integrations\" \/>\n<meta property=\"og:description\" content=\"Automate your work with API, integrations, and bots. Create bespoke resource management processes within your organization.\" \/>\n<meta property=\"og:url\" content=\"https:\/\/teamdeck.io\/fr\/api-et-integrations\/\" \/>\n<meta property=\"og:site_name\" content=\"Teamdeck\" \/>\n<meta property=\"article:publisher\" content=\"https:\/\/www.facebook.com\/helloteamdeck\" \/>\n<meta property=\"article:modified_time\" content=\"2021-12-29T14:01:19+00:00\" \/>\n<meta name=\"twitter:card\" content=\"summary_large_image\" \/>\n<meta name=\"twitter:site\" content=\"@helloteamdeck\" \/>\n<meta name=\"twitter:label1\" content=\"Est. reading time\" \/>\n\t<meta name=\"twitter:data1\" content=\"1 minute\" \/>\n<script type=\"application\/ld+json\" class=\"yoast-schema-graph\">{\"@context\":\"https:\/\/schema.org\",\"@graph\":[{\"@type\":\"WebPage\",\"@id\":\"https:\/\/teamdeck.io\/api-and-integrations\/\",\"url\":\"https:\/\/teamdeck.io\/api-and-integrations\/\",\"name\":\"Integrations - Teamdeck\",\"isPartOf\":{\"@id\":\"https:\/\/teamdeck.io\/#website\"},\"datePublished\":\"2018-07-27T12:42:45+00:00\",\"dateModified\":\"2021-12-29T14:01:19+00:00\",\"description\":\"Automate your work with API, integrations, and bots. Create bespoke resource management processes within your organization.\",\"breadcrumb\":{\"@id\":\"https:\/\/teamdeck.io\/api-and-integrations\/#breadcrumb\"},\"inLanguage\":\"fr-FR\",\"potentialAction\":[{\"@type\":\"ReadAction\",\"target\":[\"https:\/\/teamdeck.io\/api-and-integrations\/\"]}]},{\"@type\":\"BreadcrumbList\",\"@id\":\"https:\/\/teamdeck.io\/api-and-integrations\/#breadcrumb\",\"itemListElement\":[{\"@type\":\"ListItem\",\"position\":1,\"name\":\"Home\",\"item\":\"https:\/\/teamdeck.io\/\"},{\"@type\":\"ListItem\",\"position\":2,\"name\":\"Integrations\"}]},{\"@type\":\"WebSite\",\"@id\":\"https:\/\/teamdeck.io\/#website\",\"url\":\"https:\/\/teamdeck.io\/\",\"name\":\"Teamdeck\",\"description\":\"resource scheduling + time tracking + leave management\",\"potentialAction\":[{\"@type\":\"SearchAction\",\"target\":{\"@type\":\"EntryPoint\",\"urlTemplate\":\"https:\/\/teamdeck.io\/?s={search_term_string}\"},\"query-input\":{\"@type\":\"PropertyValueSpecification\",\"valueRequired\":true,\"valueName\":\"search_term_string\"}}],\"inLanguage\":\"fr-FR\"}]}<\/script>\n<!-- \/ Yoast SEO Premium plugin. -->","yoast_head_json":{"title":"Integrations - Teamdeck","description":"Automate your work with API, integrations, and bots. Create bespoke resource management processes within your organization.","robots":{"index":"index","follow":"follow","max-snippet":"max-snippet:-1","max-image-preview":"max-image-preview:large","max-video-preview":"max-video-preview:-1"},"canonical":"https:\/\/teamdeck.io\/fr\/api-et-integrations\/","og_locale":"fr_FR","og_type":"article","og_title":"Integrations","og_description":"Automate your work with API, integrations, and bots. Create bespoke resource management processes within your organization.","og_url":"https:\/\/teamdeck.io\/fr\/api-et-integrations\/","og_site_name":"Teamdeck","article_publisher":"https:\/\/www.facebook.com\/helloteamdeck","article_modified_time":"2021-12-29T14:01:19+00:00","twitter_card":"summary_large_image","twitter_site":"@helloteamdeck","twitter_misc":{"Est. reading time":"1 minute"},"schema":{"@context":"https:\/\/schema.org","@graph":[{"@type":"WebPage","@id":"https:\/\/teamdeck.io\/api-and-integrations\/","url":"https:\/\/teamdeck.io\/api-and-integrations\/","name":"Integrations - Teamdeck","isPartOf":{"@id":"https:\/\/teamdeck.io\/#website"},"datePublished":"2018-07-27T12:42:45+00:00","dateModified":"2021-12-29T14:01:19+00:00","description":"Automate your work with API, integrations, and bots. Create bespoke resource management processes within your organization.","breadcrumb":{"@id":"https:\/\/teamdeck.io\/api-and-integrations\/#breadcrumb"},"inLanguage":"fr-FR","potentialAction":[{"@type":"ReadAction","target":["https:\/\/teamdeck.io\/api-and-integrations\/"]}]},{"@type":"BreadcrumbList","@id":"https:\/\/teamdeck.io\/api-and-integrations\/#breadcrumb","itemListElement":[{"@type":"ListItem","position":1,"name":"Home","item":"https:\/\/teamdeck.io\/"},{"@type":"ListItem","position":2,"name":"Integrations"}]},{"@type":"WebSite","@id":"https:\/\/teamdeck.io\/#website","url":"https:\/\/teamdeck.io\/","name":"Teamdeck","description":"resource scheduling + time tracking + leave management","potentialAction":[{"@type":"SearchAction","target":{"@type":"EntryPoint","urlTemplate":"https:\/\/teamdeck.io\/?s={search_term_string}"},"query-input":{"@type":"PropertyValueSpecification","valueRequired":true,"valueName":"search_term_string"}}],"inLanguage":"fr-FR"}]}},"_links":{"self":[{"href":"https:\/\/teamdeck.io\/fr\/wp-json\/wp\/v2\/pages\/4033","targetHints":{"allow":["GET"]}}],"collection":[{"href":"https:\/\/teamdeck.io\/fr\/wp-json\/wp\/v2\/pages"}],"about":[{"href":"https:\/\/teamdeck.io\/fr\/wp-json\/wp\/v2\/types\/page"}],"author":[{"embeddable":true,"href":"https:\/\/teamdeck.io\/fr\/wp-json\/wp\/v2\/users\/6"}],"replies":[{"embeddable":true,"href":"https:\/\/teamdeck.io\/fr\/wp-json\/wp\/v2\/comments?post=4033"}],"version-history":[{"count":53,"href":"https:\/\/teamdeck.io\/fr\/wp-json\/wp\/v2\/pages\/4033\/revisions"}],"predecessor-version":[{"id":8846,"href":"https:\/\/teamdeck.io\/fr\/wp-json\/wp\/v2\/pages\/4033\/revisions\/8846"}],"wp:attachment":[{"href":"https:\/\/teamdeck.io\/fr\/wp-json\/wp\/v2\/media?parent=4033"}],"curies":[{"name":"wp","href":"https:\/\/api.w.org\/{rel}","templated":true}]}}