{"id":2853,"date":"2017-09-07T12:08:23","date_gmt":"2017-09-07T10:08:23","guid":{"rendered":"https:\/\/teamdeck.io\/?page_id=2853"},"modified":"2024-04-08T13:08:17","modified_gmt":"2024-04-08T11:08:17","slug":"privacy-policy","status":"publish","type":"page","link":"https:\/\/teamdeck.io\/fr\/politique-de-confidentialite\/","title":{"rendered":"Politique de confidentialit\u00e9"},"content":{"rendered":"<div class=\"vc_row wpb_row vc_row-fluid redl-row-section padding-default bgv-default bgh-default halign-default\"><div class=\"wpb_column vc_column_container text-left vc_col-sm-12 padding-default bgv-default bgh-default halign-default\"><div class=\"vc_column-inner\"><div class=\"wpb_wrapper\"><div class=\"vc_empty_space\"   style=\"height: 32px\" ><span class=\"vc_empty_space_inner\"><\/span><\/div>\n\n\t<div class=\"wpb_text_column wpb_content_element\" >\n\t\t<div class=\"wpb_wrapper\">\n\t\t\t<h1 class=\"ng-scope\" style=\"text-align: center;\">Politique de confidentialit\u00e9<\/h1>\n<p class=\"ng-scope\" style=\"text-align: center;\"><small>Derni\u00e8re mise \u00e0 jour : 30 janvier 2024<\/small><\/p>\n\n\t\t<\/div>\n\t<\/div>\n<div class=\"vc_empty_space\"   style=\"height: 32px\" ><span class=\"vc_empty_space_inner\"><\/span><\/div>\n\n\t<div class=\"wpb_text_column wpb_content_element\" >\n\t\t<div class=\"wpb_wrapper\">\n\t\t\t<p class=\"ng-scope\">Teamdeck sp. z o.o. (\"nous\", \"nous\" ou \"notre\") dont le si\u00e8ge social est situ\u00e9 \u00e0 : Nowowiejskiego 55, 61-734 Pozna\u0144, Pologne, NIP : 7831750055, REGON : 365865326, enregistr\u00e9 au tribunal r\u00e9gional de Pozna\u0144 - Nowe Miasto I Wilda \u00e0 Pozna\u0144, VIIIe chambre commerciale du registre national des tribunaux, enregistr\u00e9 au registre du commerce (KRS) sous le num\u00e9ro. 0000646426 exploite le site web https:\/\/teamdeck.io (le \"service\").<\/p>\n<p class=\"ng-scope\">Cette page vous informe de nos politiques concernant la collecte, l'utilisation et la divulgation d'informations personnelles lorsque vous utilisez notre service.<\/p>\n<p class=\"ng-scope\">Nous n'utiliserons ni ne partagerons vos informations avec qui que ce soit, sauf dans les cas d\u00e9crits dans la pr\u00e9sente politique de protection de la vie priv\u00e9e.<\/p>\n<p class=\"ng-scope\">Nous utilisons vos informations personnelles pour fournir et am\u00e9liorer le service. En utilisant le service, vous acceptez la collecte et l'utilisation des informations conform\u00e9ment \u00e0 la pr\u00e9sente politique. Sauf d\u00e9finition contraire dans la pr\u00e9sente politique de confidentialit\u00e9, les termes utilis\u00e9s dans la pr\u00e9sente politique de confidentialit\u00e9 ont la m\u00eame signification que dans nos conditions g\u00e9n\u00e9rales, accessibles \u00e0 l'adresse https:\/\/teamdeck.io.<\/p>\n<p class=\"ng-scope\">Teamdeck sp. z o.o. est une soci\u00e9t\u00e9 bas\u00e9e en Pologne et se conforme donc \u00e0 la loi polonaise, en particulier \u00e0 la loi sur la protection des donn\u00e9es personnelles du 29 ao\u00fbt 1997 (Journal officiel n\u00b0 133, article 883, tel qu'amend\u00e9).<\/p>\n<p class=\"ng-scope\"><strong>\u00a71. Collecte et utilisation des informations<\/strong><\/p>\n<p class=\"ng-scope\">Lors de l'utilisation de notre service, nous pouvons demander au client de nous fournir certaines informations personnellement identifiables qui peuvent \u00eatre utilis\u00e9es pour contacter ou identifier le client. Les informations personnellement identifiables peuvent inclure, sans s'y limiter, l'adresse \u00e9lectronique du client, son nom, son num\u00e9ro de t\u00e9l\u00e9phone, son adresse postale (\"informations personnelles\").<\/p>\n<p class=\"ng-scope\"><strong>\u00a72. Donn\u00e9es du journal<\/strong><\/p>\n<p class=\"ng-scope\">1. Nous pouvons \u00e9galement collecter des informations que le navigateur du client envoie chaque fois que le client visite notre service (\"donn\u00e9es de journal\"). Ces donn\u00e9es de journal peuvent inclure des informations telles que l'adresse de protocole Internet (\"IP\") de l'ordinateur du client, le type de navigateur, la version du navigateur, les pages de notre service que le client visite, l'heure et la date de la visite du client, le temps pass\u00e9 sur ces pages et d'autres statistiques.<\/p>\n<p class=\"ng-scope\">2. En outre, nous pouvons utiliser des services tiers tels que Google Analytics qui collectent, contr\u00f4lent et analysent ce type d'informations afin d'am\u00e9liorer la fonctionnalit\u00e9 de notre service. Ces fournisseurs de services tiers disposent de leur propre politique de confidentialit\u00e9 concernant l'utilisation de ces informations.<\/p>\n<p><strong class=\"ng-scope\">\u00a73. Cookies<\/strong><\/p>\n<p class=\"ng-scope\">1. Les cookies sont des fichiers contenant une petite quantit\u00e9 de donn\u00e9es, qui peuvent inclure un identifiant unique anonyme. Les cookies sont envoy\u00e9s au navigateur du client \u00e0 partir d'un site web et sont stock\u00e9s sur le disque dur de l'ordinateur du client.<\/p>\n<p class=\"ng-scope\">2. Nous utilisons des \"cookies\" pour collecter des informations. Le client peut configurer son navigateur pour qu'il refuse tous les cookies ou pour qu'il indique quand un cookie est envoy\u00e9. Toutefois, si le client n'accepte pas les cookies, il se peut qu'il ne puisse pas utiliser certaines parties de notre service.<\/p>\n<p class=\"ng-scope\"><strong>\u00a74. Remarketing comportemental<\/strong><\/p>\n<p class=\"ng-scope\">1. Teamdeck sp. z o.o. utilise des services de remarketing pour faire de la publicit\u00e9 sur des sites Web tiers au client apr\u00e8s que le client a visit\u00e9 notre service. Nous, et nos fournisseurs tiers, utilisons des cookies pour informer, optimiser et diffuser des publicit\u00e9s bas\u00e9es sur les visites pass\u00e9es du client sur notre Service.<\/p>\n<ul>\n<li><strong>Google<\/strong><\/li>\n<\/ul>\n<p style=\"padding-left: 30px;\">Le service de remarketing de Google AdWords est fourni par Google Inc.<\/p>\n<p style=\"padding-left: 30px;\">Vous pouvez d\u00e9sactiver Google Analytics pour Display Advertising et personnaliser les annonces du R\u00e9seau Display de Google en visitant la page des param\u00e8tres des annonces de Google : http:\/\/www.google.com\/settings\/ads<\/p>\n<p style=\"padding-left: 30px;\">Google recommande \u00e9galement d'installer le module compl\u00e9mentaire de navigateur pour la d\u00e9sactivation de Google Analytics - https:\/\/tools.google.com\/dlpage\/gaoptout - pour votre navigateur web. Le module compl\u00e9mentaire de d\u00e9sactivation de Google Analytics permet aux visiteurs d'emp\u00eacher la collecte et l'utilisation de leurs donn\u00e9es par Google Analytics.<\/p>\n<p style=\"padding-left: 30px;\">Pour plus d'informations sur les pratiques de Google en mati\u00e8re de confidentialit\u00e9, veuillez consulter la page Web Google Privacy &amp; Terms (Confidentialit\u00e9 et conditions d'utilisation) : http:\/\/www.google.com\/intl\/en\/policies\/privacy\/<\/p>\n<ul>\n<li><strong><strong>Facebook<\/strong><\/strong><\/li>\n<\/ul>\n<p style=\"padding-left: 30px;\"><strong><strong><br \/>\n<\/strong><\/strong><br \/>\nLe service de remarketing de Facebook est fourni par Facebook Inc.<\/p>\n<p style=\"padding-left: 30px;\">Vous pouvez en savoir plus sur la publicit\u00e9 bas\u00e9e sur les int\u00e9r\u00eats de Facebook en consultant cette page : https:\/\/www.facebook.com\/help\/164968693837950<\/p>\n<p style=\"padding-left: 30px;\">Pour ne plus recevoir de publicit\u00e9s bas\u00e9es sur les centres d'int\u00e9r\u00eat de Facebook, suivez les instructions suivantes de Facebook : https:\/\/www.facebook.com\/about\/ads\/#568137493302217<\/p>\n<p style=\"padding-left: 30px;\">Facebook adh\u00e8re aux principes d'autor\u00e9gulation pour la publicit\u00e9 comportementale en ligne \u00e9tablis par la Digital Advertising Alliance. Vous pouvez \u00e9galement vous d\u00e9sinscrire de Facebook et d'autres entreprises participantes par l'interm\u00e9diaire de la Digital Advertising Alliance aux \u00c9tats-Unis http:\/\/www.aboutads.info\/choices\/, de la Digital Advertising Alliance of Canada au Canada http:\/\/youradchoices.ca\/ ou de l'Alliance europ\u00e9enne de la publicit\u00e9 num\u00e9rique interactive en Europe http:\/\/www.youronlinechoices.eu\/, ou en utilisant les param\u00e8tres de votre appareil mobile.<\/p>\n<p style=\"padding-left: 30px;\">Pour plus d'informations sur les pratiques de Facebook en mati\u00e8re de protection de la vie priv\u00e9e, veuillez consulter la politique de donn\u00e9es de Facebook : https:\/\/www.facebook.com\/privacy\/explanation<\/p>\n<p class=\"ng-scope\"><strong>\u00a75. Prestataires de services<\/strong><\/p>\n<p class=\"ng-scope\">1. Nous pouvons employer des soci\u00e9t\u00e9s et des personnes tierces pour faciliter notre service, pour fournir le service en notre nom, pour fournir des services li\u00e9s au service ou pour nous aider \u00e0 analyser la fa\u00e7on dont notre service est utilis\u00e9.<\/p>\n<p class=\"ng-scope\">2. Ces tiers n'ont acc\u00e8s aux informations personnelles des clients que pour effectuer ces t\u00e2ches en notre nom et sont tenus de ne pas les divulguer ou les utiliser \u00e0 d'autres fins.<\/p>\n<p class=\"ng-scope\"><strong>\u00a76. Les communications<\/strong><\/p>\n<p class=\"ng-scope\">Nous pouvons utiliser les informations personnelles du client pour le contacter et lui envoyer des bulletins d'information, des documents marketing ou promotionnels et d'autres informations susceptibles de l'int\u00e9resser. Le client peut refuser de recevoir tout ou partie de ces communications de notre part en suivant le lien de d\u00e9sabonnement ou les instructions fournies dans les courriels que nous envoyons.<\/p>\n<p class=\"ng-scope\"><strong>\u00a77. Respect des lois<\/strong><\/p>\n<p class=\"ng-scope\">Nous divulguerons les informations personnelles des clients si la loi ou une citation \u00e0 compara\u00eetre l'exige ou si nous estimons qu'une telle action est n\u00e9cessaire pour se conformer \u00e0 la loi et aux demandes raisonnables des forces de l'ordre ou pour prot\u00e9ger la s\u00e9curit\u00e9 ou l'int\u00e9grit\u00e9 de notre service.<\/p>\n<p class=\"ng-scope\"><strong>\u00a78. Transactions commerciales<\/strong><\/p>\n<p class=\"ng-scope\">Si Teamdeck sp. z o.o. est impliqu\u00e9 dans une fusion, une acquisition ou une vente d'actifs, les informations personnelles des clients peuvent \u00eatre transf\u00e9r\u00e9es. Nous vous pr\u00e9viendrons avant que les informations personnelles des clients ne soient transf\u00e9r\u00e9es et soumises \u00e0 une politique de confidentialit\u00e9 diff\u00e9rente.<\/p>\n<p class=\"ng-scope\"><strong>\u00a79. S\u00e9curit\u00e9<\/strong><\/p>\n<p class=\"ng-scope\">La s\u00e9curit\u00e9 des informations personnelles des clients est importante pour nous, mais n'oubliez pas qu'aucune m\u00e9thode de transmission sur Internet ou de stockage \u00e9lectronique n'est s\u00fbre. Bien que nous nous efforcions d'utiliser des moyens commercialement acceptables pour prot\u00e9ger les informations personnelles des clients, nous ne pouvons pas garantir leur s\u00e9curit\u00e9 absolue.<\/p>\n<p class=\"ng-scope\"><strong>\u00a710.Transfert international<\/strong><\/p>\n<p class=\"ng-scope\">1. Les informations relatives aux clients, y compris les informations personnelles, peuvent \u00eatre transf\u00e9r\u00e9es et conserv\u00e9es sur des ordinateurs situ\u00e9s en dehors de votre \u00c9tat, province, pays ou autre juridiction gouvernementale o\u00f9 les lois sur la protection des donn\u00e9es peuvent diff\u00e9rer de celles de votre juridiction.<\/p>\n<p class=\"ng-scope\">2. Si le client est situ\u00e9 en dehors de la Pologne et choisit de nous fournir des informations, veuillez noter que nous transf\u00e9rons les informations, y compris les informations personnelles, en Pologne et les traitons dans ce pays.<\/p>\n<p class=\"ng-scope\">3. Le consentement du client \u00e0 la pr\u00e9sente politique de protection de la vie priv\u00e9e, suivi de la transmission de ces informations par le client, repr\u00e9sente l'accord du client \u00e0 ce transfert et le consentement du client.<\/p>\n<p class=\"ng-scope\"><strong>\u00a711 Liens vers d'autres sites<\/strong><\/p>\n<p class=\"ng-scope\">1. Notre service peut contenir des liens vers d'autres sites qui ne sont pas exploit\u00e9s par nous. Si le client clique sur le lien d'un tiers, il sera dirig\u00e9 vers le site de ce tiers. Nous conseillons vivement au client de consulter la politique de confidentialit\u00e9 de chaque site qu'il visite.<\/p>\n<p class=\"ng-scope\">2. Nous n'avons aucun contr\u00f4le sur le contenu, les politiques de confidentialit\u00e9 ou les pratiques des sites ou services de tiers et n'assumons aucune responsabilit\u00e9 \u00e0 cet \u00e9gard.<\/p>\n<p class=\"ng-scope\"><strong>\u00a712. Vie priv\u00e9e des enfants<\/strong><\/p>\n<p class=\"ng-scope\">1. Notre service ne s'adresse pas aux personnes \u00e2g\u00e9es de moins de 13 ans (\"enfants\").<\/p>\n<p class=\"ng-scope\">2. Nous ne collectons pas sciemment d'informations personnelles identifiables aupr\u00e8s d'enfants de moins de 13 ans. Si vous \u00eates un parent ou un tuteur et que vous savez que votre enfant nous a fourni des informations personnelles, veuillez nous contacter. Si nous apprenons que nous avons recueilli des informations personnelles aupr\u00e8s d'enfants de moins de 13 ans sans v\u00e9rification du consentement parental, nous prenons des mesures pour supprimer ces informations de nos serveurs.<\/p>\n<p class=\"ng-scope\"><strong>\u00a713. Modifications de la pr\u00e9sente politique de confidentialit\u00e9<\/strong><\/p>\n<p class=\"ng-scope\">1. Nous pouvons mettre \u00e0 jour notre politique de confidentialit\u00e9 de temps \u00e0 autre. Nous informerons le client de toute modification en publiant la nouvelle politique de confidentialit\u00e9 sur cette page.<\/p>\n<p class=\"ng-scope\">2. Il est conseill\u00e9 au client de consulter r\u00e9guli\u00e8rement la pr\u00e9sente politique de protection de la vie priv\u00e9e pour prendre connaissance d'\u00e9ventuelles modifications. Les modifications apport\u00e9es \u00e0 la pr\u00e9sente politique de confidentialit\u00e9 entrent en vigueur lorsqu'elles sont publi\u00e9es sur cette page.<\/p>\n\n\t\t<\/div>\n\t<\/div>\n<div class=\"vc_empty_space\"   style=\"height: 32px\" ><span class=\"vc_empty_space_inner\"><\/span><\/div>\n<\/div><\/div><\/div><\/div>","protected":false},"excerpt":{"rendered":"Politique de confidentialit\u00e9 Derni\u00e8re mise \u00e0 jour : 30 janvier 2024 Teamdeck sp. z o.o. (\"nous\", \"nous\" ou \"notre\") dont le si\u00e8ge social est situ\u00e9 \u00e0 : Nowowiejskiego 55, 61-734 Pozna\u0144, Pologne, NIP : 7831750055, REGON : 365865326, enregistr\u00e9 au tribunal r\u00e9gional de Pozna\u0144 - Nowe...","protected":false},"author":17,"featured_media":0,"parent":0,"menu_order":0,"comment_status":"closed","ping_status":"closed","template":"","meta":{"footnotes":""},"class_list":["post-2853","page","type-page","status-publish","hentry"],"yoast_head":"<!-- This site is optimized with the Yoast SEO Premium plugin v23.8 (Yoast SEO v24.3) - https:\/\/yoast.com\/wordpress\/plugins\/seo\/ -->\n<title>Teamdeck - Privacy Policy<\/title>\n<meta name=\"description\" content=\"Teamdeck cares about your privacy and security of its service. Please, read the following privacy policy carefully.\" \/>\n<meta name=\"robots\" content=\"index, follow, max-snippet:-1, max-image-preview:large, max-video-preview:-1\" \/>\n<link rel=\"canonical\" href=\"https:\/\/teamdeck.io\/fr\/politique-de-confidentialite\/\" \/>\n<meta property=\"og:locale\" content=\"fr_FR\" \/>\n<meta property=\"og:type\" content=\"article\" \/>\n<meta property=\"og:title\" content=\"Teamdeck - Privacy Policy\" \/>\n<meta property=\"og:description\" content=\"Teamdeck cares about your privacy and security of its service. Please, read the following privacy policy carefully.\" \/>\n<meta property=\"og:url\" content=\"https:\/\/teamdeck.io\/fr\/politique-de-confidentialite\/\" \/>\n<meta property=\"og:site_name\" content=\"Teamdeck\" \/>\n<meta property=\"article:publisher\" content=\"https:\/\/www.facebook.com\/helloteamdeck\" \/>\n<meta property=\"article:modified_time\" content=\"2024-04-08T11:08:17+00:00\" \/>\n<meta property=\"og:image\" content=\"https:\/\/cdn.teamdeck.io\/uploads\/website\/2017\/09\/teamdeck-share.png\" \/>\n<meta name=\"twitter:card\" content=\"summary_large_image\" \/>\n<meta name=\"twitter:title\" content=\"Teamdeck - Privacy Policy\" \/>\n<meta name=\"twitter:description\" content=\"Teamdeck cares about your privacy and security of its service. Please, read the following privacy policy carefully.\" \/>\n<meta name=\"twitter:image\" content=\"https:\/\/cdn.teamdeck.io\/uploads\/website\/2017\/09\/teamdeck-share.png\" \/>\n<meta name=\"twitter:site\" content=\"@helloteamdeck\" \/>\n<meta name=\"twitter:label1\" content=\"Est. reading time\" \/>\n\t<meta name=\"twitter:data1\" content=\"6 minutes\" \/>\n<script type=\"application\/ld+json\" class=\"yoast-schema-graph\">{\"@context\":\"https:\/\/schema.org\",\"@graph\":[{\"@type\":\"WebPage\",\"@id\":\"https:\/\/teamdeck.io\/privacy-policy\/\",\"url\":\"https:\/\/teamdeck.io\/privacy-policy\/\",\"name\":\"Teamdeck - Privacy Policy\",\"isPartOf\":{\"@id\":\"https:\/\/teamdeck.io\/#website\"},\"datePublished\":\"2017-09-07T10:08:23+00:00\",\"dateModified\":\"2024-04-08T11:08:17+00:00\",\"description\":\"Teamdeck cares about your privacy and security of its service. Please, read the following privacy policy carefully.\",\"breadcrumb\":{\"@id\":\"https:\/\/teamdeck.io\/privacy-policy\/#breadcrumb\"},\"inLanguage\":\"fr-FR\",\"potentialAction\":[{\"@type\":\"ReadAction\",\"target\":[\"https:\/\/teamdeck.io\/privacy-policy\/\"]}]},{\"@type\":\"BreadcrumbList\",\"@id\":\"https:\/\/teamdeck.io\/privacy-policy\/#breadcrumb\",\"itemListElement\":[{\"@type\":\"ListItem\",\"position\":1,\"name\":\"Home\",\"item\":\"https:\/\/teamdeck.io\/\"},{\"@type\":\"ListItem\",\"position\":2,\"name\":\"Privacy Policy\"}]},{\"@type\":\"WebSite\",\"@id\":\"https:\/\/teamdeck.io\/#website\",\"url\":\"https:\/\/teamdeck.io\/\",\"name\":\"Teamdeck\",\"description\":\"resource scheduling + time tracking + leave management\",\"potentialAction\":[{\"@type\":\"SearchAction\",\"target\":{\"@type\":\"EntryPoint\",\"urlTemplate\":\"https:\/\/teamdeck.io\/?s={search_term_string}\"},\"query-input\":{\"@type\":\"PropertyValueSpecification\",\"valueRequired\":true,\"valueName\":\"search_term_string\"}}],\"inLanguage\":\"fr-FR\"}]}<\/script>\n<!-- \/ Yoast SEO Premium plugin. -->","yoast_head_json":{"title":"Teamdeck - Privacy Policy","description":"Teamdeck cares about your privacy and security of its service. Please, read the following privacy policy carefully.","robots":{"index":"index","follow":"follow","max-snippet":"max-snippet:-1","max-image-preview":"max-image-preview:large","max-video-preview":"max-video-preview:-1"},"canonical":"https:\/\/teamdeck.io\/fr\/politique-de-confidentialite\/","og_locale":"fr_FR","og_type":"article","og_title":"Teamdeck - Privacy Policy","og_description":"Teamdeck cares about your privacy and security of its service. Please, read the following privacy policy carefully.","og_url":"https:\/\/teamdeck.io\/fr\/politique-de-confidentialite\/","og_site_name":"Teamdeck","article_publisher":"https:\/\/www.facebook.com\/helloteamdeck","article_modified_time":"2024-04-08T11:08:17+00:00","og_image":[{"url":"https:\/\/cdn.teamdeck.io\/uploads\/website\/2017\/09\/teamdeck-share.png","type":"","width":"","height":""}],"twitter_card":"summary_large_image","twitter_title":"Teamdeck - Privacy Policy","twitter_description":"Teamdeck cares about your privacy and security of its service. Please, read the following privacy policy carefully.","twitter_image":"https:\/\/cdn.teamdeck.io\/uploads\/website\/2017\/09\/teamdeck-share.png","twitter_site":"@helloteamdeck","twitter_misc":{"Est. reading time":"6 minutes"},"schema":{"@context":"https:\/\/schema.org","@graph":[{"@type":"WebPage","@id":"https:\/\/teamdeck.io\/privacy-policy\/","url":"https:\/\/teamdeck.io\/privacy-policy\/","name":"Teamdeck - Privacy Policy","isPartOf":{"@id":"https:\/\/teamdeck.io\/#website"},"datePublished":"2017-09-07T10:08:23+00:00","dateModified":"2024-04-08T11:08:17+00:00","description":"Teamdeck cares about your privacy and security of its service. Please, read the following privacy policy carefully.","breadcrumb":{"@id":"https:\/\/teamdeck.io\/privacy-policy\/#breadcrumb"},"inLanguage":"fr-FR","potentialAction":[{"@type":"ReadAction","target":["https:\/\/teamdeck.io\/privacy-policy\/"]}]},{"@type":"BreadcrumbList","@id":"https:\/\/teamdeck.io\/privacy-policy\/#breadcrumb","itemListElement":[{"@type":"ListItem","position":1,"name":"Home","item":"https:\/\/teamdeck.io\/"},{"@type":"ListItem","position":2,"name":"Privacy Policy"}]},{"@type":"WebSite","@id":"https:\/\/teamdeck.io\/#website","url":"https:\/\/teamdeck.io\/","name":"Teamdeck","description":"resource scheduling + time tracking + leave management","potentialAction":[{"@type":"SearchAction","target":{"@type":"EntryPoint","urlTemplate":"https:\/\/teamdeck.io\/?s={search_term_string}"},"query-input":{"@type":"PropertyValueSpecification","valueRequired":true,"valueName":"search_term_string"}}],"inLanguage":"fr-FR"}]}},"_links":{"self":[{"href":"https:\/\/teamdeck.io\/fr\/wp-json\/wp\/v2\/pages\/2853","targetHints":{"allow":["GET"]}}],"collection":[{"href":"https:\/\/teamdeck.io\/fr\/wp-json\/wp\/v2\/pages"}],"about":[{"href":"https:\/\/teamdeck.io\/fr\/wp-json\/wp\/v2\/types\/page"}],"author":[{"embeddable":true,"href":"https:\/\/teamdeck.io\/fr\/wp-json\/wp\/v2\/users\/17"}],"replies":[{"embeddable":true,"href":"https:\/\/teamdeck.io\/fr\/wp-json\/wp\/v2\/comments?post=2853"}],"version-history":[{"count":15,"href":"https:\/\/teamdeck.io\/fr\/wp-json\/wp\/v2\/pages\/2853\/revisions"}],"predecessor-version":[{"id":12719,"href":"https:\/\/teamdeck.io\/fr\/wp-json\/wp\/v2\/pages\/2853\/revisions\/12719"}],"wp:attachment":[{"href":"https:\/\/teamdeck.io\/fr\/wp-json\/wp\/v2\/media?parent=2853"}],"curies":[{"name":"wp","href":"https:\/\/api.w.org\/{rel}","templated":true}]}}