{"id":12549,"date":"2023-12-06T10:47:54","date_gmt":"2023-12-06T08:47:54","guid":{"rendered":"https:\/\/teamdeck.io\/?page_id=12549"},"modified":"2023-12-06T16:09:05","modified_gmt":"2023-12-06T14:09:05","slug":"account-removal","status":"publish","type":"page","link":"https:\/\/teamdeck.io\/fr\/suppression-du-compte\/","title":{"rendered":"Suppression de compte"},"content":{"rendered":"<p>\u00a0<\/p>\n<p>\u00a0<\/p>\n<p>\u00a0<\/p>\n<p>Nous savons que les circonstances changent, et les pr\u00e9f\u00e9rences aussi. Si vous avez d\u00e9cid\u00e9 qu'il \u00e9tait temps de vous s\u00e9parer de nous, nous sommes l\u00e0 pour vous aider tout au long de la proc\u00e9dure de suppression de votre compte. Suivez les \u00e9tapes simples ci-dessous pour lancer votre demande de suppression de compte :<\/p>\n<p>\u00a0<\/p>\n<h2>\u00c9tape 1 : R\u00e9daction d'un courriel<\/h2>\n<p>Ouvrez votre client de messagerie pr\u00e9f\u00e9r\u00e9 et cr\u00e9ez un nouveau message. Adressez-le \u00e0 contact@teamdeck.io. Utilisez l'objet du message : \"Demande de suppression de compte - [Votre nom d'utilisateur]\".<\/p>\n<p>\u00a0<\/p>\n<h2>\u00c9tape 2 : Inclure les informations n\u00e9cessaires<\/h2>\n<p>Dans le corps de l'e-mail, fournissez les d\u00e9tails suivants afin de garantir une proc\u00e9dure sans heurts :<\/p>\n<p>Votre nom complet enregistr\u00e9<br \/>Adresse \u00e9lectronique enregistr\u00e9e<br \/>Raison de la suppression du compte (facultatif mais appr\u00e9ci\u00e9 pour notre am\u00e9lioration continue)<\/p>\n<p>\u00a0<\/p>\n<h2>\u00c9tape 3 : V\u00e9rifier votre identit\u00e9<\/h2>\n<p>Pour garantir la s\u00e9curit\u00e9 de votre compte, veuillez joindre une copie scann\u00e9e d'une pi\u00e8ce d'identit\u00e9 d\u00e9livr\u00e9e par le gouvernement ou de tout autre document d'identification confirmant votre identit\u00e9. Cette \u00e9tape est cruciale pour prot\u00e9ger votre compte contre toute suppression non autoris\u00e9e.<\/p>\n<p>\u00a0<\/p>\n<h2>\u00c9tape 4 : Envoyer et attendre la confirmation<\/h2>\n<p>Une fois que vous avez rassembl\u00e9 les informations n\u00e9cessaires, cliquez sur \"Envoyer\". Notre \u00e9quipe d'assistance sp\u00e9cialis\u00e9e examinera rapidement votre demande. Vous recevrez un courriel de confirmation dans un d\u00e9lai de [pr\u00e9ciser le d\u00e9lai] pour confirmer le lancement de la proc\u00e9dure de suppression du compte.<\/p>\n<p>\u00a0<\/p>\n<h2>\u00c9tape 5 : Confirmer la suppression<\/h2>\n<p>Apr\u00e8s avoir re\u00e7u l'e-mail de confirmation, suivez les instructions suppl\u00e9mentaires fournies pour finaliser la suppression du compte. Cette \u00e9tape a pour but de v\u00e9rifier votre d\u00e9cision et de s'assurer que le processus est conforme \u00e0 vos intentions.<\/p>\n<p>\u00a0<\/p>\n<p>\u00a0<\/p>\n<p>\u00a0<\/p>","protected":false},"excerpt":{"rendered":"\u00a0 \u00a0 \u00a0 Nous savons que les circonstances changent, et les pr\u00e9f\u00e9rences aussi. Si vous avez d\u00e9cid\u00e9 qu'il \u00e9tait temps de vous s\u00e9parer de nous, nous sommes l\u00e0 pour vous aider tout au long de la proc\u00e9dure de suppression de votre compte. Suivez les \u00e9tapes simples ci-dessous...","protected":false},"author":17,"featured_media":0,"parent":0,"menu_order":0,"comment_status":"closed","ping_status":"closed","template":"","meta":{"footnotes":""},"class_list":["post-12549","page","type-page","status-publish","hentry"],"yoast_head":"<!-- This site is optimized with the Yoast SEO Premium plugin v23.8 (Yoast SEO v24.3) - https:\/\/yoast.com\/wordpress\/plugins\/seo\/ -->\n<title>Account Removal - Teamdeck<\/title>\n<meta name=\"robots\" content=\"index, follow, max-snippet:-1, max-image-preview:large, max-video-preview:-1\" \/>\n<link rel=\"canonical\" href=\"https:\/\/teamdeck.io\/fr\/suppression-du-compte\/\" \/>\n<meta property=\"og:locale\" content=\"fr_FR\" \/>\n<meta property=\"og:type\" content=\"article\" \/>\n<meta property=\"og:title\" content=\"Account Removal\" \/>\n<meta property=\"og:description\" content=\"\u00a0 \u00a0 \u00a0 We understand that circumstances change, and so do preferences. If you&#8217;ve decided it&#8217;s time to part ways with us, we&#8217;re here to assist you through the account removal process. Follow the simple steps below...\" \/>\n<meta property=\"og:url\" content=\"https:\/\/teamdeck.io\/fr\/suppression-du-compte\/\" \/>\n<meta property=\"og:site_name\" content=\"Teamdeck\" \/>\n<meta property=\"article:publisher\" content=\"https:\/\/www.facebook.com\/helloteamdeck\" \/>\n<meta property=\"article:modified_time\" content=\"2023-12-06T14:09:05+00:00\" \/>\n<meta name=\"twitter:card\" content=\"summary_large_image\" \/>\n<meta name=\"twitter:site\" content=\"@helloteamdeck\" \/>\n<meta name=\"twitter:label1\" content=\"Est. reading time\" \/>\n\t<meta name=\"twitter:data1\" content=\"1 minute\" \/>\n<script type=\"application\/ld+json\" class=\"yoast-schema-graph\">{\"@context\":\"https:\/\/schema.org\",\"@graph\":[{\"@type\":\"WebPage\",\"@id\":\"https:\/\/teamdeck.io\/account-removal\/\",\"url\":\"https:\/\/teamdeck.io\/account-removal\/\",\"name\":\"Account Removal - Teamdeck\",\"isPartOf\":{\"@id\":\"https:\/\/teamdeck.io\/#website\"},\"datePublished\":\"2023-12-06T08:47:54+00:00\",\"dateModified\":\"2023-12-06T14:09:05+00:00\",\"breadcrumb\":{\"@id\":\"https:\/\/teamdeck.io\/account-removal\/#breadcrumb\"},\"inLanguage\":\"fr-FR\",\"potentialAction\":[{\"@type\":\"ReadAction\",\"target\":[\"https:\/\/teamdeck.io\/account-removal\/\"]}]},{\"@type\":\"BreadcrumbList\",\"@id\":\"https:\/\/teamdeck.io\/account-removal\/#breadcrumb\",\"itemListElement\":[{\"@type\":\"ListItem\",\"position\":1,\"name\":\"Home\",\"item\":\"https:\/\/teamdeck.io\/\"},{\"@type\":\"ListItem\",\"position\":2,\"name\":\"Account Removal\"}]},{\"@type\":\"WebSite\",\"@id\":\"https:\/\/teamdeck.io\/#website\",\"url\":\"https:\/\/teamdeck.io\/\",\"name\":\"Teamdeck\",\"description\":\"resource scheduling + time tracking + leave management\",\"potentialAction\":[{\"@type\":\"SearchAction\",\"target\":{\"@type\":\"EntryPoint\",\"urlTemplate\":\"https:\/\/teamdeck.io\/?s={search_term_string}\"},\"query-input\":{\"@type\":\"PropertyValueSpecification\",\"valueRequired\":true,\"valueName\":\"search_term_string\"}}],\"inLanguage\":\"fr-FR\"}]}<\/script>\n<!-- \/ Yoast SEO Premium plugin. -->","yoast_head_json":{"title":"Account Removal - Teamdeck","robots":{"index":"index","follow":"follow","max-snippet":"max-snippet:-1","max-image-preview":"max-image-preview:large","max-video-preview":"max-video-preview:-1"},"canonical":"https:\/\/teamdeck.io\/fr\/suppression-du-compte\/","og_locale":"fr_FR","og_type":"article","og_title":"Account Removal","og_description":"\u00a0 \u00a0 \u00a0 We understand that circumstances change, and so do preferences. If you&#8217;ve decided it&#8217;s time to part ways with us, we&#8217;re here to assist you through the account removal process. Follow the simple steps below...","og_url":"https:\/\/teamdeck.io\/fr\/suppression-du-compte\/","og_site_name":"Teamdeck","article_publisher":"https:\/\/www.facebook.com\/helloteamdeck","article_modified_time":"2023-12-06T14:09:05+00:00","twitter_card":"summary_large_image","twitter_site":"@helloteamdeck","twitter_misc":{"Est. reading time":"1 minute"},"schema":{"@context":"https:\/\/schema.org","@graph":[{"@type":"WebPage","@id":"https:\/\/teamdeck.io\/account-removal\/","url":"https:\/\/teamdeck.io\/account-removal\/","name":"Account Removal - Teamdeck","isPartOf":{"@id":"https:\/\/teamdeck.io\/#website"},"datePublished":"2023-12-06T08:47:54+00:00","dateModified":"2023-12-06T14:09:05+00:00","breadcrumb":{"@id":"https:\/\/teamdeck.io\/account-removal\/#breadcrumb"},"inLanguage":"fr-FR","potentialAction":[{"@type":"ReadAction","target":["https:\/\/teamdeck.io\/account-removal\/"]}]},{"@type":"BreadcrumbList","@id":"https:\/\/teamdeck.io\/account-removal\/#breadcrumb","itemListElement":[{"@type":"ListItem","position":1,"name":"Home","item":"https:\/\/teamdeck.io\/"},{"@type":"ListItem","position":2,"name":"Account Removal"}]},{"@type":"WebSite","@id":"https:\/\/teamdeck.io\/#website","url":"https:\/\/teamdeck.io\/","name":"Teamdeck","description":"resource scheduling + time tracking + leave management","potentialAction":[{"@type":"SearchAction","target":{"@type":"EntryPoint","urlTemplate":"https:\/\/teamdeck.io\/?s={search_term_string}"},"query-input":{"@type":"PropertyValueSpecification","valueRequired":true,"valueName":"search_term_string"}}],"inLanguage":"fr-FR"}]}},"_links":{"self":[{"href":"https:\/\/teamdeck.io\/fr\/wp-json\/wp\/v2\/pages\/12549","targetHints":{"allow":["GET"]}}],"collection":[{"href":"https:\/\/teamdeck.io\/fr\/wp-json\/wp\/v2\/pages"}],"about":[{"href":"https:\/\/teamdeck.io\/fr\/wp-json\/wp\/v2\/types\/page"}],"author":[{"embeddable":true,"href":"https:\/\/teamdeck.io\/fr\/wp-json\/wp\/v2\/users\/17"}],"replies":[{"embeddable":true,"href":"https:\/\/teamdeck.io\/fr\/wp-json\/wp\/v2\/comments?post=12549"}],"version-history":[{"count":4,"href":"https:\/\/teamdeck.io\/fr\/wp-json\/wp\/v2\/pages\/12549\/revisions"}],"predecessor-version":[{"id":12553,"href":"https:\/\/teamdeck.io\/fr\/wp-json\/wp\/v2\/pages\/12549\/revisions\/12553"}],"wp:attachment":[{"href":"https:\/\/teamdeck.io\/fr\/wp-json\/wp\/v2\/media?parent=12549"}],"curies":[{"name":"wp","href":"https:\/\/api.w.org\/{rel}","templated":true}]}}