{"id":7379,"date":"2021-09-21T12:44:40","date_gmt":"2021-09-21T10:44:40","guid":{"rendered":"https:\/\/teamdeck.io\/?page_id=7379"},"modified":"2025-05-06T08:05:52","modified_gmt":"2025-05-06T06:05:52","slug":"schedule-a-demo-call","status":"publish","type":"page","link":"https:\/\/teamdeck.io\/fi\/varaa-esittelypuhelu\/","title":{"rendered":"Aikatauluta esittelypuhelu"},"content":{"rendered":"<div class=\"vc_row wpb_row vc_row-fluid redl-row-section padding-default bgv-default bgh-default halign-default\"><div class=\"wpb_column vc_column_container text-left vc_col-sm-12 padding-default bgv-default bgh-default halign-default\"><div class=\"vc_column-inner\"><div class=\"wpb_wrapper\">\n\t<div class=\"wpb_text_column wpb_content_element\" >\n\t\t<div class=\"wpb_wrapper\">\n\t\t\t<p>&nbsp;<\/p>\n<div class=\"section__container\" style=\"margin-top: 100px;\">\n<h1 class=\"hero__title header__title\" style=\"text-align: center;\"><span class=\"text text--background-big\">Live-demo,<\/span> perustaminen, konsultointi<\/h1>\n<\/div>\n<h2 style=\"text-align: center;\">Aloita ajan ja rahan s\u00e4\u00e4st\u00e4minen oikealla resurssienhallinnalla jo t\u00e4n\u00e4\u00e4n! <span class=\"c-emoji c-emoji__medium c-emoji--inline\" data-qa=\"emoji\" aria-describedby=\"slack-kit-tooltip\"><img decoding=\"async\" src=\"https:\/\/a.slack-edge.com\/production-standard-emoji-assets\/10.2\/apple-medium\/1f389@2x.png\" alt=\":tada:\" aria-label=\"tada emoji\" data-stringify-type=\"emoji\" data-stringify-emoji=\":tada:\"><\/span><\/h2>\n<p>&nbsp;<\/p>\n<p><!-- Calendly inline widget begin --><\/p>\n<div class=\"calendly-inline-widget\" style=\"min-width: 320px; height: 700px; position: relative\" data-url=\"https:\/\/calendly.com\/agutkowski\/30min?text_color=4c4c4c&amp;primary_color=00cc00&amp;hide_gdpr_banner=1\"><\/div>\n<p><script type=\"text\/javascript\" src=\"https:\/\/assets.calendly.com\/assets\/external\/widget.js\" async=\"\" data-cookieconsent=\"necessary\"><\/script><br \/>\n<!-- Calendly inline widget end --><\/p>\n<p>\u00a0<\/p>\n\n\t\t<\/div>\n\t<\/div>\n<\/div><\/div><\/div><\/div><div class=\"vc_row wpb_row vc_row-fluid redl-row-section padding-default bgv-default bgh-default halign-default\"><div class=\"wpb_column vc_column_container text-left vc_col-sm-12 padding-default bgv-default bgh-default halign-default\"><div class=\"vc_column-inner\"><div class=\"wpb_wrapper\">\n\t<div class=\"wpb_text_column wpb_content_element\" >\n\t\t<div class=\"wpb_wrapper\">\n\t\t\t<p>\u00a0<\/p>\n<h2 style=\"text-align: center; margin-top: 60px;\">Katso, miten Teamdeck auttaa ohjelmistotaloja ja digitoimistoja resurssien hallinnassa<\/h2>\n\n\t\t<\/div>\n\t<\/div>\n<\/div><\/div><\/div><\/div><div data-vc-full-width=\"true\" data-vc-full-width-init=\"false\" data-vc-stretch-content=\"true\" class=\"vc_row wpb_row vc_row-fluid redl-row-section use-cases-container padding-medium bgv-default bgh-default halign-default\"><div class=\"use-case-tile wpb_column vc_column_container text-left vc_col-sm-3 padding-default bgv-default bgh-default halign-default\"><div class=\"vc_column-inner vc_custom_1574170534227\"><div class=\"wpb_wrapper\">\n\t<div class=\"wpb_text_column wpb_content_element\" >\n\t\t<div class=\"wpb_wrapper\">\n\t\t\t<p class=\"use-case-description\"><strong>Mace&amp;Menter<\/strong><\/p>\n<p class=\"use-case-description\">Ty\u00f6skentelimme taulukkolaskennan avulla ja p\u00e4\u00e4dyimme projektikohtauksiin ja turhaan stressiin!<\/p>\n<p class=\"use-case-description\">Teamdeck on muuttanut t\u00e4ysin tapamme aikatauluttaa ty\u00f6t. Meill\u00e4 on nyt selke\u00e4 kuva kaikista projekteista ja kapasiteetistamme uusia t\u00f6it\u00e4 varten.<\/p>\n<p class=\"use-case-more\"><strong>Sam Menter, Mace&amp;Menterin perustajaj\u00e4sen, Mace&amp;Menter<\/strong><\/p>\n\n\t\t<\/div>\n\t<\/div>\n<\/div><\/div><\/div><div class=\"use-case-tile wpb_column vc_column_container text-left vc_col-sm-3 padding-default bgv-default bgh-default halign-default\"><div class=\"vc_column-inner vc_custom_1574170546410\"><div class=\"wpb_wrapper\">\n\t<div class=\"wpb_text_column wpb_content_element\" >\n\t\t<div class=\"wpb_wrapper\">\n\t\t\t<p class=\"use-case-description\"><strong>Ameeba muodot<\/strong><\/p>\n<p class=\"use-case-description\">Markkinoilla on paljon tuotteita, joilla on n\u00e4m\u00e4 ominaisuudet, mutta ne ovat liian monimutkaisia ja sis\u00e4lt\u00e4v\u00e4t 1000 ominaisuutta, ja kustannukset eiv\u00e4t vain sopineet pienelle yrityksellemme.<\/p>\n<p class=\"use-case-description\">Se on yksinkertainen, siisti, helppok\u00e4ytt\u00f6inen ja kohtuuhintainen. Sit\u00e4 ei ole ylikuormitettu ominaisuuksilla, joista kukaan ei v\u00e4lit\u00e4. Se on tuote, joka on keskittynyt tiettyihin tarpeisiin.<\/p>\n<p class=\"use-case-more\"><strong>Gabriela, Ameeba Shapes -yrityksen perustaja<\/strong><\/p>\n\n\t\t<\/div>\n\t<\/div>\n<\/div><\/div><\/div><div class=\"use-case-tile wpb_column vc_column_container text-left vc_col-sm-3 padding-default bgv-default bgh-default halign-default\"><div class=\"vc_column-inner vc_custom_1574170558095\"><div class=\"wpb_wrapper\">\n\t<div class=\"wpb_text_column wpb_content_element\" >\n\t\t<div class=\"wpb_wrapper\">\n\t\t\t<p class=\"use-case-description\"><strong>Sybrin Systems<\/strong><\/p>\n<p class=\"use-case-description\">Resurssien saatavuutta oli vaikea seurata yksik\u00f6ss\u00e4mme, ja jouduimme turvautumaan p\u00e4\u00e4asiassa Excel-taulukoihin.<\/p>\n<p class=\"use-case-description\">Teamdeckin avulla tied\u00e4mme nyt resurssien saatavuuden lis\u00e4ksi my\u00f6s tiimin k\u00e4ytt\u00f6asteen ja laskutettavien ja laskuttamattomien tuntien seurannan.<\/p>\n<p class=\"use-case-more\"><strong>Gerhard Fourie, johtaja<\/strong><\/p>\n\n\t\t<\/div>\n\t<\/div>\n<\/div><\/div><\/div><div class=\"use-case-tile wpb_column vc_column_container text-left vc_col-sm-3 padding-default bgv-default bgh-default halign-default\"><div class=\"vc_column-inner vc_custom_1574170569150\"><div class=\"wpb_wrapper\">\n\t<div class=\"wpb_text_column wpb_content_element\" >\n\t\t<div class=\"wpb_wrapper\">\n\t\t\t<p class=\"use-case-description\"><strong>Tintash<\/strong><\/p>\n<p class=\"use-case-description\">Olemme palvelupainotteinen yritys, mutta ty\u00f6skentelemme my\u00f6s tuotteiden parissa aina kun voimme.<br \/>Meille oli ongelmallista ymm\u00e4rt\u00e4\u00e4, miten tiimimme on jaettu eri hankkeisiin, kuinka pitk\u00e4ksi aikaa jne.<\/p>\n<p class=\"use-case-description\">Teamdeck tarjosi meille intuitiivisen tavan jakaa tiimimme j\u00e4senet asiakasprojekteihin, omiin tuotteisiimme ja OKR:iin. Sen lis\u00e4ksi se auttaa meit\u00e4 nyt jossain m\u00e4\u00e4rin my\u00f6s lomien hallinnassa ja seurannassa!<\/p>\n<p class=\"use-case-more\"><strong>Azhar Yousuf, tekninen ohjelmap\u00e4\u00e4llikk\u00f6<\/strong><\/p>\n\n\t\t<\/div>\n\t<\/div>\n<\/div><\/div><\/div><\/div><div class=\"vc_row-full-width vc_clearfix\"><\/div><div data-vc-full-width=\"true\" data-vc-full-width-init=\"false\" data-vc-stretch-content=\"true\" class=\"vc_row wpb_row vc_row-fluid redl-row-section use-cases-container padding-medium bgv-default bgh-default halign-default\"><div class=\"use-case-tile wpb_column vc_column_container text-left vc_col-sm-3 padding-default bgv-default bgh-default halign-default\"><div class=\"vc_column-inner vc_custom_1574170534227\"><div class=\"wpb_wrapper\">\n\t<div class=\"wpb_text_column wpb_content_element\" >\n\t\t<div class=\"wpb_wrapper\">\n\t\t\t<p class=\"use-case-description\"><strong>Mirion Technologies<\/strong><\/p>\n<p class=\"use-case-description\">R\u00e4\u00e4t\u00e4l\u00f6innin monimutkaisuustaso on meille t\u00e4ydellinen. Meill\u00e4 on ty\u00f6kaluja, joilla jo seurataan k\u00e4ytetty\u00e4 aikaa, joten yksinkertainen k\u00e4ytt\u00e4j\u00e4 on juuri sit\u00e4, mit\u00e4 tarvitsen varaustasojen ennustamiseen.<\/p>\n<p class=\"use-case-more\"><strong>Dave Sullivan, johtaja<\/strong><\/p>\n\n\t\t<\/div>\n\t<\/div>\n<\/div><\/div><\/div><div class=\"use-case-tile wpb_column vc_column_container text-left vc_col-sm-3 padding-default bgv-default bgh-default halign-default\"><div class=\"vc_column-inner vc_custom_1574170546410\"><div class=\"wpb_wrapper\">\n\t<div class=\"wpb_text_column wpb_content_element\" >\n\t\t<div class=\"wpb_wrapper\">\n\t\t\t<p class=\"use-case-description\"><strong>Coletiv Studio<\/strong><\/p>\n<p class=\"use-case-description\">Ty\u00f6ntekij\u00f6iden loma- ja projektijakojen hallinnointi oli aina ongelma.<br \/>Teamdeckin avulla pystyimme seuraamaan asianmukaisesti kaikkien lomia ja m\u00e4\u00e4r\u00e4rahoja.<\/p>\n<p class=\"use-case-more\"><strong>Tiago Duarte, toimitusjohtaja<\/strong><\/p>\n\n\t\t<\/div>\n\t<\/div>\n<\/div><\/div><\/div><div class=\"use-case-tile wpb_column vc_column_container text-left vc_col-sm-3 padding-default bgv-default bgh-default halign-default\"><div class=\"vc_column-inner vc_custom_1574170558095\"><div class=\"wpb_wrapper\">\n\t<div class=\"wpb_text_column wpb_content_element\" >\n\t\t<div class=\"wpb_wrapper\">\n\t\t\t<p class=\"use-case-description\"><strong>Toinen sirkus<\/strong><\/p>\n<p class=\"use-case-description\">Yksi asia, josta pidimme Teamdeckiss\u00e4, oli varausten lis\u00e4\u00e4misen ja hallinnan helppous yst\u00e4v\u00e4llisen k\u00e4ytt\u00f6liittym\u00e4n kautta. Jo pelk\u00e4st\u00e4\u00e4n t\u00e4m\u00e4 auttaa meit\u00e4 k\u00e4ym\u00e4\u00e4n l\u00e4pi tyls\u00e4t teht\u00e4v\u00e4t, jotka liittyv\u00e4t varausten ja ty\u00f6aikataulujen kirjaamiseen.<\/p>\n<p class=\"use-case-more\"><strong>Timos, toinen perustaja Another Circus -yrityksess\u00e4<\/strong><\/p>\n\n\t\t<\/div>\n\t<\/div>\n<\/div><\/div><\/div><div class=\"use-case-tile wpb_column vc_column_container text-left vc_col-sm-3 padding-default bgv-default bgh-default halign-default\"><div class=\"vc_column-inner vc_custom_1574170569150\"><div class=\"wpb_wrapper\">\n\t<div class=\"wpb_text_column wpb_content_element\" >\n\t\t<div class=\"wpb_wrapper\">\n\t\t\t<p class=\"use-case-description\"><strong>Bits Kingdom<\/strong><\/p>\n<p class=\"use-case-description\">Sen j\u00e4lkeen kun aloitimme teamdeckin k\u00e4yt\u00f6n, yrityksemme ymm\u00e4rt\u00e4\u00e4 paremmin resurssien jakamista. Lis\u00e4ksi sovellus n\u00e4ytt\u00e4\u00e4 hyv\u00e4lt\u00e4 ja on helppo ymm\u00e4rt\u00e4\u00e4 ?<\/p>\n<p class=\"use-case-more\"><strong>Fabian Aramendi, Bits Kingdomin toinen perustajaj\u00e4sen<\/strong><\/p>\n\n\t\t<\/div>\n\t<\/div>\n<\/div><\/div><\/div><\/div><div class=\"vc_row-full-width vc_clearfix\"><\/div><div class=\"vc_row wpb_row vc_row-fluid redl-row-section padding-default bgv-default bgh-default halign-default\"><div class=\"wpb_column vc_column_container text-left vc_col-sm-12 padding-default bgv-default bgh-default halign-default\"><div class=\"vc_column-inner\"><div class=\"wpb_wrapper\"><\/div><\/div><\/div><\/div><div data-vc-full-width=\"true\" data-vc-full-width-init=\"false\" data-vc-stretch-content=\"true\" class=\"vc_row wpb_row vc_row-fluid redl-row-section logo-list-row vc_custom_1582037320281 vc_row-has-fill vc_row-no-padding vc_row-o-equal-height vc_row-flex padding-medium bgv-default bgh-default halign-default\"><div class=\"wpb_column vc_column_container text-center vc_col-sm-2 vc_col-lg-2 vc_col-md-2 vc_col-xs-6 padding-default bgv-default bgh-default halign-center\"><div class=\"vc_column-inner vc_custom_1574337729729\"><div class=\"wpb_wrapper\">\n\t<div class=\"wpb_text_column wpb_content_element\" >\n\t\t<div class=\"wpb_wrapper\">\n\t\t\t<p><img loading=\"lazy\" decoding=\"async\" class=\"alignnone wp-image-4375\" src=\"https:\/\/cdn.teamdeck.io\/uploads\/website\/2019\/01\/11132628\/UNITE9-140px.png\" alt=\"\" width=\"70\" height=\"70\" \/><\/p>\n\n\t\t<\/div>\n\t<\/div>\n<\/div><\/div><\/div><div class=\"wpb_column vc_column_container text-center vc_col-sm-2 vc_col-lg-2 vc_col-md-2 vc_col-xs-6 padding-default bgv-default bgh-default halign-center\"><div class=\"vc_column-inner vc_custom_1574337747608\"><div class=\"wpb_wrapper\">\n\t<div class=\"wpb_text_column wpb_content_element\" >\n\t\t<div class=\"wpb_wrapper\">\n\t\t\t<p><img loading=\"lazy\" decoding=\"async\" class=\"alignnone wp-image-4369\" src=\"https:\/\/cdn.teamdeck.io\/uploads\/website\/2021\/06\/14170417\/tietoevry-1.png\" alt=\"\" width=\"100\" height=\"70\" \/><\/p>\n\n\t\t<\/div>\n\t<\/div>\n<\/div><\/div><\/div><div class=\"wpb_column vc_column_container text-center vc_col-sm-2 vc_col-lg-2 vc_col-md-2 vc_col-xs-6 padding-default bgv-default bgh-default halign-center\"><div class=\"vc_column-inner vc_custom_1574337754290\"><div class=\"wpb_wrapper\">\n\t<div class=\"wpb_text_column wpb_content_element\" >\n\t\t<div class=\"wpb_wrapper\">\n\t\t\t<p><img loading=\"lazy\" decoding=\"async\" class=\"alignnone wp-image-4373\" src=\"https:\/\/cdn.teamdeck.io\/uploads\/website\/2021\/06\/14170412\/hill-1.png\" alt=\"\" width=\"110\" height=\"70\" \/><\/p>\n\n\t\t<\/div>\n\t<\/div>\n<\/div><\/div><\/div><div class=\"wpb_column vc_column_container text-center vc_col-sm-2 vc_col-lg-2 vc_col-md-2 vc_col-xs-6 padding-default bgv-default bgh-default halign-center\"><div class=\"vc_column-inner vc_custom_1574337759887\"><div class=\"wpb_wrapper\">\n\t<div class=\"wpb_text_column wpb_content_element\" >\n\t\t<div class=\"wpb_wrapper\">\n\t\t\t<p><img loading=\"lazy\" decoding=\"async\" class=\"alignnone wp-image-4367\" src=\"https:\/\/cdn.teamdeck.io\/uploads\/website\/2021\/06\/10150824\/tintash.png\" alt=\"\" width=\"70\" height=\"70\" \/><\/p>\n\n\t\t<\/div>\n\t<\/div>\n<\/div><\/div><\/div><div class=\"wpb_column vc_column_container text-center vc_col-sm-2 vc_col-lg-2 vc_col-md-2 vc_col-xs-6 padding-default bgv-default bgh-default halign-center\"><div class=\"vc_column-inner vc_custom_1574337765178\"><div class=\"wpb_wrapper\">\n\t<div class=\"wpb_text_column wpb_content_element\" >\n\t\t<div class=\"wpb_wrapper\">\n\t\t\t<p><img loading=\"lazy\" decoding=\"async\" class=\"alignnone wp-image-4405\" src=\"https:\/\/cdn.teamdeck.io\/uploads\/website\/2021\/06\/14170425\/wunderman-thompson-1.png\" alt=\"\" width=\"100\" height=\"70\" \/><\/p>\n\n\t\t<\/div>\n\t<\/div>\n<\/div><\/div><\/div><div class=\"wpb_column vc_column_container text-center vc_col-sm-2 vc_col-lg-2 vc_col-md-2 vc_col-xs-6 padding-default bgv-top bgh-default halign-center\"><div class=\"vc_column-inner vc_custom_1574337780335\"><div class=\"wpb_wrapper\">\n\t<div class=\"wpb_text_column wpb_content_element\" >\n\t\t<div class=\"wpb_wrapper\">\n\t\t\t<p><img loading=\"lazy\" decoding=\"async\" class=\"alignnone wp-image-4538\" src=\"https:\/\/cdn.teamdeck.io\/uploads\/website\/2021\/06\/14161749\/stormind-games.png\" alt=\"\" width=\"100\" height=\"70\" \/><\/p>\n\n\t\t<\/div>\n\t<\/div>\n<\/div><\/div><\/div><\/div><div class=\"vc_row-full-width vc_clearfix\"><\/div><div data-vc-full-width=\"true\" data-vc-full-width-init=\"false\" class=\"vc_row wpb_row vc_row-fluid redl-row-section footer-message-row vc_custom_1574170946244 vc_row-has-fill vc_row-o-equal-height vc_row-o-content-middle vc_row-flex padding-medium bgv-default bgh-default halign-center\"><div class=\"wpb_column vc_column_container text-center vc_col-sm-12 vc_col-lg-8 vc_col-md-9 padding-default bgv-default bgh-default halign-default\"><div class=\"vc_column-inner vc_custom_1574338100280\"><div class=\"wpb_wrapper\">\n\t<div class=\"wpb_text_column wpb_content_element  vc_custom_1588185313555 footer-message-title\" >\n\t\t<div class=\"wpb_wrapper\">\n\t\t\t<p style=\"text-align: center;\">Helppo ja intuitiivinen<br \/>K\u00e4ytt\u00f6valmis<br \/>Aloita resurssien hallinta Teamdeckill\u00e4!<\/p>\n\n\t\t<\/div>\n\t<\/div>\n<form class=\"get-started-form\" action=\"\">\n  <div class=\"get-started-form__input-wrapper\">\n    <input class=\"get-started-form__input\" placeholder=\"Kirjoita yrityksesi s\u00e4hk\u00f6postiosoite\" \/>\n  <\/div>\n  <button type=\"submit\" class=\"get-started-form__button\">\n    <span class=\"get-started-form__button-text\">Hanki 14 p\u00e4iv\u00e4n ilmainen kokeilujakso<\/>\n  <\/button>\n  <button class=\"get-started-form__button\">\n    <span class=\"get-started-form__button-text\">Virheellinen s\u00e4hk\u00f6postiosoite<\/>\n  <\/button>\n<input type=\"hidden\" name=\"trp-form-language\" value=\"fi\"\/><\/form>\n\n\t<div class=\"wpb_text_column wpb_content_element\" >\n\t\t<div class=\"wpb_wrapper\">\n\t\t\t<ul class=\"features-list features-list--white\">\n<li class=\"features-list-item\">Luottokorttia ei tarvita<\/li>\n<li class=\"features-list-item\">2 min asennus<\/li>\n<\/ul>\n\n\t\t<\/div>\n\t<\/div>\n<\/div><\/div><\/div><\/div><div class=\"vc_row-full-width vc_clearfix\"><\/div>","protected":false},"excerpt":{"rendered":"&nbsp; Live demo, setting up, consultation Start saving time and money from the right resource management today! &nbsp; \u00a0 \u00a0 See how Teamdeck is helping software houses and digital agencies with resource management Mace&amp;Menter We worked with...","protected":false},"author":17,"featured_media":4305,"parent":0,"menu_order":0,"comment_status":"closed","ping_status":"closed","template":"","meta":{"footnotes":""},"class_list":["post-7379","page","type-page","status-publish","has-post-thumbnail","hentry"],"yoast_head":"<!-- This site is optimized with the Yoast SEO Premium plugin v23.8 (Yoast SEO v24.3) - https:\/\/yoast.com\/wordpress\/plugins\/seo\/ -->\n<title>Schedule a demo call - Teamdeck<\/title>\n<meta name=\"description\" content=\"Join a demo call to learn how our tool can enhance your team&#039;s productivity and clarify project capacities.\" \/>\n<meta name=\"robots\" content=\"noindex, follow\" \/>\n<meta property=\"og:locale\" content=\"fi_FI\" \/>\n<meta property=\"og:type\" content=\"article\" \/>\n<meta property=\"og:title\" content=\"Schedule a demo call\" \/>\n<meta property=\"og:description\" content=\"Join a demo call to learn how our tool can enhance your team&#039;s productivity and clarify project capacities.\" \/>\n<meta property=\"og:url\" content=\"https:\/\/teamdeck.io\/fi\/varaa-esittelypuhelu\/\" \/>\n<meta property=\"og:site_name\" content=\"Teamdeck\" \/>\n<meta property=\"article:publisher\" content=\"https:\/\/www.facebook.com\/helloteamdeck\" \/>\n<meta property=\"article:modified_time\" content=\"2025-05-06T06:05:52+00:00\" \/>\n<meta property=\"og:image\" content=\"https:\/\/cdn.teamdeck.io\/uploads\/website\/2018\/02\/19113041\/hight-level-planing.png\" \/>\n\t<meta property=\"og:image:width\" content=\"1921\" \/>\n\t<meta property=\"og:image:height\" content=\"1081\" \/>\n\t<meta property=\"og:image:type\" content=\"image\/png\" \/>\n<meta name=\"twitter:card\" content=\"summary_large_image\" \/>\n<meta name=\"twitter:site\" content=\"@helloteamdeck\" \/>\n<meta name=\"twitter:label1\" content=\"Est. reading time\" \/>\n\t<meta name=\"twitter:data1\" content=\"5 minutes\" \/>\n<script type=\"application\/ld+json\" class=\"yoast-schema-graph\">{\"@context\":\"https:\/\/schema.org\",\"@graph\":[{\"@type\":\"WebPage\",\"@id\":\"https:\/\/teamdeck.io\/schedule-a-demo-call\/\",\"url\":\"https:\/\/teamdeck.io\/schedule-a-demo-call\/\",\"name\":\"Schedule a demo call - Teamdeck\",\"isPartOf\":{\"@id\":\"https:\/\/teamdeck.io\/#website\"},\"primaryImageOfPage\":{\"@id\":\"https:\/\/teamdeck.io\/schedule-a-demo-call\/#primaryimage\"},\"image\":{\"@id\":\"https:\/\/teamdeck.io\/schedule-a-demo-call\/#primaryimage\"},\"thumbnailUrl\":\"https:\/\/cdn.teamdeck.io\/uploads\/website\/2018\/02\/19113041\/hight-level-planing.png\",\"datePublished\":\"2021-09-21T10:44:40+00:00\",\"dateModified\":\"2025-05-06T06:05:52+00:00\",\"description\":\"Join a demo call to learn how our tool can enhance your team's productivity and clarify project capacities.\",\"breadcrumb\":{\"@id\":\"https:\/\/teamdeck.io\/schedule-a-demo-call\/#breadcrumb\"},\"inLanguage\":\"fi\",\"potentialAction\":[{\"@type\":\"ReadAction\",\"target\":[\"https:\/\/teamdeck.io\/schedule-a-demo-call\/\"]}]},{\"@type\":\"ImageObject\",\"inLanguage\":\"fi\",\"@id\":\"https:\/\/teamdeck.io\/schedule-a-demo-call\/#primaryimage\",\"url\":\"https:\/\/cdn.teamdeck.io\/uploads\/website\/2018\/02\/19113041\/hight-level-planing.png\",\"contentUrl\":\"https:\/\/cdn.teamdeck.io\/uploads\/website\/2018\/02\/19113041\/hight-level-planing.png\",\"width\":\"1921\",\"height\":\"1081\",\"caption\":\"high level planning teamdeck\"},{\"@type\":\"BreadcrumbList\",\"@id\":\"https:\/\/teamdeck.io\/schedule-a-demo-call\/#breadcrumb\",\"itemListElement\":[{\"@type\":\"ListItem\",\"position\":1,\"name\":\"Home\",\"item\":\"https:\/\/teamdeck.io\/\"},{\"@type\":\"ListItem\",\"position\":2,\"name\":\"Schedule a demo call\"}]},{\"@type\":\"WebSite\",\"@id\":\"https:\/\/teamdeck.io\/#website\",\"url\":\"https:\/\/teamdeck.io\/\",\"name\":\"Teamdeck\",\"description\":\"resource scheduling + time tracking + leave management\",\"potentialAction\":[{\"@type\":\"SearchAction\",\"target\":{\"@type\":\"EntryPoint\",\"urlTemplate\":\"https:\/\/teamdeck.io\/?s={search_term_string}\"},\"query-input\":{\"@type\":\"PropertyValueSpecification\",\"valueRequired\":true,\"valueName\":\"search_term_string\"}}],\"inLanguage\":\"fi\"}]}<\/script>\n<!-- \/ Yoast SEO Premium plugin. -->","yoast_head_json":{"title":"Schedule a demo call - Teamdeck","description":"Join a demo call to learn how our tool can enhance your team's productivity and clarify project capacities.","robots":{"index":"noindex","follow":"follow"},"og_locale":"fi_FI","og_type":"article","og_title":"Schedule a demo call","og_description":"Join a demo call to learn how our tool can enhance your team's productivity and clarify project capacities.","og_url":"https:\/\/teamdeck.io\/fi\/varaa-esittelypuhelu\/","og_site_name":"Teamdeck","article_publisher":"https:\/\/www.facebook.com\/helloteamdeck","article_modified_time":"2025-05-06T06:05:52+00:00","og_image":[{"width":1921,"height":1081,"url":"https:\/\/cdn.teamdeck.io\/uploads\/website\/2018\/02\/19113041\/hight-level-planing.png","type":"image\/png"}],"twitter_card":"summary_large_image","twitter_site":"@helloteamdeck","twitter_misc":{"Est. reading time":"5 minutes"},"schema":{"@context":"https:\/\/schema.org","@graph":[{"@type":"WebPage","@id":"https:\/\/teamdeck.io\/schedule-a-demo-call\/","url":"https:\/\/teamdeck.io\/schedule-a-demo-call\/","name":"Schedule a demo call - Teamdeck","isPartOf":{"@id":"https:\/\/teamdeck.io\/#website"},"primaryImageOfPage":{"@id":"https:\/\/teamdeck.io\/schedule-a-demo-call\/#primaryimage"},"image":{"@id":"https:\/\/teamdeck.io\/schedule-a-demo-call\/#primaryimage"},"thumbnailUrl":"https:\/\/cdn.teamdeck.io\/uploads\/website\/2018\/02\/19113041\/hight-level-planing.png","datePublished":"2021-09-21T10:44:40+00:00","dateModified":"2025-05-06T06:05:52+00:00","description":"Join a demo call to learn how our tool can enhance your team's productivity and clarify project capacities.","breadcrumb":{"@id":"https:\/\/teamdeck.io\/schedule-a-demo-call\/#breadcrumb"},"inLanguage":"fi","potentialAction":[{"@type":"ReadAction","target":["https:\/\/teamdeck.io\/schedule-a-demo-call\/"]}]},{"@type":"ImageObject","inLanguage":"fi","@id":"https:\/\/teamdeck.io\/schedule-a-demo-call\/#primaryimage","url":"https:\/\/cdn.teamdeck.io\/uploads\/website\/2018\/02\/19113041\/hight-level-planing.png","contentUrl":"https:\/\/cdn.teamdeck.io\/uploads\/website\/2018\/02\/19113041\/hight-level-planing.png","width":"1921","height":"1081","caption":"high level planning teamdeck"},{"@type":"BreadcrumbList","@id":"https:\/\/teamdeck.io\/schedule-a-demo-call\/#breadcrumb","itemListElement":[{"@type":"ListItem","position":1,"name":"Home","item":"https:\/\/teamdeck.io\/"},{"@type":"ListItem","position":2,"name":"Schedule a demo call"}]},{"@type":"WebSite","@id":"https:\/\/teamdeck.io\/#website","url":"https:\/\/teamdeck.io\/","name":"Teamdeck","description":"resource scheduling + time tracking + leave management","potentialAction":[{"@type":"SearchAction","target":{"@type":"EntryPoint","urlTemplate":"https:\/\/teamdeck.io\/?s={search_term_string}"},"query-input":{"@type":"PropertyValueSpecification","valueRequired":true,"valueName":"search_term_string"}}],"inLanguage":"fi"}]}},"_links":{"self":[{"href":"https:\/\/teamdeck.io\/fi\/wp-json\/wp\/v2\/pages\/7379","targetHints":{"allow":["GET"]}}],"collection":[{"href":"https:\/\/teamdeck.io\/fi\/wp-json\/wp\/v2\/pages"}],"about":[{"href":"https:\/\/teamdeck.io\/fi\/wp-json\/wp\/v2\/types\/page"}],"author":[{"embeddable":true,"href":"https:\/\/teamdeck.io\/fi\/wp-json\/wp\/v2\/users\/17"}],"replies":[{"embeddable":true,"href":"https:\/\/teamdeck.io\/fi\/wp-json\/wp\/v2\/comments?post=7379"}],"version-history":[{"count":44,"href":"https:\/\/teamdeck.io\/fi\/wp-json\/wp\/v2\/pages\/7379\/revisions"}],"predecessor-version":[{"id":13710,"href":"https:\/\/teamdeck.io\/fi\/wp-json\/wp\/v2\/pages\/7379\/revisions\/13710"}],"wp:featuredmedia":[{"embeddable":true,"href":"https:\/\/teamdeck.io\/fi\/wp-json\/wp\/v2\/media\/4305"}],"wp:attachment":[{"href":"https:\/\/teamdeck.io\/fi\/wp-json\/wp\/v2\/media?parent=7379"}],"curies":[{"name":"wp","href":"https:\/\/api.w.org\/{rel}","templated":true}]}}