{"id":4915,"date":"2019-05-24T14:50:19","date_gmt":"2019-05-24T12:50:19","guid":{"rendered":"https:\/\/teamdeck.io\/?page_id=4915"},"modified":"2022-01-09T04:24:25","modified_gmt":"2022-01-09T02:24:25","slug":"why-teamdeck","status":"publish","type":"page","link":"https:\/\/teamdeck.io\/fi\/miksi-teamdeck\/","title":{"rendered":"Miksi Teamdeck?"},"content":{"rendered":"<div class=\"vc_row wpb_row vc_row-fluid redl-row-section padding-default bgv-default bgh-default halign-default\"><div class=\"wpb_column vc_column_container text-left vc_col-sm-12 padding-default bgv-default bgh-default halign-default\"><div class=\"vc_column-inner\"><div class=\"wpb_wrapper\">\n\t<div class=\"wpb_text_column wpb_content_element  vc_custom_1557839082592\" >\n\t\t<div class=\"wpb_wrapper\">\n\t\t\t<p style=\"text-align: center;\"><img loading=\"lazy\" decoding=\"async\" class=\"aligncenter wp-image-4960\" src=\"https:\/\/cdn.teamdeck.io\/uploads\/website\/2019\/05\/14130058\/Screen-Shot-2019-05-14-at-13.00.37-960x387.png\" alt=\"\" width=\"800\" height=\"322\" srcset=\"https:\/\/cdn.teamdeck.io\/uploads\/website\/2019\/05\/14130058\/Screen-Shot-2019-05-14-at-13.00.37-960x387.png 960w, https:\/\/cdn.teamdeck.io\/uploads\/website\/2019\/05\/14130058\/Screen-Shot-2019-05-14-at-13.00.37-300x121.png 300w, https:\/\/cdn.teamdeck.io\/uploads\/website\/2019\/05\/14130058\/Screen-Shot-2019-05-14-at-13.00.37-768x309.png 768w, https:\/\/cdn.teamdeck.io\/uploads\/website\/2019\/05\/14130058\/Screen-Shot-2019-05-14-at-13.00.37.png 1500w\" sizes=\"auto, (max-width: 800px) 100vw, 800px\" \/><\/p>\n\n\t\t<\/div>\n\t<\/div>\n<\/div><\/div><\/div><\/div><div class=\"vc_row wpb_row vc_row-fluid redl-row-section padding-small bgv-default bgh-default halign-default\"><div class=\"wpb_column vc_column_container text-left vc_col-sm-12 padding-small bgv-default bgh-default halign-default\"><div class=\"vc_column-inner\"><div class=\"wpb_wrapper\">\n\t<div class=\"wpb_text_column wpb_content_element\" >\n\t\t<div class=\"wpb_wrapper\">\n\t\t\t<h3 style=\"text-align: center;\">Uskomme, ett\u00e4 onnelliset tiimit ovat tuottavampia.<\/h3>\n<h3 style=\"text-align: center;\">Siksi Teamdeck on suunniteltu tukemaan kolmea ty\u00f6ntekij\u00e4n onnellisuuteen liittyv\u00e4\u00e4 p\u00e4\u00e4asiallista n\u00e4k\u00f6kohtaa:<\/h3>\n\n\t\t<\/div>\n\t<\/div>\n<\/div><\/div><\/div><\/div><div data-vc-full-width=\"true\" data-vc-full-width-init=\"false\" class=\"vc_row wpb_row vc_row-fluid redl-row-section feature-row vc_custom_1504101745248 vc_row-o-equal-height vc_row-o-content-middle vc_row-flex padding-large bgv-default bgh-default halign-center\"><div class=\"feature-info wpb_column vc_column_container text-left vc_col-sm-7 vc_col-lg-4 padding-small bgv-default bgh-default halign-default\"><div class=\"vc_column-inner\"><div class=\"wpb_wrapper\">\n\t<div class=\"wpb_text_column wpb_content_element\" >\n\t\t<div class=\"wpb_wrapper\">\n\t\t\t<p><span style=\"font-weight: 400;\"><img loading=\"lazy\" decoding=\"async\" class=\"alignnone size-medium wp-image-4949\" src=\"https:\/\/cdn.teamdeck.io\/uploads\/website\/2019\/05\/14124852\/Screen-Shot-2019-05-14-at-12.48.13-300x44.png\" alt=\"\" width=\"300\" height=\"44\" srcset=\"https:\/\/cdn.teamdeck.io\/uploads\/website\/2019\/05\/14124852\/Screen-Shot-2019-05-14-at-12.48.13-300x44.png 300w, https:\/\/cdn.teamdeck.io\/uploads\/website\/2019\/05\/14124852\/Screen-Shot-2019-05-14-at-12.48.13-768x114.png 768w, https:\/\/cdn.teamdeck.io\/uploads\/website\/2019\/05\/14124852\/Screen-Shot-2019-05-14-at-12.48.13-960x142.png 960w, https:\/\/cdn.teamdeck.io\/uploads\/website\/2019\/05\/14124852\/Screen-Shot-2019-05-14-at-12.48.13.png 1768w\" sizes=\"auto, (max-width: 300px) 100vw, 300px\" \/><\/span><\/p>\n<p><span style=\"font-weight: 400;\">Vaihe yksi: visualisoi tiimisi todellinen ty\u00f6m\u00e4\u00e4r\u00e4. Ketk\u00e4 ovat ylity\u00f6llistettyj\u00e4 ja kenen kyvyt menev\u00e4t hukkaan v\u00e4h\u00e4p\u00e4t\u00f6isiin teht\u00e4viin? Seuraavaksi siirr\u00e4t asioita. <\/span><\/p>\n<p><span style=\"font-weight: 400;\">Teamdeckin avulla voit paitsi luoda tasapainoisen aikataulun my\u00f6s jakaa ty\u00f6ntekij\u00f6ille teht\u00e4vi\u00e4, jotka ovat heid\u00e4n vahvuuksiensa mukaisia. N\u00e4in onnellinen tiimi pystyy tuottamaan parasta ty\u00f6t\u00e4\u00e4n.<\/span><span style=\"font-weight: 400;\"><br \/>\n<\/span><\/p>\n\n\t\t<\/div>\n\t<\/div>\n<\/div><\/div><\/div><div class=\"feature-image wpb_column vc_column_container text-left vc_col-sm-5 vc_col-lg-6 padding-default bgv-default bgh-default halign-default\"><div class=\"vc_column-inner\"><div class=\"wpb_wrapper\">\n\t<div class=\"wpb_text_column wpb_content_element\" >\n\t\t<div class=\"wpb_wrapper\">\n\t\t\t<p><img loading=\"lazy\" decoding=\"async\" class=\"alignnone wp-image-4964\" src=\"https:\/\/cdn.teamdeck.io\/uploads\/website\/2019\/05\/14131015\/photo-1522202176988-66273c2fd55f-300x200.jpeg\" alt=\"\" width=\"800\" height=\"533\" srcset=\"https:\/\/cdn.teamdeck.io\/uploads\/website\/2019\/05\/14131015\/photo-1522202176988-66273c2fd55f-300x200.jpeg 300w, https:\/\/cdn.teamdeck.io\/uploads\/website\/2019\/05\/14131015\/photo-1522202176988-66273c2fd55f-768x512.jpeg 768w, https:\/\/cdn.teamdeck.io\/uploads\/website\/2019\/05\/14131015\/photo-1522202176988-66273c2fd55f-960x640.jpeg 960w, https:\/\/cdn.teamdeck.io\/uploads\/website\/2019\/05\/14131015\/photo-1522202176988-66273c2fd55f.jpeg 1651w\" sizes=\"auto, (max-width: 800px) 100vw, 800px\" \/><\/p>\n\n\t\t<\/div>\n\t<\/div>\n<\/div><\/div><\/div><\/div><div class=\"vc_row-full-width vc_clearfix\"><\/div><div data-vc-full-width=\"true\" data-vc-full-width-init=\"false\" class=\"vc_row wpb_row vc_row-fluid redl-row-section feature-row vc_custom_1504101745248 vc_row-o-equal-height vc_row-o-content-middle vc_row-flex padding-large bgv-default bgh-default halign-center\"><div class=\"feature-image wpb_column vc_column_container text-left vc_col-sm-7 vc_col-lg-6 padding-default bgv-default bgh-default halign-default\"><div class=\"vc_column-inner\"><div class=\"wpb_wrapper\">\n\t<div class=\"wpb_text_column wpb_content_element\" >\n\t\t<div class=\"wpb_wrapper\">\n\t\t\t<p><img loading=\"lazy\" decoding=\"async\" class=\"aligncenter wp-image-4932\" src=\"https:\/\/cdn.teamdeck.io\/uploads\/website\/2019\/05\/14122809\/adult-2449725_1280-960x640.jpg\" alt=\"\" width=\"800\" height=\"533\" srcset=\"https:\/\/cdn.teamdeck.io\/uploads\/website\/2019\/05\/14122809\/adult-2449725_1280-960x640.jpg 960w, https:\/\/cdn.teamdeck.io\/uploads\/website\/2019\/05\/14122809\/adult-2449725_1280-300x200.jpg 300w, https:\/\/cdn.teamdeck.io\/uploads\/website\/2019\/05\/14122809\/adult-2449725_1280-768x512.jpg 768w, https:\/\/cdn.teamdeck.io\/uploads\/website\/2019\/05\/14122809\/adult-2449725_1280.jpg 1280w\" sizes=\"auto, (max-width: 800px) 100vw, 800px\" \/><\/p>\n\n\t\t<\/div>\n\t<\/div>\n<\/div><\/div><\/div><div class=\"feature-info wpb_column vc_column_container text-left vc_col-sm-5 vc_col-lg-4 padding-small bgv-default bgh-default halign-default\"><div class=\"vc_column-inner\"><div class=\"wpb_wrapper\">\n\t<div class=\"wpb_text_column wpb_content_element\" >\n\t\t<div class=\"wpb_wrapper\">\n\t\t\t<p style=\"text-align: left;\"><span style=\"font-weight: 400;\"><img loading=\"lazy\" decoding=\"async\" class=\"alignnone size-medium wp-image-4948\" src=\"https:\/\/cdn.teamdeck.io\/uploads\/website\/2019\/05\/14124849\/Screen-Shot-2019-05-14-at-12.48.19-300x44.png\" alt=\"\" width=\"300\" height=\"44\" srcset=\"https:\/\/cdn.teamdeck.io\/uploads\/website\/2019\/05\/14124849\/Screen-Shot-2019-05-14-at-12.48.19-300x44.png 300w, https:\/\/cdn.teamdeck.io\/uploads\/website\/2019\/05\/14124849\/Screen-Shot-2019-05-14-at-12.48.19-768x114.png 768w, https:\/\/cdn.teamdeck.io\/uploads\/website\/2019\/05\/14124849\/Screen-Shot-2019-05-14-at-12.48.19-960x142.png 960w, https:\/\/cdn.teamdeck.io\/uploads\/website\/2019\/05\/14124849\/Screen-Shot-2019-05-14-at-12.48.19.png 1768w\" sizes=\"auto, (max-width: 300px) 100vw, 300px\" \/><\/span><\/p>\n<p style=\"text-align: left;\"><span style=\"font-weight: 400;\">Yritysten v\u00e4lill\u00e4, jotka turvautuvat mikromanagerointiin tai yritt\u00e4v\u00e4t navigoida viestint\u00e4kaaoksen l\u00e4pi, on hyvin toimivia tiimej\u00e4, jotka hy\u00f6tyv\u00e4t ty\u00f6paikan avoimuudesta. <\/span><\/p>\n<p style=\"text-align: left;\"><span style=\"font-weight: 400;\">Teamdeck pit\u00e4\u00e4 kaikki samalla sivulla: tiimin j\u00e4senet tiet\u00e4v\u00e4t, mit\u00e4 heilt\u00e4 odotetaan teht\u00e4v\u00e4nannon suhteen, ja esimiehet n\u00e4kev\u00e4t, miten ty\u00f6 edistyy. <\/span><span style=\"font-weight: 400;\"><br \/>\n<\/span><\/p>\n\n\t\t<\/div>\n\t<\/div>\n<\/div><\/div><\/div><\/div><div class=\"vc_row-full-width vc_clearfix\"><\/div><div data-vc-full-width=\"true\" data-vc-full-width-init=\"false\" class=\"vc_row wpb_row vc_row-fluid redl-row-section feature-row vc_custom_1557834878945 vc_row-o-equal-height vc_row-o-content-middle vc_row-flex padding-medium bgv-default bgh-default halign-center\"><div class=\"feature-info wpb_column vc_column_container text-left vc_col-sm-5 vc_col-lg-4 padding-small bgv-default bgh-default halign-default\"><div class=\"vc_column-inner\"><div class=\"wpb_wrapper\">\n\t<div class=\"wpb_text_column wpb_content_element\" >\n\t\t<div class=\"wpb_wrapper\">\n\t\t\t<p><img loading=\"lazy\" decoding=\"async\" class=\"alignnone size-medium wp-image-4950\" src=\"https:\/\/cdn.teamdeck.io\/uploads\/website\/2019\/05\/14124855\/Screen-Shot-2019-05-14-at-12.48.03-300x45.png\" alt=\"\" width=\"300\" height=\"45\" srcset=\"https:\/\/cdn.teamdeck.io\/uploads\/website\/2019\/05\/14124855\/Screen-Shot-2019-05-14-at-12.48.03-300x45.png 300w, https:\/\/cdn.teamdeck.io\/uploads\/website\/2019\/05\/14124855\/Screen-Shot-2019-05-14-at-12.48.03-768x115.png 768w, https:\/\/cdn.teamdeck.io\/uploads\/website\/2019\/05\/14124855\/Screen-Shot-2019-05-14-at-12.48.03-960x144.png 960w, https:\/\/cdn.teamdeck.io\/uploads\/website\/2019\/05\/14124855\/Screen-Shot-2019-05-14-at-12.48.03.png 1804w\" sizes=\"auto, (max-width: 300px) 100vw, 300px\" \/><\/p>\n<p>Ihmiset, jotka antavat kaikkensa ty\u00f6ss\u00e4, tarvitsevat laatuaikaa saadakseen uutta energiaa ja seuratakseen intohimoprojektejaan. Ihmisten vapaiden hallinnointi on hankalaa, jos sinulla ei ole reaaliaikaista saatavuusaikataulua.<\/p>\n<p>Teamdeck poistaa n\u00e4m\u00e4 kiusalliset \"Oletko t\u00e4n\u00e4\u00e4n t\u00f6iss\u00e4?\" -puhelut: tied\u00e4t aina, kuka on k\u00e4ytett\u00e4viss\u00e4 ja milloin.<\/p>\n\n\t\t<\/div>\n\t<\/div>\n<\/div><\/div><\/div><div class=\"feature-image wpb_column vc_column_container text-left vc_col-sm-7 vc_col-lg-6 padding-default bgv-default bgh-default halign-default\"><div class=\"vc_column-inner\"><div class=\"wpb_wrapper\">\n\t<div class=\"wpb_text_column wpb_content_element\" >\n\t\t<div class=\"wpb_wrapper\">\n\t\t\t<p><img loading=\"lazy\" decoding=\"async\" class=\"alignnone wp-image-4970\" src=\"https:\/\/cdn.teamdeck.io\/uploads\/website\/2019\/05\/14131554\/photo-1511988617509-a57c8a288659-300x200.jpeg\" alt=\"\" width=\"800\" height=\"533\" srcset=\"https:\/\/cdn.teamdeck.io\/uploads\/website\/2019\/05\/14131554\/photo-1511988617509-a57c8a288659-300x200.jpeg 300w, https:\/\/cdn.teamdeck.io\/uploads\/website\/2019\/05\/14131554\/photo-1511988617509-a57c8a288659-768x512.jpeg 768w, https:\/\/cdn.teamdeck.io\/uploads\/website\/2019\/05\/14131554\/photo-1511988617509-a57c8a288659-960x640.jpeg 960w, https:\/\/cdn.teamdeck.io\/uploads\/website\/2019\/05\/14131554\/photo-1511988617509-a57c8a288659.jpeg 1502w\" sizes=\"auto, (max-width: 800px) 100vw, 800px\" \/><\/p>\n\n\t\t<\/div>\n\t<\/div>\n<\/div><\/div><\/div><\/div><div class=\"vc_row-full-width vc_clearfix\"><\/div><div class=\"vc_row wpb_row vc_row-fluid redl-row-section padding-medium bgv-default bgh-default halign-default\"><div class=\"wpb_column vc_column_container text-left vc_col-sm-12 padding-default bgv-default bgh-default halign-default\"><div class=\"vc_column-inner\"><div class=\"wpb_wrapper\">\n\t<div class=\"wpb_text_column wpb_content_element\" >\n\t\t<div class=\"wpb_wrapper\">\n\t\t\t<h2 style=\"text-align: center;\">Ominaisuudet, jotka tekev\u00e4t tiimist\u00e4si onnellisemman:<\/h2>\n\n\t\t<\/div>\n\t<\/div>\n<\/div><\/div><\/div><\/div><div class=\"vc_row wpb_row vc_row-fluid redl-row-section padding-small bgv-default bgh-default halign-default\"><div class=\"wpb_column vc_column_container text-left vc_col-sm-3 padding-default bgv-default bgh-default halign-default\"><div class=\"vc_column-inner\"><div class=\"wpb_wrapper\">\n\t<div class=\"wpb_text_column wpb_content_element\" >\n\t\t<div class=\"wpb_wrapper\">\n\t\t\t<p><b>Tasapainoinen aikataulu<\/b><\/p>\n<p style=\"text-align: left;\"><span style=\"font-weight: 400;\">Kalenteri, jossa on kaikkien nykyinen ty\u00f6m\u00e4\u00e4r\u00e4, on v\u00e4ltt\u00e4m\u00e4t\u00f6n askel optimaalisen ty\u00f6m\u00e4\u00e4r\u00e4n luomiseksi. <\/span><span style=\"font-weight: 400;\"><br \/>\n<\/span><\/p>\n\n\t\t<\/div>\n\t<\/div>\n<\/div><\/div><\/div><div class=\"wpb_column vc_column_container text-left vc_col-sm-3 padding-default bgv-default bgh-default halign-default\"><div class=\"vc_column-inner\"><div class=\"wpb_wrapper\">\n\t<div class=\"wpb_text_column wpb_content_element\" >\n\t\t<div class=\"wpb_wrapper\">\n\t\t\t<p><b>Ei aikatauluristiriitoja<\/b><\/p>\n<p><span style=\"font-weight: 400;\">Teamdeck ilmoittaa, ett\u00e4 jonkun henkil\u00f6n kapasiteettia suurempi ty\u00f6m\u00e4\u00e4r\u00e4 on annettu.<\/span><\/p>\n\n\t\t<\/div>\n\t<\/div>\n<\/div><\/div><\/div><div class=\"wpb_column vc_column_container text-left vc_col-sm-3 padding-default bgv-default bgh-default halign-default\"><div class=\"vc_column-inner\"><div class=\"wpb_wrapper\">\n\t<div class=\"wpb_text_column wpb_content_element\" >\n\t\t<div class=\"wpb_wrapper\">\n\t\t\t<p><b>Selke\u00e4t odotukset<\/b><\/p>\n<p><span style=\"font-weight: 400;\">Jokainen tiimin j\u00e4sen n\u00e4kee ty\u00f6aikataulunsa sovitettuna yhteen saatavuutensa kanssa.<\/span><\/p>\n\n\t\t<\/div>\n\t<\/div>\n<\/div><\/div><\/div><div class=\"wpb_column vc_column_container text-left vc_col-sm-3 padding-default bgv-default bgh-default halign-default\"><div class=\"vc_column-inner\"><div class=\"wpb_wrapper\">\n\t<div class=\"wpb_text_column wpb_content_element\" >\n\t\t<div class=\"wpb_wrapper\">\n\t\t\t<p><b>Sujuva viestint\u00e4<\/b><\/p>\n<p><span style=\"font-weight: 400;\">Uudet toimeksiannot tai vapaata koskevat pyynn\u00f6t k\u00e4sitell\u00e4\u00e4n sovelluksessa.<\/span><\/p>\n\n\t\t<\/div>\n\t<\/div>\n<\/div><\/div><\/div><\/div><div class=\"vc_row wpb_row vc_row-fluid redl-row-section vc_row-o-content-middle vc_row-flex padding-medium bgv-default bgh-default halign-center\"><div class=\"wpb_column vc_column_container text-center vc_col-sm-12 padding-small bgv-center bgh-center halign-center\"><div class=\"vc_column-inner\"><div class=\"wpb_wrapper\"><a class=\"redl-btn redl-btn-one  vc_custom_1557838319409 redl-btn-medium redl-btn-69f0fca4e7dae btn-hover-one btn-icon-left\" href=\"https:\/\/calendly.com\/adanielak\/teamdeck-demo\" target=\"_blank\">Varaa kokous!<\/a><\/div><\/div><\/div><\/div>","protected":false},"excerpt":{"rendered":"Uskomme, ett\u00e4 onnelliset tiimit ovat tuottavampia. Siksi Teamdeck on suunniteltu tukemaan ty\u00f6ntekij\u00f6iden onnellisuuden kolmea t\u00e4rkeint\u00e4 n\u00e4k\u00f6kohtaa: Vaihe yksi: visualisoi tiimisi todellinen ty\u00f6m\u00e4\u00e4r\u00e4. Kuka on ylity\u00f6llistetty ja kenen kyvyt...","protected":false},"author":17,"featured_media":0,"parent":0,"menu_order":0,"comment_status":"closed","ping_status":"closed","template":"","meta":{"footnotes":""},"class_list":["post-4915","page","type-page","status-publish","hentry"],"yoast_head":"<!-- This site is optimized with the Yoast SEO Premium plugin v23.8 (Yoast SEO v24.3) - https:\/\/yoast.com\/wordpress\/plugins\/seo\/ -->\n<title>Why Teamdeck? - Teamdeck<\/title>\n<meta name=\"robots\" content=\"index, follow, max-snippet:-1, max-image-preview:large, max-video-preview:-1\" \/>\n<link rel=\"canonical\" href=\"https:\/\/teamdeck.io\/fi\/miksi-teamdeck\/\" \/>\n<meta property=\"og:locale\" content=\"fi_FI\" \/>\n<meta property=\"og:type\" content=\"article\" \/>\n<meta property=\"og:title\" content=\"Why Teamdeck?\" \/>\n<meta property=\"og:url\" content=\"https:\/\/teamdeck.io\/fi\/miksi-teamdeck\/\" \/>\n<meta property=\"og:site_name\" content=\"Teamdeck\" \/>\n<meta property=\"article:publisher\" content=\"https:\/\/www.facebook.com\/helloteamdeck\" \/>\n<meta property=\"article:modified_time\" content=\"2022-01-09T02:24:25+00:00\" \/>\n<meta property=\"og:image\" content=\"https:\/\/teamdeck.io\/wp-content\/uploads\/2019\/05\/Screen-Shot-2019-05-14-at-13.00.37-960x387.png\" \/>\n<meta name=\"twitter:card\" content=\"summary_large_image\" \/>\n<meta name=\"twitter:site\" content=\"@helloteamdeck\" \/>\n<meta name=\"twitter:label1\" content=\"Est. reading time\" \/>\n\t<meta name=\"twitter:data1\" content=\"3 minutes\" \/>\n<script type=\"application\/ld+json\" class=\"yoast-schema-graph\">{\"@context\":\"https:\/\/schema.org\",\"@graph\":[{\"@type\":\"WebPage\",\"@id\":\"https:\/\/teamdeck.io\/why-teamdeck\/\",\"url\":\"https:\/\/teamdeck.io\/why-teamdeck\/\",\"name\":\"Why Teamdeck? - Teamdeck\",\"isPartOf\":{\"@id\":\"https:\/\/teamdeck.io\/#website\"},\"primaryImageOfPage\":{\"@id\":\"https:\/\/teamdeck.io\/why-teamdeck\/#primaryimage\"},\"image\":{\"@id\":\"https:\/\/teamdeck.io\/why-teamdeck\/#primaryimage\"},\"thumbnailUrl\":\"https:\/\/teamdeck.io\/wp-content\/uploads\/2019\/05\/Screen-Shot-2019-05-14-at-13.00.37-960x387.png\",\"datePublished\":\"2019-05-24T12:50:19+00:00\",\"dateModified\":\"2022-01-09T02:24:25+00:00\",\"breadcrumb\":{\"@id\":\"https:\/\/teamdeck.io\/why-teamdeck\/#breadcrumb\"},\"inLanguage\":\"fi\",\"potentialAction\":[{\"@type\":\"ReadAction\",\"target\":[\"https:\/\/teamdeck.io\/why-teamdeck\/\"]}]},{\"@type\":\"ImageObject\",\"inLanguage\":\"fi\",\"@id\":\"https:\/\/teamdeck.io\/why-teamdeck\/#primaryimage\",\"url\":\"https:\/\/teamdeck.io\/wp-content\/uploads\/2019\/05\/Screen-Shot-2019-05-14-at-13.00.37-960x387.png\",\"contentUrl\":\"https:\/\/teamdeck.io\/wp-content\/uploads\/2019\/05\/Screen-Shot-2019-05-14-at-13.00.37-960x387.png\"},{\"@type\":\"BreadcrumbList\",\"@id\":\"https:\/\/teamdeck.io\/why-teamdeck\/#breadcrumb\",\"itemListElement\":[{\"@type\":\"ListItem\",\"position\":1,\"name\":\"Home\",\"item\":\"https:\/\/teamdeck.io\/\"},{\"@type\":\"ListItem\",\"position\":2,\"name\":\"Why Teamdeck?\"}]},{\"@type\":\"WebSite\",\"@id\":\"https:\/\/teamdeck.io\/#website\",\"url\":\"https:\/\/teamdeck.io\/\",\"name\":\"Teamdeck\",\"description\":\"resource scheduling + time tracking + leave management\",\"potentialAction\":[{\"@type\":\"SearchAction\",\"target\":{\"@type\":\"EntryPoint\",\"urlTemplate\":\"https:\/\/teamdeck.io\/?s={search_term_string}\"},\"query-input\":{\"@type\":\"PropertyValueSpecification\",\"valueRequired\":true,\"valueName\":\"search_term_string\"}}],\"inLanguage\":\"fi\"}]}<\/script>\n<!-- \/ Yoast SEO Premium plugin. -->","yoast_head_json":{"title":"Why Teamdeck? - Teamdeck","robots":{"index":"index","follow":"follow","max-snippet":"max-snippet:-1","max-image-preview":"max-image-preview:large","max-video-preview":"max-video-preview:-1"},"canonical":"https:\/\/teamdeck.io\/fi\/miksi-teamdeck\/","og_locale":"fi_FI","og_type":"article","og_title":"Why Teamdeck?","og_url":"https:\/\/teamdeck.io\/fi\/miksi-teamdeck\/","og_site_name":"Teamdeck","article_publisher":"https:\/\/www.facebook.com\/helloteamdeck","article_modified_time":"2022-01-09T02:24:25+00:00","og_image":[{"url":"https:\/\/teamdeck.io\/wp-content\/uploads\/2019\/05\/Screen-Shot-2019-05-14-at-13.00.37-960x387.png","type":"","width":"","height":""}],"twitter_card":"summary_large_image","twitter_site":"@helloteamdeck","twitter_misc":{"Est. reading time":"3 minutes"},"schema":{"@context":"https:\/\/schema.org","@graph":[{"@type":"WebPage","@id":"https:\/\/teamdeck.io\/why-teamdeck\/","url":"https:\/\/teamdeck.io\/why-teamdeck\/","name":"Why Teamdeck? - Teamdeck","isPartOf":{"@id":"https:\/\/teamdeck.io\/#website"},"primaryImageOfPage":{"@id":"https:\/\/teamdeck.io\/why-teamdeck\/#primaryimage"},"image":{"@id":"https:\/\/teamdeck.io\/why-teamdeck\/#primaryimage"},"thumbnailUrl":"https:\/\/teamdeck.io\/wp-content\/uploads\/2019\/05\/Screen-Shot-2019-05-14-at-13.00.37-960x387.png","datePublished":"2019-05-24T12:50:19+00:00","dateModified":"2022-01-09T02:24:25+00:00","breadcrumb":{"@id":"https:\/\/teamdeck.io\/why-teamdeck\/#breadcrumb"},"inLanguage":"fi","potentialAction":[{"@type":"ReadAction","target":["https:\/\/teamdeck.io\/why-teamdeck\/"]}]},{"@type":"ImageObject","inLanguage":"fi","@id":"https:\/\/teamdeck.io\/why-teamdeck\/#primaryimage","url":"https:\/\/teamdeck.io\/wp-content\/uploads\/2019\/05\/Screen-Shot-2019-05-14-at-13.00.37-960x387.png","contentUrl":"https:\/\/teamdeck.io\/wp-content\/uploads\/2019\/05\/Screen-Shot-2019-05-14-at-13.00.37-960x387.png"},{"@type":"BreadcrumbList","@id":"https:\/\/teamdeck.io\/why-teamdeck\/#breadcrumb","itemListElement":[{"@type":"ListItem","position":1,"name":"Home","item":"https:\/\/teamdeck.io\/"},{"@type":"ListItem","position":2,"name":"Why Teamdeck?"}]},{"@type":"WebSite","@id":"https:\/\/teamdeck.io\/#website","url":"https:\/\/teamdeck.io\/","name":"Teamdeck","description":"resource scheduling + time tracking + leave management","potentialAction":[{"@type":"SearchAction","target":{"@type":"EntryPoint","urlTemplate":"https:\/\/teamdeck.io\/?s={search_term_string}"},"query-input":{"@type":"PropertyValueSpecification","valueRequired":true,"valueName":"search_term_string"}}],"inLanguage":"fi"}]}},"_links":{"self":[{"href":"https:\/\/teamdeck.io\/fi\/wp-json\/wp\/v2\/pages\/4915","targetHints":{"allow":["GET"]}}],"collection":[{"href":"https:\/\/teamdeck.io\/fi\/wp-json\/wp\/v2\/pages"}],"about":[{"href":"https:\/\/teamdeck.io\/fi\/wp-json\/wp\/v2\/types\/page"}],"author":[{"embeddable":true,"href":"https:\/\/teamdeck.io\/fi\/wp-json\/wp\/v2\/users\/17"}],"replies":[{"embeddable":true,"href":"https:\/\/teamdeck.io\/fi\/wp-json\/wp\/v2\/comments?post=4915"}],"version-history":[{"count":84,"href":"https:\/\/teamdeck.io\/fi\/wp-json\/wp\/v2\/pages\/4915\/revisions"}],"predecessor-version":[{"id":8935,"href":"https:\/\/teamdeck.io\/fi\/wp-json\/wp\/v2\/pages\/4915\/revisions\/8935"}],"wp:attachment":[{"href":"https:\/\/teamdeck.io\/fi\/wp-json\/wp\/v2\/media?parent=4915"}],"curies":[{"name":"wp","href":"https:\/\/api.w.org\/{rel}","templated":true}]}}