{"id":4739,"date":"2019-03-15T17:19:58","date_gmt":"2019-03-15T15:19:58","guid":{"rendered":"https:\/\/teamdeck.io\/?page_id=4739"},"modified":"2021-12-16T19:52:51","modified_gmt":"2021-12-16T17:52:51","slug":"absence-report-template","status":"publish","type":"page","link":"https:\/\/teamdeck.io\/fi\/ominaisuudet\/raportointi\/poissaolokertomusmalli\/","title":{"rendered":"Poissaolokertomuksen malli"},"content":{"rendered":"<div data-vc-full-width=\"true\" data-vc-full-width-init=\"false\" class=\"vc_row wpb_row vc_row-fluid redl-row-section vc_custom_1551262861481 vc_row-has-fill vc_row-o-content-middle vc_row-flex padding-default bgv-default bgh-default halign-center\"><div class=\"wpb_column vc_column_container text-left vc_col-sm-12 padding-default bgv-default bgh-default halign-center\"><div class=\"vc_column-inner\"><div class=\"wpb_wrapper\">\n\t<div class=\"wpb_text_column wpb_content_element\" >\n\t\t<div class=\"wpb_wrapper\">\n\t\t\t<h1 style=\"text-align: center;\">Poissaolokertomusmalli<\/h1>\n\n\t\t<\/div>\n\t<\/div>\n<\/div><\/div><\/div><\/div><div class=\"vc_row-full-width vc_clearfix\"><\/div><div class=\"vc_row wpb_row vc_row-fluid redl-row-section padding-default bgv-default bgh-default halign-default\"><div class=\"wpb_column vc_column_container text-center vc_col-sm-12 padding-default bgv-default bgh-default halign-default\"><div class=\"vc_column-inner\"><div class=\"wpb_wrapper\">\n\t<div  class=\"wpb_single_image wpb_content_element vc_align_center\">\n\t\t\n\t\t<figure class=\"wpb_wrapper vc_figure\">\n\t\t\t<div class=\"vc_single_image-wrapper   vc_box_border_grey\"><img loading=\"lazy\" decoding=\"async\" width=\"2400\" height=\"874\" src=\"https:\/\/cdn.teamdeck.io\/uploads\/website\/2019\/03\/15161932\/1-1-e1555411457853.jpg\" class=\"vc_single_image-img attachment-full\" alt=\"Poissaolokertomusmalli\" srcset=\"https:\/\/cdn.teamdeck.io\/uploads\/website\/2019\/03\/15161932\/1-1-e1555411457853.jpg 2400w, https:\/\/cdn.teamdeck.io\/uploads\/website\/2019\/03\/15161932\/1-1-e1555411457853-300x109.jpg 300w, https:\/\/cdn.teamdeck.io\/uploads\/website\/2019\/03\/15161932\/1-1-e1555411457853-768x280.jpg 768w, https:\/\/cdn.teamdeck.io\/uploads\/website\/2019\/03\/15161932\/1-1-e1555411457853-960x350.jpg 960w\" sizes=\"auto, (max-width: 2400px) 100vw, 2400px\" \/><\/div>\n\t\t<\/figure>\n\t<\/div>\n<\/div><\/div><\/div><\/div><div class=\"vc_row wpb_row vc_row-fluid redl-row-section padding-medium bgv-default bgh-default halign-default\"><div class=\"wpb_column vc_column_container text-center vc_col-sm-12 padding-default bgv-default bgh-default halign-default\"><div class=\"vc_column-inner\"><div class=\"wpb_wrapper\">\n\t<div class=\"wpb_text_column wpb_content_element\" >\n\t\t<div class=\"wpb_wrapper\">\n\t\t\t<p><span style=\"font-size: 18px;\">Vapaa-ajan (t\u00e4ss\u00e4: poissaolo) raporttimallia k\u00e4ytt\u00e4v\u00e4t useimmiten HR- ja toimintatiimit, joiden on pidett\u00e4v\u00e4 kirjaa lomarahoista. <\/span><\/p>\n\n\t\t<\/div>\n\t<\/div>\n<\/div><\/div><\/div><\/div><div class=\"vc_row wpb_row vc_row-fluid redl-row-section padding-default bgv-default bgh-default halign-default\"><div class=\"wpb_column vc_column_container text-left vc_col-sm-12 padding-default bgv-default bgh-default halign-default\"><div class=\"vc_column-inner\"><div class=\"wpb_wrapper\">\n\t<div class=\"wpb_text_column wpb_content_element\" >\n\t\t<div class=\"wpb_wrapper\">\n\t\t\t\n\t\t<\/div>\n\t<\/div>\n<\/div><\/div><\/div><\/div><div data-vc-full-width=\"true\" data-vc-full-width-init=\"false\" class=\"vc_row wpb_row vc_row-fluid redl-row-section feature-row vc_custom_1504100630814 vc_row-o-equal-height vc_row-o-content-middle vc_row-flex padding-medium bgv-default bgh-default halign-center\"><div class=\"feature-image wpb_column vc_column_container text-left vc_col-sm-7 vc_col-lg-6 vc_col-md-7 padding-default bgv-default bgh-default halign-default\"><div class=\"vc_column-inner\"><div class=\"wpb_wrapper\">\n\t<div class=\"wpb_text_column wpb_content_element\" >\n\t\t<div class=\"wpb_wrapper\">\n\t\t\t<p><img loading=\"lazy\" decoding=\"async\" class=\"alignnone wp-image-4786\" src=\"https:\/\/cdn.teamdeck.io\/uploads\/website\/2019\/03\/15103638\/Screen-Shot-2019-03-15-at-09.34.59-300x258.png\" alt=\"Vapaa-aika\" width=\"500\" height=\"430\" srcset=\"https:\/\/cdn.teamdeck.io\/uploads\/website\/2019\/03\/15103638\/Screen-Shot-2019-03-15-at-09.34.59-300x258.png 300w, https:\/\/cdn.teamdeck.io\/uploads\/website\/2019\/03\/15103638\/Screen-Shot-2019-03-15-at-09.34.59-768x661.png 768w, https:\/\/cdn.teamdeck.io\/uploads\/website\/2019\/03\/15103638\/Screen-Shot-2019-03-15-at-09.34.59-960x826.png 960w, https:\/\/cdn.teamdeck.io\/uploads\/website\/2019\/03\/15103638\/Screen-Shot-2019-03-15-at-09.34.59.png 1278w\" sizes=\"auto, (max-width: 500px) 100vw, 500px\" \/><\/p>\n\n\t\t<\/div>\n\t<\/div>\n<\/div><\/div><\/div><div class=\"feature-info wpb_column vc_column_container text-left vc_col-sm-5 vc_col-lg-4 padding-small bgv-default bgh-default halign-default\"><div class=\"vc_column-inner\"><div class=\"wpb_wrapper\">\n\t<div class=\"wpb_text_column wpb_content_element\" >\n\t\t<div class=\"wpb_wrapper\">\n\t\t\t<p><span class=\"text-title\">Vapaa-aika<\/span><\/p>\n<p>T\u00e4m\u00e4 kaavio havainnollistaa tiimisi j\u00e4senten pit\u00e4m\u00e4t vapaat (suhteessa toisiinsa). Voit my\u00f6s n\u00e4ytt\u00e4\u00e4 t\u00e4ss\u00e4 eri lomasyyt ja etsi\u00e4 kuvioita: esimerkiksi sairauslomia voi esiinty\u00e4 useammin tiettyin\u00e4 vuodenaikoina.<\/p>\n\n\t\t<\/div>\n\t<\/div>\n<\/div><\/div><\/div><\/div><div class=\"vc_row-full-width vc_clearfix\"><\/div><div data-vc-full-width=\"true\" data-vc-full-width-init=\"false\" class=\"vc_row wpb_row vc_row-fluid redl-row-section feature-row vc_custom_1504100661321 vc_row-o-equal-height vc_row-o-content-middle vc_row-flex padding-medium bgv-default bgh-default halign-center\"><div class=\"feature-info wpb_column vc_column_container text-left vc_col-sm-6 vc_col-lg-4 padding-small bgv-default bgh-default halign-default\"><div class=\"vc_column-inner\"><div class=\"wpb_wrapper\">\n\t<div class=\"wpb_text_column wpb_content_element\" >\n\t\t<div class=\"wpb_wrapper\">\n\t\t\t<p><span class=\"text-title\">Lomap\u00e4iv\u00e4t<\/span><\/p>\n<p>Se on yksinkertainen kaavio, joka on j\u00e4rjestetty tiettyjen henkil\u00f6iden tietyn ajanjakson aikana pit\u00e4mien vapaap\u00e4ivien m\u00e4\u00e4r\u00e4n mukaan.<\/p>\n\n\t\t<\/div>\n\t<\/div>\n<\/div><\/div><\/div><div class=\"wpb_column vc_column_container text-left vc_col-sm-6 padding-default bgv-default bgh-default halign-default\"><div class=\"vc_column-inner\"><div class=\"wpb_wrapper\">\n\t<div class=\"wpb_text_column wpb_content_element\" >\n\t\t<div class=\"wpb_wrapper\">\n\t\t\t<p><img loading=\"lazy\" decoding=\"async\" class=\"alignnone wp-image-4785\" src=\"https:\/\/cdn.teamdeck.io\/uploads\/website\/2019\/03\/15103636\/Screen-Shot-2019-03-15-at-09.35.13-300x198.png\" alt=\"Lomap\u00e4iv\u00e4t\" width=\"500\" height=\"330\" srcset=\"https:\/\/cdn.teamdeck.io\/uploads\/website\/2019\/03\/15103636\/Screen-Shot-2019-03-15-at-09.35.13-300x198.png 300w, https:\/\/cdn.teamdeck.io\/uploads\/website\/2019\/03\/15103636\/Screen-Shot-2019-03-15-at-09.35.13-768x506.png 768w, https:\/\/cdn.teamdeck.io\/uploads\/website\/2019\/03\/15103636\/Screen-Shot-2019-03-15-at-09.35.13-960x633.png 960w, https:\/\/cdn.teamdeck.io\/uploads\/website\/2019\/03\/15103636\/Screen-Shot-2019-03-15-at-09.35.13.png 1308w\" sizes=\"auto, (max-width: 500px) 100vw, 500px\" \/><\/p>\n\n\t\t<\/div>\n\t<\/div>\n<\/div><\/div><\/div><\/div><div class=\"vc_row-full-width vc_clearfix\"><\/div><div data-vc-full-width=\"true\" data-vc-full-width-init=\"false\" class=\"vc_row wpb_row vc_row-fluid redl-row-section feature-row vc_custom_1504100630814 vc_row-o-equal-height vc_row-o-content-middle vc_row-flex padding-medium bgv-default bgh-default halign-center\"><div class=\"wpb_column vc_column_container text-left vc_col-sm-6 padding-default bgv-default bgh-default halign-default\"><div class=\"vc_column-inner\"><div class=\"wpb_wrapper\">\n\t<div class=\"wpb_text_column wpb_content_element\" >\n\t\t<div class=\"wpb_wrapper\">\n\t\t\t<p><img loading=\"lazy\" decoding=\"async\" class=\"alignnone wp-image-4784\" src=\"https:\/\/cdn.teamdeck.io\/uploads\/website\/2019\/03\/15103633\/Screen-Shot-2019-03-15-at-09.35.32-300x197.png\" alt=\"Lomaraha\" width=\"500\" height=\"329\" srcset=\"https:\/\/cdn.teamdeck.io\/uploads\/website\/2019\/03\/15103633\/Screen-Shot-2019-03-15-at-09.35.32-300x197.png 300w, https:\/\/cdn.teamdeck.io\/uploads\/website\/2019\/03\/15103633\/Screen-Shot-2019-03-15-at-09.35.32-768x505.png 768w, https:\/\/cdn.teamdeck.io\/uploads\/website\/2019\/03\/15103633\/Screen-Shot-2019-03-15-at-09.35.32-960x631.png 960w, https:\/\/cdn.teamdeck.io\/uploads\/website\/2019\/03\/15103633\/Screen-Shot-2019-03-15-at-09.35.32.png 1250w\" sizes=\"auto, (max-width: 500px) 100vw, 500px\" \/><\/p>\n\n\t\t<\/div>\n\t<\/div>\n<\/div><\/div><\/div><div class=\"feature-info wpb_column vc_column_container text-left vc_col-sm-6 vc_col-lg-4 padding-small bgv-default bgh-default halign-default\"><div class=\"vc_column-inner\"><div class=\"wpb_wrapper\">\n\t<div class=\"wpb_text_column wpb_content_element\" >\n\t\t<div class=\"wpb_wrapper\">\n\t\t\t<p><span class=\"text-title\">Ihmiset ja lomakorvaukset<\/span><\/p>\n<p>T\u00e4m\u00e4 on poissaoloraportin ydin, taulukko, jonka avulla voit seurata tiimisi j\u00e4senten nykyisi\u00e4 lomarahoja. Sinun tarvitsee vain sy\u00f6tt\u00e4\u00e4 heid\u00e4n vuotuinen tai kuukausittainen kokonaispalkkansa (riippuen siit\u00e4, mit\u00e4 ajanjaksoa haluat analysoida). Voit yksinkertaisesti kirjoittaa n\u00e4m\u00e4 arvot kentt\u00e4\u00e4n <em>lomaraha<\/em> sarakkeeseen, kuten taulukkolaskentaohjelmassa. J\u00e4ljell\u00e4 olevien lomap\u00e4ivien m\u00e4\u00e4r\u00e4 lasketaan ja p\u00e4ivitet\u00e4\u00e4n automaattisesti.<\/p>\n\n\t\t<\/div>\n\t<\/div>\n<\/div><\/div><\/div><\/div><div class=\"vc_row-full-width vc_clearfix\"><\/div><div class=\"vc_row wpb_row vc_row-fluid redl-row-section padding-default bgv-default bgh-default halign-default\"><div class=\"wpb_column vc_column_container text-left vc_col-sm-12 padding-default bgv-default bgh-default halign-default\"><div class=\"vc_column-inner\"><div class=\"wpb_wrapper\">\n\t<div class=\"wpb_text_column wpb_content_element\" >\n\t\t<div class=\"wpb_wrapper\">\n\t\t\t\n\t\t<\/div>\n\t<\/div>\n<\/div><\/div><\/div><\/div><div class=\"vc_row wpb_row vc_row-fluid redl-row-section vc_custom_1551186799735 padding-small bgv-default bgh-default halign-center\"><div class=\"wpb_column vc_column_container text-left vc_col-sm-12 padding-default bgv-default bgh-default halign-default\"><div class=\"vc_column-inner\"><div class=\"wpb_wrapper\">\n\t<div class=\"wpb_text_column wpb_content_element\" >\n\t\t<div class=\"wpb_wrapper\">\n\t\t\t<p><span style=\"font-size: 18px;\">Poissaoloraporttimalli, kuten kaikki Teamdeckin raportit, on muokattavissa. Voit lis\u00e4t\u00e4 taulukoita ja kaavioita, muuttaa sarakkeiden nimi\u00e4 tai mukauttaa laskelmia paremmin yrityksesi k\u00e4yt\u00e4nt\u00f6ihin sopiviksi.<br \/>\nKatso esimerkki poissaoloraportista <a href=\"https:\/\/app.teamdeck.io\/reports\/3ea593d67594be0c51688114759165b35c8645323dc8e5c8645323dd3b\">t\u00e4\u00e4ll\u00e4<\/a>.<\/span><\/p>\n\n\t\t<\/div>\n\t<\/div>\n\n\t<div class=\"wpb_text_column wpb_content_element\" >\n\t\t<div class=\"wpb_wrapper\">\n\t\t\t<p><span style=\"font-size: 18px;\">Muista, ett\u00e4 kaikkia t\u00e4m\u00e4n raportin elementtej\u00e4 voidaan mukauttaa: voit lis\u00e4t\u00e4 tai poistaa kaavioita, muuttaa tarroja tai laskentakaavoja, mit\u00e4 tahansa, jotta raportti toimisi t\u00e4ydellisesti nykyisen ty\u00f6nkulun kanssa.<\/span><\/p>\n\n\t\t<\/div>\n\t<\/div>\n<div class=\"vc_empty_space\"   style=\"height: 32px\" ><span class=\"vc_empty_space_inner\"><\/span><\/div>\n<\/div><\/div><\/div><\/div><div data-vc-full-width=\"true\" data-vc-full-width-init=\"false\" class=\"vc_row wpb_row vc_row-fluid redl-row-section footer-message-row vc_custom_1502964176474 vc_row-has-fill vc_row-o-equal-height vc_row-flex padding-medium bgv-default bgh-default halign-default\"><div class=\"wpb_column vc_column_container text-center vc_col-sm-12 vc_col-lg-8 vc_col-md-9 padding-default bgv-default bgh-default halign-center\"><div class=\"vc_column-inner\"><div class=\"wpb_wrapper\">\n\t<div class=\"wpb_text_column wpb_content_element\" >\n\t\t<div class=\"wpb_wrapper\">\n\t\t\t<p><span class=\"message\">Luodaksesi oman poissaoloraportin, valitse <strong>Vapaa-aikaraportti<\/strong> Teamdeckin raporttiosiossa olevista malleista.<\/span><\/p>\n\n\t\t<\/div>\n\t<\/div>\n<a class=\"redl-btn  redl-btn-border redl-btn-two  redl-btn-medium redl-btn-69d0dce10857f btn-hover-one btn-icon-left signup-bottom\" href=\"https:\/\/app.teamdeck.io\/register?utm_source=reports\" target=\"_blank\">Hanki 30 p\u00e4iv\u00e4n ilmainen kokeilujakso<\/a><\/div><\/div><\/div><\/div><div class=\"vc_row-full-width vc_clearfix\"><\/div><div class=\"vc_row wpb_row vc_row-fluid redl-row-section padding-default bgv-default bgh-default halign-default\"><div class=\"wpb_column vc_column_container text-left vc_col-sm-12 padding-default bgv-default bgh-default halign-default\"><div class=\"vc_column-inner\"><div class=\"wpb_wrapper\">\n\t<div class=\"wpb_text_column wpb_content_element\" >\n\t\t<div class=\"wpb_wrapper\">\n\t\t\t<h2 style=\"text-align: center;\">Meid\u00e4n <a href=\"https:\/\/teamdeck.io\/fi\/\">resurssien suunnitteluohjelmisto<\/a> on valinnut Hill-Knowlton, Unit9, Wunderman Thompson - mainitakseni muutamia asiakkaitamme. Tutustu Teamdeckin ominaisuuksiin<\/h2>\n\n\t\t<\/div>\n\t<\/div>\n<\/div><\/div><\/div><\/div><div class=\"vc_row wpb_row vc_row-fluid redl-row-section padding-default bgv-default bgh-default halign-default\"><div class=\"wpb_column vc_column_container text-left vc_col-sm-12 padding-default bgv-default bgh-default halign-default\"><div class=\"vc_column-inner\"><div class=\"wpb_wrapper\"><form class=\"get-started-form\" action=\"\">\n  <div class=\"get-started-form__input-wrapper\">\n    <input class=\"get-started-form__input\" placeholder=\"Kirjoita yrityksesi s\u00e4hk\u00f6postiosoite\" \/>\n  <\/div>\n  <button type=\"submit\" class=\"get-started-form__button\">\n    <span class=\"get-started-form__button-text\">Hanki 14 p\u00e4iv\u00e4n ilmainen kokeilujakso<\/>\n  <\/button>\n  <button class=\"get-started-form__button\">\n    <span class=\"get-started-form__button-text\">Virheellinen s\u00e4hk\u00f6postiosoite<\/>\n  <\/button>\n<input type=\"hidden\" name=\"trp-form-language\" value=\"fi\"\/><\/form>\n<\/div><\/div><\/div><\/div>","protected":false},"excerpt":{"rendered":"Poissaoloraporttimalli Poissaoloraporttimallia k\u00e4ytt\u00e4v\u00e4t useimmiten HR- ja toimintatiimit, joiden on seurattava lomarahoja. Otetut vapaat T\u00e4m\u00e4 kaavio havainnollistaa vapaat, jotka on otettu...","protected":false},"author":6,"featured_media":0,"parent":4695,"menu_order":0,"comment_status":"closed","ping_status":"closed","template":"","meta":{"footnotes":""},"class_list":["post-4739","page","type-page","status-publish","hentry"],"yoast_head":"<!-- This site is optimized with the Yoast SEO Premium plugin v23.8 (Yoast SEO v24.3) - https:\/\/yoast.com\/wordpress\/plugins\/seo\/ -->\n<title>Absence Report Template - Teamdeck<\/title>\n<meta name=\"description\" content=\"Absence report template is most often used by HR &amp; operations teams who need to keep track of vacation allowances and time off taken.\" \/>\n<meta name=\"robots\" content=\"index, follow, max-snippet:-1, max-image-preview:large, max-video-preview:-1\" \/>\n<link rel=\"canonical\" href=\"https:\/\/teamdeck.io\/fi\/ominaisuudet\/raportointi\/poissaolokertomusmalli\/\" \/>\n<meta property=\"og:locale\" content=\"fi_FI\" \/>\n<meta property=\"og:type\" content=\"article\" \/>\n<meta property=\"og:title\" content=\"Absence report template\" \/>\n<meta property=\"og:description\" content=\"Absence report template is most often used by HR &amp; operations teams who need to keep track of vacation allowances and time off taken.\" \/>\n<meta property=\"og:url\" content=\"https:\/\/teamdeck.io\/fi\/ominaisuudet\/raportointi\/poissaolokertomusmalli\/\" \/>\n<meta property=\"og:site_name\" content=\"Teamdeck\" \/>\n<meta property=\"article:publisher\" content=\"https:\/\/www.facebook.com\/helloteamdeck\" \/>\n<meta property=\"article:modified_time\" content=\"2021-12-16T17:52:51+00:00\" \/>\n<meta property=\"og:image\" content=\"https:\/\/teamdeck.io\/wp-content\/uploads\/2019\/03\/Screen-Shot-2019-03-15-at-09.34.59-300x258.png\" \/>\n<meta name=\"twitter:card\" content=\"summary_large_image\" \/>\n<meta name=\"twitter:site\" content=\"@helloteamdeck\" \/>\n<meta name=\"twitter:label1\" content=\"Est. reading time\" \/>\n\t<meta name=\"twitter:data1\" content=\"3 minutes\" \/>\n<script type=\"application\/ld+json\" class=\"yoast-schema-graph\">{\"@context\":\"https:\/\/schema.org\",\"@graph\":[{\"@type\":\"WebPage\",\"@id\":\"https:\/\/teamdeck.io\/features\/reporting\/absence-report-template\/\",\"url\":\"https:\/\/teamdeck.io\/features\/reporting\/absence-report-template\/\",\"name\":\"Absence Report Template - Teamdeck\",\"isPartOf\":{\"@id\":\"https:\/\/teamdeck.io\/#website\"},\"primaryImageOfPage\":{\"@id\":\"https:\/\/teamdeck.io\/features\/reporting\/absence-report-template\/#primaryimage\"},\"image\":{\"@id\":\"https:\/\/teamdeck.io\/features\/reporting\/absence-report-template\/#primaryimage\"},\"thumbnailUrl\":\"https:\/\/teamdeck.io\/wp-content\/uploads\/2019\/03\/Screen-Shot-2019-03-15-at-09.34.59-300x258.png\",\"datePublished\":\"2019-03-15T15:19:58+00:00\",\"dateModified\":\"2021-12-16T17:52:51+00:00\",\"description\":\"Absence report template is most often used by HR & operations teams who need to keep track of vacation allowances and time off taken.\",\"breadcrumb\":{\"@id\":\"https:\/\/teamdeck.io\/features\/reporting\/absence-report-template\/#breadcrumb\"},\"inLanguage\":\"fi\",\"potentialAction\":[{\"@type\":\"ReadAction\",\"target\":[\"https:\/\/teamdeck.io\/features\/reporting\/absence-report-template\/\"]}]},{\"@type\":\"ImageObject\",\"inLanguage\":\"fi\",\"@id\":\"https:\/\/teamdeck.io\/features\/reporting\/absence-report-template\/#primaryimage\",\"url\":\"https:\/\/teamdeck.io\/wp-content\/uploads\/2019\/03\/Screen-Shot-2019-03-15-at-09.34.59-300x258.png\",\"contentUrl\":\"https:\/\/teamdeck.io\/wp-content\/uploads\/2019\/03\/Screen-Shot-2019-03-15-at-09.34.59-300x258.png\"},{\"@type\":\"BreadcrumbList\",\"@id\":\"https:\/\/teamdeck.io\/features\/reporting\/absence-report-template\/#breadcrumb\",\"itemListElement\":[{\"@type\":\"ListItem\",\"position\":1,\"name\":\"Home\",\"item\":\"https:\/\/teamdeck.io\/\"},{\"@type\":\"ListItem\",\"position\":2,\"name\":\"Features\",\"item\":\"https:\/\/teamdeck.io\/features\/\"},{\"@type\":\"ListItem\",\"position\":3,\"name\":\"Custom reporting\",\"item\":\"https:\/\/teamdeck.io\/features\/reporting\/\"},{\"@type\":\"ListItem\",\"position\":4,\"name\":\"Absence report template\"}]},{\"@type\":\"WebSite\",\"@id\":\"https:\/\/teamdeck.io\/#website\",\"url\":\"https:\/\/teamdeck.io\/\",\"name\":\"Teamdeck\",\"description\":\"resource scheduling + time tracking + leave management\",\"potentialAction\":[{\"@type\":\"SearchAction\",\"target\":{\"@type\":\"EntryPoint\",\"urlTemplate\":\"https:\/\/teamdeck.io\/?s={search_term_string}\"},\"query-input\":{\"@type\":\"PropertyValueSpecification\",\"valueRequired\":true,\"valueName\":\"search_term_string\"}}],\"inLanguage\":\"fi\"}]}<\/script>\n<!-- \/ Yoast SEO Premium plugin. -->","yoast_head_json":{"title":"Absence Report Template - Teamdeck","description":"Absence report template is most often used by HR & operations teams who need to keep track of vacation allowances and time off taken.","robots":{"index":"index","follow":"follow","max-snippet":"max-snippet:-1","max-image-preview":"max-image-preview:large","max-video-preview":"max-video-preview:-1"},"canonical":"https:\/\/teamdeck.io\/fi\/ominaisuudet\/raportointi\/poissaolokertomusmalli\/","og_locale":"fi_FI","og_type":"article","og_title":"Absence report template","og_description":"Absence report template is most often used by HR & operations teams who need to keep track of vacation allowances and time off taken.","og_url":"https:\/\/teamdeck.io\/fi\/ominaisuudet\/raportointi\/poissaolokertomusmalli\/","og_site_name":"Teamdeck","article_publisher":"https:\/\/www.facebook.com\/helloteamdeck","article_modified_time":"2021-12-16T17:52:51+00:00","og_image":[{"url":"https:\/\/teamdeck.io\/wp-content\/uploads\/2019\/03\/Screen-Shot-2019-03-15-at-09.34.59-300x258.png","type":"","width":"","height":""}],"twitter_card":"summary_large_image","twitter_site":"@helloteamdeck","twitter_misc":{"Est. reading time":"3 minutes"},"schema":{"@context":"https:\/\/schema.org","@graph":[{"@type":"WebPage","@id":"https:\/\/teamdeck.io\/features\/reporting\/absence-report-template\/","url":"https:\/\/teamdeck.io\/features\/reporting\/absence-report-template\/","name":"Absence Report Template - Teamdeck","isPartOf":{"@id":"https:\/\/teamdeck.io\/#website"},"primaryImageOfPage":{"@id":"https:\/\/teamdeck.io\/features\/reporting\/absence-report-template\/#primaryimage"},"image":{"@id":"https:\/\/teamdeck.io\/features\/reporting\/absence-report-template\/#primaryimage"},"thumbnailUrl":"https:\/\/teamdeck.io\/wp-content\/uploads\/2019\/03\/Screen-Shot-2019-03-15-at-09.34.59-300x258.png","datePublished":"2019-03-15T15:19:58+00:00","dateModified":"2021-12-16T17:52:51+00:00","description":"Absence report template is most often used by HR & operations teams who need to keep track of vacation allowances and time off taken.","breadcrumb":{"@id":"https:\/\/teamdeck.io\/features\/reporting\/absence-report-template\/#breadcrumb"},"inLanguage":"fi","potentialAction":[{"@type":"ReadAction","target":["https:\/\/teamdeck.io\/features\/reporting\/absence-report-template\/"]}]},{"@type":"ImageObject","inLanguage":"fi","@id":"https:\/\/teamdeck.io\/features\/reporting\/absence-report-template\/#primaryimage","url":"https:\/\/teamdeck.io\/wp-content\/uploads\/2019\/03\/Screen-Shot-2019-03-15-at-09.34.59-300x258.png","contentUrl":"https:\/\/teamdeck.io\/wp-content\/uploads\/2019\/03\/Screen-Shot-2019-03-15-at-09.34.59-300x258.png"},{"@type":"BreadcrumbList","@id":"https:\/\/teamdeck.io\/features\/reporting\/absence-report-template\/#breadcrumb","itemListElement":[{"@type":"ListItem","position":1,"name":"Home","item":"https:\/\/teamdeck.io\/"},{"@type":"ListItem","position":2,"name":"Features","item":"https:\/\/teamdeck.io\/features\/"},{"@type":"ListItem","position":3,"name":"Custom reporting","item":"https:\/\/teamdeck.io\/features\/reporting\/"},{"@type":"ListItem","position":4,"name":"Absence report template"}]},{"@type":"WebSite","@id":"https:\/\/teamdeck.io\/#website","url":"https:\/\/teamdeck.io\/","name":"Teamdeck","description":"resource scheduling + time tracking + leave management","potentialAction":[{"@type":"SearchAction","target":{"@type":"EntryPoint","urlTemplate":"https:\/\/teamdeck.io\/?s={search_term_string}"},"query-input":{"@type":"PropertyValueSpecification","valueRequired":true,"valueName":"search_term_string"}}],"inLanguage":"fi"}]}},"_links":{"self":[{"href":"https:\/\/teamdeck.io\/fi\/wp-json\/wp\/v2\/pages\/4739","targetHints":{"allow":["GET"]}}],"collection":[{"href":"https:\/\/teamdeck.io\/fi\/wp-json\/wp\/v2\/pages"}],"about":[{"href":"https:\/\/teamdeck.io\/fi\/wp-json\/wp\/v2\/types\/page"}],"author":[{"embeddable":true,"href":"https:\/\/teamdeck.io\/fi\/wp-json\/wp\/v2\/users\/6"}],"replies":[{"embeddable":true,"href":"https:\/\/teamdeck.io\/fi\/wp-json\/wp\/v2\/comments?post=4739"}],"version-history":[{"count":11,"href":"https:\/\/teamdeck.io\/fi\/wp-json\/wp\/v2\/pages\/4739\/revisions"}],"predecessor-version":[{"id":8411,"href":"https:\/\/teamdeck.io\/fi\/wp-json\/wp\/v2\/pages\/4739\/revisions\/8411"}],"up":[{"embeddable":true,"href":"https:\/\/teamdeck.io\/fi\/wp-json\/wp\/v2\/pages\/4695"}],"wp:attachment":[{"href":"https:\/\/teamdeck.io\/fi\/wp-json\/wp\/v2\/media?parent=4739"}],"curies":[{"name":"wp","href":"https:\/\/api.w.org\/{rel}","templated":true}]}}