{"id":4719,"date":"2019-03-15T17:08:58","date_gmt":"2019-03-15T15:08:58","guid":{"rendered":"https:\/\/teamdeck.io\/?page_id=4719"},"modified":"2022-04-25T15:00:40","modified_gmt":"2022-04-25T13:00:40","slug":"utilization-report-template","status":"publish","type":"page","link":"https:\/\/teamdeck.io\/fi\/ominaisuudet\/raportointi\/kayttoraportin-malli\/","title":{"rendered":"Kuukausittainen k\u00e4ytt\u00f6raportti malli"},"content":{"rendered":"<div data-vc-full-width=\"true\" data-vc-full-width-init=\"false\" class=\"vc_row wpb_row vc_row-fluid redl-row-section vc_custom_1551262861481 vc_row-has-fill vc_row-o-content-middle vc_row-flex padding-default bgv-default bgh-default halign-center\"><div class=\"wpb_column vc_column_container text-left vc_col-sm-12 padding-default bgv-default bgh-default halign-center\"><div class=\"vc_column-inner\"><div class=\"wpb_wrapper\">\n\t<div class=\"wpb_text_column wpb_content_element\" >\n\t\t<div class=\"wpb_wrapper\">\n\t\t\t<h1 style=\"text-align: center;\">Kuukausittainen k\u00e4ytt\u00f6raportti malli<\/h1>\n\n\t\t<\/div>\n\t<\/div>\n<\/div><\/div><\/div><\/div><div class=\"vc_row-full-width vc_clearfix\"><\/div><div class=\"vc_row wpb_row vc_row-fluid redl-row-section padding-default bgv-default bgh-default halign-default\"><div class=\"wpb_column vc_column_container text-center vc_col-sm-12 padding-default bgv-default bgh-default halign-default\"><div class=\"vc_column-inner\"><div class=\"wpb_wrapper\">\n\t<div  class=\"wpb_single_image wpb_content_element vc_align_center\">\n\t\t\n\t\t<figure class=\"wpb_wrapper vc_figure\">\n\t\t\t<div class=\"vc_single_image-wrapper   vc_box_border_grey\"><img loading=\"lazy\" decoding=\"async\" width=\"2400\" height=\"874\" src=\"https:\/\/cdn.teamdeck.io\/uploads\/website\/2022\/03\/02200010\/Utilization-report.jpeg\" class=\"vc_single_image-img attachment-full\" alt=\"Online-ty\u00f6aikatauluohjelmisto, jossa on k\u00e4ytt\u00f6raporttimalli\" \/><\/div>\n\t\t<\/figure>\n\t<\/div>\n<\/div><\/div><\/div><\/div><div class=\"vc_row wpb_row vc_row-fluid redl-row-section padding-medium bgv-default bgh-default halign-default\"><div class=\"wpb_column vc_column_container text-center vc_col-sm-12 padding-default bgv-default bgh-default halign-default\"><div class=\"vc_column-inner\"><div class=\"wpb_wrapper\">\n\t<div class=\"wpb_text_column wpb_content_element\" >\n\t\t<div class=\"wpb_wrapper\">\n\t\t\t<p><span style=\"font-size: 18px;\">Tiimin k\u00e4ytt\u00f6raportti on yksinkertainen tapa havainnollistaa tiimisi ty\u00f6m\u00e4\u00e4r\u00e4 tiettyn\u00e4 ajanjaksona.\u00a0<\/span><\/p>\n<p><span style=\"font-size: 18px;\">Teamdeckin tiimin k\u00e4ytt\u00f6raporttimalli koostuu 3 osiosta:<\/span><\/p>\n\n\t\t<\/div>\n\t<\/div>\n<\/div><\/div><\/div><\/div><div class=\"vc_row wpb_row vc_row-fluid redl-row-section padding-default bgv-default bgh-default halign-default\"><div class=\"wpb_column vc_column_container text-left vc_col-sm-12 padding-default bgv-default bgh-default halign-default\"><div class=\"vc_column-inner\"><div class=\"wpb_wrapper\">\n\t<div class=\"wpb_text_column wpb_content_element\" >\n\t\t<div class=\"wpb_wrapper\">\n\t\t\t\n\t\t<\/div>\n\t<\/div>\n<\/div><\/div><\/div><\/div><div data-vc-full-width=\"true\" data-vc-full-width-init=\"false\" class=\"vc_row wpb_row vc_row-fluid redl-row-section feature-row vc_custom_1504100630814 vc_row-o-equal-height vc_row-o-content-middle vc_row-flex padding-medium bgv-default bgh-default halign-center\"><div class=\"feature-image wpb_column vc_column_container text-left vc_col-sm-7 vc_col-lg-6 vc_col-md-7 padding-default bgv-default bgh-default halign-default\"><div class=\"vc_column-inner\"><div class=\"wpb_wrapper\">\n\t<div class=\"wpb_text_column wpb_content_element\" >\n\t\t<div class=\"wpb_wrapper\">\n\t\t\t<p><img loading=\"lazy\" decoding=\"async\" class=\"alignnone wp-image-4806\" src=\"https:\/\/cdn.teamdeck.io\/uploads\/website\/2019\/03\/15114123\/Screen-Shot-2019-03-15-at-10.34.47-e1555411621610.png\" alt=\"Ryhm\u00e4n j\u00e4senten ylity\u00f6t\" width=\"500\" height=\"359\" srcset=\"https:\/\/cdn.teamdeck.io\/uploads\/website\/2019\/03\/15114123\/Screen-Shot-2019-03-15-at-10.34.47-e1555411621610.png 990w, https:\/\/cdn.teamdeck.io\/uploads\/website\/2019\/03\/15114123\/Screen-Shot-2019-03-15-at-10.34.47-e1555411621610-300x215.png 300w, https:\/\/cdn.teamdeck.io\/uploads\/website\/2019\/03\/15114123\/Screen-Shot-2019-03-15-at-10.34.47-e1555411621610-768x551.png 768w, https:\/\/cdn.teamdeck.io\/uploads\/website\/2019\/03\/15114123\/Screen-Shot-2019-03-15-at-10.34.47-e1555411621610-960x688.png 960w\" sizes=\"auto, (max-width: 500px) 100vw, 500px\" \/><\/p>\n\n\t\t<\/div>\n\t<\/div>\n<\/div><\/div><\/div><div class=\"feature-info wpb_column vc_column_container text-left vc_col-sm-5 vc_col-lg-4 padding-small bgv-default bgh-default halign-default\"><div class=\"vc_column-inner\"><div class=\"wpb_wrapper\">\n\t<div class=\"wpb_text_column wpb_content_element\" >\n\t\t<div class=\"wpb_wrapper\">\n\t\t\t<p><strong><span class=\"text-title\">Ylity\u00f6<\/span><\/strong><\/p>\n<p>Pylv\u00e4sdiagrammi, joka visualisoi tiimisi j\u00e4senten ylity\u00f6t. Se lasketaan tiimisi saatavuuden, varausten ja ty\u00f6aikataulujen perusteella. Eniten ylit\u00f6it\u00e4 tehneet ty\u00f6ntekij\u00e4t on listattu kaavion yl\u00e4osaan.<\/p>\n\n\t\t<\/div>\n\t<\/div>\n<\/div><\/div><\/div><\/div><div class=\"vc_row-full-width vc_clearfix\"><\/div><div data-vc-full-width=\"true\" data-vc-full-width-init=\"false\" class=\"vc_row wpb_row vc_row-fluid redl-row-section feature-row vc_custom_1504100661321 vc_row-o-equal-height vc_row-o-content-middle vc_row-flex padding-medium bgv-default bgh-default halign-center\"><div class=\"feature-info wpb_column vc_column_container text-left vc_col-sm-5 vc_col-lg-4 padding-small bgv-default bgh-default halign-default\"><div class=\"vc_column-inner\"><div class=\"wpb_wrapper\">\n\t<div class=\"wpb_text_column wpb_content_element\" >\n\t\t<div class=\"wpb_wrapper\">\n\t\t\t<h2><span class=\"text-title\">Joukkueen k\u00e4ytt\u00f6taulukko<\/span><\/h2>\n<p>T\u00e4ss\u00e4 on syv\u00e4llinen sukellus tiimisi ty\u00f6m\u00e4\u00e4r\u00e4\u00e4 koskeviin tietoihin. N\u00e4et erittelyn kunkin tiimin j\u00e4senen suunnitelluista ja todellisista ty\u00f6tunneista, heid\u00e4n k\u00e4ytt\u00f6asteestaan (saatavuus vs. suunniteltu ty\u00f6) ja ylity\u00f6tunneistaan.<\/p>\n\n\t\t<\/div>\n\t<\/div>\n<\/div><\/div><\/div><div class=\"feature-image wpb_column vc_column_container text-left vc_col-sm-7 vc_col-lg-6 padding-default bgv-default bgh-default halign-default\"><div class=\"vc_column-inner\"><div class=\"wpb_wrapper\">\n\t<div class=\"wpb_text_column wpb_content_element\" >\n\t\t<div class=\"wpb_wrapper\">\n\t\t\t<p><img loading=\"lazy\" decoding=\"async\" class=\"alignnone wp-image-4805\" src=\"https:\/\/cdn.teamdeck.io\/uploads\/website\/2019\/03\/15114121\/Screen-Shot-2019-03-15-at-10.37.50-e1555411641612.png\" alt=\"Joukkueen k\u00e4ytt\u00f6raportti\" width=\"500\" height=\"318\" srcset=\"https:\/\/cdn.teamdeck.io\/uploads\/website\/2019\/03\/15114121\/Screen-Shot-2019-03-15-at-10.37.50-e1555411641612.png 1140w, https:\/\/cdn.teamdeck.io\/uploads\/website\/2019\/03\/15114121\/Screen-Shot-2019-03-15-at-10.37.50-e1555411641612-300x191.png 300w, https:\/\/cdn.teamdeck.io\/uploads\/website\/2019\/03\/15114121\/Screen-Shot-2019-03-15-at-10.37.50-e1555411641612-768x489.png 768w, https:\/\/cdn.teamdeck.io\/uploads\/website\/2019\/03\/15114121\/Screen-Shot-2019-03-15-at-10.37.50-e1555411641612-960x611.png 960w\" sizes=\"auto, (max-width: 500px) 100vw, 500px\" \/><\/p>\n\n\t\t<\/div>\n\t<\/div>\n<\/div><\/div><\/div><\/div><div class=\"vc_row-full-width vc_clearfix\"><\/div><div data-vc-full-width=\"true\" data-vc-full-width-init=\"false\" class=\"vc_row wpb_row vc_row-fluid redl-row-section feature-row vc_custom_1504100640393 vc_row-o-equal-height vc_row-o-content-middle vc_row-flex padding-medium bgv-default bgh-default halign-center\"><div class=\"feature-image wpb_column vc_column_container text-left vc_col-sm-7 vc_col-lg-6 padding-default bgv-default bgh-default halign-default\"><div class=\"vc_column-inner\"><div class=\"wpb_wrapper\">\n\t<div class=\"wpb_text_column wpb_content_element\" >\n\t\t<div class=\"wpb_wrapper\">\n\t\t\t<p><img loading=\"lazy\" decoding=\"async\" class=\"alignnone wp-image-4808\" src=\"https:\/\/cdn.teamdeck.io\/uploads\/website\/2019\/03\/15114901\/Screen-Shot-2019-03-15-at-10.48.20-e1555411593950.png\" alt=\"Ty\u00f6m\u00e4\u00e4r\u00e4n aikataulu\" width=\"500\" height=\"323\" srcset=\"https:\/\/cdn.teamdeck.io\/uploads\/website\/2019\/03\/15114901\/Screen-Shot-2019-03-15-at-10.48.20-e1555411593950.png 1296w, https:\/\/cdn.teamdeck.io\/uploads\/website\/2019\/03\/15114901\/Screen-Shot-2019-03-15-at-10.48.20-e1555411593950-300x194.png 300w, https:\/\/cdn.teamdeck.io\/uploads\/website\/2019\/03\/15114901\/Screen-Shot-2019-03-15-at-10.48.20-e1555411593950-768x495.png 768w, https:\/\/cdn.teamdeck.io\/uploads\/website\/2019\/03\/15114901\/Screen-Shot-2019-03-15-at-10.48.20-e1555411593950-960x619.png 960w\" sizes=\"auto, (max-width: 500px) 100vw, 500px\" \/><\/p>\n\n\t\t<\/div>\n\t<\/div>\n<\/div><\/div><\/div><div class=\"feature-info wpb_column vc_column_container text-left vc_col-sm-5 vc_col-lg-4 padding-small bgv-default bgh-default halign-default\"><div class=\"vc_column-inner\"><div class=\"wpb_wrapper\">\n\t<div class=\"wpb_text_column wpb_content_element\" >\n\t\t<div class=\"wpb_wrapper\">\n\t\t\t<p><span class=\"text-title\">Ty\u00f6m\u00e4\u00e4r\u00e4n aikataulu<\/span><\/p>\n<p>Aikajana on k\u00e4tev\u00e4 n\u00e4iss\u00e4 hankalissa tilanteissa, kun sinun on analysoitava, milloin ja miten suunnitelmat suistuivat raiteiltaan. Kaavio havainnollistaa suunniteltujen ja toteutuneiden tuntien kumulatiivisen m\u00e4\u00e4r\u00e4n, joten voit m\u00e4\u00e4ritt\u00e4\u00e4 tarkalleen hetken, jolloin kirjattu ty\u00f6aika ylitti arviot.<\/p>\n\n\t\t<\/div>\n\t<\/div>\n<\/div><\/div><\/div><\/div><div class=\"vc_row-full-width vc_clearfix\"><\/div><div class=\"vc_row wpb_row vc_row-fluid redl-row-section padding-default bgv-default bgh-default halign-default\"><div class=\"wpb_column vc_column_container text-left vc_col-sm-12 padding-default bgv-default bgh-default halign-default\"><div class=\"vc_column-inner\"><div class=\"wpb_wrapper\">\n\t<div class=\"wpb_text_column wpb_content_element\" >\n\t\t<div class=\"wpb_wrapper\">\n\t\t\t\n\t\t<\/div>\n\t<\/div>\n<\/div><\/div><\/div><\/div><div class=\"vc_row wpb_row vc_row-fluid redl-row-section vc_custom_1551186799735 padding-small bgv-default bgh-default halign-center\"><div class=\"wpb_column vc_column_container text-left vc_col-sm-12 padding-default bgv-default bgh-default halign-default\"><div class=\"vc_column-inner\"><div class=\"wpb_wrapper\">\n\t<div class=\"wpb_text_column wpb_content_element\" >\n\t\t<div class=\"wpb_wrapper\">\n\t\t\t<p><span style=\"font-size: 18px;\"><strong>Jokaista Teamdeckin raporttimallia voidaan mukauttaa.<\/strong> T\u00e4m\u00e4 tarkoittaa sit\u00e4, ett\u00e4 voit muuttaa olemassa olevien elementtien merkint\u00f6j\u00e4 ja kaavoja sek\u00e4 lis\u00e4t\u00e4 uusia taulukoita tai kaavioita, mit\u00e4 ikin\u00e4 pid\u00e4tkin hy\u00f6dyllisen\u00e4. Katso esimerkki kuukausittaisesta resurssien k\u00e4ytt\u00f6raportista. <a href=\"https:\/\/app.teamdeck.io\/reports\/0914b91ffbf1444c1e03a8a713e166e75c87ac4fe15485c87ac4fe15f3\">t\u00e4\u00e4ll\u00e4<\/a>.<\/span><\/p>\n\n\t\t<\/div>\n\t<\/div>\n<div class=\"vc_empty_space\"   style=\"height: 32px\" ><span class=\"vc_empty_space_inner\"><\/span><\/div>\n<\/div><\/div><\/div><\/div><div data-vc-full-width=\"true\" data-vc-full-width-init=\"false\" class=\"vc_row wpb_row vc_row-fluid redl-row-section footer-message-row vc_custom_1502964176474 vc_row-has-fill vc_row-o-equal-height vc_row-flex padding-medium bgv-default bgh-default halign-default\"><div class=\"wpb_column vc_column_container text-center vc_col-sm-12 vc_col-lg-8 vc_col-md-9 padding-default bgv-default bgh-default halign-center\"><div class=\"vc_column-inner\"><div class=\"wpb_wrapper\">\n\t<div class=\"wpb_text_column wpb_content_element\" >\n\t\t<div class=\"wpb_wrapper\">\n\t\t\t<p style=\"text-align: center;\"><span class=\"message\">Oletko valmis muuttumaan entist\u00e4 datal\u00e4ht\u00f6isemm\u00e4ksi? Hanki t\u00e4ydellinen resurssien suunnitteluohjelmisto<\/span><\/p>\n\n\t\t<\/div>\n\t<\/div>\n<a class=\"redl-btn  redl-btn-border redl-btn-two  redl-btn-medium redl-btn-69ef241c0fc88 btn-hover-one btn-icon-left signup-bottom\" href=\"https:\/\/app.teamdeck.io\/register?utm_source=reports\" target=\"_blank\">Hanki 30 p\u00e4iv\u00e4n ilmainen kokeilujakso<\/a><div class=\"vc_empty_space\"   style=\"height: 32px\" ><span class=\"vc_empty_space_inner\"><\/span><\/div>\n\n\t<div class=\"wpb_text_column wpb_content_element\" >\n\t\t<div class=\"wpb_wrapper\">\n\t\t\t<p><span style=\"font-size: 18px;\">Mene Teamdeckin Raportit-osioon ja valitse <strong>Joukkueen k\u00e4ytt\u00f6raportti<\/strong> uusien raporttien k\u00e4ytett\u00e4viss\u00e4 olevien mallien luettelosta.<\/span><\/p>\n\n\t\t<\/div>\n\t<\/div>\n<\/div><\/div><\/div><\/div><div class=\"vc_row-full-width vc_clearfix\"><\/div>","protected":false},"excerpt":{"rendered":"Kuukausittainen k\u00e4ytt\u00f6raporttimalli Tiimin k\u00e4ytt\u00f6raportti on yksinkertainen tapa visualisoida tiimisi ty\u00f6m\u00e4\u00e4r\u00e4 tiettyn\u00e4 ajanjaksona.  Teamdeckin tiimin k\u00e4ytt\u00f6raporttimalli koostuu 3 osiosta: Ylity\u00f6 Pylv\u00e4sdiagrammi, joka visualisoi...","protected":false},"author":6,"featured_media":0,"parent":4695,"menu_order":0,"comment_status":"closed","ping_status":"closed","template":"","meta":{"footnotes":""},"class_list":["post-4719","page","type-page","status-publish","hentry"],"yoast_head":"<!-- This site is optimized with the Yoast SEO Premium plugin v23.8 (Yoast SEO v24.3) - https:\/\/yoast.com\/wordpress\/plugins\/seo\/ -->\n<title>Utilization Report Template | Teamdeck<\/title>\n<meta name=\"description\" content=\"Team utilization report is a simple way to visualize your team workload in a specific period of time. Learn more about reports in Teamdeck\" \/>\n<meta name=\"robots\" content=\"index, follow, max-snippet:-1, max-image-preview:large, max-video-preview:-1\" \/>\n<link rel=\"canonical\" href=\"https:\/\/teamdeck.io\/fi\/ominaisuudet\/raportointi\/kayttoraportin-malli\/\" \/>\n<meta property=\"og:locale\" content=\"fi_FI\" \/>\n<meta property=\"og:type\" content=\"article\" \/>\n<meta property=\"og:title\" content=\"Monthly Utilization Report Template\" \/>\n<meta property=\"og:description\" content=\"Team utilization report is a simple way to visualize your team workload in a specific period of time. Learn more about reports in Teamdeck\" \/>\n<meta property=\"og:url\" content=\"https:\/\/teamdeck.io\/fi\/ominaisuudet\/raportointi\/kayttoraportin-malli\/\" \/>\n<meta property=\"og:site_name\" content=\"Teamdeck\" \/>\n<meta property=\"article:publisher\" content=\"https:\/\/www.facebook.com\/helloteamdeck\" \/>\n<meta property=\"article:modified_time\" content=\"2022-04-25T13:00:40+00:00\" \/>\n<meta property=\"og:image\" content=\"https:\/\/teamdeck.io\/wp-content\/uploads\/2019\/03\/Screen-Shot-2019-03-15-at-10.34.47-e1555411621610.png\" \/>\n<meta name=\"twitter:card\" content=\"summary_large_image\" \/>\n<meta name=\"twitter:site\" content=\"@helloteamdeck\" \/>\n<meta name=\"twitter:label1\" content=\"Est. reading time\" \/>\n\t<meta name=\"twitter:data1\" content=\"3 minutes\" \/>\n<script type=\"application\/ld+json\" class=\"yoast-schema-graph\">{\"@context\":\"https:\/\/schema.org\",\"@graph\":[{\"@type\":\"WebPage\",\"@id\":\"https:\/\/teamdeck.io\/features\/reporting\/utilization-report-template\/\",\"url\":\"https:\/\/teamdeck.io\/features\/reporting\/utilization-report-template\/\",\"name\":\"Utilization Report Template | Teamdeck\",\"isPartOf\":{\"@id\":\"https:\/\/teamdeck.io\/#website\"},\"primaryImageOfPage\":{\"@id\":\"https:\/\/teamdeck.io\/features\/reporting\/utilization-report-template\/#primaryimage\"},\"image\":{\"@id\":\"https:\/\/teamdeck.io\/features\/reporting\/utilization-report-template\/#primaryimage\"},\"thumbnailUrl\":\"https:\/\/teamdeck.io\/wp-content\/uploads\/2019\/03\/Screen-Shot-2019-03-15-at-10.34.47-e1555411621610.png\",\"datePublished\":\"2019-03-15T15:08:58+00:00\",\"dateModified\":\"2022-04-25T13:00:40+00:00\",\"description\":\"Team utilization report is a simple way to visualize your team workload in a specific period of time. Learn more about reports in Teamdeck\",\"breadcrumb\":{\"@id\":\"https:\/\/teamdeck.io\/features\/reporting\/utilization-report-template\/#breadcrumb\"},\"inLanguage\":\"fi\",\"potentialAction\":[{\"@type\":\"ReadAction\",\"target\":[\"https:\/\/teamdeck.io\/features\/reporting\/utilization-report-template\/\"]}]},{\"@type\":\"ImageObject\",\"inLanguage\":\"fi\",\"@id\":\"https:\/\/teamdeck.io\/features\/reporting\/utilization-report-template\/#primaryimage\",\"url\":\"https:\/\/teamdeck.io\/wp-content\/uploads\/2019\/03\/Screen-Shot-2019-03-15-at-10.34.47-e1555411621610.png\",\"contentUrl\":\"https:\/\/teamdeck.io\/wp-content\/uploads\/2019\/03\/Screen-Shot-2019-03-15-at-10.34.47-e1555411621610.png\"},{\"@type\":\"BreadcrumbList\",\"@id\":\"https:\/\/teamdeck.io\/features\/reporting\/utilization-report-template\/#breadcrumb\",\"itemListElement\":[{\"@type\":\"ListItem\",\"position\":1,\"name\":\"Home\",\"item\":\"https:\/\/teamdeck.io\/\"},{\"@type\":\"ListItem\",\"position\":2,\"name\":\"Features\",\"item\":\"https:\/\/teamdeck.io\/features\/\"},{\"@type\":\"ListItem\",\"position\":3,\"name\":\"Custom reporting\",\"item\":\"https:\/\/teamdeck.io\/features\/reporting\/\"},{\"@type\":\"ListItem\",\"position\":4,\"name\":\"Monthly Utilization Report Template\"}]},{\"@type\":\"WebSite\",\"@id\":\"https:\/\/teamdeck.io\/#website\",\"url\":\"https:\/\/teamdeck.io\/\",\"name\":\"Teamdeck\",\"description\":\"resource scheduling + time tracking + leave management\",\"potentialAction\":[{\"@type\":\"SearchAction\",\"target\":{\"@type\":\"EntryPoint\",\"urlTemplate\":\"https:\/\/teamdeck.io\/?s={search_term_string}\"},\"query-input\":{\"@type\":\"PropertyValueSpecification\",\"valueRequired\":true,\"valueName\":\"search_term_string\"}}],\"inLanguage\":\"fi\"}]}<\/script>\n<!-- \/ Yoast SEO Premium plugin. -->","yoast_head_json":{"title":"Utilization Report Template | Teamdeck","description":"Team utilization report is a simple way to visualize your team workload in a specific period of time. Learn more about reports in Teamdeck","robots":{"index":"index","follow":"follow","max-snippet":"max-snippet:-1","max-image-preview":"max-image-preview:large","max-video-preview":"max-video-preview:-1"},"canonical":"https:\/\/teamdeck.io\/fi\/ominaisuudet\/raportointi\/kayttoraportin-malli\/","og_locale":"fi_FI","og_type":"article","og_title":"Monthly Utilization Report Template","og_description":"Team utilization report is a simple way to visualize your team workload in a specific period of time. Learn more about reports in Teamdeck","og_url":"https:\/\/teamdeck.io\/fi\/ominaisuudet\/raportointi\/kayttoraportin-malli\/","og_site_name":"Teamdeck","article_publisher":"https:\/\/www.facebook.com\/helloteamdeck","article_modified_time":"2022-04-25T13:00:40+00:00","og_image":[{"url":"https:\/\/teamdeck.io\/wp-content\/uploads\/2019\/03\/Screen-Shot-2019-03-15-at-10.34.47-e1555411621610.png","type":"","width":"","height":""}],"twitter_card":"summary_large_image","twitter_site":"@helloteamdeck","twitter_misc":{"Est. reading time":"3 minutes"},"schema":{"@context":"https:\/\/schema.org","@graph":[{"@type":"WebPage","@id":"https:\/\/teamdeck.io\/features\/reporting\/utilization-report-template\/","url":"https:\/\/teamdeck.io\/features\/reporting\/utilization-report-template\/","name":"Utilization Report Template | Teamdeck","isPartOf":{"@id":"https:\/\/teamdeck.io\/#website"},"primaryImageOfPage":{"@id":"https:\/\/teamdeck.io\/features\/reporting\/utilization-report-template\/#primaryimage"},"image":{"@id":"https:\/\/teamdeck.io\/features\/reporting\/utilization-report-template\/#primaryimage"},"thumbnailUrl":"https:\/\/teamdeck.io\/wp-content\/uploads\/2019\/03\/Screen-Shot-2019-03-15-at-10.34.47-e1555411621610.png","datePublished":"2019-03-15T15:08:58+00:00","dateModified":"2022-04-25T13:00:40+00:00","description":"Team utilization report is a simple way to visualize your team workload in a specific period of time. Learn more about reports in Teamdeck","breadcrumb":{"@id":"https:\/\/teamdeck.io\/features\/reporting\/utilization-report-template\/#breadcrumb"},"inLanguage":"fi","potentialAction":[{"@type":"ReadAction","target":["https:\/\/teamdeck.io\/features\/reporting\/utilization-report-template\/"]}]},{"@type":"ImageObject","inLanguage":"fi","@id":"https:\/\/teamdeck.io\/features\/reporting\/utilization-report-template\/#primaryimage","url":"https:\/\/teamdeck.io\/wp-content\/uploads\/2019\/03\/Screen-Shot-2019-03-15-at-10.34.47-e1555411621610.png","contentUrl":"https:\/\/teamdeck.io\/wp-content\/uploads\/2019\/03\/Screen-Shot-2019-03-15-at-10.34.47-e1555411621610.png"},{"@type":"BreadcrumbList","@id":"https:\/\/teamdeck.io\/features\/reporting\/utilization-report-template\/#breadcrumb","itemListElement":[{"@type":"ListItem","position":1,"name":"Home","item":"https:\/\/teamdeck.io\/"},{"@type":"ListItem","position":2,"name":"Features","item":"https:\/\/teamdeck.io\/features\/"},{"@type":"ListItem","position":3,"name":"Custom reporting","item":"https:\/\/teamdeck.io\/features\/reporting\/"},{"@type":"ListItem","position":4,"name":"Monthly Utilization Report Template"}]},{"@type":"WebSite","@id":"https:\/\/teamdeck.io\/#website","url":"https:\/\/teamdeck.io\/","name":"Teamdeck","description":"resource scheduling + time tracking + leave management","potentialAction":[{"@type":"SearchAction","target":{"@type":"EntryPoint","urlTemplate":"https:\/\/teamdeck.io\/?s={search_term_string}"},"query-input":{"@type":"PropertyValueSpecification","valueRequired":true,"valueName":"search_term_string"}}],"inLanguage":"fi"}]}},"_links":{"self":[{"href":"https:\/\/teamdeck.io\/fi\/wp-json\/wp\/v2\/pages\/4719","targetHints":{"allow":["GET"]}}],"collection":[{"href":"https:\/\/teamdeck.io\/fi\/wp-json\/wp\/v2\/pages"}],"about":[{"href":"https:\/\/teamdeck.io\/fi\/wp-json\/wp\/v2\/types\/page"}],"author":[{"embeddable":true,"href":"https:\/\/teamdeck.io\/fi\/wp-json\/wp\/v2\/users\/6"}],"replies":[{"embeddable":true,"href":"https:\/\/teamdeck.io\/fi\/wp-json\/wp\/v2\/comments?post=4719"}],"version-history":[{"count":26,"href":"https:\/\/teamdeck.io\/fi\/wp-json\/wp\/v2\/pages\/4719\/revisions"}],"predecessor-version":[{"id":10417,"href":"https:\/\/teamdeck.io\/fi\/wp-json\/wp\/v2\/pages\/4719\/revisions\/10417"}],"up":[{"embeddable":true,"href":"https:\/\/teamdeck.io\/fi\/wp-json\/wp\/v2\/pages\/4695"}],"wp:attachment":[{"href":"https:\/\/teamdeck.io\/fi\/wp-json\/wp\/v2\/media?parent=4719"}],"curies":[{"name":"wp","href":"https:\/\/api.w.org\/{rel}","templated":true}]}}