{"id":2853,"date":"2017-09-07T12:08:23","date_gmt":"2017-09-07T10:08:23","guid":{"rendered":"https:\/\/teamdeck.io\/?page_id=2853"},"modified":"2024-04-08T13:08:17","modified_gmt":"2024-04-08T11:08:17","slug":"privacy-policy","status":"publish","type":"page","link":"https:\/\/teamdeck.io\/fi\/tietosuojakaytanto\/","title":{"rendered":"Tietosuojak\u00e4yt\u00e4nt\u00f6"},"content":{"rendered":"<div class=\"vc_row wpb_row vc_row-fluid redl-row-section padding-default bgv-default bgh-default halign-default\"><div class=\"wpb_column vc_column_container text-left vc_col-sm-12 padding-default bgv-default bgh-default halign-default\"><div class=\"vc_column-inner\"><div class=\"wpb_wrapper\"><div class=\"vc_empty_space\"   style=\"height: 32px\" ><span class=\"vc_empty_space_inner\"><\/span><\/div>\n\n\t<div class=\"wpb_text_column wpb_content_element\" >\n\t\t<div class=\"wpb_wrapper\">\n\t\t\t<h1 class=\"ng-scope\" style=\"text-align: center;\">Tietosuojak\u00e4yt\u00e4nt\u00f6<\/h1>\n<p class=\"ng-scope\" style=\"text-align: center;\"><small>Viimeksi p\u00e4ivitetty: tammikuu 30, 2024<\/small><\/p>\n\n\t\t<\/div>\n\t<\/div>\n<div class=\"vc_empty_space\"   style=\"height: 32px\" ><span class=\"vc_empty_space_inner\"><\/span><\/div>\n\n\t<div class=\"wpb_text_column wpb_content_element\" >\n\t\t<div class=\"wpb_wrapper\">\n\t\t\t<p class=\"ng-scope\">Teamdeck sp. z o.o. (\"me\", \"me\" tai \"meid\u00e4n\"), jonka kotipaikka on: Nowowiejskiego 55, 61-734 Pozna\u0144, Puola, NIP: 7831750055, REGON: 365865326, rekister\u00f6ity Pozna\u0144in aluetuomioistuimessa Pozna\u0144 - Nowe Miasto I Wilda Pozna\u0144issa, kansallisen tuomioistuinrekisterin VIII kaupallisella osastolla, rekister\u00f6ity kaupparekisteriin (KRS) numerolla nro. 0000646426 yll\u00e4pit\u00e4\u00e4 verkkosivustoa https:\/\/teamdeck.io (\"Palvelu\").<\/p>\n<p class=\"ng-scope\">T\u00e4ll\u00e4 sivulla kerrotaan k\u00e4yt\u00e4nn\u00f6ist\u00e4mme, jotka koskevat henkil\u00f6kohtaisten tietojen ker\u00e4\u00e4mist\u00e4, k\u00e4ytt\u00f6\u00e4 ja luovuttamista, kun k\u00e4yt\u00e4t palvelua.<\/p>\n<p class=\"ng-scope\">Emme k\u00e4yt\u00e4 tai jaa tietojasi kenenk\u00e4\u00e4n kanssa muuten kuin t\u00e4ss\u00e4 tietosuojak\u00e4yt\u00e4nn\u00f6ss\u00e4 kuvatulla tavalla.<\/p>\n<p class=\"ng-scope\">K\u00e4yt\u00e4mme henkil\u00f6kohtaisia tietojasi palvelun tarjoamiseen ja parantamiseen. K\u00e4ytt\u00e4m\u00e4ll\u00e4 Palvelua hyv\u00e4ksyt tietojen ker\u00e4\u00e4misen ja k\u00e4yt\u00f6n t\u00e4m\u00e4n k\u00e4yt\u00e4nn\u00f6n mukaisesti. Ellei t\u00e4ss\u00e4 tietosuojak\u00e4yt\u00e4nn\u00f6ss\u00e4 ole toisin m\u00e4\u00e4ritelty, t\u00e4ss\u00e4 tietosuojak\u00e4yt\u00e4nn\u00f6ss\u00e4 k\u00e4ytetyill\u00e4 termeill\u00e4 on sama merkitys kuin k\u00e4ytt\u00f6ehdoissamme, jotka ovat saatavilla osoitteessa https:\/\/teamdeck.io.<\/p>\n<p class=\"ng-scope\">Teamdeck sp. z o.o. on puolalainen yritys, joten se noudattaa Puolan lains\u00e4\u00e4d\u00e4nt\u00f6\u00e4 ja erityisesti 29. elokuuta 1997 annettua lakia henkil\u00f6tietojen suojasta (s\u00e4\u00e4d\u00f6skokoelma nro 133, kohta 883, sellaisena kuin se on muutettuna).<\/p>\n<p class=\"ng-scope\"><strong>\u00a71. Tietojen ker\u00e4\u00e4minen ja k\u00e4ytt\u00f6<\/strong><\/p>\n<p class=\"ng-scope\">K\u00e4ytt\u00e4ess\u00e4mme palvelua saatamme pyyt\u00e4\u00e4 asiakasta antamaan meille tiettyj\u00e4 henkil\u00f6kohtaisesti tunnistettavia tietoja, joita voidaan k\u00e4ytt\u00e4\u00e4 yhteydenottoon tai asiakkaan tunnistamiseen. Henkil\u00f6kohtaisesti tunnistettavia tietoja voivat olla muun muassa asiakkaan s\u00e4hk\u00f6postiosoite, nimi, puhelinnumero ja postiosoite (\"Henkil\u00f6kohtaiset tiedot\").<\/p>\n<p class=\"ng-scope\"><strong>\u00a72. Lokitiedot<\/strong><\/p>\n<p class=\"ng-scope\">1. Saatamme my\u00f6s ker\u00e4t\u00e4 tietoja, joita asiakkaan selain l\u00e4hett\u00e4\u00e4 aina, kun asiakas vierailee palvelussamme (\"lokitiedot\"). N\u00e4m\u00e4 lokitiedot voivat sis\u00e4lt\u00e4\u00e4 tietoja, kuten asiakkaan tietokoneen Internet Protocol (\"IP\") -osoitteen, selaimen tyypin, selaimen version, asiakkaan palvelussamme vierailemat sivut, asiakkaan vierailun ajankohdan ja p\u00e4iv\u00e4m\u00e4\u00e4r\u00e4n, kyseisill\u00e4 sivuilla vietetyn ajan ja muita tilastoja.<\/p>\n<p class=\"ng-scope\">2. Lis\u00e4ksi saatamme k\u00e4ytt\u00e4\u00e4 kolmannen osapuolen palveluita, kuten Google Analyticsia, jotka ker\u00e4\u00e4v\u00e4t, valvovat ja analysoivat t\u00e4m\u00e4ntyyppisi\u00e4 tietoja parantaakseen palvelumme toimivuutta. N\u00e4ill\u00e4 kolmannen osapuolen palveluntarjoajilla on omat tietosuojak\u00e4yt\u00e4nt\u00f6ns\u00e4 siit\u00e4, miten ne k\u00e4ytt\u00e4v\u00e4t t\u00e4llaisia tietoja.<\/p>\n<p><strong class=\"ng-scope\">\u00a73. Ev\u00e4steet<\/strong><\/p>\n<p class=\"ng-scope\">1. Ev\u00e4steet ovat tiedostoja, jotka sis\u00e4lt\u00e4v\u00e4t pienen m\u00e4\u00e4r\u00e4n tietoja, joihin voi sis\u00e4lty\u00e4 nimet\u00f6n yksil\u00f6llinen tunniste. Ev\u00e4steet l\u00e4hetet\u00e4\u00e4n asiakkaan selaimelle verkkosivustolta ja tallennetaan asiakkaan tietokoneen kiintolevylle.<\/p>\n<p class=\"ng-scope\">2. K\u00e4yt\u00e4mme \"ev\u00e4steit\u00e4\" tietojen ker\u00e4\u00e4miseen. Asiakas voi m\u00e4\u00e4r\u00e4t\u00e4 selaimensa kielt\u00e4ytym\u00e4\u00e4n kaikista ev\u00e4steist\u00e4 tai ilmoittamaan, kun ev\u00e4ste l\u00e4hetet\u00e4\u00e4n. Jos asiakas ei kuitenkaan hyv\u00e4ksy ev\u00e4steit\u00e4, h\u00e4n ei v\u00e4ltt\u00e4m\u00e4tt\u00e4 pysty k\u00e4ytt\u00e4m\u00e4\u00e4n joitakin palvelumme osia.<\/p>\n<p class=\"ng-scope\"><strong>\u00a74. K\u00e4ytt\u00e4ytymiseen perustuva uudelleenmarkkinointi<\/strong><\/p>\n<p class=\"ng-scope\">1. Teamdeck sp. z o.o. k\u00e4ytt\u00e4\u00e4 uudelleenmarkkinointipalveluita mainostaakseen kolmannen osapuolen verkkosivustoilla asiakkaalle sen j\u00e4lkeen, kun asiakas on vieraillut palvelussamme. Me ja kolmannen osapuolen myyj\u00e4t k\u00e4yt\u00e4mme ev\u00e4steit\u00e4 tiedottaaksemme, optimoidaksemme ja tarjotaksemme mainoksia, jotka perustuvat asiakkaan aiempiin k\u00e4ynteihin palvelussamme.<\/p>\n<ul>\n<li><strong>Google<\/strong><\/li>\n<\/ul>\n<p style=\"padding-left: 30px;\">Google AdWords-remarkkinointipalvelun tarjoaa Google Inc.<\/p>\n<p style=\"padding-left: 30px;\">Voit poistaa Google Analytics for Display Advertising -palvelun k\u00e4yt\u00f6st\u00e4 ja mukauttaa Google Display Network -mainoksia Google Ads Settings -sivulla: http:\/\/www.google.com\/settings\/ads.<\/p>\n<p style=\"padding-left: 30px;\">Google suosittelee my\u00f6s Google Analytics Opt-out Browser Add-on - https:\/\/tools.google.com\/dlpage\/gaoptout -lis\u00e4osan asentamista selaimeesi. Google Analytics Opt-out Browser Add-on antaa k\u00e4vij\u00f6ille mahdollisuuden est\u00e4\u00e4 Google Analyticsin ker\u00e4\u00e4m\u00e4t ja k\u00e4ytt\u00e4m\u00e4t tiedot.<\/p>\n<p style=\"padding-left: 30px;\">Lis\u00e4tietoja Googlen tietosuojak\u00e4yt\u00e4nn\u00f6ist\u00e4 on Googlen tietosuojaa ja k\u00e4ytt\u00f6ehtoja koskevalla verkkosivulla: http:\/\/www.google.com\/intl\/en\/policies\/privacy\/.<\/p>\n<ul>\n<li><strong><strong>Facebook<\/strong><\/strong><\/li>\n<\/ul>\n<p style=\"padding-left: 30px;\"><strong><strong><br \/>\n<\/strong><\/strong><br \/>\nFacebookin uudelleenmarkkinointipalvelun tarjoaa Facebook Inc.<\/p>\n<p style=\"padding-left: 30px;\">Voit lukea lis\u00e4\u00e4 Facebookin kiinnostukseen perustuvasta mainonnasta k\u00e4ym\u00e4ll\u00e4 t\u00e4ll\u00e4 sivulla: https:\/\/www.facebook.com\/help\/164968693837950.<\/p>\n<p style=\"padding-left: 30px;\">Voit kielt\u00e4yty\u00e4 Facebookin kiinnostukseen perustuvista mainoksista noudattamalla n\u00e4it\u00e4 Facebookin ohjeita: https:\/\/www.facebook.com\/about\/ads\/#568137493302217.<\/p>\n<p style=\"padding-left: 30px;\">Facebook noudattaa Digital Advertising Alliancen laatimia k\u00e4ytt\u00e4ytymiseen perustuvaa verkkomainontaa koskevia itses\u00e4\u00e4ntelyperiaatteita. Voit my\u00f6s kielt\u00e4\u00e4 Facebookin ja muiden osallistuvien yritysten k\u00e4yt\u00f6n Digital Advertising Alliancen kautta Yhdysvalloissa http:\/\/www.aboutads.info\/choices\/, Digital Advertising Alliance of Canadan kautta Kanadassa http:\/\/youradchoices.ca\/ tai European Interactive Digital Advertising Alliancen kautta Euroopassa http:\/\/www.youronlinechoices.eu\/ tai kielt\u00e4\u00e4 k\u00e4yt\u00f6n mobiililaitteesi asetusten avulla.<\/p>\n<p style=\"padding-left: 30px;\">Lis\u00e4tietoja Facebookin tietosuojak\u00e4yt\u00e4nn\u00f6ist\u00e4 saat Facebookin tietosuojak\u00e4yt\u00e4nn\u00f6ist\u00e4: https:\/\/www.facebook.com\/privacy\/explanation.<\/p>\n<p class=\"ng-scope\"><strong>\u00a75. Palveluntarjoajat<\/strong><\/p>\n<p class=\"ng-scope\">1. Saatamme k\u00e4ytt\u00e4\u00e4 kolmansia osapuolia ja yksityishenkil\u00f6it\u00e4 helpottamaan Palvelua, tarjoamaan Palvelua puolestamme, suorittamaan Palveluun liittyvi\u00e4 palveluja tai auttamaan meit\u00e4 Palvelun k\u00e4yt\u00f6n analysoinnissa.<\/p>\n<p class=\"ng-scope\">2. N\u00e4ill\u00e4 kolmansilla osapuolilla on p\u00e4\u00e4sy asiakkaan henkil\u00f6kohtaisiin tietoihin ainoastaan n\u00e4iden teht\u00e4vien suorittamiseksi puolestamme, eiv\u00e4tk\u00e4 ne saa luovuttaa tai k\u00e4ytt\u00e4\u00e4 niit\u00e4 mihink\u00e4\u00e4n muuhun tarkoitukseen.<\/p>\n<p class=\"ng-scope\"><strong>\u00a76. Viestint\u00e4<\/strong><\/p>\n<p class=\"ng-scope\">Voimme k\u00e4ytt\u00e4\u00e4 asiakkaan henkil\u00f6tietoja ottaaksemme yhteytt\u00e4 asiakkaaseen uutiskirjeill\u00e4, markkinointi- tai mainosmateriaaleilla ja muilla asiakkaita mahdollisesti kiinnostavilla tiedoilla. Asiakas voi kielt\u00e4yty\u00e4 vastaanottamasta mit\u00e4\u00e4n tai kaikkia n\u00e4it\u00e4 viestej\u00e4 meilt\u00e4 seuraamalla l\u00e4hett\u00e4miss\u00e4mme s\u00e4hk\u00f6postiviesteiss\u00e4 olevaa tilauksen peruutuslinkki\u00e4 tai ohjeita.<\/p>\n<p class=\"ng-scope\"><strong>\u00a77. Lakien noudattaminen<\/strong><\/p>\n<p class=\"ng-scope\">Luovutamme asiakkaan henkil\u00f6kohtaisia tietoja, jos laki tai haaste niin vaatii tai jos uskomme, ett\u00e4 t\u00e4llainen toiminta on v\u00e4ltt\u00e4m\u00e4t\u00f6nt\u00e4 lain ja lainvalvontaviranomaisten kohtuullisten pyynt\u00f6jen noudattamiseksi tai palvelumme turvallisuuden tai eheyden suojaamiseksi.<\/p>\n<p class=\"ng-scope\"><strong>\u00a78. Liiketoiminta<\/strong><\/p>\n<p class=\"ng-scope\">Jos Teamdeck sp. z o.o. on mukana sulautumisessa, yrityskaupassa tai omaisuuden myynniss\u00e4, asiakkaiden henkil\u00f6tiedot voidaan siirt\u00e4\u00e4. Ilmoitamme asiasta ennen kuin asiakkaan henkil\u00f6tiedot siirret\u00e4\u00e4n ja niihin sovelletaan erilaista tietosuojak\u00e4yt\u00e4nt\u00f6\u00e4.<\/p>\n<p class=\"ng-scope\"><strong>\u00a79. Vakuus<\/strong><\/p>\n<p class=\"ng-scope\">Asiakkaiden henkil\u00f6kohtaisten tietojen turvallisuus on meille t\u00e4rke\u00e4\u00e4, mutta muista, ett\u00e4 mik\u00e4\u00e4n Internetin v\u00e4lityksell\u00e4 tapahtuva siirtomenetelm\u00e4 tai s\u00e4hk\u00f6inen tallennusmenetelm\u00e4 ei ole 100% turvallinen. Vaikka pyrimme k\u00e4ytt\u00e4m\u00e4\u00e4n kaupallisesti hyv\u00e4ksytt\u00e4vi\u00e4 keinoja asiakkaiden henkil\u00f6kohtaisten tietojen suojaamiseksi, emme voi taata niiden ehdotonta turvallisuutta.<\/p>\n<p class=\"ng-scope\"><strong>\u00a710.Kansainv\u00e4linen siirto<\/strong><\/p>\n<p class=\"ng-scope\">1. Asiakastietoja, mukaan lukien henkil\u00f6tiedot, saatetaan siirt\u00e4\u00e4 ja s\u00e4ilytt\u00e4\u00e4 tietokoneilla, jotka sijaitsevat osavaltiosi, maakuntasi, maasi tai muun valtion laink\u00e4ytt\u00f6alueen ulkopuolella, jossa tietosuojalains\u00e4\u00e4d\u00e4nt\u00f6 saattaa poiketa sinun laink\u00e4ytt\u00f6alueesi lains\u00e4\u00e4d\u00e4nn\u00f6st\u00e4.<\/p>\n<p class=\"ng-scope\">2. Jos asiakas sijaitsee Puolan ulkopuolella ja p\u00e4\u00e4tt\u00e4\u00e4 antaa meille tietoja, huomaa, ett\u00e4 siirr\u00e4mme tiedot, mukaan lukien henkil\u00f6tiedot, Puolaan ja k\u00e4sittelemme ne siell\u00e4.<\/p>\n<p class=\"ng-scope\">3. Asiakkaan suostumus t\u00e4h\u00e4n tietosuojak\u00e4yt\u00e4nt\u00f6\u00f6n ja sen j\u00e4lkeen asiakkaan toimittamat tiedot edustavat asiakkaan suostumusta t\u00e4h\u00e4n siirtoon ja asiakkaan suostumusta.<\/p>\n<p class=\"ng-scope\"><strong>\u00a711. Linkit muille sivustoille<\/strong><\/p>\n<p class=\"ng-scope\">1. Palvelumme voi sis\u00e4lt\u00e4\u00e4 linkkej\u00e4 muille sivustoille, joita me emme yll\u00e4pid\u00e4. Jos asiakas klikkaa kolmannen osapuolen linkki\u00e4, asiakas ohjataan kyseisen kolmannen osapuolen sivustolle. Kehotamme asiakasta tutustumaan jokaisen sivuston tietosuojak\u00e4yt\u00e4nt\u00f6\u00f6n, jossa asiakas vierailee.<\/p>\n<p class=\"ng-scope\">2. Meill\u00e4 ei ole m\u00e4\u00e4r\u00e4ysvaltaa, emmek\u00e4 ota vastuuta kolmansien osapuolten sivustojen tai palveluiden sis\u00e4ll\u00f6st\u00e4, tietosuojak\u00e4yt\u00e4nn\u00f6ist\u00e4 tai k\u00e4yt\u00e4nn\u00f6ist\u00e4.<\/p>\n<p class=\"ng-scope\"><strong>\u00a712. Lasten yksityisyys<\/strong><\/p>\n<p class=\"ng-scope\">1. Palvelumme ei ole tarkoitettu alle 13-vuotiaille (\"Lapset\").<\/p>\n<p class=\"ng-scope\">2. Emme tietoisesti ker\u00e4\u00e4 henkil\u00f6kohtaisesti tunnistettavia tietoja alle 13-vuotiailta lapsilta. Jos olet vanhempi tai huoltaja ja tied\u00e4t, ett\u00e4 lapsesi on antanut meille henkil\u00f6tietoja, ota meihin yhteytt\u00e4. Jos saamme tiet\u00e4\u00e4, ett\u00e4 olemme ker\u00e4nneet henkil\u00f6kohtaisia tietoja alle 13-vuotiailta lapsilta ilman vanhempien suostumuksen tarkistamista, ryhdymme toimiin poistaaksemme kyseiset tiedot palvelimiltamme.<\/p>\n<p class=\"ng-scope\"><strong>\u00a713. Muutokset t\u00e4h\u00e4n tietosuojak\u00e4yt\u00e4nt\u00f6\u00f6n<\/strong><\/p>\n<p class=\"ng-scope\">1. Saatamme p\u00e4ivitt\u00e4\u00e4 tietosuojak\u00e4yt\u00e4nt\u00f6\u00e4mme aika ajoin. Ilmoitamme asiakkaalle kaikista muutoksista julkaisemalla uuden tietosuojak\u00e4yt\u00e4nn\u00f6n t\u00e4ll\u00e4 sivulla.<\/p>\n<p class=\"ng-scope\">2. Asiakasta kehotetaan tarkistamaan t\u00e4m\u00e4 tietosuojak\u00e4yt\u00e4nt\u00f6 s\u00e4\u00e4nn\u00f6llisesti mahdollisten muutosten varalta. T\u00e4h\u00e4n tietosuojak\u00e4yt\u00e4nt\u00f6\u00f6n tehdyt muutokset tulevat voimaan, kun ne julkaistaan t\u00e4ll\u00e4 sivulla.<\/p>\n\n\t\t<\/div>\n\t<\/div>\n<div class=\"vc_empty_space\"   style=\"height: 32px\" ><span class=\"vc_empty_space_inner\"><\/span><\/div>\n<\/div><\/div><\/div><\/div>","protected":false},"excerpt":{"rendered":"Tietosuojak\u00e4yt\u00e4nt\u00f6 Viimeksi p\u00e4ivitetty: Teamdeck sp. z o.o. (\"me\", \"me\" tai \"meid\u00e4n\"), jonka kotipaikka on: Nowowiejskiego 55, 61-734 Pozna\u0144, Puola, NIP: 7831750055, REGON: 365865326, rekister\u00f6ity alueellisessa tuomioistuimessa Pozna\u0144 - Nowe...","protected":false},"author":17,"featured_media":0,"parent":0,"menu_order":0,"comment_status":"closed","ping_status":"closed","template":"","meta":{"footnotes":""},"class_list":["post-2853","page","type-page","status-publish","hentry"],"yoast_head":"<!-- This site is optimized with the Yoast SEO Premium plugin v23.8 (Yoast SEO v24.3) - https:\/\/yoast.com\/wordpress\/plugins\/seo\/ -->\n<title>Teamdeck - Privacy Policy<\/title>\n<meta name=\"description\" content=\"Teamdeck cares about your privacy and security of its service. Please, read the following privacy policy carefully.\" \/>\n<meta name=\"robots\" content=\"index, follow, max-snippet:-1, max-image-preview:large, max-video-preview:-1\" \/>\n<link rel=\"canonical\" href=\"https:\/\/teamdeck.io\/fi\/tietosuojakaytanto\/\" \/>\n<meta property=\"og:locale\" content=\"fi_FI\" \/>\n<meta property=\"og:type\" content=\"article\" \/>\n<meta property=\"og:title\" content=\"Teamdeck - Privacy Policy\" \/>\n<meta property=\"og:description\" content=\"Teamdeck cares about your privacy and security of its service. Please, read the following privacy policy carefully.\" \/>\n<meta property=\"og:url\" content=\"https:\/\/teamdeck.io\/fi\/tietosuojakaytanto\/\" \/>\n<meta property=\"og:site_name\" content=\"Teamdeck\" \/>\n<meta property=\"article:publisher\" content=\"https:\/\/www.facebook.com\/helloteamdeck\" \/>\n<meta property=\"article:modified_time\" content=\"2024-04-08T11:08:17+00:00\" \/>\n<meta property=\"og:image\" content=\"https:\/\/cdn.teamdeck.io\/uploads\/website\/2017\/09\/teamdeck-share.png\" \/>\n<meta name=\"twitter:card\" content=\"summary_large_image\" \/>\n<meta name=\"twitter:title\" content=\"Teamdeck - Privacy Policy\" \/>\n<meta name=\"twitter:description\" content=\"Teamdeck cares about your privacy and security of its service. Please, read the following privacy policy carefully.\" \/>\n<meta name=\"twitter:image\" content=\"https:\/\/cdn.teamdeck.io\/uploads\/website\/2017\/09\/teamdeck-share.png\" \/>\n<meta name=\"twitter:site\" content=\"@helloteamdeck\" \/>\n<meta name=\"twitter:label1\" content=\"Est. reading time\" \/>\n\t<meta name=\"twitter:data1\" content=\"6 minutes\" \/>\n<script type=\"application\/ld+json\" class=\"yoast-schema-graph\">{\"@context\":\"https:\/\/schema.org\",\"@graph\":[{\"@type\":\"WebPage\",\"@id\":\"https:\/\/teamdeck.io\/privacy-policy\/\",\"url\":\"https:\/\/teamdeck.io\/privacy-policy\/\",\"name\":\"Teamdeck - Privacy Policy\",\"isPartOf\":{\"@id\":\"https:\/\/teamdeck.io\/#website\"},\"datePublished\":\"2017-09-07T10:08:23+00:00\",\"dateModified\":\"2024-04-08T11:08:17+00:00\",\"description\":\"Teamdeck cares about your privacy and security of its service. Please, read the following privacy policy carefully.\",\"breadcrumb\":{\"@id\":\"https:\/\/teamdeck.io\/privacy-policy\/#breadcrumb\"},\"inLanguage\":\"fi\",\"potentialAction\":[{\"@type\":\"ReadAction\",\"target\":[\"https:\/\/teamdeck.io\/privacy-policy\/\"]}]},{\"@type\":\"BreadcrumbList\",\"@id\":\"https:\/\/teamdeck.io\/privacy-policy\/#breadcrumb\",\"itemListElement\":[{\"@type\":\"ListItem\",\"position\":1,\"name\":\"Home\",\"item\":\"https:\/\/teamdeck.io\/\"},{\"@type\":\"ListItem\",\"position\":2,\"name\":\"Privacy Policy\"}]},{\"@type\":\"WebSite\",\"@id\":\"https:\/\/teamdeck.io\/#website\",\"url\":\"https:\/\/teamdeck.io\/\",\"name\":\"Teamdeck\",\"description\":\"resource scheduling + time tracking + leave management\",\"potentialAction\":[{\"@type\":\"SearchAction\",\"target\":{\"@type\":\"EntryPoint\",\"urlTemplate\":\"https:\/\/teamdeck.io\/?s={search_term_string}\"},\"query-input\":{\"@type\":\"PropertyValueSpecification\",\"valueRequired\":true,\"valueName\":\"search_term_string\"}}],\"inLanguage\":\"fi\"}]}<\/script>\n<!-- \/ Yoast SEO Premium plugin. -->","yoast_head_json":{"title":"Teamdeck - Privacy Policy","description":"Teamdeck cares about your privacy and security of its service. Please, read the following privacy policy carefully.","robots":{"index":"index","follow":"follow","max-snippet":"max-snippet:-1","max-image-preview":"max-image-preview:large","max-video-preview":"max-video-preview:-1"},"canonical":"https:\/\/teamdeck.io\/fi\/tietosuojakaytanto\/","og_locale":"fi_FI","og_type":"article","og_title":"Teamdeck - Privacy Policy","og_description":"Teamdeck cares about your privacy and security of its service. Please, read the following privacy policy carefully.","og_url":"https:\/\/teamdeck.io\/fi\/tietosuojakaytanto\/","og_site_name":"Teamdeck","article_publisher":"https:\/\/www.facebook.com\/helloteamdeck","article_modified_time":"2024-04-08T11:08:17+00:00","og_image":[{"url":"https:\/\/cdn.teamdeck.io\/uploads\/website\/2017\/09\/teamdeck-share.png","type":"","width":"","height":""}],"twitter_card":"summary_large_image","twitter_title":"Teamdeck - Privacy Policy","twitter_description":"Teamdeck cares about your privacy and security of its service. Please, read the following privacy policy carefully.","twitter_image":"https:\/\/cdn.teamdeck.io\/uploads\/website\/2017\/09\/teamdeck-share.png","twitter_site":"@helloteamdeck","twitter_misc":{"Est. reading time":"6 minutes"},"schema":{"@context":"https:\/\/schema.org","@graph":[{"@type":"WebPage","@id":"https:\/\/teamdeck.io\/privacy-policy\/","url":"https:\/\/teamdeck.io\/privacy-policy\/","name":"Teamdeck - Privacy Policy","isPartOf":{"@id":"https:\/\/teamdeck.io\/#website"},"datePublished":"2017-09-07T10:08:23+00:00","dateModified":"2024-04-08T11:08:17+00:00","description":"Teamdeck cares about your privacy and security of its service. Please, read the following privacy policy carefully.","breadcrumb":{"@id":"https:\/\/teamdeck.io\/privacy-policy\/#breadcrumb"},"inLanguage":"fi","potentialAction":[{"@type":"ReadAction","target":["https:\/\/teamdeck.io\/privacy-policy\/"]}]},{"@type":"BreadcrumbList","@id":"https:\/\/teamdeck.io\/privacy-policy\/#breadcrumb","itemListElement":[{"@type":"ListItem","position":1,"name":"Home","item":"https:\/\/teamdeck.io\/"},{"@type":"ListItem","position":2,"name":"Privacy Policy"}]},{"@type":"WebSite","@id":"https:\/\/teamdeck.io\/#website","url":"https:\/\/teamdeck.io\/","name":"Teamdeck","description":"resource scheduling + time tracking + leave management","potentialAction":[{"@type":"SearchAction","target":{"@type":"EntryPoint","urlTemplate":"https:\/\/teamdeck.io\/?s={search_term_string}"},"query-input":{"@type":"PropertyValueSpecification","valueRequired":true,"valueName":"search_term_string"}}],"inLanguage":"fi"}]}},"_links":{"self":[{"href":"https:\/\/teamdeck.io\/fi\/wp-json\/wp\/v2\/pages\/2853","targetHints":{"allow":["GET"]}}],"collection":[{"href":"https:\/\/teamdeck.io\/fi\/wp-json\/wp\/v2\/pages"}],"about":[{"href":"https:\/\/teamdeck.io\/fi\/wp-json\/wp\/v2\/types\/page"}],"author":[{"embeddable":true,"href":"https:\/\/teamdeck.io\/fi\/wp-json\/wp\/v2\/users\/17"}],"replies":[{"embeddable":true,"href":"https:\/\/teamdeck.io\/fi\/wp-json\/wp\/v2\/comments?post=2853"}],"version-history":[{"count":15,"href":"https:\/\/teamdeck.io\/fi\/wp-json\/wp\/v2\/pages\/2853\/revisions"}],"predecessor-version":[{"id":12719,"href":"https:\/\/teamdeck.io\/fi\/wp-json\/wp\/v2\/pages\/2853\/revisions\/12719"}],"wp:attachment":[{"href":"https:\/\/teamdeck.io\/fi\/wp-json\/wp\/v2\/media?parent=2853"}],"curies":[{"name":"wp","href":"https:\/\/api.w.org\/{rel}","templated":true}]}}