{"id":2849,"date":"2017-09-07T11:34:10","date_gmt":"2017-09-07T09:34:10","guid":{"rendered":"https:\/\/teamdeck.io\/?page_id=2849"},"modified":"2024-10-17T10:30:32","modified_gmt":"2024-10-17T08:30:32","slug":"terms-and-conditions","status":"publish","type":"page","link":"https:\/\/teamdeck.io\/fi\/ehdot-ja-edellytykset\/","title":{"rendered":"Ehdot ja edellytykset"},"content":{"rendered":"<div class=\"vc_row wpb_row vc_row-fluid redl-row-section padding-default bgv-default bgh-default halign-default\"><div class=\"wpb_column vc_column_container text-left vc_col-sm-12 padding-default bgv-default bgh-default halign-default\"><div class=\"vc_column-inner\"><div class=\"wpb_wrapper\"><div class=\"vc_empty_space\"   style=\"height: 32px\" ><span class=\"vc_empty_space_inner\"><\/span><\/div>\n\n\t<div class=\"wpb_text_column wpb_content_element\" >\n\t\t<div class=\"wpb_wrapper\">\n\t\t\t<h1 class=\"ng-scope\" style=\"text-align: center;\">Ehdot (\"Ehdot\")<\/h1>\n\n\t\t<\/div>\n\t<\/div>\n<div class=\"vc_empty_space\"   style=\"height: 32px\" ><span class=\"vc_empty_space_inner\"><\/span><\/div>\n<\/div><\/div><\/div><\/div><div class=\"vc_row wpb_row vc_row-fluid redl-row-section padding-default bgv-default bgh-default halign-default\"><div class=\"wpb_column vc_column_container text-left vc_col-sm-12 padding-default bgv-default bgh-default halign-default\"><div class=\"vc_column-inner\"><div class=\"wpb_wrapper\">\n\t<div class=\"wpb_text_column wpb_content_element\" >\n\t\t<div class=\"wpb_wrapper\">\n\t\t\t<p><span style=\"font-weight: 400;\">Lue n\u00e4m\u00e4 k\u00e4ytt\u00f6ehdot (\"Ehdot\", \"K\u00e4ytt\u00f6ehdot\") huolellisesti ennen kuin k\u00e4yt\u00e4t https:\/\/teamdeck.io verkkosivustoa (\"Palvelu\"), jota yll\u00e4pit\u00e4\u00e4 Teamdeck sp. z o.o. (\"me\", \"me\", \"Teamdeck\" tai \"meid\u00e4n\"), jonka kotipaikka on: G\u00f3recka 1, 60-201 Pozna\u0144, Puola, NIP: 7831750055, REGON: 365865326, merkitty Pozna\u0144in Pozna\u0144-Nowe Miasto i Wilda -piirituomioistuimen (Pozna\u0144in piirituomioistuin, Pozna\u0144-Nowe Miasto i Wilda) yll\u00e4pit\u00e4m\u00e4\u00e4n valtakunnalliseen yritysrekisteriin, valtakunnallisen yritysrekisterin VIII kaupallinen osasto, KRS. 0000646426.<\/span><\/p>\n<p><span style=\"font-weight: 400;\">Asiakkaan p\u00e4\u00e4sy palveluun ja sen k\u00e4ytt\u00f6 edellytt\u00e4\u00e4, ett\u00e4 asiakas hyv\u00e4ksyy n\u00e4m\u00e4 ehdot ja noudattaa niit\u00e4. N\u00e4it\u00e4 ehtoja sovelletaan kaikkiin k\u00e4vij\u00f6ihin, k\u00e4ytt\u00e4jiin ja muihin henkil\u00f6ihin, jotka k\u00e4ytt\u00e4v\u00e4t Palvelua.<\/span><\/p>\n<p><span style=\"font-weight: 400;\">K\u00e4ytt\u00e4m\u00e4ll\u00e4 palvelua tai k\u00e4ytt\u00e4m\u00e4ll\u00e4 palvelua asiakas hyv\u00e4ksyy n\u00e4iden ehtojen noudattamisen. Jos asiakas on eri mielt\u00e4 jostakin ehtojen osasta, asiakas ei saa k\u00e4ytt\u00e4\u00e4 Palvelua.<\/span><\/p>\n<p class=\"ng-scope\"><strong>\u00a71. Tekniset vaatimukset<\/strong><\/p>\n<p class=\"ng-scope\">1. Asiakkaiden Teamdeck-ominaisuuksien k\u00e4ytt\u00f6\u00e4 koskevissa asioissa n\u00e4it\u00e4 ehtoja pidet\u00e4\u00e4n 18. hein\u00e4kuuta 2002 annetun s\u00e4hk\u00f6isten palvelujen tarjoamisesta annetun lain (vuoden 2002 lakikokoelman nro 144, kohta 1204, sellaisena kuin se on muutettuna) 8 \u00a7:ss\u00e4 mainittuina \"m\u00e4\u00e4r\u00e4yksin\u00e4\".<\/p>\n<p class=\"ng-scope\">2. Tekniset vaatimukset koskevat teknisi\u00e4 n\u00e4k\u00f6kohtia, jotka asiakkaan on t\u00e4ytett\u00e4v\u00e4 voidakseen k\u00e4ytt\u00e4\u00e4 Palvelua. Asiakkaan tulee k\u00e4ytt\u00e4\u00e4:<\/p>\n<ul class=\"ng-scope\">\n<li>Chrome (nykyinen versio)<\/li>\n<li>Mac \/ Windows<\/li>\n<li>8 GB RAM-MUISTIA<\/li>\n<li>Suoritin Intel Core i3 Gen 2 tai uudempi<\/li>\n<\/ul>\n<p>3.\u00a0<span style=\"font-weight: 400;\">Luodakseen uuden tilin asiakkaan on t\u00e4ytett\u00e4v\u00e4 lomake sek\u00e4 luettava ja hyv\u00e4ksytt\u00e4v\u00e4 k\u00e4ytt\u00f6ehtomme. Asiakas hyv\u00e4ksyy ehtomme merkitsem\u00e4ll\u00e4 valintaruudun \"Olen lukenut ja hyv\u00e4ksyn ehdot\". Asiakas voi my\u00f6s kirjautua sis\u00e4\u00e4n k\u00e4ytt\u00e4m\u00e4ll\u00e4 Podio-tili\u00e4 tai Google-sovelluksia. Laulaminen mainittujen palveluiden avulla tarkoittaa n\u00e4iden ehtojen hyv\u00e4ksymist\u00e4. \u00a0<\/span><\/p>\n<p class=\"ng-scope\"><strong>\u00a72. Tilaukset<\/strong><\/p>\n<p class=\"ng-scope\"><span style=\"font-weight: 400;\">1. Jotkin Palvelun osat laskutetaan tilausperusteisesti (\"Tilaus(t)\"). Sinua laskutetaan etuk\u00e4teen toistuvasti ja s\u00e4\u00e4nn\u00f6llisesti (\"Laskutusjakso\"). Laskutusjaksot asetetaan joko kuukausittain tai vuosittain sen mukaan, mink\u00e4 tyyppisen tilaussuunnitelman valitset Tilausta ostaessasi.<\/span><\/p>\n<p class=\"ng-scope\"><span style=\"font-weight: 400;\">2. Kunkin laskutusjakson lopussa asiakkaan tilaus uusitaan automaattisesti t\u00e4sm\u00e4lleen samoin ehdoin, ellei asiakas peruuta sit\u00e4 tai Teamdeck peruuta sit\u00e4. Asiakas voi peruuttaa tilauksensa uusimisen joko online-tilinhallintasivun kautta tai ottamalla yhteytt\u00e4 Teamdeckin asiakastukitiimiin.<\/span><\/p>\n<p><span style=\"font-weight: 400;\">Asiakastilauksen maksun k\u00e4sittelyyn tarvitaan voimassa oleva maksutapa, mukaan lukien luottokortti. Asiakkaan on toimitettava Teamdeckille tarkat ja t\u00e4ydelliset laskutustiedot, mukaan lukien t\u00e4ydellinen nimi, osoite, osavaltio, postinumero, puhelinnumero ja voimassa olevan maksutavan tiedot. Toimittamalla t\u00e4llaiset maksutiedot asiakas valtuuttaa automaattisesti Teamdeckin veloittamaan kaikki asiakkaan tilill\u00e4 syntyv\u00e4t tilausmaksut t\u00e4llaisilta maksuv\u00e4lineilt\u00e4.<\/span><\/p>\n<p><span style=\"font-weight: 400;\">3. Jos automaattinen laskutus ei jostain syyst\u00e4 onnistu, Teamdeck l\u00e4hett\u00e4\u00e4 s\u00e4hk\u00f6isen laskun, jossa ilmoitetaan, ett\u00e4 asiakkaan on suoritettava laskussa ilmoitettua laskutuskautta vastaava t\u00e4ysi maksu manuaalisesti tietyn m\u00e4\u00e4r\u00e4ajan kuluessa.<\/span><\/p>\n<p class=\"ng-scope\"><strong>\u00a73. Ilmainen kokeilu<\/strong><\/p>\n<p class=\"ng-scope\"><span style=\"font-weight: 400;\">1. Teamdeck. voi oman harkintansa mukaan tarjota Tilauksen ilmaisen kokeilujakson rajoitetuksi ajaksi (\"Ilmainen kokeilujakso\").<\/span><\/p>\n<p class=\"ng-scope\"><span style=\"font-weight: 400;\">2. Asiakasta saatetaan vaatia sy\u00f6tt\u00e4m\u00e4\u00e4n laskutustietonsa ja antamaan voimassa oleva matkapuhelinnumero, jotta h\u00e4n voi rekister\u00f6ity\u00e4 ilmaiseen kokeilujaksoon.<\/p>\n<p>Annettua matkapuhelinnumeroa k\u00e4ytet\u00e4\u00e4n tilin vahvistamiseen ja ilmaiseen kokeilujaksoon ja sit\u00e4 seuraavaan tilaukseen liittyv\u00e4\u00e4n viestint\u00e4\u00e4n.<\/p>\n<p>Jos asiakas sy\u00f6tt\u00e4\u00e4 laskutustietonsa ilmaiskokeiluun kirjautuessaan, Teamdeck ei veloita h\u00e4nt\u00e4 ennen kuin ilmaiskokeilun voimassaoloaika on p\u00e4\u00e4ttynyt. Ilmaisen kokeilujakson viimeisen\u00e4 p\u00e4iv\u00e4n\u00e4, ellei asiakas peruuta tilaustaan, h\u00e4nelt\u00e4 veloitetaan automaattisesti valitun tilaustyypin mukaiset tilausmaksut.<\/span><\/p>\n<p><span style=\"font-weight: 400;\">3. Teamdeck pid\u00e4tt\u00e4\u00e4 oikeuden milloin tahansa ja ilman ennakkoilmoitusta (i) muuttaa ilmaisen kokeilutarjouksen ehtoja tai (ii) peruuttaa ilmaisen kokeilutarjouksen.<\/span><\/p>\n<p class=\"ng-scope\"><strong>\u00a74. Maksujen muutokset<\/strong><\/p>\n<p class=\"ng-scope\"><span style=\"font-weight: 400;\">1. Teamdeck voi oman harkintansa mukaan ja milloin tahansa muuttaa Tilausten tilausmaksuja. Mik\u00e4 tahansa tilausmaksun muutos tulee voimaan kulloinkin voimassa olevan laskutusjakson lopussa.<\/span><\/p>\n<p class=\"ng-scope\"><span style=\"font-weight: 400;\">2. Teamdeck ilmoittaa asiakkaalle kohtuullisen ajoissa kaikista tilausmaksujen muutoksista, jotta asiakkaalla on mahdollisuus irtisanoa asiakkaan tilaus ennen muutoksen voimaantuloa.<\/span><\/p>\n<p class=\"ng-scope\"><span style=\"font-weight: 400;\">3. Jos asiakas jatkaa Palvelun k\u00e4ytt\u00f6\u00e4 sen j\u00e4lkeen, kun tilausmaksun muutos on tullut voimaan, se merkitsee asiakkaan suostumusta maksaa muutettu tilausmaksun m\u00e4\u00e4r\u00e4.<\/span><\/p>\n<p class=\"ng-scope\"><strong>\u00a75. Palautukset<\/strong><\/p>\n<p><span style=\"font-weight: 400;\">Teamdeck voi tapauskohtaisesti harkita tiettyj\u00e4 Tilauksia koskevia hyvityspyynt\u00f6j\u00e4 ja my\u00f6nt\u00e4\u00e4 ne Teamdeckin yksinomaisen harkinnan mukaan.<\/span><\/p>\n<p class=\"ng-scope\"><strong>\u00a76. Tilit<\/strong><\/p>\n<p class=\"ng-scope\"><span style=\"font-weight: 400;\">1. Kun asiakas luo meille tilin, h\u00e4nen on annettava meille aina oikeat, t\u00e4ydelliset ja ajantasaiset tiedot. T\u00e4m\u00e4n laiminly\u00f6nti on Ehtojen rikkominen, joka voi johtaa asiakkaan Palvelumme tilin v\u00e4litt\u00f6m\u00e4\u00e4n irtisanomiseen.<\/span><\/p>\n<p class=\"ng-scope\"><span style=\"font-weight: 400;\">2. Asiakas on vastuussa siit\u00e4, ett\u00e4 h\u00e4n suojelee salasanaa, jolla h\u00e4n k\u00e4ytt\u00e4\u00e4 Palvelua, sek\u00e4 kaikista salasanallaan suoritettavista toimista ja toimenpiteist\u00e4 riippumatta siit\u00e4, onko h\u00e4nen salasanansa meid\u00e4n Palvelussamme vai kolmannen osapuolen palvelussa.<\/span><\/p>\n<p class=\"ng-scope\"><span style=\"font-weight: 400;\">3. Asiakas sitoutuu olemaan luovuttamatta salasanaansa kolmannelle osapuolelle. Asiakkaan on ilmoitettava meille v\u00e4litt\u00f6m\u00e4sti, kun h\u00e4n saa tiet\u00e4\u00e4 tietoturvaloukkauksesta tai tilins\u00e4 luvattomasta k\u00e4yt\u00f6st\u00e4.<\/span><\/p>\n<p class=\"ng-scope\"><span style=\"font-weight: 400;\">4. Asiakas ei saa k\u00e4ytt\u00e4\u00e4 k\u00e4ytt\u00e4j\u00e4tunnuksena toisen henkil\u00f6n tai yhteis\u00f6n nime\u00e4 tai nime\u00e4, joka ei ole laillisesti k\u00e4ytett\u00e4viss\u00e4, nime\u00e4 tai tavaramerkki\u00e4, joka on jonkin muun henkil\u00f6n tai yhteis\u00f6n kuin asiakkaan oikeuksien alainen ilman asianmukaista lupaa, tai nime\u00e4, joka on muuten loukkaava, mauton tai s\u00e4\u00e4dyt\u00f6n.<\/span><\/p>\n<p class=\"ng-scope\"><strong>\u00a77. Henkinen omaisuus<\/strong><\/p>\n<p><span style=\"font-weight: 400;\">Palvelu ja sen alkuper\u00e4inen sis\u00e4lt\u00f6, ominaisuudet ja toiminnot ovat ja pysyv\u00e4t Teamdeckin ja sen lisenssinantajien yksinomaisena omaisuutena. Palvelu on suojattu sek\u00e4 Puolan ett\u00e4 muiden maiden tekij\u00e4noikeus-, tavaramerkki- ja muilla laeilla. Tavaramerkkej\u00e4mme ja tavaramerkkej\u00e4mme ei saa k\u00e4ytt\u00e4\u00e4 mink\u00e4\u00e4n tuotteen tai palvelun yhteydess\u00e4 ilman Teamdeckin etuk\u00e4teen antamaa kirjallista suostumusta.<\/span><\/p>\n<p class=\"ng-scope\"><strong>\u00a78. Linkit muihin verkkosivustoihin<\/strong><\/p>\n<p class=\"ng-scope\"><span style=\"font-weight: 400;\">1. Palvelumme voi sis\u00e4lt\u00e4\u00e4 linkkej\u00e4 kolmansien osapuolten verkkosivustoille tai palveluihin, jotka eiv\u00e4t ole Teamdeckin omistuksessa tai valvonnassa.<\/span><\/p>\n<p class=\"ng-scope\"><span style=\"font-weight: 400;\">2. Teamdeck ei valvo eik\u00e4 ota vastuuta kolmansien osapuolten verkkosivustojen tai palveluiden sis\u00e4ll\u00f6st\u00e4, tietosuojak\u00e4yt\u00e4nn\u00f6ist\u00e4 tai k\u00e4yt\u00e4nn\u00f6ist\u00e4. Asiakas tunnustaa ja hyv\u00e4ksyy lis\u00e4ksi, ett\u00e4 Teamdeck ei ole suoraan tai v\u00e4lillisesti vastuussa mist\u00e4\u00e4n vahingosta tai menetyksest\u00e4, joka on aiheutunut tai jonka v\u00e4itet\u00e4\u00e4n aiheutuneen tai joka liittyy t\u00e4llaisen sis\u00e4ll\u00f6n, tavaroiden tai palveluiden k\u00e4ytt\u00f6\u00f6n tai niihin luottamiseen, jotka ovat saatavilla t\u00e4llaisilla verkkosivustoilla tai palveluissa tai niiden kautta.<\/span><\/p>\n<p class=\"ng-scope\"><span style=\"font-weight: 400;\">3. Kehotamme asiakasta lukemaan kaikkien kolmansien osapuolten verkkosivustojen tai palveluiden ehdot ja tietosuojak\u00e4yt\u00e4nn\u00f6t, joita asiakas vierailee.<\/span><\/p>\n<p class=\"ng-scope\"><strong>\u00a79. Irtisanominen<\/strong><\/p>\n<p class=\"ng-scope\"><span style=\"font-weight: 400;\">1. Voimme irtisanoa tai keskeytt\u00e4\u00e4 asiakastilin v\u00e4litt\u00f6m\u00e4sti ilman ennakkoilmoitusta tai vastuuta mist\u00e4 tahansa syyst\u00e4, mukaan lukien rajoituksetta, jos asiakas rikkoo ehtoja.<\/span><\/p>\n<p class=\"ng-scope\"><span style=\"font-weight: 400;\">2. Irtisanomisen yhteydess\u00e4 Asiakkaan oikeus k\u00e4ytt\u00e4\u00e4 Palvelua lakkaa v\u00e4litt\u00f6m\u00e4sti. Jos asiakas haluaa lopettaa tilins\u00e4, h\u00e4n voi yksinkertaisesti lopettaa Palvelun k\u00e4yt\u00f6n.<\/span><\/p>\n<p class=\"ng-scope\"><strong>\u00a710. Vastuun rajoittaminen<\/strong><\/p>\n<p><span style=\"font-weight: 400;\">Teamdeck tai sen johtajat, ty\u00f6ntekij\u00e4t, yhteisty\u00f6kumppanit, edustajat, toimittajat tai tyt\u00e4ryhti\u00f6t eiv\u00e4t miss\u00e4\u00e4n tapauksessa ole vastuussa mist\u00e4\u00e4n ep\u00e4suorista, satunnaisista, erityisist\u00e4, v\u00e4lillisist\u00e4 tai rangaistusluonteisista vahingoista, mukaan lukien rajoituksetta voittojen, tietojen, k\u00e4yt\u00f6n, liikearvon tai muiden aineettomien menetysten menetykset, jotka johtuvat (i) Palveluun p\u00e4\u00e4syst\u00e4si tai sen k\u00e4yt\u00f6st\u00e4 tai kyvytt\u00f6myydest\u00e4 p\u00e4\u00e4st\u00e4 palveluun tai k\u00e4ytt\u00e4\u00e4 sit\u00e4; (ii) mink\u00e4 tahansa kolmannen osapuolen k\u00e4ytt\u00e4ytymisest\u00e4 tai sis\u00e4ll\u00f6st\u00e4 palvelussa; (iii) mist\u00e4 tahansa Palvelusta saadusta sis\u00e4ll\u00f6st\u00e4; ja (iv) l\u00e4hetystesi tai sis\u00e4lt\u00f6si luvattomasta p\u00e4\u00e4syst\u00e4, k\u00e4yt\u00f6st\u00e4 tai muuttamisesta, riippumatta siit\u00e4, perustuuko se takuuseen, sopimukseen, vahingonkorvaukseen (mukaan lukien huolimattomuus) tai muuhun oikeudelliseen teoriaan, riippumatta siit\u00e4, onko meille ilmoitettu t\u00e4llaisten vahinkojen mahdollisuudesta, ja vaikka t\u00e4ss\u00e4 esitetyn korjaustoimenpiteen todetaan ep\u00e4onnistuneen olennaisessa tarkoituksessaan.<\/span><\/p>\n<p class=\"ng-scope\"><strong>\u00a711. Vastuuvapauslauseke<\/strong><\/p>\n<p class=\"ng-scope\"><span style=\"font-weight: 400;\">1. Palvelun k\u00e4ytt\u00f6 on omalla vastuullasi. Palvelu tarjotaan \"SELLAISENA kuin se on\" ja \"SELLAISENA kuin se on saatavilla\". Palvelu tarjotaan ilman mink\u00e4\u00e4nlaisia takuita, olivatpa ne sitten nimenomaisia tai ep\u00e4suoria, mukaan lukien, mutta ei rajoittuen, implisiittiset takuut kaupallisuudesta, soveltuvuudesta tiettyyn tarkoitukseen, loukkaamattomuudesta tai suorituksen kulusta.<\/span><\/p>\n<p class=\"ng-scope\"><span style=\"font-weight: 400;\">2. Teamdeck, sen tyt\u00e4ryhti\u00f6t, osakkuusyhti\u00f6t ja lisenssinantajat eiv\u00e4t takaa, ett\u00e4 a) Palvelu toimii keskeytyksett\u00e4, turvallisesti tai on k\u00e4ytett\u00e4viss\u00e4 tiettyn\u00e4 aikana tai tietyss\u00e4 paikassa; b) virheet tai puutteet korjataan; c) Palvelu ei sis\u00e4ll\u00e4 viruksia tai muita haitallisia komponentteja; tai d) Palvelun k\u00e4yt\u00f6n tulokset vastaavat k\u00e4ytt\u00e4j\u00e4n vaatimuksia.<\/span><\/p>\n<p class=\"ng-scope\"><strong>\u00a712. Sovellettava laki<\/strong><\/p>\n<p class=\"ng-scope\"><span style=\"font-weight: 400;\">1. N\u00e4ihin ehtoihin sovelletaan ja niit\u00e4 tulkitaan Puolan lakia, ottamatta huomioon sen lainvalintas\u00e4\u00e4nn\u00f6ksi\u00e4.<\/span><\/p>\n<p class=\"ng-scope\"><span style=\"font-weight: 400;\">2. Jos emme pane t\u00e4yt\u00e4nt\u00f6\u00f6n mit\u00e4\u00e4n n\u00e4iden ehtojen oikeutta tai ehtoa, sit\u00e4 ei pidet\u00e4 luopumisena kyseisist\u00e4 oikeuksista. Jos jokin n\u00e4iden Ehtojen m\u00e4\u00e4r\u00e4ys todetaan tuomioistuimen toimesta p\u00e4tem\u00e4tt\u00f6m\u00e4ksi tai t\u00e4yt\u00e4nt\u00f6\u00f6npanokelvottomaksi, n\u00e4iden Ehtojen muut m\u00e4\u00e4r\u00e4ykset pysyv\u00e4t voimassa. N\u00e4m\u00e4 Ehdot muodostavat koko palvelua koskevan sopimuksemme, ja ne korvaavat kaikki aiemmat palvelua koskevat sopimukset, joita meill\u00e4 on mahdollisesti ollut kesken\u00e4mme.<\/span><\/p>\n<p class=\"ng-scope\"><strong>\u00a713. Muutokset<\/strong><\/p>\n<p class=\"ng-scope\"><span style=\"font-weight: 400;\">1. Pid\u00e4t\u00e4mme oikeuden oman harkintamme mukaan muuttaa tai korvata n\u00e4m\u00e4 ehdot milloin tahansa. Jos muutos on olennainen, pyrimme ilmoittamaan siit\u00e4 v\u00e4hint\u00e4\u00e4n 30 p\u00e4iv\u00e4\u00e4 ennen uusien ehtojen voimaantuloa. Se, mik\u00e4 on olennainen muutos, m\u00e4\u00e4ritet\u00e4\u00e4n oman harkintamme mukaan.<\/span><\/p>\n<p class=\"ng-scope\"><span style=\"font-weight: 400;\">2. Jatkamalla Palvelun k\u00e4ytt\u00f6\u00e4 n\u00e4iden tarkistusten voimaantulon j\u00e4lkeen hyv\u00e4ksyt, ett\u00e4 tarkistetut ehdot sitovat sinua. Jos et hyv\u00e4ksy uusia ehtoja, lopeta Palvelun k\u00e4ytt\u00f6.<\/span><\/p>\n<p class=\"ng-scope\"><strong>\u00a714. Henkil\u00f6tiedot<\/strong><\/p>\n<p class=\"ng-scope\"><span style=\"font-weight: 400;\">1. Rekister\u00f6itym\u00e4ll\u00e4 ja k\u00e4ytt\u00e4m\u00e4ll\u00e4 Palvelua Asiakas antaa henkil\u00f6tietonsa vapaaehtoisesti, jolloin niiden antaminen on v\u00e4ltt\u00e4m\u00e4t\u00f6nt\u00e4 Palvelun k\u00e4ytt\u00e4miseksi ja asiakastilin luomiseksi. Edell\u00e4 mainittujen tietojen k\u00e4sittely tapahtuu asiakkaan pyynn\u00f6st\u00e4 ja asiakkaan suostumuksella.<\/span><\/p>\n<p class=\"ng-scope\"><span style=\"font-weight: 400;\">2. Teamdeck k\u00e4sittelee henkil\u00f6tietoja vain siin\u00e4 m\u00e4\u00e4rin kuin on tarpeen Teamdeckin tarjoamien palvelujen asianmukaisen k\u00e4yt\u00f6n mahdollistamiseksi ja markkinointitarkoituksiin, jos asiakas haluaa saada uutiskirjepalvelun. Henkil\u00f6tietoja k\u00e4sitell\u00e4\u00e4n sovellettavan lains\u00e4\u00e4d\u00e4nn\u00f6n mukaisesti, mukaan lukien Euroopan parlamentin ja neuvoston asetus (EU) 2016\/679, annettu 27 p\u00e4iv\u00e4n\u00e4 huhtikuuta 2016, yksil\u00f6iden suojelusta henkil\u00f6tietojen k\u00e4sittelyss\u00e4 ja n\u00e4iden tietojen vapaasta liikkuvuudesta sek\u00e4 direktiivin 95\/46\/EY kumoamisesta (yleinen tietosuoja-asetus).<\/span><\/p>\n<p class=\"ng-scope\"><span style=\"font-weight: 400;\">3. Yksityiskohtaiset tiedot henkil\u00f6tietojen k\u00e4sittelyn laajuudesta ja tarkoituksesta sek\u00e4 k\u00e4ytt\u00e4j\u00e4n oikeuksista l\u00f6ytyv\u00e4t tietosuojaselosteesta (yleisen tietosuoja-asetuksen 13 artiklan 1, 2 ja 4 kohdan mukaisesti), joka on erillinen asiakirja, joka on saatavissa osoitteessa osoitteessa\u00a0<a href=\"https:\/\/teamdeck.io\/fi\/tietosuojaa-koskevat-tiedot\/\">https:\/\/teamdeck.io\/data-protection-information\/<\/a> ja tietosuojak\u00e4yt\u00e4nt\u00f6mme, joka on erillinen asiakirja, joka on saatavissa osoitteessa osoitteessa\u00a0<a href=\"https:\/\/teamdeck.io\/fi\/tietosuojapolitiikka\/\">https:\/\/teamdeck.io\/data-protection-policy\/<\/a> .<\/span><\/p>\n<p>4. ILMAISEN KOKEILUjakson aikana k\u00e4ytt\u00e4j\u00e4n tietoja, mukaan lukien annettua puhelinnumeroa, k\u00e4ytet\u00e4\u00e4n tukemaan k\u00e4ytt\u00e4ji\u00e4 Teamdeckin k\u00e4yt\u00f6ss\u00e4, sis\u00e4\u00e4nkirjautumisessa, tiedottamisessa Teamdeckin (uusista) ominaisuuksista ja p\u00e4ivityksist\u00e4\/parannuksista, tuotteista sek\u00e4 tarvittaessa tilitilannetta ja laskutusta koskevissa tiedoissa sek\u00e4 asiakaskyselyjen tekemiseen palvelun laadun parantamiseksi. T\u00e4t\u00e4 tarkoitusta varten Teamdeck voi ottaa yhteytt\u00e4 k\u00e4ytt\u00e4jiin s\u00e4hk\u00f6postitse tai annetun puhelinnumeron kautta.<\/p>\n\n\t\t<\/div>\n\t<\/div>\n<div class=\"vc_empty_space\"   style=\"height: 32px\" ><span class=\"vc_empty_space_inner\"><\/span><\/div>\n<\/div><\/div><\/div><\/div>","protected":false},"excerpt":{"rendered":"K\u00e4ytt\u00f6ehdot (\"Ehdot\") Lue n\u00e4m\u00e4 k\u00e4ytt\u00f6ehdot (\"Ehdot\", \"K\u00e4ytt\u00f6ehdot\") huolellisesti ennen kuin k\u00e4yt\u00e4t https:\/\/teamdeck.io verkkosivustoa (\"Palvelu\"), jota yll\u00e4pit\u00e4\u00e4 Teamdeck sp. z o.o. (\"me\", \"me\", \"Teamdeck\" tai \"meid\u00e4n\"), jonka kotipaikka on...","protected":false},"author":17,"featured_media":0,"parent":0,"menu_order":0,"comment_status":"closed","ping_status":"closed","template":"","meta":{"footnotes":""},"class_list":["post-2849","page","type-page","status-publish","hentry"],"yoast_head":"<!-- This site is optimized with the Yoast SEO Premium plugin v23.8 (Yoast SEO v24.3) - https:\/\/yoast.com\/wordpress\/plugins\/seo\/ -->\n<title>Teamdeck - Terms and Conditions<\/title>\n<meta name=\"description\" content=\"If you are Teamdeck\u2019s new user, please read the following Terms and Conditions carefully. By accessing or using the Service you agree to these Terms.\" \/>\n<meta name=\"robots\" content=\"index, follow, max-snippet:-1, max-image-preview:large, max-video-preview:-1\" \/>\n<link rel=\"canonical\" href=\"https:\/\/teamdeck.io\/fi\/ehdot-ja-edellytykset\/\" \/>\n<meta property=\"og:locale\" content=\"fi_FI\" \/>\n<meta property=\"og:type\" content=\"article\" \/>\n<meta property=\"og:title\" content=\"Teamdeck - Terms and Conditions\" \/>\n<meta property=\"og:description\" content=\"If you are Teamdeck\u2019s new user, please read the following Terms and Conditions carefully. By accessing or using the Service you agree to these Terms.\" \/>\n<meta property=\"og:url\" content=\"https:\/\/teamdeck.io\/fi\/ehdot-ja-edellytykset\/\" \/>\n<meta property=\"og:site_name\" content=\"Teamdeck\" \/>\n<meta property=\"article:publisher\" content=\"https:\/\/www.facebook.com\/helloteamdeck\" \/>\n<meta property=\"article:modified_time\" content=\"2024-10-17T08:30:32+00:00\" \/>\n<meta property=\"og:image\" content=\"https:\/\/cdn.teamdeck.io\/uploads\/website\/2017\/09\/teamdeck-share.png\" \/>\n<meta name=\"twitter:card\" content=\"summary_large_image\" \/>\n<meta name=\"twitter:title\" content=\"Teamdeck - Terms and Conditions\" \/>\n<meta name=\"twitter:description\" content=\"If you are Teamdeck\u2019s new user, please read the following Terms and Conditions carefully. By accessing or using the Service you agree to these Terms.\" \/>\n<meta name=\"twitter:image\" content=\"https:\/\/cdn.teamdeck.io\/uploads\/website\/2017\/09\/teamdeck-share.png\" \/>\n<meta name=\"twitter:site\" content=\"@helloteamdeck\" \/>\n<meta name=\"twitter:label1\" content=\"Est. reading time\" \/>\n\t<meta name=\"twitter:data1\" content=\"9 minutes\" \/>\n<script type=\"application\/ld+json\" class=\"yoast-schema-graph\">{\"@context\":\"https:\/\/schema.org\",\"@graph\":[{\"@type\":\"WebPage\",\"@id\":\"https:\/\/teamdeck.io\/terms-and-conditions\/\",\"url\":\"https:\/\/teamdeck.io\/terms-and-conditions\/\",\"name\":\"Teamdeck - Terms and Conditions\",\"isPartOf\":{\"@id\":\"https:\/\/teamdeck.io\/#website\"},\"datePublished\":\"2017-09-07T09:34:10+00:00\",\"dateModified\":\"2024-10-17T08:30:32+00:00\",\"description\":\"If you are Teamdeck\u2019s new user, please read the following Terms and Conditions carefully. By accessing or using the Service you agree to these Terms.\",\"breadcrumb\":{\"@id\":\"https:\/\/teamdeck.io\/terms-and-conditions\/#breadcrumb\"},\"inLanguage\":\"fi\",\"potentialAction\":[{\"@type\":\"ReadAction\",\"target\":[\"https:\/\/teamdeck.io\/terms-and-conditions\/\"]}]},{\"@type\":\"BreadcrumbList\",\"@id\":\"https:\/\/teamdeck.io\/terms-and-conditions\/#breadcrumb\",\"itemListElement\":[{\"@type\":\"ListItem\",\"position\":1,\"name\":\"Home\",\"item\":\"https:\/\/teamdeck.io\/\"},{\"@type\":\"ListItem\",\"position\":2,\"name\":\"Terms and Conditions\"}]},{\"@type\":\"WebSite\",\"@id\":\"https:\/\/teamdeck.io\/#website\",\"url\":\"https:\/\/teamdeck.io\/\",\"name\":\"Teamdeck\",\"description\":\"resource scheduling + time tracking + leave management\",\"potentialAction\":[{\"@type\":\"SearchAction\",\"target\":{\"@type\":\"EntryPoint\",\"urlTemplate\":\"https:\/\/teamdeck.io\/?s={search_term_string}\"},\"query-input\":{\"@type\":\"PropertyValueSpecification\",\"valueRequired\":true,\"valueName\":\"search_term_string\"}}],\"inLanguage\":\"fi\"}]}<\/script>\n<!-- \/ Yoast SEO Premium plugin. -->","yoast_head_json":{"title":"Teamdeck - Terms and Conditions","description":"If you are Teamdeck\u2019s new user, please read the following Terms and Conditions carefully. By accessing or using the Service you agree to these Terms.","robots":{"index":"index","follow":"follow","max-snippet":"max-snippet:-1","max-image-preview":"max-image-preview:large","max-video-preview":"max-video-preview:-1"},"canonical":"https:\/\/teamdeck.io\/fi\/ehdot-ja-edellytykset\/","og_locale":"fi_FI","og_type":"article","og_title":"Teamdeck - Terms and Conditions","og_description":"If you are Teamdeck\u2019s new user, please read the following Terms and Conditions carefully. By accessing or using the Service you agree to these Terms.","og_url":"https:\/\/teamdeck.io\/fi\/ehdot-ja-edellytykset\/","og_site_name":"Teamdeck","article_publisher":"https:\/\/www.facebook.com\/helloteamdeck","article_modified_time":"2024-10-17T08:30:32+00:00","og_image":[{"url":"https:\/\/cdn.teamdeck.io\/uploads\/website\/2017\/09\/teamdeck-share.png","type":"","width":"","height":""}],"twitter_card":"summary_large_image","twitter_title":"Teamdeck - Terms and Conditions","twitter_description":"If you are Teamdeck\u2019s new user, please read the following Terms and Conditions carefully. By accessing or using the Service you agree to these Terms.","twitter_image":"https:\/\/cdn.teamdeck.io\/uploads\/website\/2017\/09\/teamdeck-share.png","twitter_site":"@helloteamdeck","twitter_misc":{"Est. reading time":"9 minutes"},"schema":{"@context":"https:\/\/schema.org","@graph":[{"@type":"WebPage","@id":"https:\/\/teamdeck.io\/terms-and-conditions\/","url":"https:\/\/teamdeck.io\/terms-and-conditions\/","name":"Teamdeck - Terms and Conditions","isPartOf":{"@id":"https:\/\/teamdeck.io\/#website"},"datePublished":"2017-09-07T09:34:10+00:00","dateModified":"2024-10-17T08:30:32+00:00","description":"If you are Teamdeck\u2019s new user, please read the following Terms and Conditions carefully. By accessing or using the Service you agree to these Terms.","breadcrumb":{"@id":"https:\/\/teamdeck.io\/terms-and-conditions\/#breadcrumb"},"inLanguage":"fi","potentialAction":[{"@type":"ReadAction","target":["https:\/\/teamdeck.io\/terms-and-conditions\/"]}]},{"@type":"BreadcrumbList","@id":"https:\/\/teamdeck.io\/terms-and-conditions\/#breadcrumb","itemListElement":[{"@type":"ListItem","position":1,"name":"Home","item":"https:\/\/teamdeck.io\/"},{"@type":"ListItem","position":2,"name":"Terms and Conditions"}]},{"@type":"WebSite","@id":"https:\/\/teamdeck.io\/#website","url":"https:\/\/teamdeck.io\/","name":"Teamdeck","description":"resource scheduling + time tracking + leave management","potentialAction":[{"@type":"SearchAction","target":{"@type":"EntryPoint","urlTemplate":"https:\/\/teamdeck.io\/?s={search_term_string}"},"query-input":{"@type":"PropertyValueSpecification","valueRequired":true,"valueName":"search_term_string"}}],"inLanguage":"fi"}]}},"_links":{"self":[{"href":"https:\/\/teamdeck.io\/fi\/wp-json\/wp\/v2\/pages\/2849","targetHints":{"allow":["GET"]}}],"collection":[{"href":"https:\/\/teamdeck.io\/fi\/wp-json\/wp\/v2\/pages"}],"about":[{"href":"https:\/\/teamdeck.io\/fi\/wp-json\/wp\/v2\/types\/page"}],"author":[{"embeddable":true,"href":"https:\/\/teamdeck.io\/fi\/wp-json\/wp\/v2\/users\/17"}],"replies":[{"embeddable":true,"href":"https:\/\/teamdeck.io\/fi\/wp-json\/wp\/v2\/comments?post=2849"}],"version-history":[{"count":7,"href":"https:\/\/teamdeck.io\/fi\/wp-json\/wp\/v2\/pages\/2849\/revisions"}],"predecessor-version":[{"id":13398,"href":"https:\/\/teamdeck.io\/fi\/wp-json\/wp\/v2\/pages\/2849\/revisions\/13398"}],"wp:attachment":[{"href":"https:\/\/teamdeck.io\/fi\/wp-json\/wp\/v2\/media?parent=2849"}],"curies":[{"name":"wp","href":"https:\/\/api.w.org\/{rel}","templated":true}]}}