{"id":12549,"date":"2023-12-06T10:47:54","date_gmt":"2023-12-06T08:47:54","guid":{"rendered":"https:\/\/teamdeck.io\/?page_id=12549"},"modified":"2023-12-06T16:09:05","modified_gmt":"2023-12-06T14:09:05","slug":"account-removal","status":"publish","type":"page","link":"https:\/\/teamdeck.io\/fi\/tilin-poistaminen\/","title":{"rendered":"Tilin poistaminen"},"content":{"rendered":"<p>\u00a0<\/p>\n<p>\u00a0<\/p>\n<p>\u00a0<\/p>\n<p>Ymm\u00e4rr\u00e4mme, ett\u00e4 olosuhteet muuttuvat, ja niin muuttuvat my\u00f6s mieltymykset. Jos olet p\u00e4\u00e4tt\u00e4nyt, ett\u00e4 on aika erota meist\u00e4, autamme sinua tilinpoistoprosessissa. Seuraa alla olevia yksinkertaisia ohjeita k\u00e4ynnist\u00e4\u00e4ksesi tilin poistopyynt\u00f6si:<\/p>\n<p>\u00a0<\/p>\n<h2>Vaihe 1: Laadi s\u00e4hk\u00f6postiviesti<\/h2>\n<p>Avaa haluamasi s\u00e4hk\u00f6postiohjelma ja luo uusi viesti. Osoita se osoitteeseen contact@teamdeck.io. K\u00e4yt\u00e4 otsikkorivi\u00e4: \"Tilin poistopyynt\u00f6 - [k\u00e4ytt\u00e4j\u00e4nimesi]\".<\/p>\n<p>\u00a0<\/p>\n<h2>Vaihe 2: Sis\u00e4llyt\u00e4 tarvittavat tiedot<\/h2>\n<p>Ilmoita s\u00e4hk\u00f6postin tekstiss\u00e4 seuraavat tiedot sujuvan prosessin varmistamiseksi:<\/p>\n<p>Rekister\u00f6ity t\u00e4ydellinen nimesi<br \/>Rekister\u00f6ity s\u00e4hk\u00f6postiosoite<br \/>Syy tilin poistamiseen (vapaaehtoinen, mutta tervetullut jatkuvan parantamisemme vuoksi).<\/p>\n<p>\u00a0<\/p>\n<h2>Vaihe 3: Varmista henkil\u00f6llisyytesi<\/h2>\n<p>Tilisi turvallisuuden varmistamiseksi liit\u00e4 mukaan skannattu kopio valtion my\u00f6nt\u00e4m\u00e4st\u00e4 henkil\u00f6llisyystodistuksesta tai muusta henkil\u00f6llisyytesi vahvistavasta asiakirjasta. T\u00e4m\u00e4 vaihe on ratkaisevan t\u00e4rke\u00e4 tilisi suojaamiseksi luvattomalta poistamiselta.<\/p>\n<p>\u00a0<\/p>\n<h2>Vaihe 4: L\u00e4het\u00e4 ja odota vahvistusta<\/h2>\n<p>Kun olet koonnut tarvittavat tiedot, paina \"L\u00e4het\u00e4\". Asiantunteva tukitiimimme tutkii pyynt\u00f6si nopeasti. Saat vahvistuss\u00e4hk\u00f6postiviestin [M\u00e4\u00e4rit\u00e4 aikav\u00e4li] kuluessa, jossa kuitataan tilin poistoprosessin k\u00e4ynnistyminen.<\/p>\n<p>\u00a0<\/p>\n<h2>Vaihe 5: Vahvista poistaminen<\/h2>\n<p>Kun olet saanut vahvistuss\u00e4hk\u00f6postin, noudata mahdollisia lis\u00e4ohjeita tilin poistamisen viimeistelemiseksi. T\u00e4m\u00e4n vaiheen tarkoituksena on tarkistaa p\u00e4\u00e4t\u00f6ksesi ja varmistaa, ett\u00e4 prosessi vastaa aikomuksiasi.<\/p>\n<p>\u00a0<\/p>\n<p>\u00a0<\/p>\n<p>\u00a0<\/p>","protected":false},"excerpt":{"rendered":"\u00a0 \u00a0 \u00a0 Ymm\u00e4rr\u00e4mme, ett\u00e4 olosuhteet muuttuvat, ja niin muuttuvat my\u00f6s mieltymykset. Jos olet p\u00e4\u00e4tt\u00e4nyt, ett\u00e4 on aika erota meist\u00e4, autamme sinua tilinpoistoprosessissa. Seuraa alla olevia yksinkertaisia ohjeita...","protected":false},"author":17,"featured_media":0,"parent":0,"menu_order":0,"comment_status":"closed","ping_status":"closed","template":"","meta":{"footnotes":""},"class_list":["post-12549","page","type-page","status-publish","hentry"],"yoast_head":"<!-- This site is optimized with the Yoast SEO Premium plugin v23.8 (Yoast SEO v24.3) - https:\/\/yoast.com\/wordpress\/plugins\/seo\/ -->\n<title>Account Removal - Teamdeck<\/title>\n<meta name=\"robots\" content=\"index, follow, max-snippet:-1, max-image-preview:large, max-video-preview:-1\" \/>\n<link rel=\"canonical\" href=\"https:\/\/teamdeck.io\/fi\/tilin-poistaminen\/\" \/>\n<meta property=\"og:locale\" content=\"fi_FI\" \/>\n<meta property=\"og:type\" content=\"article\" \/>\n<meta property=\"og:title\" content=\"Account Removal\" \/>\n<meta property=\"og:description\" content=\"\u00a0 \u00a0 \u00a0 We understand that circumstances change, and so do preferences. If you&#8217;ve decided it&#8217;s time to part ways with us, we&#8217;re here to assist you through the account removal process. Follow the simple steps below...\" \/>\n<meta property=\"og:url\" content=\"https:\/\/teamdeck.io\/fi\/tilin-poistaminen\/\" \/>\n<meta property=\"og:site_name\" content=\"Teamdeck\" \/>\n<meta property=\"article:publisher\" content=\"https:\/\/www.facebook.com\/helloteamdeck\" \/>\n<meta property=\"article:modified_time\" content=\"2023-12-06T14:09:05+00:00\" \/>\n<meta name=\"twitter:card\" content=\"summary_large_image\" \/>\n<meta name=\"twitter:site\" content=\"@helloteamdeck\" \/>\n<meta name=\"twitter:label1\" content=\"Est. reading time\" \/>\n\t<meta name=\"twitter:data1\" content=\"1 minute\" \/>\n<script type=\"application\/ld+json\" class=\"yoast-schema-graph\">{\"@context\":\"https:\/\/schema.org\",\"@graph\":[{\"@type\":\"WebPage\",\"@id\":\"https:\/\/teamdeck.io\/account-removal\/\",\"url\":\"https:\/\/teamdeck.io\/account-removal\/\",\"name\":\"Account Removal - Teamdeck\",\"isPartOf\":{\"@id\":\"https:\/\/teamdeck.io\/#website\"},\"datePublished\":\"2023-12-06T08:47:54+00:00\",\"dateModified\":\"2023-12-06T14:09:05+00:00\",\"breadcrumb\":{\"@id\":\"https:\/\/teamdeck.io\/account-removal\/#breadcrumb\"},\"inLanguage\":\"fi\",\"potentialAction\":[{\"@type\":\"ReadAction\",\"target\":[\"https:\/\/teamdeck.io\/account-removal\/\"]}]},{\"@type\":\"BreadcrumbList\",\"@id\":\"https:\/\/teamdeck.io\/account-removal\/#breadcrumb\",\"itemListElement\":[{\"@type\":\"ListItem\",\"position\":1,\"name\":\"Home\",\"item\":\"https:\/\/teamdeck.io\/\"},{\"@type\":\"ListItem\",\"position\":2,\"name\":\"Account Removal\"}]},{\"@type\":\"WebSite\",\"@id\":\"https:\/\/teamdeck.io\/#website\",\"url\":\"https:\/\/teamdeck.io\/\",\"name\":\"Teamdeck\",\"description\":\"resource scheduling + time tracking + leave management\",\"potentialAction\":[{\"@type\":\"SearchAction\",\"target\":{\"@type\":\"EntryPoint\",\"urlTemplate\":\"https:\/\/teamdeck.io\/?s={search_term_string}\"},\"query-input\":{\"@type\":\"PropertyValueSpecification\",\"valueRequired\":true,\"valueName\":\"search_term_string\"}}],\"inLanguage\":\"fi\"}]}<\/script>\n<!-- \/ Yoast SEO Premium plugin. -->","yoast_head_json":{"title":"Account Removal - Teamdeck","robots":{"index":"index","follow":"follow","max-snippet":"max-snippet:-1","max-image-preview":"max-image-preview:large","max-video-preview":"max-video-preview:-1"},"canonical":"https:\/\/teamdeck.io\/fi\/tilin-poistaminen\/","og_locale":"fi_FI","og_type":"article","og_title":"Account Removal","og_description":"\u00a0 \u00a0 \u00a0 We understand that circumstances change, and so do preferences. If you&#8217;ve decided it&#8217;s time to part ways with us, we&#8217;re here to assist you through the account removal process. Follow the simple steps below...","og_url":"https:\/\/teamdeck.io\/fi\/tilin-poistaminen\/","og_site_name":"Teamdeck","article_publisher":"https:\/\/www.facebook.com\/helloteamdeck","article_modified_time":"2023-12-06T14:09:05+00:00","twitter_card":"summary_large_image","twitter_site":"@helloteamdeck","twitter_misc":{"Est. reading time":"1 minute"},"schema":{"@context":"https:\/\/schema.org","@graph":[{"@type":"WebPage","@id":"https:\/\/teamdeck.io\/account-removal\/","url":"https:\/\/teamdeck.io\/account-removal\/","name":"Account Removal - Teamdeck","isPartOf":{"@id":"https:\/\/teamdeck.io\/#website"},"datePublished":"2023-12-06T08:47:54+00:00","dateModified":"2023-12-06T14:09:05+00:00","breadcrumb":{"@id":"https:\/\/teamdeck.io\/account-removal\/#breadcrumb"},"inLanguage":"fi","potentialAction":[{"@type":"ReadAction","target":["https:\/\/teamdeck.io\/account-removal\/"]}]},{"@type":"BreadcrumbList","@id":"https:\/\/teamdeck.io\/account-removal\/#breadcrumb","itemListElement":[{"@type":"ListItem","position":1,"name":"Home","item":"https:\/\/teamdeck.io\/"},{"@type":"ListItem","position":2,"name":"Account Removal"}]},{"@type":"WebSite","@id":"https:\/\/teamdeck.io\/#website","url":"https:\/\/teamdeck.io\/","name":"Teamdeck","description":"resource scheduling + time tracking + leave management","potentialAction":[{"@type":"SearchAction","target":{"@type":"EntryPoint","urlTemplate":"https:\/\/teamdeck.io\/?s={search_term_string}"},"query-input":{"@type":"PropertyValueSpecification","valueRequired":true,"valueName":"search_term_string"}}],"inLanguage":"fi"}]}},"_links":{"self":[{"href":"https:\/\/teamdeck.io\/fi\/wp-json\/wp\/v2\/pages\/12549","targetHints":{"allow":["GET"]}}],"collection":[{"href":"https:\/\/teamdeck.io\/fi\/wp-json\/wp\/v2\/pages"}],"about":[{"href":"https:\/\/teamdeck.io\/fi\/wp-json\/wp\/v2\/types\/page"}],"author":[{"embeddable":true,"href":"https:\/\/teamdeck.io\/fi\/wp-json\/wp\/v2\/users\/17"}],"replies":[{"embeddable":true,"href":"https:\/\/teamdeck.io\/fi\/wp-json\/wp\/v2\/comments?post=12549"}],"version-history":[{"count":4,"href":"https:\/\/teamdeck.io\/fi\/wp-json\/wp\/v2\/pages\/12549\/revisions"}],"predecessor-version":[{"id":12553,"href":"https:\/\/teamdeck.io\/fi\/wp-json\/wp\/v2\/pages\/12549\/revisions\/12553"}],"wp:attachment":[{"href":"https:\/\/teamdeck.io\/fi\/wp-json\/wp\/v2\/media?parent=12549"}],"curies":[{"name":"wp","href":"https:\/\/api.w.org\/{rel}","templated":true}]}}