{"id":7198,"date":"2021-08-24T21:41:30","date_gmt":"2021-08-24T19:41:30","guid":{"rendered":"https:\/\/teamdeck.io\/?page_id=7198"},"modified":"2024-02-08T11:04:18","modified_gmt":"2024-02-08T09:04:18","slug":"teamdeck-vs-float","status":"publish","type":"page","link":"https:\/\/teamdeck.io\/et\/teamdeck-vs-float\/","title":{"rendered":"Teamdeck vs Float"},"content":{"rendered":"<div class=\"vc_row wpb_row vc_row-fluid redl-row-section padding-default bgv-default bgh-default halign-default\"><div class=\"wpb_column vc_column_container text-left vc_col-sm-12 padding-default bgv-default bgh-default halign-default\"><div class=\"vc_column-inner\"><div class=\"wpb_wrapper\">\n\t<div class=\"wpb_text_column wpb_content_element\" >\n\t\t<div class=\"wpb_wrapper\">\n\t\t\t\n\t\t<\/div>\n\t<\/div>\n<\/div><\/div><\/div><\/div><div data-vc-full-width=\"true\" data-vc-full-width-init=\"false\" class=\"vc_row wpb_row vc_row-fluid redl-row-section vc_custom_1547727116563 vc_row-has-fill vc_row-o-content-middle vc_row-flex padding-default bgv-default bgh-default halign-center\"><div class=\"wpb_column vc_column_container text-left vc_col-sm-4 padding-default bgv-default bgh-default halign-center\"><div class=\"vc_column-inner\"><div class=\"wpb_wrapper\">\n\t<div class=\"wpb_text_column wpb_content_element\" >\n\t\t<div class=\"wpb_wrapper\">\n\t\t\t<h1>Teamdeck vs Float<br \/><span class=\"h2\"><br \/><\/span><\/h1>\n<p style=\"text-align: justify;\">Vaadake, kuidas Teamdeck annab teile suurema kontrolli kogu ressursside haldamise protsessi \u00fcle, alates meeskonna ja ressursside planeerimisest, ajaseirest kuni puhkuste haldamiseni. <strong>Allpool on esitatud m\u00f5lema ressursside planeerimise tarkvara v\u00f5rdlus. <\/strong><\/p>\n\n\t\t<\/div>\n\t<\/div>\n\n\t<div class=\"wpb_text_column wpb_content_element\" >\n\t\t<div class=\"wpb_wrapper\">\n\t\t\t<p>\u00a0<\/p>\n\n\t\t<\/div>\n\t<\/div>\n<\/div><\/div><\/div><div class=\"wpb_column vc_column_container text-center vc_col-sm-8 vc_col-has-fill padding-default bgv-default bgh-default halign-center\"><div class=\"vc_column-inner vc_custom_1583827482870\"><div class=\"wpb_wrapper\">\n\t<div class=\"wpb_text_column wpb_content_element  vc_custom_1638199917193 video-nocontrols\" >\n\t\t<div class=\"wpb_wrapper\">\n\t\t\t<p><img loading=\"lazy\" decoding=\"async\" class=\"alignnone wp-image-7278 size-full\" src=\"https:\/\/cdn.teamdeck.io\/uploads\/website\/2021\/08\/17161910\/teamdeck-vs-float-2-1.jpg\" alt=\"Teamdeck ressursihaldustarkvara kuulub paljude projektijuhtide valitud Float-alternatiivide v\u00e4ikesesse perre.\" width=\"1596\" height=\"1148\" \/><\/p>\n\n\t\t<\/div>\n\t<\/div>\n<\/div><\/div><\/div><\/div><div class=\"vc_row-full-width vc_clearfix\"><\/div><div class=\"vc_row wpb_row vc_row-fluid redl-row-section padding-default bgv-default bgh-default halign-default\"><div class=\"wpb_column vc_column_container text-left vc_col-sm-12 padding-default bgv-default bgh-default halign-default\"><div class=\"vc_column-inner\"><div class=\"wpb_wrapper\">\n\t<div class=\"wpb_text_column wpb_content_element\" >\n\t\t<div class=\"wpb_wrapper\">\n\t\t\t<h2>Otsid Float alternatiive?<\/h2>\n<p style=\"text-align: justify;\">Meie kliendid vahetasid Teamdecki vastu v\u00e4lja Float, Resource Guru, Harvest ja Kantata.<\/p>\n<p style=\"text-align: justify;\">Float ja Teamdeck keskenduvad v\u00f5imsuse planeerimisele, \u00fclesannete haldamisele, meeskonna koost\u00f6\u00f6le ja ressursside optimeerimisele. Keskendumine ressursside haldamisele on p\u00f5hjus, miks meeskonnad valivad need t\u00f6\u00f6riistad rakenduste asemel, millel on \u00fcldisem l\u00e4henemine sisemiste protsesside haldamisele.<\/p>\n<p>Teamdeck ja Float erinevad funktsioonide ulatuse ja hinnakujunduse poolest. M\u00f5lemad t\u00f6\u00f6riistad pakuvad SaaS-mudelis tellimust. Vt \u00fcksikasjad allpool.<\/p>\n\n\t\t<\/div>\n\t<\/div>\n<\/div><\/div><\/div><\/div><div class=\"vc_row wpb_row vc_row-fluid redl-row-section padding-small bgv-default bgh-default halign-default\"><div class=\"wpb_column vc_column_container text-left vc_col-sm-12 padding-small bgv-default bgh-default halign-default\"><div class=\"vc_column-inner\"><div class=\"wpb_wrapper\">\n\t<div class=\"wpb_text_column wpb_content_element\" >\n\t\t<div class=\"wpb_wrapper\">\n\t\t\t<div class=\"ft-table\">\n<div class=\"rsfp\">\n<div class=\"abs\">$7.5 inimese kohta<br \/>kuus<\/div>\n<\/div>\n<div class=\"tdp\">\n<div class=\"abs\">$3.99 inimese kohta<br \/>kuus<\/div>\n<\/div>\n<div class=\"rsttf\">\n<div class=\"abs\">$10 inimese kohta<br \/>kuus<\/div>\n<\/div>\n<div class=\"features ft-table-header\">Omadused<\/div>\n<div class=\"Teamdeck ft-table-header\">Teamdeck<\/div>\n<div class=\"Float ft-table-header\">Float<\/div>\n<div class=\"Notes ft-table-header\">Erinevused<\/div>\n<div class=\"f1\">Ressursside planeerimine ja puhkuste haldamine<\/div>\n<div class=\"f2\">V\u00f5imsuse aruandlus<\/div>\n<div class=\"f3\">Piiramata projektid<\/div>\n<div class=\"f4\">Kiire ja lihtne aja j\u00e4lgimine<\/div>\n<div class=\"f5\">V\u00f5rdle hinnanguid ja tegelikke andmeid<\/div>\n<div class=\"f6\">Mobiilirakendus<\/div>\n<div class=\"n1\">\n<div class=\"abs-2\">Meie ressursihaldustarkvara v\u00f5imaldab teil kohandada kalendrit ja luua vaateid, et oma andmeid paremini korraldada.<\/div>\n<\/div>\n<div class=\"n2\">\n<div class=\"abs-2\">Teamdeckis saate luua excelilaadsete valemitega kohandatud aruandeid v\u00f5i kasutada meie ettem\u00e4\u00e4ratud malle.<\/div>\n<\/div>\n<\/div>\n<h1>\u00a0<\/h1>\n<p>\u00a0<\/p>\n<h2 style=\"text-align: center;\"><strong>3 p\u00f5hjust, miks ettev\u00f5tted valivad Teamdecki kui Float alternatiivi<\/strong><\/h2>\n\n\t\t<\/div>\n\t<\/div>\n<\/div><\/div><\/div><\/div><div class=\"vc_row wpb_row vc_row-fluid redl-row-section use-cases-title vc_custom_1582120251302 padding-default bgv-default bgh-default halign-default\"><div class=\"wpb_column vc_column_container text-left vc_col-sm-4 padding-default bgv-default bgh-default halign-default\"><div class=\"vc_column-inner\"><div class=\"wpb_wrapper\">\n\t<div class=\"wpb_text_column wpb_content_element\" >\n\t\t<div class=\"wpb_wrapper\">\n\t\t\t<p>\u00a0<\/p>\n<h3 style=\"text-align: center;\"><strong><span class=\"text-title column-title\">Andmete import<\/span><\/strong><\/h3>\n<p>\u00a0<\/p>\n<p style=\"text-align: center;\">Andmemigratsioon ei ole m\u00f5ttekas. Meie importimisviisard v\u00f5imaldab teil CSV-failide abil importida andmeid teistest s\u00fcsteemidest inimeste, projektide, broneeringute, t\u00f6\u00f6ajatabelite ja puhkuste kohta.<\/p>\n\n\t\t<\/div>\n\t<\/div>\n<\/div><\/div><\/div><div class=\"wpb_column vc_column_container text-left vc_col-sm-4 padding-default bgv-default bgh-default halign-default\"><div class=\"vc_column-inner\"><div class=\"wpb_wrapper\">\n\t<div class=\"wpb_text_column wpb_content_element\" >\n\t\t<div class=\"wpb_wrapper\">\n\t\t\t<h3 style=\"text-align: center;\"><span class=\"text-title column-title\">T\u00e4iustatud kohandatud aruandlus<\/span><\/h3>\n<p>\u00a0<\/p>\n<p style=\"text-align: center;\">Teamdeck v\u00f5imaldab teil luua kohandatud aruandeid, mis on koostatud vastavalt teie ettev\u00f5tte vajadustele, kasutades Exceli sarnaseid valemeid. V\u00f5ite kasutada ka meie ettem\u00e4\u00e4ratud malle, et saada teavet meeskonna kasutuse, eelarve p\u00f5letamise, palgaarvestuse ja paljude muude andmete kohta.<\/p>\n\n\t\t<\/div>\n\t<\/div>\n<\/div><\/div><\/div><div class=\"wpb_column vc_column_container text-left vc_col-sm-4 padding-default bgv-default bgh-default halign-default\"><div class=\"vc_column-inner\"><div class=\"wpb_wrapper\">\n\t<div class=\"wpb_text_column wpb_content_element\" >\n\t\t<div class=\"wpb_wrapper\">\n\t\t\t<h3 style=\"text-align: center;\"><span class=\"text-title column-title\">Kohandatud v\u00e4ljad ja m\u00e4rgistamiss\u00fcsteem<\/span><\/h3>\n<p>\u00a0<\/p>\n<p style=\"text-align: center;\">Inimeste ja projektide kohandatud atribuudid koos broneeringutele, t\u00f6\u00f6graafikutele ja projektidele m\u00e4\u00e4ratud kohandatud siltidega v\u00f5imaldavad teil luua oma ettev\u00f5tte jaoks ainulaadse ja paindliku ressursihaldusprotsessi.<\/p>\n\n\t\t<\/div>\n\t<\/div>\n<\/div><\/div><\/div><\/div><div class=\"vc_row wpb_row vc_row-fluid redl-row-section padding-default bgv-default bgh-default halign-default\"><div class=\"wpb_column vc_column_container text-left vc_col-sm-12 padding-default bgv-default bgh-default halign-default\"><div class=\"vc_column-inner\"><div class=\"wpb_wrapper\">\n\t<div class=\"wpb_text_column wpb_content_element\" >\n\t\t<div class=\"wpb_wrapper\">\n\t\t\t\n\t\t<\/div>\n\t<\/div>\n<\/div><\/div><\/div><\/div><div class=\"vc_row wpb_row vc_row-fluid redl-row-section padding-default bgv-default bgh-default halign-default\"><div class=\"wpb_column vc_column_container text-left vc_col-sm-12 padding-default bgv-default bgh-default halign-default\"><div class=\"vc_column-inner\"><div class=\"wpb_wrapper\">\n\t<div class=\"wpb_text_column wpb_content_element\" >\n\t\t<div class=\"wpb_wrapper\">\n\t\t\t<h2 style=\"text-align: center;\"><strong>Saage teada, miks meid valivad sellised ettev\u00f5tted nagu Siemens Energy, Human8, Oliver Agency, Hill-Knowlton v\u00f5i Unit9.<\/strong><\/h2>\n\n\t\t<\/div>\n\t<\/div>\n<\/div><\/div><\/div><\/div><div class=\"vc_row wpb_row vc_row-fluid redl-row-section padding-default bgv-default bgh-default halign-default\"><div class=\"wpb_column vc_column_container text-left vc_col-sm-12 padding-default bgv-default bgh-default halign-default\"><div class=\"vc_column-inner vc_custom_1583774752686\"><div class=\"wpb_wrapper\"><form class=\"get-started-form\" action=\"\">\n  <div class=\"get-started-form__input-wrapper\">\n    <input class=\"get-started-form__input\" placeholder=\"Sisestage oma ettev\u00f5tte e-posti aadress\" \/>\n  <\/div>\n  <button type=\"submit\" class=\"get-started-form__button\">\n    <span class=\"get-started-form__button-text\">Hankige 14-p\u00e4evane TASUTA prooviperiood<\/>\n  <\/button>\n  <button class=\"get-started-form__button\">\n    <span class=\"get-started-form__button-text\">Invaliidne e-posti aadress<\/>\n  <\/button>\n<input type=\"hidden\" name=\"trp-form-language\" value=\"et\"\/><\/form>\n<\/div><\/div><\/div><\/div><div class=\"vc_row wpb_row vc_row-fluid redl-row-section padding-default bgv-default bgh-default halign-default\"><div class=\"wpb_column vc_column_container text-left vc_col-sm-12 padding-default bgv-default bgh-default halign-default\"><div class=\"vc_column-inner\"><div class=\"wpb_wrapper\"><\/div><\/div><\/div><\/div>","protected":false},"excerpt":{"rendered":"Teamdeck vs Float Vaadake, kuidas Teamdeck annab teile suurema kontrolli kogu ressursside haldamise protsessi \u00fcle, alates meeskonna ja ressursside planeerimisest, ajaseirest kuni puhkuste haldamiseni. Allpool on toodud m\u00f5lema ressursside planeerimise tarkvara v\u00f5rdlus.  ...","protected":false},"author":17,"featured_media":0,"parent":0,"menu_order":0,"comment_status":"closed","ping_status":"closed","template":"","meta":{"footnotes":""},"class_list":["post-7198","page","type-page","status-publish","hentry"],"yoast_head":"<!-- This site is optimized with the Yoast SEO Premium plugin v23.8 (Yoast SEO v24.3) - https:\/\/yoast.com\/wordpress\/plugins\/seo\/ -->\n<title>Float Alternatives - Teamdeck - Resource Management Software<\/title>\n<meta name=\"description\" content=\"Teamdeck.io resource management software is in use by Stormind Games, Circus Maximus, Hill-Knowlton, etc. We replaced Float many times.\" \/>\n<meta name=\"robots\" content=\"index, follow, max-snippet:-1, max-image-preview:large, max-video-preview:-1\" \/>\n<link rel=\"canonical\" href=\"https:\/\/teamdeck.io\/et\/teamdeck-vs-float\/\" \/>\n<meta property=\"og:locale\" content=\"et_EE\" \/>\n<meta property=\"og:type\" content=\"article\" \/>\n<meta property=\"og:title\" content=\"Teamdeck vs Float\" \/>\n<meta property=\"og:description\" content=\"Teamdeck.io resource management software is in use by Stormind Games, Circus Maximus, Hill-Knowlton, etc. We replaced Float many times.\" \/>\n<meta property=\"og:url\" content=\"https:\/\/teamdeck.io\/et\/teamdeck-vs-float\/\" \/>\n<meta property=\"og:site_name\" content=\"Teamdeck\" \/>\n<meta property=\"article:publisher\" content=\"https:\/\/www.facebook.com\/helloteamdeck\" \/>\n<meta property=\"article:modified_time\" content=\"2024-02-08T09:04:18+00:00\" \/>\n<meta property=\"og:image\" content=\"https:\/\/teamdeck.io\/wp-content\/uploads\/2021\/08\/teamdeck-vs-float-2-1.jpg\" \/>\n<meta name=\"twitter:card\" content=\"summary_large_image\" \/>\n<meta name=\"twitter:site\" content=\"@helloteamdeck\" \/>\n<meta name=\"twitter:label1\" content=\"Est. reading time\" \/>\n\t<meta name=\"twitter:data1\" content=\"2 minutes\" \/>\n<script type=\"application\/ld+json\" class=\"yoast-schema-graph\">{\"@context\":\"https:\/\/schema.org\",\"@graph\":[{\"@type\":\"WebPage\",\"@id\":\"https:\/\/teamdeck.io\/teamdeck-vs-float\/\",\"url\":\"https:\/\/teamdeck.io\/teamdeck-vs-float\/\",\"name\":\"Float Alternatives - Teamdeck - Resource Management Software\",\"isPartOf\":{\"@id\":\"https:\/\/teamdeck.io\/#website\"},\"primaryImageOfPage\":{\"@id\":\"https:\/\/teamdeck.io\/teamdeck-vs-float\/#primaryimage\"},\"image\":{\"@id\":\"https:\/\/teamdeck.io\/teamdeck-vs-float\/#primaryimage\"},\"thumbnailUrl\":\"https:\/\/teamdeck.io\/wp-content\/uploads\/2021\/08\/teamdeck-vs-float-2-1.jpg\",\"datePublished\":\"2021-08-24T19:41:30+00:00\",\"dateModified\":\"2024-02-08T09:04:18+00:00\",\"description\":\"Teamdeck.io resource management software is in use by Stormind Games, Circus Maximus, Hill-Knowlton, etc. We replaced Float many times.\",\"breadcrumb\":{\"@id\":\"https:\/\/teamdeck.io\/teamdeck-vs-float\/#breadcrumb\"},\"inLanguage\":\"et\",\"potentialAction\":[{\"@type\":\"ReadAction\",\"target\":[\"https:\/\/teamdeck.io\/teamdeck-vs-float\/\"]}]},{\"@type\":\"ImageObject\",\"inLanguage\":\"et\",\"@id\":\"https:\/\/teamdeck.io\/teamdeck-vs-float\/#primaryimage\",\"url\":\"https:\/\/teamdeck.io\/wp-content\/uploads\/2021\/08\/teamdeck-vs-float-2-1.jpg\",\"contentUrl\":\"https:\/\/teamdeck.io\/wp-content\/uploads\/2021\/08\/teamdeck-vs-float-2-1.jpg\"},{\"@type\":\"BreadcrumbList\",\"@id\":\"https:\/\/teamdeck.io\/teamdeck-vs-float\/#breadcrumb\",\"itemListElement\":[{\"@type\":\"ListItem\",\"position\":1,\"name\":\"Home\",\"item\":\"https:\/\/teamdeck.io\/\"},{\"@type\":\"ListItem\",\"position\":2,\"name\":\"Teamdeck vs Float\"}]},{\"@type\":\"WebSite\",\"@id\":\"https:\/\/teamdeck.io\/#website\",\"url\":\"https:\/\/teamdeck.io\/\",\"name\":\"Teamdeck\",\"description\":\"resource scheduling + time tracking + leave management\",\"potentialAction\":[{\"@type\":\"SearchAction\",\"target\":{\"@type\":\"EntryPoint\",\"urlTemplate\":\"https:\/\/teamdeck.io\/?s={search_term_string}\"},\"query-input\":{\"@type\":\"PropertyValueSpecification\",\"valueRequired\":true,\"valueName\":\"search_term_string\"}}],\"inLanguage\":\"et\"}]}<\/script>\n<!-- \/ Yoast SEO Premium plugin. -->","yoast_head_json":{"title":"Float Alternatives - Teamdeck - Resource Management Software","description":"Teamdeck.io resource management software is in use by Stormind Games, Circus Maximus, Hill-Knowlton, etc. We replaced Float many times.","robots":{"index":"index","follow":"follow","max-snippet":"max-snippet:-1","max-image-preview":"max-image-preview:large","max-video-preview":"max-video-preview:-1"},"canonical":"https:\/\/teamdeck.io\/et\/teamdeck-vs-float\/","og_locale":"et_EE","og_type":"article","og_title":"Teamdeck vs Float","og_description":"Teamdeck.io resource management software is in use by Stormind Games, Circus Maximus, Hill-Knowlton, etc. We replaced Float many times.","og_url":"https:\/\/teamdeck.io\/et\/teamdeck-vs-float\/","og_site_name":"Teamdeck","article_publisher":"https:\/\/www.facebook.com\/helloteamdeck","article_modified_time":"2024-02-08T09:04:18+00:00","og_image":[{"url":"https:\/\/teamdeck.io\/wp-content\/uploads\/2021\/08\/teamdeck-vs-float-2-1.jpg","type":"","width":"","height":""}],"twitter_card":"summary_large_image","twitter_site":"@helloteamdeck","twitter_misc":{"Est. reading time":"2 minutes"},"schema":{"@context":"https:\/\/schema.org","@graph":[{"@type":"WebPage","@id":"https:\/\/teamdeck.io\/teamdeck-vs-float\/","url":"https:\/\/teamdeck.io\/teamdeck-vs-float\/","name":"Float Alternatives - Teamdeck - Resource Management Software","isPartOf":{"@id":"https:\/\/teamdeck.io\/#website"},"primaryImageOfPage":{"@id":"https:\/\/teamdeck.io\/teamdeck-vs-float\/#primaryimage"},"image":{"@id":"https:\/\/teamdeck.io\/teamdeck-vs-float\/#primaryimage"},"thumbnailUrl":"https:\/\/teamdeck.io\/wp-content\/uploads\/2021\/08\/teamdeck-vs-float-2-1.jpg","datePublished":"2021-08-24T19:41:30+00:00","dateModified":"2024-02-08T09:04:18+00:00","description":"Teamdeck.io resource management software is in use by Stormind Games, Circus Maximus, Hill-Knowlton, etc. We replaced Float many times.","breadcrumb":{"@id":"https:\/\/teamdeck.io\/teamdeck-vs-float\/#breadcrumb"},"inLanguage":"et","potentialAction":[{"@type":"ReadAction","target":["https:\/\/teamdeck.io\/teamdeck-vs-float\/"]}]},{"@type":"ImageObject","inLanguage":"et","@id":"https:\/\/teamdeck.io\/teamdeck-vs-float\/#primaryimage","url":"https:\/\/teamdeck.io\/wp-content\/uploads\/2021\/08\/teamdeck-vs-float-2-1.jpg","contentUrl":"https:\/\/teamdeck.io\/wp-content\/uploads\/2021\/08\/teamdeck-vs-float-2-1.jpg"},{"@type":"BreadcrumbList","@id":"https:\/\/teamdeck.io\/teamdeck-vs-float\/#breadcrumb","itemListElement":[{"@type":"ListItem","position":1,"name":"Home","item":"https:\/\/teamdeck.io\/"},{"@type":"ListItem","position":2,"name":"Teamdeck vs Float"}]},{"@type":"WebSite","@id":"https:\/\/teamdeck.io\/#website","url":"https:\/\/teamdeck.io\/","name":"Teamdeck","description":"resource scheduling + time tracking + leave management","potentialAction":[{"@type":"SearchAction","target":{"@type":"EntryPoint","urlTemplate":"https:\/\/teamdeck.io\/?s={search_term_string}"},"query-input":{"@type":"PropertyValueSpecification","valueRequired":true,"valueName":"search_term_string"}}],"inLanguage":"et"}]}},"_links":{"self":[{"href":"https:\/\/teamdeck.io\/et\/wp-json\/wp\/v2\/pages\/7198","targetHints":{"allow":["GET"]}}],"collection":[{"href":"https:\/\/teamdeck.io\/et\/wp-json\/wp\/v2\/pages"}],"about":[{"href":"https:\/\/teamdeck.io\/et\/wp-json\/wp\/v2\/types\/page"}],"author":[{"embeddable":true,"href":"https:\/\/teamdeck.io\/et\/wp-json\/wp\/v2\/users\/17"}],"replies":[{"embeddable":true,"href":"https:\/\/teamdeck.io\/et\/wp-json\/wp\/v2\/comments?post=7198"}],"version-history":[{"count":33,"href":"https:\/\/teamdeck.io\/et\/wp-json\/wp\/v2\/pages\/7198\/revisions"}],"predecessor-version":[{"id":12622,"href":"https:\/\/teamdeck.io\/et\/wp-json\/wp\/v2\/pages\/7198\/revisions\/12622"}],"wp:attachment":[{"href":"https:\/\/teamdeck.io\/et\/wp-json\/wp\/v2\/media?parent=7198"}],"curies":[{"name":"wp","href":"https:\/\/api.w.org\/{rel}","templated":true}]}}