{"id":5786,"date":"2020-03-10T21:55:27","date_gmt":"2020-03-10T19:55:27","guid":{"rendered":"https:\/\/teamdeck.io\/?page_id=5786"},"modified":"2022-01-11T16:19:56","modified_gmt":"2022-01-11T14:19:56","slug":"teamdeck-vs-resource-guru","status":"publish","type":"page","link":"https:\/\/teamdeck.io\/et\/teamdeck-vs-ressursi-guru\/","title":{"rendered":"Resource Guru alternatiiv"},"content":{"rendered":"<div data-vc-full-width=\"true\" data-vc-full-width-init=\"false\" class=\"vc_row wpb_row vc_row-fluid redl-row-section vc_custom_1547727116563 vc_row-has-fill vc_row-o-content-middle vc_row-flex padding-default bgv-default bgh-default halign-center\"><div class=\"wpb_column vc_column_container text-left vc_col-sm-4 padding-default bgv-default bgh-default halign-center\"><div class=\"vc_column-inner\"><div class=\"wpb_wrapper\">\n\t<div class=\"wpb_text_column wpb_content_element\" >\n\t\t<div class=\"wpb_wrapper\">\n\t\t\t<h1>Teamdeck vs Resource Guru<\/h1>\n<p>Vaadake, kuidas Teamdeck annab teile suurema kontrolli kogu ressursside haldamise protsessi \u00fcle, alates meeskonna planeerimisest, ajaseirest kuni puudumiste haldamiseni. <strong><span style=\"color: #1ac604;\">Lugege allpool Resource Guru ja Teamdecki v\u00f5rdluse kohta<\/span>.<\/strong><\/p>\n\n\t\t<\/div>\n\t<\/div>\n\n\t<div class=\"wpb_text_column wpb_content_element\" >\n\t\t<div class=\"wpb_wrapper\">\n\t\t\t<p style=\"text-align: left;\"><span class=\"arrow-link\"><a href=\"https:\/\/app.teamdeck.io\/register\">Hankige 30-p\u00e4evane TASUTA prooviperiood<\/a><\/span><\/p>\n\n\t\t<\/div>\n\t<\/div>\n<\/div><\/div><\/div><div class=\"wpb_column vc_column_container text-center vc_col-sm-8 vc_col-has-fill padding-default bgv-default bgh-default halign-center\"><div class=\"vc_column-inner vc_custom_1583827482870\"><div class=\"wpb_wrapper\">\n\t<div class=\"wpb_text_column wpb_content_element  vc_custom_1638208805246 video-nocontrols\" >\n\t\t<div class=\"wpb_wrapper\">\n\t\t\t<p><img loading=\"lazy\" decoding=\"async\" class=\"aligncenter wp-image-5809\" src=\"https:\/\/cdn.teamdeck.io\/uploads\/website\/2020\/03\/10215241\/Untitled-design-11-300x250.png\" alt=\"Teamdeck ressursi planeerimise tarkvara saada v\u00e4ike pere ressursi guru alternatiive\" width=\"600\" height=\"500\" srcset=\"https:\/\/cdn.teamdeck.io\/uploads\/website\/2020\/03\/10215241\/Untitled-design-11-300x250.png 300w, https:\/\/cdn.teamdeck.io\/uploads\/website\/2020\/03\/10215241\/Untitled-design-11-768x640.png 768w, https:\/\/cdn.teamdeck.io\/uploads\/website\/2020\/03\/10215241\/Untitled-design-11-960x800.png 960w, https:\/\/cdn.teamdeck.io\/uploads\/website\/2020\/03\/10215241\/Untitled-design-11.png 1800w\" sizes=\"auto, (max-width: 600px) 100vw, 600px\" \/><\/p>\n\n\t\t<\/div>\n\t<\/div>\n<\/div><\/div><\/div><\/div><div class=\"vc_row-full-width vc_clearfix\"><\/div><div class=\"vc_row wpb_row vc_row-fluid redl-row-section padding-default bgv-default bgh-default halign-default\"><div class=\"wpb_column vc_column_container text-left vc_col-sm-12 padding-default bgv-default bgh-default halign-default\"><div class=\"vc_column-inner\"><div class=\"wpb_wrapper\">\n\t<div class=\"wpb_text_column wpb_content_element\" >\n\t\t<div class=\"wpb_wrapper\">\n\t\t\t<h2>Otsid Resource Guru alternatiive?<\/h2>\n<p>Teamdeck v\u00f5ib olla vastus teie vajadustele.<\/p>\n<p>Nii Resource Guru kui ka Teamdeck on keskendunud ressursside haldamisele. Seet\u00f5ttu valivad meeskonnad need t\u00f6\u00f6riistad rakenduste asemel, millel on \u00fcldisem l\u00e4henemine sisemiste protsesside haldamisele.<\/p>\n<p><strong>Teamdeck ja Resource Guru<\/strong> <strong>erinevad<\/strong> <strong>kui tegemist on pakutavate funktsioonide ja hinnakujundusega<\/strong>, kuid m\u00f5lema t\u00f6\u00f6riista jaoks on saadaval igakuised tellimusplaanid. Vaata \u00fcksikasju allpool.<\/p>\n\n\t\t<\/div>\n\t<\/div>\n<\/div><\/div><\/div><\/div><div class=\"vc_row wpb_row vc_row-fluid redl-row-section padding-default bgv-default bgh-default halign-default\"><div class=\"wpb_column vc_column_container text-left vc_col-sm-12 padding-default bgv-default bgh-default halign-default\"><div class=\"vc_column-inner\"><div class=\"wpb_wrapper\">\n\t<div class=\"wpb_text_column wpb_content_element\" >\n\t\t<div class=\"wpb_wrapper\">\n\t\t\t<p><img loading=\"lazy\" decoding=\"async\" class=\"aligncenter wp-image-5822\" src=\"https:\/\/cdn.teamdeck.io\/uploads\/website\/2020\/03\/13124322\/Screenshot-2020-03-13-at-11.43.04-300x177.png\" alt=\"Top ressursi guru alternatiivid peab v\u00f5tma arvesse funktsioone ja hinnav\u00f5rdlusi\" width=\"700\" height=\"414\" srcset=\"https:\/\/cdn.teamdeck.io\/uploads\/website\/2020\/03\/13124322\/Screenshot-2020-03-13-at-11.43.04-300x177.png 300w, https:\/\/cdn.teamdeck.io\/uploads\/website\/2020\/03\/13124322\/Screenshot-2020-03-13-at-11.43.04-768x454.png 768w, https:\/\/cdn.teamdeck.io\/uploads\/website\/2020\/03\/13124322\/Screenshot-2020-03-13-at-11.43.04-960x568.png 960w, https:\/\/cdn.teamdeck.io\/uploads\/website\/2020\/03\/13124322\/Screenshot-2020-03-13-at-11.43.04.png 1572w\" sizes=\"auto, (max-width: 700px) 100vw, 700px\" \/><\/p>\n\n\t\t<\/div>\n\t<\/div>\n<\/div><\/div><\/div><\/div><div class=\"vc_row wpb_row vc_row-fluid redl-row-section padding-small bgv-default bgh-default halign-default\"><div class=\"wpb_column vc_column_container text-left vc_col-sm-12 padding-small bgv-default bgh-default halign-default\"><div class=\"vc_column-inner\"><div class=\"wpb_wrapper\">\n\t<div class=\"wpb_text_column wpb_content_element\" >\n\t\t<div class=\"wpb_wrapper\">\n\t\t\t<h2 style=\"text-align: center;\"><strong>3 p\u00f5hjust, miks ettev\u00f5tted armastavad Teamdecki - ressursside haldamise t\u00e4islahendust<\/strong><\/h2>\n\n\t\t<\/div>\n\t<\/div>\n<\/div><\/div><\/div><\/div><div class=\"vc_row wpb_row vc_row-fluid redl-row-section use-cases-title vc_custom_1582120251302 padding-default bgv-default bgh-default halign-default\"><div class=\"wpb_column vc_column_container text-left vc_col-sm-4 padding-default bgv-default bgh-default halign-default\"><div class=\"vc_column-inner\"><div class=\"wpb_wrapper\">\n\t<div class=\"wpb_text_column wpb_content_element\" >\n\t\t<div class=\"wpb_wrapper\">\n\t\t\t<h2 style=\"text-align: center;\"><strong><span class=\"text-title column-title\">T\u00e4ielik ressursside haldamise lahendus<\/span><\/strong><\/h2>\n<p style=\"text-align: center;\">T\u00e4nu funktsioonidele, mis ulatuvad ressursside planeerimisest kuni t\u00f6\u00f6aja j\u00e4lgimise ja puhkuste haldamiseni, annab Teamdeck meeskondadele suurema kontrolli nende sisemiste protsesside \u00fcle. Teamdeckiga saate <strong>mitte ainult planeerida oma meeskonna t\u00f6\u00f6d, vaid ka m\u00f5\u00f5ta selle m\u00f5ju<\/strong> ja selle tulemusel optimeerida oma planeerimisalaseid j\u00f5upingutusi tulevikus.<\/p>\n\n\t\t<\/div>\n\t<\/div>\n<\/div><\/div><\/div><div class=\"wpb_column vc_column_container text-left vc_col-sm-4 padding-default bgv-default bgh-default halign-default\"><div class=\"vc_column-inner\"><div class=\"wpb_wrapper\">\n\t<div class=\"wpb_text_column wpb_content_element\" >\n\t\t<div class=\"wpb_wrapper\">\n\t\t\t<h2 style=\"text-align: center;\"><span class=\"text-title column-title\">Kiire ja t\u00f5hus sisseelamine<\/span><\/h2>\n<p style=\"text-align: center;\">Kas tunned, et Teamdeck on sinu meeskonna jaoks sobiv t\u00f6\u00f6riist? Tehke kiire tootek\u00e4ik, kohandage oma meeskonna seaded ja importige oma andmed. Pole vaja raisata aega rakenduse ettevalmistamisele: <strong>hakkate saama v\u00e4\u00e4rtust juba 1. p\u00e4evast alates.<\/strong><\/p>\n\n\t\t<\/div>\n\t<\/div>\n<\/div><\/div><\/div><div class=\"wpb_column vc_column_container text-left vc_col-sm-4 padding-default bgv-default bgh-default halign-default\"><div class=\"vc_column-inner\"><div class=\"wpb_wrapper\">\n\t<div class=\"wpb_text_column wpb_content_element\" >\n\t\t<div class=\"wpb_wrapper\">\n\t\t\t<h2 style=\"text-align: center;\"><span class=\"text-title column-title\">Maailmatasemel tugi<\/span><\/h2>\n<p style=\"text-align: center;\">Me ei saa seda piisavalt r\u00f5hutada: <strong>meie #1 prioriteet on, et te saaksite Teamdeckist kasu.<\/strong> nii palju kui v\u00f5imalik. Seep\u00e4rast pakume personaalseid tootedemonstratsioone, sisseelamisk\u00f5nesid teie meeskonnale ja prioriteetset tuge, kui seda vajate.<\/p>\n\n\t\t<\/div>\n\t<\/div>\n<\/div><\/div><\/div><\/div><div class=\"vc_row wpb_row vc_row-fluid redl-row-section padding-default bgv-default bgh-default halign-default\"><div class=\"wpb_column vc_column_container text-left vc_col-sm-12 padding-default bgv-default bgh-default halign-default\"><div class=\"vc_column-inner\"><div class=\"wpb_wrapper\"><\/div><\/div><\/div><\/div><div class=\"vc_row wpb_row vc_row-fluid redl-row-section padding-default bgv-default bgh-default halign-default\"><div class=\"wpb_column vc_column_container text-left vc_col-sm-12 padding-default bgv-default bgh-default halign-default\"><div class=\"vc_column-inner\"><div class=\"wpb_wrapper\">\n\t<div class=\"wpb_text_column wpb_content_element\" >\n\t\t<div class=\"wpb_wrapper\">\n\t\t\t<h2 class=\"ql-align-center\" style=\"text-align: center;\"><strong>Circus Maximus, BAMM, Stormind Games, Hill-Knowlton Strategies on valinud Teamdeck.io oma <a href=\"https:\/\/teamdeck.io\/et\/\">projekti ressursside haldamise tarkvara<\/a><\/strong><\/h2>\n\n\t\t<\/div>\n\t<\/div>\n<\/div><\/div><\/div><\/div><div class=\"vc_row wpb_row vc_row-fluid redl-row-section padding-default bgv-default bgh-default halign-default\"><div class=\"wpb_column vc_column_container text-left vc_col-sm-12 padding-default bgv-default bgh-default halign-default\"><div class=\"vc_column-inner vc_custom_1583774752686\"><div class=\"wpb_wrapper\"><form class=\"get-started-form\" action=\"\">\n  <div class=\"get-started-form__input-wrapper\">\n    <input class=\"get-started-form__input\" placeholder=\"Sisestage oma ettev\u00f5tte e-posti aadress\" \/>\n  <\/div>\n  <button type=\"submit\" class=\"get-started-form__button\">\n    <span class=\"get-started-form__button-text\">Hankige 14-p\u00e4evane TASUTA prooviperiood<\/>\n  <\/button>\n  <button class=\"get-started-form__button\">\n    <span class=\"get-started-form__button-text\">Invaliidne e-posti aadress<\/>\n  <\/button>\n<input type=\"hidden\" name=\"trp-form-language\" value=\"et\"\/><\/form>\n<\/div><\/div><\/div><\/div>","protected":false},"excerpt":{"rendered":"Teamdeck vs Resource Guru Vaadake, kuidas Teamdeck annab teile suurema kontrolli kogu ressursside haldamise protsessi \u00fcle, alates meeskonna planeerimisest, ajaseirest kuni puudumiste haldamiseni. Lugege allpool Resource Guru ja Teamdecki v\u00f5rdlust. Hankige 30-p\u00e4evane...","protected":false},"author":17,"featured_media":0,"parent":0,"menu_order":0,"comment_status":"closed","ping_status":"closed","template":"","meta":{"footnotes":""},"class_list":["post-5786","page","type-page","status-publish","hentry"],"yoast_head":"<!-- This site is optimized with the Yoast SEO Premium plugin v23.8 (Yoast SEO v24.3) - https:\/\/yoast.com\/wordpress\/plugins\/seo\/ -->\n<title>Resource Guru alternatives - Teamdeck - Resource Management Software<\/title>\n<meta name=\"description\" content=\"Teamdeck.io - resource management software is in use by Stormind Games, Circus Maximus, Hill-Knowlton. We replaced Resource Guru many times.\" \/>\n<meta name=\"robots\" content=\"index, follow, max-snippet:-1, max-image-preview:large, max-video-preview:-1\" \/>\n<link rel=\"canonical\" href=\"https:\/\/teamdeck.io\/et\/teamdeck-vs-ressursi-guru\/\" \/>\n<meta property=\"og:locale\" content=\"et_EE\" \/>\n<meta property=\"og:type\" content=\"article\" \/>\n<meta property=\"og:title\" content=\"Resource Guru Alternative\" \/>\n<meta property=\"og:description\" content=\"Teamdeck.io - resource management software is in use by Stormind Games, Circus Maximus, Hill-Knowlton. We replaced Resource Guru many times.\" \/>\n<meta property=\"og:url\" content=\"https:\/\/teamdeck.io\/et\/teamdeck-vs-ressursi-guru\/\" \/>\n<meta property=\"og:site_name\" content=\"Teamdeck\" \/>\n<meta property=\"article:publisher\" content=\"https:\/\/www.facebook.com\/helloteamdeck\" \/>\n<meta property=\"article:modified_time\" content=\"2022-01-11T14:19:56+00:00\" \/>\n<meta property=\"og:image\" content=\"https:\/\/teamdeck.io\/wp-content\/uploads\/2020\/03\/Untitled-design-11-300x250.png\" \/>\n<meta name=\"twitter:card\" content=\"summary_large_image\" \/>\n<meta name=\"twitter:site\" content=\"@helloteamdeck\" \/>\n<meta name=\"twitter:label1\" content=\"Est. reading time\" \/>\n\t<meta name=\"twitter:data1\" content=\"2 minutes\" \/>\n<script type=\"application\/ld+json\" class=\"yoast-schema-graph\">{\"@context\":\"https:\/\/schema.org\",\"@graph\":[{\"@type\":\"WebPage\",\"@id\":\"https:\/\/teamdeck.io\/teamdeck-vs-resource-guru\/\",\"url\":\"https:\/\/teamdeck.io\/teamdeck-vs-resource-guru\/\",\"name\":\"Resource Guru alternatives - Teamdeck - Resource Management Software\",\"isPartOf\":{\"@id\":\"https:\/\/teamdeck.io\/#website\"},\"primaryImageOfPage\":{\"@id\":\"https:\/\/teamdeck.io\/teamdeck-vs-resource-guru\/#primaryimage\"},\"image\":{\"@id\":\"https:\/\/teamdeck.io\/teamdeck-vs-resource-guru\/#primaryimage\"},\"thumbnailUrl\":\"https:\/\/teamdeck.io\/wp-content\/uploads\/2020\/03\/Untitled-design-11-300x250.png\",\"datePublished\":\"2020-03-10T19:55:27+00:00\",\"dateModified\":\"2022-01-11T14:19:56+00:00\",\"description\":\"Teamdeck.io - resource management software is in use by Stormind Games, Circus Maximus, Hill-Knowlton. We replaced Resource Guru many times.\",\"breadcrumb\":{\"@id\":\"https:\/\/teamdeck.io\/teamdeck-vs-resource-guru\/#breadcrumb\"},\"inLanguage\":\"et\",\"potentialAction\":[{\"@type\":\"ReadAction\",\"target\":[\"https:\/\/teamdeck.io\/teamdeck-vs-resource-guru\/\"]}]},{\"@type\":\"ImageObject\",\"inLanguage\":\"et\",\"@id\":\"https:\/\/teamdeck.io\/teamdeck-vs-resource-guru\/#primaryimage\",\"url\":\"https:\/\/teamdeck.io\/wp-content\/uploads\/2020\/03\/Untitled-design-11-300x250.png\",\"contentUrl\":\"https:\/\/teamdeck.io\/wp-content\/uploads\/2020\/03\/Untitled-design-11-300x250.png\"},{\"@type\":\"BreadcrumbList\",\"@id\":\"https:\/\/teamdeck.io\/teamdeck-vs-resource-guru\/#breadcrumb\",\"itemListElement\":[{\"@type\":\"ListItem\",\"position\":1,\"name\":\"Home\",\"item\":\"https:\/\/teamdeck.io\/\"},{\"@type\":\"ListItem\",\"position\":2,\"name\":\"Resource Guru Alternative\"}]},{\"@type\":\"WebSite\",\"@id\":\"https:\/\/teamdeck.io\/#website\",\"url\":\"https:\/\/teamdeck.io\/\",\"name\":\"Teamdeck\",\"description\":\"resource scheduling + time tracking + leave management\",\"potentialAction\":[{\"@type\":\"SearchAction\",\"target\":{\"@type\":\"EntryPoint\",\"urlTemplate\":\"https:\/\/teamdeck.io\/?s={search_term_string}\"},\"query-input\":{\"@type\":\"PropertyValueSpecification\",\"valueRequired\":true,\"valueName\":\"search_term_string\"}}],\"inLanguage\":\"et\"}]}<\/script>\n<!-- \/ Yoast SEO Premium plugin. -->","yoast_head_json":{"title":"Resource Guru alternatives - Teamdeck - Resource Management Software","description":"Teamdeck.io - resource management software is in use by Stormind Games, Circus Maximus, Hill-Knowlton. We replaced Resource Guru many times.","robots":{"index":"index","follow":"follow","max-snippet":"max-snippet:-1","max-image-preview":"max-image-preview:large","max-video-preview":"max-video-preview:-1"},"canonical":"https:\/\/teamdeck.io\/et\/teamdeck-vs-ressursi-guru\/","og_locale":"et_EE","og_type":"article","og_title":"Resource Guru Alternative","og_description":"Teamdeck.io - resource management software is in use by Stormind Games, Circus Maximus, Hill-Knowlton. We replaced Resource Guru many times.","og_url":"https:\/\/teamdeck.io\/et\/teamdeck-vs-ressursi-guru\/","og_site_name":"Teamdeck","article_publisher":"https:\/\/www.facebook.com\/helloteamdeck","article_modified_time":"2022-01-11T14:19:56+00:00","og_image":[{"url":"https:\/\/teamdeck.io\/wp-content\/uploads\/2020\/03\/Untitled-design-11-300x250.png","type":"","width":"","height":""}],"twitter_card":"summary_large_image","twitter_site":"@helloteamdeck","twitter_misc":{"Est. reading time":"2 minutes"},"schema":{"@context":"https:\/\/schema.org","@graph":[{"@type":"WebPage","@id":"https:\/\/teamdeck.io\/teamdeck-vs-resource-guru\/","url":"https:\/\/teamdeck.io\/teamdeck-vs-resource-guru\/","name":"Resource Guru alternatives - Teamdeck - Resource Management Software","isPartOf":{"@id":"https:\/\/teamdeck.io\/#website"},"primaryImageOfPage":{"@id":"https:\/\/teamdeck.io\/teamdeck-vs-resource-guru\/#primaryimage"},"image":{"@id":"https:\/\/teamdeck.io\/teamdeck-vs-resource-guru\/#primaryimage"},"thumbnailUrl":"https:\/\/teamdeck.io\/wp-content\/uploads\/2020\/03\/Untitled-design-11-300x250.png","datePublished":"2020-03-10T19:55:27+00:00","dateModified":"2022-01-11T14:19:56+00:00","description":"Teamdeck.io - resource management software is in use by Stormind Games, Circus Maximus, Hill-Knowlton. We replaced Resource Guru many times.","breadcrumb":{"@id":"https:\/\/teamdeck.io\/teamdeck-vs-resource-guru\/#breadcrumb"},"inLanguage":"et","potentialAction":[{"@type":"ReadAction","target":["https:\/\/teamdeck.io\/teamdeck-vs-resource-guru\/"]}]},{"@type":"ImageObject","inLanguage":"et","@id":"https:\/\/teamdeck.io\/teamdeck-vs-resource-guru\/#primaryimage","url":"https:\/\/teamdeck.io\/wp-content\/uploads\/2020\/03\/Untitled-design-11-300x250.png","contentUrl":"https:\/\/teamdeck.io\/wp-content\/uploads\/2020\/03\/Untitled-design-11-300x250.png"},{"@type":"BreadcrumbList","@id":"https:\/\/teamdeck.io\/teamdeck-vs-resource-guru\/#breadcrumb","itemListElement":[{"@type":"ListItem","position":1,"name":"Home","item":"https:\/\/teamdeck.io\/"},{"@type":"ListItem","position":2,"name":"Resource Guru Alternative"}]},{"@type":"WebSite","@id":"https:\/\/teamdeck.io\/#website","url":"https:\/\/teamdeck.io\/","name":"Teamdeck","description":"resource scheduling + time tracking + leave management","potentialAction":[{"@type":"SearchAction","target":{"@type":"EntryPoint","urlTemplate":"https:\/\/teamdeck.io\/?s={search_term_string}"},"query-input":{"@type":"PropertyValueSpecification","valueRequired":true,"valueName":"search_term_string"}}],"inLanguage":"et"}]}},"_links":{"self":[{"href":"https:\/\/teamdeck.io\/et\/wp-json\/wp\/v2\/pages\/5786","targetHints":{"allow":["GET"]}}],"collection":[{"href":"https:\/\/teamdeck.io\/et\/wp-json\/wp\/v2\/pages"}],"about":[{"href":"https:\/\/teamdeck.io\/et\/wp-json\/wp\/v2\/types\/page"}],"author":[{"embeddable":true,"href":"https:\/\/teamdeck.io\/et\/wp-json\/wp\/v2\/users\/17"}],"replies":[{"embeddable":true,"href":"https:\/\/teamdeck.io\/et\/wp-json\/wp\/v2\/comments?post=5786"}],"version-history":[{"count":10,"href":"https:\/\/teamdeck.io\/et\/wp-json\/wp\/v2\/pages\/5786\/revisions"}],"predecessor-version":[{"id":9001,"href":"https:\/\/teamdeck.io\/et\/wp-json\/wp\/v2\/pages\/5786\/revisions\/9001"}],"wp:attachment":[{"href":"https:\/\/teamdeck.io\/et\/wp-json\/wp\/v2\/media?parent=5786"}],"curies":[{"name":"wp","href":"https:\/\/api.w.org\/{rel}","templated":true}]}}