{"id":2853,"date":"2017-09-07T12:08:23","date_gmt":"2017-09-07T10:08:23","guid":{"rendered":"https:\/\/teamdeck.io\/?page_id=2853"},"modified":"2024-04-08T13:08:17","modified_gmt":"2024-04-08T11:08:17","slug":"privacy-policy","status":"publish","type":"page","link":"https:\/\/teamdeck.io\/et\/privaatsuspoliitika\/","title":{"rendered":"Privaatsuspoliitika"},"content":{"rendered":"<div class=\"vc_row wpb_row vc_row-fluid redl-row-section padding-default bgv-default bgh-default halign-default\"><div class=\"wpb_column vc_column_container text-left vc_col-sm-12 padding-default bgv-default bgh-default halign-default\"><div class=\"vc_column-inner\"><div class=\"wpb_wrapper\"><div class=\"vc_empty_space\"   style=\"height: 32px\" ><span class=\"vc_empty_space_inner\"><\/span><\/div>\n\n\t<div class=\"wpb_text_column wpb_content_element\" >\n\t\t<div class=\"wpb_wrapper\">\n\t\t\t<h1 class=\"ng-scope\" style=\"text-align: center;\">Privaatsuspoliitika<\/h1>\n<p class=\"ng-scope\" style=\"text-align: center;\"><small>Viimati uuendatud: jaanuar 30, 2024<\/small><\/p>\n\n\t\t<\/div>\n\t<\/div>\n<div class=\"vc_empty_space\"   style=\"height: 32px\" ><span class=\"vc_empty_space_inner\"><\/span><\/div>\n\n\t<div class=\"wpb_text_column wpb_content_element\" >\n\t\t<div class=\"wpb_wrapper\">\n\t\t\t<p class=\"ng-scope\">Teamdeck sp. z o.o. (\"meie\", \"meie\" v\u00f5i \"meie\"), mille registrij\u00e4rgne asukoht on: Nowowiejskiego 55, 61-734 Pozna\u0144, Poola, NIP: 7831750055, REGON: 365865326, registreeritud Pozna\u0144i piirkonnakohtus - Nowe Miasto I Wilda Pozna\u0144is, riikliku kohturegistri VIII kaubandusosakonnas, registreeritud \u00e4riregistris (KRS) numbri all. 0000646426, haldab veebilehte https:\/\/teamdeck.io (edaspidi \"teenus\").<\/p>\n<p class=\"ng-scope\">Sellel lehek\u00fcljel teavitame teid meie p\u00f5him\u00f5tetest seoses isikuandmete kogumise, kasutamise ja avalikustamisega, kui kasutate meie teenust.<\/p>\n<p class=\"ng-scope\">Me ei kasuta ega jaga teie andmeid kellegagi, v\u00e4lja arvatud k\u00e4esolevas privaatsuspoliitikas kirjeldatud viisil.<\/p>\n<p class=\"ng-scope\">Me kasutame teie isikuandmeid teenuse osutamiseks ja t\u00e4iustamiseks. Teenust kasutades n\u00f5ustute andmete kogumise ja kasutamisega vastavalt k\u00e4esolevale poliitikale. Kui k\u00e4esolevas privaatsuspoliitikas ei ole m\u00e4\u00e4ratletud teisiti, on k\u00e4esolevas privaatsuspoliitikas kasutatavatel terminitel sama t\u00e4hendus, mis meie kasutustingimustes, mis on k\u00e4ttesaadavad aadressil https:\/\/teamdeck.io.<\/p>\n<p class=\"ng-scope\">Teamdeck sp. z o.o. on Poolas asuv ettev\u00f5te ja t\u00e4idab seega Poola seadusi, eelk\u00f5ige 29. augusti 1997. aasta isikuandmete kaitse seadust (Teataja nr 133, punkt 883, muudetud kujul).<\/p>\n<p class=\"ng-scope\"><strong>\u00a71. Teabe kogumine ja kasutamine<\/strong><\/p>\n<p class=\"ng-scope\">Teenuse kasutamise ajal v\u00f5ime paluda kliendil esitada meile teatud isikuandmeid, mida saab kasutada kliendiga \u00fchenduse v\u00f5tmiseks v\u00f5i tema tuvastamiseks. Isikuandmeid v\u00f5ivad olla muu hulgas kliendi e-posti aadress, nimi, telefoninumber, postiaadress (\"Isikuandmed\").<\/p>\n<p class=\"ng-scope\"><strong>\u00a72. Logiandmed<\/strong><\/p>\n<p class=\"ng-scope\">1. Me v\u00f5ime koguda ka teavet, mida kliendi brauser saadab, kui klient k\u00fclastab meie Teenust (\"Logiandmed\"). Need logiandmed v\u00f5ivad sisaldada sellist teavet nagu kliendi arvuti internetiprotokolli (\"IP\") aadress, brauseri t\u00fc\u00fcp, brauseri versioon, meie teenuse lehek\u00fcljed, mida klient k\u00fclastab, kliendi k\u00fclastuse aeg ja kuup\u00e4ev, nendel lehek\u00fclgedel veedetud aeg ja muud statistilised andmed.<\/p>\n<p class=\"ng-scope\">2. Lisaks v\u00f5ime kasutada kolmanda osapoole teenuseid, nagu Google Analytics, mis koguvad, j\u00e4lgivad ja anal\u00fc\u00fcsivad seda t\u00fc\u00fcpi teavet, et suurendada meie teenuse funktsionaalsust. Nendel kolmandatest isikutest teenusepakkujatel on oma privaatsuspoliitikad, mis k\u00e4sitlevad selliste andmete kasutamist.<\/p>\n<p><strong class=\"ng-scope\">\u00a73. K\u00fcpsised<\/strong><\/p>\n<p class=\"ng-scope\">1. K\u00fcpsised on failid, mis sisaldavad v\u00e4ikest hulka andmeid, mis v\u00f5ivad sisaldada anon\u00fc\u00fcmset unikaalset identifikaatorit. K\u00fcpsised saadetakse veebilehelt kliendi brauserisse ja salvestatakse kliendi arvuti k\u00f5vakettale.<\/p>\n<p class=\"ng-scope\">2. Me kasutame teabe kogumiseks \"k\u00fcpsiseid\". Klient v\u00f5ib anda oma veebilehitsejale korralduse keelduda k\u00f5ikidest k\u00fcpsistest v\u00f5i n\u00e4idata, kui k\u00fcpsised saadetakse. Kui klient ei aktsepteeri k\u00fcpsiseid, ei pruugi ta siiski olla v\u00f5imeline kasutama meie teenuse m\u00f5ningaid osi.<\/p>\n<p class=\"ng-scope\"><strong>\u00a74. K\u00e4itumuslik edasim\u00fc\u00fck<\/strong><\/p>\n<p class=\"ng-scope\">1. Teamdeck sp. z o.o. kasutab remarketingi teenuseid, et reklaamida kliendile kolmandate osapoolte veebilehtedel p\u00e4rast seda, kui klient on k\u00fclastanud meie Teenust. Meie ja meie kolmandatest isikutest m\u00fc\u00fcjad kasutavad k\u00fcpsiseid, et teavitada, optimeerida ja edastada reklaame, mis p\u00f5hinevad kliendi varasematel k\u00fclastustel meie Teenusel.<\/p>\n<ul>\n<li><strong>Google<\/strong><\/li>\n<\/ul>\n<p style=\"padding-left: 30px;\">Google AdWords remarketing teenust pakub Google Inc.<\/p>\n<p style=\"padding-left: 30px;\">Saate Google Analyticsist loobuda Display-reklaami jaoks ja kohandada Google Display Networki reklaame, k\u00fclastades Google'i reklaami seadete lehek\u00fclge: http:\/\/www.google.com\/settings\/ads.<\/p>\n<p style=\"padding-left: 30px;\">Google soovitab paigaldada oma veebibrauserisse ka Google Analyticsi v\u00e4ljal\u00fclitamise brauserilisandi https:\/\/tools.google.com\/dlpage\/gaoptout. Google Analytics Opt-out Browser Add-on annab k\u00fclastajatele v\u00f5imaluse takistada oma andmete kogumist ja kasutamist Google Analyticsi poolt.<\/p>\n<p style=\"padding-left: 30px;\">Lisateavet Google'i privaatsustavade kohta leiate Google'i privaatsuse ja tingimuste veebilehelt: http:\/\/www.google.com\/intl\/en\/policies\/privacy\/.<\/p>\n<ul>\n<li><strong><strong>Facebook<\/strong><\/strong><\/li>\n<\/ul>\n<p style=\"padding-left: 30px;\"><strong><strong><br \/>\n<\/strong><\/strong><br \/>\nFacebooki remarketingi teenust pakub Facebook Inc.<\/p>\n<p style=\"padding-left: 30px;\">Facebooki huvip\u00f5hise reklaami kohta saate rohkem teada, kui k\u00fclastate seda lehek\u00fclge: https:\/\/www.facebook.com\/help\/164968693837950.<\/p>\n<p style=\"padding-left: 30px;\">Facebooki huvip\u00f5histest reklaamidest loobumiseks j\u00e4rgige neid Facebooki juhiseid: https:\/\/www.facebook.com\/about\/ads\/#568137493302217.<\/p>\n<p style=\"padding-left: 30px;\">Facebook j\u00e4rgib digitaalse reklaami liidu poolt kehtestatud veebip\u00f5hise k\u00e4itumusliku reklaami iseregulatsiooni p\u00f5him\u00f5tteid. Samuti saate loobuda Facebooki ja teiste osalevate ettev\u00f5tete reklaami kasutamisest USAs Digital Advertising Alliance'i http:\/\/www.aboutads.info\/choices\/, Kanadas Digital Advertising Alliance of Canada http:\/\/youradchoices.ca\/ v\u00f5i Euroopas European Interactive Digital Advertising Alliance'i http:\/\/www.youronlinechoices.eu\/ kaudu v\u00f5i loobuda sellest oma mobiilseadme seadete abil.<\/p>\n<p style=\"padding-left: 30px;\">Lisateavet Facebooki privaatsustavade kohta leiate Facebooki andmepoliitikast: https:\/\/www.facebook.com\/privacy\/explanation.<\/p>\n<p class=\"ng-scope\"><strong>\u00a75. Teenusepakkujad<\/strong><\/p>\n<p class=\"ng-scope\">1. Me v\u00f5ime palgata kolmandaid isikuid ja ettev\u00f5tteid, et h\u00f5lbustada meie Teenust, pakkuda Teenust meie nimel, osutada Teenusega seotud teenuseid v\u00f5i aidata meil anal\u00fc\u00fcsida, kuidas meie Teenust kasutatakse.<\/p>\n<p class=\"ng-scope\">2. Nendel kolmandatel isikutel on juurdep\u00e4\u00e4s kliendi isikuandmetele ainult selleks, et t\u00e4ita neid \u00fclesandeid meie nimel, ja nad on kohustatud neid mitte avaldama ega kasutama neid mis tahes muul eesm\u00e4rgil.<\/p>\n<p class=\"ng-scope\"><strong>\u00a76. Side<\/strong><\/p>\n<p class=\"ng-scope\">V\u00f5ime kasutada kliendi isikuandmeid, et saata kliendile uudiskirju, turundus- v\u00f5i reklaammaterjale ja muud teavet, mis v\u00f5ib kliendile huvi pakkuda. Klient v\u00f5ib loobuda mis tahes v\u00f5i k\u00f5igi selliste teadete saamisest meilt, j\u00e4rgides tellimuse t\u00fchistamise linki v\u00f5i juhiseid, mis on esitatud igas meie saadetud e-kirjas.<\/p>\n<p class=\"ng-scope\"><strong>\u00a77. Seaduste j\u00e4rgimine<\/strong><\/p>\n<p class=\"ng-scope\">Avaldame kliendi isikuandmeid, kui seadus v\u00f5i kohtukutse seda n\u00f5uab, v\u00f5i kui usume, et selline tegevus on vajalik seaduse ja \u00f5iguskaitseasutuste m\u00f5istlike n\u00f5udmiste t\u00e4itmiseks v\u00f5i meie teenuse turvalisuse v\u00f5i terviklikkuse kaitsmiseks.<\/p>\n<p class=\"ng-scope\"><strong>\u00a78. \u00c4ritehing<\/strong><\/p>\n<p class=\"ng-scope\">Kui Teamdeck sp. z o.o. osaleb \u00fchinemisel, omandamisel v\u00f5i varade m\u00fc\u00fcgil, v\u00f5idakse klientide isikuandmeid edastada. Me teavitame teid sellest enne, kui kliendi isikuandmed edastatakse ja nende suhtes hakatakse kohaldama teistsugust privaatsuspoliitikat.<\/p>\n<p class=\"ng-scope\"><strong>\u00a79. Turvalisus<\/strong><\/p>\n<p class=\"ng-scope\">Klientide isikuandmete turvalisus on meile oluline, kuid pidage meeles, et \u00fckski Interneti-\u00fclekande v\u00f5i elektroonilise salvestamise meetod ei ole 100% turvaline. Kuigi me p\u00fc\u00fcame kasutada klientide isikuandmete kaitsmiseks kaubanduslikult vastuv\u00f5etavaid vahendeid, ei saa me tagada nende absoluutset turvalisust.<\/p>\n<p class=\"ng-scope\"><strong>\u00a710.Rahvusvaheline \u00fclekanne<\/strong><\/p>\n<p class=\"ng-scope\">1. Klientide andmeid, sealhulgas isikuandmeid, v\u00f5idakse edastada ja s\u00e4ilitada arvutites, mis asuvad v\u00e4ljaspool teie riiki, provintsi, riiki v\u00f5i muud riiklikku jurisdiktsiooni, kus andmekaitseseadused v\u00f5ivad erineda teie jurisdiktsiooni omadest.<\/p>\n<p class=\"ng-scope\">2. Kui klient asub v\u00e4ljaspool Poolat ja otsustab meile teavet edastada, siis v\u00f5tke arvesse, et me edastame teabe, sealhulgas isikuandmed, Poolasse ja t\u00f6\u00f6tleme neid seal.<\/p>\n<p class=\"ng-scope\">3. Kliendi n\u00f5usolek k\u00e4esoleva privaatsuspoliitikaga, millele j\u00e4rgneb sellise teabe esitamine, kujutab endast kliendi n\u00f5usolekut selle edastamisega ja kliendi n\u00f5usolekut.<\/p>\n<p class=\"ng-scope\"><strong>\u00a711. Lingid teistele veebilehtedele<\/strong><\/p>\n<p class=\"ng-scope\">1. Meie teenus v\u00f5ib sisaldada linke teistele veebilehtedele, mida me ei halda. Kui klient kl\u00f5psab kolmanda osapoole lingile, suunatakse klient selle kolmanda osapoole veebilehele. Soovitame tungivalt, et klient tutvuks iga saidi, mida ta k\u00fclastab, privaatsuspoliitikaga.<\/p>\n<p class=\"ng-scope\">2. Me ei kontrolli ega vastuta kolmandate osapoolte veebisaitide v\u00f5i teenuste sisu, privaatsuspoliitikate v\u00f5i tavade eest.<\/p>\n<p class=\"ng-scope\"><strong>\u00a712. Laste eraelu puutumatus<\/strong><\/p>\n<p class=\"ng-scope\">1. Meie teenus ei ole suunatud alla 13-aastastele (\"Lapsed\").<\/p>\n<p class=\"ng-scope\">2. Me ei kogu teadlikult isikuandmeid alla 13-aastastelt lastelt. Kui te olete lapsevanem v\u00f5i eestkostja ja teate, et teie lapsed on andnud meile isikuandmeid, v\u00f5tke meiega \u00fchendust. Kui me saame teada, et oleme kogunud alla 13-aastastelt lastelt isikuandmeid ilma vanemate n\u00f5usolekut kontrollimata, v\u00f5tame meetmeid, et eemaldada need andmed meie serveritest.<\/p>\n<p class=\"ng-scope\"><strong>\u00a713. Muudatused k\u00e4esolevasse privaatsuspoliitikasse<\/strong><\/p>\n<p class=\"ng-scope\">1. Me v\u00f5ime oma privaatsuspoliitikat aeg-ajalt ajakohastada. Me teavitame klienti k\u00f5igist muudatustest, avaldades uue privaatsuspoliitika sellel lehek\u00fcljel.<\/p>\n<p class=\"ng-scope\">2. Klientidel soovitatakse k\u00e4esolevat privaatsuspoliitikat perioodiliselt l\u00e4bi vaadata, et teha selles muudatusi. K\u00e4esoleva privaatsuspoliitika muudatused j\u00f5ustuvad siis, kui need avaldatakse sellel lehek\u00fcljel.<\/p>\n\n\t\t<\/div>\n\t<\/div>\n<div class=\"vc_empty_space\"   style=\"height: 32px\" ><span class=\"vc_empty_space_inner\"><\/span><\/div>\n<\/div><\/div><\/div><\/div>","protected":false},"excerpt":{"rendered":"Privaatsuspoliitika Viimati uuendatud: Teamdeck sp. z o.o. (\"meie\", \"me\" v\u00f5i \"meie\"), mille registrij\u00e4rgne asukoht on: Nowowiejskiego 55, 61-734 Pozna\u0144, Poola, NIP: 7831750055, REGON: 365865326, registreeritud maakohtus Pozna\u0144 - Nowe...","protected":false},"author":17,"featured_media":0,"parent":0,"menu_order":0,"comment_status":"closed","ping_status":"closed","template":"","meta":{"footnotes":""},"class_list":["post-2853","page","type-page","status-publish","hentry"],"yoast_head":"<!-- This site is optimized with the Yoast SEO Premium plugin v23.8 (Yoast SEO v24.3) - https:\/\/yoast.com\/wordpress\/plugins\/seo\/ -->\n<title>Teamdeck - Privacy Policy<\/title>\n<meta name=\"description\" content=\"Teamdeck cares about your privacy and security of its service. Please, read the following privacy policy carefully.\" \/>\n<meta name=\"robots\" content=\"index, follow, max-snippet:-1, max-image-preview:large, max-video-preview:-1\" \/>\n<link rel=\"canonical\" href=\"https:\/\/teamdeck.io\/et\/privaatsuspoliitika\/\" \/>\n<meta property=\"og:locale\" content=\"et_EE\" \/>\n<meta property=\"og:type\" content=\"article\" \/>\n<meta property=\"og:title\" content=\"Teamdeck - Privacy Policy\" \/>\n<meta property=\"og:description\" content=\"Teamdeck cares about your privacy and security of its service. Please, read the following privacy policy carefully.\" \/>\n<meta property=\"og:url\" content=\"https:\/\/teamdeck.io\/et\/privaatsuspoliitika\/\" \/>\n<meta property=\"og:site_name\" content=\"Teamdeck\" \/>\n<meta property=\"article:publisher\" content=\"https:\/\/www.facebook.com\/helloteamdeck\" \/>\n<meta property=\"article:modified_time\" content=\"2024-04-08T11:08:17+00:00\" \/>\n<meta property=\"og:image\" content=\"https:\/\/cdn.teamdeck.io\/uploads\/website\/2017\/09\/teamdeck-share.png\" \/>\n<meta name=\"twitter:card\" content=\"summary_large_image\" \/>\n<meta name=\"twitter:title\" content=\"Teamdeck - Privacy Policy\" \/>\n<meta name=\"twitter:description\" content=\"Teamdeck cares about your privacy and security of its service. Please, read the following privacy policy carefully.\" \/>\n<meta name=\"twitter:image\" content=\"https:\/\/cdn.teamdeck.io\/uploads\/website\/2017\/09\/teamdeck-share.png\" \/>\n<meta name=\"twitter:site\" content=\"@helloteamdeck\" \/>\n<meta name=\"twitter:label1\" content=\"Est. reading time\" \/>\n\t<meta name=\"twitter:data1\" content=\"6 minutes\" \/>\n<script type=\"application\/ld+json\" class=\"yoast-schema-graph\">{\"@context\":\"https:\/\/schema.org\",\"@graph\":[{\"@type\":\"WebPage\",\"@id\":\"https:\/\/teamdeck.io\/privacy-policy\/\",\"url\":\"https:\/\/teamdeck.io\/privacy-policy\/\",\"name\":\"Teamdeck - Privacy Policy\",\"isPartOf\":{\"@id\":\"https:\/\/teamdeck.io\/#website\"},\"datePublished\":\"2017-09-07T10:08:23+00:00\",\"dateModified\":\"2024-04-08T11:08:17+00:00\",\"description\":\"Teamdeck cares about your privacy and security of its service. Please, read the following privacy policy carefully.\",\"breadcrumb\":{\"@id\":\"https:\/\/teamdeck.io\/privacy-policy\/#breadcrumb\"},\"inLanguage\":\"et\",\"potentialAction\":[{\"@type\":\"ReadAction\",\"target\":[\"https:\/\/teamdeck.io\/privacy-policy\/\"]}]},{\"@type\":\"BreadcrumbList\",\"@id\":\"https:\/\/teamdeck.io\/privacy-policy\/#breadcrumb\",\"itemListElement\":[{\"@type\":\"ListItem\",\"position\":1,\"name\":\"Home\",\"item\":\"https:\/\/teamdeck.io\/\"},{\"@type\":\"ListItem\",\"position\":2,\"name\":\"Privacy Policy\"}]},{\"@type\":\"WebSite\",\"@id\":\"https:\/\/teamdeck.io\/#website\",\"url\":\"https:\/\/teamdeck.io\/\",\"name\":\"Teamdeck\",\"description\":\"resource scheduling + time tracking + leave management\",\"potentialAction\":[{\"@type\":\"SearchAction\",\"target\":{\"@type\":\"EntryPoint\",\"urlTemplate\":\"https:\/\/teamdeck.io\/?s={search_term_string}\"},\"query-input\":{\"@type\":\"PropertyValueSpecification\",\"valueRequired\":true,\"valueName\":\"search_term_string\"}}],\"inLanguage\":\"et\"}]}<\/script>\n<!-- \/ Yoast SEO Premium plugin. -->","yoast_head_json":{"title":"Teamdeck - Privacy Policy","description":"Teamdeck cares about your privacy and security of its service. Please, read the following privacy policy carefully.","robots":{"index":"index","follow":"follow","max-snippet":"max-snippet:-1","max-image-preview":"max-image-preview:large","max-video-preview":"max-video-preview:-1"},"canonical":"https:\/\/teamdeck.io\/et\/privaatsuspoliitika\/","og_locale":"et_EE","og_type":"article","og_title":"Teamdeck - Privacy Policy","og_description":"Teamdeck cares about your privacy and security of its service. Please, read the following privacy policy carefully.","og_url":"https:\/\/teamdeck.io\/et\/privaatsuspoliitika\/","og_site_name":"Teamdeck","article_publisher":"https:\/\/www.facebook.com\/helloteamdeck","article_modified_time":"2024-04-08T11:08:17+00:00","og_image":[{"url":"https:\/\/cdn.teamdeck.io\/uploads\/website\/2017\/09\/teamdeck-share.png","type":"","width":"","height":""}],"twitter_card":"summary_large_image","twitter_title":"Teamdeck - Privacy Policy","twitter_description":"Teamdeck cares about your privacy and security of its service. Please, read the following privacy policy carefully.","twitter_image":"https:\/\/cdn.teamdeck.io\/uploads\/website\/2017\/09\/teamdeck-share.png","twitter_site":"@helloteamdeck","twitter_misc":{"Est. reading time":"6 minutes"},"schema":{"@context":"https:\/\/schema.org","@graph":[{"@type":"WebPage","@id":"https:\/\/teamdeck.io\/privacy-policy\/","url":"https:\/\/teamdeck.io\/privacy-policy\/","name":"Teamdeck - Privacy Policy","isPartOf":{"@id":"https:\/\/teamdeck.io\/#website"},"datePublished":"2017-09-07T10:08:23+00:00","dateModified":"2024-04-08T11:08:17+00:00","description":"Teamdeck cares about your privacy and security of its service. Please, read the following privacy policy carefully.","breadcrumb":{"@id":"https:\/\/teamdeck.io\/privacy-policy\/#breadcrumb"},"inLanguage":"et","potentialAction":[{"@type":"ReadAction","target":["https:\/\/teamdeck.io\/privacy-policy\/"]}]},{"@type":"BreadcrumbList","@id":"https:\/\/teamdeck.io\/privacy-policy\/#breadcrumb","itemListElement":[{"@type":"ListItem","position":1,"name":"Home","item":"https:\/\/teamdeck.io\/"},{"@type":"ListItem","position":2,"name":"Privacy Policy"}]},{"@type":"WebSite","@id":"https:\/\/teamdeck.io\/#website","url":"https:\/\/teamdeck.io\/","name":"Teamdeck","description":"resource scheduling + time tracking + leave management","potentialAction":[{"@type":"SearchAction","target":{"@type":"EntryPoint","urlTemplate":"https:\/\/teamdeck.io\/?s={search_term_string}"},"query-input":{"@type":"PropertyValueSpecification","valueRequired":true,"valueName":"search_term_string"}}],"inLanguage":"et"}]}},"_links":{"self":[{"href":"https:\/\/teamdeck.io\/et\/wp-json\/wp\/v2\/pages\/2853","targetHints":{"allow":["GET"]}}],"collection":[{"href":"https:\/\/teamdeck.io\/et\/wp-json\/wp\/v2\/pages"}],"about":[{"href":"https:\/\/teamdeck.io\/et\/wp-json\/wp\/v2\/types\/page"}],"author":[{"embeddable":true,"href":"https:\/\/teamdeck.io\/et\/wp-json\/wp\/v2\/users\/17"}],"replies":[{"embeddable":true,"href":"https:\/\/teamdeck.io\/et\/wp-json\/wp\/v2\/comments?post=2853"}],"version-history":[{"count":15,"href":"https:\/\/teamdeck.io\/et\/wp-json\/wp\/v2\/pages\/2853\/revisions"}],"predecessor-version":[{"id":12719,"href":"https:\/\/teamdeck.io\/et\/wp-json\/wp\/v2\/pages\/2853\/revisions\/12719"}],"wp:attachment":[{"href":"https:\/\/teamdeck.io\/et\/wp-json\/wp\/v2\/media?parent=2853"}],"curies":[{"name":"wp","href":"https:\/\/api.w.org\/{rel}","templated":true}]}}