{"id":2849,"date":"2017-09-07T11:34:10","date_gmt":"2017-09-07T09:34:10","guid":{"rendered":"https:\/\/teamdeck.io\/?page_id=2849"},"modified":"2024-10-17T10:30:32","modified_gmt":"2024-10-17T08:30:32","slug":"terms-and-conditions","status":"publish","type":"page","link":"https:\/\/teamdeck.io\/et\/tingimused\/","title":{"rendered":"Tingimused"},"content":{"rendered":"<div class=\"vc_row wpb_row vc_row-fluid redl-row-section padding-default bgv-default bgh-default halign-default\"><div class=\"wpb_column vc_column_container text-left vc_col-sm-12 padding-default bgv-default bgh-default halign-default\"><div class=\"vc_column-inner\"><div class=\"wpb_wrapper\"><div class=\"vc_empty_space\"   style=\"height: 32px\" ><span class=\"vc_empty_space_inner\"><\/span><\/div>\n\n\t<div class=\"wpb_text_column wpb_content_element\" >\n\t\t<div class=\"wpb_wrapper\">\n\t\t\t<h1 class=\"ng-scope\" style=\"text-align: center;\">Tingimused (\"Tingimused\")<\/h1>\n\n\t\t<\/div>\n\t<\/div>\n<div class=\"vc_empty_space\"   style=\"height: 32px\" ><span class=\"vc_empty_space_inner\"><\/span><\/div>\n<\/div><\/div><\/div><\/div><div class=\"vc_row wpb_row vc_row-fluid redl-row-section padding-default bgv-default bgh-default halign-default\"><div class=\"wpb_column vc_column_container text-left vc_col-sm-12 padding-default bgv-default bgh-default halign-default\"><div class=\"vc_column-inner\"><div class=\"wpb_wrapper\">\n\t<div class=\"wpb_text_column wpb_content_element\" >\n\t\t<div class=\"wpb_wrapper\">\n\t\t\t<p><span style=\"font-weight: 400;\">Palun lugege hoolikalt l\u00e4bi k\u00e4esolevad kasutustingimused (\"Tingimused\", \"Tingimused\") enne veebilehe https:\/\/teamdeck.io (\"Teenus\") kasutamist, mida haldab Teamdeck sp. z o.o. (\"meie\", \"me\", \"Teamdeck\" v\u00f5i \"meie\"), mille registrij\u00e4rgne asukoht on: G\u00f3recka 1, 60-201 Pozna\u0144, Poola, NIP: 7831750055, REGON: 365865326, kantud riikliku kohturegistri ettev\u00f5tjate registrisse, mida peab Pozna\u0144i ringkonnakohus Pozna\u0144-Nowe Miasto i Wilda, riikliku kohturegistri VIII kaubandusosakond, KRS. 0000646426.<\/span><\/p>\n<p><span style=\"font-weight: 400;\">Kliendi juurdep\u00e4\u00e4s Teenusele ja selle kasutamine s\u00f5ltub sellest, kas klient n\u00f5ustub k\u00e4esolevate Tingimustega ja j\u00e4rgib neid. K\u00e4esolevad tingimused kehtivad k\u00f5igi k\u00fclastajate, kasutajate ja teiste isikute suhtes, kes p\u00e4\u00e4sevad Teenusele juurde v\u00f5i kasutavad seda.<\/span><\/p>\n<p><span style=\"font-weight: 400;\">Teenusele juurdep\u00e4\u00e4suga v\u00f5i selle kasutamisega n\u00f5ustub klient k\u00e4esolevate Tingimustega. Kui klient ei n\u00f5ustu mis tahes osaga tingimustest, ei tohi ta Teenusele ligi p\u00e4\u00e4seda.<\/span><\/p>\n<p class=\"ng-scope\"><strong>\u00a71. Tehnilised n\u00f5uded<\/strong><\/p>\n<p class=\"ng-scope\">1. Tingimusi k\u00e4sitletakse klientide poolt Teamdeck'i funktsioonide kasutamisega seotud ulatuses kui 18. juuli 2002. aasta elektrooniliste teenuste osutamise seaduse (2002. aasta Teataja nr 144, punkt 1204, muudetud kujul) artiklis 8 nimetatud \"eeskirju\".<\/p>\n<p class=\"ng-scope\">2. Tehnilised n\u00f5uded puudutavad tehnilisi aspekte, mida klient peab teenuse kasutamiseks t\u00e4itma. Klient peaks kasutama:<\/p>\n<ul class=\"ng-scope\">\n<li>Chrome (praegune versioon)<\/li>\n<li>Mac \/ Windows<\/li>\n<li>8 GB RAM<\/li>\n<li>Protsessor Intel Core i3 Gen 2 v\u00f5i uuem<\/li>\n<\/ul>\n<p>3.\u00a0<span style=\"font-weight: 400;\">Uue konto loomiseks peab klient t\u00e4itma vormi ning lugema ja aktsepteerima meie tingimusi. Klient n\u00f5ustub meie Tingimustega, m\u00e4rkides m\u00e4rkeruutu \"Olen lugenud ja aktsepteerin Tingimused\". Klient saab sisse logida ka Podio konto v\u00f5i Google'i rakenduste abil. Laulmine nimetatud teenuseid kasutades t\u00e4hendab n\u00f5ustumist k\u00e4esolevate Tingimustega. \u00a0<\/span><\/p>\n<p class=\"ng-scope\"><strong>\u00a72. Tellimused<\/strong><\/p>\n<p class=\"ng-scope\"><span style=\"font-weight: 400;\">1. M\u00f5ne teenuse osa eest v\u00f5etakse arve tellimuse alusel (\"Tellimus(ed)\"). Teile esitatakse korduv ja perioodiline ettemaksuarve (\"Arveldusts\u00fckkel\"). Arveldusts\u00fcklid on m\u00e4\u00e4ratud kas igakuiselt v\u00f5i iga-aastaselt, s\u00f5ltuvalt sellest, millise tellimusplaani te Tellimuse ostmisel valisite.<\/span><\/p>\n<p class=\"ng-scope\"><span style=\"font-weight: 400;\">2. Iga arveldusts\u00fckli l\u00f5pus pikeneb kliendi Tellimus automaatselt t\u00e4pselt samadel tingimustel, kui klient seda ei t\u00fchista v\u00f5i Teamdeck seda ei t\u00fchista. Klient v\u00f5ib oma Tellimuse uuendamise t\u00fchistada kas veebip\u00f5hise kontohalduse lehe kaudu v\u00f5i Teamdecki klienditoe meeskonnaga \u00fchendust v\u00f5ttes.<\/span><\/p>\n<p><span style=\"font-weight: 400;\">Kliendi Tellimuse eest tasumiseks on vaja kehtivat makseviisi, sealhulgas krediitkaarti. Klient esitab Teamdeckile t\u00e4psed ja t\u00e4ielikud arveldusandmed, sealhulgas t\u00e4ieliku nime, aadressi, riigi, postiindeksi, telefoninumbri ja kehtiva makseviisi andmed. Selliste makseandmete esitamisega volitab klient automaatselt Teamdeck'i, et k\u00f5ik kliendi konto kaudu tekkinud Tellimuse tasud debiteeritakse mis tahes sellistele maksevahenditele.<\/span><\/p>\n<p><span style=\"font-weight: 400;\">3. Kui automaatne arveldamine mingil p\u00f5hjusel ei \u00f5nnestu, v\u00e4ljastab Teamdeck elektroonilise arve, milles m\u00e4rgitakse, et klient peab arvel m\u00e4rgitud arveldusperioodile vastava summa tasuma k\u00e4sitsi teatud t\u00e4htaja jooksul.<\/span><\/p>\n<p class=\"ng-scope\"><strong>\u00a73. Tasuta katse<\/strong><\/p>\n<p class=\"ng-scope\"><span style=\"font-weight: 400;\">1. Teamdeck. v\u00f5ib oma \u00e4ran\u00e4gemise j\u00e4rgi pakkuda Tellimusele piiratud ajaks tasuta prooviperioodi (\"Tasuta prooviperiood\").<\/span><\/p>\n<p class=\"ng-scope\"><span style=\"font-weight: 400;\">2. Tasuta prooviperioodile registreerumiseks v\u00f5ib kliendilt n\u00f5uda oma arveldusandmete sisestamist ja kehtiva mobiiltelefoni numbri esitamist.<\/p>\n<p>Esitatud mobiiltelefoni numbrit kasutatakse konto kinnitamiseks ja tasuta prooviperioodi ja hilisema tellimisega seotud suhtlemiseks.<\/p>\n<p>Kui klient sisestab tasuta prooviperioodi registreerimisel oma arveldusandmed, ei v\u00f5ta Teamdeck temalt tasu enne, kui tasuta prooviperiood on l\u00f5ppenud. Tasuta prooviperioodi viimasel p\u00e4eval, kui klient ei t\u00fchista oma Tellimust, n\u00f5utakse temalt automaatselt valitud Tellimuset\u00fc\u00fcbile vastavad Tellimusetasud.<\/span><\/p>\n<p><span style=\"font-weight: 400;\">3. Teamdeck j\u00e4tab endale igal ajal ja ilma ette teatamata \u00f5iguse (i) muuta tasuta proovipakkumise tingimusi v\u00f5i (ii) t\u00fchistada selline tasuta proovipakkumine.<\/span><\/p>\n<p class=\"ng-scope\"><strong>\u00a74. Muudatused l\u00f5ivude osas<\/strong><\/p>\n<p class=\"ng-scope\"><span style=\"font-weight: 400;\">1. Teamdeck v\u00f5ib igal ajal omal \u00e4ran\u00e4gemisel muuta Tellimuse tasusid. K\u00f5ik muudatused Tellimustasudes j\u00f5ustuvad jooksva arveldusts\u00fckli l\u00f5pus.<\/span><\/p>\n<p class=\"ng-scope\"><span style=\"font-weight: 400;\">2. Teamdeck teavitab klienti m\u00f5istliku aja jooksul ette mis tahes muudatustest Tellimuse tasudes, et anda teile v\u00f5imalus l\u00f5petada kliendi Tellimus enne sellise muudatuse j\u00f5ustumist.<\/span><\/p>\n<p class=\"ng-scope\"><span style=\"font-weight: 400;\">3. Kui klient j\u00e4tkab teenuse kasutamist p\u00e4rast Tellimustasude muudatuse j\u00f5ustumist, on ta n\u00f5us maksma muudetud Tellimustasude summat.<\/span><\/p>\n<p class=\"ng-scope\"><strong>\u00a75. Tagasimaksed<\/strong><\/p>\n<p><span style=\"font-weight: 400;\">Teamdeck v\u00f5ib teatud tagastamistaotlusi Tellimuste puhul kaaluda iga juhtumi puhul eraldi ja rahuldada neid Teamdecki ainuisikulise \u00e4ran\u00e4gemise j\u00e4rgi.<\/span><\/p>\n<p class=\"ng-scope\"><strong>\u00a76. Kontod<\/strong><\/p>\n<p class=\"ng-scope\"><span style=\"font-weight: 400;\">1. Kui klient loob meie juures konto, peab ta esitama meile alati t\u00e4psed, t\u00e4ielikud ja ajakohased andmed. Selle eiramine kujutab endast Tingimuste rikkumist, mille tulemuseks v\u00f5ib olla kliendi konto viivitamatu sulgemine meie Teenuses.<\/span><\/p>\n<p class=\"ng-scope\"><span style=\"font-weight: 400;\">2. Klient vastutab salas\u00f5na, mida ta kasutab Teenusele juurdep\u00e4\u00e4suks, ja mis tahes tegevuse v\u00f5i tegevuse eest oma salas\u00f5na all, olenemata sellest, kas tema salas\u00f5na on meie Teenuse v\u00f5i kolmanda osapoole teenuse puhul.<\/span><\/p>\n<p class=\"ng-scope\"><span style=\"font-weight: 400;\">3. Klient n\u00f5ustub, et ta ei avalda oma salas\u00f5na kolmandatele isikutele. Klient peab meid viivitamatult teavitama, kui ta saab teada mis tahes turvarikkumisest v\u00f5i oma konto loata kasutamisest.<\/span><\/p>\n<p class=\"ng-scope\"><span style=\"font-weight: 400;\">4. Klient ei tohi kasutada kasutajanimena teise isiku v\u00f5i \u00fcksuse nime v\u00f5i nime, mis ei ole seaduslikult kasutatav, nime v\u00f5i kaubam\u00e4rki, mis kuulub m\u00f5ne muu isiku v\u00f5i \u00fcksuse kui kliendi \u00f5iguste alla ilma vastava loata, v\u00f5i nime, mis on muul viisil solvav, vulgaarne v\u00f5i r\u00f5ve.<\/span><\/p>\n<p class=\"ng-scope\"><strong>\u00a77. Intellektuaalne omand<\/strong><\/p>\n<p><span style=\"font-weight: 400;\">Teenus ja selle algne sisu, funktsioonid ja funktsionaalsus on ja j\u00e4\u00e4vad Teamdecki ja selle litsentsiandjate ainuomandiks. Teenus on kaitstud nii Poola kui ka v\u00e4lisriikide autori\u00f5iguse, kaubam\u00e4rgi ja muude seadustega. Meie kaubam\u00e4rke ja kaubam\u00e4rke ei tohi kasutada seoses \u00fchegi toote v\u00f5i teenusega ilma Teamdeck'i eelneva kirjaliku n\u00f5usolekuta.<\/span><\/p>\n<p class=\"ng-scope\"><strong>\u00a78. Lingid teistele veebilehtedele<\/strong><\/p>\n<p class=\"ng-scope\"><span style=\"font-weight: 400;\">1. Meie teenus v\u00f5ib sisaldada linke kolmandate osapoolte veebilehtedele v\u00f5i teenustele, mis ei ole Teamdeck'i omanduses ega kontrolli all.<\/span><\/p>\n<p class=\"ng-scope\"><span style=\"font-weight: 400;\">2. Teamdeck ei kontrolli ega vastuta kolmandate osapoolte veebisaitide v\u00f5i teenuste sisu, privaatsuspoliitikate v\u00f5i tavade eest. Klient tunnistab ja n\u00f5ustub, et Teamdeck ei vastuta otseselt ega kaudselt mis tahes kahju eest, mis on p\u00f5hjustatud v\u00f5i v\u00e4idetavalt p\u00f5hjustatud v\u00f5i seotud mis tahes sellise sisu, kaupade v\u00f5i teenuste kasutamise v\u00f5i nendele tuginemise t\u00f5ttu, mis on saadaval sellistel veebisaitidel v\u00f5i teenuste kaudu.<\/span><\/p>\n<p class=\"ng-scope\"><span style=\"font-weight: 400;\">3. Soovitame kliendil tungivalt lugeda k\u00f5igi kolmandate osapoolte veebisaitide v\u00f5i teenuste tingimusi ja privaatsuspoliitikat, mida klient k\u00fclastab.<\/span><\/p>\n<p class=\"ng-scope\"><strong>\u00a79. L\u00f5petamine<\/strong><\/p>\n<p class=\"ng-scope\"><span style=\"font-weight: 400;\">1. Me v\u00f5ime kliendikonto l\u00f5petada v\u00f5i peatada kohe, ilma eelneva etteteatamise v\u00f5i vastutuseta, mis tahes p\u00f5hjusel, sealhulgas, kuid mitte ainult, kui klient rikub tingimusi.<\/span><\/p>\n<p class=\"ng-scope\"><span style=\"font-weight: 400;\">2. Teenuse l\u00f5petamisel l\u00f5peb Kliendi \u00f5igus Teenuse kasutamiseks koheselt. Kui klient soovib oma konto l\u00f5petada, v\u00f5ib ta lihtsalt l\u00f5petada teenuse kasutamise.<\/span><\/p>\n<p class=\"ng-scope\"><strong>\u00a710. Vastutuse piiramine<\/strong><\/p>\n<p><span style=\"font-weight: 400;\">Mitte mingil juhul ei vastuta Teamdeck ega tema direktorid, t\u00f6\u00f6tajad, partnerid, esindajad, tarnijad ega sidusettev\u00f5tjad kaudsete, juhuslike, eriliste, kaudsete v\u00f5i karistuslike kahjude eest, sealhulgas, kuid mitte ainult, kasumi, andmete, kasutuse, firmav\u00e4\u00e4rtuse v\u00f5i muude immateriaalsete kahjude eest, mis tulenevad (i) teie juurdep\u00e4\u00e4sust Teenusele v\u00f5i selle kasutamisest v\u00f5i v\u00f5imatusest sellele juurde p\u00e4\u00e4seda v\u00f5i seda kasutada; (ii) mis tahes kolmanda osapoole k\u00e4itumisest v\u00f5i sisust Teenusel; (iii) mis tahes teenusest saadud sisust; ja (iv) teie edastuste v\u00f5i sisu loata juurdep\u00e4\u00e4sust, kasutamisest v\u00f5i muutmisest, olenemata sellest, kas see p\u00f5hineb garantiil, lepingul, deliktil (sealhulgas hooletusest) v\u00f5i mis tahes muul \u00f5igusp\u00f5him\u00f5ttel, olenemata sellest, kas meid on teavitatud sellise kahju v\u00f5imalikkusest v\u00f5i mitte, ja isegi kui leitakse, et m\u00f5ni k\u00e4esolevas dokumendis s\u00e4testatud \u00f5iguskaitsevahend ei ole t\u00e4itnud oma olulist eesm\u00e4rki.<\/span><\/p>\n<p class=\"ng-scope\"><strong>\u00a711. Vastutusn\u00f5ue<\/strong><\/p>\n<p class=\"ng-scope\"><span style=\"font-weight: 400;\">1. Teenuse kasutamine toimub teie ainuisikulisel vastutusel. Teenust osutatakse nii nagu see on ja nagu see on k\u00e4ttesaadav. Teenust osutatakse ilma igasuguste garantiideta, olgu need siis otsesed v\u00f5i kaudsed, sealhulgas, kuid mitte ainult, kaudsed garantiid kaubeldavuse, sobivuse, mittekaitstavuse v\u00f5i toimimise k\u00e4igus.<\/span><\/p>\n<p class=\"ng-scope\"><span style=\"font-weight: 400;\">2. Teamdeck, tema t\u00fctar- ja sidusettev\u00f5tted ning litsentsiandjad ei garanteeri, et a) Teenus toimib katkematult, turvaliselt v\u00f5i on k\u00e4ttesaadav mis tahes ajal v\u00f5i kohas; b) k\u00f5ik vead v\u00f5i puudused parandatakse; c) Teenus on vaba viirustest v\u00f5i muudest kahjulikest komponentidest; v\u00f5i d) Teenuse kasutamise tulemused vastavad teie n\u00f5uetele.<\/span><\/p>\n<p class=\"ng-scope\"><strong>\u00a712. Kohaldatav \u00f5igus<\/strong><\/p>\n<p class=\"ng-scope\"><span style=\"font-weight: 400;\">1. K\u00e4esolevate tingimuste suhtes kohaldatakse ja neid t\u00f5lgendatakse vastavalt Poola seadustele, arvestamata selle kollisiooninormide s\u00e4tteid.<\/span><\/p>\n<p class=\"ng-scope\"><span style=\"font-weight: 400;\">2. Meie suutmatus j\u00f5ustada k\u00e4esolevate tingimuste mis tahes \u00f5igust v\u00f5i s\u00e4tet ei loeta nendest \u00f5igustest loobumiseks. Kui kohus tunnistab k\u00e4esolevate Tingimuste m\u00f5ne s\u00e4tte kehtetuks v\u00f5i j\u00f5ustamatuks, j\u00e4\u00e4vad nende Tingimuste \u00fclej\u00e4\u00e4nud s\u00e4tted kehtima. K\u00e4esolevad Tingimused moodustavad kogu meie vahelise lepingu seoses meie Teenusega ning asendavad ja asendavad k\u00f5ik varasemad kokkulepped, mis v\u00f5ivad olla meie vahel seoses Teenusega s\u00f5lmitud.<\/span><\/p>\n<p class=\"ng-scope\"><strong>\u00a713. Muudatused<\/strong><\/p>\n<p class=\"ng-scope\"><span style=\"font-weight: 400;\">1. Me j\u00e4tame endale \u00f5iguse neid tingimusi igal ajal omal \u00e4ran\u00e4gemisel muuta v\u00f5i asendada. Kui muudatus on oluline, p\u00fc\u00fcame anda v\u00e4hemalt 30 p\u00e4eva enne uute tingimuste j\u00f5ustumist sellest teada. Mis on oluline muudatus, m\u00e4\u00e4ratakse kindlaks meie ainuisikulise \u00e4ran\u00e4gemise j\u00e4rgi.<\/span><\/p>\n<p class=\"ng-scope\"><span style=\"font-weight: 400;\">2. Kui j\u00e4tkate juurdep\u00e4\u00e4su meie Teenusele v\u00f5i selle kasutamist p\u00e4rast nende muudatuste j\u00f5ustumist, n\u00f5ustute, et muudetud tingimused on teie jaoks siduvad. Kui te ei n\u00f5ustu uute tingimustega, l\u00f5petage palun Teenuse kasutamine.<\/span><\/p>\n<p class=\"ng-scope\"><strong>\u00a714. Isikuandmed<\/strong><\/p>\n<p class=\"ng-scope\"><span style=\"font-weight: 400;\">1. Klient annab registreerumisel ja Teenuse kasutamisel oma isikuandmed vabatahtlikult, kusjuures nende esitamine on vajalik Teenuse kasutamiseks ja kliendikonto loomiseks. Eespool nimetatud andmete t\u00f6\u00f6tlemine toimub kliendi soovil ja kliendi n\u00f5usolekul.<\/span><\/p>\n<p class=\"ng-scope\"><span style=\"font-weight: 400;\">2. Teamdeck t\u00f6\u00f6tleb isikuandmeid ainult ulatuses, mis on vajalik Teamdecki pakutavate teenuste n\u00f5uetekohase kasutamise v\u00f5imaldamiseks ja turunduse eesm\u00e4rgil, kui klient soovib saada uudiskirjateenust. Isikuandmeid t\u00f6\u00f6deldakse koosk\u00f5las kehtiva \u00f5igusega, sealhulgas Euroopa Parlamendi ja n\u00f5ukogu 27. aprilli 2016. aasta m\u00e4\u00e4rusega (EL) 2016\/679 \u00fcksikisikute kaitse kohta isikuandmete t\u00f6\u00f6tlemisel ja selliste andmete vaba liikumise ning direktiivi 95\/46\/E\u00dc kehtetuks tunnistamise kohta (isikuandmete kaitse \u00fcldm\u00e4\u00e4rus).<\/span><\/p>\n<p class=\"ng-scope\"><span style=\"font-weight: 400;\">3. \u00dcksikasjad isikuandmete t\u00f6\u00f6tlemise ulatuse ja eesm\u00e4rgi ning kasutaja \u00f5iguste kohta leiate andmekaitseteabest (vastavalt GDPR artikli 13 l\u00f5igetele 1,2,4), mis on eraldi dokumendina k\u00e4ttesaadav aadressil\u00a0<a href=\"https:\/\/teamdeck.io\/et\/andmekaitset-kasitlev-teave\/\">https:\/\/teamdeck.io\/data-protection-information\/<\/a> ja meie andmekaitsetingimustes, mis moodustavad eraldi dokumendi, mis on k\u00e4ttesaadav aadressil\u00a0<a href=\"https:\/\/teamdeck.io\/et\/andmekaitsepoliitika\/\">https:\/\/teamdeck.io\/data-protection-policy\/<\/a> .<\/span><\/p>\n<p>4. TASUTA PROOVI ajal kasutatakse kasutaja andmeid, sealhulgas esitatud telefoninumbrit, et toetada kasutajaid Teamdeck'i kasutamisel, sisseelamisel, Teamdeck'i (uute) funktsioonide ja uuenduste\/paranduste, toodete ning vajaduse korral kontoseisu ja arvete kohta teabe andmisel ning kliendiuuringute l\u00e4biviimiseks, et parandada teenuse kvaliteeti. Sel eesm\u00e4rgil v\u00f5ib Teamdeck v\u00f5tta kasutajatega \u00fchendust e-posti v\u00f5i antud telefoninumbri kaudu.<\/p>\n\n\t\t<\/div>\n\t<\/div>\n<div class=\"vc_empty_space\"   style=\"height: 32px\" ><span class=\"vc_empty_space_inner\"><\/span><\/div>\n<\/div><\/div><\/div><\/div>","protected":false},"excerpt":{"rendered":"Tingimused (\"Tingimused\") Palun lugege neid tingimusi (\"Tingimused\", \"Tingimused\") hoolikalt l\u00e4bi, enne kui kasutate veebilehte https:\/\/teamdeck.io (\"Teenus\"), mida haldab Teamdeck sp. z o.o. (\"meie\", \"me\", \"Teamdeck\" v\u00f5i \"meie\"), mille registrij\u00e4rgne asukoht on...","protected":false},"author":17,"featured_media":0,"parent":0,"menu_order":0,"comment_status":"closed","ping_status":"closed","template":"","meta":{"footnotes":""},"class_list":["post-2849","page","type-page","status-publish","hentry"],"yoast_head":"<!-- This site is optimized with the Yoast SEO Premium plugin v23.8 (Yoast SEO v24.3) - https:\/\/yoast.com\/wordpress\/plugins\/seo\/ -->\n<title>Teamdeck - Terms and Conditions<\/title>\n<meta name=\"description\" content=\"If you are Teamdeck\u2019s new user, please read the following Terms and Conditions carefully. By accessing or using the Service you agree to these Terms.\" \/>\n<meta name=\"robots\" content=\"index, follow, max-snippet:-1, max-image-preview:large, max-video-preview:-1\" \/>\n<link rel=\"canonical\" href=\"https:\/\/teamdeck.io\/et\/tingimused\/\" \/>\n<meta property=\"og:locale\" content=\"et_EE\" \/>\n<meta property=\"og:type\" content=\"article\" \/>\n<meta property=\"og:title\" content=\"Teamdeck - Terms and Conditions\" \/>\n<meta property=\"og:description\" content=\"If you are Teamdeck\u2019s new user, please read the following Terms and Conditions carefully. By accessing or using the Service you agree to these Terms.\" \/>\n<meta property=\"og:url\" content=\"https:\/\/teamdeck.io\/et\/tingimused\/\" \/>\n<meta property=\"og:site_name\" content=\"Teamdeck\" \/>\n<meta property=\"article:publisher\" content=\"https:\/\/www.facebook.com\/helloteamdeck\" \/>\n<meta property=\"article:modified_time\" content=\"2024-10-17T08:30:32+00:00\" \/>\n<meta property=\"og:image\" content=\"https:\/\/cdn.teamdeck.io\/uploads\/website\/2017\/09\/teamdeck-share.png\" \/>\n<meta name=\"twitter:card\" content=\"summary_large_image\" \/>\n<meta name=\"twitter:title\" content=\"Teamdeck - Terms and Conditions\" \/>\n<meta name=\"twitter:description\" content=\"If you are Teamdeck\u2019s new user, please read the following Terms and Conditions carefully. By accessing or using the Service you agree to these Terms.\" \/>\n<meta name=\"twitter:image\" content=\"https:\/\/cdn.teamdeck.io\/uploads\/website\/2017\/09\/teamdeck-share.png\" \/>\n<meta name=\"twitter:site\" content=\"@helloteamdeck\" \/>\n<meta name=\"twitter:label1\" content=\"Est. reading time\" \/>\n\t<meta name=\"twitter:data1\" content=\"9 minutes\" \/>\n<script type=\"application\/ld+json\" class=\"yoast-schema-graph\">{\"@context\":\"https:\/\/schema.org\",\"@graph\":[{\"@type\":\"WebPage\",\"@id\":\"https:\/\/teamdeck.io\/terms-and-conditions\/\",\"url\":\"https:\/\/teamdeck.io\/terms-and-conditions\/\",\"name\":\"Teamdeck - Terms and Conditions\",\"isPartOf\":{\"@id\":\"https:\/\/teamdeck.io\/#website\"},\"datePublished\":\"2017-09-07T09:34:10+00:00\",\"dateModified\":\"2024-10-17T08:30:32+00:00\",\"description\":\"If you are Teamdeck\u2019s new user, please read the following Terms and Conditions carefully. By accessing or using the Service you agree to these Terms.\",\"breadcrumb\":{\"@id\":\"https:\/\/teamdeck.io\/terms-and-conditions\/#breadcrumb\"},\"inLanguage\":\"et\",\"potentialAction\":[{\"@type\":\"ReadAction\",\"target\":[\"https:\/\/teamdeck.io\/terms-and-conditions\/\"]}]},{\"@type\":\"BreadcrumbList\",\"@id\":\"https:\/\/teamdeck.io\/terms-and-conditions\/#breadcrumb\",\"itemListElement\":[{\"@type\":\"ListItem\",\"position\":1,\"name\":\"Home\",\"item\":\"https:\/\/teamdeck.io\/\"},{\"@type\":\"ListItem\",\"position\":2,\"name\":\"Terms and Conditions\"}]},{\"@type\":\"WebSite\",\"@id\":\"https:\/\/teamdeck.io\/#website\",\"url\":\"https:\/\/teamdeck.io\/\",\"name\":\"Teamdeck\",\"description\":\"resource scheduling + time tracking + leave management\",\"potentialAction\":[{\"@type\":\"SearchAction\",\"target\":{\"@type\":\"EntryPoint\",\"urlTemplate\":\"https:\/\/teamdeck.io\/?s={search_term_string}\"},\"query-input\":{\"@type\":\"PropertyValueSpecification\",\"valueRequired\":true,\"valueName\":\"search_term_string\"}}],\"inLanguage\":\"et\"}]}<\/script>\n<!-- \/ Yoast SEO Premium plugin. -->","yoast_head_json":{"title":"Teamdeck - Terms and Conditions","description":"If you are Teamdeck\u2019s new user, please read the following Terms and Conditions carefully. By accessing or using the Service you agree to these Terms.","robots":{"index":"index","follow":"follow","max-snippet":"max-snippet:-1","max-image-preview":"max-image-preview:large","max-video-preview":"max-video-preview:-1"},"canonical":"https:\/\/teamdeck.io\/et\/tingimused\/","og_locale":"et_EE","og_type":"article","og_title":"Teamdeck - Terms and Conditions","og_description":"If you are Teamdeck\u2019s new user, please read the following Terms and Conditions carefully. By accessing or using the Service you agree to these Terms.","og_url":"https:\/\/teamdeck.io\/et\/tingimused\/","og_site_name":"Teamdeck","article_publisher":"https:\/\/www.facebook.com\/helloteamdeck","article_modified_time":"2024-10-17T08:30:32+00:00","og_image":[{"url":"https:\/\/cdn.teamdeck.io\/uploads\/website\/2017\/09\/teamdeck-share.png","type":"","width":"","height":""}],"twitter_card":"summary_large_image","twitter_title":"Teamdeck - Terms and Conditions","twitter_description":"If you are Teamdeck\u2019s new user, please read the following Terms and Conditions carefully. By accessing or using the Service you agree to these Terms.","twitter_image":"https:\/\/cdn.teamdeck.io\/uploads\/website\/2017\/09\/teamdeck-share.png","twitter_site":"@helloteamdeck","twitter_misc":{"Est. reading time":"9 minutes"},"schema":{"@context":"https:\/\/schema.org","@graph":[{"@type":"WebPage","@id":"https:\/\/teamdeck.io\/terms-and-conditions\/","url":"https:\/\/teamdeck.io\/terms-and-conditions\/","name":"Teamdeck - Terms and Conditions","isPartOf":{"@id":"https:\/\/teamdeck.io\/#website"},"datePublished":"2017-09-07T09:34:10+00:00","dateModified":"2024-10-17T08:30:32+00:00","description":"If you are Teamdeck\u2019s new user, please read the following Terms and Conditions carefully. By accessing or using the Service you agree to these Terms.","breadcrumb":{"@id":"https:\/\/teamdeck.io\/terms-and-conditions\/#breadcrumb"},"inLanguage":"et","potentialAction":[{"@type":"ReadAction","target":["https:\/\/teamdeck.io\/terms-and-conditions\/"]}]},{"@type":"BreadcrumbList","@id":"https:\/\/teamdeck.io\/terms-and-conditions\/#breadcrumb","itemListElement":[{"@type":"ListItem","position":1,"name":"Home","item":"https:\/\/teamdeck.io\/"},{"@type":"ListItem","position":2,"name":"Terms and Conditions"}]},{"@type":"WebSite","@id":"https:\/\/teamdeck.io\/#website","url":"https:\/\/teamdeck.io\/","name":"Teamdeck","description":"resource scheduling + time tracking + leave management","potentialAction":[{"@type":"SearchAction","target":{"@type":"EntryPoint","urlTemplate":"https:\/\/teamdeck.io\/?s={search_term_string}"},"query-input":{"@type":"PropertyValueSpecification","valueRequired":true,"valueName":"search_term_string"}}],"inLanguage":"et"}]}},"_links":{"self":[{"href":"https:\/\/teamdeck.io\/et\/wp-json\/wp\/v2\/pages\/2849","targetHints":{"allow":["GET"]}}],"collection":[{"href":"https:\/\/teamdeck.io\/et\/wp-json\/wp\/v2\/pages"}],"about":[{"href":"https:\/\/teamdeck.io\/et\/wp-json\/wp\/v2\/types\/page"}],"author":[{"embeddable":true,"href":"https:\/\/teamdeck.io\/et\/wp-json\/wp\/v2\/users\/17"}],"replies":[{"embeddable":true,"href":"https:\/\/teamdeck.io\/et\/wp-json\/wp\/v2\/comments?post=2849"}],"version-history":[{"count":7,"href":"https:\/\/teamdeck.io\/et\/wp-json\/wp\/v2\/pages\/2849\/revisions"}],"predecessor-version":[{"id":13398,"href":"https:\/\/teamdeck.io\/et\/wp-json\/wp\/v2\/pages\/2849\/revisions\/13398"}],"wp:attachment":[{"href":"https:\/\/teamdeck.io\/et\/wp-json\/wp\/v2\/media?parent=2849"}],"curies":[{"name":"wp","href":"https:\/\/api.w.org\/{rel}","templated":true}]}}