{"id":7379,"date":"2021-09-21T12:44:40","date_gmt":"2021-09-21T10:44:40","guid":{"rendered":"https:\/\/teamdeck.io\/?page_id=7379"},"modified":"2025-05-06T08:05:52","modified_gmt":"2025-05-06T06:05:52","slug":"schedule-a-demo-call","status":"publish","type":"page","link":"https:\/\/teamdeck.io\/es\/programar-una-llamada-de-demostracion\/","title":{"rendered":"Programe una llamada de demostraci\u00f3n"},"content":{"rendered":"<div class=\"vc_row wpb_row vc_row-fluid redl-row-section padding-default bgv-default bgh-default halign-default\"><div class=\"wpb_column vc_column_container text-left vc_col-sm-12 padding-default bgv-default bgh-default halign-default\"><div class=\"vc_column-inner\"><div class=\"wpb_wrapper\">\n\t<div class=\"wpb_text_column wpb_content_element\" >\n\t\t<div class=\"wpb_wrapper\">\n\t\t\t<p>&nbsp;<\/p>\n<div class=\"section__container\" style=\"margin-top: 100px;\">\n<h1 class=\"hero__title header__title\" style=\"text-align: center;\"><span class=\"text text--background-big\">Demostraci\u00f3n en directo,<\/span> establecimiento, consulta<\/h1>\n<\/div>\n<h2 style=\"text-align: center;\">Empiece hoy mismo a ahorrar tiempo y dinero gracias a una correcta gesti\u00f3n de los recursos. <span class=\"c-emoji c-emoji__medium c-emoji--inline\" data-qa=\"emoji\" aria-describedby=\"slack-kit-tooltip\"><img decoding=\"async\" src=\"https:\/\/a.slack-edge.com\/production-standard-emoji-assets\/10.2\/apple-medium\/1f389@2x.png\" alt=\":tada:\" aria-label=\"tada emoji\" data-stringify-type=\"emoji\" data-stringify-emoji=\":tada:\"><\/span><\/h2>\n<p>&nbsp;<\/p>\n<p><!-- Calendly inline widget begin --><\/p>\n<div class=\"calendly-inline-widget\" style=\"min-width: 320px; height: 700px; position: relative\" data-url=\"https:\/\/calendly.com\/agutkowski\/30min?text_color=4c4c4c&amp;primary_color=00cc00&amp;hide_gdpr_banner=1\"><\/div>\n<p><script type=\"text\/javascript\" src=\"https:\/\/assets.calendly.com\/assets\/external\/widget.js\" async=\"\" data-cookieconsent=\"necessary\"><\/script><br \/>\n<!-- Calendly inline widget end --><\/p>\n<p>\u00a0<\/p>\n\n\t\t<\/div>\n\t<\/div>\n<\/div><\/div><\/div><\/div><div class=\"vc_row wpb_row vc_row-fluid redl-row-section padding-default bgv-default bgh-default halign-default\"><div class=\"wpb_column vc_column_container text-left vc_col-sm-12 padding-default bgv-default bgh-default halign-default\"><div class=\"vc_column-inner\"><div class=\"wpb_wrapper\">\n\t<div class=\"wpb_text_column wpb_content_element\" >\n\t\t<div class=\"wpb_wrapper\">\n\t\t\t<p>\u00a0<\/p>\n<h2 style=\"text-align: center; margin-top: 60px;\">Vea c\u00f3mo Teamdeck ayuda a las empresas de software y agencias digitales en la gesti\u00f3n de recursos<\/h2>\n\n\t\t<\/div>\n\t<\/div>\n<\/div><\/div><\/div><\/div><div data-vc-full-width=\"true\" data-vc-full-width-init=\"false\" data-vc-stretch-content=\"true\" class=\"vc_row wpb_row vc_row-fluid redl-row-section use-cases-container padding-medium bgv-default bgh-default halign-default\"><div class=\"use-case-tile wpb_column vc_column_container text-left vc_col-sm-3 padding-default bgv-default bgh-default halign-default\"><div class=\"vc_column-inner vc_custom_1574170534227\"><div class=\"wpb_wrapper\">\n\t<div class=\"wpb_text_column wpb_content_element\" >\n\t\t<div class=\"wpb_wrapper\">\n\t\t\t<p class=\"use-case-description\"><strong>Mace&amp;Menter<\/strong><\/p>\n<p class=\"use-case-description\">Trabaj\u00e1bamos con hojas de c\u00e1lculo y acab\u00e1bamos con conflictos de proyectos y un estr\u00e9s innecesario.<\/p>\n<p class=\"use-case-description\">Teamdeck ha transformado por completo nuestra forma de programar el trabajo. Ahora tenemos una visi\u00f3n clara de todos los proyectos y de nuestra capacidad para nuevos trabajos.<\/p>\n<p class=\"use-case-more\"><strong>Sam Menter, cofundador de Mace&amp;Menter<\/strong><\/p>\n\n\t\t<\/div>\n\t<\/div>\n<\/div><\/div><\/div><div class=\"use-case-tile wpb_column vc_column_container text-left vc_col-sm-3 padding-default bgv-default bgh-default halign-default\"><div class=\"vc_column-inner vc_custom_1574170546410\"><div class=\"wpb_wrapper\">\n\t<div class=\"wpb_text_column wpb_content_element\" >\n\t\t<div class=\"wpb_wrapper\">\n\t\t\t<p class=\"use-case-description\"><strong>Formas Ameeba<\/strong><\/p>\n<p class=\"use-case-description\">Hay muchos productos en el mercado con estas caracter\u00edsticas, pero son demasiado complicados, con 1.000 funciones, y el coste no se ajustaba a nuestra peque\u00f1a empresa.<\/p>\n<p class=\"use-case-description\">Es sencillo, limpio, f\u00e1cil de usar y tiene un precio justo. No est\u00e1 sobrecargado de funciones que no interesan a nadie. Es un producto centrado en necesidades espec\u00edficas.<\/p>\n<p class=\"use-case-more\"><strong>Gabriela, fundadora de Ameeba Shapes<\/strong><\/p>\n\n\t\t<\/div>\n\t<\/div>\n<\/div><\/div><\/div><div class=\"use-case-tile wpb_column vc_column_container text-left vc_col-sm-3 padding-default bgv-default bgh-default halign-default\"><div class=\"vc_column-inner vc_custom_1574170558095\"><div class=\"wpb_wrapper\">\n\t<div class=\"wpb_text_column wpb_content_element\" >\n\t\t<div class=\"wpb_wrapper\">\n\t\t\t<p class=\"use-case-description\"><strong>Sistemas Sybrin<\/strong><\/p>\n<p class=\"use-case-description\">Resultaba dif\u00edcil hacer un seguimiento de la disponibilidad de recursos en nuestra unidad de negocio, recurriendo principalmente al uso de hojas de c\u00e1lculo Excel.<\/p>\n<p class=\"use-case-description\">Gracias a Teamdeck, ahora no s\u00f3lo conocemos la disponibilidad de recursos, sino que tambi\u00e9n podemos realizar un seguimiento de la utilizaci\u00f3n del equipo y de las horas facturables y no facturables.<\/p>\n<p class=\"use-case-more\"><strong>Gerhard Fourie, Director<\/strong><\/p>\n\n\t\t<\/div>\n\t<\/div>\n<\/div><\/div><\/div><div class=\"use-case-tile wpb_column vc_column_container text-left vc_col-sm-3 padding-default bgv-default bgh-default halign-default\"><div class=\"vc_column-inner vc_custom_1574170569150\"><div class=\"wpb_wrapper\">\n\t<div class=\"wpb_text_column wpb_content_element\" >\n\t\t<div class=\"wpb_wrapper\">\n\t\t\t<p class=\"use-case-description\"><strong>Tintash<\/strong><\/p>\n<p class=\"use-case-description\">Somos una empresa orientada a los servicios, pero tambi\u00e9n trabajamos en Productos siempre que podemos.<br \/>Nos resultaba problem\u00e1tico entender c\u00f3mo se asigna nuestro equipo en t\u00e9rminos de qu\u00e9 proyecto, durante cu\u00e1nto tiempo, etc.<\/p>\n<p class=\"use-case-description\">Teamdeck nos proporcion\u00f3 una forma intuitiva de asignar a los miembros de nuestro equipo a proyectos de clientes, nuestros propios productos y OKRs. Y no solo eso, \u00a1ahora nos ayuda en cierta medida con la gesti\u00f3n y el seguimiento de las vacaciones!<\/p>\n<p class=\"use-case-more\"><strong>Azhar Yousuf, Director T\u00e9cnico de Programas<\/strong><\/p>\n\n\t\t<\/div>\n\t<\/div>\n<\/div><\/div><\/div><\/div><div class=\"vc_row-full-width vc_clearfix\"><\/div><div data-vc-full-width=\"true\" data-vc-full-width-init=\"false\" data-vc-stretch-content=\"true\" class=\"vc_row wpb_row vc_row-fluid redl-row-section use-cases-container padding-medium bgv-default bgh-default halign-default\"><div class=\"use-case-tile wpb_column vc_column_container text-left vc_col-sm-3 padding-default bgv-default bgh-default halign-default\"><div class=\"vc_column-inner vc_custom_1574170534227\"><div class=\"wpb_wrapper\">\n\t<div class=\"wpb_text_column wpb_content_element\" >\n\t\t<div class=\"wpb_wrapper\">\n\t\t\t<p class=\"use-case-description\"><strong>Tecnolog\u00edas Mirion<\/strong><\/p>\n<p class=\"use-case-description\">El nivel de complejidad de la personalizaci\u00f3n es perfecto para nosotros. Tenemos herramientas que ya realizan un seguimiento del tiempo invertido, as\u00ed que un usuario sencillo es exactamente lo que necesito para proyectar los niveles de reservas.<\/p>\n<p class=\"use-case-more\"><strong>Dave Sullivan, Director<\/strong><\/p>\n\n\t\t<\/div>\n\t<\/div>\n<\/div><\/div><\/div><div class=\"use-case-tile wpb_column vc_column_container text-left vc_col-sm-3 padding-default bgv-default bgh-default halign-default\"><div class=\"vc_column-inner vc_custom_1574170546410\"><div class=\"wpb_wrapper\">\n\t<div class=\"wpb_text_column wpb_content_element\" >\n\t\t<div class=\"wpb_wrapper\">\n\t\t\t<p class=\"use-case-description\"><strong>Estudio Coletiv<\/strong><\/p>\n<p class=\"use-case-description\">Gestionar las vacaciones de los empleados y la asignaci\u00f3n de proyectos siempre fue un problema.<br \/>Teamdeck nos permiti\u00f3 hacer un seguimiento adecuado de las vacaciones y asignaciones de cada uno.<\/p>\n<p class=\"use-case-more\"><strong>Tiago Duarte, Director General<\/strong><\/p>\n\n\t\t<\/div>\n\t<\/div>\n<\/div><\/div><\/div><div class=\"use-case-tile wpb_column vc_column_container text-left vc_col-sm-3 padding-default bgv-default bgh-default halign-default\"><div class=\"vc_column-inner vc_custom_1574170558095\"><div class=\"wpb_wrapper\">\n\t<div class=\"wpb_text_column wpb_content_element\" >\n\t\t<div class=\"wpb_wrapper\">\n\t\t\t<p class=\"use-case-description\"><strong>Otro circo<\/strong><\/p>\n<p class=\"use-case-description\">Una cosa que nos encant\u00f3 de Teamdeck fue la facilidad de a\u00f1adir y gestionar reservas a trav\u00e9s de su interfaz amigable. Esto por s\u00ed solo nos ayuda a pasar por las tediosas tareas de registro de reservas y hojas de horas.<\/p>\n<p class=\"use-case-more\"><strong>Timos, cofundador de Another Circus<\/strong><\/p>\n\n\t\t<\/div>\n\t<\/div>\n<\/div><\/div><\/div><div class=\"use-case-tile wpb_column vc_column_container text-left vc_col-sm-3 padding-default bgv-default bgh-default halign-default\"><div class=\"vc_column-inner vc_custom_1574170569150\"><div class=\"wpb_wrapper\">\n\t<div class=\"wpb_text_column wpb_content_element\" >\n\t\t<div class=\"wpb_wrapper\">\n\t\t\t<p class=\"use-case-description\"><strong>Bits Reino<\/strong><\/p>\n<p class=\"use-case-description\">Desde que empezamos a utilizar teamdeck, nuestra empresa puede comprender mejor la asignaci\u00f3n de nuestros recursos. Adem\u00e1s, la aplicaci\u00f3n es muy atractiva y f\u00e1cil de entender.<\/p>\n<p class=\"use-case-more\"><strong>Fabian Aramendi, cofundador de Bits Kingdom<\/strong><\/p>\n\n\t\t<\/div>\n\t<\/div>\n<\/div><\/div><\/div><\/div><div class=\"vc_row-full-width vc_clearfix\"><\/div><div class=\"vc_row wpb_row vc_row-fluid redl-row-section padding-default bgv-default bgh-default halign-default\"><div class=\"wpb_column vc_column_container text-left vc_col-sm-12 padding-default bgv-default bgh-default halign-default\"><div class=\"vc_column-inner\"><div class=\"wpb_wrapper\"><\/div><\/div><\/div><\/div><div data-vc-full-width=\"true\" data-vc-full-width-init=\"false\" data-vc-stretch-content=\"true\" class=\"vc_row wpb_row vc_row-fluid redl-row-section logo-list-row vc_custom_1582037320281 vc_row-has-fill vc_row-no-padding vc_row-o-equal-height vc_row-flex padding-medium bgv-default bgh-default halign-default\"><div class=\"wpb_column vc_column_container text-center vc_col-sm-2 vc_col-lg-2 vc_col-md-2 vc_col-xs-6 padding-default bgv-default bgh-default halign-center\"><div class=\"vc_column-inner vc_custom_1574337729729\"><div class=\"wpb_wrapper\">\n\t<div class=\"wpb_text_column wpb_content_element\" >\n\t\t<div class=\"wpb_wrapper\">\n\t\t\t<p><img loading=\"lazy\" decoding=\"async\" class=\"alignnone wp-image-4375\" src=\"https:\/\/cdn.teamdeck.io\/uploads\/website\/2019\/01\/11132628\/UNITE9-140px.png\" alt=\"\" width=\"70\" height=\"70\" \/><\/p>\n\n\t\t<\/div>\n\t<\/div>\n<\/div><\/div><\/div><div class=\"wpb_column vc_column_container text-center vc_col-sm-2 vc_col-lg-2 vc_col-md-2 vc_col-xs-6 padding-default bgv-default bgh-default halign-center\"><div class=\"vc_column-inner vc_custom_1574337747608\"><div class=\"wpb_wrapper\">\n\t<div class=\"wpb_text_column wpb_content_element\" >\n\t\t<div class=\"wpb_wrapper\">\n\t\t\t<p><img loading=\"lazy\" decoding=\"async\" class=\"alignnone wp-image-4369\" src=\"https:\/\/cdn.teamdeck.io\/uploads\/website\/2021\/06\/14170417\/tietoevry-1.png\" alt=\"\" width=\"100\" height=\"70\" \/><\/p>\n\n\t\t<\/div>\n\t<\/div>\n<\/div><\/div><\/div><div class=\"wpb_column vc_column_container text-center vc_col-sm-2 vc_col-lg-2 vc_col-md-2 vc_col-xs-6 padding-default bgv-default bgh-default halign-center\"><div class=\"vc_column-inner vc_custom_1574337754290\"><div class=\"wpb_wrapper\">\n\t<div class=\"wpb_text_column wpb_content_element\" >\n\t\t<div class=\"wpb_wrapper\">\n\t\t\t<p><img loading=\"lazy\" decoding=\"async\" class=\"alignnone wp-image-4373\" src=\"https:\/\/cdn.teamdeck.io\/uploads\/website\/2021\/06\/14170412\/hill-1.png\" alt=\"\" width=\"110\" height=\"70\" \/><\/p>\n\n\t\t<\/div>\n\t<\/div>\n<\/div><\/div><\/div><div class=\"wpb_column vc_column_container text-center vc_col-sm-2 vc_col-lg-2 vc_col-md-2 vc_col-xs-6 padding-default bgv-default bgh-default halign-center\"><div class=\"vc_column-inner vc_custom_1574337759887\"><div class=\"wpb_wrapper\">\n\t<div class=\"wpb_text_column wpb_content_element\" >\n\t\t<div class=\"wpb_wrapper\">\n\t\t\t<p><img loading=\"lazy\" decoding=\"async\" class=\"alignnone wp-image-4367\" src=\"https:\/\/cdn.teamdeck.io\/uploads\/website\/2021\/06\/10150824\/tintash.png\" alt=\"\" width=\"70\" height=\"70\" \/><\/p>\n\n\t\t<\/div>\n\t<\/div>\n<\/div><\/div><\/div><div class=\"wpb_column vc_column_container text-center vc_col-sm-2 vc_col-lg-2 vc_col-md-2 vc_col-xs-6 padding-default bgv-default bgh-default halign-center\"><div class=\"vc_column-inner vc_custom_1574337765178\"><div class=\"wpb_wrapper\">\n\t<div class=\"wpb_text_column wpb_content_element\" >\n\t\t<div class=\"wpb_wrapper\">\n\t\t\t<p><img loading=\"lazy\" decoding=\"async\" class=\"alignnone wp-image-4405\" src=\"https:\/\/cdn.teamdeck.io\/uploads\/website\/2021\/06\/14170425\/wunderman-thompson-1.png\" alt=\"\" width=\"100\" height=\"70\" \/><\/p>\n\n\t\t<\/div>\n\t<\/div>\n<\/div><\/div><\/div><div class=\"wpb_column vc_column_container text-center vc_col-sm-2 vc_col-lg-2 vc_col-md-2 vc_col-xs-6 padding-default bgv-top bgh-default halign-center\"><div class=\"vc_column-inner vc_custom_1574337780335\"><div class=\"wpb_wrapper\">\n\t<div class=\"wpb_text_column wpb_content_element\" >\n\t\t<div class=\"wpb_wrapper\">\n\t\t\t<p><img loading=\"lazy\" decoding=\"async\" class=\"alignnone wp-image-4538\" src=\"https:\/\/cdn.teamdeck.io\/uploads\/website\/2021\/06\/14161749\/stormind-games.png\" alt=\"\" width=\"100\" height=\"70\" \/><\/p>\n\n\t\t<\/div>\n\t<\/div>\n<\/div><\/div><\/div><\/div><div class=\"vc_row-full-width vc_clearfix\"><\/div><div data-vc-full-width=\"true\" data-vc-full-width-init=\"false\" class=\"vc_row wpb_row vc_row-fluid redl-row-section footer-message-row vc_custom_1574170946244 vc_row-has-fill vc_row-o-equal-height vc_row-o-content-middle vc_row-flex padding-medium bgv-default bgh-default halign-center\"><div class=\"wpb_column vc_column_container text-center vc_col-sm-12 vc_col-lg-8 vc_col-md-9 padding-default bgv-default bgh-default halign-default\"><div class=\"vc_column-inner vc_custom_1574338100280\"><div class=\"wpb_wrapper\">\n\t<div class=\"wpb_text_column wpb_content_element  vc_custom_1588185313555 footer-message-title\" >\n\t\t<div class=\"wpb_wrapper\">\n\t\t\t<p style=\"text-align: center;\">F\u00e1cil e intuitivo<br \/>Listo para usar<br \/>\u00a1Comienza la gesti\u00f3n de recursos con Teamdeck!<\/p>\n\n\t\t<\/div>\n\t<\/div>\n<form class=\"get-started-form\" action=\"\">\n  <div class=\"get-started-form__input-wrapper\">\n    <input class=\"get-started-form__input\" placeholder=\"Introduzca la direcci\u00f3n de correo electr\u00f3nico de su empresa\" \/>\n  <\/div>\n  <button type=\"submit\" class=\"get-started-form__button\">\n    <span class=\"get-started-form__button-text\">14 d\u00edas de prueba GRATIS<\/>\n  <\/button>\n  <button class=\"get-started-form__button\">\n    <span class=\"get-started-form__button-text\">Consiga 30 dias de prueba gratis<\/>\n  <\/button>\n<input type=\"hidden\" name=\"trp-form-language\" value=\"es\"\/><\/form>\n\n\t<div class=\"wpb_text_column wpb_content_element\" >\n\t\t<div class=\"wpb_wrapper\">\n\t\t\t<ul class=\"features-list features-list--white\">\n<li class=\"features-list-item\">Sin tarjeta de cr\u00e9dito<\/li>\n<li class=\"features-list-item\">Listo en 2 minutos<\/li>\n<\/ul>\n\n\t\t<\/div>\n\t<\/div>\n<\/div><\/div><\/div><\/div><div class=\"vc_row-full-width vc_clearfix\"><\/div>","protected":false},"excerpt":{"rendered":"&nbsp; Live demo, setting up, consultation Start saving time and money from the right resource management today! &nbsp; \u00a0 \u00a0 See how Teamdeck is helping software houses and digital agencies with resource management Mace&amp;Menter We worked with...","protected":false},"author":17,"featured_media":4305,"parent":0,"menu_order":0,"comment_status":"closed","ping_status":"closed","template":"","meta":{"footnotes":""},"class_list":["post-7379","page","type-page","status-publish","has-post-thumbnail","hentry"],"yoast_head":"<!-- This site is optimized with the Yoast SEO Premium plugin v23.8 (Yoast SEO v24.3) - https:\/\/yoast.com\/wordpress\/plugins\/seo\/ -->\n<title>Schedule a demo call - Teamdeck<\/title>\n<meta name=\"description\" content=\"Join a demo call to learn how our tool can enhance your team&#039;s productivity and clarify project capacities.\" \/>\n<meta name=\"robots\" content=\"noindex, follow\" \/>\n<meta property=\"og:locale\" content=\"es_ES\" \/>\n<meta property=\"og:type\" content=\"article\" \/>\n<meta property=\"og:title\" content=\"Schedule a demo call\" \/>\n<meta property=\"og:description\" content=\"Join a demo call to learn how our tool can enhance your team&#039;s productivity and clarify project capacities.\" \/>\n<meta property=\"og:url\" content=\"https:\/\/teamdeck.io\/es\/programar-una-llamada-de-demostracion\/\" \/>\n<meta property=\"og:site_name\" content=\"Teamdeck\" \/>\n<meta property=\"article:publisher\" content=\"https:\/\/www.facebook.com\/helloteamdeck\" \/>\n<meta property=\"article:modified_time\" content=\"2025-05-06T06:05:52+00:00\" \/>\n<meta property=\"og:image\" content=\"https:\/\/cdn.teamdeck.io\/uploads\/website\/2018\/02\/19113041\/hight-level-planing.png\" \/>\n\t<meta property=\"og:image:width\" content=\"1921\" \/>\n\t<meta property=\"og:image:height\" content=\"1081\" \/>\n\t<meta property=\"og:image:type\" content=\"image\/png\" \/>\n<meta name=\"twitter:card\" content=\"summary_large_image\" \/>\n<meta name=\"twitter:site\" content=\"@helloteamdeck\" \/>\n<meta name=\"twitter:label1\" content=\"Est. reading time\" \/>\n\t<meta name=\"twitter:data1\" content=\"5 minutes\" \/>\n<script type=\"application\/ld+json\" class=\"yoast-schema-graph\">{\"@context\":\"https:\/\/schema.org\",\"@graph\":[{\"@type\":\"WebPage\",\"@id\":\"https:\/\/teamdeck.io\/schedule-a-demo-call\/\",\"url\":\"https:\/\/teamdeck.io\/schedule-a-demo-call\/\",\"name\":\"Schedule a demo call - Teamdeck\",\"isPartOf\":{\"@id\":\"https:\/\/teamdeck.io\/#website\"},\"primaryImageOfPage\":{\"@id\":\"https:\/\/teamdeck.io\/schedule-a-demo-call\/#primaryimage\"},\"image\":{\"@id\":\"https:\/\/teamdeck.io\/schedule-a-demo-call\/#primaryimage\"},\"thumbnailUrl\":\"https:\/\/cdn.teamdeck.io\/uploads\/website\/2018\/02\/19113041\/hight-level-planing.png\",\"datePublished\":\"2021-09-21T10:44:40+00:00\",\"dateModified\":\"2025-05-06T06:05:52+00:00\",\"description\":\"Join a demo call to learn how our tool can enhance your team's productivity and clarify project capacities.\",\"breadcrumb\":{\"@id\":\"https:\/\/teamdeck.io\/schedule-a-demo-call\/#breadcrumb\"},\"inLanguage\":\"es-ES\",\"potentialAction\":[{\"@type\":\"ReadAction\",\"target\":[\"https:\/\/teamdeck.io\/schedule-a-demo-call\/\"]}]},{\"@type\":\"ImageObject\",\"inLanguage\":\"es-ES\",\"@id\":\"https:\/\/teamdeck.io\/schedule-a-demo-call\/#primaryimage\",\"url\":\"https:\/\/cdn.teamdeck.io\/uploads\/website\/2018\/02\/19113041\/hight-level-planing.png\",\"contentUrl\":\"https:\/\/cdn.teamdeck.io\/uploads\/website\/2018\/02\/19113041\/hight-level-planing.png\",\"width\":\"1921\",\"height\":\"1081\",\"caption\":\"high level planning teamdeck\"},{\"@type\":\"BreadcrumbList\",\"@id\":\"https:\/\/teamdeck.io\/schedule-a-demo-call\/#breadcrumb\",\"itemListElement\":[{\"@type\":\"ListItem\",\"position\":1,\"name\":\"Home\",\"item\":\"https:\/\/teamdeck.io\/\"},{\"@type\":\"ListItem\",\"position\":2,\"name\":\"Schedule a demo call\"}]},{\"@type\":\"WebSite\",\"@id\":\"https:\/\/teamdeck.io\/#website\",\"url\":\"https:\/\/teamdeck.io\/\",\"name\":\"Teamdeck\",\"description\":\"resource scheduling + time tracking + leave management\",\"potentialAction\":[{\"@type\":\"SearchAction\",\"target\":{\"@type\":\"EntryPoint\",\"urlTemplate\":\"https:\/\/teamdeck.io\/?s={search_term_string}\"},\"query-input\":{\"@type\":\"PropertyValueSpecification\",\"valueRequired\":true,\"valueName\":\"search_term_string\"}}],\"inLanguage\":\"es-ES\"}]}<\/script>\n<!-- \/ Yoast SEO Premium plugin. -->","yoast_head_json":{"title":"Schedule a demo call - Teamdeck","description":"Join a demo call to learn how our tool can enhance your team's productivity and clarify project capacities.","robots":{"index":"noindex","follow":"follow"},"og_locale":"es_ES","og_type":"article","og_title":"Schedule a demo call","og_description":"Join a demo call to learn how our tool can enhance your team's productivity and clarify project capacities.","og_url":"https:\/\/teamdeck.io\/es\/programar-una-llamada-de-demostracion\/","og_site_name":"Teamdeck","article_publisher":"https:\/\/www.facebook.com\/helloteamdeck","article_modified_time":"2025-05-06T06:05:52+00:00","og_image":[{"width":1921,"height":1081,"url":"https:\/\/cdn.teamdeck.io\/uploads\/website\/2018\/02\/19113041\/hight-level-planing.png","type":"image\/png"}],"twitter_card":"summary_large_image","twitter_site":"@helloteamdeck","twitter_misc":{"Est. reading time":"5 minutes"},"schema":{"@context":"https:\/\/schema.org","@graph":[{"@type":"WebPage","@id":"https:\/\/teamdeck.io\/schedule-a-demo-call\/","url":"https:\/\/teamdeck.io\/schedule-a-demo-call\/","name":"Schedule a demo call - Teamdeck","isPartOf":{"@id":"https:\/\/teamdeck.io\/#website"},"primaryImageOfPage":{"@id":"https:\/\/teamdeck.io\/schedule-a-demo-call\/#primaryimage"},"image":{"@id":"https:\/\/teamdeck.io\/schedule-a-demo-call\/#primaryimage"},"thumbnailUrl":"https:\/\/cdn.teamdeck.io\/uploads\/website\/2018\/02\/19113041\/hight-level-planing.png","datePublished":"2021-09-21T10:44:40+00:00","dateModified":"2025-05-06T06:05:52+00:00","description":"Join a demo call to learn how our tool can enhance your team's productivity and clarify project capacities.","breadcrumb":{"@id":"https:\/\/teamdeck.io\/schedule-a-demo-call\/#breadcrumb"},"inLanguage":"es-ES","potentialAction":[{"@type":"ReadAction","target":["https:\/\/teamdeck.io\/schedule-a-demo-call\/"]}]},{"@type":"ImageObject","inLanguage":"es-ES","@id":"https:\/\/teamdeck.io\/schedule-a-demo-call\/#primaryimage","url":"https:\/\/cdn.teamdeck.io\/uploads\/website\/2018\/02\/19113041\/hight-level-planing.png","contentUrl":"https:\/\/cdn.teamdeck.io\/uploads\/website\/2018\/02\/19113041\/hight-level-planing.png","width":"1921","height":"1081","caption":"high level planning teamdeck"},{"@type":"BreadcrumbList","@id":"https:\/\/teamdeck.io\/schedule-a-demo-call\/#breadcrumb","itemListElement":[{"@type":"ListItem","position":1,"name":"Home","item":"https:\/\/teamdeck.io\/"},{"@type":"ListItem","position":2,"name":"Schedule a demo call"}]},{"@type":"WebSite","@id":"https:\/\/teamdeck.io\/#website","url":"https:\/\/teamdeck.io\/","name":"Teamdeck","description":"resource scheduling + time tracking + leave management","potentialAction":[{"@type":"SearchAction","target":{"@type":"EntryPoint","urlTemplate":"https:\/\/teamdeck.io\/?s={search_term_string}"},"query-input":{"@type":"PropertyValueSpecification","valueRequired":true,"valueName":"search_term_string"}}],"inLanguage":"es-ES"}]}},"_links":{"self":[{"href":"https:\/\/teamdeck.io\/es\/wp-json\/wp\/v2\/pages\/7379","targetHints":{"allow":["GET"]}}],"collection":[{"href":"https:\/\/teamdeck.io\/es\/wp-json\/wp\/v2\/pages"}],"about":[{"href":"https:\/\/teamdeck.io\/es\/wp-json\/wp\/v2\/types\/page"}],"author":[{"embeddable":true,"href":"https:\/\/teamdeck.io\/es\/wp-json\/wp\/v2\/users\/17"}],"replies":[{"embeddable":true,"href":"https:\/\/teamdeck.io\/es\/wp-json\/wp\/v2\/comments?post=7379"}],"version-history":[{"count":44,"href":"https:\/\/teamdeck.io\/es\/wp-json\/wp\/v2\/pages\/7379\/revisions"}],"predecessor-version":[{"id":13710,"href":"https:\/\/teamdeck.io\/es\/wp-json\/wp\/v2\/pages\/7379\/revisions\/13710"}],"wp:featuredmedia":[{"embeddable":true,"href":"https:\/\/teamdeck.io\/es\/wp-json\/wp\/v2\/media\/4305"}],"wp:attachment":[{"href":"https:\/\/teamdeck.io\/es\/wp-json\/wp\/v2\/media?parent=7379"}],"curies":[{"name":"wp","href":"https:\/\/api.w.org\/{rel}","templated":true}]}}