{"id":7198,"date":"2021-08-24T21:41:30","date_gmt":"2021-08-24T19:41:30","guid":{"rendered":"https:\/\/teamdeck.io\/?page_id=7198"},"modified":"2024-02-08T11:04:18","modified_gmt":"2024-02-08T09:04:18","slug":"teamdeck-vs-float","status":"publish","type":"page","link":"https:\/\/teamdeck.io\/es\/teamdeck-vs-float\/","title":{"rendered":"Teamdeck vs Float"},"content":{"rendered":"<div class=\"vc_row wpb_row vc_row-fluid redl-row-section padding-default bgv-default bgh-default halign-default\"><div class=\"wpb_column vc_column_container text-left vc_col-sm-12 padding-default bgv-default bgh-default halign-default\"><div class=\"vc_column-inner\"><div class=\"wpb_wrapper\">\n\t<div class=\"wpb_text_column wpb_content_element\" >\n\t\t<div class=\"wpb_wrapper\">\n\t\t\t\n\t\t<\/div>\n\t<\/div>\n<\/div><\/div><\/div><\/div><div data-vc-full-width=\"true\" data-vc-full-width-init=\"false\" class=\"vc_row wpb_row vc_row-fluid redl-row-section vc_custom_1547727116563 vc_row-has-fill vc_row-o-content-middle vc_row-flex padding-default bgv-default bgh-default halign-center\"><div class=\"wpb_column vc_column_container text-left vc_col-sm-4 padding-default bgv-default bgh-default halign-center\"><div class=\"vc_column-inner\"><div class=\"wpb_wrapper\">\n\t<div class=\"wpb_text_column wpb_content_element\" >\n\t\t<div class=\"wpb_wrapper\">\n\t\t\t<h1>Teamdeck vs Float<br \/><span class=\"h2\"><br \/><\/span><\/h1>\n<p style=\"text-align: justify;\">Vea c\u00f3mo Teamdeck le da m\u00e1s control sobre todo el proceso de gesti\u00f3n de recursos, desde la programaci\u00f3n de equipos y recursos hasta el seguimiento del tiempo y la gesti\u00f3n de permisos. <strong>A continuaci\u00f3n se ofrece una comparaci\u00f3n de ambos programas de planificaci\u00f3n de recursos. <\/strong><\/p>\n\n\t\t<\/div>\n\t<\/div>\n\n\t<div class=\"wpb_text_column wpb_content_element\" >\n\t\t<div class=\"wpb_wrapper\">\n\t\t\t<p>\u00a0<\/p>\n\n\t\t<\/div>\n\t<\/div>\n<\/div><\/div><\/div><div class=\"wpb_column vc_column_container text-center vc_col-sm-8 vc_col-has-fill padding-default bgv-default bgh-default halign-center\"><div class=\"vc_column-inner vc_custom_1583827482870\"><div class=\"wpb_wrapper\">\n\t<div class=\"wpb_text_column wpb_content_element  vc_custom_1638199917193 video-nocontrols\" >\n\t\t<div class=\"wpb_wrapper\">\n\t\t\t<p><img loading=\"lazy\" decoding=\"async\" class=\"alignnone wp-image-7278 size-full\" src=\"https:\/\/cdn.teamdeck.io\/uploads\/website\/2021\/08\/17161910\/teamdeck-vs-float-2-1.jpg\" alt=\"El software de gesti\u00f3n de recursos Teamdeck pertenece a la peque\u00f1a familia de las alternativas Float elegidas por muchos gestores de proyectos.\" width=\"1596\" height=\"1148\" \/><\/p>\n\n\t\t<\/div>\n\t<\/div>\n<\/div><\/div><\/div><\/div><div class=\"vc_row-full-width vc_clearfix\"><\/div><div class=\"vc_row wpb_row vc_row-fluid redl-row-section padding-default bgv-default bgh-default halign-default\"><div class=\"wpb_column vc_column_container text-left vc_col-sm-12 padding-default bgv-default bgh-default halign-default\"><div class=\"vc_column-inner\"><div class=\"wpb_wrapper\">\n\t<div class=\"wpb_text_column wpb_content_element\" >\n\t\t<div class=\"wpb_wrapper\">\n\t\t\t<h2>\u00bfEst\u00e1 buscando alternativas a Float?<\/h2>\n<p style=\"text-align: justify;\">Nuestros clientes sustituyeron Float, Resource Guru, Harvest y Kantata por Teamdeck.<\/p>\n<p style=\"text-align: justify;\">Float y Teamdeck se centran en la planificaci\u00f3n de capacidades, la gesti\u00f3n de tareas, la colaboraci\u00f3n en equipo y la optimizaci\u00f3n de recursos. El enfoque en la gesti\u00f3n de recursos es la raz\u00f3n por la que los equipos eligen estas herramientas frente a aplicaciones con un enfoque m\u00e1s general de la gesti\u00f3n de procesos internos.<\/p>\n<p>Teamdeck y Float difieren en cuanto al alcance de las funciones y el precio. Ambas herramientas ofrecen suscripciones en un modelo SaaS. Consulte los detalles a continuaci\u00f3n.<\/p>\n\n\t\t<\/div>\n\t<\/div>\n<\/div><\/div><\/div><\/div><div class=\"vc_row wpb_row vc_row-fluid redl-row-section padding-small bgv-default bgh-default halign-default\"><div class=\"wpb_column vc_column_container text-left vc_col-sm-12 padding-small bgv-default bgh-default halign-default\"><div class=\"vc_column-inner\"><div class=\"wpb_wrapper\">\n\t<div class=\"wpb_text_column wpb_content_element\" >\n\t\t<div class=\"wpb_wrapper\">\n\t\t\t<div class=\"ft-table\">\n<div class=\"rsfp\">\n<div class=\"abs\">$7,5 por persona<br \/>al mes<\/div>\n<\/div>\n<div class=\"tdp\">\n<div class=\"abs\">$3,99 por persona<br \/>al mes<\/div>\n<\/div>\n<div class=\"rsttf\">\n<div class=\"abs\">$10 por persona<br \/>al mes<\/div>\n<\/div>\n<div class=\"features ft-table-header\">Caracter\u00edsticas<\/div>\n<div class=\"Teamdeck ft-table-header\">Teamdeck<\/div>\n<div class=\"Float ft-table-header\">Flotador<\/div>\n<div class=\"Notes ft-table-header\">Diferencias<\/div>\n<div class=\"f1\">Programaci\u00f3n de recursos y gesti\u00f3n de permisos<\/div>\n<div class=\"f2\">Informes de capacidad<\/div>\n<div class=\"f3\">Proyectos ilimitados<\/div>\n<div class=\"f4\">Seguimiento r\u00e1pido y sencillo del tiempo<\/div>\n<div class=\"f5\">Comparar estimaciones con datos reales<\/div>\n<div class=\"f6\">Aplicaci\u00f3n m\u00f3vil<\/div>\n<div class=\"n1\">\n<div class=\"abs-2\">Nuestro software de gesti\u00f3n de recursos le permite personalizar el calendario y crear vistas para organizar mejor sus datos.<\/div>\n<\/div>\n<div class=\"n2\">\n<div class=\"abs-2\">En Teamdeck puedes crear informes personalizados con f\u00f3rmulas tipo Excel, o utilizar nuestras plantillas predefinidas.<\/div>\n<\/div>\n<\/div>\n<h1>\u00a0<\/h1>\n<p>\u00a0<\/p>\n<h2 style=\"text-align: center;\"><strong>3 razones por las que las empresas eligen Teamdeck como alternativa a Float<\/strong><\/h2>\n\n\t\t<\/div>\n\t<\/div>\n<\/div><\/div><\/div><\/div><div class=\"vc_row wpb_row vc_row-fluid redl-row-section use-cases-title vc_custom_1582120251302 padding-default bgv-default bgh-default halign-default\"><div class=\"wpb_column vc_column_container text-left vc_col-sm-4 padding-default bgv-default bgh-default halign-default\"><div class=\"vc_column-inner\"><div class=\"wpb_wrapper\">\n\t<div class=\"wpb_text_column wpb_content_element\" >\n\t\t<div class=\"wpb_wrapper\">\n\t\t\t<p>\u00a0<\/p>\n<h3 style=\"text-align: center;\"><strong><span class=\"text-title column-title\">Importaci\u00f3n de datos<\/span><\/strong><\/h3>\n<p>\u00a0<\/p>\n<p style=\"text-align: center;\">La migraci\u00f3n de datos es pan comido. Nuestro asistente de importaci\u00f3n le permite importar datos de otros sistemas sobre personas, proyectos, reservas, partes de horas y vacaciones mediante archivos CSV.<\/p>\n\n\t\t<\/div>\n\t<\/div>\n<\/div><\/div><\/div><div class=\"wpb_column vc_column_container text-left vc_col-sm-4 padding-default bgv-default bgh-default halign-default\"><div class=\"vc_column-inner\"><div class=\"wpb_wrapper\">\n\t<div class=\"wpb_text_column wpb_content_element\" >\n\t\t<div class=\"wpb_wrapper\">\n\t\t\t<h3 style=\"text-align: center;\"><span class=\"text-title column-title\">Informes personalizados avanzados<\/span><\/h3>\n<p>\u00a0<\/p>\n<p style=\"text-align: center;\">Teamdeck le permite crear informes personalizados seg\u00fan las necesidades de su empresa utilizando f\u00f3rmulas similares a las de Excel. Tambi\u00e9n puede utilizar nuestras plantillas predefinidas para obtener informaci\u00f3n sobre la utilizaci\u00f3n del equipo, el presupuesto quemado, la n\u00f3mina y mucho m\u00e1s.<\/p>\n\n\t\t<\/div>\n\t<\/div>\n<\/div><\/div><\/div><div class=\"wpb_column vc_column_container text-left vc_col-sm-4 padding-default bgv-default bgh-default halign-default\"><div class=\"vc_column-inner\"><div class=\"wpb_wrapper\">\n\t<div class=\"wpb_text_column wpb_content_element\" >\n\t\t<div class=\"wpb_wrapper\">\n\t\t\t<h3 style=\"text-align: center;\"><span class=\"text-title column-title\">Campos personalizados y sistema de etiquetado<\/span><\/h3>\n<p>\u00a0<\/p>\n<p style=\"text-align: center;\">Los atributos personalizados para personas y proyectos combinados con etiquetas personalizadas asignadas a reservas, hojas de horas y proyectos le permiten construir un proceso de gesti\u00f3n de recursos \u00fanico y flexible para su empresa.<\/p>\n\n\t\t<\/div>\n\t<\/div>\n<\/div><\/div><\/div><\/div><div class=\"vc_row wpb_row vc_row-fluid redl-row-section padding-default bgv-default bgh-default halign-default\"><div class=\"wpb_column vc_column_container text-left vc_col-sm-12 padding-default bgv-default bgh-default halign-default\"><div class=\"vc_column-inner\"><div class=\"wpb_wrapper\">\n\t<div class=\"wpb_text_column wpb_content_element\" >\n\t\t<div class=\"wpb_wrapper\">\n\t\t\t\n\t\t<\/div>\n\t<\/div>\n<\/div><\/div><\/div><\/div><div class=\"vc_row wpb_row vc_row-fluid redl-row-section padding-default bgv-default bgh-default halign-default\"><div class=\"wpb_column vc_column_container text-left vc_col-sm-12 padding-default bgv-default bgh-default halign-default\"><div class=\"vc_column-inner\"><div class=\"wpb_wrapper\">\n\t<div class=\"wpb_text_column wpb_content_element\" >\n\t\t<div class=\"wpb_wrapper\">\n\t\t\t<h2 style=\"text-align: center;\"><strong>Conozca por qu\u00e9 nos eligen empresas como Siemens Energy, Human8, Oliver Agency, Hill-Knowlton o Unit9.<\/strong><\/h2>\n\n\t\t<\/div>\n\t<\/div>\n<\/div><\/div><\/div><\/div><div class=\"vc_row wpb_row vc_row-fluid redl-row-section padding-default bgv-default bgh-default halign-default\"><div class=\"wpb_column vc_column_container text-left vc_col-sm-12 padding-default bgv-default bgh-default halign-default\"><div class=\"vc_column-inner vc_custom_1583774752686\"><div class=\"wpb_wrapper\"><form class=\"get-started-form\" action=\"\">\n  <div class=\"get-started-form__input-wrapper\">\n    <input class=\"get-started-form__input\" placeholder=\"Introduzca la direcci\u00f3n de correo electr\u00f3nico de su empresa\" \/>\n  <\/div>\n  <button type=\"submit\" class=\"get-started-form__button\">\n    <span class=\"get-started-form__button-text\">14 d\u00edas de prueba GRATIS<\/>\n  <\/button>\n  <button class=\"get-started-form__button\">\n    <span class=\"get-started-form__button-text\">Consiga 30 dias de prueba gratis<\/>\n  <\/button>\n<input type=\"hidden\" name=\"trp-form-language\" value=\"es\"\/><\/form>\n<\/div><\/div><\/div><\/div><div class=\"vc_row wpb_row vc_row-fluid redl-row-section padding-default bgv-default bgh-default halign-default\"><div class=\"wpb_column vc_column_container text-left vc_col-sm-12 padding-default bgv-default bgh-default halign-default\"><div class=\"vc_column-inner\"><div class=\"wpb_wrapper\"><\/div><\/div><\/div><\/div>","protected":false},"excerpt":{"rendered":"Teamdeck vs Float Vea c\u00f3mo Teamdeck le da m\u00e1s control sobre todo el proceso de gesti\u00f3n de recursos, desde la programaci\u00f3n de equipos y recursos hasta el seguimiento del tiempo y la gesti\u00f3n de permisos. A continuaci\u00f3n encontrar\u00e1 una comparaci\u00f3n de ambos software de planificaci\u00f3n de recursos.  ...","protected":false},"author":17,"featured_media":0,"parent":0,"menu_order":0,"comment_status":"closed","ping_status":"closed","template":"","meta":{"footnotes":""},"class_list":["post-7198","page","type-page","status-publish","hentry"],"yoast_head":"<!-- This site is optimized with the Yoast SEO Premium plugin v23.8 (Yoast SEO v24.3) - https:\/\/yoast.com\/wordpress\/plugins\/seo\/ -->\n<title>Float Alternatives - Teamdeck - Resource Management Software<\/title>\n<meta name=\"description\" content=\"Teamdeck.io resource management software is in use by Stormind Games, Circus Maximus, Hill-Knowlton, etc. We replaced Float many times.\" \/>\n<meta name=\"robots\" content=\"index, follow, max-snippet:-1, max-image-preview:large, max-video-preview:-1\" \/>\n<link rel=\"canonical\" href=\"https:\/\/teamdeck.io\/es\/teamdeck-vs-float\/\" \/>\n<meta property=\"og:locale\" content=\"es_ES\" \/>\n<meta property=\"og:type\" content=\"article\" \/>\n<meta property=\"og:title\" content=\"Teamdeck vs Float\" \/>\n<meta property=\"og:description\" content=\"Teamdeck.io resource management software is in use by Stormind Games, Circus Maximus, Hill-Knowlton, etc. We replaced Float many times.\" \/>\n<meta property=\"og:url\" content=\"https:\/\/teamdeck.io\/es\/teamdeck-vs-float\/\" \/>\n<meta property=\"og:site_name\" content=\"Teamdeck\" \/>\n<meta property=\"article:publisher\" content=\"https:\/\/www.facebook.com\/helloteamdeck\" \/>\n<meta property=\"article:modified_time\" content=\"2024-02-08T09:04:18+00:00\" \/>\n<meta property=\"og:image\" content=\"https:\/\/teamdeck.io\/wp-content\/uploads\/2021\/08\/teamdeck-vs-float-2-1.jpg\" \/>\n<meta name=\"twitter:card\" content=\"summary_large_image\" \/>\n<meta name=\"twitter:site\" content=\"@helloteamdeck\" \/>\n<meta name=\"twitter:label1\" content=\"Est. reading time\" \/>\n\t<meta name=\"twitter:data1\" content=\"2 minutes\" \/>\n<script type=\"application\/ld+json\" class=\"yoast-schema-graph\">{\"@context\":\"https:\/\/schema.org\",\"@graph\":[{\"@type\":\"WebPage\",\"@id\":\"https:\/\/teamdeck.io\/teamdeck-vs-float\/\",\"url\":\"https:\/\/teamdeck.io\/teamdeck-vs-float\/\",\"name\":\"Float Alternatives - Teamdeck - Resource Management Software\",\"isPartOf\":{\"@id\":\"https:\/\/teamdeck.io\/#website\"},\"primaryImageOfPage\":{\"@id\":\"https:\/\/teamdeck.io\/teamdeck-vs-float\/#primaryimage\"},\"image\":{\"@id\":\"https:\/\/teamdeck.io\/teamdeck-vs-float\/#primaryimage\"},\"thumbnailUrl\":\"https:\/\/teamdeck.io\/wp-content\/uploads\/2021\/08\/teamdeck-vs-float-2-1.jpg\",\"datePublished\":\"2021-08-24T19:41:30+00:00\",\"dateModified\":\"2024-02-08T09:04:18+00:00\",\"description\":\"Teamdeck.io resource management software is in use by Stormind Games, Circus Maximus, Hill-Knowlton, etc. We replaced Float many times.\",\"breadcrumb\":{\"@id\":\"https:\/\/teamdeck.io\/teamdeck-vs-float\/#breadcrumb\"},\"inLanguage\":\"es-ES\",\"potentialAction\":[{\"@type\":\"ReadAction\",\"target\":[\"https:\/\/teamdeck.io\/teamdeck-vs-float\/\"]}]},{\"@type\":\"ImageObject\",\"inLanguage\":\"es-ES\",\"@id\":\"https:\/\/teamdeck.io\/teamdeck-vs-float\/#primaryimage\",\"url\":\"https:\/\/teamdeck.io\/wp-content\/uploads\/2021\/08\/teamdeck-vs-float-2-1.jpg\",\"contentUrl\":\"https:\/\/teamdeck.io\/wp-content\/uploads\/2021\/08\/teamdeck-vs-float-2-1.jpg\"},{\"@type\":\"BreadcrumbList\",\"@id\":\"https:\/\/teamdeck.io\/teamdeck-vs-float\/#breadcrumb\",\"itemListElement\":[{\"@type\":\"ListItem\",\"position\":1,\"name\":\"Home\",\"item\":\"https:\/\/teamdeck.io\/\"},{\"@type\":\"ListItem\",\"position\":2,\"name\":\"Teamdeck vs Float\"}]},{\"@type\":\"WebSite\",\"@id\":\"https:\/\/teamdeck.io\/#website\",\"url\":\"https:\/\/teamdeck.io\/\",\"name\":\"Teamdeck\",\"description\":\"resource scheduling + time tracking + leave management\",\"potentialAction\":[{\"@type\":\"SearchAction\",\"target\":{\"@type\":\"EntryPoint\",\"urlTemplate\":\"https:\/\/teamdeck.io\/?s={search_term_string}\"},\"query-input\":{\"@type\":\"PropertyValueSpecification\",\"valueRequired\":true,\"valueName\":\"search_term_string\"}}],\"inLanguage\":\"es-ES\"}]}<\/script>\n<!-- \/ Yoast SEO Premium plugin. -->","yoast_head_json":{"title":"Float Alternatives - Teamdeck - Resource Management Software","description":"Teamdeck.io resource management software is in use by Stormind Games, Circus Maximus, Hill-Knowlton, etc. We replaced Float many times.","robots":{"index":"index","follow":"follow","max-snippet":"max-snippet:-1","max-image-preview":"max-image-preview:large","max-video-preview":"max-video-preview:-1"},"canonical":"https:\/\/teamdeck.io\/es\/teamdeck-vs-float\/","og_locale":"es_ES","og_type":"article","og_title":"Teamdeck vs Float","og_description":"Teamdeck.io resource management software is in use by Stormind Games, Circus Maximus, Hill-Knowlton, etc. We replaced Float many times.","og_url":"https:\/\/teamdeck.io\/es\/teamdeck-vs-float\/","og_site_name":"Teamdeck","article_publisher":"https:\/\/www.facebook.com\/helloteamdeck","article_modified_time":"2024-02-08T09:04:18+00:00","og_image":[{"url":"https:\/\/teamdeck.io\/wp-content\/uploads\/2021\/08\/teamdeck-vs-float-2-1.jpg","type":"","width":"","height":""}],"twitter_card":"summary_large_image","twitter_site":"@helloteamdeck","twitter_misc":{"Est. reading time":"2 minutes"},"schema":{"@context":"https:\/\/schema.org","@graph":[{"@type":"WebPage","@id":"https:\/\/teamdeck.io\/teamdeck-vs-float\/","url":"https:\/\/teamdeck.io\/teamdeck-vs-float\/","name":"Float Alternatives - Teamdeck - Resource Management Software","isPartOf":{"@id":"https:\/\/teamdeck.io\/#website"},"primaryImageOfPage":{"@id":"https:\/\/teamdeck.io\/teamdeck-vs-float\/#primaryimage"},"image":{"@id":"https:\/\/teamdeck.io\/teamdeck-vs-float\/#primaryimage"},"thumbnailUrl":"https:\/\/teamdeck.io\/wp-content\/uploads\/2021\/08\/teamdeck-vs-float-2-1.jpg","datePublished":"2021-08-24T19:41:30+00:00","dateModified":"2024-02-08T09:04:18+00:00","description":"Teamdeck.io resource management software is in use by Stormind Games, Circus Maximus, Hill-Knowlton, etc. We replaced Float many times.","breadcrumb":{"@id":"https:\/\/teamdeck.io\/teamdeck-vs-float\/#breadcrumb"},"inLanguage":"es-ES","potentialAction":[{"@type":"ReadAction","target":["https:\/\/teamdeck.io\/teamdeck-vs-float\/"]}]},{"@type":"ImageObject","inLanguage":"es-ES","@id":"https:\/\/teamdeck.io\/teamdeck-vs-float\/#primaryimage","url":"https:\/\/teamdeck.io\/wp-content\/uploads\/2021\/08\/teamdeck-vs-float-2-1.jpg","contentUrl":"https:\/\/teamdeck.io\/wp-content\/uploads\/2021\/08\/teamdeck-vs-float-2-1.jpg"},{"@type":"BreadcrumbList","@id":"https:\/\/teamdeck.io\/teamdeck-vs-float\/#breadcrumb","itemListElement":[{"@type":"ListItem","position":1,"name":"Home","item":"https:\/\/teamdeck.io\/"},{"@type":"ListItem","position":2,"name":"Teamdeck vs Float"}]},{"@type":"WebSite","@id":"https:\/\/teamdeck.io\/#website","url":"https:\/\/teamdeck.io\/","name":"Teamdeck","description":"resource scheduling + time tracking + leave management","potentialAction":[{"@type":"SearchAction","target":{"@type":"EntryPoint","urlTemplate":"https:\/\/teamdeck.io\/?s={search_term_string}"},"query-input":{"@type":"PropertyValueSpecification","valueRequired":true,"valueName":"search_term_string"}}],"inLanguage":"es-ES"}]}},"_links":{"self":[{"href":"https:\/\/teamdeck.io\/es\/wp-json\/wp\/v2\/pages\/7198","targetHints":{"allow":["GET"]}}],"collection":[{"href":"https:\/\/teamdeck.io\/es\/wp-json\/wp\/v2\/pages"}],"about":[{"href":"https:\/\/teamdeck.io\/es\/wp-json\/wp\/v2\/types\/page"}],"author":[{"embeddable":true,"href":"https:\/\/teamdeck.io\/es\/wp-json\/wp\/v2\/users\/17"}],"replies":[{"embeddable":true,"href":"https:\/\/teamdeck.io\/es\/wp-json\/wp\/v2\/comments?post=7198"}],"version-history":[{"count":33,"href":"https:\/\/teamdeck.io\/es\/wp-json\/wp\/v2\/pages\/7198\/revisions"}],"predecessor-version":[{"id":12622,"href":"https:\/\/teamdeck.io\/es\/wp-json\/wp\/v2\/pages\/7198\/revisions\/12622"}],"wp:attachment":[{"href":"https:\/\/teamdeck.io\/es\/wp-json\/wp\/v2\/media?parent=7198"}],"curies":[{"name":"wp","href":"https:\/\/api.w.org\/{rel}","templated":true}]}}