{"id":5786,"date":"2020-03-10T21:55:27","date_gmt":"2020-03-10T19:55:27","guid":{"rendered":"https:\/\/teamdeck.io\/?page_id=5786"},"modified":"2022-01-11T16:19:56","modified_gmt":"2022-01-11T14:19:56","slug":"teamdeck-vs-resource-guru","status":"publish","type":"page","link":"https:\/\/teamdeck.io\/es\/teamdeck-vs-guru-de-los-recursos\/","title":{"rendered":"Alternativa a Resource Guru"},"content":{"rendered":"<div data-vc-full-width=\"true\" data-vc-full-width-init=\"false\" class=\"vc_row wpb_row vc_row-fluid redl-row-section vc_custom_1547727116563 vc_row-has-fill vc_row-o-content-middle vc_row-flex padding-default bgv-default bgh-default halign-center\"><div class=\"wpb_column vc_column_container text-left vc_col-sm-4 padding-default bgv-default bgh-default halign-center\"><div class=\"vc_column-inner\"><div class=\"wpb_wrapper\">\n\t<div class=\"wpb_text_column wpb_content_element\" >\n\t\t<div class=\"wpb_wrapper\">\n\t\t\t<h1>Teamdeck vs Resource Guru<\/h1>\n<p>Vea c\u00f3mo Teamdeck le da m\u00e1s control sobre todo el proceso de gesti\u00f3n de recursos, desde la programaci\u00f3n de equipos, pasando por el seguimiento del tiempo, hasta la gesti\u00f3n de ausencias. <strong><span style=\"color: #1ac604;\">Lea a continuaci\u00f3n la comparaci\u00f3n entre Resource Guru y Teamdeck<\/span>.<\/strong><\/p>\n\n\t\t<\/div>\n\t<\/div>\n\n\t<div class=\"wpb_text_column wpb_content_element\" >\n\t\t<div class=\"wpb_wrapper\">\n\t\t\t<p style=\"text-align: left;\"><span class=\"arrow-link\"><a href=\"https:\/\/app.teamdeck.io\/register\">30 d\u00edas de prueba GRATIS<\/a><\/span><\/p>\n\n\t\t<\/div>\n\t<\/div>\n<\/div><\/div><\/div><div class=\"wpb_column vc_column_container text-center vc_col-sm-8 vc_col-has-fill padding-default bgv-default bgh-default halign-center\"><div class=\"vc_column-inner vc_custom_1583827482870\"><div class=\"wpb_wrapper\">\n\t<div class=\"wpb_text_column wpb_content_element  vc_custom_1638208805246 video-nocontrols\" >\n\t\t<div class=\"wpb_wrapper\">\n\t\t\t<p><img loading=\"lazy\" decoding=\"async\" class=\"aligncenter wp-image-5809\" src=\"https:\/\/cdn.teamdeck.io\/uploads\/website\/2020\/03\/10215241\/Untitled-design-11-300x250.png\" alt=\"El software de programaci\u00f3n de recursos Teamdeck se convierte en la peque\u00f1a familia de las alternativas del gur\u00fa de los recursos\" width=\"600\" height=\"500\" srcset=\"https:\/\/cdn.teamdeck.io\/uploads\/website\/2020\/03\/10215241\/Untitled-design-11-300x250.png 300w, https:\/\/cdn.teamdeck.io\/uploads\/website\/2020\/03\/10215241\/Untitled-design-11-768x640.png 768w, https:\/\/cdn.teamdeck.io\/uploads\/website\/2020\/03\/10215241\/Untitled-design-11-960x800.png 960w, https:\/\/cdn.teamdeck.io\/uploads\/website\/2020\/03\/10215241\/Untitled-design-11.png 1800w\" sizes=\"auto, (max-width: 600px) 100vw, 600px\" \/><\/p>\n\n\t\t<\/div>\n\t<\/div>\n<\/div><\/div><\/div><\/div><div class=\"vc_row-full-width vc_clearfix\"><\/div><div class=\"vc_row wpb_row vc_row-fluid redl-row-section padding-default bgv-default bgh-default halign-default\"><div class=\"wpb_column vc_column_container text-left vc_col-sm-12 padding-default bgv-default bgh-default halign-default\"><div class=\"vc_column-inner\"><div class=\"wpb_wrapper\">\n\t<div class=\"wpb_text_column wpb_content_element\" >\n\t\t<div class=\"wpb_wrapper\">\n\t\t\t<h2>\u00bfBuscas alternativas a Resource Guru?<\/h2>\n<p>Teamdeck podr\u00eda ser la respuesta a tus necesidades.<\/p>\n<p>Tanto Resource Guru como Teamdeck se centran en la gesti\u00f3n de recursos. Por eso los equipos eligen estas herramientas en lugar de aplicaciones con un enfoque m\u00e1s general para gestionar los procesos internos.<\/p>\n<p><strong>Teamdeck y Resource Guru<\/strong> <strong>difiera<\/strong> <strong>en cuanto a prestaciones y precios<\/strong>pero existen planes de suscripci\u00f3n mensual para ambas herramientas. Consulte los detalles m\u00e1s abajo.<\/p>\n\n\t\t<\/div>\n\t<\/div>\n<\/div><\/div><\/div><\/div><div class=\"vc_row wpb_row vc_row-fluid redl-row-section padding-default bgv-default bgh-default halign-default\"><div class=\"wpb_column vc_column_container text-left vc_col-sm-12 padding-default bgv-default bgh-default halign-default\"><div class=\"vc_column-inner\"><div class=\"wpb_wrapper\">\n\t<div class=\"wpb_text_column wpb_content_element\" >\n\t\t<div class=\"wpb_wrapper\">\n\t\t\t<p><img loading=\"lazy\" decoding=\"async\" class=\"aligncenter wp-image-5822\" src=\"https:\/\/cdn.teamdeck.io\/uploads\/website\/2020\/03\/13124322\/Screenshot-2020-03-13-at-11.43.04-300x177.png\" alt=\"Top alternativas gur\u00fa de recursos tiene que tener en cuenta las caracter\u00edsticas y la comparaci\u00f3n de precios\" width=\"700\" height=\"414\" srcset=\"https:\/\/cdn.teamdeck.io\/uploads\/website\/2020\/03\/13124322\/Screenshot-2020-03-13-at-11.43.04-300x177.png 300w, https:\/\/cdn.teamdeck.io\/uploads\/website\/2020\/03\/13124322\/Screenshot-2020-03-13-at-11.43.04-768x454.png 768w, https:\/\/cdn.teamdeck.io\/uploads\/website\/2020\/03\/13124322\/Screenshot-2020-03-13-at-11.43.04-960x568.png 960w, https:\/\/cdn.teamdeck.io\/uploads\/website\/2020\/03\/13124322\/Screenshot-2020-03-13-at-11.43.04.png 1572w\" sizes=\"auto, (max-width: 700px) 100vw, 700px\" \/><\/p>\n\n\t\t<\/div>\n\t<\/div>\n<\/div><\/div><\/div><\/div><div class=\"vc_row wpb_row vc_row-fluid redl-row-section padding-small bgv-default bgh-default halign-default\"><div class=\"wpb_column vc_column_container text-left vc_col-sm-12 padding-small bgv-default bgh-default halign-default\"><div class=\"vc_column-inner\"><div class=\"wpb_wrapper\">\n\t<div class=\"wpb_text_column wpb_content_element\" >\n\t\t<div class=\"wpb_wrapper\">\n\t\t\t<h2 style=\"text-align: center;\"><strong>3 razones por las que las empresas adoran Teamdeck: la soluci\u00f3n completa de gesti\u00f3n de recursos<\/strong><\/h2>\n\n\t\t<\/div>\n\t<\/div>\n<\/div><\/div><\/div><\/div><div class=\"vc_row wpb_row vc_row-fluid redl-row-section use-cases-title vc_custom_1582120251302 padding-default bgv-default bgh-default halign-default\"><div class=\"wpb_column vc_column_container text-left vc_col-sm-4 padding-default bgv-default bgh-default halign-default\"><div class=\"vc_column-inner\"><div class=\"wpb_wrapper\">\n\t<div class=\"wpb_text_column wpb_content_element\" >\n\t\t<div class=\"wpb_wrapper\">\n\t\t\t<h2 style=\"text-align: center;\"><strong><span class=\"text-title column-title\">Soluci\u00f3n completa de gesti\u00f3n de recursos<\/span><\/strong><\/h2>\n<p style=\"text-align: center;\">Con funciones que abarcan desde la programaci\u00f3n de recursos hasta el seguimiento del tiempo y la gesti\u00f3n de permisos, Teamdeck proporciona a los equipos un mayor control sobre sus procesos internos. Con Teamdeck usted puede <strong>no s\u00f3lo planificar el trabajo de su equipo, sino tambi\u00e9n medir los efectos<\/strong> y, como resultado, optimizar sus esfuerzos de programaci\u00f3n en el futuro.<\/p>\n\n\t\t<\/div>\n\t<\/div>\n<\/div><\/div><\/div><div class=\"wpb_column vc_column_container text-left vc_col-sm-4 padding-default bgv-default bgh-default halign-default\"><div class=\"vc_column-inner\"><div class=\"wpb_wrapper\">\n\t<div class=\"wpb_text_column wpb_content_element\" >\n\t\t<div class=\"wpb_wrapper\">\n\t\t\t<h2 style=\"text-align: center;\"><span class=\"text-title column-title\">Incorporaci\u00f3n r\u00e1pida y eficaz<\/span><\/h2>\n<p style=\"text-align: center;\">\u00bfSientes que Teamdeck es la herramienta para tu equipo? Completa un r\u00e1pido recorrido por el producto, personaliza la configuraci\u00f3n de tu equipo e importa tus datos. No necesitas perder tiempo preparando la aplicaci\u00f3n: <strong>empezar\u00e1s a obtener valor desde el primer d\u00eda.<\/strong><\/p>\n\n\t\t<\/div>\n\t<\/div>\n<\/div><\/div><\/div><div class=\"wpb_column vc_column_container text-left vc_col-sm-4 padding-default bgv-default bgh-default halign-default\"><div class=\"vc_column-inner\"><div class=\"wpb_wrapper\">\n\t<div class=\"wpb_text_column wpb_content_element\" >\n\t\t<div class=\"wpb_wrapper\">\n\t\t\t<h2 style=\"text-align: center;\"><span class=\"text-title column-title\">Asistencia de primera clase<\/span><\/h2>\n<p style=\"text-align: center;\">No nos cansaremos de repetirlo: <strong>nuestra prioridad #1 es que te beneficies de Teamdeck<\/strong> tanto como sea posible. Por eso ofrecemos demostraciones de productos personalizadas, llamadas de incorporaci\u00f3n para su equipo y asistencia prioritaria siempre que la necesite.<\/p>\n\n\t\t<\/div>\n\t<\/div>\n<\/div><\/div><\/div><\/div><div class=\"vc_row wpb_row vc_row-fluid redl-row-section padding-default bgv-default bgh-default halign-default\"><div class=\"wpb_column vc_column_container text-left vc_col-sm-12 padding-default bgv-default bgh-default halign-default\"><div class=\"vc_column-inner\"><div class=\"wpb_wrapper\"><\/div><\/div><\/div><\/div><div class=\"vc_row wpb_row vc_row-fluid redl-row-section padding-default bgv-default bgh-default halign-default\"><div class=\"wpb_column vc_column_container text-left vc_col-sm-12 padding-default bgv-default bgh-default halign-default\"><div class=\"vc_column-inner\"><div class=\"wpb_wrapper\">\n\t<div class=\"wpb_text_column wpb_content_element\" >\n\t\t<div class=\"wpb_wrapper\">\n\t\t\t<h2 class=\"ql-align-center\" style=\"text-align: center;\"><strong>Circus Maximus, BAMM, Stormind Games, Hill-Knowlton Strategies han elegido Teamdeck.io como su <a href=\"https:\/\/teamdeck.io\/es\/\">el software de gesti\u00f3n de recursos de proyectos,<\/a><\/strong><\/h2>\n\n\t\t<\/div>\n\t<\/div>\n<\/div><\/div><\/div><\/div><div class=\"vc_row wpb_row vc_row-fluid redl-row-section padding-default bgv-default bgh-default halign-default\"><div class=\"wpb_column vc_column_container text-left vc_col-sm-12 padding-default bgv-default bgh-default halign-default\"><div class=\"vc_column-inner vc_custom_1583774752686\"><div class=\"wpb_wrapper\"><form class=\"get-started-form\" action=\"\">\n  <div class=\"get-started-form__input-wrapper\">\n    <input class=\"get-started-form__input\" placeholder=\"Introduzca la direcci\u00f3n de correo electr\u00f3nico de su empresa\" \/>\n  <\/div>\n  <button type=\"submit\" class=\"get-started-form__button\">\n    <span class=\"get-started-form__button-text\">14 d\u00edas de prueba GRATIS<\/>\n  <\/button>\n  <button class=\"get-started-form__button\">\n    <span class=\"get-started-form__button-text\">Consiga 30 dias de prueba gratis<\/>\n  <\/button>\n<input type=\"hidden\" name=\"trp-form-language\" value=\"es\"\/><\/form>\n<\/div><\/div><\/div><\/div>","protected":false},"excerpt":{"rendered":"Teamdeck vs Resource Guru Vea c\u00f3mo Teamdeck le da m\u00e1s control sobre todo el proceso de gesti\u00f3n de recursos, desde la programaci\u00f3n del equipo, pasando por el seguimiento del tiempo, hasta la gesti\u00f3n de ausencias. Lea a continuaci\u00f3n la comparaci\u00f3n entre Resource Guru y Teamdeck. Obtenga una...","protected":false},"author":17,"featured_media":0,"parent":0,"menu_order":0,"comment_status":"closed","ping_status":"closed","template":"","meta":{"footnotes":""},"class_list":["post-5786","page","type-page","status-publish","hentry"],"yoast_head":"<!-- This site is optimized with the Yoast SEO Premium plugin v23.8 (Yoast SEO v24.3) - https:\/\/yoast.com\/wordpress\/plugins\/seo\/ -->\n<title>Resource Guru alternatives - Teamdeck - Resource Management Software<\/title>\n<meta name=\"description\" content=\"Teamdeck.io - resource management software is in use by Stormind Games, Circus Maximus, Hill-Knowlton. We replaced Resource Guru many times.\" \/>\n<meta name=\"robots\" content=\"index, follow, max-snippet:-1, max-image-preview:large, max-video-preview:-1\" \/>\n<link rel=\"canonical\" href=\"https:\/\/teamdeck.io\/es\/teamdeck-vs-guru-de-los-recursos\/\" \/>\n<meta property=\"og:locale\" content=\"es_ES\" \/>\n<meta property=\"og:type\" content=\"article\" \/>\n<meta property=\"og:title\" content=\"Resource Guru Alternative\" \/>\n<meta property=\"og:description\" content=\"Teamdeck.io - resource management software is in use by Stormind Games, Circus Maximus, Hill-Knowlton. We replaced Resource Guru many times.\" \/>\n<meta property=\"og:url\" content=\"https:\/\/teamdeck.io\/es\/teamdeck-vs-guru-de-los-recursos\/\" \/>\n<meta property=\"og:site_name\" content=\"Teamdeck\" \/>\n<meta property=\"article:publisher\" content=\"https:\/\/www.facebook.com\/helloteamdeck\" \/>\n<meta property=\"article:modified_time\" content=\"2022-01-11T14:19:56+00:00\" \/>\n<meta property=\"og:image\" content=\"https:\/\/teamdeck.io\/wp-content\/uploads\/2020\/03\/Untitled-design-11-300x250.png\" \/>\n<meta name=\"twitter:card\" content=\"summary_large_image\" \/>\n<meta name=\"twitter:site\" content=\"@helloteamdeck\" \/>\n<meta name=\"twitter:label1\" content=\"Est. reading time\" \/>\n\t<meta name=\"twitter:data1\" content=\"2 minutes\" \/>\n<script type=\"application\/ld+json\" class=\"yoast-schema-graph\">{\"@context\":\"https:\/\/schema.org\",\"@graph\":[{\"@type\":\"WebPage\",\"@id\":\"https:\/\/teamdeck.io\/teamdeck-vs-resource-guru\/\",\"url\":\"https:\/\/teamdeck.io\/teamdeck-vs-resource-guru\/\",\"name\":\"Resource Guru alternatives - Teamdeck - Resource Management Software\",\"isPartOf\":{\"@id\":\"https:\/\/teamdeck.io\/#website\"},\"primaryImageOfPage\":{\"@id\":\"https:\/\/teamdeck.io\/teamdeck-vs-resource-guru\/#primaryimage\"},\"image\":{\"@id\":\"https:\/\/teamdeck.io\/teamdeck-vs-resource-guru\/#primaryimage\"},\"thumbnailUrl\":\"https:\/\/teamdeck.io\/wp-content\/uploads\/2020\/03\/Untitled-design-11-300x250.png\",\"datePublished\":\"2020-03-10T19:55:27+00:00\",\"dateModified\":\"2022-01-11T14:19:56+00:00\",\"description\":\"Teamdeck.io - resource management software is in use by Stormind Games, Circus Maximus, Hill-Knowlton. We replaced Resource Guru many times.\",\"breadcrumb\":{\"@id\":\"https:\/\/teamdeck.io\/teamdeck-vs-resource-guru\/#breadcrumb\"},\"inLanguage\":\"es-ES\",\"potentialAction\":[{\"@type\":\"ReadAction\",\"target\":[\"https:\/\/teamdeck.io\/teamdeck-vs-resource-guru\/\"]}]},{\"@type\":\"ImageObject\",\"inLanguage\":\"es-ES\",\"@id\":\"https:\/\/teamdeck.io\/teamdeck-vs-resource-guru\/#primaryimage\",\"url\":\"https:\/\/teamdeck.io\/wp-content\/uploads\/2020\/03\/Untitled-design-11-300x250.png\",\"contentUrl\":\"https:\/\/teamdeck.io\/wp-content\/uploads\/2020\/03\/Untitled-design-11-300x250.png\"},{\"@type\":\"BreadcrumbList\",\"@id\":\"https:\/\/teamdeck.io\/teamdeck-vs-resource-guru\/#breadcrumb\",\"itemListElement\":[{\"@type\":\"ListItem\",\"position\":1,\"name\":\"Home\",\"item\":\"https:\/\/teamdeck.io\/\"},{\"@type\":\"ListItem\",\"position\":2,\"name\":\"Resource Guru Alternative\"}]},{\"@type\":\"WebSite\",\"@id\":\"https:\/\/teamdeck.io\/#website\",\"url\":\"https:\/\/teamdeck.io\/\",\"name\":\"Teamdeck\",\"description\":\"resource scheduling + time tracking + leave management\",\"potentialAction\":[{\"@type\":\"SearchAction\",\"target\":{\"@type\":\"EntryPoint\",\"urlTemplate\":\"https:\/\/teamdeck.io\/?s={search_term_string}\"},\"query-input\":{\"@type\":\"PropertyValueSpecification\",\"valueRequired\":true,\"valueName\":\"search_term_string\"}}],\"inLanguage\":\"es-ES\"}]}<\/script>\n<!-- \/ Yoast SEO Premium plugin. -->","yoast_head_json":{"title":"Resource Guru alternatives - Teamdeck - Resource Management Software","description":"Teamdeck.io - resource management software is in use by Stormind Games, Circus Maximus, Hill-Knowlton. We replaced Resource Guru many times.","robots":{"index":"index","follow":"follow","max-snippet":"max-snippet:-1","max-image-preview":"max-image-preview:large","max-video-preview":"max-video-preview:-1"},"canonical":"https:\/\/teamdeck.io\/es\/teamdeck-vs-guru-de-los-recursos\/","og_locale":"es_ES","og_type":"article","og_title":"Resource Guru Alternative","og_description":"Teamdeck.io - resource management software is in use by Stormind Games, Circus Maximus, Hill-Knowlton. We replaced Resource Guru many times.","og_url":"https:\/\/teamdeck.io\/es\/teamdeck-vs-guru-de-los-recursos\/","og_site_name":"Teamdeck","article_publisher":"https:\/\/www.facebook.com\/helloteamdeck","article_modified_time":"2022-01-11T14:19:56+00:00","og_image":[{"url":"https:\/\/teamdeck.io\/wp-content\/uploads\/2020\/03\/Untitled-design-11-300x250.png","type":"","width":"","height":""}],"twitter_card":"summary_large_image","twitter_site":"@helloteamdeck","twitter_misc":{"Est. reading time":"2 minutes"},"schema":{"@context":"https:\/\/schema.org","@graph":[{"@type":"WebPage","@id":"https:\/\/teamdeck.io\/teamdeck-vs-resource-guru\/","url":"https:\/\/teamdeck.io\/teamdeck-vs-resource-guru\/","name":"Resource Guru alternatives - Teamdeck - Resource Management Software","isPartOf":{"@id":"https:\/\/teamdeck.io\/#website"},"primaryImageOfPage":{"@id":"https:\/\/teamdeck.io\/teamdeck-vs-resource-guru\/#primaryimage"},"image":{"@id":"https:\/\/teamdeck.io\/teamdeck-vs-resource-guru\/#primaryimage"},"thumbnailUrl":"https:\/\/teamdeck.io\/wp-content\/uploads\/2020\/03\/Untitled-design-11-300x250.png","datePublished":"2020-03-10T19:55:27+00:00","dateModified":"2022-01-11T14:19:56+00:00","description":"Teamdeck.io - resource management software is in use by Stormind Games, Circus Maximus, Hill-Knowlton. We replaced Resource Guru many times.","breadcrumb":{"@id":"https:\/\/teamdeck.io\/teamdeck-vs-resource-guru\/#breadcrumb"},"inLanguage":"es-ES","potentialAction":[{"@type":"ReadAction","target":["https:\/\/teamdeck.io\/teamdeck-vs-resource-guru\/"]}]},{"@type":"ImageObject","inLanguage":"es-ES","@id":"https:\/\/teamdeck.io\/teamdeck-vs-resource-guru\/#primaryimage","url":"https:\/\/teamdeck.io\/wp-content\/uploads\/2020\/03\/Untitled-design-11-300x250.png","contentUrl":"https:\/\/teamdeck.io\/wp-content\/uploads\/2020\/03\/Untitled-design-11-300x250.png"},{"@type":"BreadcrumbList","@id":"https:\/\/teamdeck.io\/teamdeck-vs-resource-guru\/#breadcrumb","itemListElement":[{"@type":"ListItem","position":1,"name":"Home","item":"https:\/\/teamdeck.io\/"},{"@type":"ListItem","position":2,"name":"Resource Guru Alternative"}]},{"@type":"WebSite","@id":"https:\/\/teamdeck.io\/#website","url":"https:\/\/teamdeck.io\/","name":"Teamdeck","description":"resource scheduling + time tracking + leave management","potentialAction":[{"@type":"SearchAction","target":{"@type":"EntryPoint","urlTemplate":"https:\/\/teamdeck.io\/?s={search_term_string}"},"query-input":{"@type":"PropertyValueSpecification","valueRequired":true,"valueName":"search_term_string"}}],"inLanguage":"es-ES"}]}},"_links":{"self":[{"href":"https:\/\/teamdeck.io\/es\/wp-json\/wp\/v2\/pages\/5786","targetHints":{"allow":["GET"]}}],"collection":[{"href":"https:\/\/teamdeck.io\/es\/wp-json\/wp\/v2\/pages"}],"about":[{"href":"https:\/\/teamdeck.io\/es\/wp-json\/wp\/v2\/types\/page"}],"author":[{"embeddable":true,"href":"https:\/\/teamdeck.io\/es\/wp-json\/wp\/v2\/users\/17"}],"replies":[{"embeddable":true,"href":"https:\/\/teamdeck.io\/es\/wp-json\/wp\/v2\/comments?post=5786"}],"version-history":[{"count":10,"href":"https:\/\/teamdeck.io\/es\/wp-json\/wp\/v2\/pages\/5786\/revisions"}],"predecessor-version":[{"id":9001,"href":"https:\/\/teamdeck.io\/es\/wp-json\/wp\/v2\/pages\/5786\/revisions\/9001"}],"wp:attachment":[{"href":"https:\/\/teamdeck.io\/es\/wp-json\/wp\/v2\/media?parent=5786"}],"curies":[{"name":"wp","href":"https:\/\/api.w.org\/{rel}","templated":true}]}}