{"id":4695,"date":"2019-02-26T14:31:13","date_gmt":"2019-02-26T12:31:13","guid":{"rendered":"https:\/\/teamdeck.io\/?page_id=4695"},"modified":"2021-12-14T17:55:26","modified_gmt":"2021-12-14T15:55:26","slug":"reporting","status":"publish","type":"page","link":"https:\/\/teamdeck.io\/es\/caracteristicas\/informacion\/","title":{"rendered":"Informes personalizados"},"content":{"rendered":"<div data-vc-full-width=\"true\" data-vc-full-width-init=\"false\" class=\"vc_row wpb_row vc_row-fluid redl-row-section vc_custom_1547727116563 vc_row-has-fill vc_row-o-content-middle vc_row-flex padding-default bgv-default bgh-default halign-center\"><div class=\"wpb_column vc_column_container text-left vc_col-sm-4 padding-default bgv-default bgh-default halign-center\"><div class=\"vc_column-inner\"><div class=\"wpb_wrapper\">\n\t<div class=\"wpb_text_column wpb_content_element\" >\n\t\t<div class=\"wpb_wrapper\">\n\t\t\t<h1>Plantillas de informes<br \/>\n<span class=\"h2\"><br \/>\n<\/span><\/h1>\n<h3>Tome mejores decisiones basadas en an\u00e1lisis en tiempo real<\/h3>\n\n\t\t<\/div>\n\t<\/div>\n<a class=\"redl-btn redl-btn-two  vc_custom_1551260371526 redl-btn-medium redl-btn-69e1647f62775 btn-hover-one btn-icon-right signup-top\" href=\"https:\/\/app.teamdeck.io\/register?utm_source=reports\">30 d\u00edas de prueba GRATIS<\/a><\/div><\/div><\/div><div class=\"wpb_column vc_column_container text-right vc_col-sm-8 vc_col-has-fill padding-default bgv-default bgh-default halign-end\"><div class=\"vc_column-inner vc_custom_1547727481560\"><div class=\"wpb_wrapper\">\n\t<div  class=\"wpb_single_image wpb_content_element vc_align_center  vc_custom_1552037342446\">\n\t\t\n\t\t<figure class=\"wpb_wrapper vc_figure\">\n\t\t\t<div class=\"vc_single_image-wrapper   vc_box_border_grey\"><img loading=\"lazy\" decoding=\"async\" width=\"960\" height=\"549\" src=\"https:\/\/cdn.teamdeck.io\/uploads\/website\/2019\/02\/08110840\/raporty-teamdeck-1-02-960x549.png\" class=\"vc_single_image-img attachment-large\" alt=\"Informes de gesti\u00f3n de proyectos en Teamdeck\" srcset=\"https:\/\/cdn.teamdeck.io\/uploads\/website\/2019\/02\/08110840\/raporty-teamdeck-1-02-960x549.png 960w, https:\/\/cdn.teamdeck.io\/uploads\/website\/2019\/02\/08110840\/raporty-teamdeck-1-02-300x171.png 300w, https:\/\/cdn.teamdeck.io\/uploads\/website\/2019\/02\/08110840\/raporty-teamdeck-1-02-768x439.png 768w\" sizes=\"auto, (max-width: 960px) 100vw, 960px\" \/><\/div>\n\t\t<\/figure>\n\t<\/div>\n<\/div><\/div><\/div><\/div><div class=\"vc_row-full-width vc_clearfix\"><\/div><div class=\"vc_row wpb_row vc_row-fluid redl-row-section padding-medium bgv-default bgh-default halign-default\"><div class=\"wpb_column vc_column_container text-center vc_col-sm-12 padding-default bgv-default bgh-default halign-default\"><div class=\"vc_column-inner\"><div class=\"wpb_wrapper\">\n\t<div class=\"wpb_text_column wpb_content_element\" >\n\t\t<div class=\"wpb_wrapper\">\n\t\t\t<p><span style=\"font-size: 18px;\">Hemos preparado varios <strong>plantillas de informes para los equipos de gesti\u00f3n de proyectos, recursos humanos, finanzas y operaciones<\/strong>. Con las plantillas no tendr\u00e1 que perder el tiempo elaborando informes, sino que podr\u00e1 centrarse en obtener valor de la informaci\u00f3n que encuentre en ellos.&nbsp;<strong>Todas las plantillas son totalmente personalizables<\/strong> para que pueda ajustarlos a sus necesidades: edite etiquetas, a\u00f1ada diagramas, introduzca f\u00f3rmulas personalizadas seg\u00fan sea necesario. <\/span><\/p>\n\n\t\t<\/div>\n\t<\/div>\n<\/div><\/div><\/div><\/div><div data-vc-full-width=\"true\" data-vc-full-width-init=\"false\" class=\"vc_row wpb_row vc_row-fluid redl-row-section feature-row vc_custom_1551186747971 vc_row-o-equal-height vc_row-o-content-middle vc_row-flex padding-small bgv-default bgh-default halign-center\"><div class=\"feature-info wpb_column vc_column_container text-left vc_col-sm-5 vc_col-lg-4 padding-small bgv-default bgh-default halign-default\"><div class=\"vc_column-inner\"><div class=\"wpb_wrapper\">\n\t<div class=\"wpb_text_column wpb_content_element\" >\n\t\t<div class=\"wpb_wrapper\">\n\t\t\t<p><span style=\"font-size: 18px; text-transform: uppercase;\"><b>M\u00e1s informaci\u00f3n sobre las plantillas:<\/b><\/span><\/p>\n<p><span class=\"arrow-link\"><a href=\"https:\/\/teamdeck.io\/es\/informa\/plantilla-de-informe-de-utilizacion\/\">Informe de utilizaci\u00f3n del equipo<\/a><\/span><\/p>\n<p><span class=\"arrow-link\"><a href=\"https:\/\/teamdeck.io\/es\/informa\/modelo-de-informe-sobre-el-presupuesto-del-proyecto\/\">Informe sobre el presupuesto del proyecto<\/a><\/span><\/p>\n<p><span class=\"arrow-link\"><a href=\"https:\/\/teamdeck.io\/es\/informa\/plantilla-de-informe-de-nominas-de-empleados\/\">Informe de n\u00f3minas de los empleados<\/a><\/span><\/p>\n<p><span class=\"arrow-link\"><a href=\"https:\/\/teamdeck.io\/es\/informa\/modelo-de-informe-de-ausencia\/\">Informe de absentismo<\/a><\/span><\/p>\n\n\t\t<\/div>\n\t<\/div>\n<\/div><\/div><\/div><div class=\"feature-image wpb_column vc_column_container text-left vc_col-sm-7 vc_col-lg-6 padding-default bgv-default bgh-default halign-default\"><div class=\"vc_column-inner\"><div class=\"wpb_wrapper\">\n\t<div class=\"wpb_text_column wpb_content_element\" >\n\t\t<div class=\"wpb_wrapper\">\n\t\t\t<p><img loading=\"lazy\" decoding=\"async\" class=\"alignnone wp-image-3547 size-large\" src=\"https:\/\/cdn.teamdeck.io\/uploads\/website\/2016\/10\/27160515\/time_tracking_timesheets%402x.png\" alt=\"\" width=\"960\" height=\"256\" srcset=\"https:\/\/cdn.teamdeck.io\/uploads\/website\/2016\/10\/27160515\/time_tracking_timesheets%402x.png 1313w, https:\/\/cdn.teamdeck.io\/uploads\/website\/2016\/10\/27160515\/time_tracking_timesheets%402x-300x80.png 300w, https:\/\/cdn.teamdeck.io\/uploads\/website\/2016\/10\/27160515\/time_tracking_timesheets%402x-768x205.png 768w, https:\/\/cdn.teamdeck.io\/uploads\/website\/2016\/10\/27160515\/time_tracking_timesheets%402x-960x256.png 960w\" sizes=\"auto, (max-width: 960px) 100vw, 960px\" \/><\/p>\n\n\t\t<\/div>\n\t<\/div>\n<\/div><\/div><\/div><\/div><div class=\"vc_row-full-width vc_clearfix\"><\/div><div data-vc-full-width=\"true\" data-vc-full-width-init=\"false\" class=\"vc_row wpb_row vc_row-fluid redl-row-section vc_custom_1551186940312 vc_row-has-fill padding-medium bgv-default bgh-default halign-default\"><div class=\"wpb_column vc_column_container text-left vc_col-sm-12 padding-default bgv-default bgh-default halign-default\"><div class=\"vc_column-inner\"><div class=\"wpb_wrapper\">\n\t<div class=\"wpb_text_column wpb_content_element\" >\n\t\t<div class=\"wpb_wrapper\">\n\t\t\t<h2>Personalice sus informes<\/h2>\n<p><span style=\"font-weight: 400;\"> Teamdeck le proporciona un potente generador de informes para crear sus propios cuadros de mando anal\u00edticos de principio a fin. <\/span><\/p>\n<h2><\/h2>\n\n\t\t<\/div>\n\t<\/div>\n<div \n\tclass=\"vertical-carousel-container wpb_content_element  clearfix\"\n\tdata-autoplay=\"1\"\n\tdata-event=\"mouseenter\"\n\tdata-delay=\"7000\"\n\tdata-duration=\"1000\"\n\tdata-anim-in=\"fadeIn\"\n\tdata-anim-out=\"fadeOut\" \n\t>\n\t<div class=\"carousel-tabs vc_col-md-4 clearfix\">\n\t\t\t\t\t<div class=\"carousel-tabs__item\" data-index=\"0\">\n\t\t\t\t<h3 class=\"carousel-tabs__title\">Elementos b\u00e1sicos del informe<\/h3>\n\t\t\t\t<p class=\"carousel-tabs__description\">Resuma y visualice sus datos con gr\u00e1ficos y tablas para identificar f\u00e1cilmente las \u00e1reas importantes.<\/p>\n\t\t\t<\/div>\n\t\t\t\t\t<div class=\"carousel-tabs__item\" data-index=\"1\">\n\t\t\t\t<h3 class=\"carousel-tabs__title\">Valores personalizados<\/h3>\n\t\t\t\t<p class=\"carousel-tabs__description\">Los informes no se limitan a los datos registrados por Teamdeck. Puede introducir otros valores, como las tarifas horarias de los empleados, para realizar c\u00e1lculos m\u00e1s flexibles y exhaustivos.<\/p>\n\t\t\t<\/div>\n\t\t\t\t\t<div class=\"carousel-tabs__item\" data-index=\"2\">\n\t\t\t\t<h3 class=\"carousel-tabs__title\">C\u00e1lculos personalizados<\/h3>\n\t\t\t\t<p class=\"carousel-tabs__description\">Los informes de Teamdeck son tan potentes como las hojas de c\u00e1lculo a las que est\u00e1s acostumbrado. Introduce f\u00f3rmulas para referenciar datos, calcular medias o utilizar l\u00f3gica condicional.<\/p>\n\t\t\t<\/div>\n\t\t\t\t\t<div class=\"carousel-tabs__item\" data-index=\"3\">\n\t\t\t\t<h3 class=\"carousel-tabs__title\">Agrupaci\u00f3n flexible de datos<\/h3>\n\t\t\t\t<p class=\"carousel-tabs__description\">Puedes agregar tus datos en grupos para analizarlos desde diferentes perspectivas. Por ejemplo, puedes desglosar las horas extra de tu equipo en proyectos y puestos concretos para entender mejor cu\u00e1l es la tendencia. <\/p>\n\t\t\t<\/div>\n\t\t\t\t\t<div class=\"carousel-tabs__item\" data-index=\"4\">\n\t\t\t\t<h3 class=\"carousel-tabs__title\">Exportaci\u00f3n de datos<\/h3>\n\t\t\t\t<p class=\"carousel-tabs__description\">Cada elemento de su informe puede exportarse a un archivo CSV, por si desea realizar an\u00e1lisis cruzados de bases de datos o utilizar los datos de otra forma. <\/p>\n\t\t\t<\/div>\n\t\t\t<\/div>\n\t<div class=\"carousel-slides vc_col-md-8 clearfix\">\n\t\t<div class=\"td-carousel\">\n\t\t\t\t\t\t\t<div class=\"carousel-slides__item\" data-index=\"0\">\n\t\t\t\t\t<div class=\"carousel-slides__content\">\n\t\t\t\t\t\t<h3 class=\"carousel-slides__title\">Elementos b\u00e1sicos del informe<\/h3>\n\t\t\t\t\t\t<p class=\"carousel-slides__description\">Resuma y visualice sus datos con gr\u00e1ficos y tablas para identificar f\u00e1cilmente las \u00e1reas importantes.<\/p>\n\t\t\t\t\t<\/div>\n\t\t\t\t\t<img loading=\"lazy\" decoding=\"async\" width=\"960\" height=\"522\" src=\"https:\/\/cdn.teamdeck.io\/uploads\/website\/2019\/02\/11155806\/Screen-Shot-2019-03-08-at-12.50.07-960x522.png\" class=\"carousel-slides__image\" alt=\"\" srcset=\"https:\/\/cdn.teamdeck.io\/uploads\/website\/2019\/02\/11155806\/Screen-Shot-2019-03-08-at-12.50.07-960x522.png 960w, https:\/\/cdn.teamdeck.io\/uploads\/website\/2019\/02\/11155806\/Screen-Shot-2019-03-08-at-12.50.07-300x163.png 300w, https:\/\/cdn.teamdeck.io\/uploads\/website\/2019\/02\/11155806\/Screen-Shot-2019-03-08-at-12.50.07-768x417.png 768w\" sizes=\"auto, (max-width: 960px) 100vw, 960px\" \/>\t\t\t\t<\/div>\n\t\t\t\t\t\t\t<div class=\"carousel-slides__item\" data-index=\"1\">\n\t\t\t\t\t<div class=\"carousel-slides__content\">\n\t\t\t\t\t\t<h3 class=\"carousel-slides__title\">Valores personalizados<\/h3>\n\t\t\t\t\t\t<p class=\"carousel-slides__description\">Los informes no se limitan a los datos registrados por Teamdeck. Puede introducir otros valores, como las tarifas horarias de los empleados, para realizar c\u00e1lculos m\u00e1s flexibles y exhaustivos.<\/p>\n\t\t\t\t\t<\/div>\n\t\t\t\t\t<img loading=\"lazy\" decoding=\"async\" width=\"960\" height=\"520\" src=\"https:\/\/cdn.teamdeck.io\/uploads\/website\/2019\/02\/11155853\/Screen-Shot-2019-03-08-at-12.49.141-960x520.png\" class=\"carousel-slides__image\" alt=\"\" srcset=\"https:\/\/cdn.teamdeck.io\/uploads\/website\/2019\/02\/11155853\/Screen-Shot-2019-03-08-at-12.49.141-960x520.png 960w, https:\/\/cdn.teamdeck.io\/uploads\/website\/2019\/02\/11155853\/Screen-Shot-2019-03-08-at-12.49.141-300x162.png 300w, https:\/\/cdn.teamdeck.io\/uploads\/website\/2019\/02\/11155853\/Screen-Shot-2019-03-08-at-12.49.141-768x416.png 768w\" sizes=\"auto, (max-width: 960px) 100vw, 960px\" \/>\t\t\t\t<\/div>\n\t\t\t\t\t\t\t<div class=\"carousel-slides__item\" data-index=\"2\">\n\t\t\t\t\t<div class=\"carousel-slides__content\">\n\t\t\t\t\t\t<h3 class=\"carousel-slides__title\">C\u00e1lculos personalizados<\/h3>\n\t\t\t\t\t\t<p class=\"carousel-slides__description\">Los informes de Teamdeck son tan potentes como las hojas de c\u00e1lculo a las que est\u00e1s acostumbrado. Introduce f\u00f3rmulas para referenciar datos, calcular medias o utilizar l\u00f3gica condicional.<\/p>\n\t\t\t\t\t<\/div>\n\t\t\t\t\t<img loading=\"lazy\" decoding=\"async\" width=\"960\" height=\"521\" src=\"https:\/\/cdn.teamdeck.io\/uploads\/website\/2019\/02\/11160227\/custom-calc-e1555411725106-960x521.png\" class=\"carousel-slides__image\" alt=\"\" srcset=\"https:\/\/cdn.teamdeck.io\/uploads\/website\/2019\/02\/11160227\/custom-calc-e1555411725106-960x521.png 960w, https:\/\/cdn.teamdeck.io\/uploads\/website\/2019\/02\/11160227\/custom-calc-e1555411725106-300x163.png 300w, https:\/\/cdn.teamdeck.io\/uploads\/website\/2019\/02\/11160227\/custom-calc-e1555411725106-768x417.png 768w\" sizes=\"auto, (max-width: 960px) 100vw, 960px\" \/>\t\t\t\t<\/div>\n\t\t\t\t\t\t\t<div class=\"carousel-slides__item\" data-index=\"3\">\n\t\t\t\t\t<div class=\"carousel-slides__content\">\n\t\t\t\t\t\t<h3 class=\"carousel-slides__title\">Agrupaci\u00f3n flexible de datos<\/h3>\n\t\t\t\t\t\t<p class=\"carousel-slides__description\">Puedes agregar tus datos en grupos para analizarlos desde diferentes perspectivas. Por ejemplo, puedes desglosar las horas extra de tu equipo en proyectos y puestos concretos para entender mejor cu\u00e1l es la tendencia. <\/p>\n\t\t\t\t\t<\/div>\n\t\t\t\t\t<img loading=\"lazy\" decoding=\"async\" width=\"960\" height=\"520\" src=\"https:\/\/cdn.teamdeck.io\/uploads\/website\/2019\/02\/11155951\/Screen-Shot-2019-03-08-at-12.51.51-960x520.png\" class=\"carousel-slides__image\" alt=\"\" srcset=\"https:\/\/cdn.teamdeck.io\/uploads\/website\/2019\/02\/11155951\/Screen-Shot-2019-03-08-at-12.51.51-960x520.png 960w, https:\/\/cdn.teamdeck.io\/uploads\/website\/2019\/02\/11155951\/Screen-Shot-2019-03-08-at-12.51.51-300x162.png 300w, https:\/\/cdn.teamdeck.io\/uploads\/website\/2019\/02\/11155951\/Screen-Shot-2019-03-08-at-12.51.51-768x416.png 768w\" sizes=\"auto, (max-width: 960px) 100vw, 960px\" \/>\t\t\t\t<\/div>\n\t\t\t\t\t\t\t<div class=\"carousel-slides__item\" data-index=\"4\">\n\t\t\t\t\t<div class=\"carousel-slides__content\">\n\t\t\t\t\t\t<h3 class=\"carousel-slides__title\">Exportaci\u00f3n de datos<\/h3>\n\t\t\t\t\t\t<p class=\"carousel-slides__description\">Cada elemento de su informe puede exportarse a un archivo CSV, por si desea realizar an\u00e1lisis cruzados de bases de datos o utilizar los datos de otra forma. <\/p>\n\t\t\t\t\t<\/div>\n\t\t\t\t\t<img loading=\"lazy\" decoding=\"async\" width=\"960\" height=\"523\" src=\"https:\/\/cdn.teamdeck.io\/uploads\/website\/2019\/02\/11160018\/Screen-Shot-2019-03-11-at-11.01.17-960x523.png\" class=\"carousel-slides__image\" alt=\"\" srcset=\"https:\/\/cdn.teamdeck.io\/uploads\/website\/2019\/02\/11160018\/Screen-Shot-2019-03-11-at-11.01.17-960x523.png 960w, https:\/\/cdn.teamdeck.io\/uploads\/website\/2019\/02\/11160018\/Screen-Shot-2019-03-11-at-11.01.17-300x163.png 300w, https:\/\/cdn.teamdeck.io\/uploads\/website\/2019\/02\/11160018\/Screen-Shot-2019-03-11-at-11.01.17-768x418.png 768w\" sizes=\"auto, (max-width: 960px) 100vw, 960px\" \/>\t\t\t\t<\/div>\n\t\t\t\t\t<\/div>\n\t<\/div>\n<\/div><\/div><\/div><\/div><\/div><div class=\"vc_row-full-width vc_clearfix\"><\/div><div class=\"vc_row wpb_row vc_row-fluid redl-row-section vc_custom_1551186799735 padding-small bgv-default bgh-default halign-center\"><div class=\"wpb_column vc_column_container text-left vc_col-sm-12 padding-default bgv-default bgh-default halign-default\"><div class=\"vc_column-inner\"><div class=\"wpb_wrapper\">\n\t<div class=\"wpb_text_column wpb_content_element\" >\n\t\t<div class=\"wpb_wrapper\">\n\t\t\t<p><span style=\"font-size: 18px;\">Los informes generados en Teamdeck pueden ser <strong>compartidos con personas dentro y fuera de su organizaci\u00f3n<\/strong>.<br \/>\nEl acceso de edici\u00f3n es pr\u00e1ctico cuando necesita que m\u00e1s personas de su equipo trabajen en un informe. Tambi\u00e9n puede <strong>generar un enlace p\u00fablico<\/strong> y env\u00edelo a sus clientes. Ver\u00e1n un bonito panel de datos que a la vez es informativo... <a href=\"https:\/\/app.teamdeck.io\/reports\/f2b3451de276f51b814dfa1685efe6325c73c50801e265c73c50801ed1\">como \u00e9sta<\/a>&nbsp;(si ya ha iniciado sesi\u00f3n, le sugerimos que abra este informe en modo de navegador de inc\u00f3gnito).&nbsp;<\/span><\/p>\n\n\t\t<\/div>\n\t<\/div>\n<div class=\"vc_empty_space\"   style=\"height: 32px\" ><span class=\"vc_empty_space_inner\"><\/span><\/div>\n<\/div><\/div><\/div><\/div><div data-vc-full-width=\"true\" data-vc-full-width-init=\"false\" class=\"vc_row wpb_row vc_row-fluid redl-row-section footer-message-row vc_custom_1502964176474 vc_row-has-fill vc_row-o-equal-height vc_row-flex padding-medium bgv-default bgh-default halign-default\"><div class=\"wpb_column vc_column_container text-center vc_col-sm-12 vc_col-lg-8 vc_col-md-9 padding-default bgv-default bgh-default halign-center\"><div class=\"vc_column-inner\"><div class=\"wpb_wrapper\">\n\t<div class=\"wpb_text_column wpb_content_element\" >\n\t\t<div class=\"wpb_wrapper\">\n\t\t\t<p><span class=\"message\">Obtenga m\u00e1s datos para gestionar su empresa a un nivel superior. <\/span><\/p>\n\n\t\t<\/div>\n\t<\/div>\n<a class=\"redl-btn  redl-btn-border redl-btn-two  redl-btn-medium redl-btn-69e1647f78dd9 btn-hover-one btn-icon-left signup-bottom\" href=\"https:\/\/app.teamdeck.io\/register?utm_source=reports\" target=\"_blank\">30 d\u00edas de prueba GRATIS<\/a><\/div><\/div><\/div><\/div><div class=\"vc_row-full-width vc_clearfix\"><\/div>","protected":false},"excerpt":{"rendered":"Plantillas de informes Tome mejores decisiones bas\u00e1ndose en an\u00e1lisis en tiempo real Obtenga una prueba GRATUITA de 30 d\u00edas Hemos preparado varias plantillas de informes para equipos de PM, RRHH, finanzas y operaciones. Con las plantillas no tendr\u00e1 que perder tiempo elaborando informes...","protected":false},"author":6,"featured_media":0,"parent":2346,"menu_order":4,"comment_status":"closed","ping_status":"closed","template":"","meta":{"footnotes":""},"class_list":["post-4695","page","type-page","status-publish","hentry"],"yoast_head":"<!-- This site is optimized with the Yoast SEO Premium plugin v23.8 (Yoast SEO v24.3) - https:\/\/yoast.com\/wordpress\/plugins\/seo\/ -->\n<title>Report templates for PM, HR, finance &amp; operations teams - Teamdeck<\/title>\n<meta name=\"description\" content=\"We\u2019ve prepared several report templates for PM, HR, finance &amp; operations teams. Start making better decisions based on real-time analytics.\" \/>\n<meta name=\"robots\" content=\"index, follow, max-snippet:-1, max-image-preview:large, max-video-preview:-1\" \/>\n<link rel=\"canonical\" href=\"https:\/\/teamdeck.io\/es\/caracteristicas\/informacion\/\" \/>\n<meta property=\"og:locale\" content=\"es_ES\" \/>\n<meta property=\"og:type\" content=\"article\" \/>\n<meta property=\"og:title\" content=\"Custom reporting\" \/>\n<meta property=\"og:description\" content=\"We\u2019ve prepared several report templates for PM, HR, finance &amp; operations teams. Start making better decisions based on real-time analytics.\" \/>\n<meta property=\"og:url\" content=\"https:\/\/teamdeck.io\/es\/caracteristicas\/informacion\/\" \/>\n<meta property=\"og:site_name\" content=\"Teamdeck\" \/>\n<meta property=\"article:publisher\" content=\"https:\/\/www.facebook.com\/helloteamdeck\" \/>\n<meta property=\"article:modified_time\" content=\"2021-12-14T15:55:26+00:00\" \/>\n<meta property=\"og:image\" content=\"https:\/\/teamdeck.io\/wp-content\/uploads\/2016\/10\/time_tracking_timesheets@2x.png\" \/>\n<meta name=\"twitter:card\" content=\"summary_large_image\" \/>\n<meta name=\"twitter:site\" content=\"@helloteamdeck\" \/>\n<meta name=\"twitter:label1\" content=\"Est. reading time\" \/>\n\t<meta name=\"twitter:data1\" content=\"3 minutes\" \/>\n<script type=\"application\/ld+json\" class=\"yoast-schema-graph\">{\"@context\":\"https:\/\/schema.org\",\"@graph\":[{\"@type\":\"WebPage\",\"@id\":\"https:\/\/teamdeck.io\/features\/reporting\/\",\"url\":\"https:\/\/teamdeck.io\/features\/reporting\/\",\"name\":\"Report templates for PM, HR, finance & operations teams - Teamdeck\",\"isPartOf\":{\"@id\":\"https:\/\/teamdeck.io\/#website\"},\"primaryImageOfPage\":{\"@id\":\"https:\/\/teamdeck.io\/features\/reporting\/#primaryimage\"},\"image\":{\"@id\":\"https:\/\/teamdeck.io\/features\/reporting\/#primaryimage\"},\"thumbnailUrl\":\"https:\/\/teamdeck.io\/wp-content\/uploads\/2016\/10\/time_tracking_timesheets@2x.png\",\"datePublished\":\"2019-02-26T12:31:13+00:00\",\"dateModified\":\"2021-12-14T15:55:26+00:00\",\"description\":\"We\u2019ve prepared several report templates for PM, HR, finance & operations teams. Start making better decisions based on real-time analytics.\",\"breadcrumb\":{\"@id\":\"https:\/\/teamdeck.io\/features\/reporting\/#breadcrumb\"},\"inLanguage\":\"es-ES\",\"potentialAction\":[{\"@type\":\"ReadAction\",\"target\":[\"https:\/\/teamdeck.io\/features\/reporting\/\"]}]},{\"@type\":\"ImageObject\",\"inLanguage\":\"es-ES\",\"@id\":\"https:\/\/teamdeck.io\/features\/reporting\/#primaryimage\",\"url\":\"https:\/\/teamdeck.io\/wp-content\/uploads\/2016\/10\/time_tracking_timesheets@2x.png\",\"contentUrl\":\"https:\/\/teamdeck.io\/wp-content\/uploads\/2016\/10\/time_tracking_timesheets@2x.png\"},{\"@type\":\"BreadcrumbList\",\"@id\":\"https:\/\/teamdeck.io\/features\/reporting\/#breadcrumb\",\"itemListElement\":[{\"@type\":\"ListItem\",\"position\":1,\"name\":\"Home\",\"item\":\"https:\/\/teamdeck.io\/\"},{\"@type\":\"ListItem\",\"position\":2,\"name\":\"Features\",\"item\":\"https:\/\/teamdeck.io\/features\/\"},{\"@type\":\"ListItem\",\"position\":3,\"name\":\"Custom reporting\"}]},{\"@type\":\"WebSite\",\"@id\":\"https:\/\/teamdeck.io\/#website\",\"url\":\"https:\/\/teamdeck.io\/\",\"name\":\"Teamdeck\",\"description\":\"resource scheduling + time tracking + leave management\",\"potentialAction\":[{\"@type\":\"SearchAction\",\"target\":{\"@type\":\"EntryPoint\",\"urlTemplate\":\"https:\/\/teamdeck.io\/?s={search_term_string}\"},\"query-input\":{\"@type\":\"PropertyValueSpecification\",\"valueRequired\":true,\"valueName\":\"search_term_string\"}}],\"inLanguage\":\"es-ES\"}]}<\/script>\n<!-- \/ Yoast SEO Premium plugin. -->","yoast_head_json":{"title":"Report templates for PM, HR, finance & operations teams - Teamdeck","description":"We\u2019ve prepared several report templates for PM, HR, finance & operations teams. Start making better decisions based on real-time analytics.","robots":{"index":"index","follow":"follow","max-snippet":"max-snippet:-1","max-image-preview":"max-image-preview:large","max-video-preview":"max-video-preview:-1"},"canonical":"https:\/\/teamdeck.io\/es\/caracteristicas\/informacion\/","og_locale":"es_ES","og_type":"article","og_title":"Custom reporting","og_description":"We\u2019ve prepared several report templates for PM, HR, finance & operations teams. Start making better decisions based on real-time analytics.","og_url":"https:\/\/teamdeck.io\/es\/caracteristicas\/informacion\/","og_site_name":"Teamdeck","article_publisher":"https:\/\/www.facebook.com\/helloteamdeck","article_modified_time":"2021-12-14T15:55:26+00:00","og_image":[{"url":"https:\/\/teamdeck.io\/wp-content\/uploads\/2016\/10\/time_tracking_timesheets@2x.png","type":"","width":"","height":""}],"twitter_card":"summary_large_image","twitter_site":"@helloteamdeck","twitter_misc":{"Est. reading time":"3 minutes"},"schema":{"@context":"https:\/\/schema.org","@graph":[{"@type":"WebPage","@id":"https:\/\/teamdeck.io\/features\/reporting\/","url":"https:\/\/teamdeck.io\/features\/reporting\/","name":"Report templates for PM, HR, finance & operations teams - Teamdeck","isPartOf":{"@id":"https:\/\/teamdeck.io\/#website"},"primaryImageOfPage":{"@id":"https:\/\/teamdeck.io\/features\/reporting\/#primaryimage"},"image":{"@id":"https:\/\/teamdeck.io\/features\/reporting\/#primaryimage"},"thumbnailUrl":"https:\/\/teamdeck.io\/wp-content\/uploads\/2016\/10\/time_tracking_timesheets@2x.png","datePublished":"2019-02-26T12:31:13+00:00","dateModified":"2021-12-14T15:55:26+00:00","description":"We\u2019ve prepared several report templates for PM, HR, finance & operations teams. Start making better decisions based on real-time analytics.","breadcrumb":{"@id":"https:\/\/teamdeck.io\/features\/reporting\/#breadcrumb"},"inLanguage":"es-ES","potentialAction":[{"@type":"ReadAction","target":["https:\/\/teamdeck.io\/features\/reporting\/"]}]},{"@type":"ImageObject","inLanguage":"es-ES","@id":"https:\/\/teamdeck.io\/features\/reporting\/#primaryimage","url":"https:\/\/teamdeck.io\/wp-content\/uploads\/2016\/10\/time_tracking_timesheets@2x.png","contentUrl":"https:\/\/teamdeck.io\/wp-content\/uploads\/2016\/10\/time_tracking_timesheets@2x.png"},{"@type":"BreadcrumbList","@id":"https:\/\/teamdeck.io\/features\/reporting\/#breadcrumb","itemListElement":[{"@type":"ListItem","position":1,"name":"Home","item":"https:\/\/teamdeck.io\/"},{"@type":"ListItem","position":2,"name":"Features","item":"https:\/\/teamdeck.io\/features\/"},{"@type":"ListItem","position":3,"name":"Custom reporting"}]},{"@type":"WebSite","@id":"https:\/\/teamdeck.io\/#website","url":"https:\/\/teamdeck.io\/","name":"Teamdeck","description":"resource scheduling + time tracking + leave management","potentialAction":[{"@type":"SearchAction","target":{"@type":"EntryPoint","urlTemplate":"https:\/\/teamdeck.io\/?s={search_term_string}"},"query-input":{"@type":"PropertyValueSpecification","valueRequired":true,"valueName":"search_term_string"}}],"inLanguage":"es-ES"}]}},"_links":{"self":[{"href":"https:\/\/teamdeck.io\/es\/wp-json\/wp\/v2\/pages\/4695","targetHints":{"allow":["GET"]}}],"collection":[{"href":"https:\/\/teamdeck.io\/es\/wp-json\/wp\/v2\/pages"}],"about":[{"href":"https:\/\/teamdeck.io\/es\/wp-json\/wp\/v2\/types\/page"}],"author":[{"embeddable":true,"href":"https:\/\/teamdeck.io\/es\/wp-json\/wp\/v2\/users\/6"}],"replies":[{"embeddable":true,"href":"https:\/\/teamdeck.io\/es\/wp-json\/wp\/v2\/comments?post=4695"}],"version-history":[{"count":30,"href":"https:\/\/teamdeck.io\/es\/wp-json\/wp\/v2\/pages\/4695\/revisions"}],"predecessor-version":[{"id":8325,"href":"https:\/\/teamdeck.io\/es\/wp-json\/wp\/v2\/pages\/4695\/revisions\/8325"}],"up":[{"embeddable":true,"href":"https:\/\/teamdeck.io\/es\/wp-json\/wp\/v2\/pages\/2346"}],"wp:attachment":[{"href":"https:\/\/teamdeck.io\/es\/wp-json\/wp\/v2\/media?parent=4695"}],"curies":[{"name":"wp","href":"https:\/\/api.w.org\/{rel}","templated":true}]}}