{"id":2853,"date":"2017-09-07T12:08:23","date_gmt":"2017-09-07T10:08:23","guid":{"rendered":"https:\/\/teamdeck.io\/?page_id=2853"},"modified":"2024-04-08T13:08:17","modified_gmt":"2024-04-08T11:08:17","slug":"privacy-policy","status":"publish","type":"page","link":"https:\/\/teamdeck.io\/es\/politica-de-privacidad\/","title":{"rendered":"Pol\u00edtica de privacidad"},"content":{"rendered":"<div class=\"vc_row wpb_row vc_row-fluid redl-row-section padding-default bgv-default bgh-default halign-default\"><div class=\"wpb_column vc_column_container text-left vc_col-sm-12 padding-default bgv-default bgh-default halign-default\"><div class=\"vc_column-inner\"><div class=\"wpb_wrapper\"><div class=\"vc_empty_space\"   style=\"height: 32px\" ><span class=\"vc_empty_space_inner\"><\/span><\/div>\n\n\t<div class=\"wpb_text_column wpb_content_element\" >\n\t\t<div class=\"wpb_wrapper\">\n\t\t\t<h1 class=\"ng-scope\" style=\"text-align: center;\">Pol\u00edtica de privacidad<\/h1>\n<p class=\"ng-scope\" style=\"text-align: center;\"><small>\u00daltima actualizaci\u00f3n: 30 de enero de 2024<\/small><\/p>\n\n\t\t<\/div>\n\t<\/div>\n<div class=\"vc_empty_space\"   style=\"height: 32px\" ><span class=\"vc_empty_space_inner\"><\/span><\/div>\n\n\t<div class=\"wpb_text_column wpb_content_element\" >\n\t\t<div class=\"wpb_wrapper\">\n\t\t\t<p class=\"ng-scope\">Teamdeck sp. z o.o. (\"nosotros\", \"nos\", o \"nuestro\") con domicilio social en: Nowowiejskiego 55, 61-734 Pozna\u0144, Polonia, NIP: 7831750055, REGON: 365865326, registrada en el Tribunal Regional de Pozna\u0144 - Nowe Miasto I Wilda en Pozna\u0144, VIII Divisi\u00f3n Comercial del Registro Nacional de Tribunales, inscrita en el registro mercantil (KRS) con el no. 0000646426 opera el sitio web https:\/\/teamdeck.io (el \"Servicio\").<\/p>\n<p class=\"ng-scope\">Esta p\u00e1gina le informa de nuestras pol\u00edticas relativas a la recogida, uso y divulgaci\u00f3n de Datos Personales cuando utiliza nuestro Servicio.<\/p>\n<p class=\"ng-scope\">No utilizaremos ni compartiremos su informaci\u00f3n con nadie excepto en los casos descritos en esta Pol\u00edtica de privacidad.<\/p>\n<p class=\"ng-scope\">Utilizamos su Informaci\u00f3n Personal para proporcionar y mejorar el Servicio. Al utilizar el Servicio, usted acepta la recopilaci\u00f3n y el uso de la informaci\u00f3n de acuerdo con esta pol\u00edtica. Salvo que se definan de otro modo en la presente Pol\u00edtica de Privacidad, los t\u00e9rminos utilizados en ella tienen el mismo significado que en nuestras Condiciones Generales, accesibles en https:\/\/teamdeck.io.<\/p>\n<p class=\"ng-scope\">Teamdeck sp. z o.o. es una empresa con sede en Polonia y por lo tanto cumple con la legislaci\u00f3n polaca, en particular con la Ley de Protecci\u00f3n de Datos Personales de 29 de agosto de 1997 (Diario de Leyes N \u00ba 133, punto 883, en su versi\u00f3n modificada).<\/p>\n<p class=\"ng-scope\"><strong>\u00a71. Recogida y uso de la informaci\u00f3n<\/strong><\/p>\n<p class=\"ng-scope\">Al utilizar nuestro Servicio, podemos pedir al cliente que nos proporcione cierta informaci\u00f3n de identificaci\u00f3n personal que puede ser utilizada para contactar o identificar al cliente. La informaci\u00f3n de identificaci\u00f3n personal puede incluir, entre otros, la direcci\u00f3n de correo electr\u00f3nico, el nombre, el n\u00famero de tel\u00e9fono y la direcci\u00f3n postal del cliente (\"Informaci\u00f3n personal\").<\/p>\n<p class=\"ng-scope\"><strong>\u00a72. Datos de registro<\/strong><\/p>\n<p class=\"ng-scope\">1. Tambi\u00e9n podemos recopilar informaci\u00f3n que el navegador del cliente env\u00eda cada vez que visita nuestro Servicio (\"Datos de registro\"). Estos Datos de Registro pueden incluir informaci\u00f3n como la direcci\u00f3n de Protocolo de Internet (\"IP\") del ordenador del cliente, el tipo de navegador, la versi\u00f3n del navegador, las p\u00e1ginas de nuestro Servicio que visita el cliente, la hora y la fecha de la visita del cliente, el tiempo empleado en esas p\u00e1ginas y otras estad\u00edsticas.<\/p>\n<p class=\"ng-scope\">2. Adem\u00e1s, podemos utilizar servicios de terceros, como Google Analytics, que recopilan, supervisan y analizan este tipo de informaci\u00f3n con el fin de aumentar la funcionalidad de nuestro Servicio. Estos terceros proveedores de servicios tienen sus propias pol\u00edticas de privacidad que abordan la forma en que utilizan dicha informaci\u00f3n.<\/p>\n<p><strong class=\"ng-scope\">\u00a73. Cookies<\/strong><\/p>\n<p class=\"ng-scope\">1. Las cookies son archivos con peque\u00f1as cantidades de datos, que pueden incluir un identificador \u00fanico an\u00f3nimo. Las cookies se env\u00edan al navegador del cliente desde un sitio web y se almacenan en el disco duro del ordenador del cliente.<\/p>\n<p class=\"ng-scope\">2. Utilizamos \"cookies\" para recopilar informaci\u00f3n. El cliente puede indicar a su navegador que rechace todas las cookies o que le indique cu\u00e1ndo se env\u00eda una cookie. Sin embargo, si el cliente no acepta las cookies, es posible que no pueda utilizar algunas partes de nuestro Servicio.<\/p>\n<p class=\"ng-scope\"><strong>\u00a74. Remarketing comportamental<\/strong><\/p>\n<p class=\"ng-scope\">1. Teamdeck sp. z o.o. utiliza servicios de remarketing para hacer publicidad en sitios web de terceros a clientes despu\u00e9s de que \u00e9stos hayan visitado nuestro Servicio. Nosotros, y nuestros proveedores de terceros, utilizamos cookies para informar, optimizar y servir anuncios basados en las visitas anteriores del cliente a nuestro Servicio.<\/p>\n<ul>\n<li><strong>Google<\/strong><\/li>\n<\/ul>\n<p style=\"padding-left: 30px;\">El servicio de remarketing de Google AdWords es proporcionado por Google Inc.<\/p>\n<p style=\"padding-left: 30px;\">Puede inhabilitar Google Analytics para la publicidad gr\u00e1fica y personalizar los anuncios de la Red de Display de Google visitando la p\u00e1gina de configuraci\u00f3n de anuncios de Google: http:\/\/www.google.com\/settings\/ads.<\/p>\n<p style=\"padding-left: 30px;\">Google tambi\u00e9n recomienda instalar el Complemento de inhabilitaci\u00f3n para navegadores de Google Analytics - https:\/\/tools.google.com\/dlpage\/gaoptout - para su navegador web. El Complemento de inhabilitaci\u00f3n para navegadores de Google Analytics ofrece a los visitantes la posibilidad de impedir que Google Analytics recopile y utilice sus datos.<\/p>\n<p style=\"padding-left: 30px;\">Para obtener m\u00e1s informaci\u00f3n sobre las pr\u00e1cticas de privacidad de Google, visite la p\u00e1gina web de privacidad y condiciones de Google: http:\/\/www.google.com\/intl\/en\/policies\/privacy\/.<\/p>\n<ul>\n<li><strong><strong>Facebook<\/strong><\/strong><\/li>\n<\/ul>\n<p style=\"padding-left: 30px;\"><strong><strong><br \/>\n<\/strong><\/strong><br \/>\nEl servicio de remarketing de Facebook es proporcionado por Facebook Inc.<\/p>\n<p style=\"padding-left: 30px;\">Puedes obtener m\u00e1s informaci\u00f3n sobre la publicidad basada en intereses de Facebook visitando esta p\u00e1gina: https:\/\/www.facebook.com\/help\/164968693837950<\/p>\n<p style=\"padding-left: 30px;\">Para darse de baja de los anuncios basados en intereses de Facebook siga estas instrucciones de Facebook: https:\/\/www.facebook.com\/about\/ads\/#568137493302217<\/p>\n<p style=\"padding-left: 30px;\">Facebook se adhiere a los Principios de Autorregulaci\u00f3n de la Publicidad Comportamental en Internet establecidos por la Digital Advertising Alliance. Tambi\u00e9n puedes darte de baja de Facebook y otras empresas participantes a trav\u00e9s de la Digital Advertising Alliance en EE.UU. http:\/\/www.aboutads.info\/choices\/, la Digital Advertising Alliance of Canada en Canad\u00e1 http:\/\/youradchoices.ca\/ o la European Interactive Digital Advertising Alliance en Europa http:\/\/www.youronlinechoices.eu\/, o darte de baja a trav\u00e9s de la configuraci\u00f3n de tu dispositivo m\u00f3vil.<\/p>\n<p style=\"padding-left: 30px;\">Para obtener m\u00e1s informaci\u00f3n sobre las pr\u00e1cticas de privacidad de Facebook, visite la Pol\u00edtica de datos de Facebook: https:\/\/www.facebook.com\/privacy\/explanation.<\/p>\n<p class=\"ng-scope\"><strong>\u00a75. Proveedores de servicios<\/strong><\/p>\n<p class=\"ng-scope\">1. Podemos contratar a terceras empresas y particulares para facilitar nuestro Servicio, prestar el Servicio en nuestro nombre, realizar servicios relacionados con el Servicio o ayudarnos a analizar c\u00f3mo se utiliza nuestro Servicio.<\/p>\n<p class=\"ng-scope\">2. Estos terceros s\u00f3lo tienen acceso a los Datos Personales del cliente para realizar estas tareas en nuestro nombre y est\u00e1n obligados a no divulgarlos ni utilizarlos para ning\u00fan otro fin.<\/p>\n<p class=\"ng-scope\"><strong>\u00a76. Comunicaciones<\/strong><\/p>\n<p class=\"ng-scope\">Podemos utilizar los Datos Personales del cliente para ponernos en contacto con \u00e9l y enviarle boletines informativos, material promocional o de marketing y otra informaci\u00f3n que pueda ser de su inter\u00e9s. El cliente puede optar por no recibir ninguna o ninguna de estas comunicaciones de nuestra parte siguiendo el enlace de cancelaci\u00f3n de suscripci\u00f3n o las instrucciones proporcionadas en cualquier correo electr\u00f3nico que le enviemos.<\/p>\n<p class=\"ng-scope\"><strong>\u00a77. Cumplimiento de la legislaci\u00f3n<\/strong><\/p>\n<p class=\"ng-scope\">Divulgaremos los Datos Personales del cliente cuando as\u00ed lo exija la ley o una citaci\u00f3n judicial, o si consideramos que dicha acci\u00f3n es necesaria para cumplir con la ley y las solicitudes razonables de las fuerzas del orden o para proteger la seguridad o integridad de nuestro Servicio.<\/p>\n<p class=\"ng-scope\"><strong>\u00a78. Operaciones comerciales<\/strong><\/p>\n<p class=\"ng-scope\">Si Teamdeck sp. z o.o. est\u00e1 involucrado en una fusi\u00f3n, adquisici\u00f3n o venta de activos, la Informaci\u00f3n Personal del cliente puede ser transferida. Le notificaremos antes de que la Informaci\u00f3n Personal del cliente sea transferida y quede sujeta a una Pol\u00edtica de Privacidad diferente.<\/p>\n<p class=\"ng-scope\"><strong>\u00a79. Seguridad<\/strong><\/p>\n<p class=\"ng-scope\">La seguridad de la informaci\u00f3n personal del cliente es importante para nosotros, pero recuerde que ning\u00fan m\u00e9todo de transmisi\u00f3n a trav\u00e9s de Internet o m\u00e9todo de almacenamiento electr\u00f3nico es 100% seguro. Aunque nos esforzamos por utilizar medios comercialmente aceptables para proteger la Informaci\u00f3n Personal del cliente, no podemos garantizar su seguridad absoluta.<\/p>\n<p class=\"ng-scope\"><strong>\u00a710.Transferencia internacional<\/strong><\/p>\n<p class=\"ng-scope\">1. La informaci\u00f3n del cliente, incluida la informaci\u00f3n personal, puede transferirse a ordenadores situados fuera de su estado, provincia, pa\u00eds u otra jurisdicci\u00f3n gubernamental donde las leyes de protecci\u00f3n de datos pueden diferir de las de su jurisdicci\u00f3n.<\/p>\n<p class=\"ng-scope\">2. Si el cliente se encuentra fuera de Polonia y decide proporcionarnos informaci\u00f3n, tenga en cuenta que transferimos la informaci\u00f3n, incluida la Informaci\u00f3n Personal, a Polonia y la procesamos all\u00ed.<\/p>\n<p class=\"ng-scope\">3. El consentimiento del cliente a esta Pol\u00edtica de Privacidad seguido del env\u00edo de dicha informaci\u00f3n por parte del cliente representa el acuerdo del cliente a dicha transferencia y el consentimiento del cliente.<\/p>\n<p class=\"ng-scope\"><strong>\u00a711. Enlaces a otros sitios<\/strong><\/p>\n<p class=\"ng-scope\">1. Nuestro Servicio puede contener enlaces a otros sitios que no son operados por nosotros. Si el cliente hace clic en un enlace de terceros, ser\u00e1 dirigido al sitio de ese tercero. Aconsejamos encarecidamente al cliente que revise la Pol\u00edtica de Privacidad de cada sitio que visite.<\/p>\n<p class=\"ng-scope\">2. No tenemos ning\u00fan control ni asumimos ninguna responsabilidad por el contenido, las pol\u00edticas de privacidad o las pr\u00e1cticas de los sitios o servicios de terceros.<\/p>\n<p class=\"ng-scope\"><strong>\u00a712. Privacidad de los ni\u00f1os<\/strong><\/p>\n<p class=\"ng-scope\">1. Nuestro Servicio no se dirige a menores de 13 a\u00f1os (\"Ni\u00f1os\").<\/p>\n<p class=\"ng-scope\">2. No recopilamos conscientemente informaci\u00f3n personal identificable de ni\u00f1os menores de 13 a\u00f1os. Si usted es padre, madre o tutor y tiene conocimiento de que sus hijos nos han proporcionado Datos Personales, p\u00f3ngase en contacto con nosotros. Si tenemos conocimiento de que hemos recopilado Informaci\u00f3n Personal de un menor de 13 a\u00f1os sin la verificaci\u00f3n del consentimiento paterno, tomaremos medidas para eliminar dicha informaci\u00f3n de nuestros servidores.<\/p>\n<p class=\"ng-scope\"><strong>\u00a713. Cambios en esta pol\u00edtica de privacidad<\/strong><\/p>\n<p class=\"ng-scope\">1. Podemos actualizar nuestra Pol\u00edtica de Privacidad de vez en cuando. Notificaremos al cliente cualquier cambio publicando la nueva Pol\u00edtica de Privacidad en esta p\u00e1gina.<\/p>\n<p class=\"ng-scope\">2. Se aconseja al cliente que revise peri\u00f3dicamente esta Pol\u00edtica de Privacidad para comprobar si se han producido cambios. Las modificaciones de esta Pol\u00edtica de Privacidad entrar\u00e1n en vigor cuando se publiquen en esta p\u00e1gina.<\/p>\n\n\t\t<\/div>\n\t<\/div>\n<div class=\"vc_empty_space\"   style=\"height: 32px\" ><span class=\"vc_empty_space_inner\"><\/span><\/div>\n<\/div><\/div><\/div><\/div>","protected":false},"excerpt":{"rendered":"Pol\u00edtica de privacidad \u00daltima actualizaci\u00f3n: 30 de enero de 2024 Teamdeck sp. z o.o. (\"nosotros\", \"nos\" o \"nuestro\") con domicilio social en: Nowowiejskiego 55, 61-734 Pozna\u0144, Polonia, NIP: 7831750055, REGON: 365865326, registrada en el Tribunal Regional de Pozna\u0144 - Nowe...","protected":false},"author":17,"featured_media":0,"parent":0,"menu_order":0,"comment_status":"closed","ping_status":"closed","template":"","meta":{"footnotes":""},"class_list":["post-2853","page","type-page","status-publish","hentry"],"yoast_head":"<!-- This site is optimized with the Yoast SEO Premium plugin v23.8 (Yoast SEO v24.3) - https:\/\/yoast.com\/wordpress\/plugins\/seo\/ -->\n<title>Teamdeck - Privacy Policy<\/title>\n<meta name=\"description\" content=\"Teamdeck cares about your privacy and security of its service. Please, read the following privacy policy carefully.\" \/>\n<meta name=\"robots\" content=\"index, follow, max-snippet:-1, max-image-preview:large, max-video-preview:-1\" \/>\n<link rel=\"canonical\" href=\"https:\/\/teamdeck.io\/es\/politica-de-privacidad\/\" \/>\n<meta property=\"og:locale\" content=\"es_ES\" \/>\n<meta property=\"og:type\" content=\"article\" \/>\n<meta property=\"og:title\" content=\"Teamdeck - Privacy Policy\" \/>\n<meta property=\"og:description\" content=\"Teamdeck cares about your privacy and security of its service. Please, read the following privacy policy carefully.\" \/>\n<meta property=\"og:url\" content=\"https:\/\/teamdeck.io\/es\/politica-de-privacidad\/\" \/>\n<meta property=\"og:site_name\" content=\"Teamdeck\" \/>\n<meta property=\"article:publisher\" content=\"https:\/\/www.facebook.com\/helloteamdeck\" \/>\n<meta property=\"article:modified_time\" content=\"2024-04-08T11:08:17+00:00\" \/>\n<meta property=\"og:image\" content=\"https:\/\/cdn.teamdeck.io\/uploads\/website\/2017\/09\/teamdeck-share.png\" \/>\n<meta name=\"twitter:card\" content=\"summary_large_image\" \/>\n<meta name=\"twitter:title\" content=\"Teamdeck - Privacy Policy\" \/>\n<meta name=\"twitter:description\" content=\"Teamdeck cares about your privacy and security of its service. Please, read the following privacy policy carefully.\" \/>\n<meta name=\"twitter:image\" content=\"https:\/\/cdn.teamdeck.io\/uploads\/website\/2017\/09\/teamdeck-share.png\" \/>\n<meta name=\"twitter:site\" content=\"@helloteamdeck\" \/>\n<meta name=\"twitter:label1\" content=\"Est. reading time\" \/>\n\t<meta name=\"twitter:data1\" content=\"6 minutes\" \/>\n<script type=\"application\/ld+json\" class=\"yoast-schema-graph\">{\"@context\":\"https:\/\/schema.org\",\"@graph\":[{\"@type\":\"WebPage\",\"@id\":\"https:\/\/teamdeck.io\/privacy-policy\/\",\"url\":\"https:\/\/teamdeck.io\/privacy-policy\/\",\"name\":\"Teamdeck - Privacy Policy\",\"isPartOf\":{\"@id\":\"https:\/\/teamdeck.io\/#website\"},\"datePublished\":\"2017-09-07T10:08:23+00:00\",\"dateModified\":\"2024-04-08T11:08:17+00:00\",\"description\":\"Teamdeck cares about your privacy and security of its service. Please, read the following privacy policy carefully.\",\"breadcrumb\":{\"@id\":\"https:\/\/teamdeck.io\/privacy-policy\/#breadcrumb\"},\"inLanguage\":\"es-ES\",\"potentialAction\":[{\"@type\":\"ReadAction\",\"target\":[\"https:\/\/teamdeck.io\/privacy-policy\/\"]}]},{\"@type\":\"BreadcrumbList\",\"@id\":\"https:\/\/teamdeck.io\/privacy-policy\/#breadcrumb\",\"itemListElement\":[{\"@type\":\"ListItem\",\"position\":1,\"name\":\"Home\",\"item\":\"https:\/\/teamdeck.io\/\"},{\"@type\":\"ListItem\",\"position\":2,\"name\":\"Privacy Policy\"}]},{\"@type\":\"WebSite\",\"@id\":\"https:\/\/teamdeck.io\/#website\",\"url\":\"https:\/\/teamdeck.io\/\",\"name\":\"Teamdeck\",\"description\":\"resource scheduling + time tracking + leave management\",\"potentialAction\":[{\"@type\":\"SearchAction\",\"target\":{\"@type\":\"EntryPoint\",\"urlTemplate\":\"https:\/\/teamdeck.io\/?s={search_term_string}\"},\"query-input\":{\"@type\":\"PropertyValueSpecification\",\"valueRequired\":true,\"valueName\":\"search_term_string\"}}],\"inLanguage\":\"es-ES\"}]}<\/script>\n<!-- \/ Yoast SEO Premium plugin. -->","yoast_head_json":{"title":"Teamdeck - Privacy Policy","description":"Teamdeck cares about your privacy and security of its service. Please, read the following privacy policy carefully.","robots":{"index":"index","follow":"follow","max-snippet":"max-snippet:-1","max-image-preview":"max-image-preview:large","max-video-preview":"max-video-preview:-1"},"canonical":"https:\/\/teamdeck.io\/es\/politica-de-privacidad\/","og_locale":"es_ES","og_type":"article","og_title":"Teamdeck - Privacy Policy","og_description":"Teamdeck cares about your privacy and security of its service. Please, read the following privacy policy carefully.","og_url":"https:\/\/teamdeck.io\/es\/politica-de-privacidad\/","og_site_name":"Teamdeck","article_publisher":"https:\/\/www.facebook.com\/helloteamdeck","article_modified_time":"2024-04-08T11:08:17+00:00","og_image":[{"url":"https:\/\/cdn.teamdeck.io\/uploads\/website\/2017\/09\/teamdeck-share.png","type":"","width":"","height":""}],"twitter_card":"summary_large_image","twitter_title":"Teamdeck - Privacy Policy","twitter_description":"Teamdeck cares about your privacy and security of its service. Please, read the following privacy policy carefully.","twitter_image":"https:\/\/cdn.teamdeck.io\/uploads\/website\/2017\/09\/teamdeck-share.png","twitter_site":"@helloteamdeck","twitter_misc":{"Est. reading time":"6 minutes"},"schema":{"@context":"https:\/\/schema.org","@graph":[{"@type":"WebPage","@id":"https:\/\/teamdeck.io\/privacy-policy\/","url":"https:\/\/teamdeck.io\/privacy-policy\/","name":"Teamdeck - Privacy Policy","isPartOf":{"@id":"https:\/\/teamdeck.io\/#website"},"datePublished":"2017-09-07T10:08:23+00:00","dateModified":"2024-04-08T11:08:17+00:00","description":"Teamdeck cares about your privacy and security of its service. Please, read the following privacy policy carefully.","breadcrumb":{"@id":"https:\/\/teamdeck.io\/privacy-policy\/#breadcrumb"},"inLanguage":"es-ES","potentialAction":[{"@type":"ReadAction","target":["https:\/\/teamdeck.io\/privacy-policy\/"]}]},{"@type":"BreadcrumbList","@id":"https:\/\/teamdeck.io\/privacy-policy\/#breadcrumb","itemListElement":[{"@type":"ListItem","position":1,"name":"Home","item":"https:\/\/teamdeck.io\/"},{"@type":"ListItem","position":2,"name":"Privacy Policy"}]},{"@type":"WebSite","@id":"https:\/\/teamdeck.io\/#website","url":"https:\/\/teamdeck.io\/","name":"Teamdeck","description":"resource scheduling + time tracking + leave management","potentialAction":[{"@type":"SearchAction","target":{"@type":"EntryPoint","urlTemplate":"https:\/\/teamdeck.io\/?s={search_term_string}"},"query-input":{"@type":"PropertyValueSpecification","valueRequired":true,"valueName":"search_term_string"}}],"inLanguage":"es-ES"}]}},"_links":{"self":[{"href":"https:\/\/teamdeck.io\/es\/wp-json\/wp\/v2\/pages\/2853","targetHints":{"allow":["GET"]}}],"collection":[{"href":"https:\/\/teamdeck.io\/es\/wp-json\/wp\/v2\/pages"}],"about":[{"href":"https:\/\/teamdeck.io\/es\/wp-json\/wp\/v2\/types\/page"}],"author":[{"embeddable":true,"href":"https:\/\/teamdeck.io\/es\/wp-json\/wp\/v2\/users\/17"}],"replies":[{"embeddable":true,"href":"https:\/\/teamdeck.io\/es\/wp-json\/wp\/v2\/comments?post=2853"}],"version-history":[{"count":15,"href":"https:\/\/teamdeck.io\/es\/wp-json\/wp\/v2\/pages\/2853\/revisions"}],"predecessor-version":[{"id":12719,"href":"https:\/\/teamdeck.io\/es\/wp-json\/wp\/v2\/pages\/2853\/revisions\/12719"}],"wp:attachment":[{"href":"https:\/\/teamdeck.io\/es\/wp-json\/wp\/v2\/media?parent=2853"}],"curies":[{"name":"wp","href":"https:\/\/api.w.org\/{rel}","templated":true}]}}