{"id":2849,"date":"2017-09-07T11:34:10","date_gmt":"2017-09-07T09:34:10","guid":{"rendered":"https:\/\/teamdeck.io\/?page_id=2849"},"modified":"2024-10-17T10:30:32","modified_gmt":"2024-10-17T08:30:32","slug":"terms-and-conditions","status":"publish","type":"page","link":"https:\/\/teamdeck.io\/es\/condiciones-generales\/","title":{"rendered":"Condiciones generales"},"content":{"rendered":"<div class=\"vc_row wpb_row vc_row-fluid redl-row-section padding-default bgv-default bgh-default halign-default\"><div class=\"wpb_column vc_column_container text-left vc_col-sm-12 padding-default bgv-default bgh-default halign-default\"><div class=\"vc_column-inner\"><div class=\"wpb_wrapper\"><div class=\"vc_empty_space\"   style=\"height: 32px\" ><span class=\"vc_empty_space_inner\"><\/span><\/div>\n\n\t<div class=\"wpb_text_column wpb_content_element\" >\n\t\t<div class=\"wpb_wrapper\">\n\t\t\t<h1 class=\"ng-scope\" style=\"text-align: center;\">Condiciones generales (\"Condiciones\")<\/h1>\n\n\t\t<\/div>\n\t<\/div>\n<div class=\"vc_empty_space\"   style=\"height: 32px\" ><span class=\"vc_empty_space_inner\"><\/span><\/div>\n<\/div><\/div><\/div><\/div><div class=\"vc_row wpb_row vc_row-fluid redl-row-section padding-default bgv-default bgh-default halign-default\"><div class=\"wpb_column vc_column_container text-left vc_col-sm-12 padding-default bgv-default bgh-default halign-default\"><div class=\"vc_column-inner\"><div class=\"wpb_wrapper\">\n\t<div class=\"wpb_text_column wpb_content_element\" >\n\t\t<div class=\"wpb_wrapper\">\n\t\t\t<p><span style=\"font-weight: 400;\">Por favor, lea estos T\u00e9rminos y Condiciones (\"T\u00e9rminos\", \"T\u00e9rminos y Condiciones\") cuidadosamente antes de usar el sitio web https:\/\/teamdeck.io (el \"Servicio\") operado por Teamdeck sp. z o.o. (\"nosotros\", \"nos\", \"Teamdeck\" o \"nuestro\") con domicilio social en: G\u00f3recka 1, 60-201 Pozna\u0144, Polonia, NIP: 7831750055, REGON: 365865326, inscrita en el registro de empresarios del Registro Nacional de Tribunales llevado por el Tribunal de Distrito Pozna\u0144-Nowe Miasto i Wilda en Pozna\u0144, VIII Divisi\u00f3n Comercial del Registro Nacional de Tribunales, bajo KRS. 0000646426.<\/span><\/p>\n<p><span style=\"font-weight: 400;\">El acceso y uso del Servicio por parte del cliente est\u00e1 condicionado a la aceptaci\u00f3n y cumplimiento de estas Condiciones por parte del cliente. Estas Condiciones se aplican a todos los visitantes, usuarios y dem\u00e1s personas que accedan o utilicen el Servicio.<\/span><\/p>\n<p><span style=\"font-weight: 400;\">Al acceder o utilizar el Servicio, el cliente acepta quedar vinculado por estas Condiciones. Si el cliente no est\u00e1 de acuerdo con alguna parte de las condiciones, no podr\u00e1 acceder al Servicio.<\/span><\/p>\n<p class=\"ng-scope\"><strong>\u00a71. Requisitos t\u00e9cnicos<\/strong><\/p>\n<p class=\"ng-scope\">1. En el \u00e1mbito relativo al uso de las funciones de Teamdeck por parte de los clientes, los T\u00e9rminos y Condiciones se tratar\u00e1n como las \"normas\" mencionadas en el art\u00edculo 8 de la Ley de 18 de julio de 2002 sobre la prestaci\u00f3n de servicios por medios electr\u00f3nicos (Diario de Leyes de 2002, n\u00ba 144, punto 1204, en su versi\u00f3n modificada).<\/p>\n<p class=\"ng-scope\">2. Los requisitos t\u00e9cnicos se refieren a los aspectos t\u00e9cnicos que el cliente debe cumplir para poder utilizar el Servicio. El cliente debe utilizar:<\/p>\n<ul class=\"ng-scope\">\n<li>Chrome (versi\u00f3n actual)<\/li>\n<li>Mac \/ Windows<\/li>\n<li>8 GB DE RAM<\/li>\n<li>CPU Intel Core i3 Gen 2 o posterior<\/li>\n<\/ul>\n<p>3.\u00a0<span style=\"font-weight: 400;\">Para crear una nueva cuenta, el cliente debe rellenar el formulario y leer y aceptar nuestras Condiciones. El cliente acepta nuestros T\u00e9rminos marcando la casilla \"He le\u00eddo y acepto los T\u00e9rminos y Condiciones\". El cliente tambi\u00e9n puede cantar utilizando la cuenta de Podio o las aplicaciones de Google. Cantar utilizando los servicios mencionados implica la aceptaci\u00f3n de estas Condiciones. \u00a0<\/span><\/p>\n<p class=\"ng-scope\"><strong>\u00a72. Suscripciones<\/strong><\/p>\n<p class=\"ng-scope\"><span style=\"font-weight: 400;\">1. Algunas partes del Servicio se facturan mediante suscripci\u00f3n (\"Suscripci\u00f3n(es)\"). Se le facturar\u00e1 por adelantado de forma recurrente y peri\u00f3dica (\"Ciclo de facturaci\u00f3n\"). Los ciclos de facturaci\u00f3n se establecen con car\u00e1cter mensual o anual, dependiendo del tipo de plan de suscripci\u00f3n que seleccione al adquirir una Suscripci\u00f3n.<\/span><\/p>\n<p class=\"ng-scope\"><span style=\"font-weight: 400;\">2. Al final de cada Ciclo de Facturaci\u00f3n, la Suscripci\u00f3n del cliente se renovar\u00e1 autom\u00e1ticamente bajo las mismas condiciones exactas a menos que el cliente la cancele o Teamdeck la cancele. El cliente puede cancelar la renovaci\u00f3n de su Suscripci\u00f3n a trav\u00e9s de la p\u00e1gina de gesti\u00f3n de cuenta en l\u00ednea o poni\u00e9ndose en contacto con el equipo de atenci\u00f3n al cliente de Teamdeck.<\/span><\/p>\n<p><span style=\"font-weight: 400;\">Se requiere un m\u00e9todo de pago v\u00e1lido, incluyendo tarjeta de cr\u00e9dito, para procesar el pago de la Suscripci\u00f3n del cliente. El cliente proporcionar\u00e1 a Teamdeck informaci\u00f3n de facturaci\u00f3n precisa y completa, incluyendo nombre completo, direcci\u00f3n, estado, c\u00f3digo postal, n\u00famero de tel\u00e9fono y un m\u00e9todo de pago v\u00e1lido. Al enviar dicha informaci\u00f3n de pago, el cliente autoriza autom\u00e1ticamente a Teamdeck. a cargar todas las tarifas de Suscripci\u00f3n incurridas a trav\u00e9s de la cuenta del cliente a cualquiera de dichos instrumentos de pago.<\/span><\/p>\n<p><span style=\"font-weight: 400;\">3. En caso de que la facturaci\u00f3n autom\u00e1tica no se produzca por cualquier motivo, Teamdeck emitir\u00e1 una factura electr\u00f3nica indicando que el cliente deber\u00e1 proceder manualmente, dentro de una fecha l\u00edmite determinada, al pago \u00edntegro correspondiente al periodo de facturaci\u00f3n indicado en la factura.<\/span><\/p>\n<p class=\"ng-scope\"><strong>\u00a73. Juicio Gratuito<\/strong><\/p>\n<p class=\"ng-scope\"><span style=\"font-weight: 400;\">1. Teamdeck. podr\u00e1, a su entera discreci\u00f3n, ofrecer una Suscripci\u00f3n con una prueba gratuita durante un per\u00edodo de tiempo limitado (\"Prueba gratuita\").<\/span><\/p>\n<p class=\"ng-scope\"><span style=\"font-weight: 400;\">2. Es posible que el Cliente tenga que introducir sus datos de facturaci\u00f3n y facilitar un n\u00famero de tel\u00e9fono m\u00f3vil v\u00e1lido para inscribirse en la Prueba Gratuita.<\/p>\n<p>El n\u00famero de tel\u00e9fono m\u00f3vil proporcionado se utilizar\u00e1 para verificar la cuenta y para fines de comunicaci\u00f3n relacionados con la Prueba Gratuita y la Suscripci\u00f3n posterior.<\/p>\n<p>Si el cliente introduce su informaci\u00f3n de facturaci\u00f3n al registrarse para la Prueba gratuita, Teamdeck no le cobrar\u00e1 hasta que la Prueba gratuita haya caducado. El \u00faltimo d\u00eda del periodo de Prueba Gratuita, a menos que el cliente cancele su Suscripci\u00f3n, se le cobrar\u00e1n autom\u00e1ticamente las tarifas de Suscripci\u00f3n aplicables para el tipo de Suscripci\u00f3n seleccionada.<\/span><\/p>\n<p><span style=\"font-weight: 400;\">3. En cualquier momento y sin previo aviso, Teamdeck se reserva el derecho de (i) modificar los t\u00e9rminos y condiciones de la oferta de Prueba Gratuita, o (ii) cancelar dicha oferta de Prueba Gratuita.<\/span><\/p>\n<p class=\"ng-scope\"><strong>\u00a74. Cambios en las tasas<\/strong><\/p>\n<p class=\"ng-scope\"><span style=\"font-weight: 400;\">1. Teamdeck, a su entera discreci\u00f3n y en cualquier momento, puede modificar las tarifas de Suscripci\u00f3n para las Suscripciones. Cualquier cambio en las cuotas de Suscripci\u00f3n entrar\u00e1 en vigor al final del Ciclo de facturaci\u00f3n vigente en ese momento.<\/span><\/p>\n<p class=\"ng-scope\"><span style=\"font-weight: 400;\">2. Teamdeck proporcionar\u00e1 al cliente un aviso previo razonable de cualquier cambio en las tarifas de Suscripci\u00f3n para darle la oportunidad de cancelar la Suscripci\u00f3n del cliente antes de que dicho cambio se haga efectivo.<\/span><\/p>\n<p class=\"ng-scope\"><span style=\"font-weight: 400;\">3. El uso continuado del Servicio por parte del cliente tras la entrada en vigor de la modificaci\u00f3n de la cuota de suscripci\u00f3n constituye la aceptaci\u00f3n por parte del cliente del pago del importe de la cuota de suscripci\u00f3n modificada.<\/span><\/p>\n<p class=\"ng-scope\"><strong>\u00a75. Devoluciones<\/strong><\/p>\n<p><span style=\"font-weight: 400;\">Algunas solicitudes de reembolso de las Suscripciones pueden ser consideradas por Teamdeck caso por caso y concedidas a discreci\u00f3n exclusiva de Teamdeck.<\/span><\/p>\n<p class=\"ng-scope\"><strong>\u00a76. Cuentas<\/strong><\/p>\n<p class=\"ng-scope\"><span style=\"font-weight: 400;\">1. Cuando el cliente crea una cuenta con nosotros, debe proporcionarnos informaci\u00f3n precisa, completa y actualizada en todo momento. El incumplimiento de esta obligaci\u00f3n constituye una infracci\u00f3n de las Condiciones, que puede dar lugar a la cancelaci\u00f3n inmediata de la cuenta del cliente en nuestro Servicio.<\/span><\/p>\n<p class=\"ng-scope\"><span style=\"font-weight: 400;\">2. El Cliente es responsable de salvaguardar la contrase\u00f1a que utilice para acceder al Servicio y de cualquier actividad o acci\u00f3n que se realice con su contrase\u00f1a, ya sea con nuestro Servicio o con un servicio de terceros.<\/span><\/p>\n<p class=\"ng-scope\"><span style=\"font-weight: 400;\">3. El cliente se compromete a no revelar su contrase\u00f1a a terceros. 4. El Cliente deber\u00e1 notificarnos inmediatamente en cuanto tenga conocimiento de cualquier violaci\u00f3n de la seguridad o uso no autorizado de su cuenta.<\/span><\/p>\n<p class=\"ng-scope\"><span style=\"font-weight: 400;\">4. El cliente no podr\u00e1 utilizar como nombre de usuario el nombre de otra persona o entidad o que no est\u00e9 legalmente disponible para su uso, un nombre o marca comercial que est\u00e9 sujeto a cualquier derecho de otra persona o entidad distinta de los clientes sin la debida autorizaci\u00f3n, o un nombre que sea ofensivo, vulgar u obsceno.<\/span><\/p>\n<p class=\"ng-scope\"><strong>\u00a77. Propiedad intelectual<\/strong><\/p>\n<p><span style=\"font-weight: 400;\">El Servicio y su contenido original, caracter\u00edsticas y funcionalidad son y seguir\u00e1n siendo propiedad exclusiva de Teamdeck y sus licenciantes. El Servicio est\u00e1 protegido por derechos de autor, marcas registradas y otras leyes tanto de Polonia como de otros pa\u00edses. Nuestras marcas registradas e imagen comercial no pueden ser utilizadas en conexi\u00f3n con ning\u00fan producto o servicio sin el consentimiento previo por escrito de Teamdeck.<\/span><\/p>\n<p class=\"ng-scope\"><strong>\u00a78. Enlaces a otros sitios web<\/strong><\/p>\n<p class=\"ng-scope\"><span style=\"font-weight: 400;\">1. Nuestro Servicio puede contener enlaces a sitios web o servicios de terceros que no son propiedad o no est\u00e1n controlados por Teamdeck.<\/span><\/p>\n<p class=\"ng-scope\"><span style=\"font-weight: 400;\">2. Teamdeck no tiene control sobre, y no asume ninguna responsabilidad por, el contenido, las pol\u00edticas de privacidad o las pr\u00e1cticas de los sitios web o servicios de terceros. Adem\u00e1s, el Cliente reconoce y acepta que Teamdeck no ser\u00e1 responsable, directa o indirectamente, por cualquier da\u00f1o o p\u00e9rdida causada o supuestamente causada por o en conexi\u00f3n con el uso o la confianza en cualquier contenido, bienes o servicios disponibles en o a trav\u00e9s de cualquiera de dichos sitios web o servicios.<\/span><\/p>\n<p class=\"ng-scope\"><span style=\"font-weight: 400;\">3. Recomendamos encarecidamente al cliente que lea los t\u00e9rminos y condiciones y las pol\u00edticas de privacidad de los sitios web o servicios de terceros que visite.<\/span><\/p>\n<p class=\"ng-scope\"><strong>\u00a79. Rescisi\u00f3n<\/strong><\/p>\n<p class=\"ng-scope\"><span style=\"font-weight: 400;\">1. Podemos cancelar o suspender la cuenta del cliente inmediatamente, sin previo aviso ni responsabilidad, por cualquier motivo, incluyendo, sin limitaci\u00f3n, si el cliente incumple las Condiciones.<\/span><\/p>\n<p class=\"ng-scope\"><span style=\"font-weight: 400;\">2. En caso de rescisi\u00f3n, cesar\u00e1 inmediatamente el derecho del Cliente a utilizar el Servicio. Si el cliente desea cancelar su cuenta, puede simplemente dejar de utilizar el Servicio.<\/span><\/p>\n<p class=\"ng-scope\"><strong>\u00a710. Limitaci\u00f3n de responsabilidad<\/strong><\/p>\n<p><span style=\"font-weight: 400;\">En ning\u00fan caso Teamdeck ni sus directores, empleados, socios, agentes, proveedores o afiliados, ser\u00e1n responsables de ning\u00fan da\u00f1o indirecto, incidental, especial, consecuente o punitivo, incluyendo sin limitaci\u00f3n, la p\u00e9rdida de beneficios, datos, uso, fondo de comercio u otras p\u00e9rdidas intangibles, resultantes de (i) su acceso o uso o la imposibilidad de acceder o utilizar el Servicio; (ii) cualquier conducta o contenido de cualquier tercero en el Servicio; (iii) cualquier contenido obtenido del Servicio; y (iv) acceso no autorizado, uso o alteraci\u00f3n de sus transmisiones o contenido, ya sea basado en garant\u00eda, contrato, agravio (incluyendo negligencia) o cualquier otra teor\u00eda legal, ya sea o no que hayamos sido informados de la posibilidad de tales da\u00f1os, e incluso si un remedio establecido aqu\u00ed se encuentra que ha fallado en su prop\u00f3sito esencial.<\/span><\/p>\n<p class=\"ng-scope\"><strong>\u00a711. Descargo de responsabilidad<\/strong><\/p>\n<p class=\"ng-scope\"><span style=\"font-weight: 400;\">1. El uso que usted haga del Servicio es por su cuenta y riesgo. El Servicio se presta \"TAL CUAL\" y \"SEG\u00daN DISPONIBILIDAD\". El Servicio se proporciona sin garant\u00edas de ning\u00fan tipo, ya sean expresas o impl\u00edcitas, incluidas, entre otras, las garant\u00edas impl\u00edcitas de comerciabilidad, idoneidad para un fin determinado, no infracci\u00f3n o curso de ejecuci\u00f3n.<\/span><\/p>\n<p class=\"ng-scope\"><span style=\"font-weight: 400;\">2. Teamdeck, sus subsidiarias, afiliados y sus licenciantes no garantizan que a) el Servicio funcionar\u00e1 de forma ininterrumpida, segura o disponible en cualquier momento o lugar en particular; b) cualquier error o defecto ser\u00e1 corregido; c) el Servicio est\u00e1 libre de virus u otros componentes da\u00f1inos; o d) los resultados del uso del Servicio cumplir\u00e1n con sus requisitos.<\/span><\/p>\n<p class=\"ng-scope\"><strong>\u00a712. Derecho aplicable<\/strong><\/p>\n<p class=\"ng-scope\"><span style=\"font-weight: 400;\">1. Las presentes Condiciones se regir\u00e1n e interpretar\u00e1n de conformidad con la legislaci\u00f3n de Polonia, sin tener en cuenta sus disposiciones en materia de conflicto de leyes.<\/span><\/p>\n<p class=\"ng-scope\"><span style=\"font-weight: 400;\">2. El hecho de que no hagamos valer cualquier derecho o disposici\u00f3n de estas Condiciones no se considerar\u00e1 una renuncia a dichos derechos. Si alguna disposici\u00f3n de estas Condiciones fuera declarada inv\u00e1lida o inaplicable por un tribunal, las restantes disposiciones de estas Condiciones seguir\u00e1n en vigor. Estas Condiciones constituyen el acuerdo completo entre nosotros en relaci\u00f3n con nuestro Servicio, y sustituyen y reemplazan cualquier acuerdo anterior que pudi\u00e9ramos tener entre nosotros en relaci\u00f3n con el Servicio.<\/span><\/p>\n<p class=\"ng-scope\"><strong>\u00a713. Cambios<\/strong><\/p>\n<p class=\"ng-scope\"><span style=\"font-weight: 400;\">1. Nos reservamos el derecho, a nuestra entera discreci\u00f3n, de modificar o sustituir estas Condiciones en cualquier momento. Si una revisi\u00f3n es material, intentaremos avisar con al menos 30 d\u00edas de antelaci\u00f3n antes de que los nuevos t\u00e9rminos entren en vigor. Lo que constituya un cambio sustancial se determinar\u00e1 a nuestra entera discreci\u00f3n.<\/span><\/p>\n<p class=\"ng-scope\"><span style=\"font-weight: 400;\">2. Al continuar accediendo o utilizando nuestro Servicio despu\u00e9s de que dichas revisiones entren en vigor, usted acepta quedar vinculado por los t\u00e9rminos revisados. Si no est\u00e1 de acuerdo con las nuevas condiciones, deje de utilizar el Servicio.<\/span><\/p>\n<p class=\"ng-scope\"><strong>\u00a714. Datos personales<\/strong><\/p>\n<p class=\"ng-scope\"><span style=\"font-weight: 400;\">1. El Cliente, al registrarse y utilizar el Servicio, proporciona voluntariamente sus datos personales, siendo necesario proporcionarlos para utilizar el Servicio y crear la cuenta de cliente. El tratamiento de dichos datos se realiza a petici\u00f3n del cliente y con su consentimiento.<\/span><\/p>\n<p class=\"ng-scope\"><span style=\"font-weight: 400;\">2. El tratamiento de datos personales por parte de Teamdeck tendr\u00e1 lugar solo en la medida necesaria para permitir el acceso adecuado a los servicios prestados por Teamdeck y para fines de marketing si el Cliente desea recibir el servicio de bolet\u00edn informativo. Los datos personales se procesan de conformidad con la legislaci\u00f3n aplicable, incluido el Reglamento (UE) 2016\/679 del Parlamento Europeo y del Consejo, de 27 de abril de 2016, relativo a la protecci\u00f3n de las personas f\u00edsicas en lo que respecta al tratamiento de datos personales y a la libre circulaci\u00f3n de estos datos y por el que se deroga la Directiva 95 \/ 46 \/ CE (Reglamento general de protecci\u00f3n de datos).<\/span><\/p>\n<p class=\"ng-scope\"><span style=\"font-weight: 400;\">3. Los detalles sobre el alcance y la finalidad del tratamiento de los datos personales y los derechos del Usuario pueden consultarse en la Informaci\u00f3n sobre protecci\u00f3n de datos (de conformidad con el art\u00edculo 13, apartados 1, 2 y 4, del RGPD), que es un documento aparte disponible en la direcci\u00f3n\u00a0<a href=\"https:\/\/teamdeck.io\/es\/informacion-sobre-proteccion-de-datos\/\">https:\/\/teamdeck.io\/data-protection-information\/<\/a> y en nuestra Pol\u00edtica de Protecci\u00f3n de Datos que constituye un documento aparte disponible en la direcci\u00f3n\u00a0<a href=\"https:\/\/teamdeck.io\/es\/politica-de-proteccion-de-datos\/\">https:\/\/teamdeck.io\/data-protection-policy\/<\/a> .<\/span><\/p>\n<p>4. Durante la PRUEBA GRATUITA, los datos del usuario, incluido el n\u00famero de tel\u00e9fono proporcionado, se utilizan para apoyar a los usuarios en el uso de Teamdeck, la incorporaci\u00f3n, el suministro de informaci\u00f3n sobre las (nuevas) caracter\u00edsticas y actualizaciones\/mejoras de Teamdecks, productos, as\u00ed como, en su caso, informaci\u00f3n sobre el estado de la cuenta y la facturaci\u00f3n, y para realizar encuestas a los clientes para mejorar la calidad del servicio. Con este fin, Teamdeck podr\u00e1 ponerse en contacto con los usuarios a trav\u00e9s del correo electr\u00f3nico o del n\u00famero de tel\u00e9fono proporcionado.<\/p>\n\n\t\t<\/div>\n\t<\/div>\n<div class=\"vc_empty_space\"   style=\"height: 32px\" ><span class=\"vc_empty_space_inner\"><\/span><\/div>\n<\/div><\/div><\/div><\/div>","protected":false},"excerpt":{"rendered":"T\u00e9rminos y Condiciones (\"T\u00e9rminos\") Por favor, lea atentamente estos T\u00e9rminos y Condiciones (\"T\u00e9rminos\", \"T\u00e9rminos y Condiciones\") antes de utilizar el sitio web https:\/\/teamdeck.io (el \"Servicio\") operado por Teamdeck sp. z o.o. (\"nosotros\", \"Teamdeck\" o \"nuestro\") con sede...","protected":false},"author":17,"featured_media":0,"parent":0,"menu_order":0,"comment_status":"closed","ping_status":"closed","template":"","meta":{"footnotes":""},"class_list":["post-2849","page","type-page","status-publish","hentry"],"yoast_head":"<!-- This site is optimized with the Yoast SEO Premium plugin v23.8 (Yoast SEO v24.3) - https:\/\/yoast.com\/wordpress\/plugins\/seo\/ -->\n<title>Teamdeck - Terms and Conditions<\/title>\n<meta name=\"description\" content=\"If you are Teamdeck\u2019s new user, please read the following Terms and Conditions carefully. By accessing or using the Service you agree to these Terms.\" \/>\n<meta name=\"robots\" content=\"index, follow, max-snippet:-1, max-image-preview:large, max-video-preview:-1\" \/>\n<link rel=\"canonical\" href=\"https:\/\/teamdeck.io\/es\/condiciones-generales\/\" \/>\n<meta property=\"og:locale\" content=\"es_ES\" \/>\n<meta property=\"og:type\" content=\"article\" \/>\n<meta property=\"og:title\" content=\"Teamdeck - Terms and Conditions\" \/>\n<meta property=\"og:description\" content=\"If you are Teamdeck\u2019s new user, please read the following Terms and Conditions carefully. By accessing or using the Service you agree to these Terms.\" \/>\n<meta property=\"og:url\" content=\"https:\/\/teamdeck.io\/es\/condiciones-generales\/\" \/>\n<meta property=\"og:site_name\" content=\"Teamdeck\" \/>\n<meta property=\"article:publisher\" content=\"https:\/\/www.facebook.com\/helloteamdeck\" \/>\n<meta property=\"article:modified_time\" content=\"2024-10-17T08:30:32+00:00\" \/>\n<meta property=\"og:image\" content=\"https:\/\/cdn.teamdeck.io\/uploads\/website\/2017\/09\/teamdeck-share.png\" \/>\n<meta name=\"twitter:card\" content=\"summary_large_image\" \/>\n<meta name=\"twitter:title\" content=\"Teamdeck - Terms and Conditions\" \/>\n<meta name=\"twitter:description\" content=\"If you are Teamdeck\u2019s new user, please read the following Terms and Conditions carefully. By accessing or using the Service you agree to these Terms.\" \/>\n<meta name=\"twitter:image\" content=\"https:\/\/cdn.teamdeck.io\/uploads\/website\/2017\/09\/teamdeck-share.png\" \/>\n<meta name=\"twitter:site\" content=\"@helloteamdeck\" \/>\n<meta name=\"twitter:label1\" content=\"Est. reading time\" \/>\n\t<meta name=\"twitter:data1\" content=\"9 minutes\" \/>\n<script type=\"application\/ld+json\" class=\"yoast-schema-graph\">{\"@context\":\"https:\/\/schema.org\",\"@graph\":[{\"@type\":\"WebPage\",\"@id\":\"https:\/\/teamdeck.io\/terms-and-conditions\/\",\"url\":\"https:\/\/teamdeck.io\/terms-and-conditions\/\",\"name\":\"Teamdeck - Terms and Conditions\",\"isPartOf\":{\"@id\":\"https:\/\/teamdeck.io\/#website\"},\"datePublished\":\"2017-09-07T09:34:10+00:00\",\"dateModified\":\"2024-10-17T08:30:32+00:00\",\"description\":\"If you are Teamdeck\u2019s new user, please read the following Terms and Conditions carefully. By accessing or using the Service you agree to these Terms.\",\"breadcrumb\":{\"@id\":\"https:\/\/teamdeck.io\/terms-and-conditions\/#breadcrumb\"},\"inLanguage\":\"es-ES\",\"potentialAction\":[{\"@type\":\"ReadAction\",\"target\":[\"https:\/\/teamdeck.io\/terms-and-conditions\/\"]}]},{\"@type\":\"BreadcrumbList\",\"@id\":\"https:\/\/teamdeck.io\/terms-and-conditions\/#breadcrumb\",\"itemListElement\":[{\"@type\":\"ListItem\",\"position\":1,\"name\":\"Home\",\"item\":\"https:\/\/teamdeck.io\/\"},{\"@type\":\"ListItem\",\"position\":2,\"name\":\"Terms and Conditions\"}]},{\"@type\":\"WebSite\",\"@id\":\"https:\/\/teamdeck.io\/#website\",\"url\":\"https:\/\/teamdeck.io\/\",\"name\":\"Teamdeck\",\"description\":\"resource scheduling + time tracking + leave management\",\"potentialAction\":[{\"@type\":\"SearchAction\",\"target\":{\"@type\":\"EntryPoint\",\"urlTemplate\":\"https:\/\/teamdeck.io\/?s={search_term_string}\"},\"query-input\":{\"@type\":\"PropertyValueSpecification\",\"valueRequired\":true,\"valueName\":\"search_term_string\"}}],\"inLanguage\":\"es-ES\"}]}<\/script>\n<!-- \/ Yoast SEO Premium plugin. -->","yoast_head_json":{"title":"Teamdeck - Terms and Conditions","description":"If you are Teamdeck\u2019s new user, please read the following Terms and Conditions carefully. By accessing or using the Service you agree to these Terms.","robots":{"index":"index","follow":"follow","max-snippet":"max-snippet:-1","max-image-preview":"max-image-preview:large","max-video-preview":"max-video-preview:-1"},"canonical":"https:\/\/teamdeck.io\/es\/condiciones-generales\/","og_locale":"es_ES","og_type":"article","og_title":"Teamdeck - Terms and Conditions","og_description":"If you are Teamdeck\u2019s new user, please read the following Terms and Conditions carefully. By accessing or using the Service you agree to these Terms.","og_url":"https:\/\/teamdeck.io\/es\/condiciones-generales\/","og_site_name":"Teamdeck","article_publisher":"https:\/\/www.facebook.com\/helloteamdeck","article_modified_time":"2024-10-17T08:30:32+00:00","og_image":[{"url":"https:\/\/cdn.teamdeck.io\/uploads\/website\/2017\/09\/teamdeck-share.png","type":"","width":"","height":""}],"twitter_card":"summary_large_image","twitter_title":"Teamdeck - Terms and Conditions","twitter_description":"If you are Teamdeck\u2019s new user, please read the following Terms and Conditions carefully. By accessing or using the Service you agree to these Terms.","twitter_image":"https:\/\/cdn.teamdeck.io\/uploads\/website\/2017\/09\/teamdeck-share.png","twitter_site":"@helloteamdeck","twitter_misc":{"Est. reading time":"9 minutes"},"schema":{"@context":"https:\/\/schema.org","@graph":[{"@type":"WebPage","@id":"https:\/\/teamdeck.io\/terms-and-conditions\/","url":"https:\/\/teamdeck.io\/terms-and-conditions\/","name":"Teamdeck - Terms and Conditions","isPartOf":{"@id":"https:\/\/teamdeck.io\/#website"},"datePublished":"2017-09-07T09:34:10+00:00","dateModified":"2024-10-17T08:30:32+00:00","description":"If you are Teamdeck\u2019s new user, please read the following Terms and Conditions carefully. By accessing or using the Service you agree to these Terms.","breadcrumb":{"@id":"https:\/\/teamdeck.io\/terms-and-conditions\/#breadcrumb"},"inLanguage":"es-ES","potentialAction":[{"@type":"ReadAction","target":["https:\/\/teamdeck.io\/terms-and-conditions\/"]}]},{"@type":"BreadcrumbList","@id":"https:\/\/teamdeck.io\/terms-and-conditions\/#breadcrumb","itemListElement":[{"@type":"ListItem","position":1,"name":"Home","item":"https:\/\/teamdeck.io\/"},{"@type":"ListItem","position":2,"name":"Terms and Conditions"}]},{"@type":"WebSite","@id":"https:\/\/teamdeck.io\/#website","url":"https:\/\/teamdeck.io\/","name":"Teamdeck","description":"resource scheduling + time tracking + leave management","potentialAction":[{"@type":"SearchAction","target":{"@type":"EntryPoint","urlTemplate":"https:\/\/teamdeck.io\/?s={search_term_string}"},"query-input":{"@type":"PropertyValueSpecification","valueRequired":true,"valueName":"search_term_string"}}],"inLanguage":"es-ES"}]}},"_links":{"self":[{"href":"https:\/\/teamdeck.io\/es\/wp-json\/wp\/v2\/pages\/2849","targetHints":{"allow":["GET"]}}],"collection":[{"href":"https:\/\/teamdeck.io\/es\/wp-json\/wp\/v2\/pages"}],"about":[{"href":"https:\/\/teamdeck.io\/es\/wp-json\/wp\/v2\/types\/page"}],"author":[{"embeddable":true,"href":"https:\/\/teamdeck.io\/es\/wp-json\/wp\/v2\/users\/17"}],"replies":[{"embeddable":true,"href":"https:\/\/teamdeck.io\/es\/wp-json\/wp\/v2\/comments?post=2849"}],"version-history":[{"count":7,"href":"https:\/\/teamdeck.io\/es\/wp-json\/wp\/v2\/pages\/2849\/revisions"}],"predecessor-version":[{"id":13398,"href":"https:\/\/teamdeck.io\/es\/wp-json\/wp\/v2\/pages\/2849\/revisions\/13398"}],"wp:attachment":[{"href":"https:\/\/teamdeck.io\/es\/wp-json\/wp\/v2\/media?parent=2849"}],"curies":[{"name":"wp","href":"https:\/\/api.w.org\/{rel}","templated":true}]}}