{"id":5727,"date":"2020-03-10T13:14:26","date_gmt":"2020-03-10T11:14:26","guid":{"rendered":"https:\/\/teamdeck.io\/?page_id=5727"},"modified":"2021-08-30T11:40:59","modified_gmt":"2021-08-30T09:40:59","slug":"benefits","status":"publish","type":"page","link":"https:\/\/teamdeck.io\/de\/vorteile\/","title":{"rendered":"Vorteile"},"content":{"rendered":"<div data-vc-full-width=\"true\" data-vc-full-width-init=\"false\" class=\"vc_row wpb_row vc_row-fluid redl-row-section vc_custom_1547727116563 vc_row-has-fill vc_row-o-content-middle vc_row-flex padding-default bgv-default bgh-default halign-center\"><div class=\"wpb_column vc_column_container text-left vc_col-sm-4 padding-default bgv-default bgh-default halign-center\"><div class=\"vc_column-inner\"><div class=\"wpb_wrapper\">\n\t<div class=\"wpb_text_column wpb_content_element\" >\n\t\t<div class=\"wpb_wrapper\">\n\t\t\t<h1>Es geht um Vorteile<br \/>\n<span class=\"h2\"><br \/>\n<\/span><\/h1>\n<p>Teamdeck ist ein komplettes Werkzeug zur Ressourcenverwaltung.<br \/>\nErfahren Sie, wie Zeiterfassung, Ressourcenzuweisung und Urlaubsverwaltung Ihrem Unternehmen helfen:<\/p>\n\n\t\t<\/div>\n\t<\/div>\n\n\t<div class=\"wpb_text_column wpb_content_element\" >\n\t\t<div class=\"wpb_wrapper\">\n\t\t\t<p style=\"text-align: left;\"><span class=\"arrow-link\"><a href=\"https:\/\/calendly.com\/adanielak\/teamdeck-demo\">Buchen Sie ein Treffen<\/a><\/span><\/p>\n\n\t\t<\/div>\n\t<\/div>\n<\/div><\/div><\/div><div class=\"wpb_column vc_column_container text-right vc_col-sm-8 vc_col-has-fill padding-default bgv-default bgh-default halign-end\"><div class=\"vc_column-inner vc_custom_1547727481560\"><div class=\"wpb_wrapper\">\n\t<div class=\"wpb_text_column wpb_content_element  vc_custom_1582122422073 video-nocontrols\" >\n\t\t<div class=\"wpb_wrapper\">\n\t\t\t<p><img loading=\"lazy\" decoding=\"async\" class=\"aligncenter wp-image-5694 size-full\" src=\"https:\/\/cdn.teamdeck.io\/uploads\/website\/2020\/02\/19162648\/big-team.png\" alt=\"\" width=\"2512\" height=\"1436\" srcset=\"https:\/\/cdn.teamdeck.io\/uploads\/website\/2020\/02\/19162648\/big-team.png 2512w, https:\/\/cdn.teamdeck.io\/uploads\/website\/2020\/02\/19162648\/big-team-300x171.png 300w, https:\/\/cdn.teamdeck.io\/uploads\/website\/2020\/02\/19162648\/big-team-768x439.png 768w, https:\/\/cdn.teamdeck.io\/uploads\/website\/2020\/02\/19162648\/big-team-960x549.png 960w\" sizes=\"auto, (max-width: 2512px) 100vw, 2512px\" \/><\/p>\n\n\t\t<\/div>\n\t<\/div>\n<\/div><\/div><\/div><\/div><div class=\"vc_row-full-width vc_clearfix\"><\/div><div class=\"vc_row wpb_row vc_row-fluid redl-row-section use-cases-title vc_custom_1582120251302 padding-default bgv-default bgh-default halign-default\"><div class=\"wpb_column vc_column_container text-left vc_col-sm-4 padding-default bgv-default bgh-default halign-default\"><div class=\"vc_column-inner\"><div class=\"wpb_wrapper\">\n\t<div class=\"wpb_text_column wpb_content_element\" >\n\t\t<div class=\"wpb_wrapper\">\n\t\t\t<h3 style=\"text-align: center;\"><span class=\"text-title column-title\">Zeiterfassung: <\/span><\/h3>\n<p style=\"text-align: center;\"><a href=\"https:\/\/teamdeck.io\/de\/werkzeugkasten\/die-gehaltsabrechnung-der-mitarbeiter-auf-der-grundlage-ihrer-zeiterfassungsbogen-berechnen\/\">Lohnabrechnung anhand von Stundenzetteln berechnen<\/a><br \/>\nbessere Sch\u00e4tzungen vornehmen<br \/>\nlernen Sie Ihr Produktivit\u00e4tsmuster<br \/>\n<a href=\"https:\/\/teamdeck.io\/de\/projektleitung\/wie-man-die-ressourcennutzung-misst\/\">Gleisauslastung<\/a><br \/>\n<a href=\"https:\/\/teamdeck.io\/de\/teamdeck\/mobile-zeiterfassung\/\">Erfassen Sie Ihre Zeit auch unterwegs<\/a><br \/>\n<a href=\"https:\/\/teamdeck.io\/de\/teamgluck\/projekttransparenz\/\">mehr Transparenz<\/a><\/p>\n\n\t\t<\/div>\n\t<\/div>\n<\/div><\/div><\/div><div class=\"wpb_column vc_column_container text-left vc_col-sm-4 padding-default bgv-default bgh-default halign-default\"><div class=\"vc_column-inner\"><div class=\"wpb_wrapper\">\n\t<div class=\"wpb_text_column wpb_content_element\" >\n\t\t<div class=\"wpb_wrapper\">\n\t\t\t<h3 style=\"text-align: center;\"><span class=\"text-title column-title\">Zuweisung von Ressourcen:<\/span><\/h3>\n<p style=\"text-align: center;\">Risiken ausschalten<br \/>\nFristen einhalten<br \/>\nKundenbed\u00fcrfnisse erf\u00fcllen<br \/>\nProjekte je nach Verf\u00fcgbarkeit zuweisen<br \/>\nGeld sparen<br \/>\n<a href=\"https:\/\/teamdeck.io\/de\/projektleitung\/management-der-arbeitsbelastung-des-teams\/\">Arbeitsbelastung bew\u00e4ltigen<\/a><br \/>\n<a href=\"https:\/\/teamdeck.io\/de\/projektleitung\/wie-man-burnout-bei-mitarbeitern-vermeiden-kann\/\">Burnout von Mitarbeitern vermeiden<\/a><\/p>\n\n\t\t<\/div>\n\t<\/div>\n<\/div><\/div><\/div><div class=\"wpb_column vc_column_container text-left vc_col-sm-4 padding-default bgv-default bgh-default halign-default\"><div class=\"vc_column-inner\"><div class=\"wpb_wrapper\">\n\t<div class=\"wpb_text_column wpb_content_element\" >\n\t\t<div class=\"wpb_wrapper\">\n\t\t\t<h3 style=\"text-align: center;\"><span class=\"text-title column-title\">Verwaltung des Urlaubs:<\/span><\/h3>\n<p style=\"text-align: center;\">Kosten senken<br \/>\nFehler beseitigen<br \/>\nfundierte Entscheidungen treffen<br \/>\nineffiziente Kommunikation beseitigen<br \/>\n<a href=\"https:\/\/teamdeck.io\/de\/hr\/effiziente-verfolgung-der-abwesenheit\/\">Abwesenheiten und freie Tage verfolgen<\/a><\/p>\n\n\t\t<\/div>\n\t<\/div>\n<\/div><\/div><\/div><\/div><div data-vc-full-width=\"true\" data-vc-full-width-init=\"false\" class=\"vc_row wpb_row vc_row-fluid redl-row-section footer-message-row vc_custom_1574170946244 vc_row-has-fill vc_row-o-equal-height vc_row-o-content-middle vc_row-flex padding-medium bgv-default bgh-default halign-center\"><div class=\"wpb_column vc_column_container text-center vc_col-sm-12 vc_col-lg-8 vc_col-md-9 padding-default bgv-default bgh-default halign-default\"><div class=\"vc_column-inner vc_custom_1574338100280\"><div class=\"wpb_wrapper\">\n\t<div class=\"wpb_text_column wpb_content_element  vc_custom_1583774611383 footer-message-title\" >\n\t\t<div class=\"wpb_wrapper\">\n\t\t\t<p style=\"text-align: center;\">Sie k\u00f6nnen alles haben.<br \/>\nEin Plan, alle Funktionen, Festpreis:<br \/>\n$3.99 \/ Vollmitglied \/ Monat<\/p>\n\n\t\t<\/div>\n\t<\/div>\n<\/div><\/div><\/div><\/div><div class=\"vc_row-full-width vc_clearfix\"><\/div><div class=\"vc_row wpb_row vc_row-fluid redl-row-section padding-default bgv-default bgh-default halign-default\"><div class=\"wpb_column vc_column_container text-left vc_col-sm-12 padding-default bgv-default bgh-default halign-default\"><div class=\"vc_column-inner\"><div class=\"wpb_wrapper\"><div class=\"pricing__container pricing-calculator\">\n\t<div class=\"pricing\">\n\t\t<div class=\"pricing__row pricing__main clearfix\">\n\t\t\t<div class=\"pricing__image-container\">\n\t\t\t\t<img decoding=\"async\" src=\"https:\/\/teamdeck.io\/wp-content\/themes\/teamdeck\/assets\/images\/pricing-startup.png\" alt=\"\" class=\"pricing__image pricing__image--startup\">\n\t\t\t\t<img decoding=\"async\" src=\"https:\/\/teamdeck.io\/wp-content\/themes\/teamdeck\/assets\/images\/pricing-business.png\" alt=\"\" class=\"pricing__image pricing__image--business visibility-hidden\">\n\t\t\t\t<img decoding=\"async\" src=\"https:\/\/teamdeck.io\/wp-content\/themes\/teamdeck\/assets\/images\/pricing-enterprise.png\" alt=\"\" class=\"pricing__image pricing__image--enterprise visibility-hidden\">\n\t\t\t<\/div>\n\t\t\t<div class=\"pricing__content-container\">\n\t\t\t\t<div class=\"pricing__slider-container pricing__slider-container--members\">\n\t\t\t\t\t<span class=\"pricing__slider-min-label\">1<\/span>\n\t\t\t\t\t<input type=\"range\" data-type=\"members\" class=\"pricing__range input--range\" value=\"1\" step=\"1\" min=\"1\" max=\"300\">\n\t\t\t\t\t<div class=\"pricing__slider-track\">\n\t\t\t\t\t\t<div class=\"pricing__slider-track--active\" style=\"max-width: 1%\"><\/div>\n\t\t\t\t\t<\/div>\n\t\t\t\t\t<span class=\"pricing__slider-max-label\">300+<\/span>\n\t\t\t\t<\/div>\n\t\t\t\t<div class=\"pricing__text-row pricing__text-row--members\">\n\t\t\t\t\t\t\t\t\t\t<span class=\"pricing__text pricing__text--slider pricing--mobile\">Ich habe <strong><span class=\"pricing__members-amount\">1<\/span> Teammitglieder<\/strong> auf dem Schiff<\/span>\n\t\t\t\t\t<span class=\"pricing__text pricing__text--desktop\">Wie viele Personen haben Sie an Bord?<\/span>\n\t\t\t\t\t<input type=\"number\" class=\"pricing__input pricing__members\" value=\"1\" min=\"1\" max=\"300\">\n\t\t\t\t\t<div class=\"pricing__text-hint-container\">\n\t\t\t\t\t\t<strong class=\"pricing__text pricing__text--desktop pricing__text--bold\">Teammitglieder<\/strong>\n\t\t\t\t\t\t\t\t\t\t\t\t<div class=\"pricing__hint\"><div class=\"pricing__hint-text\">Voller Zugriff auf die App, empfohlen f\u00fcr Manager und Mitarbeiter - 3.99$<\/div>?<\/div>\n\t\t\t\t\t<\/div>\n\t\t\t\t<\/div>\n\t\t\t\t<div class=\"pricing__text-row pricing__text-row--resources\">\n\t\t\t\t\t\t\t\t\t\t<span class=\"pricing__text pricing__text--slider pricing--mobile\">...und <strong><span class=\"pricing__resources-amount\">0<\/span> grundlegende Ressourcen<\/strong><\/span>\n\n\t\t\t\t\t<span class=\"pricing__text pricing__text--desktop\">Sie k\u00f6nnen auch Folgendes hinzuf\u00fcgen<\/span>\n\t\t\t\t\t<input type=\"number\" class=\"pricing__input pricing__resources\" value=\"0\" min=\"0\">\n\t\t\t\t\t<div class=\"pricing__text-hint-container\">\n\t\t\t\t\t\t<strong class=\"pricing__text pricing__text--desktop pricing__text--bold\">grundlegende Ressourcen<\/strong>\n\t\t\t\t\t\t\t\t\t\t\t\t<div class=\"pricing__hint\"><div class=\"pricing__hint-text\">Kein Zugang zur App, aufgef\u00fchrt in Ressourcenkalendern und Stundenzetteln - $1<\/div>?<\/div>\n\t\t\t\t\t<\/div>\n\t\t\t\t<\/div>\n\t\t\t\t<div class=\"pricing__slider-container pricing__slider-container--mobile pricing__slider-container--resources\">\n\t\t\t\t\t<span class=\"pricing__slider-min-label\">0<\/span>\n\t\t\t\t\t<input type=\"range\" data-type=\"resources\" class=\"pricing__range-resources input--range\" value=\"0\" step=\"1\" min=\"0\" max=\"300\">\n\t\t\t\t\t<div class=\"pricing__slider-track\">\n\t\t\t\t\t\t<div class=\"pricing__slider-track-resources--active\" style=\"max-width: 1%\"><\/div>\n\t\t\t\t\t<\/div>\n\t\t\t\t\t<span class=\"pricing__slider-max-label\">300+<\/span>\n\t\t\t\t<\/div>\n\t\t\t\t<div class=\"pricing__text-row pricing__text-row--plan\">\n\t\t\t\t\t<span class=\"pricing__text\">\n\t\t\t\t\tMein Plan: <span class=\"pricing__plan\" data-startup-label=\"Startup plan\" data-business-label=\"Business plan\">Startup-Plan<\/span> f\u00fcr <span class=\"pricing__price\">$<span class=\"pricing__price-value\">0.00<\/span><span class=\"pricing__price-time\">\/mo<\/span><\/span><br class=\"pricing__br\"> <span class=\"pricing__plan-text\" data-startup-message=\"free up to 2 team members\" data-business-message=\"7-day free trial, no credit card required\">bis zu 6 Teammitglieder frei<span>\t\t\t\t\t<\/span>\n\t\t\t\t<\/div>\n\t\t\t\t<div class=\"pricing__text-row pricing__text-row--enterprise hidden\">\n\t\t\t\t\t<span class=\"pricing__text\">Sie brauchen einen gr\u00f6\u00dferen Plan? Kontaktieren Sie uns und sprechen Sie \u00fcber <strong>Unternehmensoptionen!<\/strong><\/span>\n\t\t\t\t<\/div>\n\t\t\t<\/div>\n\t\t<\/div>\n\t\t<div class=\"pricing__row pricing__row--center pricing__row--button clearfix\">\n\t\t\t<div class=\"pricing__individual hidden\">\n\t\t\t\t<a href=\"mailto:contact@teamdeck.io?subject=Enterprise Pricing\" class=\"pricing-mail pricing__button redl-btn redl-btn-medium redl-btn-two\">Kontakt<\/a>\n\t\t\t\t<small class=\"pricing__individual-text\">Wir stellen einen individuellen Plan auf<\/small>\n\t\t\t<\/div>\n\t\t<\/div>\n\t<\/div>\n<\/div>\n<\/div><\/div><\/div><\/div><div class=\"vc_row wpb_row vc_row-fluid redl-row-section padding-default bgv-default bgh-default halign-default\"><div class=\"wpb_column vc_column_container text-left vc_col-sm-12 padding-default bgv-default bgh-default halign-default\"><div class=\"vc_column-inner vc_custom_1583774752686\"><div class=\"wpb_wrapper\"><form class=\"get-started-form\" action=\"\">\n  <div class=\"get-started-form__input-wrapper\">\n    <input class=\"get-started-form__input\" placeholder=\"Geben Sie Ihre gesch\u00e4ftliche E-Mail ein\" \/>\n  <\/div>\n  <button type=\"submit\" class=\"get-started-form__button\">\n    <span class=\"get-started-form__button-text\">14 Tage kostenlos testen<\/>\n  <\/button>\n  <button class=\"get-started-form__button\">\n    <span class=\"get-started-form__button-text\">Ung\u00fcltige E-Mail<\/>\n  <\/button>\n<input type=\"hidden\" name=\"trp-form-language\" value=\"de\"\/><\/form>\n<\/div><\/div><\/div><\/div>","protected":false},"excerpt":{"rendered":"Alles dreht sich um den Nutzen Teamdeck ist ein komplettes Ressourcenmanagement-Tool. Erfahren Sie, wie Zeiterfassung, Ressourcenzuweisung und Urlaubsverwaltung Ihrem Unternehmen helfen: Buchen Sie ein Meeting Zeiterfassung: Berechnen Sie die Gehaltsabrechnung anhand von Zeiterfassungsb\u00f6gen...","protected":false},"author":17,"featured_media":0,"parent":0,"menu_order":0,"comment_status":"closed","ping_status":"closed","template":"","meta":{"footnotes":""},"class_list":["post-5727","page","type-page","status-publish","hentry"],"yoast_head":"<!-- This site is optimized with the Yoast SEO Premium plugin v23.8 (Yoast SEO v24.3) - https:\/\/yoast.com\/wordpress\/plugins\/seo\/ -->\n<title>Benefits - Teamdeck<\/title>\n<meta name=\"robots\" content=\"index, follow, max-snippet:-1, max-image-preview:large, max-video-preview:-1\" \/>\n<link rel=\"canonical\" href=\"https:\/\/teamdeck.io\/de\/vorteile\/\" \/>\n<meta property=\"og:locale\" content=\"de_DE\" \/>\n<meta property=\"og:type\" content=\"article\" \/>\n<meta property=\"og:title\" content=\"Benefits\" \/>\n<meta property=\"og:url\" content=\"https:\/\/teamdeck.io\/de\/vorteile\/\" \/>\n<meta property=\"og:site_name\" content=\"Teamdeck\" \/>\n<meta property=\"article:publisher\" content=\"https:\/\/www.facebook.com\/helloteamdeck\" \/>\n<meta property=\"article:modified_time\" content=\"2021-08-30T09:40:59+00:00\" \/>\n<meta property=\"og:image\" content=\"https:\/\/teamdeck.io\/wp-content\/uploads\/2020\/02\/big-team.png\" \/>\n<meta name=\"twitter:card\" content=\"summary_large_image\" \/>\n<meta name=\"twitter:site\" content=\"@helloteamdeck\" \/>\n<meta name=\"twitter:label1\" content=\"Est. reading time\" \/>\n\t<meta name=\"twitter:data1\" content=\"1 minute\" \/>\n<script type=\"application\/ld+json\" class=\"yoast-schema-graph\">{\"@context\":\"https:\/\/schema.org\",\"@graph\":[{\"@type\":\"WebPage\",\"@id\":\"https:\/\/teamdeck.io\/benefits\/\",\"url\":\"https:\/\/teamdeck.io\/benefits\/\",\"name\":\"Benefits - Teamdeck\",\"isPartOf\":{\"@id\":\"https:\/\/teamdeck.io\/#website\"},\"primaryImageOfPage\":{\"@id\":\"https:\/\/teamdeck.io\/benefits\/#primaryimage\"},\"image\":{\"@id\":\"https:\/\/teamdeck.io\/benefits\/#primaryimage\"},\"thumbnailUrl\":\"https:\/\/teamdeck.io\/wp-content\/uploads\/2020\/02\/big-team.png\",\"datePublished\":\"2020-03-10T11:14:26+00:00\",\"dateModified\":\"2021-08-30T09:40:59+00:00\",\"breadcrumb\":{\"@id\":\"https:\/\/teamdeck.io\/benefits\/#breadcrumb\"},\"inLanguage\":\"de-DE\",\"potentialAction\":[{\"@type\":\"ReadAction\",\"target\":[\"https:\/\/teamdeck.io\/benefits\/\"]}]},{\"@type\":\"ImageObject\",\"inLanguage\":\"de-DE\",\"@id\":\"https:\/\/teamdeck.io\/benefits\/#primaryimage\",\"url\":\"https:\/\/teamdeck.io\/wp-content\/uploads\/2020\/02\/big-team.png\",\"contentUrl\":\"https:\/\/teamdeck.io\/wp-content\/uploads\/2020\/02\/big-team.png\"},{\"@type\":\"BreadcrumbList\",\"@id\":\"https:\/\/teamdeck.io\/benefits\/#breadcrumb\",\"itemListElement\":[{\"@type\":\"ListItem\",\"position\":1,\"name\":\"Home\",\"item\":\"https:\/\/teamdeck.io\/\"},{\"@type\":\"ListItem\",\"position\":2,\"name\":\"Benefits\"}]},{\"@type\":\"WebSite\",\"@id\":\"https:\/\/teamdeck.io\/#website\",\"url\":\"https:\/\/teamdeck.io\/\",\"name\":\"Teamdeck\",\"description\":\"resource scheduling + time tracking + leave management\",\"potentialAction\":[{\"@type\":\"SearchAction\",\"target\":{\"@type\":\"EntryPoint\",\"urlTemplate\":\"https:\/\/teamdeck.io\/?s={search_term_string}\"},\"query-input\":{\"@type\":\"PropertyValueSpecification\",\"valueRequired\":true,\"valueName\":\"search_term_string\"}}],\"inLanguage\":\"de-DE\"}]}<\/script>\n<!-- \/ Yoast SEO Premium plugin. -->","yoast_head_json":{"title":"Benefits - Teamdeck","robots":{"index":"index","follow":"follow","max-snippet":"max-snippet:-1","max-image-preview":"max-image-preview:large","max-video-preview":"max-video-preview:-1"},"canonical":"https:\/\/teamdeck.io\/de\/vorteile\/","og_locale":"de_DE","og_type":"article","og_title":"Benefits","og_url":"https:\/\/teamdeck.io\/de\/vorteile\/","og_site_name":"Teamdeck","article_publisher":"https:\/\/www.facebook.com\/helloteamdeck","article_modified_time":"2021-08-30T09:40:59+00:00","og_image":[{"url":"https:\/\/teamdeck.io\/wp-content\/uploads\/2020\/02\/big-team.png","type":"","width":"","height":""}],"twitter_card":"summary_large_image","twitter_site":"@helloteamdeck","twitter_misc":{"Est. reading time":"1 minute"},"schema":{"@context":"https:\/\/schema.org","@graph":[{"@type":"WebPage","@id":"https:\/\/teamdeck.io\/benefits\/","url":"https:\/\/teamdeck.io\/benefits\/","name":"Benefits - Teamdeck","isPartOf":{"@id":"https:\/\/teamdeck.io\/#website"},"primaryImageOfPage":{"@id":"https:\/\/teamdeck.io\/benefits\/#primaryimage"},"image":{"@id":"https:\/\/teamdeck.io\/benefits\/#primaryimage"},"thumbnailUrl":"https:\/\/teamdeck.io\/wp-content\/uploads\/2020\/02\/big-team.png","datePublished":"2020-03-10T11:14:26+00:00","dateModified":"2021-08-30T09:40:59+00:00","breadcrumb":{"@id":"https:\/\/teamdeck.io\/benefits\/#breadcrumb"},"inLanguage":"de-DE","potentialAction":[{"@type":"ReadAction","target":["https:\/\/teamdeck.io\/benefits\/"]}]},{"@type":"ImageObject","inLanguage":"de-DE","@id":"https:\/\/teamdeck.io\/benefits\/#primaryimage","url":"https:\/\/teamdeck.io\/wp-content\/uploads\/2020\/02\/big-team.png","contentUrl":"https:\/\/teamdeck.io\/wp-content\/uploads\/2020\/02\/big-team.png"},{"@type":"BreadcrumbList","@id":"https:\/\/teamdeck.io\/benefits\/#breadcrumb","itemListElement":[{"@type":"ListItem","position":1,"name":"Home","item":"https:\/\/teamdeck.io\/"},{"@type":"ListItem","position":2,"name":"Benefits"}]},{"@type":"WebSite","@id":"https:\/\/teamdeck.io\/#website","url":"https:\/\/teamdeck.io\/","name":"Teamdeck","description":"resource scheduling + time tracking + leave management","potentialAction":[{"@type":"SearchAction","target":{"@type":"EntryPoint","urlTemplate":"https:\/\/teamdeck.io\/?s={search_term_string}"},"query-input":{"@type":"PropertyValueSpecification","valueRequired":true,"valueName":"search_term_string"}}],"inLanguage":"de-DE"}]}},"_links":{"self":[{"href":"https:\/\/teamdeck.io\/de\/wp-json\/wp\/v2\/pages\/5727","targetHints":{"allow":["GET"]}}],"collection":[{"href":"https:\/\/teamdeck.io\/de\/wp-json\/wp\/v2\/pages"}],"about":[{"href":"https:\/\/teamdeck.io\/de\/wp-json\/wp\/v2\/types\/page"}],"author":[{"embeddable":true,"href":"https:\/\/teamdeck.io\/de\/wp-json\/wp\/v2\/users\/17"}],"replies":[{"embeddable":true,"href":"https:\/\/teamdeck.io\/de\/wp-json\/wp\/v2\/comments?post=5727"}],"version-history":[{"count":12,"href":"https:\/\/teamdeck.io\/de\/wp-json\/wp\/v2\/pages\/5727\/revisions"}],"predecessor-version":[{"id":7722,"href":"https:\/\/teamdeck.io\/de\/wp-json\/wp\/v2\/pages\/5727\/revisions\/7722"}],"wp:attachment":[{"href":"https:\/\/teamdeck.io\/de\/wp-json\/wp\/v2\/media?parent=5727"}],"curies":[{"name":"wp","href":"https:\/\/api.w.org\/{rel}","templated":true}]}}