{"id":4737,"date":"2019-03-15T17:18:43","date_gmt":"2019-03-15T15:18:43","guid":{"rendered":"https:\/\/teamdeck.io\/?page_id=4737"},"modified":"2022-03-02T19:59:45","modified_gmt":"2022-03-02T17:59:45","slug":"employee-payroll-report-template","status":"publish","type":"page","link":"https:\/\/teamdeck.io\/de\/merkmale\/berichterstattung\/mitarbeiter-lohnabrechnungsbericht-vorlage\/","title":{"rendered":"Mitarbeiter Lohnabrechnung Bericht Vorlage"},"content":{"rendered":"<div data-vc-full-width=\"true\" data-vc-full-width-init=\"false\" class=\"vc_row wpb_row vc_row-fluid redl-row-section vc_custom_1551262861481 vc_row-has-fill vc_row-o-content-middle vc_row-flex padding-default bgv-default bgh-default halign-center\"><div class=\"wpb_column vc_column_container text-left vc_col-sm-12 padding-default bgv-default bgh-default halign-center\"><div class=\"vc_column-inner\"><div class=\"wpb_wrapper\">\n\t<div class=\"wpb_text_column wpb_content_element\" >\n\t\t<div class=\"wpb_wrapper\">\n\t\t\t<h1 style=\"text-align: center;\">Mitarbeiter Lohnabrechnung Bericht Vorlage<\/h1>\n\n\t\t<\/div>\n\t<\/div>\n<\/div><\/div><\/div><\/div><div class=\"vc_row-full-width vc_clearfix\"><\/div><div class=\"vc_row wpb_row vc_row-fluid redl-row-section padding-default bgv-default bgh-default halign-default\"><div class=\"wpb_column vc_column_container text-center vc_col-sm-12 padding-default bgv-default bgh-default halign-default\"><div class=\"vc_column-inner\"><div class=\"wpb_wrapper\">\n\t<div  class=\"wpb_single_image wpb_content_element vc_align_center\">\n\t\t\n\t\t<figure class=\"wpb_wrapper vc_figure\">\n\t\t\t<div class=\"vc_single_image-wrapper   vc_box_border_grey\"><img loading=\"lazy\" decoding=\"async\" width=\"2400\" height=\"874\" src=\"https:\/\/cdn.teamdeck.io\/uploads\/website\/2022\/03\/02200002\/Employee-payroll-template.jpeg\" class=\"vc_single_image-img attachment-full\" alt=\"\" \/><\/div><figcaption class=\"vc_figure-caption\">Vorlage f\u00fcr Gehaltsabrechnungsbericht<\/figcaption>\n\t\t<\/figure>\n\t<\/div>\n<\/div><\/div><\/div><\/div><div class=\"vc_row wpb_row vc_row-fluid redl-row-section padding-medium bgv-default bgh-default halign-default\"><div class=\"wpb_column vc_column_container text-center vc_col-sm-12 padding-default bgv-default bgh-default halign-default\"><div class=\"vc_column-inner\"><div class=\"wpb_wrapper\">\n\t<div class=\"wpb_text_column wpb_content_element\" >\n\t\t<div class=\"wpb_wrapper\">\n\t\t\t<p style=\"text-align: justify;\"><span style=\"font-size: 18px;\">Die Vorlage f\u00fcr den Gehaltsabrechnungsbericht ist eine gro\u00dfe Zeitersparnis f\u00fcr Arbeitnehmer, die ihre Mitarbeiter auf der Grundlage ihrer Stundenzettel abrechnen. Aber auch Unternehmen mit festen Monatsl\u00f6hnen k\u00f6nnen von dieser Art von Bericht profitieren. Eine Idee w\u00e4re, die nicht fakturierbaren Stunden zu verfolgen und wie sie sich auf die Gehaltsabrechnung auswirken. <\/span><\/p>\n\n\t\t<\/div>\n\t<\/div>\n<\/div><\/div><\/div><\/div><div class=\"vc_row wpb_row vc_row-fluid redl-row-section padding-default bgv-default bgh-default halign-default\"><div class=\"wpb_column vc_column_container text-left vc_col-sm-12 padding-default bgv-default bgh-default halign-default\"><div class=\"vc_column-inner\"><div class=\"wpb_wrapper\">\n\t<div class=\"wpb_text_column wpb_content_element\" >\n\t\t<div class=\"wpb_wrapper\">\n\t\t\t\n\t\t<\/div>\n\t<\/div>\n<\/div><\/div><\/div><\/div><div data-vc-full-width=\"true\" data-vc-full-width-init=\"false\" class=\"vc_row wpb_row vc_row-fluid redl-row-section feature-row vc_custom_1504100630814 vc_row-o-equal-height vc_row-o-content-middle vc_row-flex padding-medium bgv-default bgh-default halign-center\"><div class=\"feature-image wpb_column vc_column_container text-left vc_col-sm-7 vc_col-lg-6 vc_col-md-7 padding-default bgv-default bgh-default halign-default\"><div class=\"vc_column-inner\"><div class=\"wpb_wrapper\">\n\t<div class=\"wpb_text_column wpb_content_element\" >\n\t\t<div class=\"wpb_wrapper\">\n\t\t\t<figure id=\"attachment_4793\" aria-describedby=\"caption-attachment-4793\" style=\"width: 500px\" class=\"wp-caption alignnone\"><img loading=\"lazy\" decoding=\"async\" class=\"wp-image-4793\" src=\"https:\/\/cdn.teamdeck.io\/uploads\/website\/2019\/03\/15111225\/Screen-Shot-2019-03-15-at-10.09.58-300x192.png\" alt=\"Erstellung von Gehaltsabrechnungsberichten auf der Grundlage von Stundenzetteln und Freizeitberichten\" width=\"500\" height=\"320\" srcset=\"https:\/\/cdn.teamdeck.io\/uploads\/website\/2019\/03\/15111225\/Screen-Shot-2019-03-15-at-10.09.58-300x192.png 300w, https:\/\/cdn.teamdeck.io\/uploads\/website\/2019\/03\/15111225\/Screen-Shot-2019-03-15-at-10.09.58-768x492.png 768w, https:\/\/cdn.teamdeck.io\/uploads\/website\/2019\/03\/15111225\/Screen-Shot-2019-03-15-at-10.09.58-960x614.png 960w, https:\/\/cdn.teamdeck.io\/uploads\/website\/2019\/03\/15111225\/Screen-Shot-2019-03-15-at-10.09.58.png 1028w\" sizes=\"auto, (max-width: 500px) 100vw, 500px\" \/><figcaption id=\"caption-attachment-4793\" class=\"wp-caption-text\">Zeiterfassungsb\u00f6gen vs. Freizeit<\/figcaption><\/figure>\n\n\t\t<\/div>\n\t<\/div>\n<\/div><\/div><\/div><div class=\"feature-info wpb_column vc_column_container text-left vc_col-sm-5 vc_col-lg-4 padding-small bgv-default bgh-default halign-default\"><div class=\"vc_column-inner\"><div class=\"wpb_wrapper\">\n\t<div class=\"wpb_text_column wpb_content_element\" >\n\t\t<div class=\"wpb_wrapper\">\n\t\t\t<h2><span class=\"text-title\"><strong>Zeiterfassungsb\u00f6gen vs. Freizeit<\/strong> <\/span><\/h2>\n<p style=\"text-align: justify;\">Eine visuelle Aufschl\u00fcsselung der Zeit Ihres Teams: geplante Arbeitsstunden gegen\u00fcber erfassten Arbeitsstunden sowie Urlaub. Dank dieses Diagramms k\u00f6nnen Sie Mitarbeiter mit vielen \u00dcberstunden oder Mitarbeiter, die weniger Zeit erfasst haben, als f\u00fcr sie vorgesehen war, erkennen.<\/p>\n\n\t\t<\/div>\n\t<\/div>\n<\/div><\/div><\/div><\/div><div class=\"vc_row-full-width vc_clearfix\"><\/div><div data-vc-full-width=\"true\" data-vc-full-width-init=\"false\" class=\"vc_row wpb_row vc_row-fluid redl-row-section feature-row vc_custom_1504100661321 vc_row-o-equal-height vc_row-o-content-middle vc_row-flex padding-medium bgv-default bgh-default halign-center\"><div class=\"feature-info wpb_column vc_column_container text-left vc_col-sm-5 vc_col-lg-4 padding-small bgv-default bgh-default halign-default\"><div class=\"vc_column-inner\"><div class=\"wpb_wrapper\">\n\t<div class=\"wpb_text_column wpb_content_element\" >\n\t\t<div class=\"wpb_wrapper\">\n\t\t\t<h2><strong><span class=\"text-title\">Gehaltsabrechnung<\/span><\/strong><\/h2>\n<p style=\"text-align: justify;\">In dieser Tabelle k\u00f6nnen Sie ganz einfach die Gehaltsabrechnung f\u00fcr jeden Ihrer Mitarbeiter berechnen.<br \/>\nSie m\u00fcssen lediglich die Stundens\u00e4tze in eine der Spalten eintragen (einfach eintippen, wie in einer Tabellenkalkulation).<br \/>\nDie Lohn- und Gehaltsabrechnung wird auf der Grundlage der Zeiterfassung und des Urlaubs der Mitarbeiter berechnet, daher sollten Sie pr\u00fcfen, ob die Formel auf die Richtlinien Ihres Unternehmens anwendbar ist. Sie ist bearbeitbar, sodass Sie sie an Ihre Bed\u00fcrfnisse anpassen k\u00f6nnen.<\/p>\n\n\t\t<\/div>\n\t<\/div>\n<\/div><\/div><\/div><div class=\"feature-image wpb_column vc_column_container text-left vc_col-sm-7 vc_col-lg-6 padding-default bgv-default bgh-default halign-default\"><div class=\"vc_column-inner\"><div class=\"wpb_wrapper\">\n\t<div class=\"wpb_text_column wpb_content_element\" >\n\t\t<div class=\"wpb_wrapper\">\n\t\t\t<figure id=\"attachment_4792\" aria-describedby=\"caption-attachment-4792\" style=\"width: 500px\" class=\"wp-caption alignnone\"><img loading=\"lazy\" decoding=\"async\" class=\"wp-image-4792\" src=\"https:\/\/cdn.teamdeck.io\/uploads\/website\/2019\/03\/15111222\/Screen-Shot-2019-03-15-at-10.11.36-300x195.png\" alt=\"Lohnabrechnungsberichte mit ausgezahlten L\u00f6hnen\" width=\"500\" height=\"325\" srcset=\"https:\/\/cdn.teamdeck.io\/uploads\/website\/2019\/03\/15111222\/Screen-Shot-2019-03-15-at-10.11.36-300x195.png 300w, https:\/\/cdn.teamdeck.io\/uploads\/website\/2019\/03\/15111222\/Screen-Shot-2019-03-15-at-10.11.36-768x500.png 768w, https:\/\/cdn.teamdeck.io\/uploads\/website\/2019\/03\/15111222\/Screen-Shot-2019-03-15-at-10.11.36-960x625.png 960w, https:\/\/cdn.teamdeck.io\/uploads\/website\/2019\/03\/15111222\/Screen-Shot-2019-03-15-at-10.11.36.png 1106w\" sizes=\"auto, (max-width: 500px) 100vw, 500px\" \/><figcaption id=\"caption-attachment-4792\" class=\"wp-caption-text\">Gehaltsabrechnung<\/figcaption><\/figure>\n\n\t\t<\/div>\n\t<\/div>\n<\/div><\/div><\/div><\/div><div class=\"vc_row-full-width vc_clearfix\"><\/div><div class=\"vc_row wpb_row vc_row-fluid redl-row-section padding-default bgv-default bgh-default halign-default\"><div class=\"wpb_column vc_column_container text-left vc_col-sm-12 padding-default bgv-default bgh-default halign-default\"><div class=\"vc_column-inner\"><div class=\"wpb_wrapper\">\n\t<div class=\"wpb_text_column wpb_content_element\" >\n\t\t<div class=\"wpb_wrapper\">\n\t\t\t\n\t\t<\/div>\n\t<\/div>\n<\/div><\/div><\/div><\/div><div class=\"vc_row wpb_row vc_row-fluid redl-row-section vc_custom_1551186799735 padding-small bgv-default bgh-default halign-center\"><div class=\"wpb_column vc_column_container text-left vc_col-sm-12 padding-default bgv-default bgh-default halign-default\"><div class=\"vc_column-inner\"><div class=\"wpb_wrapper\">\n\t<div class=\"wpb_text_column wpb_content_element\" >\n\t\t<div class=\"wpb_wrapper\">\n\t\t\t<p><span style=\"font-size: 18px;\">Die Vorlage f\u00fcr den Gehaltsabrechnungsbericht ist, wie alle Berichte in Teamdeck, <strong>vollst\u00e4ndig editierbar<\/strong>. Sie k\u00f6nnen verschiedene Berechnungsformeln f\u00fcr die Gehaltsabrechnung hinzuf\u00fcgen oder die Art und Weise \u00e4ndern, wie der Bericht \u00fcber die Gehaltsabrechnung dargestellt wird.<\/span><\/p>\n<p><strong>Siehe ein Beispiel f\u00fcr eine <a href=\"https:\/\/app.teamdeck.io\/reports\/2eea5a6defe16ec56dbd3a74eb9d1e575c863aa945c425c863aa945ced\">Mitarbeiter-Lohnabrechnungsbericht<\/a>.<\/strong><\/p>\n\n\t\t<\/div>\n\t<\/div>\n<div class=\"vc_empty_space\"   style=\"height: 32px\" ><span class=\"vc_empty_space_inner\"><\/span><\/div>\n<\/div><\/div><\/div><\/div><div data-vc-full-width=\"true\" data-vc-full-width-init=\"false\" class=\"vc_row wpb_row vc_row-fluid redl-row-section footer-message-row vc_custom_1502964176474 vc_row-has-fill vc_row-o-equal-height vc_row-flex padding-medium bgv-default bgh-default halign-default\"><div class=\"wpb_column vc_column_container text-center vc_col-sm-12 vc_col-lg-8 vc_col-md-9 padding-default bgv-default bgh-default halign-center\"><div class=\"vc_column-inner\"><div class=\"wpb_wrapper\">\n\t<div class=\"wpb_text_column wpb_content_element\" >\n\t\t<div class=\"wpb_wrapper\">\n\t\t\t<h2 style=\"text-align: center;\"><strong><span class=\"message\">Die Vorlage f\u00fcr den Gehaltsabrechnungsbericht ist als Teil der Teamdeck-Berichtsfunktion verf\u00fcgbar. Probieren Sie unser <a href=\"https:\/\/teamdeck.io\/de\/\">Ressourcenplanungs-Software<\/a><\/span><\/strong><\/h2>\n\n\t\t<\/div>\n\t<\/div>\n<a class=\"redl-btn  redl-btn-border redl-btn-two  redl-btn-medium redl-btn-69d26fd2e309a btn-hover-one btn-icon-left signup-bottom\" href=\"https:\/\/app.teamdeck.io\/register?utm_source=reports\" target=\"_blank\">Kostenlose 30-Tage-Testversion anfordern<\/a><\/div><\/div><\/div><\/div><div class=\"vc_row-full-width vc_clearfix\"><\/div>","protected":false},"excerpt":{"rendered":"Vorlage f\u00fcr Gehaltsabrechnungsbericht Vorlage f\u00fcr Gehaltsabrechnungsbericht Die Vorlage f\u00fcr den Gehaltsabrechnungsbericht ist eine gro\u00dfe Zeitersparnis f\u00fcr Angestellte, die ihre Mitarbeiter auf der Grundlage ihrer Zeiterfassungsb\u00f6gen abrechnen. Auch Unternehmen mit festen Monatsl\u00f6hnen k\u00f6nnen von dieser Art der...","protected":false},"author":6,"featured_media":0,"parent":4695,"menu_order":0,"comment_status":"closed","ping_status":"closed","template":"","meta":{"footnotes":""},"class_list":["post-4737","page","type-page","status-publish","hentry"],"yoast_head":"<!-- This site is optimized with the Yoast SEO Premium plugin v23.8 (Yoast SEO v24.3) - https:\/\/yoast.com\/wordpress\/plugins\/seo\/ -->\n<title>Employee Payroll Report Template | Teamdeck.io - Resource Planning Software<\/title>\n<meta name=\"description\" content=\"Payroll report template is a great time-saver for employees who charge their employees based on their timesheets. Learn more about reports in Teamdeck.\" \/>\n<meta name=\"robots\" content=\"index, follow, max-snippet:-1, max-image-preview:large, max-video-preview:-1\" \/>\n<link rel=\"canonical\" href=\"https:\/\/teamdeck.io\/de\/merkmale\/berichterstattung\/mitarbeiter-lohnabrechnungsbericht-vorlage\/\" \/>\n<meta property=\"og:locale\" content=\"de_DE\" \/>\n<meta property=\"og:type\" content=\"article\" \/>\n<meta property=\"og:title\" content=\"Employee Payroll Report Template\" \/>\n<meta property=\"og:description\" content=\"Payroll report template is a great time-saver for employees who charge their employees based on their timesheets. Learn more about reports in Teamdeck.\" \/>\n<meta property=\"og:url\" content=\"https:\/\/teamdeck.io\/de\/merkmale\/berichterstattung\/mitarbeiter-lohnabrechnungsbericht-vorlage\/\" \/>\n<meta property=\"og:site_name\" content=\"Teamdeck\" \/>\n<meta property=\"article:publisher\" content=\"https:\/\/www.facebook.com\/helloteamdeck\" \/>\n<meta property=\"article:modified_time\" content=\"2022-03-02T17:59:45+00:00\" \/>\n<meta property=\"og:image\" content=\"https:\/\/teamdeck.io\/wp-content\/uploads\/2019\/03\/Screen-Shot-2019-03-15-at-10.09.58-300x192.png\" \/>\n<meta name=\"twitter:card\" content=\"summary_large_image\" \/>\n<meta name=\"twitter:site\" content=\"@helloteamdeck\" \/>\n<meta name=\"twitter:label1\" content=\"Est. reading time\" \/>\n\t<meta name=\"twitter:data1\" content=\"2 minutes\" \/>\n<script type=\"application\/ld+json\" class=\"yoast-schema-graph\">{\"@context\":\"https:\/\/schema.org\",\"@graph\":[{\"@type\":\"WebPage\",\"@id\":\"https:\/\/teamdeck.io\/features\/reporting\/employee-payroll-report-template\/\",\"url\":\"https:\/\/teamdeck.io\/features\/reporting\/employee-payroll-report-template\/\",\"name\":\"Employee Payroll Report Template | Teamdeck.io - Resource Planning Software\",\"isPartOf\":{\"@id\":\"https:\/\/teamdeck.io\/#website\"},\"primaryImageOfPage\":{\"@id\":\"https:\/\/teamdeck.io\/features\/reporting\/employee-payroll-report-template\/#primaryimage\"},\"image\":{\"@id\":\"https:\/\/teamdeck.io\/features\/reporting\/employee-payroll-report-template\/#primaryimage\"},\"thumbnailUrl\":\"https:\/\/teamdeck.io\/wp-content\/uploads\/2019\/03\/Screen-Shot-2019-03-15-at-10.09.58-300x192.png\",\"datePublished\":\"2019-03-15T15:18:43+00:00\",\"dateModified\":\"2022-03-02T17:59:45+00:00\",\"description\":\"Payroll report template is a great time-saver for employees who charge their employees based on their timesheets. Learn more about reports in Teamdeck.\",\"breadcrumb\":{\"@id\":\"https:\/\/teamdeck.io\/features\/reporting\/employee-payroll-report-template\/#breadcrumb\"},\"inLanguage\":\"de-DE\",\"potentialAction\":[{\"@type\":\"ReadAction\",\"target\":[\"https:\/\/teamdeck.io\/features\/reporting\/employee-payroll-report-template\/\"]}]},{\"@type\":\"ImageObject\",\"inLanguage\":\"de-DE\",\"@id\":\"https:\/\/teamdeck.io\/features\/reporting\/employee-payroll-report-template\/#primaryimage\",\"url\":\"https:\/\/teamdeck.io\/wp-content\/uploads\/2019\/03\/Screen-Shot-2019-03-15-at-10.09.58-300x192.png\",\"contentUrl\":\"https:\/\/teamdeck.io\/wp-content\/uploads\/2019\/03\/Screen-Shot-2019-03-15-at-10.09.58-300x192.png\"},{\"@type\":\"BreadcrumbList\",\"@id\":\"https:\/\/teamdeck.io\/features\/reporting\/employee-payroll-report-template\/#breadcrumb\",\"itemListElement\":[{\"@type\":\"ListItem\",\"position\":1,\"name\":\"Home\",\"item\":\"https:\/\/teamdeck.io\/\"},{\"@type\":\"ListItem\",\"position\":2,\"name\":\"Features\",\"item\":\"https:\/\/teamdeck.io\/features\/\"},{\"@type\":\"ListItem\",\"position\":3,\"name\":\"Custom reporting\",\"item\":\"https:\/\/teamdeck.io\/features\/reporting\/\"},{\"@type\":\"ListItem\",\"position\":4,\"name\":\"Employee Payroll Report Template\"}]},{\"@type\":\"WebSite\",\"@id\":\"https:\/\/teamdeck.io\/#website\",\"url\":\"https:\/\/teamdeck.io\/\",\"name\":\"Teamdeck\",\"description\":\"resource scheduling + time tracking + leave management\",\"potentialAction\":[{\"@type\":\"SearchAction\",\"target\":{\"@type\":\"EntryPoint\",\"urlTemplate\":\"https:\/\/teamdeck.io\/?s={search_term_string}\"},\"query-input\":{\"@type\":\"PropertyValueSpecification\",\"valueRequired\":true,\"valueName\":\"search_term_string\"}}],\"inLanguage\":\"de-DE\"}]}<\/script>\n<!-- \/ Yoast SEO Premium plugin. -->","yoast_head_json":{"title":"Employee Payroll Report Template | Teamdeck.io - Resource Planning Software","description":"Payroll report template is a great time-saver for employees who charge their employees based on their timesheets. Learn more about reports in Teamdeck.","robots":{"index":"index","follow":"follow","max-snippet":"max-snippet:-1","max-image-preview":"max-image-preview:large","max-video-preview":"max-video-preview:-1"},"canonical":"https:\/\/teamdeck.io\/de\/merkmale\/berichterstattung\/mitarbeiter-lohnabrechnungsbericht-vorlage\/","og_locale":"de_DE","og_type":"article","og_title":"Employee Payroll Report Template","og_description":"Payroll report template is a great time-saver for employees who charge their employees based on their timesheets. Learn more about reports in Teamdeck.","og_url":"https:\/\/teamdeck.io\/de\/merkmale\/berichterstattung\/mitarbeiter-lohnabrechnungsbericht-vorlage\/","og_site_name":"Teamdeck","article_publisher":"https:\/\/www.facebook.com\/helloteamdeck","article_modified_time":"2022-03-02T17:59:45+00:00","og_image":[{"url":"https:\/\/teamdeck.io\/wp-content\/uploads\/2019\/03\/Screen-Shot-2019-03-15-at-10.09.58-300x192.png","type":"","width":"","height":""}],"twitter_card":"summary_large_image","twitter_site":"@helloteamdeck","twitter_misc":{"Est. reading time":"2 minutes"},"schema":{"@context":"https:\/\/schema.org","@graph":[{"@type":"WebPage","@id":"https:\/\/teamdeck.io\/features\/reporting\/employee-payroll-report-template\/","url":"https:\/\/teamdeck.io\/features\/reporting\/employee-payroll-report-template\/","name":"Employee Payroll Report Template | Teamdeck.io - Resource Planning Software","isPartOf":{"@id":"https:\/\/teamdeck.io\/#website"},"primaryImageOfPage":{"@id":"https:\/\/teamdeck.io\/features\/reporting\/employee-payroll-report-template\/#primaryimage"},"image":{"@id":"https:\/\/teamdeck.io\/features\/reporting\/employee-payroll-report-template\/#primaryimage"},"thumbnailUrl":"https:\/\/teamdeck.io\/wp-content\/uploads\/2019\/03\/Screen-Shot-2019-03-15-at-10.09.58-300x192.png","datePublished":"2019-03-15T15:18:43+00:00","dateModified":"2022-03-02T17:59:45+00:00","description":"Payroll report template is a great time-saver for employees who charge their employees based on their timesheets. Learn more about reports in Teamdeck.","breadcrumb":{"@id":"https:\/\/teamdeck.io\/features\/reporting\/employee-payroll-report-template\/#breadcrumb"},"inLanguage":"de-DE","potentialAction":[{"@type":"ReadAction","target":["https:\/\/teamdeck.io\/features\/reporting\/employee-payroll-report-template\/"]}]},{"@type":"ImageObject","inLanguage":"de-DE","@id":"https:\/\/teamdeck.io\/features\/reporting\/employee-payroll-report-template\/#primaryimage","url":"https:\/\/teamdeck.io\/wp-content\/uploads\/2019\/03\/Screen-Shot-2019-03-15-at-10.09.58-300x192.png","contentUrl":"https:\/\/teamdeck.io\/wp-content\/uploads\/2019\/03\/Screen-Shot-2019-03-15-at-10.09.58-300x192.png"},{"@type":"BreadcrumbList","@id":"https:\/\/teamdeck.io\/features\/reporting\/employee-payroll-report-template\/#breadcrumb","itemListElement":[{"@type":"ListItem","position":1,"name":"Home","item":"https:\/\/teamdeck.io\/"},{"@type":"ListItem","position":2,"name":"Features","item":"https:\/\/teamdeck.io\/features\/"},{"@type":"ListItem","position":3,"name":"Custom reporting","item":"https:\/\/teamdeck.io\/features\/reporting\/"},{"@type":"ListItem","position":4,"name":"Employee Payroll Report Template"}]},{"@type":"WebSite","@id":"https:\/\/teamdeck.io\/#website","url":"https:\/\/teamdeck.io\/","name":"Teamdeck","description":"resource scheduling + time tracking + leave management","potentialAction":[{"@type":"SearchAction","target":{"@type":"EntryPoint","urlTemplate":"https:\/\/teamdeck.io\/?s={search_term_string}"},"query-input":{"@type":"PropertyValueSpecification","valueRequired":true,"valueName":"search_term_string"}}],"inLanguage":"de-DE"}]}},"_links":{"self":[{"href":"https:\/\/teamdeck.io\/de\/wp-json\/wp\/v2\/pages\/4737","targetHints":{"allow":["GET"]}}],"collection":[{"href":"https:\/\/teamdeck.io\/de\/wp-json\/wp\/v2\/pages"}],"about":[{"href":"https:\/\/teamdeck.io\/de\/wp-json\/wp\/v2\/types\/page"}],"author":[{"embeddable":true,"href":"https:\/\/teamdeck.io\/de\/wp-json\/wp\/v2\/users\/6"}],"replies":[{"embeddable":true,"href":"https:\/\/teamdeck.io\/de\/wp-json\/wp\/v2\/comments?post=4737"}],"version-history":[{"count":12,"href":"https:\/\/teamdeck.io\/de\/wp-json\/wp\/v2\/pages\/4737\/revisions"}],"predecessor-version":[{"id":9508,"href":"https:\/\/teamdeck.io\/de\/wp-json\/wp\/v2\/pages\/4737\/revisions\/9508"}],"up":[{"embeddable":true,"href":"https:\/\/teamdeck.io\/de\/wp-json\/wp\/v2\/pages\/4695"}],"wp:attachment":[{"href":"https:\/\/teamdeck.io\/de\/wp-json\/wp\/v2\/media?parent=4737"}],"curies":[{"name":"wp","href":"https:\/\/api.w.org\/{rel}","templated":true}]}}