{"id":4731,"date":"2019-03-15T17:22:09","date_gmt":"2019-03-15T15:22:09","guid":{"rendered":"https:\/\/teamdeck.io\/?page_id=4731"},"modified":"2021-12-16T19:53:52","modified_gmt":"2021-12-16T17:53:52","slug":"project-budget-report-template","status":"publish","type":"page","link":"https:\/\/teamdeck.io\/de\/merkmale\/berichterstattung\/vorlage-fur-einen-projektbudgetbericht\/","title":{"rendered":"Projektbudget-Berichtsvorlage"},"content":{"rendered":"<div data-vc-full-width=\"true\" data-vc-full-width-init=\"false\" class=\"vc_row wpb_row vc_row-fluid redl-row-section vc_custom_1551262861481 vc_row-has-fill vc_row-o-content-middle vc_row-flex padding-default bgv-default bgh-default halign-center\"><div class=\"wpb_column vc_column_container text-left vc_col-sm-12 padding-default bgv-default bgh-default halign-center\"><div class=\"vc_column-inner\"><div class=\"wpb_wrapper\">\n\t<div class=\"wpb_text_column wpb_content_element\" >\n\t\t<div class=\"wpb_wrapper\">\n\t\t\t<h1 style=\"text-align: center;\">Projektbudget-Berichtsvorlage<\/h1>\n\n\t\t<\/div>\n\t<\/div>\n<\/div><\/div><\/div><\/div><div class=\"vc_row-full-width vc_clearfix\"><\/div><div class=\"vc_row wpb_row vc_row-fluid redl-row-section padding-default bgv-default bgh-default halign-default\"><div class=\"wpb_column vc_column_container text-center vc_col-sm-12 padding-default bgv-default bgh-default halign-default\"><div class=\"vc_column-inner\"><div class=\"wpb_wrapper\">\n\t<div  class=\"wpb_single_image wpb_content_element vc_align_center\">\n\t\t\n\t\t<figure class=\"wpb_wrapper vc_figure\">\n\t\t\t<div class=\"vc_single_image-wrapper   vc_box_border_grey\"><img loading=\"lazy\" decoding=\"async\" width=\"2400\" height=\"874\" src=\"https:\/\/cdn.teamdeck.io\/uploads\/website\/2019\/03\/15161924\/4-e1555411580143.jpg\" class=\"vc_single_image-img attachment-full\" alt=\"Vorlage f\u00fcr einen Projektbudgetbericht\" srcset=\"https:\/\/cdn.teamdeck.io\/uploads\/website\/2019\/03\/15161924\/4-e1555411580143.jpg 2400w, https:\/\/cdn.teamdeck.io\/uploads\/website\/2019\/03\/15161924\/4-e1555411580143-300x109.jpg 300w, https:\/\/cdn.teamdeck.io\/uploads\/website\/2019\/03\/15161924\/4-e1555411580143-768x280.jpg 768w, https:\/\/cdn.teamdeck.io\/uploads\/website\/2019\/03\/15161924\/4-e1555411580143-960x350.jpg 960w\" sizes=\"auto, (max-width: 2400px) 100vw, 2400px\" \/><\/div>\n\t\t<\/figure>\n\t<\/div>\n<\/div><\/div><\/div><\/div><div class=\"vc_row wpb_row vc_row-fluid redl-row-section padding-medium bgv-default bgh-default halign-default\"><div class=\"wpb_column vc_column_container text-center vc_col-sm-12 padding-default bgv-default bgh-default halign-default\"><div class=\"vc_column-inner\"><div class=\"wpb_wrapper\">\n\t<div class=\"wpb_text_column wpb_content_element\" >\n\t\t<div class=\"wpb_wrapper\">\n\t\t\t<p><span style=\"font-size: 18px;\">Der Projektbudgetbericht ist ein hilfreiches Instrument f\u00fcr PMs und Finanzfachleute gleicherma\u00dfen. <\/span><\/p>\n<p><span style=\"font-size: 18px;\">Das Ziel dieser Vorlage ist es, die Kosten und Gewinne von Projekten in Echtzeit zu verfolgen. <\/span><\/p>\n\n\t\t<\/div>\n\t<\/div>\n<\/div><\/div><\/div><\/div><div class=\"vc_row wpb_row vc_row-fluid redl-row-section padding-default bgv-default bgh-default halign-default\"><div class=\"wpb_column vc_column_container text-left vc_col-sm-12 padding-default bgv-default bgh-default halign-default\"><div class=\"vc_column-inner\"><div class=\"wpb_wrapper\">\n\t<div class=\"wpb_text_column wpb_content_element\" >\n\t\t<div class=\"wpb_wrapper\">\n\t\t\t\n\t\t<\/div>\n\t<\/div>\n<\/div><\/div><\/div><\/div><div data-vc-full-width=\"true\" data-vc-full-width-init=\"false\" class=\"vc_row wpb_row vc_row-fluid redl-row-section feature-row vc_custom_1504100630814 vc_row-o-equal-height vc_row-o-content-middle vc_row-flex padding-medium bgv-default bgh-default halign-center\"><div class=\"feature-image wpb_column vc_column_container text-left vc_col-sm-7 vc_col-lg-6 vc_col-md-7 padding-default bgv-default bgh-default halign-default\"><div class=\"vc_column-inner\"><div class=\"wpb_wrapper\">\n\t<div class=\"wpb_text_column wpb_content_element\" >\n\t\t<div class=\"wpb_wrapper\">\n\t\t\t<p><img loading=\"lazy\" decoding=\"async\" class=\"alignnone wp-image-4797\" src=\"https:\/\/cdn.teamdeck.io\/uploads\/website\/2019\/03\/15112324\/Screen-Shot-2019-03-15-at-10.21.19-e1555411657910.png\" alt=\"Buchungen vs. Zeiterfassungsb\u00f6gen\" width=\"500\" height=\"369\" srcset=\"https:\/\/cdn.teamdeck.io\/uploads\/website\/2019\/03\/15112324\/Screen-Shot-2019-03-15-at-10.21.19-e1555411657910.png 950w, https:\/\/cdn.teamdeck.io\/uploads\/website\/2019\/03\/15112324\/Screen-Shot-2019-03-15-at-10.21.19-e1555411657910-300x222.png 300w, https:\/\/cdn.teamdeck.io\/uploads\/website\/2019\/03\/15112324\/Screen-Shot-2019-03-15-at-10.21.19-e1555411657910-768x568.png 768w\" sizes=\"auto, (max-width: 500px) 100vw, 500px\" \/><\/p>\n\n\t\t<\/div>\n\t<\/div>\n<\/div><\/div><\/div><div class=\"feature-info wpb_column vc_column_container text-left vc_col-sm-5 vc_col-lg-4 padding-small bgv-default bgh-default halign-default\"><div class=\"vc_column-inner\"><div class=\"wpb_wrapper\">\n\t<div class=\"wpb_text_column wpb_content_element\" >\n\t\t<div class=\"wpb_wrapper\">\n\t\t\t<p><span class=\"text-title\">Sch\u00e4tzungen vs. Tatsachen<\/span><\/p>\n<p>In diesem Diagramm werden die geplanten Stunden mit der tats\u00e4chlich geleisteten Zeit der einzelnen Teammitglieder verglichen. Es ist ein guter Ausgangspunkt f\u00fcr die Budgetverfolgung im Projektmanagement: Eine solche Visualisierung erm\u00f6glicht es Ihnen, die Arbeitsbelastungstrends in Ihrem Team zu erkennen.<\/p>\n\n\t\t<\/div>\n\t<\/div>\n<\/div><\/div><\/div><\/div><div class=\"vc_row-full-width vc_clearfix\"><\/div><div data-vc-full-width=\"true\" data-vc-full-width-init=\"false\" class=\"vc_row wpb_row vc_row-fluid redl-row-section feature-row vc_custom_1504100661321 vc_row-o-equal-height vc_row-o-content-middle vc_row-flex padding-medium bgv-default bgh-default halign-center\"><div class=\"feature-info wpb_column vc_column_container text-left vc_col-sm-5 vc_col-lg-4 padding-small bgv-default bgh-default halign-default\"><div class=\"vc_column-inner\"><div class=\"wpb_wrapper\">\n\t<div class=\"wpb_text_column wpb_content_element\" >\n\t\t<div class=\"wpb_wrapper\">\n\t\t\t<p><span class=\"text-title\">Projektbudgets<\/span><\/p>\n<p>Diese Tabelle ist zur H\u00e4lfte mit den in Teamdeck erfassten Daten gef\u00fcllt, n\u00e4mlich mit Ihren <a href=\"https:\/\/teamdeck.io\/de\/merkmale\/stundennachweise-zeiterfassung\/\">Stundennachweise des Teams<\/a>.<br \/>\nBevor wir jedoch den Projektbudgetfortschritt berechnen k\u00f6nnen, m\u00fcssen Sie selbst einige Angaben machen.<br \/>\nSehen Sie, einige Spalten in Teamdeck-Berichtstabellen (genannt <em>Spalten mit benutzerdefinierten Werten<\/em>) funktionieren wie Tabellenkalkulationszellen, so dass Sie die Daten einfach eintippen k\u00f6nnen. Sobald Ihre Stundens\u00e4tze und Gesamtbudgets in der Tabelle stehen, berechnet Teamdeck die Kosten und Gewinne Ihrer Projekte.<\/p>\n<p>Sie werden in Echtzeit aktualisiert, wenn sich die Stundenzettel \u00e4ndern, also achten Sie darauf, diesen Bereich regelm\u00e4\u00dfig zu \u00fcberpr\u00fcfen.<\/p>\n\n\t\t<\/div>\n\t<\/div>\n<\/div><\/div><\/div><div class=\"feature-image wpb_column vc_column_container text-left vc_col-sm-7 vc_col-lg-6 padding-default bgv-default bgh-default halign-default\"><div class=\"vc_column-inner\"><div class=\"wpb_wrapper\">\n\t<div class=\"wpb_text_column wpb_content_element\" >\n\t\t<div class=\"wpb_wrapper\">\n\t\t\t<p><img loading=\"lazy\" decoding=\"async\" class=\"alignnone wp-image-4796\" src=\"https:\/\/cdn.teamdeck.io\/uploads\/website\/2019\/03\/15112322\/Screen-Shot-2019-03-15-at-10.22.45-e1555411672136.png\" alt=\"Projektbudget\" width=\"500\" height=\"318\" srcset=\"https:\/\/cdn.teamdeck.io\/uploads\/website\/2019\/03\/15112322\/Screen-Shot-2019-03-15-at-10.22.45-e1555411672136.png 1146w, https:\/\/cdn.teamdeck.io\/uploads\/website\/2019\/03\/15112322\/Screen-Shot-2019-03-15-at-10.22.45-e1555411672136-300x191.png 300w, https:\/\/cdn.teamdeck.io\/uploads\/website\/2019\/03\/15112322\/Screen-Shot-2019-03-15-at-10.22.45-e1555411672136-768x488.png 768w, https:\/\/cdn.teamdeck.io\/uploads\/website\/2019\/03\/15112322\/Screen-Shot-2019-03-15-at-10.22.45-e1555411672136-960x610.png 960w\" sizes=\"auto, (max-width: 500px) 100vw, 500px\" \/><\/p>\n\n\t\t<\/div>\n\t<\/div>\n<\/div><\/div><\/div><\/div><div class=\"vc_row-full-width vc_clearfix\"><\/div><div class=\"vc_row wpb_row vc_row-fluid redl-row-section padding-default bgv-default bgh-default halign-default\"><div class=\"wpb_column vc_column_container text-left vc_col-sm-12 padding-default bgv-default bgh-default halign-default\"><div class=\"vc_column-inner\"><div class=\"wpb_wrapper\">\n\t<div class=\"wpb_text_column wpb_content_element\" >\n\t\t<div class=\"wpb_wrapper\">\n\t\t\t\n\t\t<\/div>\n\t<\/div>\n<\/div><\/div><\/div><\/div><div class=\"vc_row wpb_row vc_row-fluid redl-row-section vc_custom_1551186799735 padding-small bgv-default bgh-default halign-center\"><div class=\"wpb_column vc_column_container text-left vc_col-sm-12 padding-default bgv-default bgh-default halign-default\"><div class=\"vc_column-inner\"><div class=\"wpb_wrapper\">\n\t<div class=\"wpb_text_column wpb_content_element\" >\n\t\t<div class=\"wpb_wrapper\">\n\t\t\t<p><span style=\"font-size: 18px;\">Der Projektbudgetbericht, wie alle Vorlagen in Teamdeck, ist <strong>vollst\u00e4ndig anpassbar<\/strong>. Sie k\u00f6nnen das Budget f\u00fcr ein einzelnes Projekt verfolgen oder Ihre Werte in verschiedenen W\u00e4hrungen eingeben.<br \/>\nSiehe ein Beispiel f\u00fcr eine&nbsp;<strong>projektmanagement-budget-verfolgungsbericht<\/strong> <a href=\"https:\/\/app.teamdeck.io\/reports\/871db8daefe2aef5ec29c37e2ac7f3705c87b06ccb4d55c87b06ccb580\">hier<\/a>.<\/span><\/p>\n\n\t\t<\/div>\n\t<\/div>\n<div class=\"vc_empty_space\"   style=\"height: 32px\" ><span class=\"vc_empty_space_inner\"><\/span><\/div>\n<\/div><\/div><\/div><\/div><div data-vc-full-width=\"true\" data-vc-full-width-init=\"false\" class=\"vc_row wpb_row vc_row-fluid redl-row-section footer-message-row vc_custom_1502964176474 vc_row-has-fill vc_row-o-equal-height vc_row-flex padding-medium bgv-default bgh-default halign-default\"><div class=\"wpb_column vc_column_container text-center vc_col-sm-12 vc_col-lg-8 vc_col-md-9 padding-default bgv-default bgh-default halign-center\"><div class=\"vc_column-inner\"><div class=\"wpb_wrapper\">\n\t<div class=\"wpb_text_column wpb_content_element\" >\n\t\t<div class=\"wpb_wrapper\">\n\t\t\t<p><span class=\"message\">Sie finden den Projektbudgetbericht unter den Vorlagen, die im Bereich Berichte von Teamdeck verf\u00fcgbar sind. <\/span><\/p>\n\n\t\t<\/div>\n\t<\/div>\n<a class=\"redl-btn  redl-btn-border redl-btn-two  redl-btn-medium redl-btn-69d5adf930230 btn-hover-one btn-icon-left signup-bottom\" href=\"https:\/\/app.teamdeck.io\/register?utm_source=reports\" target=\"_blank\">Kostenlose 30-Tage-Testversion anfordern<\/a><\/div><\/div><\/div><\/div><div class=\"vc_row-full-width vc_clearfix\"><\/div>","protected":false},"excerpt":{"rendered":"Vorlage f\u00fcr einen Projektbudgetbericht Der Projektbudgetbericht ist ein hilfreiches Instrument f\u00fcr PMs und Finanzfachleute gleicherma\u00dfen. Das Ziel dieser Vorlage ist es, die Kosten und Gewinne von Projekten in Echtzeit zu verfolgen. Sch\u00e4tzungen vs. Tatsachen Dieses Diagramm...","protected":false},"author":6,"featured_media":0,"parent":4695,"menu_order":0,"comment_status":"closed","ping_status":"closed","template":"","meta":{"footnotes":""},"class_list":["post-4731","page","type-page","status-publish","hentry"],"yoast_head":"<!-- This site is optimized with the Yoast SEO Premium plugin v23.8 (Yoast SEO v24.3) - https:\/\/yoast.com\/wordpress\/plugins\/seo\/ -->\n<title>Project Budget Report Template - Teamdeck<\/title>\n<meta name=\"description\" content=\"Project budget report is a helpful tool for PMs and finance specialists alike. The aim of this template track projects\u2019 costs and profits in real time.\" \/>\n<meta name=\"robots\" content=\"index, follow, max-snippet:-1, max-image-preview:large, max-video-preview:-1\" \/>\n<link rel=\"canonical\" href=\"https:\/\/teamdeck.io\/de\/merkmale\/berichterstattung\/vorlage-fur-einen-projektbudgetbericht\/\" \/>\n<meta property=\"og:locale\" content=\"de_DE\" \/>\n<meta property=\"og:type\" content=\"article\" \/>\n<meta property=\"og:title\" content=\"Project Budget Report Template\" \/>\n<meta property=\"og:description\" content=\"Project budget report is a helpful tool for PMs and finance specialists alike. The aim of this template track projects\u2019 costs and profits in real time.\" \/>\n<meta property=\"og:url\" content=\"https:\/\/teamdeck.io\/de\/merkmale\/berichterstattung\/vorlage-fur-einen-projektbudgetbericht\/\" \/>\n<meta property=\"og:site_name\" content=\"Teamdeck\" \/>\n<meta property=\"article:publisher\" content=\"https:\/\/www.facebook.com\/helloteamdeck\" \/>\n<meta property=\"article:modified_time\" content=\"2021-12-16T17:53:52+00:00\" \/>\n<meta property=\"og:image\" content=\"https:\/\/teamdeck.io\/wp-content\/uploads\/2019\/03\/Screen-Shot-2019-03-15-at-10.21.19-e1555411657910.png\" \/>\n<meta name=\"twitter:card\" content=\"summary_large_image\" \/>\n<meta name=\"twitter:site\" content=\"@helloteamdeck\" \/>\n<meta name=\"twitter:label1\" content=\"Est. reading time\" \/>\n\t<meta name=\"twitter:data1\" content=\"2 minutes\" \/>\n<script type=\"application\/ld+json\" class=\"yoast-schema-graph\">{\"@context\":\"https:\/\/schema.org\",\"@graph\":[{\"@type\":\"WebPage\",\"@id\":\"https:\/\/teamdeck.io\/features\/reporting\/project-budget-report-template\/\",\"url\":\"https:\/\/teamdeck.io\/features\/reporting\/project-budget-report-template\/\",\"name\":\"Project Budget Report Template - Teamdeck\",\"isPartOf\":{\"@id\":\"https:\/\/teamdeck.io\/#website\"},\"primaryImageOfPage\":{\"@id\":\"https:\/\/teamdeck.io\/features\/reporting\/project-budget-report-template\/#primaryimage\"},\"image\":{\"@id\":\"https:\/\/teamdeck.io\/features\/reporting\/project-budget-report-template\/#primaryimage\"},\"thumbnailUrl\":\"https:\/\/teamdeck.io\/wp-content\/uploads\/2019\/03\/Screen-Shot-2019-03-15-at-10.21.19-e1555411657910.png\",\"datePublished\":\"2019-03-15T15:22:09+00:00\",\"dateModified\":\"2021-12-16T17:53:52+00:00\",\"description\":\"Project budget report is a helpful tool for PMs and finance specialists alike. The aim of this template track projects\u2019 costs and profits in real time.\",\"breadcrumb\":{\"@id\":\"https:\/\/teamdeck.io\/features\/reporting\/project-budget-report-template\/#breadcrumb\"},\"inLanguage\":\"de-DE\",\"potentialAction\":[{\"@type\":\"ReadAction\",\"target\":[\"https:\/\/teamdeck.io\/features\/reporting\/project-budget-report-template\/\"]}]},{\"@type\":\"ImageObject\",\"inLanguage\":\"de-DE\",\"@id\":\"https:\/\/teamdeck.io\/features\/reporting\/project-budget-report-template\/#primaryimage\",\"url\":\"https:\/\/teamdeck.io\/wp-content\/uploads\/2019\/03\/Screen-Shot-2019-03-15-at-10.21.19-e1555411657910.png\",\"contentUrl\":\"https:\/\/teamdeck.io\/wp-content\/uploads\/2019\/03\/Screen-Shot-2019-03-15-at-10.21.19-e1555411657910.png\"},{\"@type\":\"BreadcrumbList\",\"@id\":\"https:\/\/teamdeck.io\/features\/reporting\/project-budget-report-template\/#breadcrumb\",\"itemListElement\":[{\"@type\":\"ListItem\",\"position\":1,\"name\":\"Home\",\"item\":\"https:\/\/teamdeck.io\/\"},{\"@type\":\"ListItem\",\"position\":2,\"name\":\"Features\",\"item\":\"https:\/\/teamdeck.io\/features\/\"},{\"@type\":\"ListItem\",\"position\":3,\"name\":\"Custom reporting\",\"item\":\"https:\/\/teamdeck.io\/features\/reporting\/\"},{\"@type\":\"ListItem\",\"position\":4,\"name\":\"Project Budget Report Template\"}]},{\"@type\":\"WebSite\",\"@id\":\"https:\/\/teamdeck.io\/#website\",\"url\":\"https:\/\/teamdeck.io\/\",\"name\":\"Teamdeck\",\"description\":\"resource scheduling + time tracking + leave management\",\"potentialAction\":[{\"@type\":\"SearchAction\",\"target\":{\"@type\":\"EntryPoint\",\"urlTemplate\":\"https:\/\/teamdeck.io\/?s={search_term_string}\"},\"query-input\":{\"@type\":\"PropertyValueSpecification\",\"valueRequired\":true,\"valueName\":\"search_term_string\"}}],\"inLanguage\":\"de-DE\"}]}<\/script>\n<!-- \/ Yoast SEO Premium plugin. -->","yoast_head_json":{"title":"Project Budget Report Template - Teamdeck","description":"Project budget report is a helpful tool for PMs and finance specialists alike. The aim of this template track projects\u2019 costs and profits in real time.","robots":{"index":"index","follow":"follow","max-snippet":"max-snippet:-1","max-image-preview":"max-image-preview:large","max-video-preview":"max-video-preview:-1"},"canonical":"https:\/\/teamdeck.io\/de\/merkmale\/berichterstattung\/vorlage-fur-einen-projektbudgetbericht\/","og_locale":"de_DE","og_type":"article","og_title":"Project Budget Report Template","og_description":"Project budget report is a helpful tool for PMs and finance specialists alike. The aim of this template track projects\u2019 costs and profits in real time.","og_url":"https:\/\/teamdeck.io\/de\/merkmale\/berichterstattung\/vorlage-fur-einen-projektbudgetbericht\/","og_site_name":"Teamdeck","article_publisher":"https:\/\/www.facebook.com\/helloteamdeck","article_modified_time":"2021-12-16T17:53:52+00:00","og_image":[{"url":"https:\/\/teamdeck.io\/wp-content\/uploads\/2019\/03\/Screen-Shot-2019-03-15-at-10.21.19-e1555411657910.png","type":"","width":"","height":""}],"twitter_card":"summary_large_image","twitter_site":"@helloteamdeck","twitter_misc":{"Est. reading time":"2 minutes"},"schema":{"@context":"https:\/\/schema.org","@graph":[{"@type":"WebPage","@id":"https:\/\/teamdeck.io\/features\/reporting\/project-budget-report-template\/","url":"https:\/\/teamdeck.io\/features\/reporting\/project-budget-report-template\/","name":"Project Budget Report Template - Teamdeck","isPartOf":{"@id":"https:\/\/teamdeck.io\/#website"},"primaryImageOfPage":{"@id":"https:\/\/teamdeck.io\/features\/reporting\/project-budget-report-template\/#primaryimage"},"image":{"@id":"https:\/\/teamdeck.io\/features\/reporting\/project-budget-report-template\/#primaryimage"},"thumbnailUrl":"https:\/\/teamdeck.io\/wp-content\/uploads\/2019\/03\/Screen-Shot-2019-03-15-at-10.21.19-e1555411657910.png","datePublished":"2019-03-15T15:22:09+00:00","dateModified":"2021-12-16T17:53:52+00:00","description":"Project budget report is a helpful tool for PMs and finance specialists alike. The aim of this template track projects\u2019 costs and profits in real time.","breadcrumb":{"@id":"https:\/\/teamdeck.io\/features\/reporting\/project-budget-report-template\/#breadcrumb"},"inLanguage":"de-DE","potentialAction":[{"@type":"ReadAction","target":["https:\/\/teamdeck.io\/features\/reporting\/project-budget-report-template\/"]}]},{"@type":"ImageObject","inLanguage":"de-DE","@id":"https:\/\/teamdeck.io\/features\/reporting\/project-budget-report-template\/#primaryimage","url":"https:\/\/teamdeck.io\/wp-content\/uploads\/2019\/03\/Screen-Shot-2019-03-15-at-10.21.19-e1555411657910.png","contentUrl":"https:\/\/teamdeck.io\/wp-content\/uploads\/2019\/03\/Screen-Shot-2019-03-15-at-10.21.19-e1555411657910.png"},{"@type":"BreadcrumbList","@id":"https:\/\/teamdeck.io\/features\/reporting\/project-budget-report-template\/#breadcrumb","itemListElement":[{"@type":"ListItem","position":1,"name":"Home","item":"https:\/\/teamdeck.io\/"},{"@type":"ListItem","position":2,"name":"Features","item":"https:\/\/teamdeck.io\/features\/"},{"@type":"ListItem","position":3,"name":"Custom reporting","item":"https:\/\/teamdeck.io\/features\/reporting\/"},{"@type":"ListItem","position":4,"name":"Project Budget Report Template"}]},{"@type":"WebSite","@id":"https:\/\/teamdeck.io\/#website","url":"https:\/\/teamdeck.io\/","name":"Teamdeck","description":"resource scheduling + time tracking + leave management","potentialAction":[{"@type":"SearchAction","target":{"@type":"EntryPoint","urlTemplate":"https:\/\/teamdeck.io\/?s={search_term_string}"},"query-input":{"@type":"PropertyValueSpecification","valueRequired":true,"valueName":"search_term_string"}}],"inLanguage":"de-DE"}]}},"_links":{"self":[{"href":"https:\/\/teamdeck.io\/de\/wp-json\/wp\/v2\/pages\/4731","targetHints":{"allow":["GET"]}}],"collection":[{"href":"https:\/\/teamdeck.io\/de\/wp-json\/wp\/v2\/pages"}],"about":[{"href":"https:\/\/teamdeck.io\/de\/wp-json\/wp\/v2\/types\/page"}],"author":[{"embeddable":true,"href":"https:\/\/teamdeck.io\/de\/wp-json\/wp\/v2\/users\/6"}],"replies":[{"embeddable":true,"href":"https:\/\/teamdeck.io\/de\/wp-json\/wp\/v2\/comments?post=4731"}],"version-history":[{"count":13,"href":"https:\/\/teamdeck.io\/de\/wp-json\/wp\/v2\/pages\/4731\/revisions"}],"predecessor-version":[{"id":7308,"href":"https:\/\/teamdeck.io\/de\/wp-json\/wp\/v2\/pages\/4731\/revisions\/7308"}],"up":[{"embeddable":true,"href":"https:\/\/teamdeck.io\/de\/wp-json\/wp\/v2\/pages\/4695"}],"wp:attachment":[{"href":"https:\/\/teamdeck.io\/de\/wp-json\/wp\/v2\/media?parent=4731"}],"curies":[{"name":"wp","href":"https:\/\/api.w.org\/{rel}","templated":true}]}}