{"id":2853,"date":"2017-09-07T12:08:23","date_gmt":"2017-09-07T10:08:23","guid":{"rendered":"https:\/\/teamdeck.io\/?page_id=2853"},"modified":"2024-04-08T13:08:17","modified_gmt":"2024-04-08T11:08:17","slug":"privacy-policy","status":"publish","type":"page","link":"https:\/\/teamdeck.io\/de\/datenschutzbestimmungen\/","title":{"rendered":"Datenschutzbestimmungen"},"content":{"rendered":"<div class=\"vc_row wpb_row vc_row-fluid redl-row-section padding-default bgv-default bgh-default halign-default\"><div class=\"wpb_column vc_column_container text-left vc_col-sm-12 padding-default bgv-default bgh-default halign-default\"><div class=\"vc_column-inner\"><div class=\"wpb_wrapper\"><div class=\"vc_empty_space\"   style=\"height: 32px\" ><span class=\"vc_empty_space_inner\"><\/span><\/div>\n\n\t<div class=\"wpb_text_column wpb_content_element\" >\n\t\t<div class=\"wpb_wrapper\">\n\t\t\t<h1 class=\"ng-scope\" style=\"text-align: center;\">Datenschutzbestimmungen<\/h1>\n<p class=\"ng-scope\" style=\"text-align: center;\"><small>Zuletzt aktualisiert: Januar 30, 2024<\/small><\/p>\n\n\t\t<\/div>\n\t<\/div>\n<div class=\"vc_empty_space\"   style=\"height: 32px\" ><span class=\"vc_empty_space_inner\"><\/span><\/div>\n\n\t<div class=\"wpb_text_column wpb_content_element\" >\n\t\t<div class=\"wpb_wrapper\">\n\t\t\t<p class=\"ng-scope\">Teamdeck sp. z o.o. (\"wir\", \"wir\", oder \"unser\") mit Sitz in: Nowowiejskiego 55, 61-734 Pozna\u0144, Polen, NIP: 7831750055, REGON: 365865326, eingetragen beim Landgericht Pozna\u0144 - Nowe Miasto I Wilda in Pozna\u0144, VIII Handelsabteilung des Landesgerichtsregisters, eingetragen im Handelsregister (KRS) unter Nr. 0000646426 betreibt die Website https:\/\/teamdeck.io (der \"Dienst\").<\/p>\n<p class=\"ng-scope\">Diese Seite informiert Sie \u00fcber unsere Richtlinien bez\u00fcglich der Erfassung, Verwendung und Offenlegung von pers\u00f6nlichen Daten, wenn Sie unseren Service nutzen.<\/p>\n<p class=\"ng-scope\">Wir werden Ihre Daten nur wie in dieser Datenschutzrichtlinie beschrieben verwenden oder weitergeben.<\/p>\n<p class=\"ng-scope\">Wir verwenden Ihre pers\u00f6nlichen Daten zur Bereitstellung und Verbesserung des Dienstes. Durch die Nutzung des Dienstes erkl\u00e4ren Sie sich mit der Erfassung und Nutzung von Informationen in \u00dcbereinstimmung mit dieser Richtlinie einverstanden. Sofern in dieser Datenschutzrichtlinie nicht anders definiert, haben die in dieser Datenschutzrichtlinie verwendeten Begriffe dieselbe Bedeutung wie in unseren Allgemeinen Gesch\u00e4ftsbedingungen, die unter https:\/\/teamdeck.io abrufbar sind.<\/p>\n<p class=\"ng-scope\">Teamdeck sp. z o.o. ist ein polnisches Unternehmen und unterliegt somit dem polnischen Recht, insbesondere dem Gesetz \u00fcber den Schutz personenbezogener Daten vom 29. August 1997 (GBl. Nr. 133, Pos. 883, mit \u00c4nderungen).<\/p>\n<p class=\"ng-scope\"><strong>\u00a71. Sammlung und Verwendung von Informationen<\/strong><\/p>\n<p class=\"ng-scope\">W\u00e4hrend der Nutzung unseres Dienstes k\u00f6nnen wir den Kunden bitten, uns bestimmte personenbezogene Daten mitzuteilen, die zur Kontaktaufnahme oder Identifizierung des Kunden verwendet werden k\u00f6nnen. Pers\u00f6nlich identifizierbare Informationen k\u00f6nnen unter anderem die E-Mail-Adresse, den Namen, die Telefonnummer und die Postanschrift des Kunden umfassen (\"Pers\u00f6nliche Informationen\").<\/p>\n<p class=\"ng-scope\"><strong>\u00a72. Protokolldaten<\/strong><\/p>\n<p class=\"ng-scope\">1. Wir k\u00f6nnen auch Informationen sammeln, die der Kundenbrowser sendet, wenn der Kunde unseren Dienst besucht (\"Protokolldaten\"). Diese Protokolldaten k\u00f6nnen Informationen wie die Internetprotokoll-Adresse (\"IP\") des Kundencomputers, den Browsertyp, die Browserversion, die vom Kunden besuchten Seiten unseres Dienstes, die Uhrzeit und das Datum des Kundenbesuchs, die auf diesen Seiten verbrachte Zeit und andere Statistiken enthalten.<\/p>\n<p class=\"ng-scope\">2. Dar\u00fcber hinaus k\u00f6nnen wir Dienste von Drittanbietern wie Google Analytics nutzen, die diese Art von Informationen sammeln, \u00fcberwachen und analysieren, um die Funktionalit\u00e4t unseres Dienstes zu verbessern. Diese Drittanbieter haben ihre eigenen Datenschutzrichtlinien, die regeln, wie sie diese Informationen verwenden.<\/p>\n<p><strong class=\"ng-scope\">\u00a73. Cookies<\/strong><\/p>\n<p class=\"ng-scope\">1. Cookies sind Dateien mit kleinen Datenmengen, die eine anonyme eindeutige Kennung enthalten k\u00f6nnen. Cookies werden von einer Website an den Browser des Kunden gesendet und auf der Festplatte des Kundencomputers gespeichert.<\/p>\n<p class=\"ng-scope\">2. Wir verwenden \"Cookies\", um Informationen zu sammeln. Der Kunde kann seinen Browser anweisen, alle Cookies abzulehnen oder anzuzeigen, wenn ein Cookie gesendet wird. Wenn der Kunde jedoch keine Cookies akzeptiert, kann er m\u00f6glicherweise einige Teile unseres Dienstes nicht nutzen.<\/p>\n<p class=\"ng-scope\"><strong>\u00a74. Verhaltensbasiertes Remarketing<\/strong><\/p>\n<p class=\"ng-scope\">1. Teamdeck sp. z o.o. nutzt Remarketing-Dienste, um Kunden, die unseren Service besucht haben, auf Websites Dritter zu werben. Wir und unsere Drittanbieter verwenden Cookies, um zu informieren, zu optimieren und Werbung zu schalten, die auf fr\u00fcheren Besuchen des Kunden bei unserem Service basiert.<\/p>\n<ul>\n<li><strong>Google<\/strong><\/li>\n<\/ul>\n<p style=\"padding-left: 30px;\">Der Remarketing-Dienst von Google AdWords wird von Google Inc. bereitgestellt.<\/p>\n<p style=\"padding-left: 30px;\">Sie k\u00f6nnen Google Analytics f\u00fcr Display-Werbung deaktivieren und die Anzeigen im Google Display-Netzwerk anpassen, indem Sie die Seite mit den Einstellungen f\u00fcr Google Ads besuchen: http:\/\/www.google.com\/settings\/ads<\/p>\n<p style=\"padding-left: 30px;\">Google empfiehlt au\u00dferdem, das Google Analytics Opt-out Browser Add-on - https:\/\/tools.google.com\/dlpage\/gaoptout - f\u00fcr Ihren Webbrowser zu installieren. Das Google Analytics Opt-out Browser Add-on bietet Besuchern die M\u00f6glichkeit, die Erfassung und Verwendung ihrer Daten durch Google Analytics zu verhindern.<\/p>\n<p style=\"padding-left: 30px;\">Weitere Informationen \u00fcber die Datenschutzpraktiken von Google finden Sie auf der Google-Webseite f\u00fcr Datenschutz und Nutzungsbedingungen: http:\/\/www.google.com\/intl\/en\/policies\/privacy\/<\/p>\n<ul>\n<li><strong><strong>Facebook<\/strong><\/strong><\/li>\n<\/ul>\n<p style=\"padding-left: 30px;\"><strong><strong><br \/>\n<\/strong><\/strong><br \/>\nDer Remarketing-Dienst von Facebook wird von der Facebook Inc. angeboten.<\/p>\n<p style=\"padding-left: 30px;\">Weitere Informationen \u00fcber interessenbezogene Werbung von Facebook finden Sie auf dieser Seite: https:\/\/www.facebook.com\/help\/164968693837950<\/p>\n<p style=\"padding-left: 30px;\">Um die interessenbezogene Werbung von Facebook zu deaktivieren, folgen Sie diesen Anweisungen von Facebook: https:\/\/www.facebook.com\/about\/ads\/#568137493302217<\/p>\n<p style=\"padding-left: 30px;\">Facebook h\u00e4lt sich an die von der Digital Advertising Alliance aufgestellten Selbstregulierungsgrunds\u00e4tze f\u00fcr verhaltensbasierte Online-Werbung. Sie k\u00f6nnen sich auch \u00fcber die Digital Advertising Alliance in den USA http:\/\/www.aboutads.info\/choices\/, die Digital Advertising Alliance of Canada in Kanada http:\/\/youradchoices.ca\/ oder die European Interactive Digital Advertising Alliance in Europa http:\/\/www.youronlinechoices.eu\/ von Facebook und anderen teilnehmenden Unternehmen abmelden oder die Abmeldung \u00fcber die Einstellungen Ihres Mobilger\u00e4ts vornehmen.<\/p>\n<p style=\"padding-left: 30px;\">Weitere Informationen \u00fcber die Datenschutzpraktiken von Facebook finden Sie in der Datenschutzrichtlinie von Facebook: https:\/\/www.facebook.com\/privacy\/explanation<\/p>\n<p class=\"ng-scope\"><strong>\u00a75. Anbieter von Dienstleistungen<\/strong><\/p>\n<p class=\"ng-scope\">1. Wir k\u00f6nnen Drittunternehmen und Einzelpersonen damit beauftragen, unseren Dienst zu erleichtern, den Dienst in unserem Namen bereitzustellen, dienstbezogene Dienstleistungen zu erbringen oder uns bei der Analyse der Nutzung unseres Dienstes zu unterst\u00fctzen.<\/p>\n<p class=\"ng-scope\">2. Diese Dritten haben nur Zugang zu den pers\u00f6nlichen Daten der Kunden, um diese Aufgaben in unserem Namen zu erf\u00fcllen, und sind verpflichtet, sie nicht weiterzugeben oder f\u00fcr andere Zwecke zu verwenden.<\/p>\n<p class=\"ng-scope\"><strong>\u00a76. Mitteilungen<\/strong><\/p>\n<p class=\"ng-scope\">Wir k\u00f6nnen die pers\u00f6nlichen Daten des Kunden verwenden, um ihm Newsletter, Marketing- oder Werbematerialien und andere Informationen zukommen zu lassen, die f\u00fcr den Kunden von Interesse sein k\u00f6nnten. Der Kunde hat die M\u00f6glichkeit, den Erhalt einer oder aller dieser Mitteilungen von uns abzulehnen, indem er dem Abmeldelink oder den Anweisungen folgt, die in jeder von uns gesendeten E-Mail enthalten sind.<\/p>\n<p class=\"ng-scope\"><strong>\u00a77. Einhaltung von Gesetzen<\/strong><\/p>\n<p class=\"ng-scope\">Wir werden pers\u00f6nliche Kundendaten offenlegen, wenn wir gesetzlich oder durch Vorladung dazu verpflichtet sind oder wenn wir glauben, dass eine solche Ma\u00dfnahme notwendig ist, um dem Gesetz und den angemessenen Anfragen der Strafverfolgungsbeh\u00f6rden zu entsprechen oder um die Sicherheit oder Integrit\u00e4t unseres Dienstes zu sch\u00fctzen.<\/p>\n<p class=\"ng-scope\"><strong>\u00a78. Gesch\u00e4ftsvorfall<\/strong><\/p>\n<p class=\"ng-scope\">Wenn Teamdeck sp. z o.o. an einer Fusion, einer \u00dcbernahme oder einem Verkauf von Verm\u00f6genswerten beteiligt ist, k\u00f6nnen personenbezogene Kundendaten \u00fcbertragen werden. Wir werden Sie dar\u00fcber informieren, bevor die pers\u00f6nlichen Daten des Kunden \u00fcbertragen werden und einer anderen Datenschutzrichtlinie unterworfen werden.<\/p>\n<p class=\"ng-scope\"><strong>\u00a79. Sicherheit<\/strong><\/p>\n<p class=\"ng-scope\">Die Sicherheit der pers\u00f6nlichen Daten unserer Kunden ist uns wichtig, aber denken Sie daran, dass keine Methode der \u00dcbertragung \u00fcber das Internet oder der elektronischen Speicherung 100% sicher ist. Obwohl wir uns bem\u00fchen, kommerziell akzeptable Mittel zum Schutz der pers\u00f6nlichen Daten unserer Kunden einzusetzen, k\u00f6nnen wir deren absolute Sicherheit nicht garantieren.<\/p>\n<p class=\"ng-scope\"><strong>\u00a710.Internationale \u00dcbertragung<\/strong><\/p>\n<p class=\"ng-scope\">1. Kundendaten, einschlie\u00dflich personenbezogener Daten, k\u00f6nnen an Computer au\u00dferhalb Ihres Staates, Ihrer Provinz, Ihres Landes oder anderer staatlicher Zust\u00e4ndigkeitsbereiche, in denen andere Datenschutzgesetze als in Ihrem Zust\u00e4ndigkeitsbereich gelten, \u00fcbertragen und dort gespeichert werden.<\/p>\n<p class=\"ng-scope\">2. Wenn der Kunde au\u00dferhalb Polens ans\u00e4ssig ist und sich daf\u00fcr entscheidet, uns Informationen zur Verf\u00fcgung zu stellen, beachten Sie bitte, dass wir die Informationen, einschlie\u00dflich pers\u00f6nlicher Daten, nach Polen \u00fcbertragen und dort verarbeiten.<\/p>\n<p class=\"ng-scope\">3. Die Zustimmung des Kunden zu dieser Datenschutzrichtlinie, gefolgt von der \u00dcbermittlung solcher Informationen durch den Kunden, stellt die Zustimmung des Kunden zu dieser \u00dcbertragung und die Zustimmung des Kunden dar.<\/p>\n<p class=\"ng-scope\"><strong>\u00a711 Links zu anderen Seiten<\/strong><\/p>\n<p class=\"ng-scope\">1. Unser Service kann Links zu anderen Websites enthalten, die nicht von uns betrieben werden. Wenn der Kunde auf einen Link eines Drittanbieters klickt, wird er auf die Website dieses Drittanbieters weitergeleitet. Wir empfehlen dem Kunden dringend, die Datenschutzrichtlinien jeder Seite, die er besucht, zu \u00fcberpr\u00fcfen.<\/p>\n<p class=\"ng-scope\">2. Wir haben keine Kontrolle \u00fcber und \u00fcbernehmen keine Verantwortung f\u00fcr den Inhalt, die Datenschutzrichtlinien oder Praktiken von Websites oder Diensten Dritter.<\/p>\n<p class=\"ng-scope\"><strong>\u00a712. Die Privatsph\u00e4re der Kinder<\/strong><\/p>\n<p class=\"ng-scope\">1. Unser Service richtet sich nicht an Personen unter 13 Jahren (\"Kinder\").<\/p>\n<p class=\"ng-scope\">2. Wir sammeln nicht wissentlich personenbezogene Daten von Kindern unter 13 Jahren. Wenn Sie ein Elternteil oder Erziehungsberechtigter sind und wissen, dass Ihr Kind uns pers\u00f6nliche Daten zur Verf\u00fcgung gestellt hat, kontaktieren Sie uns bitte. Wenn wir erfahren, dass wir personenbezogene Daten von Kindern unter 13 Jahren ohne \u00dcberpr\u00fcfung der elterlichen Zustimmung erfasst haben, unternehmen wir Schritte, um diese Daten von unseren Servern zu entfernen.<\/p>\n<p class=\"ng-scope\"><strong>\u00a713. \u00c4nderungen an dieser Datenschutzrichtlinie<\/strong><\/p>\n<p class=\"ng-scope\">1. Wir k\u00f6nnen unsere Datenschutzrichtlinie von Zeit zu Zeit aktualisieren. Wir werden unsere Kunden \u00fcber alle \u00c4nderungen informieren, indem wir die neue Datenschutzrichtlinie auf dieser Seite ver\u00f6ffentlichen.<\/p>\n<p class=\"ng-scope\">2. Dem Kunden wird empfohlen, diese Datenschutzrichtlinie regelm\u00e4\u00dfig auf \u00c4nderungen zu \u00fcberpr\u00fcfen. \u00c4nderungen an dieser Datenschutzrichtlinie werden wirksam, wenn sie auf dieser Seite ver\u00f6ffentlicht werden.<\/p>\n\n\t\t<\/div>\n\t<\/div>\n<div class=\"vc_empty_space\"   style=\"height: 32px\" ><span class=\"vc_empty_space_inner\"><\/span><\/div>\n<\/div><\/div><\/div><\/div>","protected":false},"excerpt":{"rendered":"Datenschutzbestimmungen Zuletzt aktualisiert: 30. Januar 2024 Teamdeck sp. z o.o. (\"wir\", \"wir\", oder \"unser\") mit Sitz in: Nowowiejskiego 55, 61-734 Pozna\u0144, Polen, NIP: 7831750055, REGON: 365865326, eingetragen beim Landgericht Pozna\u0144 - Nowe...","protected":false},"author":17,"featured_media":0,"parent":0,"menu_order":0,"comment_status":"closed","ping_status":"closed","template":"","meta":{"footnotes":""},"class_list":["post-2853","page","type-page","status-publish","hentry"],"yoast_head":"<!-- This site is optimized with the Yoast SEO Premium plugin v23.8 (Yoast SEO v24.3) - https:\/\/yoast.com\/wordpress\/plugins\/seo\/ -->\n<title>Teamdeck - Privacy Policy<\/title>\n<meta name=\"description\" content=\"Teamdeck cares about your privacy and security of its service. Please, read the following privacy policy carefully.\" \/>\n<meta name=\"robots\" content=\"index, follow, max-snippet:-1, max-image-preview:large, max-video-preview:-1\" \/>\n<link rel=\"canonical\" href=\"https:\/\/teamdeck.io\/de\/datenschutzbestimmungen\/\" \/>\n<meta property=\"og:locale\" content=\"de_DE\" \/>\n<meta property=\"og:type\" content=\"article\" \/>\n<meta property=\"og:title\" content=\"Teamdeck - Privacy Policy\" \/>\n<meta property=\"og:description\" content=\"Teamdeck cares about your privacy and security of its service. Please, read the following privacy policy carefully.\" \/>\n<meta property=\"og:url\" content=\"https:\/\/teamdeck.io\/de\/datenschutzbestimmungen\/\" \/>\n<meta property=\"og:site_name\" content=\"Teamdeck\" \/>\n<meta property=\"article:publisher\" content=\"https:\/\/www.facebook.com\/helloteamdeck\" \/>\n<meta property=\"article:modified_time\" content=\"2024-04-08T11:08:17+00:00\" \/>\n<meta property=\"og:image\" content=\"https:\/\/cdn.teamdeck.io\/uploads\/website\/2017\/09\/teamdeck-share.png\" \/>\n<meta name=\"twitter:card\" content=\"summary_large_image\" \/>\n<meta name=\"twitter:title\" content=\"Teamdeck - Privacy Policy\" \/>\n<meta name=\"twitter:description\" content=\"Teamdeck cares about your privacy and security of its service. Please, read the following privacy policy carefully.\" \/>\n<meta name=\"twitter:image\" content=\"https:\/\/cdn.teamdeck.io\/uploads\/website\/2017\/09\/teamdeck-share.png\" \/>\n<meta name=\"twitter:site\" content=\"@helloteamdeck\" \/>\n<meta name=\"twitter:label1\" content=\"Est. reading time\" \/>\n\t<meta name=\"twitter:data1\" content=\"6 minutes\" \/>\n<script type=\"application\/ld+json\" class=\"yoast-schema-graph\">{\"@context\":\"https:\/\/schema.org\",\"@graph\":[{\"@type\":\"WebPage\",\"@id\":\"https:\/\/teamdeck.io\/privacy-policy\/\",\"url\":\"https:\/\/teamdeck.io\/privacy-policy\/\",\"name\":\"Teamdeck - Privacy Policy\",\"isPartOf\":{\"@id\":\"https:\/\/teamdeck.io\/#website\"},\"datePublished\":\"2017-09-07T10:08:23+00:00\",\"dateModified\":\"2024-04-08T11:08:17+00:00\",\"description\":\"Teamdeck cares about your privacy and security of its service. Please, read the following privacy policy carefully.\",\"breadcrumb\":{\"@id\":\"https:\/\/teamdeck.io\/privacy-policy\/#breadcrumb\"},\"inLanguage\":\"de-DE\",\"potentialAction\":[{\"@type\":\"ReadAction\",\"target\":[\"https:\/\/teamdeck.io\/privacy-policy\/\"]}]},{\"@type\":\"BreadcrumbList\",\"@id\":\"https:\/\/teamdeck.io\/privacy-policy\/#breadcrumb\",\"itemListElement\":[{\"@type\":\"ListItem\",\"position\":1,\"name\":\"Home\",\"item\":\"https:\/\/teamdeck.io\/\"},{\"@type\":\"ListItem\",\"position\":2,\"name\":\"Privacy Policy\"}]},{\"@type\":\"WebSite\",\"@id\":\"https:\/\/teamdeck.io\/#website\",\"url\":\"https:\/\/teamdeck.io\/\",\"name\":\"Teamdeck\",\"description\":\"resource scheduling + time tracking + leave management\",\"potentialAction\":[{\"@type\":\"SearchAction\",\"target\":{\"@type\":\"EntryPoint\",\"urlTemplate\":\"https:\/\/teamdeck.io\/?s={search_term_string}\"},\"query-input\":{\"@type\":\"PropertyValueSpecification\",\"valueRequired\":true,\"valueName\":\"search_term_string\"}}],\"inLanguage\":\"de-DE\"}]}<\/script>\n<!-- \/ Yoast SEO Premium plugin. -->","yoast_head_json":{"title":"Teamdeck - Privacy Policy","description":"Teamdeck cares about your privacy and security of its service. Please, read the following privacy policy carefully.","robots":{"index":"index","follow":"follow","max-snippet":"max-snippet:-1","max-image-preview":"max-image-preview:large","max-video-preview":"max-video-preview:-1"},"canonical":"https:\/\/teamdeck.io\/de\/datenschutzbestimmungen\/","og_locale":"de_DE","og_type":"article","og_title":"Teamdeck - Privacy Policy","og_description":"Teamdeck cares about your privacy and security of its service. Please, read the following privacy policy carefully.","og_url":"https:\/\/teamdeck.io\/de\/datenschutzbestimmungen\/","og_site_name":"Teamdeck","article_publisher":"https:\/\/www.facebook.com\/helloteamdeck","article_modified_time":"2024-04-08T11:08:17+00:00","og_image":[{"url":"https:\/\/cdn.teamdeck.io\/uploads\/website\/2017\/09\/teamdeck-share.png","type":"","width":"","height":""}],"twitter_card":"summary_large_image","twitter_title":"Teamdeck - Privacy Policy","twitter_description":"Teamdeck cares about your privacy and security of its service. Please, read the following privacy policy carefully.","twitter_image":"https:\/\/cdn.teamdeck.io\/uploads\/website\/2017\/09\/teamdeck-share.png","twitter_site":"@helloteamdeck","twitter_misc":{"Est. reading time":"6 minutes"},"schema":{"@context":"https:\/\/schema.org","@graph":[{"@type":"WebPage","@id":"https:\/\/teamdeck.io\/privacy-policy\/","url":"https:\/\/teamdeck.io\/privacy-policy\/","name":"Teamdeck - Privacy Policy","isPartOf":{"@id":"https:\/\/teamdeck.io\/#website"},"datePublished":"2017-09-07T10:08:23+00:00","dateModified":"2024-04-08T11:08:17+00:00","description":"Teamdeck cares about your privacy and security of its service. Please, read the following privacy policy carefully.","breadcrumb":{"@id":"https:\/\/teamdeck.io\/privacy-policy\/#breadcrumb"},"inLanguage":"de-DE","potentialAction":[{"@type":"ReadAction","target":["https:\/\/teamdeck.io\/privacy-policy\/"]}]},{"@type":"BreadcrumbList","@id":"https:\/\/teamdeck.io\/privacy-policy\/#breadcrumb","itemListElement":[{"@type":"ListItem","position":1,"name":"Home","item":"https:\/\/teamdeck.io\/"},{"@type":"ListItem","position":2,"name":"Privacy Policy"}]},{"@type":"WebSite","@id":"https:\/\/teamdeck.io\/#website","url":"https:\/\/teamdeck.io\/","name":"Teamdeck","description":"resource scheduling + time tracking + leave management","potentialAction":[{"@type":"SearchAction","target":{"@type":"EntryPoint","urlTemplate":"https:\/\/teamdeck.io\/?s={search_term_string}"},"query-input":{"@type":"PropertyValueSpecification","valueRequired":true,"valueName":"search_term_string"}}],"inLanguage":"de-DE"}]}},"_links":{"self":[{"href":"https:\/\/teamdeck.io\/de\/wp-json\/wp\/v2\/pages\/2853","targetHints":{"allow":["GET"]}}],"collection":[{"href":"https:\/\/teamdeck.io\/de\/wp-json\/wp\/v2\/pages"}],"about":[{"href":"https:\/\/teamdeck.io\/de\/wp-json\/wp\/v2\/types\/page"}],"author":[{"embeddable":true,"href":"https:\/\/teamdeck.io\/de\/wp-json\/wp\/v2\/users\/17"}],"replies":[{"embeddable":true,"href":"https:\/\/teamdeck.io\/de\/wp-json\/wp\/v2\/comments?post=2853"}],"version-history":[{"count":15,"href":"https:\/\/teamdeck.io\/de\/wp-json\/wp\/v2\/pages\/2853\/revisions"}],"predecessor-version":[{"id":12719,"href":"https:\/\/teamdeck.io\/de\/wp-json\/wp\/v2\/pages\/2853\/revisions\/12719"}],"wp:attachment":[{"href":"https:\/\/teamdeck.io\/de\/wp-json\/wp\/v2\/media?parent=2853"}],"curies":[{"name":"wp","href":"https:\/\/api.w.org\/{rel}","templated":true}]}}