{"id":5784,"date":"2020-03-10T21:48:14","date_gmt":"2020-03-10T19:48:14","guid":{"rendered":"https:\/\/teamdeck.io\/?page_id=5784"},"modified":"2021-12-16T19:38:46","modified_gmt":"2021-12-16T17:38:46","slug":"teamdeck-vs-monday","status":"publish","type":"page","link":"https:\/\/teamdeck.io\/da\/teamdeck-vs-monday\/","title":{"rendered":"Teamdeck vs Monday.com"},"content":{"rendered":"<div data-vc-full-width=\"true\" data-vc-full-width-init=\"false\" class=\"vc_row wpb_row vc_row-fluid redl-row-section vc_custom_1547727116563 vc_row-has-fill vc_row-o-content-middle vc_row-flex padding-default bgv-default bgh-default halign-center\"><div class=\"wpb_column vc_column_container text-left vc_col-sm-4 padding-default bgv-default bgh-default halign-center\"><div class=\"vc_column-inner\"><div class=\"wpb_wrapper\">\n\t<div class=\"wpb_text_column wpb_content_element\" >\n\t\t<div class=\"wpb_wrapper\">\n\t\t\t<h1>Teamdeck vs Monday.com<\/h1>\n<p style=\"text-align: justify;\">Teamdeck er en <a href=\"https:\/\/teamdeck.io\/da\/\">software til ressourceplanl\u00e6gning<\/a> bruges til at styre ressourcer og planl\u00e6gge tidsplaner. Det er et laserfokuseret v\u00e6rkt\u00f8j, der bruges af b\u00e5de sm\u00e5 og store organisationer.<\/p>\n<p style=\"text-align: justify;\">Af virksomheder fra tech-, reklame- og forskningsbranchen. Af <a href=\"https:\/\/www.circusmaximus.com\/\">Cirkus Maximus<\/a> eller Stormind Games. Udvalgt af medlemmer af kreative teams og projektledere.<\/p>\n\n\t\t<\/div>\n\t<\/div>\n\n\t<div class=\"wpb_text_column wpb_content_element\" >\n\t\t<div class=\"wpb_wrapper\">\n\t\t\t<p style=\"text-align: left;\"><span class=\"arrow-link\"><a href=\"https:\/\/app.teamdeck.io\/register\">F\u00e5 en 30-dages GRATIS pr\u00f8veperiode<\/a><\/span><\/p>\n\n\t\t<\/div>\n\t<\/div>\n<\/div><\/div><\/div><div class=\"wpb_column vc_column_container text-center vc_col-sm-8 vc_col-has-fill padding-default bgv-default bgh-default halign-center\"><div class=\"vc_column-inner vc_custom_1583827482870\"><div class=\"wpb_wrapper\">\n\t<div class=\"wpb_text_column wpb_content_element  vc_custom_1638211493070 video-nocontrols\" >\n\t\t<div class=\"wpb_wrapper\">\n\t\t\t<p><img loading=\"lazy\" decoding=\"async\" class=\"aligncenter wp-image-5788\" src=\"https:\/\/cdn.teamdeck.io\/uploads\/website\/2020\/03\/10132651\/Untitled-design-2-300x250.png\" alt=\"P\u00e5 markedet for projektstyringssoftware kan Teamdeck nemt behandles som et mandagsalternativ.\" width=\"600\" height=\"500\" srcset=\"https:\/\/cdn.teamdeck.io\/uploads\/website\/2020\/03\/10132651\/Untitled-design-2-300x250.png 300w, https:\/\/cdn.teamdeck.io\/uploads\/website\/2020\/03\/10132651\/Untitled-design-2-768x640.png 768w, https:\/\/cdn.teamdeck.io\/uploads\/website\/2020\/03\/10132651\/Untitled-design-2-960x800.png 960w, https:\/\/cdn.teamdeck.io\/uploads\/website\/2020\/03\/10132651\/Untitled-design-2.png 1800w\" sizes=\"auto, (max-width: 600px) 100vw, 600px\" \/><\/p>\n\n\t\t<\/div>\n\t<\/div>\n<\/div><\/div><\/div><\/div><div class=\"vc_row-full-width vc_clearfix\"><\/div><div class=\"vc_row wpb_row vc_row-fluid redl-row-section padding-default bgv-default bgh-default halign-default\"><div class=\"wpb_column vc_column_container text-left vc_col-sm-12 padding-default bgv-default bgh-default halign-default\"><div class=\"vc_column-inner\"><div class=\"wpb_wrapper\">\n\t<div class=\"wpb_text_column wpb_content_element\" >\n\t\t<div class=\"wpb_wrapper\">\n\t\t\t<h2>Leder du efter alternativer til Monday.com?<\/h2>\n<p>Vi taler j\u00e6vnligt med folk, der evaluerer forskellige softwaremuligheder til ressourceplanl\u00e6gning og ressourceallokering. Deres valg kan meget ofte koges ned til \u00e9t sp\u00f8rgsm\u00e5l: <strong>Har du det bedst med et h\u00f8jt specialiseret v\u00e6rkt\u00f8j til at l\u00f8se denne opgave, eller vil du hellere bruge en mere alsidig app?<\/strong><\/p>\n<p style=\"text-align: justify;\">Teamdeck handler om ressourcestyring. Det kombinerer funktioner til medarbejderplanl\u00e6gning, tidsregistrering og frav\u00e6rsstyring. Derudover f\u00e5r du adgang til et omfattende analyseafsnit, der giver dig mulighed for at analysere dit teams produktivitet, overv\u00e5ge timesedler og generere kunderapporter.<\/p>\n<p style=\"text-align: justify;\">Monday.com er et visuelt samarbejdsv\u00e6rkt\u00f8j med masser af plads til tilpasning. Du kan bruge det til mange forskellige form\u00e5l: fra projektledelse til salgs- og forretningsledelse eller udvikling. Indr\u00f8mmet, det kommer med en h\u00f8jere pris.<\/p>\n\n\t\t<\/div>\n\t<\/div>\n<\/div><\/div><\/div><\/div><div class=\"vc_row wpb_row vc_row-fluid redl-row-section padding-small bgv-default bgh-default halign-default\"><div class=\"wpb_column vc_column_container text-left vc_col-sm-12 padding-default bgv-default bgh-default halign-default\"><div class=\"vc_column-inner\"><div class=\"wpb_wrapper\">\n\t<div class=\"wpb_text_column wpb_content_element\" >\n\t\t<div class=\"wpb_wrapper\">\n\t\t\t<h2 style=\"text-align: center;\"><strong>3 grunde til, at virksomheder elsker Teamdeck <a href=\"https:\/\/teamdeck.io\/da\/\">software til ressourceplanl\u00e6gning<\/a><\/strong><\/h2>\n\n\t\t<\/div>\n\t<\/div>\n<\/div><\/div><\/div><\/div><div class=\"vc_row wpb_row vc_row-fluid redl-row-section use-cases-title vc_custom_1582120251302 padding-default bgv-default bgh-default halign-default\"><div class=\"wpb_column vc_column_container text-left vc_col-sm-4 padding-default bgv-default bgh-default halign-default\"><div class=\"vc_column-inner\"><div class=\"wpb_wrapper\">\n\t<div class=\"wpb_text_column wpb_content_element\" >\n\t\t<div class=\"wpb_wrapper\">\n\t\t\t<p style=\"text-align: center;\"><strong><span class=\"text-title column-title\">Dybdeg\u00e5ende ressourcestyring<\/span><\/strong><\/p>\n<p style=\"text-align: center;\">Vi ved, at effektiv ressourcestyring kan g\u00f8re din virksomhed mere rentabel. Derfor tilbyder vi funktioner, der hj\u00e6lper dig med at opn\u00e5 optimal produktivitet og samtidig bevare teamets gl\u00e6de. Teamdeck giver dig mulighed for at grave dybere ned i dit teams daglige arbejde og optimere forskellige omr\u00e5der af dit teams arbejdsgang.<\/p>\n\n\t\t<\/div>\n\t<\/div>\n<\/div><\/div><\/div><div class=\"wpb_column vc_column_container text-left vc_col-sm-4 padding-default bgv-default bgh-default halign-default\"><div class=\"vc_column-inner\"><div class=\"wpb_wrapper\">\n\t<div class=\"wpb_text_column wpb_content_element\" >\n\t\t<div class=\"wpb_wrapper\">\n\t\t\t<h3 style=\"text-align: center;\"><span class=\"text-title column-title\">Klar til brug ud af kassen<\/span><\/h3>\n<p style=\"text-align: center;\">Du beh\u00f8ver ikke at bruge tid p\u00e5 at opbygge workflows og dashboards: Vores app indeholder alt, hvad du beh\u00f8ver for at planl\u00e6gge dit teams arbejde og m\u00e5le deres pr\u00e6stationer. Opret en konto, og inviter dine teammedlemmer. <strong>Teamdeck vil g\u00f8re en forskel for teamledere og teammedlemmer fra dag 1. <\/strong><\/p>\n\n\t\t<\/div>\n\t<\/div>\n<\/div><\/div><\/div><div class=\"wpb_column vc_column_container text-left vc_col-sm-4 padding-default bgv-default bgh-default halign-default\"><div class=\"vc_column-inner\"><div class=\"wpb_wrapper\">\n\t<div class=\"wpb_text_column wpb_content_element\" >\n\t\t<div class=\"wpb_wrapper\">\n\t\t\t<h3 style=\"text-align: center;\"><span class=\"text-title column-title\">Support i verdensklasse<\/span><\/h3>\n<p style=\"text-align: center;\">Vi \u00f8nsker, at du <strong>f\u00e5 s\u00e5 meget v\u00e6rdi ud af Teamdeck som muligt<\/strong>. Vi gennemg\u00e5r produktet og organiserer en onboarding-samtale for dit team. Har du brug for hj\u00e6lp til noget andet? Vi tilbyder prioriteret support, n\u00e5r du har brug for det.<\/p>\n\n\t\t<\/div>\n\t<\/div>\n<\/div><\/div><\/div><\/div><div class=\"vc_row wpb_row vc_row-fluid redl-row-section padding-default bgv-default bgh-default halign-default\"><div class=\"wpb_column vc_column_container text-left vc_col-sm-12 padding-default bgv-default bgh-default halign-default\"><div class=\"vc_column-inner\"><div class=\"wpb_wrapper\"><\/div><\/div><\/div><\/div><div class=\"vc_row wpb_row vc_row-fluid redl-row-section padding-default bgv-default bgh-default halign-default\"><div class=\"wpb_column vc_column_container text-left vc_col-sm-12 padding-default bgv-default bgh-default halign-default\"><div class=\"vc_column-inner\"><div class=\"wpb_wrapper\">\n\t<div class=\"wpb_text_column wpb_content_element\" >\n\t\t<div class=\"wpb_wrapper\">\n\t\t\t<h2 class=\"ql-align-center\" style=\"text-align: center;\">Teamdeck som en <a href=\"https:\/\/teamdeck.io\/da\/\">v\u00e6rkt\u00f8j til opgavestyring<\/a> er i s\u00f8gelyset hos mange kendte virksomheder, der er p\u00e5 udkig efter Monday.com-alternativer<\/h2>\n\n\t\t<\/div>\n\t<\/div>\n<\/div><\/div><\/div><\/div><div class=\"vc_row wpb_row vc_row-fluid redl-row-section padding-default bgv-default bgh-default halign-default\"><div class=\"wpb_column vc_column_container text-left vc_col-sm-12 padding-default bgv-default bgh-default halign-default\"><div class=\"vc_column-inner vc_custom_1583774752686\"><div class=\"wpb_wrapper\"><form class=\"get-started-form\" action=\"\">\n  <div class=\"get-started-form__input-wrapper\">\n    <input class=\"get-started-form__input\" placeholder=\"Indtast din virksomheds e-mail\" \/>\n  <\/div>\n  <button type=\"submit\" class=\"get-started-form__button\">\n    <span class=\"get-started-form__button-text\">F\u00e5 en 14-dages GRATIS pr\u00f8veperiode<\/>\n  <\/button>\n  <button class=\"get-started-form__button\">\n    <span class=\"get-started-form__button-text\">Ugyldig e-mail<\/>\n  <\/button>\n<input type=\"hidden\" name=\"trp-form-language\" value=\"da\"\/><\/form>\n<\/div><\/div><\/div><\/div>","protected":false},"excerpt":{"rendered":"Teamdeck vs Monday.com Teamdeck er en ressourceplanl\u00e6gningssoftware, der bruges til at styre ressourcer og planl\u00e6gge tidsplaner. Det er et laserfokuseret v\u00e6rkt\u00f8j, der bruges af b\u00e5de sm\u00e5 bureauer og store organisationer. Af virksomheder inden for teknologi, reklame og...","protected":false},"author":17,"featured_media":0,"parent":0,"menu_order":0,"comment_status":"closed","ping_status":"closed","template":"","meta":{"footnotes":""},"class_list":["post-5784","page","type-page","status-publish","hentry"],"yoast_head":"<!-- This site is optimized with the Yoast SEO Premium plugin v23.8 (Yoast SEO v24.3) - https:\/\/yoast.com\/wordpress\/plugins\/seo\/ -->\n<title>Monday.com Alternatives - Teamdeck.io - Resource Management Software<\/title>\n<meta name=\"description\" content=\"Teamdeck.io resource management software is in use by Stormind Games, Circus Maximus, Hill-Knowlton, etc. We replaced Monday many times.\" \/>\n<meta name=\"robots\" content=\"index, follow, max-snippet:-1, max-image-preview:large, max-video-preview:-1\" \/>\n<link rel=\"canonical\" href=\"https:\/\/teamdeck.io\/da\/teamdeck-vs-monday\/\" \/>\n<meta property=\"og:locale\" content=\"da_DK\" \/>\n<meta property=\"og:type\" content=\"article\" \/>\n<meta property=\"og:title\" content=\"Teamdeck vs Monday.com\" \/>\n<meta property=\"og:description\" content=\"Teamdeck.io resource management software is in use by Stormind Games, Circus Maximus, Hill-Knowlton, etc. We replaced Monday many times.\" \/>\n<meta property=\"og:url\" content=\"https:\/\/teamdeck.io\/da\/teamdeck-vs-monday\/\" \/>\n<meta property=\"og:site_name\" content=\"Teamdeck\" \/>\n<meta property=\"article:publisher\" content=\"https:\/\/www.facebook.com\/helloteamdeck\" \/>\n<meta property=\"article:modified_time\" content=\"2021-12-16T17:38:46+00:00\" \/>\n<meta property=\"og:image\" content=\"https:\/\/teamdeck.io\/wp-content\/uploads\/2020\/03\/Untitled-design-2-300x250.png\" \/>\n<meta name=\"twitter:card\" content=\"summary_large_image\" \/>\n<meta name=\"twitter:site\" content=\"@helloteamdeck\" \/>\n<meta name=\"twitter:label1\" content=\"Est. reading time\" \/>\n\t<meta name=\"twitter:data1\" content=\"3 minutes\" \/>\n<script type=\"application\/ld+json\" class=\"yoast-schema-graph\">{\"@context\":\"https:\/\/schema.org\",\"@graph\":[{\"@type\":\"WebPage\",\"@id\":\"https:\/\/teamdeck.io\/teamdeck-vs-monday\/\",\"url\":\"https:\/\/teamdeck.io\/teamdeck-vs-monday\/\",\"name\":\"Monday.com Alternatives - Teamdeck.io - Resource Management Software\",\"isPartOf\":{\"@id\":\"https:\/\/teamdeck.io\/#website\"},\"primaryImageOfPage\":{\"@id\":\"https:\/\/teamdeck.io\/teamdeck-vs-monday\/#primaryimage\"},\"image\":{\"@id\":\"https:\/\/teamdeck.io\/teamdeck-vs-monday\/#primaryimage\"},\"thumbnailUrl\":\"https:\/\/teamdeck.io\/wp-content\/uploads\/2020\/03\/Untitled-design-2-300x250.png\",\"datePublished\":\"2020-03-10T19:48:14+00:00\",\"dateModified\":\"2021-12-16T17:38:46+00:00\",\"description\":\"Teamdeck.io resource management software is in use by Stormind Games, Circus Maximus, Hill-Knowlton, etc. We replaced Monday many times.\",\"breadcrumb\":{\"@id\":\"https:\/\/teamdeck.io\/teamdeck-vs-monday\/#breadcrumb\"},\"inLanguage\":\"da-DK\",\"potentialAction\":[{\"@type\":\"ReadAction\",\"target\":[\"https:\/\/teamdeck.io\/teamdeck-vs-monday\/\"]}]},{\"@type\":\"ImageObject\",\"inLanguage\":\"da-DK\",\"@id\":\"https:\/\/teamdeck.io\/teamdeck-vs-monday\/#primaryimage\",\"url\":\"https:\/\/teamdeck.io\/wp-content\/uploads\/2020\/03\/Untitled-design-2-300x250.png\",\"contentUrl\":\"https:\/\/teamdeck.io\/wp-content\/uploads\/2020\/03\/Untitled-design-2-300x250.png\"},{\"@type\":\"BreadcrumbList\",\"@id\":\"https:\/\/teamdeck.io\/teamdeck-vs-monday\/#breadcrumb\",\"itemListElement\":[{\"@type\":\"ListItem\",\"position\":1,\"name\":\"Home\",\"item\":\"https:\/\/teamdeck.io\/\"},{\"@type\":\"ListItem\",\"position\":2,\"name\":\"Teamdeck vs Monday.com\"}]},{\"@type\":\"WebSite\",\"@id\":\"https:\/\/teamdeck.io\/#website\",\"url\":\"https:\/\/teamdeck.io\/\",\"name\":\"Teamdeck\",\"description\":\"resource scheduling + time tracking + leave management\",\"potentialAction\":[{\"@type\":\"SearchAction\",\"target\":{\"@type\":\"EntryPoint\",\"urlTemplate\":\"https:\/\/teamdeck.io\/?s={search_term_string}\"},\"query-input\":{\"@type\":\"PropertyValueSpecification\",\"valueRequired\":true,\"valueName\":\"search_term_string\"}}],\"inLanguage\":\"da-DK\"}]}<\/script>\n<!-- \/ Yoast SEO Premium plugin. -->","yoast_head_json":{"title":"Monday.com Alternatives - Teamdeck.io - Resource Management Software","description":"Teamdeck.io resource management software is in use by Stormind Games, Circus Maximus, Hill-Knowlton, etc. We replaced Monday many times.","robots":{"index":"index","follow":"follow","max-snippet":"max-snippet:-1","max-image-preview":"max-image-preview:large","max-video-preview":"max-video-preview:-1"},"canonical":"https:\/\/teamdeck.io\/da\/teamdeck-vs-monday\/","og_locale":"da_DK","og_type":"article","og_title":"Teamdeck vs Monday.com","og_description":"Teamdeck.io resource management software is in use by Stormind Games, Circus Maximus, Hill-Knowlton, etc. We replaced Monday many times.","og_url":"https:\/\/teamdeck.io\/da\/teamdeck-vs-monday\/","og_site_name":"Teamdeck","article_publisher":"https:\/\/www.facebook.com\/helloteamdeck","article_modified_time":"2021-12-16T17:38:46+00:00","og_image":[{"url":"https:\/\/teamdeck.io\/wp-content\/uploads\/2020\/03\/Untitled-design-2-300x250.png","type":"","width":"","height":""}],"twitter_card":"summary_large_image","twitter_site":"@helloteamdeck","twitter_misc":{"Est. reading time":"3 minutes"},"schema":{"@context":"https:\/\/schema.org","@graph":[{"@type":"WebPage","@id":"https:\/\/teamdeck.io\/teamdeck-vs-monday\/","url":"https:\/\/teamdeck.io\/teamdeck-vs-monday\/","name":"Monday.com Alternatives - Teamdeck.io - Resource Management Software","isPartOf":{"@id":"https:\/\/teamdeck.io\/#website"},"primaryImageOfPage":{"@id":"https:\/\/teamdeck.io\/teamdeck-vs-monday\/#primaryimage"},"image":{"@id":"https:\/\/teamdeck.io\/teamdeck-vs-monday\/#primaryimage"},"thumbnailUrl":"https:\/\/teamdeck.io\/wp-content\/uploads\/2020\/03\/Untitled-design-2-300x250.png","datePublished":"2020-03-10T19:48:14+00:00","dateModified":"2021-12-16T17:38:46+00:00","description":"Teamdeck.io resource management software is in use by Stormind Games, Circus Maximus, Hill-Knowlton, etc. We replaced Monday many times.","breadcrumb":{"@id":"https:\/\/teamdeck.io\/teamdeck-vs-monday\/#breadcrumb"},"inLanguage":"da-DK","potentialAction":[{"@type":"ReadAction","target":["https:\/\/teamdeck.io\/teamdeck-vs-monday\/"]}]},{"@type":"ImageObject","inLanguage":"da-DK","@id":"https:\/\/teamdeck.io\/teamdeck-vs-monday\/#primaryimage","url":"https:\/\/teamdeck.io\/wp-content\/uploads\/2020\/03\/Untitled-design-2-300x250.png","contentUrl":"https:\/\/teamdeck.io\/wp-content\/uploads\/2020\/03\/Untitled-design-2-300x250.png"},{"@type":"BreadcrumbList","@id":"https:\/\/teamdeck.io\/teamdeck-vs-monday\/#breadcrumb","itemListElement":[{"@type":"ListItem","position":1,"name":"Home","item":"https:\/\/teamdeck.io\/"},{"@type":"ListItem","position":2,"name":"Teamdeck vs Monday.com"}]},{"@type":"WebSite","@id":"https:\/\/teamdeck.io\/#website","url":"https:\/\/teamdeck.io\/","name":"Teamdeck","description":"resource scheduling + time tracking + leave management","potentialAction":[{"@type":"SearchAction","target":{"@type":"EntryPoint","urlTemplate":"https:\/\/teamdeck.io\/?s={search_term_string}"},"query-input":{"@type":"PropertyValueSpecification","valueRequired":true,"valueName":"search_term_string"}}],"inLanguage":"da-DK"}]}},"_links":{"self":[{"href":"https:\/\/teamdeck.io\/da\/wp-json\/wp\/v2\/pages\/5784","targetHints":{"allow":["GET"]}}],"collection":[{"href":"https:\/\/teamdeck.io\/da\/wp-json\/wp\/v2\/pages"}],"about":[{"href":"https:\/\/teamdeck.io\/da\/wp-json\/wp\/v2\/types\/page"}],"author":[{"embeddable":true,"href":"https:\/\/teamdeck.io\/da\/wp-json\/wp\/v2\/users\/17"}],"replies":[{"embeddable":true,"href":"https:\/\/teamdeck.io\/da\/wp-json\/wp\/v2\/comments?post=5784"}],"version-history":[{"count":13,"href":"https:\/\/teamdeck.io\/da\/wp-json\/wp\/v2\/pages\/5784\/revisions"}],"predecessor-version":[{"id":8163,"href":"https:\/\/teamdeck.io\/da\/wp-json\/wp\/v2\/pages\/5784\/revisions\/8163"}],"wp:attachment":[{"href":"https:\/\/teamdeck.io\/da\/wp-json\/wp\/v2\/media?parent=5784"}],"curies":[{"name":"wp","href":"https:\/\/api.w.org\/{rel}","templated":true}]}}