{"id":4392,"date":"2019-01-15T16:31:41","date_gmt":"2019-01-15T14:31:41","guid":{"rendered":"https:\/\/teamdeck.io\/?page_id=4392"},"modified":"2022-04-06T16:46:04","modified_gmt":"2022-04-06T14:46:04","slug":"product-tour-videos","status":"publish","type":"page","link":"https:\/\/teamdeck.io\/da\/videoer-af-produktturen\/","title":{"rendered":"Produktrundvisning - Videoer"},"content":{"rendered":"<div data-vc-full-width=\"true\" data-vc-full-width-init=\"false\" class=\"vc_row wpb_row vc_row-fluid redl-row-section vc_custom_1547563317853 padding-default bgv-default bgh-default halign-default\"><div class=\"wpb_column vc_column_container text-center vc_col-sm-6 padding-medium bgv-default bgh-center halign-center\"><div class=\"vc_column-inner\"><div class=\"wpb_wrapper\">\n\t<div class=\"wpb_text_column wpb_content_element\" >\n\t\t<div class=\"wpb_wrapper\">\n\t\t\t<h1 style=\"text-align: left;\">Produktture<\/h1>\n\n\t\t<\/div>\n\t<\/div>\n\n\t<div class=\"wpb_text_column wpb_content_element  vc_custom_1649255942586\" >\n\t\t<div class=\"wpb_wrapper\">\n\t\t\t<p style=\"text-align: left;\"><span style=\"font-size: 18px;\">F\u00e5 et indblik i Teamdecks kernefunktioner, s\u00e5 du kan f\u00e5 det fulde udbytte af v\u00e6rkt\u00f8jet. <\/span><\/p>\n<p style=\"text-align: left;\"><span style=\"font-size: 18px;\"><strong>V\u00e6lg et emne<\/strong> <strong>nedenfor<\/strong> du gerne vil udforske, og se en kort video, der guider dig gennem appen.<\/span><\/p>\n\n\t\t<\/div>\n\t<\/div>\n<\/div><\/div><\/div><div class=\"wpb_column vc_column_container text-left vc_col-sm-6 padding-default bgv-default bgh-default halign-default\"><div class=\"vc_column-inner\"><div class=\"wpb_wrapper\">\n\t<div  class=\"wpb_single_image wpb_content_element vc_align_center\">\n\t\t\n\t\t<figure class=\"wpb_wrapper vc_figure\">\n\t\t\t<div class=\"vc_single_image-wrapper   vc_box_border_grey\"><img loading=\"lazy\" decoding=\"async\" width=\"1036\" height=\"747\" src=\"https:\/\/cdn.teamdeck.io\/uploads\/website\/2022\/03\/02201110\/product_tour_hero_videos-e1547553065198-1.png\" class=\"vc_single_image-img attachment-large\" alt=\"\" srcset=\"https:\/\/cdn.teamdeck.io\/uploads\/website\/2022\/03\/02201110\/product_tour_hero_videos-e1547553065198-1.png 1036w, https:\/\/cdn.teamdeck.io\/uploads\/website\/2022\/03\/02201110\/product_tour_hero_videos-e1547553065198-1-300x216.png 300w, https:\/\/cdn.teamdeck.io\/uploads\/website\/2022\/03\/02201110\/product_tour_hero_videos-e1547553065198-1-768x554.png 768w\" sizes=\"auto, (max-width: 1036px) 100vw, 1036px\" \/><\/div>\n\t\t<\/figure>\n\t<\/div>\n<\/div><\/div><\/div><\/div><div class=\"vc_row-full-width vc_clearfix\"><\/div><div class=\"vc_row wpb_row vc_row-fluid redl-row-section vc_custom_1526287266181 padding-large bgv-default bgh-default halign-default\"><div class=\"wpb_column vc_column_container text-left vc_col-sm-12 padding-default bgv-default bgh-default halign-default\"><div class=\"vc_column-inner\"><div class=\"wpb_wrapper\"><div class=\"vc_empty_space\"   style=\"height: 32px\" ><span class=\"vc_empty_space_inner\"><\/span><\/div>\n\n\t<div class=\"wpb_text_column wpb_content_element\" >\n\t\t<div class=\"wpb_wrapper\">\n\t\t\t<p style=\"text-align: center;\"><span class=\"message\">Tag med p\u00e5 turen:<\/span><\/p>\n\n\t\t<\/div>\n\t<\/div>\n<div class=\"vc_empty_space\"   style=\"height: 32px\" ><span class=\"vc_empty_space_inner\"><\/span><\/div>\n<\/div><\/div><\/div><\/div><div data-vc-full-width=\"true\" data-vc-full-width-init=\"false\" class=\"vc_row wpb_row vc_row-fluid redl-row-section feature-row vc_custom_1504100640393 vc_row-o-equal-height vc_row-o-content-middle vc_row-flex padding-medium bgv-default bgh-default halign-center\"><div class=\"feature-image wpb_column vc_column_container text-left vc_col-sm-7 vc_col-lg-6 padding-default bgv-default bgh-default halign-default\"><div class=\"vc_column-inner\"><div class=\"wpb_wrapper\">\n\t<div class=\"wpb_text_column wpb_content_element\" >\n\t\t<div class=\"wpb_wrapper\">\n\t\t\t<p><iframe loading=\"lazy\" src=\"\/\/www.youtube.com\/embed\/4TaHr0HZBcg\" width=\"560\" height=\"314\" allowfullscreen=\"allowfullscreen\"><\/iframe><\/p>\n\n\t\t<\/div>\n\t<\/div>\n<\/div><\/div><\/div><div class=\"feature-info wpb_column vc_column_container text-left vc_col-sm-5 vc_col-lg-4 padding-small bgv-default bgh-default halign-default\"><div class=\"vc_column-inner\"><div class=\"wpb_wrapper\">\n\t<div class=\"wpb_text_column wpb_content_element\" >\n\t\t<div class=\"wpb_wrapper\">\n\t\t\t<p><span style=\"font-size: 18px; text-transform: uppercase;\"><b>Hvad kan teamdeck g\u00f8re for dig?<\/b><\/span><\/p>\n<p>En hurtig gennemgang af vores software til ressourceplanl\u00e6gning. Teamplanl\u00e6gning, projekter, timesedler, tidsregistrering, brugerdefinerede felter, skabeloner til rapporter, der kan tilpasses osv. Disse og andre funktioner vises i denne video.<\/p>\n\n\t\t<\/div>\n\t<\/div>\n<\/div><\/div><\/div><\/div><div class=\"vc_row-full-width vc_clearfix\"><\/div><div data-vc-full-width=\"true\" data-vc-full-width-init=\"false\" class=\"vc_row wpb_row vc_row-fluid redl-row-section feature-row vc_custom_1504100640393 vc_row-o-equal-height vc_row-o-content-middle vc_row-flex padding-medium bgv-default bgh-default halign-center\"><div class=\"feature-image wpb_column vc_column_container text-left vc_col-sm-7 vc_col-lg-6 padding-default bgv-default bgh-default halign-default\"><div class=\"vc_column-inner\"><div class=\"wpb_wrapper\">\n\t<div class=\"wpb_text_column wpb_content_element\" >\n\t\t<div class=\"wpb_wrapper\">\n\t\t\t<div style=\"position: relative; padding-bottom: 56.25%; width: 100%;\"><iframe loading=\"lazy\" style=\"position: absolute; top: 0; bottom: 0; left: 0; right: 0; width: 100%; height: 100%;\" src=\"https:\/\/www.youtube.com\/embed\/tteYeUfYmOg\" width=\"300\" height=\"150\" frameborder=\"0\" allowfullscreen=\"allowfullscreen\"><\/iframe><\/div>\n\n\t\t<\/div>\n\t<\/div>\n<\/div><\/div><\/div><div class=\"feature-info wpb_column vc_column_container text-left vc_col-sm-5 vc_col-lg-4 padding-small bgv-default bgh-default halign-default\"><div class=\"vc_column-inner\"><div class=\"wpb_wrapper\">\n\t<div class=\"wpb_text_column wpb_content_element\" >\n\t\t<div class=\"wpb_wrapper\">\n\t\t\t<p><span style=\"font-size: 18px; text-transform: uppercase;\"><b>S\u00e6t din organisation op<\/b><\/span><\/p>\n<p>Opret et omr\u00e5de for din virksomhed, s\u00e5 du kan tildele projekter til relevante teammedlemmer. Tilf\u00f8j dine projekter og medarbejdere, forst\u00e5 de forskellige brugerroller i Teamdeck, og opret brugerdefinerede felter til at filtrere personer eller projekter.<\/p>\n\n\t\t<\/div>\n\t<\/div>\n<\/div><\/div><\/div><\/div><div class=\"vc_row-full-width vc_clearfix\"><\/div><div data-vc-full-width=\"true\" data-vc-full-width-init=\"false\" class=\"vc_row wpb_row vc_row-fluid redl-row-section feature-row vc_custom_1504100640393 vc_row-o-equal-height vc_row-o-content-middle vc_row-flex padding-medium bgv-default bgh-default halign-center\"><div class=\"feature-image wpb_column vc_column_container text-left vc_col-sm-7 vc_col-lg-6 padding-default bgv-default bgh-default halign-default\"><div class=\"vc_column-inner\"><div class=\"wpb_wrapper\">\n\t<div class=\"wpb_text_column wpb_content_element\" >\n\t\t<div class=\"wpb_wrapper\">\n\t\t\t<div style=\"position: relative; padding-bottom: 56.25%; width: 100%;\"><iframe loading=\"lazy\" style=\"position: absolute; top: 0; bottom: 0; left: 0; right: 0; width: 100%; height: 100%;\" src=\"https:\/\/www.youtube.com\/embed\/bSNMh2CGKYc\" width=\"300\" height=\"150\" frameborder=\"0\" allowfullscreen=\"allowfullscreen\"><\/iframe><\/div>\n\n\t\t<\/div>\n\t<\/div>\n<\/div><\/div><\/div><div class=\"feature-info wpb_column vc_column_container text-left vc_col-sm-5 vc_col-lg-4 padding-small bgv-default bgh-default halign-default\"><div class=\"vc_column-inner\"><div class=\"wpb_wrapper\">\n\t<div class=\"wpb_text_column wpb_content_element\" >\n\t\t<div class=\"wpb_wrapper\">\n\t\t\t<p><span style=\"font-size: 18px; text-transform: uppercase;\"><b>UDFORSK KALENDERENS FUNKTIONER<\/b><\/span><\/p>\n<p>Tag en hurtig rundtur i Teamdecks kalendervisning. L\u00e6r, hvordan du tilf\u00f8jer bookinger, tidsregistreringer og fridage. Se derefter, hvordan du kan bruge tilg\u00e6ngelighedsbj\u00e6lker til at styre dit teams arbejdsbyrde.<\/p>\n\n\t\t<\/div>\n\t<\/div>\n<\/div><\/div><\/div><\/div><div class=\"vc_row-full-width vc_clearfix\"><\/div><div data-vc-full-width=\"true\" data-vc-full-width-init=\"false\" class=\"vc_row wpb_row vc_row-fluid redl-row-section feature-row vc_custom_1504100640393 vc_row-o-equal-height vc_row-o-content-middle vc_row-flex padding-medium bgv-default bgh-default halign-center\"><div class=\"feature-image wpb_column vc_column_container text-left vc_col-sm-7 vc_col-lg-6 padding-default bgv-default bgh-default halign-default\"><div class=\"vc_column-inner\"><div class=\"wpb_wrapper\">\n\t<div class=\"wpb_text_column wpb_content_element\" >\n\t\t<div class=\"wpb_wrapper\">\n\t\t\t<div style=\"position: relative; padding-bottom: 56.25%; width: 100%;\"><iframe loading=\"lazy\" style=\"position: absolute; top: 0; bottom: 0; left: 0; right: 0; width: 100%; height: 100%;\" src=\"https:\/\/www.youtube.com\/embed\/OasxmOETEcg\" width=\"300\" height=\"150\" frameborder=\"0\" allowfullscreen=\"allowfullscreen\"><\/iframe><\/div>\n\n\t\t<\/div>\n\t<\/div>\n<\/div><\/div><\/div><div class=\"feature-info wpb_column vc_column_container text-left vc_col-sm-5 vc_col-lg-4 padding-small bgv-default bgh-default halign-default\"><div class=\"vc_column-inner\"><div class=\"wpb_wrapper\">\n\t<div class=\"wpb_text_column wpb_content_element\" >\n\t\t<div class=\"wpb_wrapper\">\n\t\t\t<p><span style=\"font-size: 18px; text-transform: uppercase;\"><b>F\u00c5 INDSIGT I DIN VIRKSOMHEDS RESULTATER<br \/>\n<\/b><\/span><span style=\"font-size: 18px; text-transform: uppercase;\"><b><br \/>\n<\/b><\/span>Brug Teamdecks rapporter til at holde styr p\u00e5 dit teams KPI'er, del resultaterne med andre og planl\u00e6g dit fremtidige arbejde baseret p\u00e5 data.<\/p>\n\n\t\t<\/div>\n\t<\/div>\n<\/div><\/div><\/div><\/div><div class=\"vc_row-full-width vc_clearfix\"><\/div><div data-vc-full-width=\"true\" data-vc-full-width-init=\"false\" class=\"vc_row wpb_row vc_row-fluid redl-row-section feature-row vc_custom_1504100640393 vc_row-o-equal-height vc_row-o-content-middle vc_row-flex padding-medium bgv-default bgh-default halign-center\"><div class=\"feature-image wpb_column vc_column_container text-left vc_col-sm-7 vc_col-lg-6 padding-default bgv-default bgh-default halign-default\"><div class=\"vc_column-inner\"><div class=\"wpb_wrapper\">\n\t<div class=\"wpb_text_column wpb_content_element\" >\n\t\t<div class=\"wpb_wrapper\">\n\t\t\t<div style=\"position: relative; padding-bottom: 56.25%; width: 100%;\"><iframe loading=\"lazy\" style=\"position: absolute; top: 0; bottom: 0; left: 0; right: 0; width: 100%; height: 100%;\" src=\"https:\/\/www.youtube.com\/embed\/_hlzymvBDuY\" width=\"300\" height=\"150\" frameborder=\"0\" allowfullscreen=\"allowfullscreen\"><\/iframe><\/div>\n\n\t\t<\/div>\n\t<\/div>\n<\/div><\/div><\/div><div class=\"feature-info wpb_column vc_column_container text-left vc_col-sm-5 vc_col-lg-4 padding-small bgv-default bgh-default halign-default\"><div class=\"vc_column-inner\"><div class=\"wpb_wrapper\">\n\t<div class=\"wpb_text_column wpb_content_element\" >\n\t\t<div class=\"wpb_wrapper\">\n\t\t\t<p><span style=\"font-size: 18px; text-transform: uppercase;\"><b>ADMINISTRER RESSOURCER OG PROJEKTER I DIN VIRKSOMHED<\/b><\/span><\/p>\n<p>Planl\u00e6g, optimer og m\u00e5l dit teams arbejde i Teamdeck. Fra planl\u00e6gning til rapportering har Teamdeck styr p\u00e5 dig og dit team, s\u00e5 du hurtigt kan navigere til de ressourcer, du har brug for, og f\u00e5 meningsfulde data om dit projekt.<\/p>\n\n\t\t<\/div>\n\t<\/div>\n<\/div><\/div><\/div><\/div><div class=\"vc_row-full-width vc_clearfix\"><\/div><div data-vc-full-width=\"true\" data-vc-full-width-init=\"false\" class=\"vc_row wpb_row vc_row-fluid redl-row-section feature-row vc_custom_1504100640393 vc_row-o-equal-height vc_row-o-content-middle vc_row-flex padding-medium bgv-default bgh-default halign-center\"><div class=\"feature-image wpb_column vc_column_container text-left vc_col-sm-7 vc_col-lg-6 padding-default bgv-default bgh-default halign-default\"><div class=\"vc_column-inner\"><div class=\"wpb_wrapper\">\n\t<div class=\"wpb_text_column wpb_content_element\" >\n\t\t<div class=\"wpb_wrapper\">\n\t\t\t<div style=\"position: relative; padding-bottom: 56.25%; width: 100%;\"><iframe loading=\"lazy\" style=\"position: absolute; top: 0; bottom: 0; left: 0; right: 0; width: 100%; height: 100%;\" src=\"https:\/\/www.youtube.com\/embed\/cY1YHg9UlLg\" width=\"300\" height=\"150\" frameborder=\"0\" allowfullscreen=\"allowfullscreen\"><\/iframe><\/div>\n\n\t\t<\/div>\n\t<\/div>\n<\/div><\/div><\/div><div class=\"feature-info wpb_column vc_column_container text-left vc_col-sm-5 vc_col-lg-4 padding-small bgv-default bgh-default halign-default\"><div class=\"vc_column-inner\"><div class=\"wpb_wrapper\">\n\t<div class=\"wpb_text_column wpb_content_element\" >\n\t\t<div class=\"wpb_wrapper\">\n\t\t\t<p><span style=\"font-size: 18px; text-transform: uppercase;\"><b>INTEGRER TEAMDECK MED SLACK<br \/>\n<\/b><\/span><span style=\"font-size: 18px; text-transform: uppercase;\"><b><br \/>\n<\/b><\/span>F\u00e5 besked om ferieanmodninger direkte p\u00e5 din valgte Slack-kanal.<\/p>\n\n\t\t<\/div>\n\t<\/div>\n<\/div><\/div><\/div><\/div><div class=\"vc_row-full-width vc_clearfix\"><\/div><div data-vc-full-width=\"true\" data-vc-full-width-init=\"false\" class=\"vc_row wpb_row vc_row-fluid redl-row-section feature-row vc_custom_1504100640393 vc_row-o-equal-height vc_row-o-content-middle vc_row-flex padding-medium bgv-default bgh-default halign-center\"><div class=\"wpb_column vc_column_container text-left vc_col-sm-12 padding-default bgv-default bgh-default halign-default\"><div class=\"vc_column-inner\"><div class=\"wpb_wrapper\"><div class=\"vc_empty_space\"   style=\"height: 32px\" ><span class=\"vc_empty_space_inner\"><\/span><\/div>\n<\/div><\/div><\/div><div class=\"feature-image wpb_column vc_column_container text-left vc_col-sm-6 vc_col-lg-6 padding-default bgv-default bgh-default halign-default\"><div class=\"vc_column-inner\"><div class=\"wpb_wrapper\">\n\t<div class=\"wpb_text_column wpb_content_element\" >\n\t\t<div class=\"wpb_wrapper\">\n\t\t\t<p style=\"text-align: center;\"><strong><span class=\"message\">Har du flere sp\u00f8rgsm\u00e5l? <\/span><\/strong><\/p>\n<p style=\"text-align: center;\"><span class=\"message\">Du er velkommen til at kontakte os!<\/span><\/p>\n\n\t\t<\/div>\n\t<\/div>\n<div class=\"vc_empty_space\"   style=\"height: 20px\" ><span class=\"vc_empty_space_inner\"><\/span><\/div>\n<\/div><\/div><\/div><div class=\"wpb_column vc_column_container text-left vc_col-sm-6 padding-default bgv-default bgh-default halign-default\"><div class=\"vc_column-inner\"><div class=\"wpb_wrapper\">\n\t<div class=\"wpb_text_column wpb_content_element\" >\n\t\t<div class=\"wpb_wrapper\">\n\t\t\t<div class=\"testimonial__content\">\n<p style=\"text-align: justify;\">Vi elsker det faktum, at uanset hvilket problem vi m\u00e5tte have, er der altid nogen i den anden ende af platformen, som er klar til at hj\u00e6lpe, st\u00f8tte, forklare og ivrig efter at h\u00f8re feedback, som ofte bliver implementeret i den f\u00f8lgende version! Det er, som om Teamdeck er bygget op omkring dig, og du er en aktiv del af forbedringsprocessen.<\/p>\n<p style=\"text-align: justify;\"><\/div>\n<div class=\"testimonial__author\" style=\"text-align: justify;\"><strong><span class=\"testimonial__author-name\">LUISA TATOLI<\/span><\/strong><\/div>\n<div class=\"testimonial__author\" style=\"text-align: justify;\"><span class=\"testimonial__author-job\">LEDENDE PARTNER HOS ROLL STUDIO<\/span><\/div>\n\n\t\t<\/div>\n\t<\/div>\n<\/div><\/div><\/div><\/div><div class=\"vc_row-full-width vc_clearfix\"><\/div><div data-vc-full-width=\"true\" data-vc-full-width-init=\"false\" class=\"vc_row wpb_row vc_row-fluid redl-row-section footer-message-row vc_custom_1502964176474 vc_row-has-fill vc_row-o-equal-height vc_row-flex padding-medium bgv-default bgh-default halign-default\"><div class=\"wpb_column vc_column_container text-center vc_col-sm-12 vc_col-lg-8 vc_col-md-9 padding-default bgv-default bgh-default halign-default\"><div class=\"vc_column-inner\"><div class=\"wpb_wrapper\">\n\t<div class=\"wpb_text_column wpb_content_element\" >\n\t\t<div class=\"wpb_wrapper\">\n\t\t\t<p><span class=\"message\">Kom om bord, og begynd at styre din virksomhed p\u00e5 et h\u00f8jere niveau. <\/span><\/p>\n\n\t\t<\/div>\n\t<\/div>\n<a class=\"redl-btn  redl-btn-border redl-btn-two  redl-btn-medium redl-btn-69ea2195ce8d5 btn-hover-one btn-icon-left signup-bottom\" href=\"https:\/\/app.teamdeck.io\/register\">F\u00e5 en 30-dages GRATIS pr\u00f8veperiode<\/a><\/div><\/div><\/div><\/div><div class=\"vc_row-full-width vc_clearfix\"><\/div>","protected":false},"excerpt":{"rendered":"Product Tours F\u00e5 et glimt af Teamdecks kernefunktioner, s\u00e5 du kan f\u00e5 fuldt udbytte af v\u00e6rkt\u00f8jet. V\u00e6lg det emne nedenfor, du gerne vil udforske, og se en kort video, der guider dig gennem appen. Tag et kig...","protected":false},"author":6,"featured_media":0,"parent":0,"menu_order":0,"comment_status":"closed","ping_status":"closed","template":"","meta":{"footnotes":""},"class_list":["post-4392","page","type-page","status-publish","hentry"],"yoast_head":"<!-- This site is optimized with the Yoast SEO Premium plugin v23.8 (Yoast SEO v24.3) - https:\/\/yoast.com\/wordpress\/plugins\/seo\/ -->\n<title>Teamdeck - Product Tour Videos<\/title>\n<meta name=\"description\" content=\"Teamdeck\u2019s product tour videos will help you explore the tools\u2019 core features and adopt best practices early on. Take the tour.\" \/>\n<meta name=\"robots\" content=\"index, follow, max-snippet:-1, max-image-preview:large, max-video-preview:-1\" \/>\n<link rel=\"canonical\" href=\"https:\/\/teamdeck.io\/da\/videoer-af-produktturen\/\" \/>\n<meta property=\"og:locale\" content=\"da_DK\" \/>\n<meta property=\"og:type\" content=\"article\" \/>\n<meta property=\"og:title\" content=\"Product Tour - Videos\" \/>\n<meta property=\"og:description\" content=\"Teamdeck\u2019s product tour videos will help you explore the tools\u2019 core features and adopt best practices early on. Take the tour.\" \/>\n<meta property=\"og:url\" content=\"https:\/\/teamdeck.io\/da\/videoer-af-produktturen\/\" \/>\n<meta property=\"og:site_name\" content=\"Teamdeck\" \/>\n<meta property=\"article:publisher\" content=\"https:\/\/www.facebook.com\/helloteamdeck\" \/>\n<meta property=\"article:modified_time\" content=\"2022-04-06T14:46:04+00:00\" \/>\n<meta name=\"twitter:card\" content=\"summary_large_image\" \/>\n<meta name=\"twitter:site\" content=\"@helloteamdeck\" \/>\n<meta name=\"twitter:label1\" content=\"Est. reading time\" \/>\n\t<meta name=\"twitter:data1\" content=\"3 minutes\" \/>\n<script type=\"application\/ld+json\" class=\"yoast-schema-graph\">{\"@context\":\"https:\/\/schema.org\",\"@graph\":[{\"@type\":\"WebPage\",\"@id\":\"https:\/\/teamdeck.io\/product-tour-videos\/\",\"url\":\"https:\/\/teamdeck.io\/product-tour-videos\/\",\"name\":\"Teamdeck - Product Tour Videos\",\"isPartOf\":{\"@id\":\"https:\/\/teamdeck.io\/#website\"},\"datePublished\":\"2019-01-15T14:31:41+00:00\",\"dateModified\":\"2022-04-06T14:46:04+00:00\",\"description\":\"Teamdeck\u2019s product tour videos will help you explore the tools\u2019 core features and adopt best practices early on. Take the tour.\",\"breadcrumb\":{\"@id\":\"https:\/\/teamdeck.io\/product-tour-videos\/#breadcrumb\"},\"inLanguage\":\"da-DK\",\"potentialAction\":[{\"@type\":\"ReadAction\",\"target\":[\"https:\/\/teamdeck.io\/product-tour-videos\/\"]}]},{\"@type\":\"BreadcrumbList\",\"@id\":\"https:\/\/teamdeck.io\/product-tour-videos\/#breadcrumb\",\"itemListElement\":[{\"@type\":\"ListItem\",\"position\":1,\"name\":\"Home\",\"item\":\"https:\/\/teamdeck.io\/\"},{\"@type\":\"ListItem\",\"position\":2,\"name\":\"Product Tour &#8211; Videos\"}]},{\"@type\":\"WebSite\",\"@id\":\"https:\/\/teamdeck.io\/#website\",\"url\":\"https:\/\/teamdeck.io\/\",\"name\":\"Teamdeck\",\"description\":\"resource scheduling + time tracking + leave management\",\"potentialAction\":[{\"@type\":\"SearchAction\",\"target\":{\"@type\":\"EntryPoint\",\"urlTemplate\":\"https:\/\/teamdeck.io\/?s={search_term_string}\"},\"query-input\":{\"@type\":\"PropertyValueSpecification\",\"valueRequired\":true,\"valueName\":\"search_term_string\"}}],\"inLanguage\":\"da-DK\"}]}<\/script>\n<!-- \/ Yoast SEO Premium plugin. -->","yoast_head_json":{"title":"Teamdeck - Product Tour Videos","description":"Teamdeck\u2019s product tour videos will help you explore the tools\u2019 core features and adopt best practices early on. Take the tour.","robots":{"index":"index","follow":"follow","max-snippet":"max-snippet:-1","max-image-preview":"max-image-preview:large","max-video-preview":"max-video-preview:-1"},"canonical":"https:\/\/teamdeck.io\/da\/videoer-af-produktturen\/","og_locale":"da_DK","og_type":"article","og_title":"Product Tour - Videos","og_description":"Teamdeck\u2019s product tour videos will help you explore the tools\u2019 core features and adopt best practices early on. Take the tour.","og_url":"https:\/\/teamdeck.io\/da\/videoer-af-produktturen\/","og_site_name":"Teamdeck","article_publisher":"https:\/\/www.facebook.com\/helloteamdeck","article_modified_time":"2022-04-06T14:46:04+00:00","twitter_card":"summary_large_image","twitter_site":"@helloteamdeck","twitter_misc":{"Est. reading time":"3 minutes"},"schema":{"@context":"https:\/\/schema.org","@graph":[{"@type":"WebPage","@id":"https:\/\/teamdeck.io\/product-tour-videos\/","url":"https:\/\/teamdeck.io\/product-tour-videos\/","name":"Teamdeck - Product Tour Videos","isPartOf":{"@id":"https:\/\/teamdeck.io\/#website"},"datePublished":"2019-01-15T14:31:41+00:00","dateModified":"2022-04-06T14:46:04+00:00","description":"Teamdeck\u2019s product tour videos will help you explore the tools\u2019 core features and adopt best practices early on. Take the tour.","breadcrumb":{"@id":"https:\/\/teamdeck.io\/product-tour-videos\/#breadcrumb"},"inLanguage":"da-DK","potentialAction":[{"@type":"ReadAction","target":["https:\/\/teamdeck.io\/product-tour-videos\/"]}]},{"@type":"BreadcrumbList","@id":"https:\/\/teamdeck.io\/product-tour-videos\/#breadcrumb","itemListElement":[{"@type":"ListItem","position":1,"name":"Home","item":"https:\/\/teamdeck.io\/"},{"@type":"ListItem","position":2,"name":"Product Tour &#8211; Videos"}]},{"@type":"WebSite","@id":"https:\/\/teamdeck.io\/#website","url":"https:\/\/teamdeck.io\/","name":"Teamdeck","description":"resource scheduling + time tracking + leave management","potentialAction":[{"@type":"SearchAction","target":{"@type":"EntryPoint","urlTemplate":"https:\/\/teamdeck.io\/?s={search_term_string}"},"query-input":{"@type":"PropertyValueSpecification","valueRequired":true,"valueName":"search_term_string"}}],"inLanguage":"da-DK"}]}},"_links":{"self":[{"href":"https:\/\/teamdeck.io\/da\/wp-json\/wp\/v2\/pages\/4392","targetHints":{"allow":["GET"]}}],"collection":[{"href":"https:\/\/teamdeck.io\/da\/wp-json\/wp\/v2\/pages"}],"about":[{"href":"https:\/\/teamdeck.io\/da\/wp-json\/wp\/v2\/types\/page"}],"author":[{"embeddable":true,"href":"https:\/\/teamdeck.io\/da\/wp-json\/wp\/v2\/users\/6"}],"replies":[{"embeddable":true,"href":"https:\/\/teamdeck.io\/da\/wp-json\/wp\/v2\/comments?post=4392"}],"version-history":[{"count":106,"href":"https:\/\/teamdeck.io\/da\/wp-json\/wp\/v2\/pages\/4392\/revisions"}],"predecessor-version":[{"id":10178,"href":"https:\/\/teamdeck.io\/da\/wp-json\/wp\/v2\/pages\/4392\/revisions\/10178"}],"wp:attachment":[{"href":"https:\/\/teamdeck.io\/da\/wp-json\/wp\/v2\/media?parent=4392"}],"curies":[{"name":"wp","href":"https:\/\/api.w.org\/{rel}","templated":true}]}}