{"id":2853,"date":"2017-09-07T12:08:23","date_gmt":"2017-09-07T10:08:23","guid":{"rendered":"https:\/\/teamdeck.io\/?page_id=2853"},"modified":"2024-04-08T13:08:17","modified_gmt":"2024-04-08T11:08:17","slug":"privacy-policy","status":"publish","type":"page","link":"https:\/\/teamdeck.io\/da\/privatlivspolitik\/","title":{"rendered":"Politik for beskyttelse af personlige oplysninger"},"content":{"rendered":"<div class=\"vc_row wpb_row vc_row-fluid redl-row-section padding-default bgv-default bgh-default halign-default\"><div class=\"wpb_column vc_column_container text-left vc_col-sm-12 padding-default bgv-default bgh-default halign-default\"><div class=\"vc_column-inner\"><div class=\"wpb_wrapper\"><div class=\"vc_empty_space\"   style=\"height: 32px\" ><span class=\"vc_empty_space_inner\"><\/span><\/div>\n\n\t<div class=\"wpb_text_column wpb_content_element\" >\n\t\t<div class=\"wpb_wrapper\">\n\t\t\t<h1 class=\"ng-scope\" style=\"text-align: center;\">Politik for beskyttelse af personlige oplysninger<\/h1>\n<p class=\"ng-scope\" style=\"text-align: center;\"><small>Sidst opdateret: 30. januar 2024<\/small><\/p>\n\n\t\t<\/div>\n\t<\/div>\n<div class=\"vc_empty_space\"   style=\"height: 32px\" ><span class=\"vc_empty_space_inner\"><\/span><\/div>\n\n\t<div class=\"wpb_text_column wpb_content_element\" >\n\t\t<div class=\"wpb_wrapper\">\n\t\t\t<p class=\"ng-scope\">Teamdeck sp. z o.o. (\"os\", \"vi\" eller \"vores\") med hjemsted i: Nowowiejskiego 55, 61-734 Pozna\u0144, Polen, NIP: 7831750055, REGON: 365865326, registreret i den regionale domstol Pozna\u0144 - Nowe Miasto I Wilda i Pozna\u0144, VIII handelsafdeling i det nationale domstolsregister, registreret i handelsregistret (KRS) under nr. 0000646426 driver webstedet https:\/\/teamdeck.io (\"tjenesten\").<\/p>\n<p class=\"ng-scope\">Denne side informerer dig om vores politikker vedr\u00f8rende indsamling, brug og videregivelse af personlige oplysninger, n\u00e5r du bruger vores tjeneste.<\/p>\n<p class=\"ng-scope\">Vi vil ikke bruge eller dele dine oplysninger med andre end dem, der er beskrevet i denne privatlivspolitik.<\/p>\n<p class=\"ng-scope\">Vi bruger dine personlige oplysninger til at levere og forbedre tjenesten. Ved at bruge tjenesten accepterer du indsamling og brug af oplysninger i overensstemmelse med denne politik. Medmindre andet er defineret i denne fortrolighedspolitik, har de udtryk, der bruges i denne fortrolighedspolitik, samme betydning som i vores vilk\u00e5r og betingelser, der er tilg\u00e6ngelige p\u00e5 https:\/\/teamdeck.io.<\/p>\n<p class=\"ng-scope\">Teamdeck sp. z o.o. er en polsk baseret virksomhed og overholder derfor den polske lovgivning, is\u00e6r loven om beskyttelse af personoplysninger af 29. august 1997 (Journal of Laws No. 133, item 883, som \u00e6ndret).<\/p>\n<p class=\"ng-scope\"><strong>\u00a71. Indsamling og brug af oplysninger<\/strong><\/p>\n<p class=\"ng-scope\">N\u00e5r du bruger vores tjeneste, kan vi bede kunden om at give os visse personligt identificerbare oplysninger, der kan bruges til at kontakte eller identificere kunden. Personligt identificerbare oplysninger kan omfatte, men er ikke begr\u00e6nset til, kundens e-mailadresse, navn, telefonnummer, postadresse (\"personlige oplysninger\").<\/p>\n<p class=\"ng-scope\"><strong>\u00a72. Log-data<\/strong><\/p>\n<p class=\"ng-scope\">1. Vi kan ogs\u00e5 indsamle oplysninger, som kundens browser sender, n\u00e5r kunden bes\u00f8ger vores tjeneste (\"logdata\"). Disse logdata kan omfatte oplysninger s\u00e5som kundecomputerens internetprotokoladresse (\"IP\"), browsertype, browserversion, de sider i vores tjeneste, som kunden bes\u00f8ger, tidspunkt og dato for kundens bes\u00f8g, den tid, der er brugt p\u00e5 disse sider og andre statistikker.<\/p>\n<p class=\"ng-scope\">2. Derudover kan vi bruge tredjepartstjenester som Google Analytics, der indsamler, overv\u00e5ger og analyserer denne type oplysninger for at \u00f8ge vores tjenestes funktionalitet. Disse tredjepartsudbydere har deres egne privatlivspolitikker, der beskriver, hvordan de bruger s\u00e5danne oplysninger.<\/p>\n<p><strong class=\"ng-scope\">\u00a73. Sm\u00e5kager<\/strong><\/p>\n<p class=\"ng-scope\">1. Cookies er filer med en lille m\u00e6ngde data, som kan indeholde en anonym unik identifikator. Cookies sendes til kundens browser fra et websted og gemmes p\u00e5 kundens computers harddisk.<\/p>\n<p class=\"ng-scope\">2. Vi bruger \"cookies\" til at indsamle oplysninger. Kunden kan indstille sin browser til at afvise alle cookies eller til at angive, n\u00e5r der sendes en cookie. Men hvis kunden ikke accepterer cookies, kan kunden muligvis ikke bruge visse dele af vores tjeneste.<\/p>\n<p class=\"ng-scope\"><strong>\u00a74. Adf\u00e6rdsbaseret remarketing<\/strong><\/p>\n<p class=\"ng-scope\">1. Teamdeck sp. z o.o. bruger remarketingtjenester til at annoncere p\u00e5 tredjepartswebsteder til kunden, efter at kunden har bes\u00f8gt vores service. Vi og vores tredjepartsleverand\u00f8rer bruger cookies til at informere, optimere og vise annoncer baseret p\u00e5 kundens tidligere bes\u00f8g p\u00e5 vores tjeneste.<\/p>\n<ul>\n<li><strong>Google<\/strong><\/li>\n<\/ul>\n<p style=\"padding-left: 30px;\">Google AdWords-remarketingtjenesten leveres af Google Inc.<\/p>\n<p style=\"padding-left: 30px;\">Du kan frav\u00e6lge Google Analytics for Display Advertising og tilpasse Google Display Network-annoncer ved at bes\u00f8ge siden med indstillinger for Google Ads: http:\/\/www.google.com\/settings\/ads<\/p>\n<p style=\"padding-left: 30px;\">Google anbefaler ogs\u00e5, at du installerer Google Analytics Opt-out Browser Add-on - https:\/\/tools.google.com\/dlpage\/gaoptout - til din webbrowser. Google Analytics Opt-out Browser Add-on giver bes\u00f8gende mulighed for at forhindre, at deres data indsamles og bruges af Google Analytics.<\/p>\n<p style=\"padding-left: 30px;\">Du kan f\u00e5 flere oplysninger om Googles praksis for beskyttelse af personlige oplysninger ved at bes\u00f8ge Googles webside om beskyttelse af personlige oplysninger og vilk\u00e5r: http:\/\/www.google.com\/intl\/en\/policies\/privacy\/<\/p>\n<ul>\n<li><strong><strong>Facebook<\/strong><\/strong><\/li>\n<\/ul>\n<p style=\"padding-left: 30px;\"><strong><strong><br \/>\n<\/strong><\/strong><br \/>\nFacebooks remarketingtjeneste leveres af Facebook Inc.<\/p>\n<p style=\"padding-left: 30px;\">Du kan f\u00e5 mere at vide om interessebaseret annoncering fra Facebook ved at bes\u00f8ge denne side: https:\/\/www.facebook.com\/help\/164968693837950<\/p>\n<p style=\"padding-left: 30px;\">For at frav\u00e6lge Facebooks interessebaserede annoncer skal du f\u00f8lge disse instruktioner fra Facebook: https:\/\/www.facebook.com\/about\/ads\/#568137493302217<\/p>\n<p style=\"padding-left: 30px;\">Facebook overholder de selvregulerende principper for adf\u00e6rdsbaseret onlineannoncering, der er fastlagt af Digital Advertising Alliance. Du kan ogs\u00e5 frav\u00e6lge Facebook og andre deltagende virksomheder via Digital Advertising Alliance i USA http:\/\/www.aboutads.info\/choices\/, Digital Advertising Alliance of Canada i Canada http:\/\/youradchoices.ca\/ eller European Interactive Digital Advertising Alliance i Europa http:\/\/www.youronlinechoices.eu\/, eller frav\u00e6lge ved hj\u00e6lp af indstillingerne p\u00e5 din mobilenhed.<\/p>\n<p style=\"padding-left: 30px;\">For mere information om Facebooks privatlivspraksis, bes\u00f8g venligst Facebooks datapolitik: https:\/\/www.facebook.com\/privacy\/explanation<\/p>\n<p class=\"ng-scope\"><strong>\u00a75. Udbydere af tjenester<\/strong><\/p>\n<p class=\"ng-scope\">1. Vi kan ans\u00e6tte tredjepartsfirmaer og enkeltpersoner til at lette vores tjeneste, til at levere tjenesten p\u00e5 vores vegne, til at udf\u00f8re tjenesterelaterede tjenester eller til at hj\u00e6lpe os med at analysere, hvordan vores tjeneste bruges.<\/p>\n<p class=\"ng-scope\">2. Disse tredjeparter har kun adgang til kundens personlige oplysninger for at udf\u00f8re disse opgaver p\u00e5 vores vegne og er forpligtet til ikke at videregive eller bruge dem til noget andet form\u00e5l.<\/p>\n<p class=\"ng-scope\"><strong>\u00a76. Kommunikation<\/strong><\/p>\n<p class=\"ng-scope\">Vi kan bruge kundens personlige oplysninger til at kontakte kunden med nyhedsbreve, markedsf\u00f8rings- eller reklamemateriale og andre oplysninger, der kan v\u00e6re af interesse for kunden. Kunden kan frav\u00e6lge at modtage enhver eller alle disse meddelelser fra os ved at f\u00f8lge afmeldingslinket eller instruktionerne i enhver e-mail, vi sender.<\/p>\n<p class=\"ng-scope\"><strong>\u00a77. Overholdelse af love<\/strong><\/p>\n<p class=\"ng-scope\">Vi vil videregive kundens personlige oplysninger, hvis det kr\u00e6ves ved lov eller st\u00e6vning, eller hvis vi mener, at en s\u00e5dan handling er n\u00f8dvendig for at overholde loven og rimelige anmodninger fra retsh\u00e5ndh\u00e6vende myndigheder eller for at beskytte sikkerheden eller integriteten af vores tjeneste.<\/p>\n<p class=\"ng-scope\"><strong>\u00a78. Forretningstransaktion<\/strong><\/p>\n<p class=\"ng-scope\">Hvis Teamdeck sp. z o.o. er involveret i en fusion, overtagelse eller salg af aktiver, kan kundens personlige oplysninger overf\u00f8res. Vi vil give besked, f\u00f8r kundens personlige oplysninger overf\u00f8res og bliver underlagt en anden fortrolighedspolitik.<\/p>\n<p class=\"ng-scope\"><strong>\u00a79. Sikkerhed<\/strong><\/p>\n<p class=\"ng-scope\">Sikkerheden af kundens personlige oplysninger er vigtig for os, men husk, at ingen metode til transmission over internettet eller metode til elektronisk lagring er 100% sikker. Selv om vi bestr\u00e6ber os p\u00e5 at bruge kommercielt acceptable midler til at beskytte kundens personlige oplysninger, kan vi ikke garantere deres absolutte sikkerhed.<\/p>\n<p class=\"ng-scope\"><strong>\u00a710.International overf\u00f8rsel<\/strong><\/p>\n<p class=\"ng-scope\">1. Kundeoplysninger, herunder personlige oplysninger, kan overf\u00f8res til - og vedligeholdes p\u00e5 - computere, der er placeret uden for din stat, provins, land eller anden statslig jurisdiktion, hvor databeskyttelseslovene kan v\u00e6re forskellige fra dem i din jurisdiktion.<\/p>\n<p class=\"ng-scope\">2. Hvis kunden befinder sig uden for Polen og v\u00e6lger at give os oplysninger, skal du v\u00e6re opm\u00e6rksom p\u00e5, at vi overf\u00f8rer oplysningerne, herunder personlige oplysninger, til Polen og behandler dem der.<\/p>\n<p class=\"ng-scope\">3. Kundens samtykke til denne fortrolighedspolitik efterfulgt af kundens indsendelse af s\u00e5danne oplysninger repr\u00e6senterer kundens samtykke til denne overf\u00f8rsel og kundens samtykke.<\/p>\n<p class=\"ng-scope\"><strong>\u00a711. Links til andre websteder<\/strong><\/p>\n<p class=\"ng-scope\">1. Vores tjeneste kan indeholde links til andre websteder, der ikke drives af os. Hvis kunden klikker p\u00e5 et tredjepartslink, vil kunden blive sendt til den p\u00e5g\u00e6ldende tredjeparts websted. Vi anbefaler kraftigt, at kunden gennemg\u00e5r fortrolighedspolitikken for hvert websted, kunden bes\u00f8ger.<\/p>\n<p class=\"ng-scope\">2. Vi har ingen kontrol over og p\u00e5tager os intet ansvar for indhold, privatlivspolitikker eller praksis p\u00e5 tredjepartswebsteder eller -tjenester.<\/p>\n<p class=\"ng-scope\"><strong>\u00a712. B\u00f8rns privatliv<\/strong><\/p>\n<p class=\"ng-scope\">1. Vores tjeneste henvender sig ikke til personer under 13 \u00e5r (\"b\u00f8rn\").<\/p>\n<p class=\"ng-scope\">2. Vi indsamler ikke bevidst personligt identificerbare oplysninger fra b\u00f8rn under 13 \u00e5r. Hvis du er for\u00e6lder eller v\u00e6rge, og du er klar over, at dine b\u00f8rn har givet os personlige oplysninger, bedes du kontakte os. Hvis vi bliver opm\u00e6rksomme p\u00e5, at vi har indsamlet personlige oplysninger fra et barn under 13 \u00e5r uden bekr\u00e6ftelse af for\u00e6ldrenes samtykke, tager vi skridt til at fjerne disse oplysninger fra vores servere.<\/p>\n<p class=\"ng-scope\"><strong>\u00a713. \u00c6ndringer af denne privatlivspolitik<\/strong><\/p>\n<p class=\"ng-scope\">1. Vi kan opdatere vores privatlivspolitik fra tid til anden. Vi vil underrette kunden om eventuelle \u00e6ndringer ved at offentligg\u00f8re den nye fortrolighedspolitik p\u00e5 denne side.<\/p>\n<p class=\"ng-scope\">2. Kunden r\u00e5des til at gennemg\u00e5 denne privatlivspolitik med j\u00e6vne mellemrum for eventuelle \u00e6ndringer. \u00c6ndringer i denne fortrolighedspolitik tr\u00e6der i kraft, n\u00e5r de offentligg\u00f8res p\u00e5 denne side.<\/p>\n\n\t\t<\/div>\n\t<\/div>\n<div class=\"vc_empty_space\"   style=\"height: 32px\" ><span class=\"vc_empty_space_inner\"><\/span><\/div>\n<\/div><\/div><\/div><\/div>","protected":false},"excerpt":{"rendered":"Fortrolighedspolitik Sidst opdateret: 30. januar 2024 Teamdeck sp. z o.o. (\"os\", \"vi\" eller \"vores\") med hjemsted i: Nowowiejskiego 55, 61-734 Pozna\u0144, Polen, NIP: 7831750055, REGON: 365865326, registreret ved den regionale domstol i Pozna\u0144 - Nowe...","protected":false},"author":17,"featured_media":0,"parent":0,"menu_order":0,"comment_status":"closed","ping_status":"closed","template":"","meta":{"footnotes":""},"class_list":["post-2853","page","type-page","status-publish","hentry"],"yoast_head":"<!-- This site is optimized with the Yoast SEO Premium plugin v23.8 (Yoast SEO v24.3) - https:\/\/yoast.com\/wordpress\/plugins\/seo\/ -->\n<title>Teamdeck - Privacy Policy<\/title>\n<meta name=\"description\" content=\"Teamdeck cares about your privacy and security of its service. Please, read the following privacy policy carefully.\" \/>\n<meta name=\"robots\" content=\"index, follow, max-snippet:-1, max-image-preview:large, max-video-preview:-1\" \/>\n<link rel=\"canonical\" href=\"https:\/\/teamdeck.io\/da\/privatlivspolitik\/\" \/>\n<meta property=\"og:locale\" content=\"da_DK\" \/>\n<meta property=\"og:type\" content=\"article\" \/>\n<meta property=\"og:title\" content=\"Teamdeck - Privacy Policy\" \/>\n<meta property=\"og:description\" content=\"Teamdeck cares about your privacy and security of its service. Please, read the following privacy policy carefully.\" \/>\n<meta property=\"og:url\" content=\"https:\/\/teamdeck.io\/da\/privatlivspolitik\/\" \/>\n<meta property=\"og:site_name\" content=\"Teamdeck\" \/>\n<meta property=\"article:publisher\" content=\"https:\/\/www.facebook.com\/helloteamdeck\" \/>\n<meta property=\"article:modified_time\" content=\"2024-04-08T11:08:17+00:00\" \/>\n<meta property=\"og:image\" content=\"https:\/\/cdn.teamdeck.io\/uploads\/website\/2017\/09\/teamdeck-share.png\" \/>\n<meta name=\"twitter:card\" content=\"summary_large_image\" \/>\n<meta name=\"twitter:title\" content=\"Teamdeck - Privacy Policy\" \/>\n<meta name=\"twitter:description\" content=\"Teamdeck cares about your privacy and security of its service. Please, read the following privacy policy carefully.\" \/>\n<meta name=\"twitter:image\" content=\"https:\/\/cdn.teamdeck.io\/uploads\/website\/2017\/09\/teamdeck-share.png\" \/>\n<meta name=\"twitter:site\" content=\"@helloteamdeck\" \/>\n<meta name=\"twitter:label1\" content=\"Est. reading time\" \/>\n\t<meta name=\"twitter:data1\" content=\"6 minutes\" \/>\n<script type=\"application\/ld+json\" class=\"yoast-schema-graph\">{\"@context\":\"https:\/\/schema.org\",\"@graph\":[{\"@type\":\"WebPage\",\"@id\":\"https:\/\/teamdeck.io\/privacy-policy\/\",\"url\":\"https:\/\/teamdeck.io\/privacy-policy\/\",\"name\":\"Teamdeck - Privacy Policy\",\"isPartOf\":{\"@id\":\"https:\/\/teamdeck.io\/#website\"},\"datePublished\":\"2017-09-07T10:08:23+00:00\",\"dateModified\":\"2024-04-08T11:08:17+00:00\",\"description\":\"Teamdeck cares about your privacy and security of its service. Please, read the following privacy policy carefully.\",\"breadcrumb\":{\"@id\":\"https:\/\/teamdeck.io\/privacy-policy\/#breadcrumb\"},\"inLanguage\":\"da-DK\",\"potentialAction\":[{\"@type\":\"ReadAction\",\"target\":[\"https:\/\/teamdeck.io\/privacy-policy\/\"]}]},{\"@type\":\"BreadcrumbList\",\"@id\":\"https:\/\/teamdeck.io\/privacy-policy\/#breadcrumb\",\"itemListElement\":[{\"@type\":\"ListItem\",\"position\":1,\"name\":\"Home\",\"item\":\"https:\/\/teamdeck.io\/\"},{\"@type\":\"ListItem\",\"position\":2,\"name\":\"Privacy Policy\"}]},{\"@type\":\"WebSite\",\"@id\":\"https:\/\/teamdeck.io\/#website\",\"url\":\"https:\/\/teamdeck.io\/\",\"name\":\"Teamdeck\",\"description\":\"resource scheduling + time tracking + leave management\",\"potentialAction\":[{\"@type\":\"SearchAction\",\"target\":{\"@type\":\"EntryPoint\",\"urlTemplate\":\"https:\/\/teamdeck.io\/?s={search_term_string}\"},\"query-input\":{\"@type\":\"PropertyValueSpecification\",\"valueRequired\":true,\"valueName\":\"search_term_string\"}}],\"inLanguage\":\"da-DK\"}]}<\/script>\n<!-- \/ Yoast SEO Premium plugin. -->","yoast_head_json":{"title":"Teamdeck - Privacy Policy","description":"Teamdeck cares about your privacy and security of its service. Please, read the following privacy policy carefully.","robots":{"index":"index","follow":"follow","max-snippet":"max-snippet:-1","max-image-preview":"max-image-preview:large","max-video-preview":"max-video-preview:-1"},"canonical":"https:\/\/teamdeck.io\/da\/privatlivspolitik\/","og_locale":"da_DK","og_type":"article","og_title":"Teamdeck - Privacy Policy","og_description":"Teamdeck cares about your privacy and security of its service. Please, read the following privacy policy carefully.","og_url":"https:\/\/teamdeck.io\/da\/privatlivspolitik\/","og_site_name":"Teamdeck","article_publisher":"https:\/\/www.facebook.com\/helloteamdeck","article_modified_time":"2024-04-08T11:08:17+00:00","og_image":[{"url":"https:\/\/cdn.teamdeck.io\/uploads\/website\/2017\/09\/teamdeck-share.png","type":"","width":"","height":""}],"twitter_card":"summary_large_image","twitter_title":"Teamdeck - Privacy Policy","twitter_description":"Teamdeck cares about your privacy and security of its service. Please, read the following privacy policy carefully.","twitter_image":"https:\/\/cdn.teamdeck.io\/uploads\/website\/2017\/09\/teamdeck-share.png","twitter_site":"@helloteamdeck","twitter_misc":{"Est. reading time":"6 minutes"},"schema":{"@context":"https:\/\/schema.org","@graph":[{"@type":"WebPage","@id":"https:\/\/teamdeck.io\/privacy-policy\/","url":"https:\/\/teamdeck.io\/privacy-policy\/","name":"Teamdeck - Privacy Policy","isPartOf":{"@id":"https:\/\/teamdeck.io\/#website"},"datePublished":"2017-09-07T10:08:23+00:00","dateModified":"2024-04-08T11:08:17+00:00","description":"Teamdeck cares about your privacy and security of its service. Please, read the following privacy policy carefully.","breadcrumb":{"@id":"https:\/\/teamdeck.io\/privacy-policy\/#breadcrumb"},"inLanguage":"da-DK","potentialAction":[{"@type":"ReadAction","target":["https:\/\/teamdeck.io\/privacy-policy\/"]}]},{"@type":"BreadcrumbList","@id":"https:\/\/teamdeck.io\/privacy-policy\/#breadcrumb","itemListElement":[{"@type":"ListItem","position":1,"name":"Home","item":"https:\/\/teamdeck.io\/"},{"@type":"ListItem","position":2,"name":"Privacy Policy"}]},{"@type":"WebSite","@id":"https:\/\/teamdeck.io\/#website","url":"https:\/\/teamdeck.io\/","name":"Teamdeck","description":"resource scheduling + time tracking + leave management","potentialAction":[{"@type":"SearchAction","target":{"@type":"EntryPoint","urlTemplate":"https:\/\/teamdeck.io\/?s={search_term_string}"},"query-input":{"@type":"PropertyValueSpecification","valueRequired":true,"valueName":"search_term_string"}}],"inLanguage":"da-DK"}]}},"_links":{"self":[{"href":"https:\/\/teamdeck.io\/da\/wp-json\/wp\/v2\/pages\/2853","targetHints":{"allow":["GET"]}}],"collection":[{"href":"https:\/\/teamdeck.io\/da\/wp-json\/wp\/v2\/pages"}],"about":[{"href":"https:\/\/teamdeck.io\/da\/wp-json\/wp\/v2\/types\/page"}],"author":[{"embeddable":true,"href":"https:\/\/teamdeck.io\/da\/wp-json\/wp\/v2\/users\/17"}],"replies":[{"embeddable":true,"href":"https:\/\/teamdeck.io\/da\/wp-json\/wp\/v2\/comments?post=2853"}],"version-history":[{"count":15,"href":"https:\/\/teamdeck.io\/da\/wp-json\/wp\/v2\/pages\/2853\/revisions"}],"predecessor-version":[{"id":12719,"href":"https:\/\/teamdeck.io\/da\/wp-json\/wp\/v2\/pages\/2853\/revisions\/12719"}],"wp:attachment":[{"href":"https:\/\/teamdeck.io\/da\/wp-json\/wp\/v2\/media?parent=2853"}],"curies":[{"name":"wp","href":"https:\/\/api.w.org\/{rel}","templated":true}]}}