{"id":2849,"date":"2017-09-07T11:34:10","date_gmt":"2017-09-07T09:34:10","guid":{"rendered":"https:\/\/teamdeck.io\/?page_id=2849"},"modified":"2024-10-17T10:30:32","modified_gmt":"2024-10-17T08:30:32","slug":"terms-and-conditions","status":"publish","type":"page","link":"https:\/\/teamdeck.io\/da\/vilkar-og-betingelser\/","title":{"rendered":"Vilk\u00e5r og betingelser"},"content":{"rendered":"<div class=\"vc_row wpb_row vc_row-fluid redl-row-section padding-default bgv-default bgh-default halign-default\"><div class=\"wpb_column vc_column_container text-left vc_col-sm-12 padding-default bgv-default bgh-default halign-default\"><div class=\"vc_column-inner\"><div class=\"wpb_wrapper\"><div class=\"vc_empty_space\"   style=\"height: 32px\" ><span class=\"vc_empty_space_inner\"><\/span><\/div>\n\n\t<div class=\"wpb_text_column wpb_content_element\" >\n\t\t<div class=\"wpb_wrapper\">\n\t\t\t<h1 class=\"ng-scope\" style=\"text-align: center;\">Vilk\u00e5r og betingelser (\"Vilk\u00e5r\")<\/h1>\n\n\t\t<\/div>\n\t<\/div>\n<div class=\"vc_empty_space\"   style=\"height: 32px\" ><span class=\"vc_empty_space_inner\"><\/span><\/div>\n<\/div><\/div><\/div><\/div><div class=\"vc_row wpb_row vc_row-fluid redl-row-section padding-default bgv-default bgh-default halign-default\"><div class=\"wpb_column vc_column_container text-left vc_col-sm-12 padding-default bgv-default bgh-default halign-default\"><div class=\"vc_column-inner\"><div class=\"wpb_wrapper\">\n\t<div class=\"wpb_text_column wpb_content_element\" >\n\t\t<div class=\"wpb_wrapper\">\n\t\t\t<p><span style=\"font-weight: 400;\">L\u00e6s venligst disse vilk\u00e5r og betingelser (\"vilk\u00e5r\", \"vilk\u00e5r og betingelser\") omhyggeligt, f\u00f8r du bruger webstedet https:\/\/teamdeck.io (\"tjenesten\"), der drives af Teamdeck sp. z o.o. (\"os\", \"vi\", \"Teamdeck\" eller \"vores\") med hjemsted i. G\u00f3recka 1, 60-201 Pozna\u0144, Polen, NIP: https:\/\/teamdeck.io, REGON: https:\/\/teamdeck.io: G\u00f3recka 1, 60-201 Pozna\u0144, Polen, NIP: 7831750055, REGON: 365865326, registreret i registret over iv\u00e6rks\u00e6ttere i det nationale domstolsregister, der f\u00f8res af distriktsdomstolen Pozna\u0144-Nowe Miasto i Wilda i Pozna\u0144, VIII handelsafdeling i det nationale domstolsregister, under KRS. 0000646426.<\/span><\/p>\n<p><span style=\"font-weight: 400;\">Kundens adgang til og brug af tjenesten er betinget af kundens accept af og overholdelse af disse vilk\u00e5r. Disse vilk\u00e5r g\u00e6lder for alle bes\u00f8gende, brugere og andre, der f\u00e5r adgang til eller bruger tjenesten.<\/span><\/p>\n<p><span style=\"font-weight: 400;\">Ved at f\u00e5 adgang til eller bruge tjenesten accepterer kunden at v\u00e6re bundet af disse vilk\u00e5r. Hvis kunden er uenig i nogen del af vilk\u00e5rene, kan kunden ikke f\u00e5 adgang til tjenesten.<\/span><\/p>\n<p class=\"ng-scope\"><strong>\u00a71. Tekniske krav<\/strong><\/p>\n<p class=\"ng-scope\">1. I det omfang, der vedr\u00f8rer kundernes brug af Teamdeck-funktionerne, skal vilk\u00e5rene og betingelserne behandles som de \"regler\", der er n\u00e6vnt i artikel 8 i lov af 18. juli 2002 om levering af tjenester ved hj\u00e6lp af elektroniske midler (lovtidende 2002, nr. 144, punkt 1204, med \u00e6ndringer).<\/p>\n<p class=\"ng-scope\">2. Et teknisk krav vedr\u00f8rer de tekniske aspekter, som kunden skal opfylde for at kunne bruge tjenesten. Kunden b\u00f8r bruge:<\/p>\n<ul class=\"ng-scope\">\n<li>Chrome (nuv\u00e6rende version)<\/li>\n<li>Mac \/ Windows<\/li>\n<li>8 GB RAM<\/li>\n<li>CPU Intel Core i3 Gen 2 eller nyere<\/li>\n<\/ul>\n<p>3.\u00a0<span style=\"font-weight: 400;\">For at oprette en ny konto skal kunden udfylde formularen og l\u00e6se og acceptere vores vilk\u00e5r. Kunden accepterer vores vilk\u00e5r ved at markere afkrydsningsfeltet \"Jeg har l\u00e6st og accepterer vilk\u00e5r og betingelser\". Kunden kan ogs\u00e5 synge ind ved hj\u00e6lp af en Podio-konto eller Google-apps. At synge ved hj\u00e6lp af de n\u00e6vnte tjenester betyder, at man accepterer disse vilk\u00e5r. \u00a0<\/span><\/p>\n<p class=\"ng-scope\"><strong>\u00a72. Abonnementer<\/strong><\/p>\n<p class=\"ng-scope\"><span style=\"font-weight: 400;\">1. Nogle dele af tjenesten faktureres p\u00e5 abonnementsbasis (\"Abonnement(er)\"). Du vil blive faktureret p\u00e5 forh\u00e5nd p\u00e5 et tilbagevendende og periodisk grundlag (\"Faktureringscyklus\"). Faktureringscyklusser indstilles enten p\u00e5 m\u00e5nedlig eller \u00e5rlig basis, afh\u00e6ngigt af den type abonnementsplan, du v\u00e6lger, n\u00e5r du k\u00f8ber et abonnement.<\/span><\/p>\n<p class=\"ng-scope\"><span style=\"font-weight: 400;\">2. Ved afslutningen af hver faktureringscyklus fornyes kundens abonnement automatisk under n\u00f8jagtigt de samme betingelser, medmindre kunden annullerer det eller Teamdeck annullerer det. Kunden kan annullere sin abonnementsfornyelse enten via online kontoadministrationsside eller ved at kontakte Teamdeck kundesupportteam.<\/span><\/p>\n<p><span style=\"font-weight: 400;\">En gyldig betalingsmetode, herunder kreditkort, er p\u00e5kr\u00e6vet for at behandle betalingen for kundens abonnement. Kunden skal give Teamdeck n\u00f8jagtige og komplette faktureringsoplysninger, herunder fuldt navn, adresse, stat, postnummer, telefonnummer og en gyldig betalingsmetodeinformation. Ved at indsende s\u00e5danne betalingsoplysninger bemyndiger kunden automatisk Teamdeck. til at opkr\u00e6ve alle abonnementsgebyrer, der afholdes via kundekontoen, til s\u00e5danne betalingsinstrumenter.<\/span><\/p>\n<p><span style=\"font-weight: 400;\">3. Hvis automatisk fakturering af en eller anden grund ikke finder sted, vil Teamdeck udstede en elektronisk faktura, der angiver, at kunden skal forts\u00e6tte manuelt inden for en bestemt fristdato med den fulde betaling svarende til faktureringsperioden som angivet p\u00e5 fakturaen.<\/span><\/p>\n<p class=\"ng-scope\"><strong>\u00a73. Gratis retssag<\/strong><\/p>\n<p class=\"ng-scope\"><span style=\"font-weight: 400;\">1. Teamdeck. kan efter eget sk\u00f8n tilbyde et abonnement med en gratis pr\u00f8veperiode i en begr\u00e6nset periode (\"Gratis pr\u00f8veperiode\").<\/span><\/p>\n<p class=\"ng-scope\"><span style=\"font-weight: 400;\">2. Kunden kan blive bedt om at indtaste sine faktureringsoplysninger og angive et gyldigt mobiltelefonnummer for at tilmelde sig den gratis pr\u00f8veperiode.<\/p>\n<p>Det angivne mobiltelefonnummer vil blive brugt til kontobekr\u00e6ftelse og kommunikationsform\u00e5l i forbindelse med den gratis pr\u00f8veperiode og det efterf\u00f8lgende abonnement.<\/p>\n<p>Hvis kunden indtaster sine faktureringsoplysninger, n\u00e5r han tilmelder sig den gratis pr\u00f8veperiode, vil han ikke blive opkr\u00e6vet af Teamdeck, f\u00f8r den gratis pr\u00f8veperiode er udl\u00f8bet. P\u00e5 den sidste dag i den gratis pr\u00f8veperiode, medmindre kunden annullerer sit abonnement, vil han automatisk blive opkr\u00e6vet de g\u00e6ldende abonnementsgebyrer for den valgte abonnementstype.<\/span><\/p>\n<p><span style=\"font-weight: 400;\">3. Teamdeck forbeholder sig til enhver tid og uden varsel retten til at (i) \u00e6ndre vilk\u00e5rene og betingelserne for tilbuddet om en gratis pr\u00f8veperiode eller (ii) annullere et s\u00e5dant tilbud om en gratis pr\u00f8veperiode.<\/span><\/p>\n<p class=\"ng-scope\"><strong>\u00a74. \u00c6ndringer af gebyrer<\/strong><\/p>\n<p class=\"ng-scope\"><span style=\"font-weight: 400;\">1. Teamdeck kan efter eget sk\u00f8n og til enhver tid \u00e6ndre abonnementsgebyrerne for abonnementerne. Enhver \u00e6ndring af abonnementsgebyret vil tr\u00e6de i kraft ved udgangen af den aktuelle faktureringscyklus.<\/span><\/p>\n<p class=\"ng-scope\"><span style=\"font-weight: 400;\">2. Teamdeck vil give kunden et rimeligt forudg\u00e5ende varsel om enhver \u00e6ndring i abonnementsgebyrer for at give dig mulighed for at opsige kundens abonnement, f\u00f8r en s\u00e5dan \u00e6ndring tr\u00e6der i kraft.<\/span><\/p>\n<p class=\"ng-scope\"><span style=\"font-weight: 400;\">3. Kundens fortsatte brug af tjenesten, efter at \u00e6ndringen af abonnementsgebyret tr\u00e6der i kraft, udg\u00f8r kundens samtykke til at betale det \u00e6ndrede abonnementsgebyrbel\u00f8b.<\/span><\/p>\n<p class=\"ng-scope\"><strong>\u00a75. Tilbagebetaling<\/strong><\/p>\n<p><span style=\"font-weight: 400;\">Visse anmodninger om tilbagebetaling af abonnementer kan overvejes af Teamdeck fra sag til sag og im\u00f8dekommes efter Teamdecks eget sk\u00f8n.<\/span><\/p>\n<p class=\"ng-scope\"><strong>\u00a76. Regnskab<\/strong><\/p>\n<p class=\"ng-scope\"><span style=\"font-weight: 400;\">1. N\u00e5r kunden opretter en konto hos os, skal kunden give os oplysninger, der er n\u00f8jagtige, komplette og aktuelle til enhver tid. Undladelse af at g\u00f8re dette udg\u00f8r en overtr\u00e6delse af vilk\u00e5rene, hvilket kan resultere i \u00f8jeblikkelig opsigelse af kundens konto p\u00e5 vores tjeneste.<\/span><\/p>\n<p class=\"ng-scope\"><span style=\"font-weight: 400;\">2. Kunden er ansvarlig for at beskytte den adgangskode, som kunden bruger til at f\u00e5 adgang til tjenesten og for alle aktiviteter eller handlinger under hans adgangskode, uanset om hans adgangskode er med vores tjeneste eller en tredjeparts tjeneste.<\/span><\/p>\n<p class=\"ng-scope\"><span style=\"font-weight: 400;\">3. Kunden indvilliger i ikke at videregive sin adgangskode til nogen tredjepart. Kunden skal straks underrette os, n\u00e5r han bliver opm\u00e6rksom p\u00e5 brud p\u00e5 sikkerheden eller uautoriseret brug af sin konto.<\/span><\/p>\n<p class=\"ng-scope\"><span style=\"font-weight: 400;\">4. Kunden m\u00e5 ikke som brugernavn bruge navnet p\u00e5 en anden person eller enhed, eller som ikke er lovligt tilg\u00e6ngeligt til brug, et navn eller varem\u00e6rke, der er underlagt rettigheder fra en anden person eller enhed end kunder uden passende tilladelse, eller et navn, der p\u00e5 anden m\u00e5de er st\u00f8dende, vulg\u00e6rt eller uanst\u00e6ndigt.<\/span><\/p>\n<p class=\"ng-scope\"><strong>\u00a77. Intellektuel ejendom<\/strong><\/p>\n<p><span style=\"font-weight: 400;\">Tjenesten og dens originale indhold, funktioner og funktionalitet er og vil forblive Teamdecks og dets licensgiveres eksklusive ejendom. Tjenesten er beskyttet af ophavsret, varem\u00e6rke og andre love i b\u00e5de Polen og andre lande. Vores varem\u00e6rker og varebetegnelser m\u00e5 ikke bruges i forbindelse med noget produkt eller nogen tjeneste uden forudg\u00e5ende skriftligt samtykke fra Teamdeck.<\/span><\/p>\n<p class=\"ng-scope\"><strong>\u00a78. Links til andre websteder<\/strong><\/p>\n<p class=\"ng-scope\"><span style=\"font-weight: 400;\">1. Vores tjeneste kan indeholde links til tredjepartswebsteder eller -tjenester, der ikke ejes eller kontrolleres af Teamdeck.<\/span><\/p>\n<p class=\"ng-scope\"><span style=\"font-weight: 400;\">2. Teamdeck har ingen kontrol over og p\u00e5tager sig intet ansvar for indhold, privatlivspolitikker eller praksis p\u00e5 tredjepartswebsteder eller -tjenester. Kunden anerkender og accepterer endvidere, at Teamdeck ikke er ansvarlig eller ansvarlig, direkte eller indirekte, for nogen skade eller tab for\u00e5rsaget eller p\u00e5st\u00e5et at v\u00e6re for\u00e5rsaget af eller i forbindelse med brug af eller tillid til s\u00e5dant indhold, varer eller tjenester, der er tilg\u00e6ngelige p\u00e5 eller gennem s\u00e5danne websteder eller tjenester.<\/span><\/p>\n<p class=\"ng-scope\"><span style=\"font-weight: 400;\">3. Vi r\u00e5der kraftigt kunden til at l\u00e6se vilk\u00e5r og betingelser og privatlivspolitikker for alle tredjepartswebsteder eller -tjenester, som kunden bes\u00f8ger.<\/span><\/p>\n<p class=\"ng-scope\"><strong>\u00a79. Opsigelse<\/strong><\/p>\n<p class=\"ng-scope\"><span style=\"font-weight: 400;\">1. Vi kan opsige eller suspendere kundens konto med det samme, uden forudg\u00e5ende varsel eller ansvar, uanset \u00e5rsag, herunder uden begr\u00e6nsning, hvis kunden overtr\u00e6der vilk\u00e5rene.<\/span><\/p>\n<p class=\"ng-scope\"><span style=\"font-weight: 400;\">2. Ved opsigelse oph\u00f8rer kundens ret til at bruge tjenesten med det samme. Hvis kunden \u00f8nsker at opsige sin konto, kan kunden blot oph\u00f8re med at bruge tjenesten.<\/span><\/p>\n<p class=\"ng-scope\"><strong>\u00a710. Begr\u00e6nsning af ansvar<\/strong><\/p>\n<p><span style=\"font-weight: 400;\">Under ingen omst\u00e6ndigheder skal Teamdeck eller dets direkt\u00f8rer, medarbejdere, partnere, agenter, leverand\u00f8rer eller tilknyttede virksomheder v\u00e6re ansvarlige for indirekte, tilf\u00e6ldige, specielle, f\u00f8lgeskader eller strafskader, herunder uden begr\u00e6nsning tab af fortjeneste, data, brug, goodwill eller andre immaterielle tab som f\u00f8lge af (i) din adgang til eller brug af eller manglende evne til at f\u00e5 adgang til eller bruge tjenesten; (ii) enhver adf\u00e6rd eller indhold fra enhver tredjepart p\u00e5 tjenesten; (iii) ethvert indhold, der er opn\u00e5et fra tjenesten; og (iv) uautoriseret adgang, brug eller \u00e6ndring af dine transmissioner eller indhold, uanset om det er baseret p\u00e5 garanti, kontrakt, erstatning (herunder uagtsomhed) eller enhver anden juridisk teori, uanset om vi er blevet informeret om muligheden for en s\u00e5dan skade, og selv om et middel, der er beskrevet heri, viser sig at have svigtet sit v\u00e6sentlige form\u00e5l.<\/span><\/p>\n<p class=\"ng-scope\"><strong>\u00a711. Ansvarsfraskrivelse<\/strong><\/p>\n<p class=\"ng-scope\"><span style=\"font-weight: 400;\">1. Din brug af tjenesten sker p\u00e5 egen risiko. Tjenesten leveres p\u00e5 en \"AS IS\" og \"AS AVAILABLE\" basis. Tjenesten leveres uden garantier af nogen art, hverken udtrykkelige eller underforst\u00e5ede, herunder, men ikke begr\u00e6nset til, underforst\u00e5ede garantier for salgbarhed, egnethed til et bestemt form\u00e5l, ikke-kr\u00e6nkelse eller forl\u00f8b af ydeevne.<\/span><\/p>\n<p class=\"ng-scope\"><span style=\"font-weight: 400;\">2. Teamdeck, dets datterselskaber, tilknyttede selskaber og dets licensgivere garanterer ikke, at a) tjenesten vil fungere uafbrudt, sikker eller tilg\u00e6ngelig p\u00e5 et bestemt tidspunkt eller sted; b) eventuelle fejl eller mangler vil blive rettet; c) tjenesten er fri for vira eller andre skadelige komponenter; eller d) resultaterne af brugen af tjenesten vil opfylde dine krav.<\/span><\/p>\n<p class=\"ng-scope\"><strong>\u00a712. G\u00e6ldende lov<\/strong><\/p>\n<p class=\"ng-scope\"><span style=\"font-weight: 400;\">1. Disse vilk\u00e5r skal styres og fortolkes i overensstemmelse med lovgivningen i Polen uden hensyntagen til dens lovkonfliktbestemmelser.<\/span><\/p>\n<p class=\"ng-scope\"><span style=\"font-weight: 400;\">2. Vores manglende h\u00e5ndh\u00e6velse af en rettighed eller bestemmelse i disse vilk\u00e5r vil ikke blive betragtet som et afkald p\u00e5 disse rettigheder. Hvis en bestemmelse i disse vilk\u00e5r anses for at v\u00e6re ugyldig eller ikke kan h\u00e5ndh\u00e6ves af en domstol, vil de resterende bestemmelser i disse vilk\u00e5r forblive i kraft. Disse vilk\u00e5r udg\u00f8r hele aftalen mellem os vedr\u00f8rende vores tjeneste og erstatter alle tidligere aftaler, vi m\u00e5tte have mellem os vedr\u00f8rende tjenesten.<\/span><\/p>\n<p class=\"ng-scope\"><strong>\u00a713. \u00c6ndringer<\/strong><\/p>\n<p class=\"ng-scope\"><span style=\"font-weight: 400;\">1. Vi forbeholder os ret til efter eget sk\u00f8n at \u00e6ndre eller erstatte disse vilk\u00e5r til enhver tid. Hvis en revision er v\u00e6sentlig, vil vi fors\u00f8ge at give mindst 30 dages varsel, f\u00f8r de nye vilk\u00e5r tr\u00e6der i kraft. Hvad der udg\u00f8r en v\u00e6sentlig \u00e6ndring, afg\u00f8res efter vores eget sk\u00f8n.<\/span><\/p>\n<p class=\"ng-scope\"><span style=\"font-weight: 400;\">2. Ved at forts\u00e6tte med at f\u00e5 adgang til eller bruge vores tjeneste, efter at disse revisioner er tr\u00e5dt i kraft, accepterer du at v\u00e6re bundet af de reviderede vilk\u00e5r. Hvis du ikke accepterer de nye vilk\u00e5r, skal du stoppe med at bruge tjenesten.<\/span><\/p>\n<p class=\"ng-scope\"><strong>\u00a714. Personlige oplysninger<\/strong><\/p>\n<p class=\"ng-scope\"><span style=\"font-weight: 400;\">1. Kunden giver ved registrering og ved brug af tjenesten sine personlige data frivilligt, hvorved det er n\u00f8dvendigt at give dem for at bruge tjenesten og for at oprette kundekontoen. Behandling af ovenn\u00e6vnte data sker p\u00e5 kundens anmodning og med kundens samtykke.<\/span><\/p>\n<p class=\"ng-scope\"><span style=\"font-weight: 400;\">2. Teamdecks behandling af personoplysninger finder kun sted i det omfang, det er n\u00f8dvendigt for at muligg\u00f8re korrekt adgang til de tjenester, som Teamdeck leverer, og til markedsf\u00f8ringsform\u00e5l, hvis Kunden \u00f8nsker at modtage nyhedsbrevsservice. Personoplysninger behandles i overensstemmelse med g\u00e6ldende lovgivning, herunder Europa-Parlamentets og R\u00e5dets forordning (EU) 2016\/679 af 27. april 2016 om beskyttelse af fysiske personer i forbindelse med behandling af personoplysninger og om fri udveksling af s\u00e5danne oplysninger og om oph\u00e6velse af direktiv 95\/46\/EF (generel forordning om databeskyttelse).<\/span><\/p>\n<p class=\"ng-scope\"><span style=\"font-weight: 400;\">3. Detaljer om omfanget og form\u00e5let med behandlingen af personoplysninger og brugerens rettigheder kan findes i databeskyttelsesoplysningerne (i overensstemmelse med artikel 13, stk. 1,2,4 i GDPR), som er et separat dokument, der er tilg\u00e6ngeligt p\u00e5 adressen\u00a0<a href=\"https:\/\/teamdeck.io\/da\/information-om-databeskyttelse\/\">https:\/\/teamdeck.io\/data-protection-information\/<\/a> og i vores databeskyttelsespolitik, som udg\u00f8r et separat dokument, der er tilg\u00e6ngeligt p\u00e5 adressen\u00a0<a href=\"https:\/\/teamdeck.io\/da\/politik-for-databeskyttelse\/\">https:\/\/teamdeck.io\/data-protection-policy\/<\/a> .<\/span><\/p>\n<p>4. Under den GRATIS PR\u00d8VETID bruges brugerdata, herunder det angivne telefonnummer, til at st\u00f8tte brugere i at bruge Teamdeck, onboarding, give oplysninger om Teamdecks (nye) funktioner og opdateringer \/ forbedringer, produkter samt, hvor det er relevant, oplysninger om kontostatus og fakturering og til at gennemf\u00f8re kundeunders\u00f8gelser for at forbedre servicekvaliteten. Til dette form\u00e5l kan Teamdeck kontakte brugere via e-mail eller det angivne telefonnummer.<\/p>\n\n\t\t<\/div>\n\t<\/div>\n<div class=\"vc_empty_space\"   style=\"height: 32px\" ><span class=\"vc_empty_space_inner\"><\/span><\/div>\n<\/div><\/div><\/div><\/div>","protected":false},"excerpt":{"rendered":"Vilk\u00e5r og betingelser (\"Vilk\u00e5r\") L\u00e6s venligst disse vilk\u00e5r og betingelser (\"Vilk\u00e5r\", \"Vilk\u00e5r og betingelser\") omhyggeligt, f\u00f8r du bruger webstedet https:\/\/teamdeck.io (\"Tjenesten\"), der drives af Teamdeck sp. z o.o. (\"os\", \"vi\", \"Teamdeck\" eller \"vores\") med hjemsted i ...","protected":false},"author":17,"featured_media":0,"parent":0,"menu_order":0,"comment_status":"closed","ping_status":"closed","template":"","meta":{"footnotes":""},"class_list":["post-2849","page","type-page","status-publish","hentry"],"yoast_head":"<!-- This site is optimized with the Yoast SEO Premium plugin v23.8 (Yoast SEO v24.3) - https:\/\/yoast.com\/wordpress\/plugins\/seo\/ -->\n<title>Teamdeck - Terms and Conditions<\/title>\n<meta name=\"description\" content=\"If you are Teamdeck\u2019s new user, please read the following Terms and Conditions carefully. By accessing or using the Service you agree to these Terms.\" \/>\n<meta name=\"robots\" content=\"index, follow, max-snippet:-1, max-image-preview:large, max-video-preview:-1\" \/>\n<link rel=\"canonical\" href=\"https:\/\/teamdeck.io\/da\/vilkar-og-betingelser\/\" \/>\n<meta property=\"og:locale\" content=\"da_DK\" \/>\n<meta property=\"og:type\" content=\"article\" \/>\n<meta property=\"og:title\" content=\"Teamdeck - Terms and Conditions\" \/>\n<meta property=\"og:description\" content=\"If you are Teamdeck\u2019s new user, please read the following Terms and Conditions carefully. By accessing or using the Service you agree to these Terms.\" \/>\n<meta property=\"og:url\" content=\"https:\/\/teamdeck.io\/da\/vilkar-og-betingelser\/\" \/>\n<meta property=\"og:site_name\" content=\"Teamdeck\" \/>\n<meta property=\"article:publisher\" content=\"https:\/\/www.facebook.com\/helloteamdeck\" \/>\n<meta property=\"article:modified_time\" content=\"2024-10-17T08:30:32+00:00\" \/>\n<meta property=\"og:image\" content=\"https:\/\/cdn.teamdeck.io\/uploads\/website\/2017\/09\/teamdeck-share.png\" \/>\n<meta name=\"twitter:card\" content=\"summary_large_image\" \/>\n<meta name=\"twitter:title\" content=\"Teamdeck - Terms and Conditions\" \/>\n<meta name=\"twitter:description\" content=\"If you are Teamdeck\u2019s new user, please read the following Terms and Conditions carefully. By accessing or using the Service you agree to these Terms.\" \/>\n<meta name=\"twitter:image\" content=\"https:\/\/cdn.teamdeck.io\/uploads\/website\/2017\/09\/teamdeck-share.png\" \/>\n<meta name=\"twitter:site\" content=\"@helloteamdeck\" \/>\n<meta name=\"twitter:label1\" content=\"Est. reading time\" \/>\n\t<meta name=\"twitter:data1\" content=\"9 minutes\" \/>\n<script type=\"application\/ld+json\" class=\"yoast-schema-graph\">{\"@context\":\"https:\/\/schema.org\",\"@graph\":[{\"@type\":\"WebPage\",\"@id\":\"https:\/\/teamdeck.io\/terms-and-conditions\/\",\"url\":\"https:\/\/teamdeck.io\/terms-and-conditions\/\",\"name\":\"Teamdeck - Terms and Conditions\",\"isPartOf\":{\"@id\":\"https:\/\/teamdeck.io\/#website\"},\"datePublished\":\"2017-09-07T09:34:10+00:00\",\"dateModified\":\"2024-10-17T08:30:32+00:00\",\"description\":\"If you are Teamdeck\u2019s new user, please read the following Terms and Conditions carefully. By accessing or using the Service you agree to these Terms.\",\"breadcrumb\":{\"@id\":\"https:\/\/teamdeck.io\/terms-and-conditions\/#breadcrumb\"},\"inLanguage\":\"da-DK\",\"potentialAction\":[{\"@type\":\"ReadAction\",\"target\":[\"https:\/\/teamdeck.io\/terms-and-conditions\/\"]}]},{\"@type\":\"BreadcrumbList\",\"@id\":\"https:\/\/teamdeck.io\/terms-and-conditions\/#breadcrumb\",\"itemListElement\":[{\"@type\":\"ListItem\",\"position\":1,\"name\":\"Home\",\"item\":\"https:\/\/teamdeck.io\/\"},{\"@type\":\"ListItem\",\"position\":2,\"name\":\"Terms and Conditions\"}]},{\"@type\":\"WebSite\",\"@id\":\"https:\/\/teamdeck.io\/#website\",\"url\":\"https:\/\/teamdeck.io\/\",\"name\":\"Teamdeck\",\"description\":\"resource scheduling + time tracking + leave management\",\"potentialAction\":[{\"@type\":\"SearchAction\",\"target\":{\"@type\":\"EntryPoint\",\"urlTemplate\":\"https:\/\/teamdeck.io\/?s={search_term_string}\"},\"query-input\":{\"@type\":\"PropertyValueSpecification\",\"valueRequired\":true,\"valueName\":\"search_term_string\"}}],\"inLanguage\":\"da-DK\"}]}<\/script>\n<!-- \/ Yoast SEO Premium plugin. -->","yoast_head_json":{"title":"Teamdeck - Terms and Conditions","description":"If you are Teamdeck\u2019s new user, please read the following Terms and Conditions carefully. By accessing or using the Service you agree to these Terms.","robots":{"index":"index","follow":"follow","max-snippet":"max-snippet:-1","max-image-preview":"max-image-preview:large","max-video-preview":"max-video-preview:-1"},"canonical":"https:\/\/teamdeck.io\/da\/vilkar-og-betingelser\/","og_locale":"da_DK","og_type":"article","og_title":"Teamdeck - Terms and Conditions","og_description":"If you are Teamdeck\u2019s new user, please read the following Terms and Conditions carefully. By accessing or using the Service you agree to these Terms.","og_url":"https:\/\/teamdeck.io\/da\/vilkar-og-betingelser\/","og_site_name":"Teamdeck","article_publisher":"https:\/\/www.facebook.com\/helloteamdeck","article_modified_time":"2024-10-17T08:30:32+00:00","og_image":[{"url":"https:\/\/cdn.teamdeck.io\/uploads\/website\/2017\/09\/teamdeck-share.png","type":"","width":"","height":""}],"twitter_card":"summary_large_image","twitter_title":"Teamdeck - Terms and Conditions","twitter_description":"If you are Teamdeck\u2019s new user, please read the following Terms and Conditions carefully. By accessing or using the Service you agree to these Terms.","twitter_image":"https:\/\/cdn.teamdeck.io\/uploads\/website\/2017\/09\/teamdeck-share.png","twitter_site":"@helloteamdeck","twitter_misc":{"Est. reading time":"9 minutes"},"schema":{"@context":"https:\/\/schema.org","@graph":[{"@type":"WebPage","@id":"https:\/\/teamdeck.io\/terms-and-conditions\/","url":"https:\/\/teamdeck.io\/terms-and-conditions\/","name":"Teamdeck - Terms and Conditions","isPartOf":{"@id":"https:\/\/teamdeck.io\/#website"},"datePublished":"2017-09-07T09:34:10+00:00","dateModified":"2024-10-17T08:30:32+00:00","description":"If you are Teamdeck\u2019s new user, please read the following Terms and Conditions carefully. By accessing or using the Service you agree to these Terms.","breadcrumb":{"@id":"https:\/\/teamdeck.io\/terms-and-conditions\/#breadcrumb"},"inLanguage":"da-DK","potentialAction":[{"@type":"ReadAction","target":["https:\/\/teamdeck.io\/terms-and-conditions\/"]}]},{"@type":"BreadcrumbList","@id":"https:\/\/teamdeck.io\/terms-and-conditions\/#breadcrumb","itemListElement":[{"@type":"ListItem","position":1,"name":"Home","item":"https:\/\/teamdeck.io\/"},{"@type":"ListItem","position":2,"name":"Terms and Conditions"}]},{"@type":"WebSite","@id":"https:\/\/teamdeck.io\/#website","url":"https:\/\/teamdeck.io\/","name":"Teamdeck","description":"resource scheduling + time tracking + leave management","potentialAction":[{"@type":"SearchAction","target":{"@type":"EntryPoint","urlTemplate":"https:\/\/teamdeck.io\/?s={search_term_string}"},"query-input":{"@type":"PropertyValueSpecification","valueRequired":true,"valueName":"search_term_string"}}],"inLanguage":"da-DK"}]}},"_links":{"self":[{"href":"https:\/\/teamdeck.io\/da\/wp-json\/wp\/v2\/pages\/2849","targetHints":{"allow":["GET"]}}],"collection":[{"href":"https:\/\/teamdeck.io\/da\/wp-json\/wp\/v2\/pages"}],"about":[{"href":"https:\/\/teamdeck.io\/da\/wp-json\/wp\/v2\/types\/page"}],"author":[{"embeddable":true,"href":"https:\/\/teamdeck.io\/da\/wp-json\/wp\/v2\/users\/17"}],"replies":[{"embeddable":true,"href":"https:\/\/teamdeck.io\/da\/wp-json\/wp\/v2\/comments?post=2849"}],"version-history":[{"count":7,"href":"https:\/\/teamdeck.io\/da\/wp-json\/wp\/v2\/pages\/2849\/revisions"}],"predecessor-version":[{"id":13398,"href":"https:\/\/teamdeck.io\/da\/wp-json\/wp\/v2\/pages\/2849\/revisions\/13398"}],"wp:attachment":[{"href":"https:\/\/teamdeck.io\/da\/wp-json\/wp\/v2\/media?parent=2849"}],"curies":[{"name":"wp","href":"https:\/\/api.w.org\/{rel}","templated":true}]}}