{"id":3306,"date":"2017-09-25T13:30:56","date_gmt":"2017-09-25T11:30:56","guid":{"rendered":"https:\/\/teamdeck.io\/?page_id=3306"},"modified":"2018-05-24T09:48:30","modified_gmt":"2018-05-24T07:48:30","slug":"funding-programme","status":"publish","type":"page","link":"https:\/\/teamdeck.io\/ar\/\u0628\u0631\u0646\u0627\u0645\u062c-\u0627\u0644\u062a\u0645\u0648\u064a\u0644\/","title":{"rendered":"\u0628\u0631\u0646\u0627\u0645\u062c \u0627\u0644\u062a\u0645\u0648\u064a\u0644"},"content":{"rendered":"<p style=\"text-align: center;\"><strong>\u0628\u0631\u0646\u0627\u0645\u062c operacyjny<\/strong><\/p>\n<p style=\"text-align: center;\"><strong>\u0625\u0646\u062a\u0644\u064a\u062c\u0646\u062a\u0646\u064a \u0631\u0648\u0632\u0641\u0648\u062c<\/strong><\/p>\n<h1 style=\"text-align: center;\"><\/h1>\n<p style=\"text-align: center;\"><em><strong>3 \u0645\u0646 \u0642\u0628\u0644\u0646\u0627 3 \u0645\u0646 \u0642\u0628\u0644\u0646\u0627 \u0641\u064a \u0627\u0644\u0648\u0642\u062a \u0627\u0644\u062d\u0627\u0644\u064a<\/strong><\/em><\/p>\n<p style=\"text-align: center;\"><em><strong>3.3 \u062a\u0631\u0648\u064a\u062c\u064a\u0629 \u0623\u0648 \u062a\u0631\u0648\u064a\u062c\u064a\u0629 \u062f\u0648\u0644\u064a\u0629 \u0641\u064a \u0645\u062c\u0627\u0644 \u0627\u0644\u0639\u0644\u0648\u0645 \u0648\u0627\u0644\u062a\u0643\u0646\u0648\u0644\u0648\u062c\u064a\u0627<\/strong><\/em><\/p>\n<p style=\"text-align: center;\"><em><strong>podddzia\u0142anie 3.3.3 Wsparcie M\u015aP w promocci marek produktowych - \u0627\u0630\u0647\u0628 \u0625\u0644\u0649 \u0627\u0644\u0639\u0644\u0627\u0645\u0629 \u0627\u0644\u062a\u062c\u0627\u0631\u064a\u0629<\/strong><\/em><\/p>\n<p style=\"text-align: center;\"><em><strong>\"Promocja Marki produkktowej \u0634\u0631\u0643\u0629 Teamdeck Sp. z o.o. poprzez \u062a\u062d\u0642\u064a\u0642 \u0628\u0631\u0646\u0627\u0645\u062c \u062a\u0631\u0648\u064a\u062c\u064a \u0644\u062a\u0643\u0646\u0648\u0644\u0648\u062c\u064a\u0627 \u0627\u0644\u0645\u0639\u0644\u0648\u0645\u0627\u062a \u0648\u0627\u0644\u0627\u062a\u0635\u0627\u0644\u0627\u062a\"<\/strong><\/em><\/p>\n<h1 style=\"text-align: center;\"><\/h1>\n<p><span style=\"font-weight: 400;\">\u0645\u0634\u0631\u0648\u0639 \u0643\u0631\u0648\u062a\u0643\u064a \u0623\u0648\u0628\u064a\u0633 \u0628\u0631\u0648\u062c\u0643\u062a\u0648:<\/span><\/p>\n<p><span style=\"font-weight: 400;\">\u064a\u062a\u0645 \u062a\u0646\u0641\u064a\u0630 \u0627\u0644\u0645\u0634\u0631\u0648\u0639 \u0645\u0646 \u062e\u0644\u0627\u0644 \u0634\u0631\u0643\u0629 Teamdeck Sp. o.o. \u0627\u0644\u062a\u064a \u062a\u0639\u0645\u0644 \u0641\u064a \u0645\u062c\u0627\u0644 \u0627\u0644\u062a\u0631\u0648\u064a\u062c \u0644\u0644\u0628\u0631\u0646\u0627\u0645\u062c \u0627\u0644\u062a\u0631\u0648\u064a\u062c\u064a<\/span><\/p>\n<p><span style=\"font-weight: 400;\">\u0628\u0631\u0646\u0627\u062c \u062a\u0643\u0646\u0648\u0644\u0648\u062c\u064a\u0627 \u0627\u0644\u0645\u0639\u0644\u0648\u0645\u0627\u062a \u0648\u062a\u0643\u0646\u0648\u0644\u0648\u062c\u064a\u0627 \u0627\u0644\u0645\u0639\u0644\u0648\u0645\u0627\u062a \u0648\u0627\u0644\u0627\u062a\u0635\u0627\u0644\u0627\u062a \u0641\u064a \u0645\u062c\u0627\u0644 \u062a\u0643\u0646\u0648\u0644\u0648\u062c\u064a\u0627 \u0627\u0644\u0645\u0639\u0644\u0648\u0645\u0627\u062a \u0648\u0627\u0644\u0627\u062a\u0635\u0627\u0644\u0627\u062a \u0641\u064a \u0625\u0637\u0627\u0631 \u0627\u0644\u062a\u0631\u0648\u064a\u062c \u0644\u0628\u0631\u0627\u0645\u062c \u062a\u0643\u0646\u0648\u0644\u0648\u062c\u064a\u0627 \u0627\u0644\u0645\u0639\u0644\u0648\u0645\u0627\u062a \u0648\u0627\u0644\u0627\u062a\u0635\u0627\u0644\u0627\u062a. \u0628\u0631\u0646\u0627\u0645\u062c \u062a\u0643\u0646\u0648\u0644\u0648\u062c\u064a\u0627 \u0627\u0644\u0645\u0639\u0644\u0648\u0645\u0627\u062a \u0648\u062a\u0643\u0646\u0648\u0644\u0648\u062c\u064a\u0627 \u0627\u0644\u0645\u0639\u0644\u0648\u0645\u0627\u062a \u0648\u0627\u0644\u0627\u062a\u0635\u0627\u0644\u0627\u062a \u0641\u064a \u0645\u062c\u0627\u0644 \u062a\u0643\u0646\u0648\u0644\u0648\u062c\u064a\u0627 \u0627\u0644\u0645\u0639\u0644\u0648\u0645\u0627\u062a \u0648\u0627\u0644\u0627\u062a\u0635\u0627\u0644\u0627\u062a<\/span><\/p>\n<p><span style=\"font-weight: 400;\">Promococji b\u0119d\u0105 prowadzone na pozaunijnym rynkku perspektywicznym - w Stanach Zjednoczonych Ameryki P\u00f3\u0142nocnej (\u0627\u0644\u0648\u0644\u0627\u064a\u0627\u062a \u0627\u0644\u0645\u062a\u062d\u062f\u0629 \u0627\u0644\u0623\u0645\u0631\u064a\u0643\u064a\u0629).<\/span><\/p>\n<p><span style=\"font-weight: 400;\">\u0641\u064a \u0625\u0637\u0627\u0631 \u0645\u0634\u0631\u0648\u0639\u0646\u0627 \u0647\u0630\u0627\u060c \u0646\u062e\u0637\u0637 \u0644\u062a\u062d\u0642\u064a\u0642 \u0623\u0647\u062f\u0627\u0641\u0646\u0627 \u0641\u064a \u0645\u062c\u0627\u0644 \u0627\u0644\u0637\u0627\u0642\u0629 \u0627\u0644\u0645\u062a\u062c\u062f\u062f\u0629:<\/span><\/p>\n<ul>\n<li><span style=\"font-weight: 400;\">uczestnictwem w targach bran\u017cowych w charakterze wystawcy,<\/span><\/li>\n<li><span style=\"font-weight: 400;\">zakupem us\u0142ugi doradczej w zakresie przygotowania wej\u015bcia na rynek ameryka\u0144ski,<\/span><\/li>\n<li><span style=\"font-weight: 400;\">zakupem us\u0142ugi szkoleniowej w zakresie umi\u0119dzynarodowienia sp\u00f3\u0142ki,<\/span><\/li>\n<li><span style=\"font-weight: 400;\">Organisationacacj\u0105 indywidualnej misji gospodarczej do USA,<\/span><\/li>\n<li><span style=\"font-weight: 400;\">realizacacj\u0105 dzia\u0142a\u0144 informacyjno-promocyjnych.<\/span><\/li>\n<\/ul>\n<h1 style=\"text-align: center;\"><\/h1>\n<p><span style=\"font-weight: 400;\">\u0633\u064a\u0644\u064a \u0628\u0631\u0648\u062c\u0643\u062a\u0648<\/span><\/p>\n<p><span style=\"font-weight: 400;\">\u0625\u0646 \u062a\u0646\u0641\u064a\u0630 \u0627\u0644\u0645\u0634\u0631\u0648\u0639 \u064a\u0633\u062a\u063a\u0631\u0642 \u0648\u0642\u062a\u064b\u0627 \u0637\u0648\u064a\u0644\u0627\u064b \u0645\u0646 \u0623\u062c\u0644 \u062a\u062d\u0642\u064a\u0642 \u0623\u0647\u062f\u0627\u0641 \u0627\u0644\u0645\u0634\u0631\u0648\u0639 \u0623\u0648 \u062d\u062a\u0649 \u062a\u0646\u0641\u064a\u0630 \u0645\u0634\u0631\u0648\u0639 \u0634\u0631\u0643\u0629 Teamdeck \u0641\u064a \u0645\u062c\u0627\u0644 \u062a\u0643\u0646\u0648\u0644\u0648\u062c\u064a\u0627 \u0627\u0644\u0645\u0639\u0644\u0648\u0645\u0627\u062a \u0648\u0627\u0644\u0627\u062a\u0635\u0627\u0644\u0627\u062a. \u064a\u0645\u0643\u0646 \u0623\u0646 \u064a\u062a\u0645 \u0630\u0644\u0643 \u0641\u064a \u0625\u0637\u0627\u0631 \u0645\u0634\u0631\u0648\u0639 \u0627\u0644\u0642\u0627\u0646\u0648\u0646 \u0631\u0642\u0645 3.3.3POIR\u060c \u062d\u064a\u062b \u0633\u064a\u062a\u0645 \u0627\u0644\u0639\u0645\u0644 \u0639\u0644\u0649 \u062a\u0639\u0632\u064a\u0632 \u0627\u0644\u062a\u0639\u0627\u0648\u0646 \u0627\u0644\u062f\u0648\u0644\u064a \u0641\u064a \u0645\u062c\u0627\u0644 \u062a\u0643\u0646\u0648\u0644\u0648\u062c\u064a\u0627 \u0627\u0644\u0645\u0639\u0644\u0648\u0645\u0627\u062a \u0648\u0627\u0644\u0627\u062a\u0635\u0627\u0644\u0627\u062a \u0648\u062a\u0643\u0646\u0648\u0644\u0648\u062c\u064a\u0627 \u0627\u0644\u0645\u0639\u0644\u0648\u0645\u0627\u062a \u0648\u0627\u0644\u0627\u062a\u0635\u0627\u0644\u0627\u062a \u0641\u064a \u0625\u0637\u0627\u0631 \u0628\u0631\u0646\u0627\u0645\u062c \u062a\u0637\u0648\u064a\u0631 \u0627\u0644\u0628\u0631\u0645\u062c\u064a\u0627\u062a \u0648\u062a\u0643\u0646\u0648\u0644\u0648\u062c\u064a\u0627 \u0627\u0644\u0645\u0639\u0644\u0648\u0645\u0627\u062a \u0648\u0627\u0644\u0627\u062a\u0635\u0627\u0644\u0627\u062a. 3.3.3POIR.<\/span><\/p>\n<p><span style=\"font-weight: 400;\">\u062a\u062d\u0642\u064a\u0642 \u0646\u062a\u0627\u0626\u062c \u0645\u0644\u0645\u0648\u0633\u0629 \u0639\u0644\u0649 \u0623\u0631\u0636 \u0627\u0644\u0648\u0627\u0642\u0639:<\/span><\/p>\n<ul>\n<li><span style=\"font-weight: 400;\">Liczba podpisanych zagr. kontrakt\u00f3w handlowych - 94,<\/span><\/li>\n<li><span style=\"font-weight: 400;\">\u0634\u0631\u0643\u0629 Przychody ze sprzeda\u017cy produkt\u00f3w na eksport - 21 \u0645\u0644\u064a\u0648\u0646 \u0632,<\/span><\/li>\n<li><span style=\"font-weight: 400;\">\u0645\u0634\u0631\u0648\u0639 \u0625\u0646\u062a\u0627\u062c \u0627\u0644\u0631\u064a\u0627\u0636\u0629 \u0627\u0644\u0625\u0644\u0643\u062a\u0631\u0648\u0646\u064a\u0629 - 2 \u0645\u0644\u064a\u0648\u0646 \u062f\u0648\u0644\u0627\u0631 \u0623\u0645\u0631\u064a\u0643\u064a - 2 \u0645\u0644\u064a\u0648\u0646 \u062f\u0648\u0644\u0627\u0631 \u0623\u0645\u0631\u064a\u0643\u064a.<\/span><\/li>\n<\/ul>\n<p><span style=\"font-weight: 400;\">\u064a\u0645\u0643\u0646 \u0644\u0644\u0639\u0645\u0644\u0627\u0621 \u0645\u0646 \u062e\u0644\u0627\u0644 \u0647\u0630\u0627 \u0627\u0644\u0645\u0634\u0631\u0648\u0639 \u0623\u0646 \u064a\u062a\u0648\u0627\u0635\u0644\u0648\u0627 \u0645\u0639 \u0634\u0631\u0643\u0627\u0626\u0647\u0645 \u0641\u064a \u0627\u0644\u0645\u0646\u0627\u0637\u0642 \u0627\u0644\u062a\u064a \u064a\u0639\u0645\u0644\u0648\u0646 \u0628\u0647\u0627. \u0648\u064a\u0645\u0643\u0646\u0643 \u0645\u0646 \u062e\u0644\u0627\u0644 \u0647\u0630\u0647 \u0627\u0644\u0639\u0645\u0644\u064a\u0629 \u0627\u0644\u062a\u0648\u0627\u0635\u0644 \u0645\u0639 \u0627\u0644\u0634\u0631\u0643\u0627\u0621 \u0641\u064a \u0645\u0634\u0627\u0631\u064a\u0639\u0646\u0627 \u0645\u0646 \u062e\u0644\u0627\u0644 \u0627\u0644\u062a\u0648\u0627\u0635\u0644 \u0645\u0639 \u0627\u0644\u0634\u0631\u0643\u0627\u0621 \u0641\u064a \u0645\u062c\u0627\u0644\u0627\u062a \u0623\u062e\u0631\u0649. \u064a\u0645\u0643\u0646 \u0623\u0646 \u064a\u0624\u062f\u064a \u062a\u062d\u0642\u064a\u0642 \u0627\u0644\u0645\u0634\u0631\u0648\u0639 \u0625\u0644\u0649 \u062a\u062d\u0642\u064a\u0642 \u0623\u0647\u062f\u0627\u0641 \u0627\u0644\u0645\u0634\u0631\u0648\u0639 \u0645\u0646 \u062e\u0644\u0627\u0644 \u062a\u0648\u0641\u064a\u0631 \u0641\u0631\u0635 \u0639\u0645\u0644 \u0623\u0648 \u062f\u0639\u0645 \u0627\u0644\u0634\u0631\u0643\u0627\u062a \u0641\u064a \u0645\u062c\u0627\u0644 \u0627\u0644\u0637\u0627\u0642\u0629.<\/span><\/p>\n<p><span style=\"font-weight: 400;\">\u0645\u0634\u0631\u0648\u0639 Warto\u015b\u0107 projjektu: <\/span><b>712 380.00 380.00 \u0632\u0644\u0648\u062a\u064a \u0628\u0648\u0644\u0646\u062f\u064a<\/b><\/p>\n<p><span style=\"font-weight: 400;\">Wk\u0142\u0142ad funduszy europejskich: <\/span><b>455 625.00 455 625.00 \u0632\u0644\u0648\u062a\u064a \u0628\u0648\u0644\u0646\u062f\u064a <\/b><\/p>\n<h1 style=\"text-align: center;\"><\/h1>\n<p>&nbsp;<\/p>\n<p><img loading=\"lazy\" decoding=\"async\" class=\"aligncenter wp-image-3804\" src=\"https:\/\/cdn.teamdeck.io\/uploads\/website\/2017\/09\/24180043\/logosy2.png\" alt=\"\" width=\"1045\" height=\"160\" srcset=\"https:\/\/cdn.teamdeck.io\/uploads\/website\/2017\/09\/24180043\/logosy2.png 2090w, https:\/\/cdn.teamdeck.io\/uploads\/website\/2017\/09\/24180043\/logosy2-300x46.png 300w, https:\/\/cdn.teamdeck.io\/uploads\/website\/2017\/09\/24180043\/logosy2-768x118.png 768w, https:\/\/cdn.teamdeck.io\/uploads\/website\/2017\/09\/24180043\/logosy2-960x147.png 960w\" sizes=\"auto, (max-width: 1045px) 100vw, 1045px\" \/><\/p>","protected":false},"excerpt":{"rendered":"PROGRAM OPERACYJNY Inteligentny Rozw\u00f3j o\u015b przw\u00f3j priorytetowa 3 Wsparcie innowaci w przedsi\u0119biorstwach dzia\u0142anie 3.3 Wsparcie promoci oraz internacjonalizalizacji innownownowacyjnych przedsi\u0119biortowyw poddzia\u0142anie 3.3.3 Wsparcie M \u015aP w promocci M \u015aP w promocci m \u015aP w promocci m \u00c9trek produktowych - \u0627\u0630\u0647\u0628 \u0625\u0644\u0649 \u0627\u0644\u0639\u0644\u0627\u0645\u0629 \u0627\u0644\u062a\u062c\u0627\u0631\u064a\u0629 \"Promocja marki produktowej \u0634\u0631\u0643\u0629 Teamdeck Sp...","protected":false},"author":17,"featured_media":0,"parent":0,"menu_order":0,"comment_status":"closed","ping_status":"closed","template":"","meta":{"footnotes":""},"class_list":["post-3306","page","type-page","status-publish","hentry"],"yoast_head":"<!-- This site is optimized with the Yoast SEO Premium plugin v23.8 (Yoast SEO v24.3) - https:\/\/yoast.com\/wordpress\/plugins\/seo\/ -->\n<title>Funding programme - Teamdeck<\/title>\n<meta name=\"robots\" content=\"noindex, follow\" \/>\n<meta property=\"og:locale\" content=\"ar_AR\" \/>\n<meta property=\"og:type\" content=\"article\" \/>\n<meta property=\"og:title\" content=\"Funding programme\" \/>\n<meta property=\"og:description\" content=\"PROGRAM OPERACYJNY Inteligentny Rozw\u00f3j o\u015b priorytetowa 3 Wsparcie innowacji w przedsi\u0119biorstwach dzia\u0142anie 3.3 Wsparcie promocji oraz internacjonalizacji innowacyjnych\u00a0przedsi\u0119biorstw poddzia\u0142anie 3.3.3 Wsparcie M\u015aP w promocji marek produktowych \u2013 Go to Brand \u201cPromocja marki produktowej firmy Teamdeck Sp. z...\" \/>\n<meta property=\"og:url\" content=\"https:\/\/teamdeck.io\/ar\/\u0628\u0631\u0646\u0627\u0645\u062c-\u0627\u0644\u062a\u0645\u0648\u064a\u0644\/\" \/>\n<meta property=\"og:site_name\" content=\"Teamdeck\" \/>\n<meta property=\"article:publisher\" content=\"https:\/\/www.facebook.com\/helloteamdeck\" \/>\n<meta property=\"article:modified_time\" content=\"2018-05-24T07:48:30+00:00\" \/>\n<meta property=\"og:image\" content=\"https:\/\/teamdeck.io\/wp-content\/uploads\/2017\/09\/logosy2.png\" \/>\n<meta name=\"twitter:card\" content=\"summary_large_image\" \/>\n<meta name=\"twitter:site\" content=\"@helloteamdeck\" \/>\n<meta name=\"twitter:label1\" content=\"Est. reading time\" \/>\n\t<meta name=\"twitter:data1\" content=\"2 minutes\" \/>\n<script type=\"application\/ld+json\" class=\"yoast-schema-graph\">{\"@context\":\"https:\/\/schema.org\",\"@graph\":[{\"@type\":\"WebPage\",\"@id\":\"https:\/\/teamdeck.io\/funding-programme\/\",\"url\":\"https:\/\/teamdeck.io\/funding-programme\/\",\"name\":\"Funding programme - Teamdeck\",\"isPartOf\":{\"@id\":\"https:\/\/teamdeck.io\/#website\"},\"primaryImageOfPage\":{\"@id\":\"https:\/\/teamdeck.io\/funding-programme\/#primaryimage\"},\"image\":{\"@id\":\"https:\/\/teamdeck.io\/funding-programme\/#primaryimage\"},\"thumbnailUrl\":\"https:\/\/teamdeck.io\/wp-content\/uploads\/2017\/09\/logosy2.png\",\"datePublished\":\"2017-09-25T11:30:56+00:00\",\"dateModified\":\"2018-05-24T07:48:30+00:00\",\"breadcrumb\":{\"@id\":\"https:\/\/teamdeck.io\/funding-programme\/#breadcrumb\"},\"inLanguage\":\"ar\",\"potentialAction\":[{\"@type\":\"ReadAction\",\"target\":[\"https:\/\/teamdeck.io\/funding-programme\/\"]}]},{\"@type\":\"ImageObject\",\"inLanguage\":\"ar\",\"@id\":\"https:\/\/teamdeck.io\/funding-programme\/#primaryimage\",\"url\":\"https:\/\/teamdeck.io\/wp-content\/uploads\/2017\/09\/logosy2.png\",\"contentUrl\":\"https:\/\/teamdeck.io\/wp-content\/uploads\/2017\/09\/logosy2.png\"},{\"@type\":\"BreadcrumbList\",\"@id\":\"https:\/\/teamdeck.io\/funding-programme\/#breadcrumb\",\"itemListElement\":[{\"@type\":\"ListItem\",\"position\":1,\"name\":\"Home\",\"item\":\"https:\/\/teamdeck.io\/\"},{\"@type\":\"ListItem\",\"position\":2,\"name\":\"Funding programme\"}]},{\"@type\":\"WebSite\",\"@id\":\"https:\/\/teamdeck.io\/#website\",\"url\":\"https:\/\/teamdeck.io\/\",\"name\":\"Teamdeck\",\"description\":\"resource scheduling + time tracking + leave management\",\"potentialAction\":[{\"@type\":\"SearchAction\",\"target\":{\"@type\":\"EntryPoint\",\"urlTemplate\":\"https:\/\/teamdeck.io\/?s={search_term_string}\"},\"query-input\":{\"@type\":\"PropertyValueSpecification\",\"valueRequired\":true,\"valueName\":\"search_term_string\"}}],\"inLanguage\":\"ar\"}]}<\/script>\n<!-- \/ Yoast SEO Premium plugin. -->","yoast_head_json":{"title":"Funding programme - Teamdeck","robots":{"index":"noindex","follow":"follow"},"og_locale":"ar_AR","og_type":"article","og_title":"Funding programme","og_description":"PROGRAM OPERACYJNY Inteligentny Rozw\u00f3j o\u015b priorytetowa 3 Wsparcie innowacji w przedsi\u0119biorstwach dzia\u0142anie 3.3 Wsparcie promocji oraz internacjonalizacji innowacyjnych\u00a0przedsi\u0119biorstw poddzia\u0142anie 3.3.3 Wsparcie M\u015aP w promocji marek produktowych \u2013 Go to Brand \u201cPromocja marki produktowej firmy Teamdeck Sp. z...","og_url":"https:\/\/teamdeck.io\/ar\/\u0628\u0631\u0646\u0627\u0645\u062c-\u0627\u0644\u062a\u0645\u0648\u064a\u0644\/","og_site_name":"Teamdeck","article_publisher":"https:\/\/www.facebook.com\/helloteamdeck","article_modified_time":"2018-05-24T07:48:30+00:00","og_image":[{"url":"https:\/\/teamdeck.io\/wp-content\/uploads\/2017\/09\/logosy2.png","type":"","width":"","height":""}],"twitter_card":"summary_large_image","twitter_site":"@helloteamdeck","twitter_misc":{"Est. reading time":"2 minutes"},"schema":{"@context":"https:\/\/schema.org","@graph":[{"@type":"WebPage","@id":"https:\/\/teamdeck.io\/funding-programme\/","url":"https:\/\/teamdeck.io\/funding-programme\/","name":"Funding programme - Teamdeck","isPartOf":{"@id":"https:\/\/teamdeck.io\/#website"},"primaryImageOfPage":{"@id":"https:\/\/teamdeck.io\/funding-programme\/#primaryimage"},"image":{"@id":"https:\/\/teamdeck.io\/funding-programme\/#primaryimage"},"thumbnailUrl":"https:\/\/teamdeck.io\/wp-content\/uploads\/2017\/09\/logosy2.png","datePublished":"2017-09-25T11:30:56+00:00","dateModified":"2018-05-24T07:48:30+00:00","breadcrumb":{"@id":"https:\/\/teamdeck.io\/funding-programme\/#breadcrumb"},"inLanguage":"ar","potentialAction":[{"@type":"ReadAction","target":["https:\/\/teamdeck.io\/funding-programme\/"]}]},{"@type":"ImageObject","inLanguage":"ar","@id":"https:\/\/teamdeck.io\/funding-programme\/#primaryimage","url":"https:\/\/teamdeck.io\/wp-content\/uploads\/2017\/09\/logosy2.png","contentUrl":"https:\/\/teamdeck.io\/wp-content\/uploads\/2017\/09\/logosy2.png"},{"@type":"BreadcrumbList","@id":"https:\/\/teamdeck.io\/funding-programme\/#breadcrumb","itemListElement":[{"@type":"ListItem","position":1,"name":"Home","item":"https:\/\/teamdeck.io\/"},{"@type":"ListItem","position":2,"name":"Funding programme"}]},{"@type":"WebSite","@id":"https:\/\/teamdeck.io\/#website","url":"https:\/\/teamdeck.io\/","name":"Teamdeck","description":"resource scheduling + time tracking + leave management","potentialAction":[{"@type":"SearchAction","target":{"@type":"EntryPoint","urlTemplate":"https:\/\/teamdeck.io\/?s={search_term_string}"},"query-input":{"@type":"PropertyValueSpecification","valueRequired":true,"valueName":"search_term_string"}}],"inLanguage":"ar"}]}},"_links":{"self":[{"href":"https:\/\/teamdeck.io\/ar\/wp-json\/wp\/v2\/pages\/3306","targetHints":{"allow":["GET"]}}],"collection":[{"href":"https:\/\/teamdeck.io\/ar\/wp-json\/wp\/v2\/pages"}],"about":[{"href":"https:\/\/teamdeck.io\/ar\/wp-json\/wp\/v2\/types\/page"}],"author":[{"embeddable":true,"href":"https:\/\/teamdeck.io\/ar\/wp-json\/wp\/v2\/users\/17"}],"replies":[{"embeddable":true,"href":"https:\/\/teamdeck.io\/ar\/wp-json\/wp\/v2\/comments?post=3306"}],"version-history":[{"count":10,"href":"https:\/\/teamdeck.io\/ar\/wp-json\/wp\/v2\/pages\/3306\/revisions"}],"predecessor-version":[{"id":3806,"href":"https:\/\/teamdeck.io\/ar\/wp-json\/wp\/v2\/pages\/3306\/revisions\/3806"}],"wp:attachment":[{"href":"https:\/\/teamdeck.io\/ar\/wp-json\/wp\/v2\/media?parent=3306"}],"curies":[{"name":"wp","href":"https:\/\/api.w.org\/{rel}","templated":true}]}}